{"id":177126,"date":"2021-09-15T12:22:07","date_gmt":"2021-09-15T10:22:07","guid":{"rendered":"https:\/\/miomiorun.com\/prodotto\/adv-essence-wind-jacket-uomo\/"},"modified":"2026-05-08T21:06:21","modified_gmt":"2026-05-08T19:06:21","slug":"adv-essence-wind-jacket-herren","status":"publish","type":"product","link":"https:\/\/www.miomiorun.com\/de\/produkt\/adv-essence-wind-jacket-herren\/","title":{"rendered":"ADV Essence Wind Jacket herren"},"content":{"rendered":"<p>Die<strong> ADV Essence Wind Jacket<\/strong> f\u00fcr Herren ist eine vielseitige Trainingsjacke, die f\u00fcr intensives Training, Laufen und \u00e4hnliche Aktivit\u00e4ten entwickelt wurde. Die Jacke besteht aus leichtem, winddichtem und wasserabweisendem Recycling-Polyester, das f\u00fcr einen effizienten Feuchtigkeitstransport sorgt und mit Perforationen auf der Brust und unter den \u00c4rmeln f\u00fcr eine bessere Bel\u00fcftung sorgt.<\/p>\n<p>Eine ausgezeichnete Wahl f\u00fcr intensives Training, Laufen und \u00e4hnliche Aktivit\u00e4ten. Der Windbreaker aus umweltfreundlichem Material besteht aus recyceltem Polyester und ist Teil unseres Bestrebens, den Anteil nachhaltiger Materialien in unseren Produkten zu erh\u00f6hen und unser Ziel zu erreichen, die volle Verantwortung f\u00fcr die gesamte Wertsch\u00f6pfungskette zu \u00fcbernehmen. Recyceltes Polyester ist nicht nur umweltfreundlich, sondern bietet auch einen hervorragenden Feuchtigkeitstransport und eine hervorragende Bel\u00fcftung.<\/p>\n<p>&nbsp;<\/p>\n<p><strong>Eigenschaften:<\/strong><\/p>\n<ul>\n<li>Winddichtes und wasserabweisendes Gewebe aus recyceltem Polyester.<\/li>\n<li>Perforationen auf der Brust und unter den \u00c4rmeln.<\/li>\n<li>Verstellbarer Kordelzug an Taille und Saum.<\/li>\n<li>Zwei Seitentaschen mit Rei\u00dfverschluss.<\/li>\n<li>Normale Passform.<\/li>\n<\/ul>\n<p><strong>Material:<\/strong> 60 % Polyester &#8211; 40 % recyceltes Polyester.<\/p>\n<p>&nbsp;<\/p>\n<p dir=\"ltr\" data-placeholder=\"Traduzione\">\n","protected":false},"excerpt":{"rendered":"<p>Die ADV Essence Wind Jacket f\u00fcr Herren ist eine vielseitige Trainingsjacke, die f\u00fcr intensives Training, Laufen und \u00e4hnliche Aktivit\u00e4ten entwickelt wurde. Die Jacke besteht aus leichtem, winddichtem und wasserabweisendem Recycling-Polyester, das f\u00fcr einen effizienten Feuchtigkeitstransport sorgt und mit Perforationen auf der Brust und unter den \u00c4rmeln f\u00fcr eine bessere Bel\u00fcftung sorgt. Eine ausgezeichnete Wahl f\u00fcr &hellip; <a href=\"https:\/\/www.miomiorun.com\/de\/produkt\/adv-essence-wind-jacket-herren\/\">Continued<\/a><\/p>\n","protected":false},"featured_media":57950,"template":"","meta":{"_acf_changed":false,"inline_featured_image":false},"product_brand":[],"product_cat":[6515,6512],"product_tag":[6304,6234],"class_list":{"0":"post-177126","1":"product","2":"type-product","3":"status-publish","4":"has-post-thumbnail","6":"product_cat-herren-de","7":"product_cat-jacken","8":"product_tag-craft-de","9":"product_tag-craft-herren-de","10":"pa_attivita-gehen","11":"pa_attivita-running-de","12":"pa_colore-adv-essence-wind-jacket-m-black-de","13":"pa_colore-adv-essence-wind-jacket-m-flumino-de","14":"pa_colore-adv-essence-wind-jacket-m-plaster-slat-de","15":"pa_colore-adv-essence-wind-jacket-multi-de","16":"pa_marca-craft-de","17":"pa_sesso-herren","18":"pa_size-small-de","19":"pa_size-medium-de","20":"pa_size-large-de","22":"first","23":"instock","24":"sale","25":"taxable","26":"shipping-taxable","27":"purchasable","28":"product-type-variable","29":"wvs-archive-product-wrapper"},"acf":[],"yoast_head":"<!-- This site is optimized with the Yoast SEO plugin v26.8 - https:\/\/yoast.com\/product\/yoast-seo-wordpress\/ -->\n<title>Craft ADV Essence Wind Jacket herren - Laufjacke - MioMioRun<\/title>\n<meta name=\"description\" content=\"Die ADV Essence Wind Jacket f\u00fcr Herren ist eine vielseitige Trainingsjacke, die f\u00fcr intensives Training, Laufen und \u00e4hnliche Aktivit\u00e4ten entwickelt wurde.\" \/>\n<meta name=\"robots\" content=\"index, follow, max-snippet:-1, max-image-preview:large, max-video-preview:-1\" \/>\n<link rel=\"canonical\" href=\"https:\/\/www.miomiorun.com\/de\/produkt\/adv-essence-wind-jacket-herren\/\" \/>\n<meta property=\"og:locale\" content=\"de_DE\" \/>\n<meta property=\"og:type\" content=\"article\" \/>\n<meta property=\"og:title\" content=\"Craft ADV Essence Wind Jacket herren - Laufjacke - MioMioRun\" \/>\n<meta property=\"og:description\" content=\"Die ADV Essence Wind Jacket f\u00fcr Herren ist eine vielseitige Trainingsjacke, die f\u00fcr intensives Training, Laufen und \u00e4hnliche Aktivit\u00e4ten entwickelt wurde.\" \/>\n<meta property=\"og:url\" content=\"https:\/\/www.miomiorun.com\/de\/produkt\/adv-essence-wind-jacket-herren\/\" \/>\n<meta property=\"og:site_name\" content=\"MioMioRun\" \/>\n<meta property=\"article:publisher\" content=\"https:\/\/www.facebook.com\/miomiorun\/\" \/>\n<meta property=\"article:modified_time\" content=\"2026-05-08T19:06:21+00:00\" \/>\n<meta property=\"og:image\" content=\"https:\/\/www.miomiorun.com\/app\/uploads\/2021\/09\/craft-ADV-essence-wind-jacket-1911443-007600.jpg\" \/>\n\t<meta property=\"og:image:width\" content=\"600\" \/>\n\t<meta property=\"og:image:height\" content=\"600\" \/>\n\t<meta property=\"og:image:type\" content=\"image\/jpeg\" \/>\n<meta name=\"twitter:card\" content=\"summary_large_image\" \/>\n<meta name=\"twitter:label1\" content=\"Est. reading time\" \/>\n\t<meta name=\"twitter:data1\" content=\"1 minute\" \/>\n<script type=\"application\/ld+json\" class=\"yoast-schema-graph\">{\"@context\":\"https:\/\/schema.org\",\"@graph\":[{\"@type\":\"WebPage\",\"@id\":\"https:\/\/www.miomiorun.com\/de\/produkt\/adv-essence-wind-jacket-herren\/\",\"url\":\"https:\/\/www.miomiorun.com\/de\/produkt\/adv-essence-wind-jacket-herren\/\",\"name\":\"Craft ADV Essence Wind Jacket herren - Laufjacke - MioMioRun\",\"isPartOf\":{\"@id\":\"https:\/\/www.miomiorun.com\/de\/#website\"},\"primaryImageOfPage\":{\"@id\":\"https:\/\/www.miomiorun.com\/de\/produkt\/adv-essence-wind-jacket-herren\/#primaryimage\"},\"image\":{\"@id\":\"https:\/\/www.miomiorun.com\/de\/produkt\/adv-essence-wind-jacket-herren\/#primaryimage\"},\"thumbnailUrl\":\"https:\/\/www.miomiorun.com\/app\/uploads\/2021\/09\/craft-ADV-essence-wind-jacket-1911443-007600.jpg\",\"datePublished\":\"2021-09-15T10:22:07+00:00\",\"dateModified\":\"2026-05-08T19:06:21+00:00\",\"description\":\"Die ADV Essence Wind Jacket f\u00fcr Herren ist eine vielseitige Trainingsjacke, die f\u00fcr intensives Training, Laufen und \u00e4hnliche Aktivit\u00e4ten entwickelt wurde.\",\"breadcrumb\":{\"@id\":\"https:\/\/www.miomiorun.com\/de\/produkt\/adv-essence-wind-jacket-herren\/#breadcrumb\"},\"inLanguage\":\"de-DE\",\"potentialAction\":[{\"@type\":\"ReadAction\",\"target\":[\"https:\/\/www.miomiorun.com\/de\/produkt\/adv-essence-wind-jacket-herren\/\"]}]},{\"@type\":\"ImageObject\",\"inLanguage\":\"de-DE\",\"@id\":\"https:\/\/www.miomiorun.com\/de\/produkt\/adv-essence-wind-jacket-herren\/#primaryimage\",\"url\":\"https:\/\/www.miomiorun.com\/app\/uploads\/2021\/09\/craft-ADV-essence-wind-jacket-1911443-007600.jpg\",\"contentUrl\":\"https:\/\/www.miomiorun.com\/app\/uploads\/2021\/09\/craft-ADV-essence-wind-jacket-1911443-007600.jpg\",\"width\":600,\"height\":600,\"caption\":\"craft adv essence wind jacket\"},{\"@type\":\"BreadcrumbList\",\"@id\":\"https:\/\/www.miomiorun.com\/de\/produkt\/adv-essence-wind-jacket-herren\/#breadcrumb\",\"itemListElement\":[{\"@type\":\"ListItem\",\"position\":1,\"name\":\"Home\",\"item\":\"https:\/\/www.miomiorun.com\/de\/\"},{\"@type\":\"ListItem\",\"position\":2,\"name\":\"Shop\",\"item\":\"https:\/\/www.miomiorun.com\/shop\/\"},{\"@type\":\"ListItem\",\"position\":3,\"name\":\"ADV Essence Wind Jacket herren\"}]},{\"@type\":\"WebSite\",\"@id\":\"https:\/\/www.miomiorun.com\/de\/#website\",\"url\":\"https:\/\/www.miomiorun.com\/de\/\",\"name\":\"MioMioRun\",\"description\":\"100% Lauf- und Trailshop\",\"publisher\":{\"@id\":\"https:\/\/www.miomiorun.com\/de\/#organization\"},\"potentialAction\":[{\"@type\":\"SearchAction\",\"target\":{\"@type\":\"EntryPoint\",\"urlTemplate\":\"https:\/\/www.miomiorun.com\/de\/?s={search_term_string}\"},\"query-input\":{\"@type\":\"PropertyValueSpecification\",\"valueRequired\":true,\"valueName\":\"search_term_string\"}}],\"inLanguage\":\"de-DE\"},{\"@type\":\"Organization\",\"@id\":\"https:\/\/www.miomiorun.com\/de\/#organization\",\"name\":\"MioMio Run\",\"url\":\"https:\/\/www.miomiorun.com\/de\/\",\"logo\":{\"@type\":\"ImageObject\",\"inLanguage\":\"de-DE\",\"@id\":\"https:\/\/www.miomiorun.com\/de\/#\/schema\/logo\/image\/\",\"url\":\"https:\/\/www.miomiorun.com\/app\/uploads\/2019\/12\/logomio.png\",\"contentUrl\":\"https:\/\/www.miomiorun.com\/app\/uploads\/2019\/12\/logomio.png\",\"width\":115,\"height\":82,\"caption\":\"MioMio Run\"},\"image\":{\"@id\":\"https:\/\/www.miomiorun.com\/de\/#\/schema\/logo\/image\/\"},\"sameAs\":[\"https:\/\/www.facebook.com\/miomiorun\/\",\"https:\/\/www.instagram.com\/miomiorun\/\"]}]}<\/script>\n<!-- \/ Yoast SEO plugin. -->","yoast_head_json":{"title":"Craft ADV Essence Wind Jacket herren - Laufjacke - MioMioRun","description":"Die ADV Essence Wind Jacket f\u00fcr Herren ist eine vielseitige Trainingsjacke, die f\u00fcr intensives Training, Laufen und \u00e4hnliche Aktivit\u00e4ten entwickelt wurde.","robots":{"index":"index","follow":"follow","max-snippet":"max-snippet:-1","max-image-preview":"max-image-preview:large","max-video-preview":"max-video-preview:-1"},"canonical":"https:\/\/www.miomiorun.com\/de\/produkt\/adv-essence-wind-jacket-herren\/","og_locale":"de_DE","og_type":"article","og_title":"Craft ADV Essence Wind Jacket herren - Laufjacke - MioMioRun","og_description":"Die ADV Essence Wind Jacket f\u00fcr Herren ist eine vielseitige Trainingsjacke, die f\u00fcr intensives Training, Laufen und \u00e4hnliche Aktivit\u00e4ten entwickelt wurde.","og_url":"https:\/\/www.miomiorun.com\/de\/produkt\/adv-essence-wind-jacket-herren\/","og_site_name":"MioMioRun","article_publisher":"https:\/\/www.facebook.com\/miomiorun\/","article_modified_time":"2026-05-08T19:06:21+00:00","og_image":[{"width":600,"height":600,"url":"https:\/\/www.miomiorun.com\/app\/uploads\/2021\/09\/craft-ADV-essence-wind-jacket-1911443-007600.jpg","type":"image\/jpeg"}],"twitter_card":"summary_large_image","twitter_misc":{"Est. reading time":"1 minute"},"schema":{"@context":"https:\/\/schema.org","@graph":[{"@type":"WebPage","@id":"https:\/\/www.miomiorun.com\/de\/produkt\/adv-essence-wind-jacket-herren\/","url":"https:\/\/www.miomiorun.com\/de\/produkt\/adv-essence-wind-jacket-herren\/","name":"Craft ADV Essence Wind Jacket herren - Laufjacke - MioMioRun","isPartOf":{"@id":"https:\/\/www.miomiorun.com\/de\/#website"},"primaryImageOfPage":{"@id":"https:\/\/www.miomiorun.com\/de\/produkt\/adv-essence-wind-jacket-herren\/#primaryimage"},"image":{"@id":"https:\/\/www.miomiorun.com\/de\/produkt\/adv-essence-wind-jacket-herren\/#primaryimage"},"thumbnailUrl":"https:\/\/www.miomiorun.com\/app\/uploads\/2021\/09\/craft-ADV-essence-wind-jacket-1911443-007600.jpg","datePublished":"2021-09-15T10:22:07+00:00","dateModified":"2026-05-08T19:06:21+00:00","description":"Die ADV Essence Wind Jacket f\u00fcr Herren ist eine vielseitige Trainingsjacke, die f\u00fcr intensives Training, Laufen und \u00e4hnliche Aktivit\u00e4ten entwickelt wurde.","breadcrumb":{"@id":"https:\/\/www.miomiorun.com\/de\/produkt\/adv-essence-wind-jacket-herren\/#breadcrumb"},"inLanguage":"de-DE","potentialAction":[{"@type":"ReadAction","target":["https:\/\/www.miomiorun.com\/de\/produkt\/adv-essence-wind-jacket-herren\/"]}]},{"@type":"ImageObject","inLanguage":"de-DE","@id":"https:\/\/www.miomiorun.com\/de\/produkt\/adv-essence-wind-jacket-herren\/#primaryimage","url":"https:\/\/www.miomiorun.com\/app\/uploads\/2021\/09\/craft-ADV-essence-wind-jacket-1911443-007600.jpg","contentUrl":"https:\/\/www.miomiorun.com\/app\/uploads\/2021\/09\/craft-ADV-essence-wind-jacket-1911443-007600.jpg","width":600,"height":600,"caption":"craft adv essence wind jacket"},{"@type":"BreadcrumbList","@id":"https:\/\/www.miomiorun.com\/de\/produkt\/adv-essence-wind-jacket-herren\/#breadcrumb","itemListElement":[{"@type":"ListItem","position":1,"name":"Home","item":"https:\/\/www.miomiorun.com\/de\/"},{"@type":"ListItem","position":2,"name":"Shop","item":"https:\/\/www.miomiorun.com\/shop\/"},{"@type":"ListItem","position":3,"name":"ADV Essence Wind Jacket herren"}]},{"@type":"WebSite","@id":"https:\/\/www.miomiorun.com\/de\/#website","url":"https:\/\/www.miomiorun.com\/de\/","name":"MioMioRun","description":"100% Lauf- und Trailshop","publisher":{"@id":"https:\/\/www.miomiorun.com\/de\/#organization"},"potentialAction":[{"@type":"SearchAction","target":{"@type":"EntryPoint","urlTemplate":"https:\/\/www.miomiorun.com\/de\/?s={search_term_string}"},"query-input":{"@type":"PropertyValueSpecification","valueRequired":true,"valueName":"search_term_string"}}],"inLanguage":"de-DE"},{"@type":"Organization","@id":"https:\/\/www.miomiorun.com\/de\/#organization","name":"MioMio Run","url":"https:\/\/www.miomiorun.com\/de\/","logo":{"@type":"ImageObject","inLanguage":"de-DE","@id":"https:\/\/www.miomiorun.com\/de\/#\/schema\/logo\/image\/","url":"https:\/\/www.miomiorun.com\/app\/uploads\/2019\/12\/logomio.png","contentUrl":"https:\/\/www.miomiorun.com\/app\/uploads\/2019\/12\/logomio.png","width":115,"height":82,"caption":"MioMio Run"},"image":{"@id":"https:\/\/www.miomiorun.com\/de\/#\/schema\/logo\/image\/"},"sameAs":["https:\/\/www.facebook.com\/miomiorun\/","https:\/\/www.instagram.com\/miomiorun\/"]}]}},"_links":{"self":[{"href":"https:\/\/www.miomiorun.com\/de\/wp-json\/wp\/v2\/product\/177126","targetHints":{"allow":["GET"]}}],"collection":[{"href":"https:\/\/www.miomiorun.com\/de\/wp-json\/wp\/v2\/product"}],"about":[{"href":"https:\/\/www.miomiorun.com\/de\/wp-json\/wp\/v2\/types\/product"}],"wp:featuredmedia":[{"embeddable":true,"href":"https:\/\/www.miomiorun.com\/de\/wp-json\/wp\/v2\/media\/57950"}],"wp:attachment":[{"href":"https:\/\/www.miomiorun.com\/de\/wp-json\/wp\/v2\/media?parent=177126"}],"wp:term":[{"taxonomy":"product_brand","embeddable":true,"href":"https:\/\/www.miomiorun.com\/de\/wp-json\/wp\/v2\/product_brand?post=177126"},{"taxonomy":"product_cat","embeddable":true,"href":"https:\/\/www.miomiorun.com\/de\/wp-json\/wp\/v2\/product_cat?post=177126"},{"taxonomy":"product_tag","embeddable":true,"href":"https:\/\/www.miomiorun.com\/de\/wp-json\/wp\/v2\/product_tag?post=177126"}],"curies":[{"name":"wp","href":"https:\/\/api.w.org\/{rel}","templated":true}]}}