{"id":177054,"date":"2020-06-11T19:24:59","date_gmt":"2020-06-11T17:24:59","guid":{"rendered":"https:\/\/miomiorun.com\/prodotto\/craft-greatness-brief-uomo\/"},"modified":"2024-06-06T14:58:37","modified_gmt":"2024-06-06T12:58:37","slug":"greatness-brief-herren","status":"publish","type":"product","link":"https:\/\/www.miomiorun.com\/de\/produkt\/greatness-brief-herren\/","title":{"rendered":"Greatness Brief herren"},"content":{"rendered":"<p>D\u00fcnne und funktionelle Slips f\u00fcr alle Arten von Workouts.<\/p>\n<p><strong>Greatness Briefs<\/strong> sind d\u00fcnne, leichte Slips, die Sie bei intensiven Trainingseinheiten unter hei\u00dfen Bedingungen k\u00fchl und trocken halten. Dar\u00fcber hinaus verf\u00fcgt die Unterhose \u00fcber ein ergonomisches 3D-Design, das eine perfekte Passform und optimale Bewegungsfreiheit bietet. Durch das Tragen von Funktionsunterw\u00e4sche (anstelle von Baumwollunterw\u00e4sche) n\u00e4her an der Haut hilft sie, die K\u00f6rpertemperatur zu regulieren und somit die Chancen auf optimale Leistung zu verbessern.<\/p>\n<p>\u2022 Effizienter Feuchtigkeitstransport<br \/>\n\u2022 D\u00fcnne und leichte Stoffe<br \/>\n\u2022 Ergonomische Passform<\/p>\n<p>&nbsp;<\/p>\n<h3>Gewebe<\/h3>\n<p>88 % Polyester 12 % Elasthan<\/p>\n<h2>Produktmerkmale<\/h2>\n<p>&nbsp;<\/p>\n<p><strong>Feuchtigkeitstransport<\/strong><\/p>\n<p>Es transportiert Feuchtigkeit von der Haut an die Au\u00dfenseite des Kleidungsst\u00fccks und h\u00e4lt Sie bei intensiven Trainingseinheiten k\u00fchl und trocken.<\/p>\n<p><strong>Schnelles Trocknen<\/strong><\/p>\n<p>Schnell trocknendes Material, das Feuchtigkeit von der Haut wegleitet und Sie bei schwei\u00dftreibenden Trainingseinheiten k\u00fchl h\u00e4lt.<\/p>\n<p><strong>Bleib ruhig<\/strong><\/p>\n<p>Stay Cool bietet hervorragende K\u00fchlung und Bewegungsfreiheit beim Training unter hei\u00dfen Bedingungen.<\/p>\n<p>&nbsp;<\/p>\n","protected":false},"excerpt":{"rendered":"<p>D\u00fcnne und funktionelle Slips f\u00fcr alle Arten von Workouts. Greatness Briefs sind d\u00fcnne, leichte Slips, die Sie bei intensiven Trainingseinheiten unter hei\u00dfen Bedingungen k\u00fchl und trocken halten. Dar\u00fcber hinaus verf\u00fcgt die Unterhose \u00fcber ein ergonomisches 3D-Design, das eine perfekte Passform und optimale Bewegungsfreiheit bietet. Durch das Tragen von Funktionsunterw\u00e4sche (anstelle von Baumwollunterw\u00e4sche) n\u00e4her an der &hellip; <a href=\"https:\/\/www.miomiorun.com\/de\/produkt\/greatness-brief-herren\/\">Continued<\/a><\/p>\n","protected":false},"featured_media":52260,"template":"","meta":{"_acf_changed":false,"inline_featured_image":false},"product_brand":[],"product_cat":[6515,6540,6511],"product_tag":[6304,6234],"class_list":{"0":"post-177054","1":"product","2":"type-product","3":"status-publish","4":"has-post-thumbnail","6":"product_cat-herren-de","7":"product_cat-herrenbekleidung","8":"product_cat-waesche","9":"product_tag-craft-de","10":"product_tag-craft-herren-de","11":"pa_attivita-fitness-de","12":"pa_attivita-gehen","13":"pa_attivita-lifestyle-de","14":"pa_attivita-outdoor-de","15":"pa_attivita-running-de","16":"pa_attivita-trail-de","17":"pa_marca-craft-de","18":"pa_sesso-herren","19":"pa_size-small-de","20":"pa_size-extra-large-de","21":"pa_size-xxl-de","23":"first","24":"instock","25":"sale","26":"taxable","27":"shipping-taxable","28":"purchasable","29":"product-type-variable","30":"wvs-archive-product-wrapper"},"acf":[],"yoast_head":"<!-- This site is optimized with the Yoast SEO plugin v26.8 - https:\/\/yoast.com\/product\/yoast-seo-wordpress\/ -->\n<title>Craft Greatness Brief herren -Thermounterw\u00e4sche - MioMioRun.com<\/title>\n<meta name=\"description\" content=\"Greatness Briefs sind d\u00fcnne, leichte Slips, die Sie bei intensiven Trainingseinheiten unter hei\u00dfen Bedingungen k\u00fchl und trocken halten.\" \/>\n<meta name=\"robots\" content=\"index, follow, max-snippet:-1, max-image-preview:large, max-video-preview:-1\" \/>\n<link rel=\"canonical\" href=\"https:\/\/www.miomiorun.com\/de\/produkt\/greatness-brief-herren\/\" \/>\n<meta property=\"og:locale\" content=\"de_DE\" \/>\n<meta property=\"og:type\" content=\"article\" \/>\n<meta property=\"og:title\" content=\"Craft Greatness Brief herren -Thermounterw\u00e4sche - MioMioRun.com\" \/>\n<meta property=\"og:description\" content=\"Greatness Briefs sind d\u00fcnne, leichte Slips, die Sie bei intensiven Trainingseinheiten unter hei\u00dfen Bedingungen k\u00fchl und trocken halten.\" \/>\n<meta property=\"og:url\" content=\"https:\/\/www.miomiorun.com\/de\/produkt\/greatness-brief-herren\/\" \/>\n<meta property=\"og:site_name\" content=\"MioMioRun\" \/>\n<meta property=\"article:publisher\" content=\"https:\/\/www.facebook.com\/miomiorun\/\" \/>\n<meta property=\"article:modified_time\" content=\"2024-06-06T12:58:37+00:00\" \/>\n<meta property=\"og:image\" content=\"https:\/\/www.miomiorun.com\/app\/uploads\/2020\/06\/Greatness-Brief.jpg\" \/>\n\t<meta property=\"og:image:width\" content=\"600\" \/>\n\t<meta property=\"og:image:height\" content=\"600\" \/>\n\t<meta property=\"og:image:type\" content=\"image\/jpeg\" \/>\n<meta name=\"twitter:card\" content=\"summary_large_image\" \/>\n<meta name=\"twitter:label1\" content=\"Est. reading time\" \/>\n\t<meta name=\"twitter:data1\" content=\"1 minute\" \/>\n<script type=\"application\/ld+json\" class=\"yoast-schema-graph\">{\"@context\":\"https:\/\/schema.org\",\"@graph\":[{\"@type\":\"WebPage\",\"@id\":\"https:\/\/www.miomiorun.com\/de\/produkt\/greatness-brief-herren\/\",\"url\":\"https:\/\/www.miomiorun.com\/de\/produkt\/greatness-brief-herren\/\",\"name\":\"Craft Greatness Brief herren -Thermounterw\u00e4sche - MioMioRun.com\",\"isPartOf\":{\"@id\":\"https:\/\/www.miomiorun.com\/de\/#website\"},\"primaryImageOfPage\":{\"@id\":\"https:\/\/www.miomiorun.com\/de\/produkt\/greatness-brief-herren\/#primaryimage\"},\"image\":{\"@id\":\"https:\/\/www.miomiorun.com\/de\/produkt\/greatness-brief-herren\/#primaryimage\"},\"thumbnailUrl\":\"https:\/\/www.miomiorun.com\/app\/uploads\/2020\/06\/Greatness-Brief.jpg\",\"datePublished\":\"2020-06-11T17:24:59+00:00\",\"dateModified\":\"2024-06-06T12:58:37+00:00\",\"description\":\"Greatness Briefs sind d\u00fcnne, leichte Slips, die Sie bei intensiven Trainingseinheiten unter hei\u00dfen Bedingungen k\u00fchl und trocken halten.\",\"breadcrumb\":{\"@id\":\"https:\/\/www.miomiorun.com\/de\/produkt\/greatness-brief-herren\/#breadcrumb\"},\"inLanguage\":\"de-DE\",\"potentialAction\":[{\"@type\":\"ReadAction\",\"target\":[\"https:\/\/www.miomiorun.com\/de\/produkt\/greatness-brief-herren\/\"]}]},{\"@type\":\"ImageObject\",\"inLanguage\":\"de-DE\",\"@id\":\"https:\/\/www.miomiorun.com\/de\/produkt\/greatness-brief-herren\/#primaryimage\",\"url\":\"https:\/\/www.miomiorun.com\/app\/uploads\/2020\/06\/Greatness-Brief.jpg\",\"contentUrl\":\"https:\/\/www.miomiorun.com\/app\/uploads\/2020\/06\/Greatness-Brief.jpg\",\"width\":600,\"height\":600,\"caption\":\"Greatness-Brief\"},{\"@type\":\"BreadcrumbList\",\"@id\":\"https:\/\/www.miomiorun.com\/de\/produkt\/greatness-brief-herren\/#breadcrumb\",\"itemListElement\":[{\"@type\":\"ListItem\",\"position\":1,\"name\":\"Home\",\"item\":\"https:\/\/www.miomiorun.com\/de\/\"},{\"@type\":\"ListItem\",\"position\":2,\"name\":\"Shop\",\"item\":\"https:\/\/www.miomiorun.com\/shop\/\"},{\"@type\":\"ListItem\",\"position\":3,\"name\":\"Greatness Brief herren\"}]},{\"@type\":\"WebSite\",\"@id\":\"https:\/\/www.miomiorun.com\/de\/#website\",\"url\":\"https:\/\/www.miomiorun.com\/de\/\",\"name\":\"MioMioRun\",\"description\":\"100% Lauf- und Trailshop\",\"publisher\":{\"@id\":\"https:\/\/www.miomiorun.com\/de\/#organization\"},\"potentialAction\":[{\"@type\":\"SearchAction\",\"target\":{\"@type\":\"EntryPoint\",\"urlTemplate\":\"https:\/\/www.miomiorun.com\/de\/?s={search_term_string}\"},\"query-input\":{\"@type\":\"PropertyValueSpecification\",\"valueRequired\":true,\"valueName\":\"search_term_string\"}}],\"inLanguage\":\"de-DE\"},{\"@type\":\"Organization\",\"@id\":\"https:\/\/www.miomiorun.com\/de\/#organization\",\"name\":\"MioMio Run\",\"url\":\"https:\/\/www.miomiorun.com\/de\/\",\"logo\":{\"@type\":\"ImageObject\",\"inLanguage\":\"de-DE\",\"@id\":\"https:\/\/www.miomiorun.com\/de\/#\/schema\/logo\/image\/\",\"url\":\"https:\/\/www.miomiorun.com\/app\/uploads\/2019\/12\/logomio.png\",\"contentUrl\":\"https:\/\/www.miomiorun.com\/app\/uploads\/2019\/12\/logomio.png\",\"width\":115,\"height\":82,\"caption\":\"MioMio Run\"},\"image\":{\"@id\":\"https:\/\/www.miomiorun.com\/de\/#\/schema\/logo\/image\/\"},\"sameAs\":[\"https:\/\/www.facebook.com\/miomiorun\/\",\"https:\/\/www.instagram.com\/miomiorun\/\"]}]}<\/script>\n<!-- \/ Yoast SEO plugin. -->","yoast_head_json":{"title":"Craft Greatness Brief herren -Thermounterw\u00e4sche - MioMioRun.com","description":"Greatness Briefs sind d\u00fcnne, leichte Slips, die Sie bei intensiven Trainingseinheiten unter hei\u00dfen Bedingungen k\u00fchl und trocken halten.","robots":{"index":"index","follow":"follow","max-snippet":"max-snippet:-1","max-image-preview":"max-image-preview:large","max-video-preview":"max-video-preview:-1"},"canonical":"https:\/\/www.miomiorun.com\/de\/produkt\/greatness-brief-herren\/","og_locale":"de_DE","og_type":"article","og_title":"Craft Greatness Brief herren -Thermounterw\u00e4sche - MioMioRun.com","og_description":"Greatness Briefs sind d\u00fcnne, leichte Slips, die Sie bei intensiven Trainingseinheiten unter hei\u00dfen Bedingungen k\u00fchl und trocken halten.","og_url":"https:\/\/www.miomiorun.com\/de\/produkt\/greatness-brief-herren\/","og_site_name":"MioMioRun","article_publisher":"https:\/\/www.facebook.com\/miomiorun\/","article_modified_time":"2024-06-06T12:58:37+00:00","og_image":[{"width":600,"height":600,"url":"https:\/\/www.miomiorun.com\/app\/uploads\/2020\/06\/Greatness-Brief.jpg","type":"image\/jpeg"}],"twitter_card":"summary_large_image","twitter_misc":{"Est. reading time":"1 minute"},"schema":{"@context":"https:\/\/schema.org","@graph":[{"@type":"WebPage","@id":"https:\/\/www.miomiorun.com\/de\/produkt\/greatness-brief-herren\/","url":"https:\/\/www.miomiorun.com\/de\/produkt\/greatness-brief-herren\/","name":"Craft Greatness Brief herren -Thermounterw\u00e4sche - MioMioRun.com","isPartOf":{"@id":"https:\/\/www.miomiorun.com\/de\/#website"},"primaryImageOfPage":{"@id":"https:\/\/www.miomiorun.com\/de\/produkt\/greatness-brief-herren\/#primaryimage"},"image":{"@id":"https:\/\/www.miomiorun.com\/de\/produkt\/greatness-brief-herren\/#primaryimage"},"thumbnailUrl":"https:\/\/www.miomiorun.com\/app\/uploads\/2020\/06\/Greatness-Brief.jpg","datePublished":"2020-06-11T17:24:59+00:00","dateModified":"2024-06-06T12:58:37+00:00","description":"Greatness Briefs sind d\u00fcnne, leichte Slips, die Sie bei intensiven Trainingseinheiten unter hei\u00dfen Bedingungen k\u00fchl und trocken halten.","breadcrumb":{"@id":"https:\/\/www.miomiorun.com\/de\/produkt\/greatness-brief-herren\/#breadcrumb"},"inLanguage":"de-DE","potentialAction":[{"@type":"ReadAction","target":["https:\/\/www.miomiorun.com\/de\/produkt\/greatness-brief-herren\/"]}]},{"@type":"ImageObject","inLanguage":"de-DE","@id":"https:\/\/www.miomiorun.com\/de\/produkt\/greatness-brief-herren\/#primaryimage","url":"https:\/\/www.miomiorun.com\/app\/uploads\/2020\/06\/Greatness-Brief.jpg","contentUrl":"https:\/\/www.miomiorun.com\/app\/uploads\/2020\/06\/Greatness-Brief.jpg","width":600,"height":600,"caption":"Greatness-Brief"},{"@type":"BreadcrumbList","@id":"https:\/\/www.miomiorun.com\/de\/produkt\/greatness-brief-herren\/#breadcrumb","itemListElement":[{"@type":"ListItem","position":1,"name":"Home","item":"https:\/\/www.miomiorun.com\/de\/"},{"@type":"ListItem","position":2,"name":"Shop","item":"https:\/\/www.miomiorun.com\/shop\/"},{"@type":"ListItem","position":3,"name":"Greatness Brief herren"}]},{"@type":"WebSite","@id":"https:\/\/www.miomiorun.com\/de\/#website","url":"https:\/\/www.miomiorun.com\/de\/","name":"MioMioRun","description":"100% Lauf- und Trailshop","publisher":{"@id":"https:\/\/www.miomiorun.com\/de\/#organization"},"potentialAction":[{"@type":"SearchAction","target":{"@type":"EntryPoint","urlTemplate":"https:\/\/www.miomiorun.com\/de\/?s={search_term_string}"},"query-input":{"@type":"PropertyValueSpecification","valueRequired":true,"valueName":"search_term_string"}}],"inLanguage":"de-DE"},{"@type":"Organization","@id":"https:\/\/www.miomiorun.com\/de\/#organization","name":"MioMio Run","url":"https:\/\/www.miomiorun.com\/de\/","logo":{"@type":"ImageObject","inLanguage":"de-DE","@id":"https:\/\/www.miomiorun.com\/de\/#\/schema\/logo\/image\/","url":"https:\/\/www.miomiorun.com\/app\/uploads\/2019\/12\/logomio.png","contentUrl":"https:\/\/www.miomiorun.com\/app\/uploads\/2019\/12\/logomio.png","width":115,"height":82,"caption":"MioMio Run"},"image":{"@id":"https:\/\/www.miomiorun.com\/de\/#\/schema\/logo\/image\/"},"sameAs":["https:\/\/www.facebook.com\/miomiorun\/","https:\/\/www.instagram.com\/miomiorun\/"]}]}},"_links":{"self":[{"href":"https:\/\/www.miomiorun.com\/de\/wp-json\/wp\/v2\/product\/177054","targetHints":{"allow":["GET"]}}],"collection":[{"href":"https:\/\/www.miomiorun.com\/de\/wp-json\/wp\/v2\/product"}],"about":[{"href":"https:\/\/www.miomiorun.com\/de\/wp-json\/wp\/v2\/types\/product"}],"wp:featuredmedia":[{"embeddable":true,"href":"https:\/\/www.miomiorun.com\/de\/wp-json\/wp\/v2\/media\/52260"}],"wp:attachment":[{"href":"https:\/\/www.miomiorun.com\/de\/wp-json\/wp\/v2\/media?parent=177054"}],"wp:term":[{"taxonomy":"product_brand","embeddable":true,"href":"https:\/\/www.miomiorun.com\/de\/wp-json\/wp\/v2\/product_brand?post=177054"},{"taxonomy":"product_cat","embeddable":true,"href":"https:\/\/www.miomiorun.com\/de\/wp-json\/wp\/v2\/product_cat?post=177054"},{"taxonomy":"product_tag","embeddable":true,"href":"https:\/\/www.miomiorun.com\/de\/wp-json\/wp\/v2\/product_tag?post=177054"}],"curies":[{"name":"wp","href":"https:\/\/api.w.org\/{rel}","templated":true}]}}