{"id":177052,"date":"2020-09-02T10:09:38","date_gmt":"2020-09-02T08:09:38","guid":{"rendered":"https:\/\/miomiorun.com\/prodotto\/craft-active-intensity-cn-ls-uomo\/"},"modified":"2024-06-06T14:45:28","modified_gmt":"2024-06-06T12:45:28","slug":"active-intensity-cn-ls-herren","status":"publish","type":"product","link":"https:\/\/www.miomiorun.com\/de\/produkt\/active-intensity-cn-ls-herren\/","title":{"rendered":"Active Intensity CN LS herren"},"content":{"rendered":"<p><strong>Active Intensity<\/strong> ist ein innovativer Baselayer, der bei intensiven Aktivit\u00e4ten bei milden bis kalten Bedingungen hervorragende Funktionalit\u00e4t bietet. Der funktionelle, elastische Stoff sorgt in Kombination mit dem nahtlosen Design, den Bodymap-Strukturen und der athletischen Passform f\u00fcr ein hervorragendes K\u00f6rpertemperaturmanagement und Komfort. Active Intensity Crew Neck ist die perfekte Wahl f\u00fcr engagierte Sportbegeisterte und eignet sich hervorragend f\u00fcr hochintensive Trainingseinheiten wie Langlaufen, Laufen und Radfahren. Dar\u00fcber hinaus eignet sich das Shirt auch hervorragend als Einzelschicht und kann mit den meisten unserer Strumpfhosen kombiniert werden.<\/p>\n<p>\u2022 Hocheffizienter Feuchtigkeitstransport<br \/>\n\u2022 Bodymap-Design<br \/>\n\u2022 Nahtlose Konstruktion<\/p>\n<p>&nbsp;<\/p>\n<h2>Produktmerkmale<\/h2>\n<h3>Gewebe<\/h3>\n<p>55 % recyceltes Polyester, 45 % Polyamid<\/p>\n<h3>Feuchtigkeitstransport<\/h3>\n<p>Es transportiert Feuchtigkeit von der Haut an die Au\u00dfenseite des Kleidungsst\u00fccks und h\u00e4lt Sie bei intensiven Trainingseinheiten k\u00fchl und trocken.<\/p>\n<h3>Perfekt<\/h3>\n<p>Das nahtlose Design verhindert Scheuern und sorgt f\u00fcr ein weiches Tragegef\u00fchl.<\/p>\n<h3>Aktiv sein<\/h3>\n<p>Be Active bietet ein optimales Temperaturmanagement w\u00e4hrend des Trainings bei mittelk\u00fchlen bis kalten Bedingungen.<\/p>\n<p>&nbsp;<\/p>\n","protected":false},"excerpt":{"rendered":"<p>Active Intensity ist ein innovativer Baselayer, der bei intensiven Aktivit\u00e4ten bei milden bis kalten Bedingungen hervorragende Funktionalit\u00e4t bietet. Der funktionelle, elastische Stoff sorgt in Kombination mit dem nahtlosen Design, den Bodymap-Strukturen und der athletischen Passform f\u00fcr ein hervorragendes K\u00f6rpertemperaturmanagement und Komfort. Active Intensity Crew Neck ist die perfekte Wahl f\u00fcr engagierte Sportbegeisterte und eignet sich &hellip; <a href=\"https:\/\/www.miomiorun.com\/de\/produkt\/active-intensity-cn-ls-herren\/\">Continued<\/a><\/p>\n","protected":false},"featured_media":52804,"template":"","meta":{"_acf_changed":false,"inline_featured_image":false},"product_brand":[],"product_cat":[6515,6540,6511],"product_tag":[6304,6234],"class_list":{"0":"post-177052","1":"product","2":"type-product","3":"status-publish","4":"has-post-thumbnail","6":"product_cat-herren-de","7":"product_cat-herrenbekleidung","8":"product_cat-waesche","9":"product_tag-craft-de","10":"product_tag-craft-herren-de","11":"pa_attivita-gehen","12":"pa_attivita-outdoor-de","13":"pa_attivita-running-de","14":"pa_attivita-trail-de","15":"pa_colore-active-intensity-cn-ls-m-black-de","16":"pa_colore-active-intensity-cn-ls-m-black-blue-de","17":"pa_marca-craft-de","18":"pa_sesso-herren","19":"pa_size-small-de","20":"pa_size-medium-de","21":"pa_size-large-de","22":"pa_size-extra-large-de","24":"first","25":"instock","26":"sale","27":"taxable","28":"shipping-taxable","29":"purchasable","30":"product-type-variable","31":"wvs-archive-product-wrapper"},"acf":[],"yoast_head":"<!-- This site is optimized with the Yoast SEO plugin v26.8 - https:\/\/yoast.com\/product\/yoast-seo-wordpress\/ -->\n<title>CraftActive Intensity CN LS herren - Thermoshirt - MioMioRun.com<\/title>\n<meta name=\"description\" content=\"Active Intensity ist ein innovativer Baselayer, der bei intensiven Aktivit\u00e4ten bei milden bis kalten Bedingungen hervorragende Funktionalit\u00e4t bietet.\" \/>\n<meta name=\"robots\" content=\"index, follow, max-snippet:-1, max-image-preview:large, max-video-preview:-1\" \/>\n<link rel=\"canonical\" href=\"https:\/\/www.miomiorun.com\/de\/produkt\/active-intensity-cn-ls-herren\/\" \/>\n<meta property=\"og:locale\" content=\"de_DE\" \/>\n<meta property=\"og:type\" content=\"article\" \/>\n<meta property=\"og:title\" content=\"CraftActive Intensity CN LS herren - Thermoshirt - MioMioRun.com\" \/>\n<meta property=\"og:description\" content=\"Active Intensity ist ein innovativer Baselayer, der bei intensiven Aktivit\u00e4ten bei milden bis kalten Bedingungen hervorragende Funktionalit\u00e4t bietet.\" \/>\n<meta property=\"og:url\" content=\"https:\/\/www.miomiorun.com\/de\/produkt\/active-intensity-cn-ls-herren\/\" \/>\n<meta property=\"og:site_name\" content=\"MioMioRun\" \/>\n<meta property=\"article:publisher\" content=\"https:\/\/www.facebook.com\/miomiorun\/\" \/>\n<meta property=\"article:modified_time\" content=\"2024-06-06T12:45:28+00:00\" \/>\n<meta property=\"og:image\" content=\"https:\/\/www.miomiorun.com\/app\/uploads\/2020\/09\/Active-Intensity-CN-LS-1907933-999995.jpg\" \/>\n\t<meta property=\"og:image:width\" content=\"600\" \/>\n\t<meta property=\"og:image:height\" content=\"600\" \/>\n\t<meta property=\"og:image:type\" content=\"image\/jpeg\" \/>\n<meta name=\"twitter:card\" content=\"summary_large_image\" \/>\n<meta name=\"twitter:label1\" content=\"Est. reading time\" \/>\n\t<meta name=\"twitter:data1\" content=\"1 minute\" \/>\n<script type=\"application\/ld+json\" class=\"yoast-schema-graph\">{\"@context\":\"https:\/\/schema.org\",\"@graph\":[{\"@type\":\"WebPage\",\"@id\":\"https:\/\/www.miomiorun.com\/de\/produkt\/active-intensity-cn-ls-herren\/\",\"url\":\"https:\/\/www.miomiorun.com\/de\/produkt\/active-intensity-cn-ls-herren\/\",\"name\":\"CraftActive Intensity CN LS herren - Thermoshirt - MioMioRun.com\",\"isPartOf\":{\"@id\":\"https:\/\/www.miomiorun.com\/de\/#website\"},\"primaryImageOfPage\":{\"@id\":\"https:\/\/www.miomiorun.com\/de\/produkt\/active-intensity-cn-ls-herren\/#primaryimage\"},\"image\":{\"@id\":\"https:\/\/www.miomiorun.com\/de\/produkt\/active-intensity-cn-ls-herren\/#primaryimage\"},\"thumbnailUrl\":\"https:\/\/www.miomiorun.com\/app\/uploads\/2020\/09\/Active-Intensity-CN-LS-1907933-999995.jpg\",\"datePublished\":\"2020-09-02T08:09:38+00:00\",\"dateModified\":\"2024-06-06T12:45:28+00:00\",\"description\":\"Active Intensity ist ein innovativer Baselayer, der bei intensiven Aktivit\u00e4ten bei milden bis kalten Bedingungen hervorragende Funktionalit\u00e4t bietet.\",\"breadcrumb\":{\"@id\":\"https:\/\/www.miomiorun.com\/de\/produkt\/active-intensity-cn-ls-herren\/#breadcrumb\"},\"inLanguage\":\"de-DE\",\"potentialAction\":[{\"@type\":\"ReadAction\",\"target\":[\"https:\/\/www.miomiorun.com\/de\/produkt\/active-intensity-cn-ls-herren\/\"]}]},{\"@type\":\"ImageObject\",\"inLanguage\":\"de-DE\",\"@id\":\"https:\/\/www.miomiorun.com\/de\/produkt\/active-intensity-cn-ls-herren\/#primaryimage\",\"url\":\"https:\/\/www.miomiorun.com\/app\/uploads\/2020\/09\/Active-Intensity-CN-LS-1907933-999995.jpg\",\"contentUrl\":\"https:\/\/www.miomiorun.com\/app\/uploads\/2020\/09\/Active-Intensity-CN-LS-1907933-999995.jpg\",\"width\":600,\"height\":600,\"caption\":\"Active-Intensity-CN-LS-1907933-999995\"},{\"@type\":\"BreadcrumbList\",\"@id\":\"https:\/\/www.miomiorun.com\/de\/produkt\/active-intensity-cn-ls-herren\/#breadcrumb\",\"itemListElement\":[{\"@type\":\"ListItem\",\"position\":1,\"name\":\"Home\",\"item\":\"https:\/\/www.miomiorun.com\/de\/\"},{\"@type\":\"ListItem\",\"position\":2,\"name\":\"Shop\",\"item\":\"https:\/\/www.miomiorun.com\/shop\/\"},{\"@type\":\"ListItem\",\"position\":3,\"name\":\"Active Intensity CN LS herren\"}]},{\"@type\":\"WebSite\",\"@id\":\"https:\/\/www.miomiorun.com\/de\/#website\",\"url\":\"https:\/\/www.miomiorun.com\/de\/\",\"name\":\"MioMioRun\",\"description\":\"100% Lauf- und Trailshop\",\"publisher\":{\"@id\":\"https:\/\/www.miomiorun.com\/de\/#organization\"},\"potentialAction\":[{\"@type\":\"SearchAction\",\"target\":{\"@type\":\"EntryPoint\",\"urlTemplate\":\"https:\/\/www.miomiorun.com\/de\/?s={search_term_string}\"},\"query-input\":{\"@type\":\"PropertyValueSpecification\",\"valueRequired\":true,\"valueName\":\"search_term_string\"}}],\"inLanguage\":\"de-DE\"},{\"@type\":\"Organization\",\"@id\":\"https:\/\/www.miomiorun.com\/de\/#organization\",\"name\":\"MioMio Run\",\"url\":\"https:\/\/www.miomiorun.com\/de\/\",\"logo\":{\"@type\":\"ImageObject\",\"inLanguage\":\"de-DE\",\"@id\":\"https:\/\/www.miomiorun.com\/de\/#\/schema\/logo\/image\/\",\"url\":\"https:\/\/www.miomiorun.com\/app\/uploads\/2019\/12\/logomio.png\",\"contentUrl\":\"https:\/\/www.miomiorun.com\/app\/uploads\/2019\/12\/logomio.png\",\"width\":115,\"height\":82,\"caption\":\"MioMio Run\"},\"image\":{\"@id\":\"https:\/\/www.miomiorun.com\/de\/#\/schema\/logo\/image\/\"},\"sameAs\":[\"https:\/\/www.facebook.com\/miomiorun\/\",\"https:\/\/www.instagram.com\/miomiorun\/\"]}]}<\/script>\n<!-- \/ Yoast SEO plugin. -->","yoast_head_json":{"title":"CraftActive Intensity CN LS herren - Thermoshirt - MioMioRun.com","description":"Active Intensity ist ein innovativer Baselayer, der bei intensiven Aktivit\u00e4ten bei milden bis kalten Bedingungen hervorragende Funktionalit\u00e4t bietet.","robots":{"index":"index","follow":"follow","max-snippet":"max-snippet:-1","max-image-preview":"max-image-preview:large","max-video-preview":"max-video-preview:-1"},"canonical":"https:\/\/www.miomiorun.com\/de\/produkt\/active-intensity-cn-ls-herren\/","og_locale":"de_DE","og_type":"article","og_title":"CraftActive Intensity CN LS herren - Thermoshirt - MioMioRun.com","og_description":"Active Intensity ist ein innovativer Baselayer, der bei intensiven Aktivit\u00e4ten bei milden bis kalten Bedingungen hervorragende Funktionalit\u00e4t bietet.","og_url":"https:\/\/www.miomiorun.com\/de\/produkt\/active-intensity-cn-ls-herren\/","og_site_name":"MioMioRun","article_publisher":"https:\/\/www.facebook.com\/miomiorun\/","article_modified_time":"2024-06-06T12:45:28+00:00","og_image":[{"width":600,"height":600,"url":"https:\/\/www.miomiorun.com\/app\/uploads\/2020\/09\/Active-Intensity-CN-LS-1907933-999995.jpg","type":"image\/jpeg"}],"twitter_card":"summary_large_image","twitter_misc":{"Est. reading time":"1 minute"},"schema":{"@context":"https:\/\/schema.org","@graph":[{"@type":"WebPage","@id":"https:\/\/www.miomiorun.com\/de\/produkt\/active-intensity-cn-ls-herren\/","url":"https:\/\/www.miomiorun.com\/de\/produkt\/active-intensity-cn-ls-herren\/","name":"CraftActive Intensity CN LS herren - Thermoshirt - MioMioRun.com","isPartOf":{"@id":"https:\/\/www.miomiorun.com\/de\/#website"},"primaryImageOfPage":{"@id":"https:\/\/www.miomiorun.com\/de\/produkt\/active-intensity-cn-ls-herren\/#primaryimage"},"image":{"@id":"https:\/\/www.miomiorun.com\/de\/produkt\/active-intensity-cn-ls-herren\/#primaryimage"},"thumbnailUrl":"https:\/\/www.miomiorun.com\/app\/uploads\/2020\/09\/Active-Intensity-CN-LS-1907933-999995.jpg","datePublished":"2020-09-02T08:09:38+00:00","dateModified":"2024-06-06T12:45:28+00:00","description":"Active Intensity ist ein innovativer Baselayer, der bei intensiven Aktivit\u00e4ten bei milden bis kalten Bedingungen hervorragende Funktionalit\u00e4t bietet.","breadcrumb":{"@id":"https:\/\/www.miomiorun.com\/de\/produkt\/active-intensity-cn-ls-herren\/#breadcrumb"},"inLanguage":"de-DE","potentialAction":[{"@type":"ReadAction","target":["https:\/\/www.miomiorun.com\/de\/produkt\/active-intensity-cn-ls-herren\/"]}]},{"@type":"ImageObject","inLanguage":"de-DE","@id":"https:\/\/www.miomiorun.com\/de\/produkt\/active-intensity-cn-ls-herren\/#primaryimage","url":"https:\/\/www.miomiorun.com\/app\/uploads\/2020\/09\/Active-Intensity-CN-LS-1907933-999995.jpg","contentUrl":"https:\/\/www.miomiorun.com\/app\/uploads\/2020\/09\/Active-Intensity-CN-LS-1907933-999995.jpg","width":600,"height":600,"caption":"Active-Intensity-CN-LS-1907933-999995"},{"@type":"BreadcrumbList","@id":"https:\/\/www.miomiorun.com\/de\/produkt\/active-intensity-cn-ls-herren\/#breadcrumb","itemListElement":[{"@type":"ListItem","position":1,"name":"Home","item":"https:\/\/www.miomiorun.com\/de\/"},{"@type":"ListItem","position":2,"name":"Shop","item":"https:\/\/www.miomiorun.com\/shop\/"},{"@type":"ListItem","position":3,"name":"Active Intensity CN LS herren"}]},{"@type":"WebSite","@id":"https:\/\/www.miomiorun.com\/de\/#website","url":"https:\/\/www.miomiorun.com\/de\/","name":"MioMioRun","description":"100% Lauf- und Trailshop","publisher":{"@id":"https:\/\/www.miomiorun.com\/de\/#organization"},"potentialAction":[{"@type":"SearchAction","target":{"@type":"EntryPoint","urlTemplate":"https:\/\/www.miomiorun.com\/de\/?s={search_term_string}"},"query-input":{"@type":"PropertyValueSpecification","valueRequired":true,"valueName":"search_term_string"}}],"inLanguage":"de-DE"},{"@type":"Organization","@id":"https:\/\/www.miomiorun.com\/de\/#organization","name":"MioMio Run","url":"https:\/\/www.miomiorun.com\/de\/","logo":{"@type":"ImageObject","inLanguage":"de-DE","@id":"https:\/\/www.miomiorun.com\/de\/#\/schema\/logo\/image\/","url":"https:\/\/www.miomiorun.com\/app\/uploads\/2019\/12\/logomio.png","contentUrl":"https:\/\/www.miomiorun.com\/app\/uploads\/2019\/12\/logomio.png","width":115,"height":82,"caption":"MioMio Run"},"image":{"@id":"https:\/\/www.miomiorun.com\/de\/#\/schema\/logo\/image\/"},"sameAs":["https:\/\/www.facebook.com\/miomiorun\/","https:\/\/www.instagram.com\/miomiorun\/"]}]}},"_links":{"self":[{"href":"https:\/\/www.miomiorun.com\/de\/wp-json\/wp\/v2\/product\/177052","targetHints":{"allow":["GET"]}}],"collection":[{"href":"https:\/\/www.miomiorun.com\/de\/wp-json\/wp\/v2\/product"}],"about":[{"href":"https:\/\/www.miomiorun.com\/de\/wp-json\/wp\/v2\/types\/product"}],"wp:featuredmedia":[{"embeddable":true,"href":"https:\/\/www.miomiorun.com\/de\/wp-json\/wp\/v2\/media\/52804"}],"wp:attachment":[{"href":"https:\/\/www.miomiorun.com\/de\/wp-json\/wp\/v2\/media?parent=177052"}],"wp:term":[{"taxonomy":"product_brand","embeddable":true,"href":"https:\/\/www.miomiorun.com\/de\/wp-json\/wp\/v2\/product_brand?post=177052"},{"taxonomy":"product_cat","embeddable":true,"href":"https:\/\/www.miomiorun.com\/de\/wp-json\/wp\/v2\/product_cat?post=177052"},{"taxonomy":"product_tag","embeddable":true,"href":"https:\/\/www.miomiorun.com\/de\/wp-json\/wp\/v2\/product_tag?post=177052"}],"curies":[{"name":"wp","href":"https:\/\/api.w.org\/{rel}","templated":true}]}}