{"id":177046,"date":"2020-09-05T15:59:12","date_gmt":"2020-09-05T13:59:12","guid":{"rendered":"https:\/\/miomiorun.com\/prodotto\/uyn-running-alpha-singlet-uomo\/"},"modified":"2026-05-08T20:44:19","modified_gmt":"2026-05-08T18:44:19","slug":"running-alpha-singlet-herren","status":"publish","type":"product","link":"https:\/\/www.miomiorun.com\/de\/produkt\/running-alpha-singlet-herren\/","title":{"rendered":"Running Alpha singlet herren"},"content":{"rendered":"<div id=\"tab-description\" class=\"tab-pane active\" role=\"tabpanel\">\n<div class=\"tab-custom\">\n<p>Willst du maximale Leistung, wenn es richtig hei\u00df ist? Aus diesem Grund hat UYN\u00ae das <strong>Alpha Running Singlet<\/strong> entwickelt. Die taillierte und bequeme Passform garantiert maximale Atmungsaktivit\u00e4t und Komfort auf jedem Meter.<\/p>\n<h2>EIN ATHLET, EIN ZIEL<\/h2>\n<p>Laufen ist Freiheit. Es gibt nur die Stra\u00dfe und den Sportler. Seine Motivation, seine Ziele, seine Entscheidungen. UYN\u00ae l\u00e4sst ihm alle m\u00f6glichen Freiheiten. Die ALPHA Running-Kollektion erm\u00f6glicht maximale Bewegungsfreiheit. Entwickelt f\u00fcr Sportler mit gro\u00dfen Zielen.<\/p>\n<\/div>\n<\/div>\n<p>&nbsp;<\/p>\n<div class=\"tab-custom-inner-max content-wysiwyg\">\n<div class=\"product-line\">\n<div id=\"tab-technology\" class=\"tab-pane active\" role=\"tabpanel\">\n<div class=\"tab-custom\">\n<div class=\"tab-items\">\n<div class=\"row\">\n<div class=\"col-xs-12 col-sm-4\">\n<div class=\"tab-item\">\n<div class=\"media media-md\">\n<div class=\"media-left\"><img loading=\"lazy\" decoding=\"async\" class=\"\" src=\"https:\/\/images.prismic.io\/uynsports\/558d27668629dc0d13a92787903add7452ef943d_coolvent.jpg?auto=compress,format\" alt=\"Coolvent\" width=\"88\" height=\"88\" \/><\/div>\n<div class=\"media-body\">\n<div class=\"title\">Coolvent<\/div>\n<p>Das Coolvent-Konzept steht f\u00fcr absoluten Komfort. Es basiert auf der offenen Struktur des Stoffes: Die Innenfl\u00e4che ist von Kan\u00e4len durchzogen, die einen konstanten Luftstrom beg\u00fcnstigen. Es nimmt Schwei\u00df schnell auf, k\u00fchlt den K\u00f6rper bei k\u00f6rperlicher Aktivit\u00e4t und h\u00e4lt die Haut stets trocken.<\/p>\n<\/div>\n<\/div>\n<\/div>\n<\/div>\n<div class=\"col-xs-12 col-sm-4\">\n<div class=\"tab-item\">\n<div class=\"media media-md\"><\/div>\n<\/div>\n<\/div>\n<div class=\"col-xs-12 col-sm-4\">\n<div class=\"tab-item\">\n<div class=\"media media-md\"><\/div>\n<\/div>\n<\/div>\n<div class=\"col-xs-12 col-sm-4\">\n<div class=\"tab-item\">\n<div class=\"media media-md\">\n<div class=\"media-left\"><img loading=\"lazy\" decoding=\"async\" class=\"\" src=\"https:\/\/images.prismic.io\/uynsports\/4aa9ee299293b2a0a42d8c38f2dd934260f726b5_t-hexagon.png?auto=compress,format\" alt=\"T-Hexagon\" width=\"88\" height=\"88\" \/><\/div>\n<div class=\"media-body\">\n<div class=\"title\">T-Hexagon<\/div>\n<p>Die 3D-Hexagonalstruktur des Stoffes erm\u00f6glicht eine perfekte Regulierung des K\u00f6rperklimas. Im Bauchbereich ist die Struktur dicker, um eine bessere Isolierung und Stabilit\u00e4t zu gew\u00e4hrleisten, w\u00e4hrend sie im Brustbereich d\u00fcnner wird, um die Schwei\u00dfbildung und -verdunstung zu f\u00f6rdern.<\/p>\n<div class=\"media-body\">\n<p><strong>MATERIAL<\/strong><\/p>\n<p>&nbsp;<\/p>\n<p><strong>ZUSAMMENSETZUNG<\/strong>: 49 % POLYAMID, 47 % POLYESTER, 3 % ELASTAN, 1 % POLYPROPYLEN<\/p>\n<\/div>\n<\/div>\n<\/div>\n<\/div>\n<\/div>\n<\/div>\n<\/div>\n<\/div>\n<\/div>\n<\/div>\n<\/div>\n","protected":false},"excerpt":{"rendered":"<p>Willst du maximale Leistung, wenn es richtig hei\u00df ist? Aus diesem Grund hat UYN\u00ae das Alpha Running Singlet entwickelt. Die taillierte und bequeme Passform garantiert maximale Atmungsaktivit\u00e4t und Komfort auf jedem Meter. EIN ATHLET, EIN ZIEL Laufen ist Freiheit. Es gibt nur die Stra\u00dfe und den Sportler. Seine Motivation, seine Ziele, seine Entscheidungen. UYN\u00ae l\u00e4sst &hellip; <a href=\"https:\/\/www.miomiorun.com\/de\/produkt\/running-alpha-singlet-herren\/\">Continued<\/a><\/p>\n","protected":false},"featured_media":52848,"template":"","meta":{"_acf_changed":false,"inline_featured_image":false},"product_brand":[],"product_cat":[6515,6540,6511],"product_tag":[6315,6296],"class_list":{"0":"post-177046","1":"product","2":"type-product","3":"status-publish","4":"has-post-thumbnail","6":"product_cat-herren-de","7":"product_cat-herrenbekleidung","8":"product_cat-waesche","9":"product_tag-uyn-de","10":"product_tag-uyn-herren-de","11":"pa_attivita-running-de","12":"pa_marca-uyn-de","13":"pa_sesso-herren","14":"pa_size-small-de","15":"pa_size-medium-de","17":"first","18":"instock","19":"sale","20":"taxable","21":"shipping-taxable","22":"purchasable","23":"product-type-variable","24":"wvs-archive-product-wrapper"},"acf":[],"yoast_head":"<!-- This site is optimized with the Yoast SEO plugin v26.8 - https:\/\/yoast.com\/product\/yoast-seo-wordpress\/ -->\n<title>UynRunning Alpha singlet herren - Thermounterw\u00e4sche - MioMioRun.com<\/title>\n<meta name=\"description\" content=\"H\u00f6chstleistung bei Hitze? Das Alpha Running Singlet von UYN\u00ae ist eng anliegend und bequem und garantiert maximale Atmungsaktivit\u00e4t und Komfort\" \/>\n<meta name=\"robots\" content=\"index, follow, max-snippet:-1, max-image-preview:large, max-video-preview:-1\" \/>\n<link rel=\"canonical\" href=\"https:\/\/www.miomiorun.com\/de\/produkt\/running-alpha-singlet-herren\/\" \/>\n<meta property=\"og:locale\" content=\"de_DE\" \/>\n<meta property=\"og:type\" content=\"article\" \/>\n<meta property=\"og:title\" content=\"UynRunning Alpha singlet herren - Thermounterw\u00e4sche - MioMioRun.com\" \/>\n<meta property=\"og:description\" content=\"H\u00f6chstleistung bei Hitze? Das Alpha Running Singlet von UYN\u00ae ist eng anliegend und bequem und garantiert maximale Atmungsaktivit\u00e4t und Komfort\" \/>\n<meta property=\"og:url\" content=\"https:\/\/www.miomiorun.com\/de\/produkt\/running-alpha-singlet-herren\/\" \/>\n<meta property=\"og:site_name\" content=\"MioMioRun\" \/>\n<meta property=\"article:publisher\" content=\"https:\/\/www.facebook.com\/miomiorun\/\" \/>\n<meta property=\"article:modified_time\" content=\"2026-05-08T18:44:19+00:00\" \/>\n<meta property=\"og:image\" content=\"https:\/\/www.miomiorun.com\/app\/uploads\/2020\/09\/Uyn-M-running-Alpha-singlet-J188.jpg\" \/>\n\t<meta property=\"og:image:width\" content=\"600\" \/>\n\t<meta property=\"og:image:height\" content=\"600\" \/>\n\t<meta property=\"og:image:type\" content=\"image\/jpeg\" \/>\n<meta name=\"twitter:card\" content=\"summary_large_image\" \/>\n<meta name=\"twitter:label1\" content=\"Est. reading time\" \/>\n\t<meta name=\"twitter:data1\" content=\"1 minute\" \/>\n<script type=\"application\/ld+json\" class=\"yoast-schema-graph\">{\"@context\":\"https:\/\/schema.org\",\"@graph\":[{\"@type\":\"WebPage\",\"@id\":\"https:\/\/www.miomiorun.com\/de\/produkt\/running-alpha-singlet-herren\/\",\"url\":\"https:\/\/www.miomiorun.com\/de\/produkt\/running-alpha-singlet-herren\/\",\"name\":\"UynRunning Alpha singlet herren - Thermounterw\u00e4sche - MioMioRun.com\",\"isPartOf\":{\"@id\":\"https:\/\/www.miomiorun.com\/de\/#website\"},\"primaryImageOfPage\":{\"@id\":\"https:\/\/www.miomiorun.com\/de\/produkt\/running-alpha-singlet-herren\/#primaryimage\"},\"image\":{\"@id\":\"https:\/\/www.miomiorun.com\/de\/produkt\/running-alpha-singlet-herren\/#primaryimage\"},\"thumbnailUrl\":\"https:\/\/www.miomiorun.com\/app\/uploads\/2020\/09\/Uyn-M-running-Alpha-singlet-J188.jpg\",\"datePublished\":\"2020-09-05T13:59:12+00:00\",\"dateModified\":\"2026-05-08T18:44:19+00:00\",\"description\":\"H\u00f6chstleistung bei Hitze? Das Alpha Running Singlet von UYN\u00ae ist eng anliegend und bequem und garantiert maximale Atmungsaktivit\u00e4t und Komfort\",\"breadcrumb\":{\"@id\":\"https:\/\/www.miomiorun.com\/de\/produkt\/running-alpha-singlet-herren\/#breadcrumb\"},\"inLanguage\":\"de-DE\",\"potentialAction\":[{\"@type\":\"ReadAction\",\"target\":[\"https:\/\/www.miomiorun.com\/de\/produkt\/running-alpha-singlet-herren\/\"]}]},{\"@type\":\"ImageObject\",\"inLanguage\":\"de-DE\",\"@id\":\"https:\/\/www.miomiorun.com\/de\/produkt\/running-alpha-singlet-herren\/#primaryimage\",\"url\":\"https:\/\/www.miomiorun.com\/app\/uploads\/2020\/09\/Uyn-M-running-Alpha-singlet-J188.jpg\",\"contentUrl\":\"https:\/\/www.miomiorun.com\/app\/uploads\/2020\/09\/Uyn-M-running-Alpha-singlet-J188.jpg\",\"width\":600,\"height\":600,\"caption\":\"Uyn-M-running-Alpha-singlet-J188\"},{\"@type\":\"BreadcrumbList\",\"@id\":\"https:\/\/www.miomiorun.com\/de\/produkt\/running-alpha-singlet-herren\/#breadcrumb\",\"itemListElement\":[{\"@type\":\"ListItem\",\"position\":1,\"name\":\"Home\",\"item\":\"https:\/\/www.miomiorun.com\/de\/\"},{\"@type\":\"ListItem\",\"position\":2,\"name\":\"Shop\",\"item\":\"https:\/\/www.miomiorun.com\/shop\/\"},{\"@type\":\"ListItem\",\"position\":3,\"name\":\"Running Alpha singlet herren\"}]},{\"@type\":\"WebSite\",\"@id\":\"https:\/\/www.miomiorun.com\/de\/#website\",\"url\":\"https:\/\/www.miomiorun.com\/de\/\",\"name\":\"MioMioRun\",\"description\":\"100% Lauf- und Trailshop\",\"publisher\":{\"@id\":\"https:\/\/www.miomiorun.com\/de\/#organization\"},\"potentialAction\":[{\"@type\":\"SearchAction\",\"target\":{\"@type\":\"EntryPoint\",\"urlTemplate\":\"https:\/\/www.miomiorun.com\/de\/?s={search_term_string}\"},\"query-input\":{\"@type\":\"PropertyValueSpecification\",\"valueRequired\":true,\"valueName\":\"search_term_string\"}}],\"inLanguage\":\"de-DE\"},{\"@type\":\"Organization\",\"@id\":\"https:\/\/www.miomiorun.com\/de\/#organization\",\"name\":\"MioMio Run\",\"url\":\"https:\/\/www.miomiorun.com\/de\/\",\"logo\":{\"@type\":\"ImageObject\",\"inLanguage\":\"de-DE\",\"@id\":\"https:\/\/www.miomiorun.com\/de\/#\/schema\/logo\/image\/\",\"url\":\"https:\/\/www.miomiorun.com\/app\/uploads\/2019\/12\/logomio.png\",\"contentUrl\":\"https:\/\/www.miomiorun.com\/app\/uploads\/2019\/12\/logomio.png\",\"width\":115,\"height\":82,\"caption\":\"MioMio Run\"},\"image\":{\"@id\":\"https:\/\/www.miomiorun.com\/de\/#\/schema\/logo\/image\/\"},\"sameAs\":[\"https:\/\/www.facebook.com\/miomiorun\/\",\"https:\/\/www.instagram.com\/miomiorun\/\"]}]}<\/script>\n<!-- \/ Yoast SEO plugin. -->","yoast_head_json":{"title":"UynRunning Alpha singlet herren - Thermounterw\u00e4sche - MioMioRun.com","description":"H\u00f6chstleistung bei Hitze? Das Alpha Running Singlet von UYN\u00ae ist eng anliegend und bequem und garantiert maximale Atmungsaktivit\u00e4t und Komfort","robots":{"index":"index","follow":"follow","max-snippet":"max-snippet:-1","max-image-preview":"max-image-preview:large","max-video-preview":"max-video-preview:-1"},"canonical":"https:\/\/www.miomiorun.com\/de\/produkt\/running-alpha-singlet-herren\/","og_locale":"de_DE","og_type":"article","og_title":"UynRunning Alpha singlet herren - Thermounterw\u00e4sche - MioMioRun.com","og_description":"H\u00f6chstleistung bei Hitze? Das Alpha Running Singlet von UYN\u00ae ist eng anliegend und bequem und garantiert maximale Atmungsaktivit\u00e4t und Komfort","og_url":"https:\/\/www.miomiorun.com\/de\/produkt\/running-alpha-singlet-herren\/","og_site_name":"MioMioRun","article_publisher":"https:\/\/www.facebook.com\/miomiorun\/","article_modified_time":"2026-05-08T18:44:19+00:00","og_image":[{"width":600,"height":600,"url":"https:\/\/www.miomiorun.com\/app\/uploads\/2020\/09\/Uyn-M-running-Alpha-singlet-J188.jpg","type":"image\/jpeg"}],"twitter_card":"summary_large_image","twitter_misc":{"Est. reading time":"1 minute"},"schema":{"@context":"https:\/\/schema.org","@graph":[{"@type":"WebPage","@id":"https:\/\/www.miomiorun.com\/de\/produkt\/running-alpha-singlet-herren\/","url":"https:\/\/www.miomiorun.com\/de\/produkt\/running-alpha-singlet-herren\/","name":"UynRunning Alpha singlet herren - Thermounterw\u00e4sche - MioMioRun.com","isPartOf":{"@id":"https:\/\/www.miomiorun.com\/de\/#website"},"primaryImageOfPage":{"@id":"https:\/\/www.miomiorun.com\/de\/produkt\/running-alpha-singlet-herren\/#primaryimage"},"image":{"@id":"https:\/\/www.miomiorun.com\/de\/produkt\/running-alpha-singlet-herren\/#primaryimage"},"thumbnailUrl":"https:\/\/www.miomiorun.com\/app\/uploads\/2020\/09\/Uyn-M-running-Alpha-singlet-J188.jpg","datePublished":"2020-09-05T13:59:12+00:00","dateModified":"2026-05-08T18:44:19+00:00","description":"H\u00f6chstleistung bei Hitze? Das Alpha Running Singlet von UYN\u00ae ist eng anliegend und bequem und garantiert maximale Atmungsaktivit\u00e4t und Komfort","breadcrumb":{"@id":"https:\/\/www.miomiorun.com\/de\/produkt\/running-alpha-singlet-herren\/#breadcrumb"},"inLanguage":"de-DE","potentialAction":[{"@type":"ReadAction","target":["https:\/\/www.miomiorun.com\/de\/produkt\/running-alpha-singlet-herren\/"]}]},{"@type":"ImageObject","inLanguage":"de-DE","@id":"https:\/\/www.miomiorun.com\/de\/produkt\/running-alpha-singlet-herren\/#primaryimage","url":"https:\/\/www.miomiorun.com\/app\/uploads\/2020\/09\/Uyn-M-running-Alpha-singlet-J188.jpg","contentUrl":"https:\/\/www.miomiorun.com\/app\/uploads\/2020\/09\/Uyn-M-running-Alpha-singlet-J188.jpg","width":600,"height":600,"caption":"Uyn-M-running-Alpha-singlet-J188"},{"@type":"BreadcrumbList","@id":"https:\/\/www.miomiorun.com\/de\/produkt\/running-alpha-singlet-herren\/#breadcrumb","itemListElement":[{"@type":"ListItem","position":1,"name":"Home","item":"https:\/\/www.miomiorun.com\/de\/"},{"@type":"ListItem","position":2,"name":"Shop","item":"https:\/\/www.miomiorun.com\/shop\/"},{"@type":"ListItem","position":3,"name":"Running Alpha singlet herren"}]},{"@type":"WebSite","@id":"https:\/\/www.miomiorun.com\/de\/#website","url":"https:\/\/www.miomiorun.com\/de\/","name":"MioMioRun","description":"100% Lauf- und Trailshop","publisher":{"@id":"https:\/\/www.miomiorun.com\/de\/#organization"},"potentialAction":[{"@type":"SearchAction","target":{"@type":"EntryPoint","urlTemplate":"https:\/\/www.miomiorun.com\/de\/?s={search_term_string}"},"query-input":{"@type":"PropertyValueSpecification","valueRequired":true,"valueName":"search_term_string"}}],"inLanguage":"de-DE"},{"@type":"Organization","@id":"https:\/\/www.miomiorun.com\/de\/#organization","name":"MioMio Run","url":"https:\/\/www.miomiorun.com\/de\/","logo":{"@type":"ImageObject","inLanguage":"de-DE","@id":"https:\/\/www.miomiorun.com\/de\/#\/schema\/logo\/image\/","url":"https:\/\/www.miomiorun.com\/app\/uploads\/2019\/12\/logomio.png","contentUrl":"https:\/\/www.miomiorun.com\/app\/uploads\/2019\/12\/logomio.png","width":115,"height":82,"caption":"MioMio Run"},"image":{"@id":"https:\/\/www.miomiorun.com\/de\/#\/schema\/logo\/image\/"},"sameAs":["https:\/\/www.facebook.com\/miomiorun\/","https:\/\/www.instagram.com\/miomiorun\/"]}]}},"_links":{"self":[{"href":"https:\/\/www.miomiorun.com\/de\/wp-json\/wp\/v2\/product\/177046","targetHints":{"allow":["GET"]}}],"collection":[{"href":"https:\/\/www.miomiorun.com\/de\/wp-json\/wp\/v2\/product"}],"about":[{"href":"https:\/\/www.miomiorun.com\/de\/wp-json\/wp\/v2\/types\/product"}],"wp:featuredmedia":[{"embeddable":true,"href":"https:\/\/www.miomiorun.com\/de\/wp-json\/wp\/v2\/media\/52848"}],"wp:attachment":[{"href":"https:\/\/www.miomiorun.com\/de\/wp-json\/wp\/v2\/media?parent=177046"}],"wp:term":[{"taxonomy":"product_brand","embeddable":true,"href":"https:\/\/www.miomiorun.com\/de\/wp-json\/wp\/v2\/product_brand?post=177046"},{"taxonomy":"product_cat","embeddable":true,"href":"https:\/\/www.miomiorun.com\/de\/wp-json\/wp\/v2\/product_cat?post=177046"},{"taxonomy":"product_tag","embeddable":true,"href":"https:\/\/www.miomiorun.com\/de\/wp-json\/wp\/v2\/product_tag?post=177046"}],"curies":[{"name":"wp","href":"https:\/\/api.w.org\/{rel}","templated":true}]}}