{"id":177031,"date":"2021-01-30T11:57:51","date_gmt":"2021-01-30T10:57:51","guid":{"rendered":"https:\/\/miomiorun.com\/prodotto\/craft-adv-warm-fuseknit-intensity-ls-uomo\/"},"modified":"2024-06-07T16:36:34","modified_gmt":"2024-06-07T14:36:34","slug":"adv-warm-fuseknit-intensity-ls-herren","status":"publish","type":"product","link":"https:\/\/www.miomiorun.com\/de\/produkt\/adv-warm-fuseknit-intensity-ls-herren\/","title":{"rendered":"ADV Warm Fuseknit Intensity LS herren"},"content":{"rendered":"<p>Das <strong>ADV Warm Fuseknit Intensity LS<\/strong> ist ein weiches und funktionelles Baselayer-Trikot, das f\u00fcr intensives Training bei kalten Bedingungen entwickelt wurde.<\/p>\n<p>Das lang\u00e4rmelige Baselayer-Trikot ist aus leichtem Thermogarn gefertigt und verf\u00fcgt \u00fcber Hohlfasern und k\u00f6rpernahe Klimazonen, die zusammen f\u00fcr eine hervorragende Thermoregulierung sorgen. Dar\u00fcber hinaus verf\u00fcgt das Kleidungsst\u00fcck \u00fcber die innovative Fuseknit-Technologie, die nahtlose Strickteile mit ergonomischen und strategischen N\u00e4hten kombiniert, um weiche und dehnbare Kleidungsst\u00fccke zu schaffen. Das Ergebnis sind weniger N\u00e4hte und ein glattes, scheuerfreies und h\u00f6chst komfortables Tragegef\u00fchl. Eine ausgezeichnete Wahl f\u00fcr den alpinen Skisport und \u00e4hnliche Aktivit\u00e4ten.<\/p>\n<ul>\n<li>Leichtes Thermogarn f\u00fcr hervorragende W\u00e4rmeregulierung<\/li>\n<li>Hohlfasern f\u00fcr bessere Isolierung<\/li>\n<li>Bodymap-Klimazonen sorgen dort f\u00fcr W\u00e4rme, wo sie am meisten gebraucht wird<\/li>\n<li>Fuseknit-Konstruktion f\u00fcr optimalen Komfort<\/li>\n<li>Nahtloser Torso<\/li>\n<li>3D-Strick, ergonomische Passform<\/li>\n<li>Eng anliegend<\/li>\n<li>Feuchtigkeitstransport: 4 von 5<\/li>\n<li>Aktivit\u00e4tsgrad: 4 von 5<\/li>\n<li>Temperatur: -15 \u00baC bis -5 \u00baC<\/li>\n<\/ul>\n","protected":false},"excerpt":{"rendered":"<p>Das ADV Warm Fuseknit Intensity LS ist ein weiches und funktionelles Baselayer-Trikot, das f\u00fcr intensives Training bei kalten Bedingungen entwickelt wurde. Das lang\u00e4rmelige Baselayer-Trikot ist aus leichtem Thermogarn gefertigt und verf\u00fcgt \u00fcber Hohlfasern und k\u00f6rpernahe Klimazonen, die zusammen f\u00fcr eine hervorragende Thermoregulierung sorgen. Dar\u00fcber hinaus verf\u00fcgt das Kleidungsst\u00fcck \u00fcber die innovative Fuseknit-Technologie, die nahtlose Strickteile &hellip; <a href=\"https:\/\/www.miomiorun.com\/de\/produkt\/adv-warm-fuseknit-intensity-ls-herren\/\">Continued<\/a><\/p>\n","protected":false},"featured_media":54178,"template":"","meta":{"_acf_changed":false,"inline_featured_image":false},"product_brand":[],"product_cat":[6515,6540,6511],"product_tag":[6304,6234],"class_list":{"0":"post-177031","1":"product","2":"type-product","3":"status-publish","4":"has-post-thumbnail","6":"product_cat-herren-de","7":"product_cat-herrenbekleidung","8":"product_cat-waesche","9":"product_tag-craft-de","10":"product_tag-craft-herren-de","11":"pa_attivita-gehen","12":"pa_attivita-outdoor-de","13":"pa_attivita-running-de","14":"pa_attivita-trail-de","15":"pa_marca-craft-de","16":"pa_sesso-herren","17":"pa_size-small-de","18":"pa_size-large-de","19":"pa_size-extra-large-de","21":"first","22":"instock","23":"sale","24":"taxable","25":"shipping-taxable","26":"purchasable","27":"product-type-variable","28":"wvs-archive-product-wrapper"},"acf":[],"yoast_head":"<!-- This site is optimized with the Yoast SEO plugin v26.8 - https:\/\/yoast.com\/product\/yoast-seo-wordpress\/ -->\n<title>CraftADV Warm Fuseknit Intensity LS herren - Thermo-Unterw\u00e4sche - MioMioRun<\/title>\n<meta name=\"description\" content=\"Das ADV Warm Fuseknit Intensity LS ist ein weiches und funktionelles Baselayer-Trikot, das f\u00fcr intensives Training bei kalten Bedingungen entwickelt wurde.\" \/>\n<meta name=\"robots\" content=\"index, follow, max-snippet:-1, max-image-preview:large, max-video-preview:-1\" \/>\n<link rel=\"canonical\" href=\"https:\/\/www.miomiorun.com\/de\/produkt\/adv-warm-fuseknit-intensity-ls-herren\/\" \/>\n<meta property=\"og:locale\" content=\"de_DE\" \/>\n<meta property=\"og:type\" content=\"article\" \/>\n<meta property=\"og:title\" content=\"CraftADV Warm Fuseknit Intensity LS herren - Thermo-Unterw\u00e4sche - MioMioRun\" \/>\n<meta property=\"og:description\" content=\"Das ADV Warm Fuseknit Intensity LS ist ein weiches und funktionelles Baselayer-Trikot, das f\u00fcr intensives Training bei kalten Bedingungen entwickelt wurde.\" \/>\n<meta property=\"og:url\" content=\"https:\/\/www.miomiorun.com\/de\/produkt\/adv-warm-fuseknit-intensity-ls-herren\/\" \/>\n<meta property=\"og:site_name\" content=\"MioMioRun\" \/>\n<meta property=\"article:publisher\" content=\"https:\/\/www.facebook.com\/miomiorun\/\" \/>\n<meta property=\"article:modified_time\" content=\"2024-06-07T14:36:34+00:00\" \/>\n<meta property=\"og:image\" content=\"https:\/\/www.miomiorun.com\/app\/uploads\/2021\/01\/craft-ADV-Warm-Fuseknit-Intensity-LS-1909732-999000.jpg\" \/>\n\t<meta property=\"og:image:width\" content=\"600\" \/>\n\t<meta property=\"og:image:height\" content=\"600\" \/>\n\t<meta property=\"og:image:type\" content=\"image\/jpeg\" \/>\n<meta name=\"twitter:card\" content=\"summary_large_image\" \/>\n<meta name=\"twitter:label1\" content=\"Est. reading time\" \/>\n\t<meta name=\"twitter:data1\" content=\"1 minute\" \/>\n<script type=\"application\/ld+json\" class=\"yoast-schema-graph\">{\"@context\":\"https:\/\/schema.org\",\"@graph\":[{\"@type\":\"WebPage\",\"@id\":\"https:\/\/www.miomiorun.com\/de\/produkt\/adv-warm-fuseknit-intensity-ls-herren\/\",\"url\":\"https:\/\/www.miomiorun.com\/de\/produkt\/adv-warm-fuseknit-intensity-ls-herren\/\",\"name\":\"CraftADV Warm Fuseknit Intensity LS herren - Thermo-Unterw\u00e4sche - MioMioRun\",\"isPartOf\":{\"@id\":\"https:\/\/www.miomiorun.com\/de\/#website\"},\"primaryImageOfPage\":{\"@id\":\"https:\/\/www.miomiorun.com\/de\/produkt\/adv-warm-fuseknit-intensity-ls-herren\/#primaryimage\"},\"image\":{\"@id\":\"https:\/\/www.miomiorun.com\/de\/produkt\/adv-warm-fuseknit-intensity-ls-herren\/#primaryimage\"},\"thumbnailUrl\":\"https:\/\/www.miomiorun.com\/app\/uploads\/2021\/01\/craft-ADV-Warm-Fuseknit-Intensity-LS-1909732-999000.jpg\",\"datePublished\":\"2021-01-30T10:57:51+00:00\",\"dateModified\":\"2024-06-07T14:36:34+00:00\",\"description\":\"Das ADV Warm Fuseknit Intensity LS ist ein weiches und funktionelles Baselayer-Trikot, das f\u00fcr intensives Training bei kalten Bedingungen entwickelt wurde.\",\"breadcrumb\":{\"@id\":\"https:\/\/www.miomiorun.com\/de\/produkt\/adv-warm-fuseknit-intensity-ls-herren\/#breadcrumb\"},\"inLanguage\":\"de-DE\",\"potentialAction\":[{\"@type\":\"ReadAction\",\"target\":[\"https:\/\/www.miomiorun.com\/de\/produkt\/adv-warm-fuseknit-intensity-ls-herren\/\"]}]},{\"@type\":\"ImageObject\",\"inLanguage\":\"de-DE\",\"@id\":\"https:\/\/www.miomiorun.com\/de\/produkt\/adv-warm-fuseknit-intensity-ls-herren\/#primaryimage\",\"url\":\"https:\/\/www.miomiorun.com\/app\/uploads\/2021\/01\/craft-ADV-Warm-Fuseknit-Intensity-LS-1909732-999000.jpg\",\"contentUrl\":\"https:\/\/www.miomiorun.com\/app\/uploads\/2021\/01\/craft-ADV-Warm-Fuseknit-Intensity-LS-1909732-999000.jpg\",\"width\":600,\"height\":600,\"caption\":\"craft ADV Warm fuseknit intensity\"},{\"@type\":\"BreadcrumbList\",\"@id\":\"https:\/\/www.miomiorun.com\/de\/produkt\/adv-warm-fuseknit-intensity-ls-herren\/#breadcrumb\",\"itemListElement\":[{\"@type\":\"ListItem\",\"position\":1,\"name\":\"Home\",\"item\":\"https:\/\/www.miomiorun.com\/de\/\"},{\"@type\":\"ListItem\",\"position\":2,\"name\":\"Shop\",\"item\":\"https:\/\/www.miomiorun.com\/shop\/\"},{\"@type\":\"ListItem\",\"position\":3,\"name\":\"ADV Warm Fuseknit Intensity LS herren\"}]},{\"@type\":\"WebSite\",\"@id\":\"https:\/\/www.miomiorun.com\/de\/#website\",\"url\":\"https:\/\/www.miomiorun.com\/de\/\",\"name\":\"MioMioRun\",\"description\":\"100% Lauf- und Trailshop\",\"publisher\":{\"@id\":\"https:\/\/www.miomiorun.com\/de\/#organization\"},\"potentialAction\":[{\"@type\":\"SearchAction\",\"target\":{\"@type\":\"EntryPoint\",\"urlTemplate\":\"https:\/\/www.miomiorun.com\/de\/?s={search_term_string}\"},\"query-input\":{\"@type\":\"PropertyValueSpecification\",\"valueRequired\":true,\"valueName\":\"search_term_string\"}}],\"inLanguage\":\"de-DE\"},{\"@type\":\"Organization\",\"@id\":\"https:\/\/www.miomiorun.com\/de\/#organization\",\"name\":\"MioMio Run\",\"url\":\"https:\/\/www.miomiorun.com\/de\/\",\"logo\":{\"@type\":\"ImageObject\",\"inLanguage\":\"de-DE\",\"@id\":\"https:\/\/www.miomiorun.com\/de\/#\/schema\/logo\/image\/\",\"url\":\"https:\/\/www.miomiorun.com\/app\/uploads\/2019\/12\/logomio.png\",\"contentUrl\":\"https:\/\/www.miomiorun.com\/app\/uploads\/2019\/12\/logomio.png\",\"width\":115,\"height\":82,\"caption\":\"MioMio Run\"},\"image\":{\"@id\":\"https:\/\/www.miomiorun.com\/de\/#\/schema\/logo\/image\/\"},\"sameAs\":[\"https:\/\/www.facebook.com\/miomiorun\/\",\"https:\/\/www.instagram.com\/miomiorun\/\"]}]}<\/script>\n<!-- \/ Yoast SEO plugin. -->","yoast_head_json":{"title":"CraftADV Warm Fuseknit Intensity LS herren - Thermo-Unterw\u00e4sche - MioMioRun","description":"Das ADV Warm Fuseknit Intensity LS ist ein weiches und funktionelles Baselayer-Trikot, das f\u00fcr intensives Training bei kalten Bedingungen entwickelt wurde.","robots":{"index":"index","follow":"follow","max-snippet":"max-snippet:-1","max-image-preview":"max-image-preview:large","max-video-preview":"max-video-preview:-1"},"canonical":"https:\/\/www.miomiorun.com\/de\/produkt\/adv-warm-fuseknit-intensity-ls-herren\/","og_locale":"de_DE","og_type":"article","og_title":"CraftADV Warm Fuseknit Intensity LS herren - Thermo-Unterw\u00e4sche - MioMioRun","og_description":"Das ADV Warm Fuseknit Intensity LS ist ein weiches und funktionelles Baselayer-Trikot, das f\u00fcr intensives Training bei kalten Bedingungen entwickelt wurde.","og_url":"https:\/\/www.miomiorun.com\/de\/produkt\/adv-warm-fuseknit-intensity-ls-herren\/","og_site_name":"MioMioRun","article_publisher":"https:\/\/www.facebook.com\/miomiorun\/","article_modified_time":"2024-06-07T14:36:34+00:00","og_image":[{"width":600,"height":600,"url":"https:\/\/www.miomiorun.com\/app\/uploads\/2021\/01\/craft-ADV-Warm-Fuseknit-Intensity-LS-1909732-999000.jpg","type":"image\/jpeg"}],"twitter_card":"summary_large_image","twitter_misc":{"Est. reading time":"1 minute"},"schema":{"@context":"https:\/\/schema.org","@graph":[{"@type":"WebPage","@id":"https:\/\/www.miomiorun.com\/de\/produkt\/adv-warm-fuseknit-intensity-ls-herren\/","url":"https:\/\/www.miomiorun.com\/de\/produkt\/adv-warm-fuseknit-intensity-ls-herren\/","name":"CraftADV Warm Fuseknit Intensity LS herren - Thermo-Unterw\u00e4sche - MioMioRun","isPartOf":{"@id":"https:\/\/www.miomiorun.com\/de\/#website"},"primaryImageOfPage":{"@id":"https:\/\/www.miomiorun.com\/de\/produkt\/adv-warm-fuseknit-intensity-ls-herren\/#primaryimage"},"image":{"@id":"https:\/\/www.miomiorun.com\/de\/produkt\/adv-warm-fuseknit-intensity-ls-herren\/#primaryimage"},"thumbnailUrl":"https:\/\/www.miomiorun.com\/app\/uploads\/2021\/01\/craft-ADV-Warm-Fuseknit-Intensity-LS-1909732-999000.jpg","datePublished":"2021-01-30T10:57:51+00:00","dateModified":"2024-06-07T14:36:34+00:00","description":"Das ADV Warm Fuseknit Intensity LS ist ein weiches und funktionelles Baselayer-Trikot, das f\u00fcr intensives Training bei kalten Bedingungen entwickelt wurde.","breadcrumb":{"@id":"https:\/\/www.miomiorun.com\/de\/produkt\/adv-warm-fuseknit-intensity-ls-herren\/#breadcrumb"},"inLanguage":"de-DE","potentialAction":[{"@type":"ReadAction","target":["https:\/\/www.miomiorun.com\/de\/produkt\/adv-warm-fuseknit-intensity-ls-herren\/"]}]},{"@type":"ImageObject","inLanguage":"de-DE","@id":"https:\/\/www.miomiorun.com\/de\/produkt\/adv-warm-fuseknit-intensity-ls-herren\/#primaryimage","url":"https:\/\/www.miomiorun.com\/app\/uploads\/2021\/01\/craft-ADV-Warm-Fuseknit-Intensity-LS-1909732-999000.jpg","contentUrl":"https:\/\/www.miomiorun.com\/app\/uploads\/2021\/01\/craft-ADV-Warm-Fuseknit-Intensity-LS-1909732-999000.jpg","width":600,"height":600,"caption":"craft ADV Warm fuseknit intensity"},{"@type":"BreadcrumbList","@id":"https:\/\/www.miomiorun.com\/de\/produkt\/adv-warm-fuseknit-intensity-ls-herren\/#breadcrumb","itemListElement":[{"@type":"ListItem","position":1,"name":"Home","item":"https:\/\/www.miomiorun.com\/de\/"},{"@type":"ListItem","position":2,"name":"Shop","item":"https:\/\/www.miomiorun.com\/shop\/"},{"@type":"ListItem","position":3,"name":"ADV Warm Fuseknit Intensity LS herren"}]},{"@type":"WebSite","@id":"https:\/\/www.miomiorun.com\/de\/#website","url":"https:\/\/www.miomiorun.com\/de\/","name":"MioMioRun","description":"100% Lauf- und Trailshop","publisher":{"@id":"https:\/\/www.miomiorun.com\/de\/#organization"},"potentialAction":[{"@type":"SearchAction","target":{"@type":"EntryPoint","urlTemplate":"https:\/\/www.miomiorun.com\/de\/?s={search_term_string}"},"query-input":{"@type":"PropertyValueSpecification","valueRequired":true,"valueName":"search_term_string"}}],"inLanguage":"de-DE"},{"@type":"Organization","@id":"https:\/\/www.miomiorun.com\/de\/#organization","name":"MioMio Run","url":"https:\/\/www.miomiorun.com\/de\/","logo":{"@type":"ImageObject","inLanguage":"de-DE","@id":"https:\/\/www.miomiorun.com\/de\/#\/schema\/logo\/image\/","url":"https:\/\/www.miomiorun.com\/app\/uploads\/2019\/12\/logomio.png","contentUrl":"https:\/\/www.miomiorun.com\/app\/uploads\/2019\/12\/logomio.png","width":115,"height":82,"caption":"MioMio Run"},"image":{"@id":"https:\/\/www.miomiorun.com\/de\/#\/schema\/logo\/image\/"},"sameAs":["https:\/\/www.facebook.com\/miomiorun\/","https:\/\/www.instagram.com\/miomiorun\/"]}]}},"_links":{"self":[{"href":"https:\/\/www.miomiorun.com\/de\/wp-json\/wp\/v2\/product\/177031","targetHints":{"allow":["GET"]}}],"collection":[{"href":"https:\/\/www.miomiorun.com\/de\/wp-json\/wp\/v2\/product"}],"about":[{"href":"https:\/\/www.miomiorun.com\/de\/wp-json\/wp\/v2\/types\/product"}],"wp:featuredmedia":[{"embeddable":true,"href":"https:\/\/www.miomiorun.com\/de\/wp-json\/wp\/v2\/media\/54178"}],"wp:attachment":[{"href":"https:\/\/www.miomiorun.com\/de\/wp-json\/wp\/v2\/media?parent=177031"}],"wp:term":[{"taxonomy":"product_brand","embeddable":true,"href":"https:\/\/www.miomiorun.com\/de\/wp-json\/wp\/v2\/product_brand?post=177031"},{"taxonomy":"product_cat","embeddable":true,"href":"https:\/\/www.miomiorun.com\/de\/wp-json\/wp\/v2\/product_cat?post=177031"},{"taxonomy":"product_tag","embeddable":true,"href":"https:\/\/www.miomiorun.com\/de\/wp-json\/wp\/v2\/product_tag?post=177031"}],"curies":[{"name":"wp","href":"https:\/\/api.w.org\/{rel}","templated":true}]}}