{"id":177027,"date":"2021-04-28T19:02:45","date_gmt":"2021-04-28T17:02:45","guid":{"rendered":"https:\/\/miomiorun.com\/prodotto\/craft-greatness-boxer-3-inch-uomo\/"},"modified":"2024-06-07T17:55:37","modified_gmt":"2024-06-07T15:55:37","slug":"greatness-boxer-3-inch-herren","status":"publish","type":"product","link":"https:\/\/www.miomiorun.com\/de\/produkt\/greatness-boxer-3-inch-herren\/","title":{"rendered":"Greatness Boxer 3-Inch herren"},"content":{"rendered":"<p>Funktionelle Boxershorts f\u00fcr alle Arten von Training.<\/p>\n<p>Die 3-inch Greatness Boxershorts sind aus einem hochfunktionellen Material gefertigt, das dich bei intensivem Training unter hei\u00dfen Bedingungen k\u00fchl und trocken h\u00e4lt. Das ergonomische 3D-Design bietet eine perfekte Passform und optimale Bewegungsfreiheit. Durch das Tragen von Funktionsunterw\u00e4sche (anstelle von Baumwolle), die n\u00e4her an der Haut liegt, tragen Sie zur Regulierung Ihrer K\u00f6rpertemperatur bei und verbessern so Ihre Chancen auf optimale Leistung.<\/p>\n<ul>\n<li>Effizienter Feuchtigkeitstransport<\/li>\n<li>D\u00fcnne und leichte Stoffe<\/li>\n<li>Ergonomische Passform<\/li>\n<li>Innennaht 3 Zoll<\/li>\n<\/ul>\n<p>&nbsp;<\/p>\n<p><strong>Stoff<\/strong><\/p>\n<p>88% Polyester 12% Elastan<\/p>\n<p>&nbsp;<\/p>\n<p>&nbsp;<\/p>\n","protected":false},"excerpt":{"rendered":"<p>Funktionelle Boxershorts f\u00fcr alle Arten von Training. Die 3-inch Greatness Boxershorts sind aus einem hochfunktionellen Material gefertigt, das dich bei intensivem Training unter hei\u00dfen Bedingungen k\u00fchl und trocken h\u00e4lt. Das ergonomische 3D-Design bietet eine perfekte Passform und optimale Bewegungsfreiheit. Durch das Tragen von Funktionsunterw\u00e4sche (anstelle von Baumwolle), die n\u00e4her an der Haut liegt, tragen Sie &hellip; <a href=\"https:\/\/www.miomiorun.com\/de\/produkt\/greatness-boxer-3-inch-herren\/\">Continued<\/a><\/p>\n","protected":false},"featured_media":55459,"template":"","meta":{"_acf_changed":false,"inline_featured_image":false},"product_brand":[],"product_cat":[6515,6540,6511],"product_tag":[6304,6234],"class_list":{"0":"post-177027","1":"product","2":"type-product","3":"status-publish","4":"has-post-thumbnail","6":"product_cat-herren-de","7":"product_cat-herrenbekleidung","8":"product_cat-waesche","9":"product_tag-craft-de","10":"product_tag-craft-herren-de","11":"pa_attivita-fitness-de","12":"pa_attivita-gehen","13":"pa_attivita-lifestyle-de","14":"pa_attivita-outdoor-de","15":"pa_attivita-running-de","16":"pa_attivita-trail-de","17":"pa_marca-craft-de","18":"pa_sesso-herren","19":"pa_size-extra-large-de","21":"first","22":"instock","23":"sale","24":"taxable","25":"shipping-taxable","26":"purchasable","27":"product-type-variable","28":"wvs-archive-product-wrapper"},"acf":[],"yoast_head":"<!-- This site is optimized with the Yoast SEO plugin v26.8 - https:\/\/yoast.com\/product\/yoast-seo-wordpress\/ -->\n<title>Greatness Boxer 3-Inch herren - Thermo-Unterw\u00e4sche - MioMioRun.com<\/title>\n<meta name=\"description\" content=\"Die Greatness 3-inch Boxershorts sind aus einem hochfunktionellen Material gefertigt, das Sie w\u00e4hrend des Trainings k\u00fchl und trocken h\u00e4lt\" \/>\n<meta name=\"robots\" content=\"index, follow, max-snippet:-1, max-image-preview:large, max-video-preview:-1\" \/>\n<link rel=\"canonical\" href=\"https:\/\/www.miomiorun.com\/de\/produkt\/greatness-boxer-3-inch-herren\/\" \/>\n<meta property=\"og:locale\" content=\"de_DE\" \/>\n<meta property=\"og:type\" content=\"article\" \/>\n<meta property=\"og:title\" content=\"Greatness Boxer 3-Inch herren - Thermo-Unterw\u00e4sche - MioMioRun.com\" \/>\n<meta property=\"og:description\" content=\"Die Greatness 3-inch Boxershorts sind aus einem hochfunktionellen Material gefertigt, das Sie w\u00e4hrend des Trainings k\u00fchl und trocken h\u00e4lt\" \/>\n<meta property=\"og:url\" content=\"https:\/\/www.miomiorun.com\/de\/produkt\/greatness-boxer-3-inch-herren\/\" \/>\n<meta property=\"og:site_name\" content=\"MioMioRun\" \/>\n<meta property=\"article:publisher\" content=\"https:\/\/www.facebook.com\/miomiorun\/\" \/>\n<meta property=\"article:modified_time\" content=\"2024-06-07T15:55:37+00:00\" \/>\n<meta property=\"og:image\" content=\"https:\/\/www.miomiorun.com\/app\/uploads\/2021\/04\/craft-Greatness-Boxer-3-inch-1905488-9900.jpg\" \/>\n\t<meta property=\"og:image:width\" content=\"600\" \/>\n\t<meta property=\"og:image:height\" content=\"600\" \/>\n\t<meta property=\"og:image:type\" content=\"image\/jpeg\" \/>\n<meta name=\"twitter:card\" content=\"summary_large_image\" \/>\n<script type=\"application\/ld+json\" class=\"yoast-schema-graph\">{\"@context\":\"https:\/\/schema.org\",\"@graph\":[{\"@type\":\"WebPage\",\"@id\":\"https:\/\/www.miomiorun.com\/de\/produkt\/greatness-boxer-3-inch-herren\/\",\"url\":\"https:\/\/www.miomiorun.com\/de\/produkt\/greatness-boxer-3-inch-herren\/\",\"name\":\"Greatness Boxer 3-Inch herren - Thermo-Unterw\u00e4sche - MioMioRun.com\",\"isPartOf\":{\"@id\":\"https:\/\/www.miomiorun.com\/de\/#website\"},\"primaryImageOfPage\":{\"@id\":\"https:\/\/www.miomiorun.com\/de\/produkt\/greatness-boxer-3-inch-herren\/#primaryimage\"},\"image\":{\"@id\":\"https:\/\/www.miomiorun.com\/de\/produkt\/greatness-boxer-3-inch-herren\/#primaryimage\"},\"thumbnailUrl\":\"https:\/\/www.miomiorun.com\/app\/uploads\/2021\/04\/craft-Greatness-Boxer-3-inch-1905488-9900.jpg\",\"datePublished\":\"2021-04-28T17:02:45+00:00\",\"dateModified\":\"2024-06-07T15:55:37+00:00\",\"description\":\"Die Greatness 3-inch Boxershorts sind aus einem hochfunktionellen Material gefertigt, das Sie w\u00e4hrend des Trainings k\u00fchl und trocken h\u00e4lt\",\"breadcrumb\":{\"@id\":\"https:\/\/www.miomiorun.com\/de\/produkt\/greatness-boxer-3-inch-herren\/#breadcrumb\"},\"inLanguage\":\"de-DE\",\"potentialAction\":[{\"@type\":\"ReadAction\",\"target\":[\"https:\/\/www.miomiorun.com\/de\/produkt\/greatness-boxer-3-inch-herren\/\"]}]},{\"@type\":\"ImageObject\",\"inLanguage\":\"de-DE\",\"@id\":\"https:\/\/www.miomiorun.com\/de\/produkt\/greatness-boxer-3-inch-herren\/#primaryimage\",\"url\":\"https:\/\/www.miomiorun.com\/app\/uploads\/2021\/04\/craft-Greatness-Boxer-3-inch-1905488-9900.jpg\",\"contentUrl\":\"https:\/\/www.miomiorun.com\/app\/uploads\/2021\/04\/craft-Greatness-Boxer-3-inch-1905488-9900.jpg\",\"width\":600,\"height\":600,\"caption\":\"craft greatness boxer 3 inch fronte\"},{\"@type\":\"BreadcrumbList\",\"@id\":\"https:\/\/www.miomiorun.com\/de\/produkt\/greatness-boxer-3-inch-herren\/#breadcrumb\",\"itemListElement\":[{\"@type\":\"ListItem\",\"position\":1,\"name\":\"Home\",\"item\":\"https:\/\/www.miomiorun.com\/de\/\"},{\"@type\":\"ListItem\",\"position\":2,\"name\":\"Shop\",\"item\":\"https:\/\/www.miomiorun.com\/shop\/\"},{\"@type\":\"ListItem\",\"position\":3,\"name\":\"Greatness Boxer 3-Inch herren\"}]},{\"@type\":\"WebSite\",\"@id\":\"https:\/\/www.miomiorun.com\/de\/#website\",\"url\":\"https:\/\/www.miomiorun.com\/de\/\",\"name\":\"MioMioRun\",\"description\":\"100% Lauf- und Trailshop\",\"publisher\":{\"@id\":\"https:\/\/www.miomiorun.com\/de\/#organization\"},\"potentialAction\":[{\"@type\":\"SearchAction\",\"target\":{\"@type\":\"EntryPoint\",\"urlTemplate\":\"https:\/\/www.miomiorun.com\/de\/?s={search_term_string}\"},\"query-input\":{\"@type\":\"PropertyValueSpecification\",\"valueRequired\":true,\"valueName\":\"search_term_string\"}}],\"inLanguage\":\"de-DE\"},{\"@type\":\"Organization\",\"@id\":\"https:\/\/www.miomiorun.com\/de\/#organization\",\"name\":\"MioMio Run\",\"url\":\"https:\/\/www.miomiorun.com\/de\/\",\"logo\":{\"@type\":\"ImageObject\",\"inLanguage\":\"de-DE\",\"@id\":\"https:\/\/www.miomiorun.com\/de\/#\/schema\/logo\/image\/\",\"url\":\"https:\/\/www.miomiorun.com\/app\/uploads\/2019\/12\/logomio.png\",\"contentUrl\":\"https:\/\/www.miomiorun.com\/app\/uploads\/2019\/12\/logomio.png\",\"width\":115,\"height\":82,\"caption\":\"MioMio Run\"},\"image\":{\"@id\":\"https:\/\/www.miomiorun.com\/de\/#\/schema\/logo\/image\/\"},\"sameAs\":[\"https:\/\/www.facebook.com\/miomiorun\/\",\"https:\/\/www.instagram.com\/miomiorun\/\"]}]}<\/script>\n<!-- \/ Yoast SEO plugin. -->","yoast_head_json":{"title":"Greatness Boxer 3-Inch herren - Thermo-Unterw\u00e4sche - MioMioRun.com","description":"Die Greatness 3-inch Boxershorts sind aus einem hochfunktionellen Material gefertigt, das Sie w\u00e4hrend des Trainings k\u00fchl und trocken h\u00e4lt","robots":{"index":"index","follow":"follow","max-snippet":"max-snippet:-1","max-image-preview":"max-image-preview:large","max-video-preview":"max-video-preview:-1"},"canonical":"https:\/\/www.miomiorun.com\/de\/produkt\/greatness-boxer-3-inch-herren\/","og_locale":"de_DE","og_type":"article","og_title":"Greatness Boxer 3-Inch herren - Thermo-Unterw\u00e4sche - MioMioRun.com","og_description":"Die Greatness 3-inch Boxershorts sind aus einem hochfunktionellen Material gefertigt, das Sie w\u00e4hrend des Trainings k\u00fchl und trocken h\u00e4lt","og_url":"https:\/\/www.miomiorun.com\/de\/produkt\/greatness-boxer-3-inch-herren\/","og_site_name":"MioMioRun","article_publisher":"https:\/\/www.facebook.com\/miomiorun\/","article_modified_time":"2024-06-07T15:55:37+00:00","og_image":[{"width":600,"height":600,"url":"https:\/\/www.miomiorun.com\/app\/uploads\/2021\/04\/craft-Greatness-Boxer-3-inch-1905488-9900.jpg","type":"image\/jpeg"}],"twitter_card":"summary_large_image","schema":{"@context":"https:\/\/schema.org","@graph":[{"@type":"WebPage","@id":"https:\/\/www.miomiorun.com\/de\/produkt\/greatness-boxer-3-inch-herren\/","url":"https:\/\/www.miomiorun.com\/de\/produkt\/greatness-boxer-3-inch-herren\/","name":"Greatness Boxer 3-Inch herren - Thermo-Unterw\u00e4sche - MioMioRun.com","isPartOf":{"@id":"https:\/\/www.miomiorun.com\/de\/#website"},"primaryImageOfPage":{"@id":"https:\/\/www.miomiorun.com\/de\/produkt\/greatness-boxer-3-inch-herren\/#primaryimage"},"image":{"@id":"https:\/\/www.miomiorun.com\/de\/produkt\/greatness-boxer-3-inch-herren\/#primaryimage"},"thumbnailUrl":"https:\/\/www.miomiorun.com\/app\/uploads\/2021\/04\/craft-Greatness-Boxer-3-inch-1905488-9900.jpg","datePublished":"2021-04-28T17:02:45+00:00","dateModified":"2024-06-07T15:55:37+00:00","description":"Die Greatness 3-inch Boxershorts sind aus einem hochfunktionellen Material gefertigt, das Sie w\u00e4hrend des Trainings k\u00fchl und trocken h\u00e4lt","breadcrumb":{"@id":"https:\/\/www.miomiorun.com\/de\/produkt\/greatness-boxer-3-inch-herren\/#breadcrumb"},"inLanguage":"de-DE","potentialAction":[{"@type":"ReadAction","target":["https:\/\/www.miomiorun.com\/de\/produkt\/greatness-boxer-3-inch-herren\/"]}]},{"@type":"ImageObject","inLanguage":"de-DE","@id":"https:\/\/www.miomiorun.com\/de\/produkt\/greatness-boxer-3-inch-herren\/#primaryimage","url":"https:\/\/www.miomiorun.com\/app\/uploads\/2021\/04\/craft-Greatness-Boxer-3-inch-1905488-9900.jpg","contentUrl":"https:\/\/www.miomiorun.com\/app\/uploads\/2021\/04\/craft-Greatness-Boxer-3-inch-1905488-9900.jpg","width":600,"height":600,"caption":"craft greatness boxer 3 inch fronte"},{"@type":"BreadcrumbList","@id":"https:\/\/www.miomiorun.com\/de\/produkt\/greatness-boxer-3-inch-herren\/#breadcrumb","itemListElement":[{"@type":"ListItem","position":1,"name":"Home","item":"https:\/\/www.miomiorun.com\/de\/"},{"@type":"ListItem","position":2,"name":"Shop","item":"https:\/\/www.miomiorun.com\/shop\/"},{"@type":"ListItem","position":3,"name":"Greatness Boxer 3-Inch herren"}]},{"@type":"WebSite","@id":"https:\/\/www.miomiorun.com\/de\/#website","url":"https:\/\/www.miomiorun.com\/de\/","name":"MioMioRun","description":"100% Lauf- und Trailshop","publisher":{"@id":"https:\/\/www.miomiorun.com\/de\/#organization"},"potentialAction":[{"@type":"SearchAction","target":{"@type":"EntryPoint","urlTemplate":"https:\/\/www.miomiorun.com\/de\/?s={search_term_string}"},"query-input":{"@type":"PropertyValueSpecification","valueRequired":true,"valueName":"search_term_string"}}],"inLanguage":"de-DE"},{"@type":"Organization","@id":"https:\/\/www.miomiorun.com\/de\/#organization","name":"MioMio Run","url":"https:\/\/www.miomiorun.com\/de\/","logo":{"@type":"ImageObject","inLanguage":"de-DE","@id":"https:\/\/www.miomiorun.com\/de\/#\/schema\/logo\/image\/","url":"https:\/\/www.miomiorun.com\/app\/uploads\/2019\/12\/logomio.png","contentUrl":"https:\/\/www.miomiorun.com\/app\/uploads\/2019\/12\/logomio.png","width":115,"height":82,"caption":"MioMio Run"},"image":{"@id":"https:\/\/www.miomiorun.com\/de\/#\/schema\/logo\/image\/"},"sameAs":["https:\/\/www.facebook.com\/miomiorun\/","https:\/\/www.instagram.com\/miomiorun\/"]}]}},"_links":{"self":[{"href":"https:\/\/www.miomiorun.com\/de\/wp-json\/wp\/v2\/product\/177027","targetHints":{"allow":["GET"]}}],"collection":[{"href":"https:\/\/www.miomiorun.com\/de\/wp-json\/wp\/v2\/product"}],"about":[{"href":"https:\/\/www.miomiorun.com\/de\/wp-json\/wp\/v2\/types\/product"}],"wp:featuredmedia":[{"embeddable":true,"href":"https:\/\/www.miomiorun.com\/de\/wp-json\/wp\/v2\/media\/55459"}],"wp:attachment":[{"href":"https:\/\/www.miomiorun.com\/de\/wp-json\/wp\/v2\/media?parent=177027"}],"wp:term":[{"taxonomy":"product_brand","embeddable":true,"href":"https:\/\/www.miomiorun.com\/de\/wp-json\/wp\/v2\/product_brand?post=177027"},{"taxonomy":"product_cat","embeddable":true,"href":"https:\/\/www.miomiorun.com\/de\/wp-json\/wp\/v2\/product_cat?post=177027"},{"taxonomy":"product_tag","embeddable":true,"href":"https:\/\/www.miomiorun.com\/de\/wp-json\/wp\/v2\/product_tag?post=177027"}],"curies":[{"name":"wp","href":"https:\/\/api.w.org\/{rel}","templated":true}]}}