{"id":177017,"date":"2021-08-14T09:54:00","date_gmt":"2021-08-14T07:54:00","guid":{"rendered":"https:\/\/miomiorun.com\/prodotto\/craft-warm-fuseknit-comfort-rn-ls-uomo\/"},"modified":"2026-05-08T21:02:57","modified_gmt":"2026-05-08T19:02:57","slug":"warm-fuseknit-comfort-rn-ls-herren","status":"publish","type":"product","link":"https:\/\/www.miomiorun.com\/de\/produkt\/warm-fuseknit-comfort-rn-ls-herren\/","title":{"rendered":"Warm Fuseknit Comfort RN LS herren"},"content":{"rendered":"<p>Das <strong>Fuseknit Comfort RN LS<\/strong> f\u00fcr Herren besteht aus leichtem, warmem Garn f\u00fcr eine optimale Thermoregulierung und bietet einen ausgezeichneten Feuchtigkeitstransport, um dich trocken und komfortabel zu halten. Dar\u00fcber hinaus verf\u00fcgt das Trikot \u00fcber die innovative Fuseknit-Technologie, die nahtlose Teile mit ergonomischen und strategischen N\u00e4hten kombiniert, um weiche und dehnbare Kleidungsst\u00fccke zu schaffen. Das Ergebnis sind weniger N\u00e4hte und ein glattes, scheuerfreies und sehr komfortables Tragegef\u00fchl. Eine perfekte Wahl f\u00fcr alle Arten von Winteraktivit\u00e4ten.<\/p>\n<p><strong>Merkmale:<\/strong><\/p>\n<ul>\n<li>Flatlock-N\u00e4hte<\/li>\n<li>Bodymapping mit verschiedenen Strukturen f\u00fcr optimale W\u00e4rmeregulierung<\/li>\n<li>Nahtloses Fuseknit-Design f\u00fcr optimalen Komfort<\/li>\n<li>Recyceltes Polyester-Gemisch<\/li>\n<\/ul>\n","protected":false},"excerpt":{"rendered":"<p>Das Fuseknit Comfort RN LS f\u00fcr Herren besteht aus leichtem, warmem Garn f\u00fcr eine optimale Thermoregulierung und bietet einen ausgezeichneten Feuchtigkeitstransport, um dich trocken und komfortabel zu halten. Dar\u00fcber hinaus verf\u00fcgt das Trikot \u00fcber die innovative Fuseknit-Technologie, die nahtlose Teile mit ergonomischen und strategischen N\u00e4hten kombiniert, um weiche und dehnbare Kleidungsst\u00fccke zu schaffen. Das Ergebnis &hellip; <a href=\"https:\/\/www.miomiorun.com\/de\/produkt\/warm-fuseknit-comfort-rn-ls-herren\/\">Continued<\/a><\/p>\n","protected":false},"featured_media":57756,"template":"","meta":{"_acf_changed":false,"inline_featured_image":false},"product_brand":[],"product_cat":[6515,6540,6511],"product_tag":[6304,6234],"class_list":{"0":"post-177017","1":"product","2":"type-product","3":"status-publish","4":"has-post-thumbnail","6":"product_cat-herren-de","7":"product_cat-herrenbekleidung","8":"product_cat-waesche","9":"product_tag-craft-de","10":"product_tag-craft-herren-de","11":"pa_attivita-gehen","12":"pa_attivita-outdoor-de","13":"pa_attivita-running-de","14":"pa_attivita-trail-de","15":"pa_colore-fuseknit-comfort-rn-ls-black-melange-de","16":"pa_colore-fuseknit-comfort-rn-ls-m-burst-de","17":"pa_colore-fuseknit-comfort-rn-ls-m-maritime-de","18":"pa_marca-craft-de","19":"pa_sesso-herren","20":"pa_size-medium-de","21":"pa_size-large-de","23":"first","24":"instock","25":"sale","26":"taxable","27":"shipping-taxable","28":"purchasable","29":"product-type-variable","30":"wvs-archive-product-wrapper"},"acf":[],"yoast_head":"<!-- This site is optimized with the Yoast SEO plugin v26.8 - https:\/\/yoast.com\/product\/yoast-seo-wordpress\/ -->\n<title>CraftWarm Fuseknit Comfort RN LS herren - Thermo-Unterw\u00e4sche - MioMioRun<\/title>\n<meta name=\"description\" content=\"Das Fuseknit Comfort RN LS f\u00fcr Herren besteht aus leichtem, warmem Garn f\u00fcr optimale W\u00e4rmeregulierung und bietet Feuchtigkeitstransport.\" \/>\n<meta name=\"robots\" content=\"index, follow, max-snippet:-1, max-image-preview:large, max-video-preview:-1\" \/>\n<link rel=\"canonical\" href=\"https:\/\/www.miomiorun.com\/de\/produkt\/warm-fuseknit-comfort-rn-ls-herren\/\" \/>\n<meta property=\"og:locale\" content=\"de_DE\" \/>\n<meta property=\"og:type\" content=\"article\" \/>\n<meta property=\"og:title\" content=\"CraftWarm Fuseknit Comfort RN LS herren - Thermo-Unterw\u00e4sche - MioMioRun\" \/>\n<meta property=\"og:description\" content=\"Das Fuseknit Comfort RN LS f\u00fcr Herren besteht aus leichtem, warmem Garn f\u00fcr optimale W\u00e4rmeregulierung und bietet Feuchtigkeitstransport.\" \/>\n<meta property=\"og:url\" content=\"https:\/\/www.miomiorun.com\/de\/produkt\/warm-fuseknit-comfort-rn-ls-herren\/\" \/>\n<meta property=\"og:site_name\" content=\"MioMioRun\" \/>\n<meta property=\"article:publisher\" content=\"https:\/\/www.facebook.com\/miomiorun\/\" \/>\n<meta property=\"article:modified_time\" content=\"2026-05-08T19:02:57+00:00\" \/>\n<meta property=\"og:image\" content=\"https:\/\/www.miomiorun.com\/app\/uploads\/2021\/09\/craft-Fuseknit-comfot-RN-LS-1906600-B98000.jpg\" \/>\n\t<meta property=\"og:image:width\" content=\"600\" \/>\n\t<meta property=\"og:image:height\" content=\"600\" \/>\n\t<meta property=\"og:image:type\" content=\"image\/jpeg\" \/>\n<meta name=\"twitter:card\" content=\"summary_large_image\" \/>\n<meta name=\"twitter:label1\" content=\"Est. reading time\" \/>\n\t<meta name=\"twitter:data1\" content=\"1 minute\" \/>\n<script type=\"application\/ld+json\" class=\"yoast-schema-graph\">{\"@context\":\"https:\/\/schema.org\",\"@graph\":[{\"@type\":\"WebPage\",\"@id\":\"https:\/\/www.miomiorun.com\/de\/produkt\/warm-fuseknit-comfort-rn-ls-herren\/\",\"url\":\"https:\/\/www.miomiorun.com\/de\/produkt\/warm-fuseknit-comfort-rn-ls-herren\/\",\"name\":\"CraftWarm Fuseknit Comfort RN LS herren - Thermo-Unterw\u00e4sche - MioMioRun\",\"isPartOf\":{\"@id\":\"https:\/\/www.miomiorun.com\/de\/#website\"},\"primaryImageOfPage\":{\"@id\":\"https:\/\/www.miomiorun.com\/de\/produkt\/warm-fuseknit-comfort-rn-ls-herren\/#primaryimage\"},\"image\":{\"@id\":\"https:\/\/www.miomiorun.com\/de\/produkt\/warm-fuseknit-comfort-rn-ls-herren\/#primaryimage\"},\"thumbnailUrl\":\"https:\/\/www.miomiorun.com\/app\/uploads\/2021\/09\/craft-Fuseknit-comfot-RN-LS-1906600-B98000.jpg\",\"datePublished\":\"2021-08-14T07:54:00+00:00\",\"dateModified\":\"2026-05-08T19:02:57+00:00\",\"description\":\"Das Fuseknit Comfort RN LS f\u00fcr Herren besteht aus leichtem, warmem Garn f\u00fcr optimale W\u00e4rmeregulierung und bietet Feuchtigkeitstransport.\",\"breadcrumb\":{\"@id\":\"https:\/\/www.miomiorun.com\/de\/produkt\/warm-fuseknit-comfort-rn-ls-herren\/#breadcrumb\"},\"inLanguage\":\"de-DE\",\"potentialAction\":[{\"@type\":\"ReadAction\",\"target\":[\"https:\/\/www.miomiorun.com\/de\/produkt\/warm-fuseknit-comfort-rn-ls-herren\/\"]}]},{\"@type\":\"ImageObject\",\"inLanguage\":\"de-DE\",\"@id\":\"https:\/\/www.miomiorun.com\/de\/produkt\/warm-fuseknit-comfort-rn-ls-herren\/#primaryimage\",\"url\":\"https:\/\/www.miomiorun.com\/app\/uploads\/2021\/09\/craft-Fuseknit-comfot-RN-LS-1906600-B98000.jpg\",\"contentUrl\":\"https:\/\/www.miomiorun.com\/app\/uploads\/2021\/09\/craft-Fuseknit-comfot-RN-LS-1906600-B98000.jpg\",\"width\":600,\"height\":600,\"caption\":\"craft fuseknit rn ls\"},{\"@type\":\"BreadcrumbList\",\"@id\":\"https:\/\/www.miomiorun.com\/de\/produkt\/warm-fuseknit-comfort-rn-ls-herren\/#breadcrumb\",\"itemListElement\":[{\"@type\":\"ListItem\",\"position\":1,\"name\":\"Home\",\"item\":\"https:\/\/www.miomiorun.com\/de\/\"},{\"@type\":\"ListItem\",\"position\":2,\"name\":\"Shop\",\"item\":\"https:\/\/www.miomiorun.com\/shop\/\"},{\"@type\":\"ListItem\",\"position\":3,\"name\":\"Warm Fuseknit Comfort RN LS herren\"}]},{\"@type\":\"WebSite\",\"@id\":\"https:\/\/www.miomiorun.com\/de\/#website\",\"url\":\"https:\/\/www.miomiorun.com\/de\/\",\"name\":\"MioMioRun\",\"description\":\"100% Lauf- und Trailshop\",\"publisher\":{\"@id\":\"https:\/\/www.miomiorun.com\/de\/#organization\"},\"potentialAction\":[{\"@type\":\"SearchAction\",\"target\":{\"@type\":\"EntryPoint\",\"urlTemplate\":\"https:\/\/www.miomiorun.com\/de\/?s={search_term_string}\"},\"query-input\":{\"@type\":\"PropertyValueSpecification\",\"valueRequired\":true,\"valueName\":\"search_term_string\"}}],\"inLanguage\":\"de-DE\"},{\"@type\":\"Organization\",\"@id\":\"https:\/\/www.miomiorun.com\/de\/#organization\",\"name\":\"MioMio Run\",\"url\":\"https:\/\/www.miomiorun.com\/de\/\",\"logo\":{\"@type\":\"ImageObject\",\"inLanguage\":\"de-DE\",\"@id\":\"https:\/\/www.miomiorun.com\/de\/#\/schema\/logo\/image\/\",\"url\":\"https:\/\/www.miomiorun.com\/app\/uploads\/2019\/12\/logomio.png\",\"contentUrl\":\"https:\/\/www.miomiorun.com\/app\/uploads\/2019\/12\/logomio.png\",\"width\":115,\"height\":82,\"caption\":\"MioMio Run\"},\"image\":{\"@id\":\"https:\/\/www.miomiorun.com\/de\/#\/schema\/logo\/image\/\"},\"sameAs\":[\"https:\/\/www.facebook.com\/miomiorun\/\",\"https:\/\/www.instagram.com\/miomiorun\/\"]}]}<\/script>\n<!-- \/ Yoast SEO plugin. -->","yoast_head_json":{"title":"CraftWarm Fuseknit Comfort RN LS herren - Thermo-Unterw\u00e4sche - MioMioRun","description":"Das Fuseknit Comfort RN LS f\u00fcr Herren besteht aus leichtem, warmem Garn f\u00fcr optimale W\u00e4rmeregulierung und bietet Feuchtigkeitstransport.","robots":{"index":"index","follow":"follow","max-snippet":"max-snippet:-1","max-image-preview":"max-image-preview:large","max-video-preview":"max-video-preview:-1"},"canonical":"https:\/\/www.miomiorun.com\/de\/produkt\/warm-fuseknit-comfort-rn-ls-herren\/","og_locale":"de_DE","og_type":"article","og_title":"CraftWarm Fuseknit Comfort RN LS herren - Thermo-Unterw\u00e4sche - MioMioRun","og_description":"Das Fuseknit Comfort RN LS f\u00fcr Herren besteht aus leichtem, warmem Garn f\u00fcr optimale W\u00e4rmeregulierung und bietet Feuchtigkeitstransport.","og_url":"https:\/\/www.miomiorun.com\/de\/produkt\/warm-fuseknit-comfort-rn-ls-herren\/","og_site_name":"MioMioRun","article_publisher":"https:\/\/www.facebook.com\/miomiorun\/","article_modified_time":"2026-05-08T19:02:57+00:00","og_image":[{"width":600,"height":600,"url":"https:\/\/www.miomiorun.com\/app\/uploads\/2021\/09\/craft-Fuseknit-comfot-RN-LS-1906600-B98000.jpg","type":"image\/jpeg"}],"twitter_card":"summary_large_image","twitter_misc":{"Est. reading time":"1 minute"},"schema":{"@context":"https:\/\/schema.org","@graph":[{"@type":"WebPage","@id":"https:\/\/www.miomiorun.com\/de\/produkt\/warm-fuseknit-comfort-rn-ls-herren\/","url":"https:\/\/www.miomiorun.com\/de\/produkt\/warm-fuseknit-comfort-rn-ls-herren\/","name":"CraftWarm Fuseknit Comfort RN LS herren - Thermo-Unterw\u00e4sche - MioMioRun","isPartOf":{"@id":"https:\/\/www.miomiorun.com\/de\/#website"},"primaryImageOfPage":{"@id":"https:\/\/www.miomiorun.com\/de\/produkt\/warm-fuseknit-comfort-rn-ls-herren\/#primaryimage"},"image":{"@id":"https:\/\/www.miomiorun.com\/de\/produkt\/warm-fuseknit-comfort-rn-ls-herren\/#primaryimage"},"thumbnailUrl":"https:\/\/www.miomiorun.com\/app\/uploads\/2021\/09\/craft-Fuseknit-comfot-RN-LS-1906600-B98000.jpg","datePublished":"2021-08-14T07:54:00+00:00","dateModified":"2026-05-08T19:02:57+00:00","description":"Das Fuseknit Comfort RN LS f\u00fcr Herren besteht aus leichtem, warmem Garn f\u00fcr optimale W\u00e4rmeregulierung und bietet Feuchtigkeitstransport.","breadcrumb":{"@id":"https:\/\/www.miomiorun.com\/de\/produkt\/warm-fuseknit-comfort-rn-ls-herren\/#breadcrumb"},"inLanguage":"de-DE","potentialAction":[{"@type":"ReadAction","target":["https:\/\/www.miomiorun.com\/de\/produkt\/warm-fuseknit-comfort-rn-ls-herren\/"]}]},{"@type":"ImageObject","inLanguage":"de-DE","@id":"https:\/\/www.miomiorun.com\/de\/produkt\/warm-fuseknit-comfort-rn-ls-herren\/#primaryimage","url":"https:\/\/www.miomiorun.com\/app\/uploads\/2021\/09\/craft-Fuseknit-comfot-RN-LS-1906600-B98000.jpg","contentUrl":"https:\/\/www.miomiorun.com\/app\/uploads\/2021\/09\/craft-Fuseknit-comfot-RN-LS-1906600-B98000.jpg","width":600,"height":600,"caption":"craft fuseknit rn ls"},{"@type":"BreadcrumbList","@id":"https:\/\/www.miomiorun.com\/de\/produkt\/warm-fuseknit-comfort-rn-ls-herren\/#breadcrumb","itemListElement":[{"@type":"ListItem","position":1,"name":"Home","item":"https:\/\/www.miomiorun.com\/de\/"},{"@type":"ListItem","position":2,"name":"Shop","item":"https:\/\/www.miomiorun.com\/shop\/"},{"@type":"ListItem","position":3,"name":"Warm Fuseknit Comfort RN LS herren"}]},{"@type":"WebSite","@id":"https:\/\/www.miomiorun.com\/de\/#website","url":"https:\/\/www.miomiorun.com\/de\/","name":"MioMioRun","description":"100% Lauf- und Trailshop","publisher":{"@id":"https:\/\/www.miomiorun.com\/de\/#organization"},"potentialAction":[{"@type":"SearchAction","target":{"@type":"EntryPoint","urlTemplate":"https:\/\/www.miomiorun.com\/de\/?s={search_term_string}"},"query-input":{"@type":"PropertyValueSpecification","valueRequired":true,"valueName":"search_term_string"}}],"inLanguage":"de-DE"},{"@type":"Organization","@id":"https:\/\/www.miomiorun.com\/de\/#organization","name":"MioMio Run","url":"https:\/\/www.miomiorun.com\/de\/","logo":{"@type":"ImageObject","inLanguage":"de-DE","@id":"https:\/\/www.miomiorun.com\/de\/#\/schema\/logo\/image\/","url":"https:\/\/www.miomiorun.com\/app\/uploads\/2019\/12\/logomio.png","contentUrl":"https:\/\/www.miomiorun.com\/app\/uploads\/2019\/12\/logomio.png","width":115,"height":82,"caption":"MioMio Run"},"image":{"@id":"https:\/\/www.miomiorun.com\/de\/#\/schema\/logo\/image\/"},"sameAs":["https:\/\/www.facebook.com\/miomiorun\/","https:\/\/www.instagram.com\/miomiorun\/"]}]}},"_links":{"self":[{"href":"https:\/\/www.miomiorun.com\/de\/wp-json\/wp\/v2\/product\/177017","targetHints":{"allow":["GET"]}}],"collection":[{"href":"https:\/\/www.miomiorun.com\/de\/wp-json\/wp\/v2\/product"}],"about":[{"href":"https:\/\/www.miomiorun.com\/de\/wp-json\/wp\/v2\/types\/product"}],"wp:featuredmedia":[{"embeddable":true,"href":"https:\/\/www.miomiorun.com\/de\/wp-json\/wp\/v2\/media\/57756"}],"wp:attachment":[{"href":"https:\/\/www.miomiorun.com\/de\/wp-json\/wp\/v2\/media?parent=177017"}],"wp:term":[{"taxonomy":"product_brand","embeddable":true,"href":"https:\/\/www.miomiorun.com\/de\/wp-json\/wp\/v2\/product_brand?post=177017"},{"taxonomy":"product_cat","embeddable":true,"href":"https:\/\/www.miomiorun.com\/de\/wp-json\/wp\/v2\/product_cat?post=177017"},{"taxonomy":"product_tag","embeddable":true,"href":"https:\/\/www.miomiorun.com\/de\/wp-json\/wp\/v2\/product_tag?post=177017"}],"curies":[{"name":"wp","href":"https:\/\/api.w.org\/{rel}","templated":true}]}}