{"id":177014,"date":"2021-08-14T17:59:29","date_gmt":"2021-08-14T15:59:29","guid":{"rendered":"https:\/\/miomiorun.com\/prodotto\/craft-cool-intenstity-rn-ss-uomo\/"},"modified":"2024-06-08T16:00:39","modified_gmt":"2024-06-08T14:00:39","slug":"cool-intenstity-rn-ss-herren","status":"publish","type":"product","link":"https:\/\/www.miomiorun.com\/de\/produkt\/cool-intenstity-rn-ss-herren\/","title":{"rendered":"Cool Intenstity RN SS herren"},"content":{"rendered":"<p><strong>HOCH ATMUNGSAKTIV, IDEAL F\u00dcR ALLE AKTIVIT\u00c4TEN BEI HOHEN TEMPERATUREN, PERFEKT F\u00dcR HEISSE TAGE UND HALLENTRAINING<\/strong><br \/>\nMen&#8217;s Cool Intenstity wurde entwickelt, um maximale Atmungsaktivit\u00e4t bei hohen Temperaturen zu gew\u00e4hrleisten, sowohl bei Aktivit\u00e4ten in der Halle als auch im Freien.<br \/>\nDie Kleidungsst\u00fccke bestehen aus einem speziellen strukturierten Mehrkanalgarn, das den Schwei\u00df effektiv vom K\u00f6rper wegtransportiert und ihn k\u00fchl h\u00e4lt.<br \/>\nDas 3D-Design sorgt f\u00fcr perfekte Passform und Bewegungsfreiheit.<\/p>\n<p><strong>FEUCHTIGKEITSTRANSPORT<\/strong><\/p>\n<p>Das Gewebe transportiert die Feuchtigkeit von der Haut zur Au\u00dfenseite des Kleidungsst\u00fccks: So bleiben Sie auch bei intensiven Trainingseinheiten k\u00fchl und trocken.<\/p>\n<p><strong>SEAMLESS<\/strong><\/p>\n<p>Das nahtlose Design verhindert Reibung und sorgt f\u00fcr ein weiches Tragegef\u00fchl.<\/p>\n<p><strong>FEATURES<\/strong><\/p>\n<ul>\n<li>Sommer-Tank-Top f\u00fcr M\u00e4nner<\/li>\n<li>Hochgradig atmungsaktiv<\/li>\n<li>Ideal f\u00fcr alle Aktivit\u00e4ten bei hohen Temperaturen<\/li>\n<li>Nahtlos<\/li>\n<li>K\u00f6rpereigene Mesh-Eins\u00e4tze<\/li>\n<li>Coolmax Ai-Fasern<\/li>\n<li>Material: 100% Polyester<\/li>\n<\/ul>\n","protected":false},"excerpt":{"rendered":"<p>HOCH ATMUNGSAKTIV, IDEAL F\u00dcR ALLE AKTIVIT\u00c4TEN BEI HOHEN TEMPERATUREN, PERFEKT F\u00dcR HEISSE TAGE UND HALLENTRAINING Men&#8217;s Cool Intenstity wurde entwickelt, um maximale Atmungsaktivit\u00e4t bei hohen Temperaturen zu gew\u00e4hrleisten, sowohl bei Aktivit\u00e4ten in der Halle als auch im Freien. Die Kleidungsst\u00fccke bestehen aus einem speziellen strukturierten Mehrkanalgarn, das den Schwei\u00df effektiv vom K\u00f6rper wegtransportiert und ihn &hellip; <a href=\"https:\/\/www.miomiorun.com\/de\/produkt\/cool-intenstity-rn-ss-herren\/\">Continued<\/a><\/p>\n","protected":false},"featured_media":57762,"template":"","meta":{"_acf_changed":false,"inline_featured_image":false},"product_brand":[],"product_cat":[6515,6540,6511],"product_tag":[6304,6234],"class_list":{"0":"post-177014","1":"product","2":"type-product","3":"status-publish","4":"has-post-thumbnail","6":"product_cat-herren-de","7":"product_cat-herrenbekleidung","8":"product_cat-waesche","9":"product_tag-craft-de","10":"product_tag-craft-herren-de","11":"pa_attivita-fitness-de","12":"pa_attivita-gehen","13":"pa_attivita-outdoor-de","14":"pa_attivita-running-de","15":"pa_attivita-trail-de","16":"pa_colore-cool-intensity-rn-ss-m-black-de","17":"pa_colore-cool-intensity-rn-ss-m-haven-de","18":"pa_colore-cool-intensity-rn-ss-true-blue-de","19":"pa_colore-cool-intenstity-rn-ss-m-white-de","20":"pa_marca-craft-de","21":"pa_sesso-herren","22":"pa_size-small-de","23":"pa_size-medium-de","24":"pa_size-large-de","25":"pa_size-extra-large-de","27":"first","28":"instock","29":"sale","30":"taxable","31":"shipping-taxable","32":"purchasable","33":"product-type-variable","34":"wvs-archive-product-wrapper"},"acf":[],"yoast_head":"<!-- This site is optimized with the Yoast SEO plugin v26.8 - https:\/\/yoast.com\/product\/yoast-seo-wordpress\/ -->\n<title>Craft Cool Intenstity RN SS herren - Thermo-Unterw\u00e4sche - MioMioRun<\/title>\n<meta name=\"description\" content=\"Die Men&#039;s Cool Intenstity wurde entwickelt, um maximale Atmungsaktivit\u00e4t bei hei\u00dfen Temperaturen zu gew\u00e4hrleisten.\" \/>\n<meta name=\"robots\" content=\"index, follow, max-snippet:-1, max-image-preview:large, max-video-preview:-1\" \/>\n<link rel=\"canonical\" href=\"https:\/\/www.miomiorun.com\/de\/produkt\/cool-intenstity-rn-ss-herren\/\" \/>\n<meta property=\"og:locale\" content=\"de_DE\" \/>\n<meta property=\"og:type\" content=\"article\" \/>\n<meta property=\"og:title\" content=\"Craft Cool Intenstity RN SS herren - Thermo-Unterw\u00e4sche - MioMioRun\" \/>\n<meta property=\"og:description\" content=\"Die Men&#039;s Cool Intenstity wurde entwickelt, um maximale Atmungsaktivit\u00e4t bei hei\u00dfen Temperaturen zu gew\u00e4hrleisten.\" \/>\n<meta property=\"og:url\" content=\"https:\/\/www.miomiorun.com\/de\/produkt\/cool-intenstity-rn-ss-herren\/\" \/>\n<meta property=\"og:site_name\" content=\"MioMioRun\" \/>\n<meta property=\"article:publisher\" content=\"https:\/\/www.facebook.com\/miomiorun\/\" \/>\n<meta property=\"article:modified_time\" content=\"2024-06-08T14:00:39+00:00\" \/>\n<meta property=\"og:image\" content=\"https:\/\/www.miomiorun.com\/app\/uploads\/2021\/09\/craft-Cool-intenstity-RN-SS-1904922-1900.jpg\" \/>\n\t<meta property=\"og:image:width\" content=\"600\" \/>\n\t<meta property=\"og:image:height\" content=\"600\" \/>\n\t<meta property=\"og:image:type\" content=\"image\/jpeg\" \/>\n<meta name=\"twitter:card\" content=\"summary_large_image\" \/>\n<meta name=\"twitter:label1\" content=\"Est. reading time\" \/>\n\t<meta name=\"twitter:data1\" content=\"1 minute\" \/>\n<script type=\"application\/ld+json\" class=\"yoast-schema-graph\">{\"@context\":\"https:\/\/schema.org\",\"@graph\":[{\"@type\":\"WebPage\",\"@id\":\"https:\/\/www.miomiorun.com\/de\/produkt\/cool-intenstity-rn-ss-herren\/\",\"url\":\"https:\/\/www.miomiorun.com\/de\/produkt\/cool-intenstity-rn-ss-herren\/\",\"name\":\"Craft Cool Intenstity RN SS herren - Thermo-Unterw\u00e4sche - MioMioRun\",\"isPartOf\":{\"@id\":\"https:\/\/www.miomiorun.com\/de\/#website\"},\"primaryImageOfPage\":{\"@id\":\"https:\/\/www.miomiorun.com\/de\/produkt\/cool-intenstity-rn-ss-herren\/#primaryimage\"},\"image\":{\"@id\":\"https:\/\/www.miomiorun.com\/de\/produkt\/cool-intenstity-rn-ss-herren\/#primaryimage\"},\"thumbnailUrl\":\"https:\/\/www.miomiorun.com\/app\/uploads\/2021\/09\/craft-Cool-intenstity-RN-SS-1904922-1900.jpg\",\"datePublished\":\"2021-08-14T15:59:29+00:00\",\"dateModified\":\"2024-06-08T14:00:39+00:00\",\"description\":\"Die Men's Cool Intenstity wurde entwickelt, um maximale Atmungsaktivit\u00e4t bei hei\u00dfen Temperaturen zu gew\u00e4hrleisten.\",\"breadcrumb\":{\"@id\":\"https:\/\/www.miomiorun.com\/de\/produkt\/cool-intenstity-rn-ss-herren\/#breadcrumb\"},\"inLanguage\":\"de-DE\",\"potentialAction\":[{\"@type\":\"ReadAction\",\"target\":[\"https:\/\/www.miomiorun.com\/de\/produkt\/cool-intenstity-rn-ss-herren\/\"]}]},{\"@type\":\"ImageObject\",\"inLanguage\":\"de-DE\",\"@id\":\"https:\/\/www.miomiorun.com\/de\/produkt\/cool-intenstity-rn-ss-herren\/#primaryimage\",\"url\":\"https:\/\/www.miomiorun.com\/app\/uploads\/2021\/09\/craft-Cool-intenstity-RN-SS-1904922-1900.jpg\",\"contentUrl\":\"https:\/\/www.miomiorun.com\/app\/uploads\/2021\/09\/craft-Cool-intenstity-RN-SS-1904922-1900.jpg\",\"width\":600,\"height\":600,\"caption\":\"craft cool intenity rn ss\"},{\"@type\":\"BreadcrumbList\",\"@id\":\"https:\/\/www.miomiorun.com\/de\/produkt\/cool-intenstity-rn-ss-herren\/#breadcrumb\",\"itemListElement\":[{\"@type\":\"ListItem\",\"position\":1,\"name\":\"Home\",\"item\":\"https:\/\/www.miomiorun.com\/de\/\"},{\"@type\":\"ListItem\",\"position\":2,\"name\":\"Shop\",\"item\":\"https:\/\/www.miomiorun.com\/shop\/\"},{\"@type\":\"ListItem\",\"position\":3,\"name\":\"Cool Intenstity RN SS herren\"}]},{\"@type\":\"WebSite\",\"@id\":\"https:\/\/www.miomiorun.com\/de\/#website\",\"url\":\"https:\/\/www.miomiorun.com\/de\/\",\"name\":\"MioMioRun\",\"description\":\"100% Lauf- und Trailshop\",\"publisher\":{\"@id\":\"https:\/\/www.miomiorun.com\/de\/#organization\"},\"potentialAction\":[{\"@type\":\"SearchAction\",\"target\":{\"@type\":\"EntryPoint\",\"urlTemplate\":\"https:\/\/www.miomiorun.com\/de\/?s={search_term_string}\"},\"query-input\":{\"@type\":\"PropertyValueSpecification\",\"valueRequired\":true,\"valueName\":\"search_term_string\"}}],\"inLanguage\":\"de-DE\"},{\"@type\":\"Organization\",\"@id\":\"https:\/\/www.miomiorun.com\/de\/#organization\",\"name\":\"MioMio Run\",\"url\":\"https:\/\/www.miomiorun.com\/de\/\",\"logo\":{\"@type\":\"ImageObject\",\"inLanguage\":\"de-DE\",\"@id\":\"https:\/\/www.miomiorun.com\/de\/#\/schema\/logo\/image\/\",\"url\":\"https:\/\/www.miomiorun.com\/app\/uploads\/2019\/12\/logomio.png\",\"contentUrl\":\"https:\/\/www.miomiorun.com\/app\/uploads\/2019\/12\/logomio.png\",\"width\":115,\"height\":82,\"caption\":\"MioMio Run\"},\"image\":{\"@id\":\"https:\/\/www.miomiorun.com\/de\/#\/schema\/logo\/image\/\"},\"sameAs\":[\"https:\/\/www.facebook.com\/miomiorun\/\",\"https:\/\/www.instagram.com\/miomiorun\/\"]}]}<\/script>\n<!-- \/ Yoast SEO plugin. -->","yoast_head_json":{"title":"Craft Cool Intenstity RN SS herren - Thermo-Unterw\u00e4sche - MioMioRun","description":"Die Men's Cool Intenstity wurde entwickelt, um maximale Atmungsaktivit\u00e4t bei hei\u00dfen Temperaturen zu gew\u00e4hrleisten.","robots":{"index":"index","follow":"follow","max-snippet":"max-snippet:-1","max-image-preview":"max-image-preview:large","max-video-preview":"max-video-preview:-1"},"canonical":"https:\/\/www.miomiorun.com\/de\/produkt\/cool-intenstity-rn-ss-herren\/","og_locale":"de_DE","og_type":"article","og_title":"Craft Cool Intenstity RN SS herren - Thermo-Unterw\u00e4sche - MioMioRun","og_description":"Die Men's Cool Intenstity wurde entwickelt, um maximale Atmungsaktivit\u00e4t bei hei\u00dfen Temperaturen zu gew\u00e4hrleisten.","og_url":"https:\/\/www.miomiorun.com\/de\/produkt\/cool-intenstity-rn-ss-herren\/","og_site_name":"MioMioRun","article_publisher":"https:\/\/www.facebook.com\/miomiorun\/","article_modified_time":"2024-06-08T14:00:39+00:00","og_image":[{"width":600,"height":600,"url":"https:\/\/www.miomiorun.com\/app\/uploads\/2021\/09\/craft-Cool-intenstity-RN-SS-1904922-1900.jpg","type":"image\/jpeg"}],"twitter_card":"summary_large_image","twitter_misc":{"Est. reading time":"1 minute"},"schema":{"@context":"https:\/\/schema.org","@graph":[{"@type":"WebPage","@id":"https:\/\/www.miomiorun.com\/de\/produkt\/cool-intenstity-rn-ss-herren\/","url":"https:\/\/www.miomiorun.com\/de\/produkt\/cool-intenstity-rn-ss-herren\/","name":"Craft Cool Intenstity RN SS herren - Thermo-Unterw\u00e4sche - MioMioRun","isPartOf":{"@id":"https:\/\/www.miomiorun.com\/de\/#website"},"primaryImageOfPage":{"@id":"https:\/\/www.miomiorun.com\/de\/produkt\/cool-intenstity-rn-ss-herren\/#primaryimage"},"image":{"@id":"https:\/\/www.miomiorun.com\/de\/produkt\/cool-intenstity-rn-ss-herren\/#primaryimage"},"thumbnailUrl":"https:\/\/www.miomiorun.com\/app\/uploads\/2021\/09\/craft-Cool-intenstity-RN-SS-1904922-1900.jpg","datePublished":"2021-08-14T15:59:29+00:00","dateModified":"2024-06-08T14:00:39+00:00","description":"Die Men's Cool Intenstity wurde entwickelt, um maximale Atmungsaktivit\u00e4t bei hei\u00dfen Temperaturen zu gew\u00e4hrleisten.","breadcrumb":{"@id":"https:\/\/www.miomiorun.com\/de\/produkt\/cool-intenstity-rn-ss-herren\/#breadcrumb"},"inLanguage":"de-DE","potentialAction":[{"@type":"ReadAction","target":["https:\/\/www.miomiorun.com\/de\/produkt\/cool-intenstity-rn-ss-herren\/"]}]},{"@type":"ImageObject","inLanguage":"de-DE","@id":"https:\/\/www.miomiorun.com\/de\/produkt\/cool-intenstity-rn-ss-herren\/#primaryimage","url":"https:\/\/www.miomiorun.com\/app\/uploads\/2021\/09\/craft-Cool-intenstity-RN-SS-1904922-1900.jpg","contentUrl":"https:\/\/www.miomiorun.com\/app\/uploads\/2021\/09\/craft-Cool-intenstity-RN-SS-1904922-1900.jpg","width":600,"height":600,"caption":"craft cool intenity rn ss"},{"@type":"BreadcrumbList","@id":"https:\/\/www.miomiorun.com\/de\/produkt\/cool-intenstity-rn-ss-herren\/#breadcrumb","itemListElement":[{"@type":"ListItem","position":1,"name":"Home","item":"https:\/\/www.miomiorun.com\/de\/"},{"@type":"ListItem","position":2,"name":"Shop","item":"https:\/\/www.miomiorun.com\/shop\/"},{"@type":"ListItem","position":3,"name":"Cool Intenstity RN SS herren"}]},{"@type":"WebSite","@id":"https:\/\/www.miomiorun.com\/de\/#website","url":"https:\/\/www.miomiorun.com\/de\/","name":"MioMioRun","description":"100% Lauf- und Trailshop","publisher":{"@id":"https:\/\/www.miomiorun.com\/de\/#organization"},"potentialAction":[{"@type":"SearchAction","target":{"@type":"EntryPoint","urlTemplate":"https:\/\/www.miomiorun.com\/de\/?s={search_term_string}"},"query-input":{"@type":"PropertyValueSpecification","valueRequired":true,"valueName":"search_term_string"}}],"inLanguage":"de-DE"},{"@type":"Organization","@id":"https:\/\/www.miomiorun.com\/de\/#organization","name":"MioMio Run","url":"https:\/\/www.miomiorun.com\/de\/","logo":{"@type":"ImageObject","inLanguage":"de-DE","@id":"https:\/\/www.miomiorun.com\/de\/#\/schema\/logo\/image\/","url":"https:\/\/www.miomiorun.com\/app\/uploads\/2019\/12\/logomio.png","contentUrl":"https:\/\/www.miomiorun.com\/app\/uploads\/2019\/12\/logomio.png","width":115,"height":82,"caption":"MioMio Run"},"image":{"@id":"https:\/\/www.miomiorun.com\/de\/#\/schema\/logo\/image\/"},"sameAs":["https:\/\/www.facebook.com\/miomiorun\/","https:\/\/www.instagram.com\/miomiorun\/"]}]}},"_links":{"self":[{"href":"https:\/\/www.miomiorun.com\/de\/wp-json\/wp\/v2\/product\/177014","targetHints":{"allow":["GET"]}}],"collection":[{"href":"https:\/\/www.miomiorun.com\/de\/wp-json\/wp\/v2\/product"}],"about":[{"href":"https:\/\/www.miomiorun.com\/de\/wp-json\/wp\/v2\/types\/product"}],"wp:featuredmedia":[{"embeddable":true,"href":"https:\/\/www.miomiorun.com\/de\/wp-json\/wp\/v2\/media\/57762"}],"wp:attachment":[{"href":"https:\/\/www.miomiorun.com\/de\/wp-json\/wp\/v2\/media?parent=177014"}],"wp:term":[{"taxonomy":"product_brand","embeddable":true,"href":"https:\/\/www.miomiorun.com\/de\/wp-json\/wp\/v2\/product_brand?post=177014"},{"taxonomy":"product_cat","embeddable":true,"href":"https:\/\/www.miomiorun.com\/de\/wp-json\/wp\/v2\/product_cat?post=177014"},{"taxonomy":"product_tag","embeddable":true,"href":"https:\/\/www.miomiorun.com\/de\/wp-json\/wp\/v2\/product_tag?post=177014"}],"curies":[{"name":"wp","href":"https:\/\/api.w.org\/{rel}","templated":true}]}}