{"id":177012,"date":"2021-08-26T11:19:26","date_gmt":"2021-08-26T09:19:26","guid":{"rendered":"https:\/\/miomiorun.com\/prodotto\/craft-cool-intensity-rn-sl-uomo\/"},"modified":"2026-05-08T21:02:02","modified_gmt":"2026-05-08T19:02:02","slug":"cool-intensity-rn-sl-herren","status":"publish","type":"product","link":"https:\/\/www.miomiorun.com\/de\/produkt\/cool-intensity-rn-sl-herren\/","title":{"rendered":"Cool Intensity RN SL herren"},"content":{"rendered":"<p>Das<strong> CRAFT Herren Cool Intensity RN SL<\/strong> ist ein nahtloses, d\u00fcnnes, leichtes und dehnbares K\u00fchltop mit Netzeins\u00e4tzen und hervorragendem Feuchtigkeitstransport.<\/p>\n<p>Die nahtlose Verarbeitung und Mesh-Eins\u00e4tze an den Schwei\u00dfzonen sorgen f\u00fcr maximalen Komfort. Mit Coolmax Air wird die Feuchtigkeit effizient von der Haut zur Au\u00dfenseite der Weste transportiert.<\/p>\n<p><strong>Coolmax\u00ae<\/strong> Air ist ein einzigartiges Funktionsmaterial f\u00fcr den Sport: Polyesterfasern mit einer einzigartigen Helixstruktur leiten den Schwei\u00df schnell von innen nach au\u00dfen und sorgen so f\u00fcr eine perfekte Thermoregulierung des Sportlers. Tests haben gezeigt, dass Coolmax\u00ae Air-Stoffe ein hervorragendes K\u00f6rpertemperaturmanagement haben und einen hohen Tragekomfort bieten. Diese Technologie \u00fcberzeugt auch durch eine extrem schnelle Trocknung.<\/p>\n<p><strong>Stay Cool<\/strong>: ist ein Material, das speziell f\u00fcr die K\u00fchlung von Sportlern bei hei\u00dfen Temperaturen entwickelt wurde. Das Material besteht aus einer speziellen Multi-Kanal-Faser, die Feuchtigkeit effektiv von der Haut ableitet und so angenehm k\u00fchlt. Die 3D-Konstruktion garantiert optimale Bewegungsfreiheit und eine perfekte Passform.<\/p>\n","protected":false},"excerpt":{"rendered":"<p>Das CRAFT Herren Cool Intensity RN SL ist ein nahtloses, d\u00fcnnes, leichtes und dehnbares K\u00fchltop mit Netzeins\u00e4tzen und hervorragendem Feuchtigkeitstransport. Die nahtlose Verarbeitung und Mesh-Eins\u00e4tze an den Schwei\u00dfzonen sorgen f\u00fcr maximalen Komfort. Mit Coolmax Air wird die Feuchtigkeit effizient von der Haut zur Au\u00dfenseite der Weste transportiert. Coolmax\u00ae Air ist ein einzigartiges Funktionsmaterial f\u00fcr den &hellip; <a href=\"https:\/\/www.miomiorun.com\/de\/produkt\/cool-intensity-rn-sl-herren\/\">Continued<\/a><\/p>\n","protected":false},"featured_media":57814,"template":"","meta":{"_acf_changed":false,"inline_featured_image":false},"product_brand":[],"product_cat":[6515,6540,6511],"product_tag":[6304,6234],"class_list":{"0":"post-177012","1":"product","2":"type-product","3":"status-publish","4":"has-post-thumbnail","6":"product_cat-herren-de","7":"product_cat-herrenbekleidung","8":"product_cat-waesche","9":"product_tag-craft-de","10":"product_tag-craft-herren-de","11":"pa_attivita-fitness-de","12":"pa_attivita-gehen","13":"pa_attivita-running-de","14":"pa_colore-cool-intensity-rn-sl-black-de","15":"pa_colore-cool-intensity-rn-sl-true-blue-de","16":"pa_marca-craft-de","17":"pa_sesso-herren","18":"pa_size-large-de","20":"first","21":"instock","22":"sale","23":"taxable","24":"shipping-taxable","25":"purchasable","26":"product-type-variable","27":"wvs-archive-product-wrapper"},"acf":[],"yoast_head":"<!-- This site is optimized with the Yoast SEO plugin v26.8 - https:\/\/yoast.com\/product\/yoast-seo-wordpress\/ -->\n<title>Cool Intensity RN SL herren - Unterw\u00e4sche - MioMioRun.com<\/title>\n<meta name=\"description\" content=\"Das Cool Intensity RN SL von CRAFT f\u00fcr Herren ist ein nahtloses, k\u00fchlendes Oberteil mit Netzeins\u00e4tzen und hervorragendem Feuchtigkeitstransport.\" \/>\n<meta name=\"robots\" content=\"index, follow, max-snippet:-1, max-image-preview:large, max-video-preview:-1\" \/>\n<link rel=\"canonical\" href=\"https:\/\/www.miomiorun.com\/de\/produkt\/cool-intensity-rn-sl-herren\/\" \/>\n<meta property=\"og:locale\" content=\"de_DE\" \/>\n<meta property=\"og:type\" content=\"article\" \/>\n<meta property=\"og:title\" content=\"Cool Intensity RN SL herren - Unterw\u00e4sche - MioMioRun.com\" \/>\n<meta property=\"og:description\" content=\"Das Cool Intensity RN SL von CRAFT f\u00fcr Herren ist ein nahtloses, k\u00fchlendes Oberteil mit Netzeins\u00e4tzen und hervorragendem Feuchtigkeitstransport.\" \/>\n<meta property=\"og:url\" content=\"https:\/\/www.miomiorun.com\/de\/produkt\/cool-intensity-rn-sl-herren\/\" \/>\n<meta property=\"og:site_name\" content=\"MioMioRun\" \/>\n<meta property=\"article:publisher\" content=\"https:\/\/www.facebook.com\/miomiorun\/\" \/>\n<meta property=\"article:modified_time\" content=\"2026-05-08T19:02:02+00:00\" \/>\n<meta property=\"og:image\" content=\"https:\/\/www.miomiorun.com\/app\/uploads\/2021\/09\/craft-Cool-intensity-RN-SL-1904921-9999.jpg\" \/>\n\t<meta property=\"og:image:width\" content=\"600\" \/>\n\t<meta property=\"og:image:height\" content=\"600\" \/>\n\t<meta property=\"og:image:type\" content=\"image\/jpeg\" \/>\n<meta name=\"twitter:card\" content=\"summary_large_image\" \/>\n<meta name=\"twitter:label1\" content=\"Est. reading time\" \/>\n\t<meta name=\"twitter:data1\" content=\"1 minute\" \/>\n<script type=\"application\/ld+json\" class=\"yoast-schema-graph\">{\"@context\":\"https:\/\/schema.org\",\"@graph\":[{\"@type\":\"WebPage\",\"@id\":\"https:\/\/www.miomiorun.com\/de\/produkt\/cool-intensity-rn-sl-herren\/\",\"url\":\"https:\/\/www.miomiorun.com\/de\/produkt\/cool-intensity-rn-sl-herren\/\",\"name\":\"Cool Intensity RN SL herren - Unterw\u00e4sche - MioMioRun.com\",\"isPartOf\":{\"@id\":\"https:\/\/www.miomiorun.com\/de\/#website\"},\"primaryImageOfPage\":{\"@id\":\"https:\/\/www.miomiorun.com\/de\/produkt\/cool-intensity-rn-sl-herren\/#primaryimage\"},\"image\":{\"@id\":\"https:\/\/www.miomiorun.com\/de\/produkt\/cool-intensity-rn-sl-herren\/#primaryimage\"},\"thumbnailUrl\":\"https:\/\/www.miomiorun.com\/app\/uploads\/2021\/09\/craft-Cool-intensity-RN-SL-1904921-9999.jpg\",\"datePublished\":\"2021-08-26T09:19:26+00:00\",\"dateModified\":\"2026-05-08T19:02:02+00:00\",\"description\":\"Das Cool Intensity RN SL von CRAFT f\u00fcr Herren ist ein nahtloses, k\u00fchlendes Oberteil mit Netzeins\u00e4tzen und hervorragendem Feuchtigkeitstransport.\",\"breadcrumb\":{\"@id\":\"https:\/\/www.miomiorun.com\/de\/produkt\/cool-intensity-rn-sl-herren\/#breadcrumb\"},\"inLanguage\":\"de-DE\",\"potentialAction\":[{\"@type\":\"ReadAction\",\"target\":[\"https:\/\/www.miomiorun.com\/de\/produkt\/cool-intensity-rn-sl-herren\/\"]}]},{\"@type\":\"ImageObject\",\"inLanguage\":\"de-DE\",\"@id\":\"https:\/\/www.miomiorun.com\/de\/produkt\/cool-intensity-rn-sl-herren\/#primaryimage\",\"url\":\"https:\/\/www.miomiorun.com\/app\/uploads\/2021\/09\/craft-Cool-intensity-RN-SL-1904921-9999.jpg\",\"contentUrl\":\"https:\/\/www.miomiorun.com\/app\/uploads\/2021\/09\/craft-Cool-intensity-RN-SL-1904921-9999.jpg\",\"width\":600,\"height\":600,\"caption\":\"craft cool intensity rn sl\"},{\"@type\":\"BreadcrumbList\",\"@id\":\"https:\/\/www.miomiorun.com\/de\/produkt\/cool-intensity-rn-sl-herren\/#breadcrumb\",\"itemListElement\":[{\"@type\":\"ListItem\",\"position\":1,\"name\":\"Home\",\"item\":\"https:\/\/www.miomiorun.com\/de\/\"},{\"@type\":\"ListItem\",\"position\":2,\"name\":\"Shop\",\"item\":\"https:\/\/www.miomiorun.com\/shop\/\"},{\"@type\":\"ListItem\",\"position\":3,\"name\":\"Cool Intensity RN SL herren\"}]},{\"@type\":\"WebSite\",\"@id\":\"https:\/\/www.miomiorun.com\/de\/#website\",\"url\":\"https:\/\/www.miomiorun.com\/de\/\",\"name\":\"MioMioRun\",\"description\":\"100% Lauf- und Trailshop\",\"publisher\":{\"@id\":\"https:\/\/www.miomiorun.com\/de\/#organization\"},\"potentialAction\":[{\"@type\":\"SearchAction\",\"target\":{\"@type\":\"EntryPoint\",\"urlTemplate\":\"https:\/\/www.miomiorun.com\/de\/?s={search_term_string}\"},\"query-input\":{\"@type\":\"PropertyValueSpecification\",\"valueRequired\":true,\"valueName\":\"search_term_string\"}}],\"inLanguage\":\"de-DE\"},{\"@type\":\"Organization\",\"@id\":\"https:\/\/www.miomiorun.com\/de\/#organization\",\"name\":\"MioMio Run\",\"url\":\"https:\/\/www.miomiorun.com\/de\/\",\"logo\":{\"@type\":\"ImageObject\",\"inLanguage\":\"de-DE\",\"@id\":\"https:\/\/www.miomiorun.com\/de\/#\/schema\/logo\/image\/\",\"url\":\"https:\/\/www.miomiorun.com\/app\/uploads\/2019\/12\/logomio.png\",\"contentUrl\":\"https:\/\/www.miomiorun.com\/app\/uploads\/2019\/12\/logomio.png\",\"width\":115,\"height\":82,\"caption\":\"MioMio Run\"},\"image\":{\"@id\":\"https:\/\/www.miomiorun.com\/de\/#\/schema\/logo\/image\/\"},\"sameAs\":[\"https:\/\/www.facebook.com\/miomiorun\/\",\"https:\/\/www.instagram.com\/miomiorun\/\"]}]}<\/script>\n<!-- \/ Yoast SEO plugin. -->","yoast_head_json":{"title":"Cool Intensity RN SL herren - Unterw\u00e4sche - MioMioRun.com","description":"Das Cool Intensity RN SL von CRAFT f\u00fcr Herren ist ein nahtloses, k\u00fchlendes Oberteil mit Netzeins\u00e4tzen und hervorragendem Feuchtigkeitstransport.","robots":{"index":"index","follow":"follow","max-snippet":"max-snippet:-1","max-image-preview":"max-image-preview:large","max-video-preview":"max-video-preview:-1"},"canonical":"https:\/\/www.miomiorun.com\/de\/produkt\/cool-intensity-rn-sl-herren\/","og_locale":"de_DE","og_type":"article","og_title":"Cool Intensity RN SL herren - Unterw\u00e4sche - MioMioRun.com","og_description":"Das Cool Intensity RN SL von CRAFT f\u00fcr Herren ist ein nahtloses, k\u00fchlendes Oberteil mit Netzeins\u00e4tzen und hervorragendem Feuchtigkeitstransport.","og_url":"https:\/\/www.miomiorun.com\/de\/produkt\/cool-intensity-rn-sl-herren\/","og_site_name":"MioMioRun","article_publisher":"https:\/\/www.facebook.com\/miomiorun\/","article_modified_time":"2026-05-08T19:02:02+00:00","og_image":[{"width":600,"height":600,"url":"https:\/\/www.miomiorun.com\/app\/uploads\/2021\/09\/craft-Cool-intensity-RN-SL-1904921-9999.jpg","type":"image\/jpeg"}],"twitter_card":"summary_large_image","twitter_misc":{"Est. reading time":"1 minute"},"schema":{"@context":"https:\/\/schema.org","@graph":[{"@type":"WebPage","@id":"https:\/\/www.miomiorun.com\/de\/produkt\/cool-intensity-rn-sl-herren\/","url":"https:\/\/www.miomiorun.com\/de\/produkt\/cool-intensity-rn-sl-herren\/","name":"Cool Intensity RN SL herren - Unterw\u00e4sche - MioMioRun.com","isPartOf":{"@id":"https:\/\/www.miomiorun.com\/de\/#website"},"primaryImageOfPage":{"@id":"https:\/\/www.miomiorun.com\/de\/produkt\/cool-intensity-rn-sl-herren\/#primaryimage"},"image":{"@id":"https:\/\/www.miomiorun.com\/de\/produkt\/cool-intensity-rn-sl-herren\/#primaryimage"},"thumbnailUrl":"https:\/\/www.miomiorun.com\/app\/uploads\/2021\/09\/craft-Cool-intensity-RN-SL-1904921-9999.jpg","datePublished":"2021-08-26T09:19:26+00:00","dateModified":"2026-05-08T19:02:02+00:00","description":"Das Cool Intensity RN SL von CRAFT f\u00fcr Herren ist ein nahtloses, k\u00fchlendes Oberteil mit Netzeins\u00e4tzen und hervorragendem Feuchtigkeitstransport.","breadcrumb":{"@id":"https:\/\/www.miomiorun.com\/de\/produkt\/cool-intensity-rn-sl-herren\/#breadcrumb"},"inLanguage":"de-DE","potentialAction":[{"@type":"ReadAction","target":["https:\/\/www.miomiorun.com\/de\/produkt\/cool-intensity-rn-sl-herren\/"]}]},{"@type":"ImageObject","inLanguage":"de-DE","@id":"https:\/\/www.miomiorun.com\/de\/produkt\/cool-intensity-rn-sl-herren\/#primaryimage","url":"https:\/\/www.miomiorun.com\/app\/uploads\/2021\/09\/craft-Cool-intensity-RN-SL-1904921-9999.jpg","contentUrl":"https:\/\/www.miomiorun.com\/app\/uploads\/2021\/09\/craft-Cool-intensity-RN-SL-1904921-9999.jpg","width":600,"height":600,"caption":"craft cool intensity rn sl"},{"@type":"BreadcrumbList","@id":"https:\/\/www.miomiorun.com\/de\/produkt\/cool-intensity-rn-sl-herren\/#breadcrumb","itemListElement":[{"@type":"ListItem","position":1,"name":"Home","item":"https:\/\/www.miomiorun.com\/de\/"},{"@type":"ListItem","position":2,"name":"Shop","item":"https:\/\/www.miomiorun.com\/shop\/"},{"@type":"ListItem","position":3,"name":"Cool Intensity RN SL herren"}]},{"@type":"WebSite","@id":"https:\/\/www.miomiorun.com\/de\/#website","url":"https:\/\/www.miomiorun.com\/de\/","name":"MioMioRun","description":"100% Lauf- und Trailshop","publisher":{"@id":"https:\/\/www.miomiorun.com\/de\/#organization"},"potentialAction":[{"@type":"SearchAction","target":{"@type":"EntryPoint","urlTemplate":"https:\/\/www.miomiorun.com\/de\/?s={search_term_string}"},"query-input":{"@type":"PropertyValueSpecification","valueRequired":true,"valueName":"search_term_string"}}],"inLanguage":"de-DE"},{"@type":"Organization","@id":"https:\/\/www.miomiorun.com\/de\/#organization","name":"MioMio Run","url":"https:\/\/www.miomiorun.com\/de\/","logo":{"@type":"ImageObject","inLanguage":"de-DE","@id":"https:\/\/www.miomiorun.com\/de\/#\/schema\/logo\/image\/","url":"https:\/\/www.miomiorun.com\/app\/uploads\/2019\/12\/logomio.png","contentUrl":"https:\/\/www.miomiorun.com\/app\/uploads\/2019\/12\/logomio.png","width":115,"height":82,"caption":"MioMio Run"},"image":{"@id":"https:\/\/www.miomiorun.com\/de\/#\/schema\/logo\/image\/"},"sameAs":["https:\/\/www.facebook.com\/miomiorun\/","https:\/\/www.instagram.com\/miomiorun\/"]}]}},"_links":{"self":[{"href":"https:\/\/www.miomiorun.com\/de\/wp-json\/wp\/v2\/product\/177012","targetHints":{"allow":["GET"]}}],"collection":[{"href":"https:\/\/www.miomiorun.com\/de\/wp-json\/wp\/v2\/product"}],"about":[{"href":"https:\/\/www.miomiorun.com\/de\/wp-json\/wp\/v2\/types\/product"}],"wp:featuredmedia":[{"embeddable":true,"href":"https:\/\/www.miomiorun.com\/de\/wp-json\/wp\/v2\/media\/57814"}],"wp:attachment":[{"href":"https:\/\/www.miomiorun.com\/de\/wp-json\/wp\/v2\/media?parent=177012"}],"wp:term":[{"taxonomy":"product_brand","embeddable":true,"href":"https:\/\/www.miomiorun.com\/de\/wp-json\/wp\/v2\/product_brand?post=177012"},{"taxonomy":"product_cat","embeddable":true,"href":"https:\/\/www.miomiorun.com\/de\/wp-json\/wp\/v2\/product_cat?post=177012"},{"taxonomy":"product_tag","embeddable":true,"href":"https:\/\/www.miomiorun.com\/de\/wp-json\/wp\/v2\/product_tag?post=177012"}],"curies":[{"name":"wp","href":"https:\/\/api.w.org\/{rel}","templated":true}]}}