{"id":177008,"date":"2021-08-28T11:56:01","date_gmt":"2021-08-28T09:56:01","guid":{"rendered":"https:\/\/miomiorun.com\/prodotto\/craft-active-extreme-2-0-brillant-cn-ls-uomo\/"},"modified":"2026-05-08T21:01:41","modified_gmt":"2026-05-08T19:01:41","slug":"active-extreme-2-0-brillant-cn-ls-herren","status":"publish","type":"product","link":"https:\/\/www.miomiorun.com\/de\/produkt\/active-extreme-2-0-brillant-cn-ls-herren\/","title":{"rendered":"Active Extreme 2.0 Brillant CN LS herren"},"content":{"rendered":"<p>Die <strong>Active Extreme 2.0<\/strong>-Kollektion in der lang\u00e4rmeligen Herrenversion Brilliant hat eine bessere Passform beim Tragen.<\/p>\n<p>Das Kleidungsst\u00fcck wird als erste Schicht empfohlen.<\/p>\n<p>Das Active Extreme 2.0 Brilliant SS besteht aus d\u00fcnnem, leichtem und dehnbarem Gewebe mit CoolMax Air, einer Hochleistungsfaser, die bei intensivem Training unter kalten Bedingungen f\u00fcr ein hervorragendes K\u00f6rpertemperaturmanagement sorgt.<\/p>\n<p>K\u00f6rperf\u00f6rmige Mesh-Eins\u00e4tze mit gro\u00dfen L\u00f6chern sorgen f\u00fcr eine hervorragende Bel\u00fcftung, w\u00e4hrend das ergonomische 3D-Design eine perfekte Passform gew\u00e4hrleistet. Fluoreszierende Farben und reflektierende Details sorgen f\u00fcr bessere Sichtbarkeit.<\/p>\n<h3>Eigenschaften:<\/h3>\n<ul>\n<li>Be Active: Be Active bietet optimales Temperaturmanagement beim Training unter mittleren bis kalten Bedingungen.<\/li>\n<li>Leichtgewicht: Ultraleichtes Material, das ein von der Schwerkraft herausgefordertes Gef\u00fchl vermittelt.Feuchtigkeitstransport: Transportiert die Feuchtigkeit von der Haut zur<\/li>\n<li>Au\u00dfenseite des Kleidungsst\u00fccks und bleibt bei intensiven Trainingseinheiten k\u00fchl und trocken.<\/li>\n<\/ul>\n<p>&nbsp;<\/p>\n","protected":false},"excerpt":{"rendered":"<p>Die Active Extreme 2.0-Kollektion in der lang\u00e4rmeligen Herrenversion Brilliant hat eine bessere Passform beim Tragen. Das Kleidungsst\u00fcck wird als erste Schicht empfohlen. Das Active Extreme 2.0 Brilliant SS besteht aus d\u00fcnnem, leichtem und dehnbarem Gewebe mit CoolMax Air, einer Hochleistungsfaser, die bei intensivem Training unter kalten Bedingungen f\u00fcr ein hervorragendes K\u00f6rpertemperaturmanagement sorgt. K\u00f6rperf\u00f6rmige Mesh-Eins\u00e4tze mit &hellip; <a href=\"https:\/\/www.miomiorun.com\/de\/produkt\/active-extreme-2-0-brillant-cn-ls-herren\/\">Continued<\/a><\/p>\n","protected":false},"featured_media":57838,"template":"","meta":{"_acf_changed":false,"inline_featured_image":false},"product_brand":[],"product_cat":[6515,6540,6511],"product_tag":[6304,6234],"class_list":{"0":"post-177008","1":"product","2":"type-product","3":"status-publish","4":"has-post-thumbnail","6":"product_cat-herren-de","7":"product_cat-herrenbekleidung","8":"product_cat-waesche","9":"product_tag-craft-de","10":"product_tag-craft-herren-de","11":"pa_attivita-gehen","12":"pa_attivita-outdoor-de","13":"pa_attivita-running-de","14":"pa_attivita-trail-de","15":"pa_marca-craft-de","16":"pa_sesso-herren","17":"pa_size-medium-de","19":"first","20":"instock","21":"sale","22":"taxable","23":"shipping-taxable","24":"purchasable","25":"product-type-variable","26":"wvs-archive-product-wrapper"},"acf":[],"yoast_head":"<!-- This site is optimized with the Yoast SEO plugin v26.8 - https:\/\/yoast.com\/product\/yoast-seo-wordpress\/ -->\n<title>Craft Active Extreme 2.0 Brillant CN LS herren - Unterw\u00e4sche- MioMioRun.com<\/title>\n<meta name=\"description\" content=\"Die Active Extreme 2.0-Kollektion in der Herrenversion Brilliant hat eine bessere Passform beim Tragen.\" \/>\n<meta name=\"robots\" content=\"index, follow, max-snippet:-1, max-image-preview:large, max-video-preview:-1\" \/>\n<link rel=\"canonical\" href=\"https:\/\/www.miomiorun.com\/de\/produkt\/active-extreme-2-0-brillant-cn-ls-herren\/\" \/>\n<meta property=\"og:locale\" content=\"de_DE\" \/>\n<meta property=\"og:type\" content=\"article\" \/>\n<meta property=\"og:title\" content=\"Craft Active Extreme 2.0 Brillant CN LS herren - Unterw\u00e4sche- MioMioRun.com\" \/>\n<meta property=\"og:description\" content=\"Die Active Extreme 2.0-Kollektion in der Herrenversion Brilliant hat eine bessere Passform beim Tragen.\" \/>\n<meta property=\"og:url\" content=\"https:\/\/www.miomiorun.com\/de\/produkt\/active-extreme-2-0-brillant-cn-ls-herren\/\" \/>\n<meta property=\"og:site_name\" content=\"MioMioRun\" \/>\n<meta property=\"article:publisher\" content=\"https:\/\/www.facebook.com\/miomiorun\/\" \/>\n<meta property=\"article:modified_time\" content=\"2026-05-08T19:01:41+00:00\" \/>\n<meta property=\"og:image\" content=\"https:\/\/www.miomiorun.com\/app\/uploads\/2021\/08\/craft-Active-extreme-2.0-brillant-CN-LS-1905081-2851.jpg\" \/>\n\t<meta property=\"og:image:width\" content=\"600\" \/>\n\t<meta property=\"og:image:height\" content=\"600\" \/>\n\t<meta property=\"og:image:type\" content=\"image\/jpeg\" \/>\n<meta name=\"twitter:card\" content=\"summary_large_image\" \/>\n<meta name=\"twitter:label1\" content=\"Est. reading time\" \/>\n\t<meta name=\"twitter:data1\" content=\"1 minute\" \/>\n<script type=\"application\/ld+json\" class=\"yoast-schema-graph\">{\"@context\":\"https:\/\/schema.org\",\"@graph\":[{\"@type\":\"WebPage\",\"@id\":\"https:\/\/www.miomiorun.com\/de\/produkt\/active-extreme-2-0-brillant-cn-ls-herren\/\",\"url\":\"https:\/\/www.miomiorun.com\/de\/produkt\/active-extreme-2-0-brillant-cn-ls-herren\/\",\"name\":\"Craft Active Extreme 2.0 Brillant CN LS herren - Unterw\u00e4sche- MioMioRun.com\",\"isPartOf\":{\"@id\":\"https:\/\/www.miomiorun.com\/de\/#website\"},\"primaryImageOfPage\":{\"@id\":\"https:\/\/www.miomiorun.com\/de\/produkt\/active-extreme-2-0-brillant-cn-ls-herren\/#primaryimage\"},\"image\":{\"@id\":\"https:\/\/www.miomiorun.com\/de\/produkt\/active-extreme-2-0-brillant-cn-ls-herren\/#primaryimage\"},\"thumbnailUrl\":\"https:\/\/www.miomiorun.com\/app\/uploads\/2021\/08\/craft-Active-extreme-2.0-brillant-CN-LS-1905081-2851.jpg\",\"datePublished\":\"2021-08-28T09:56:01+00:00\",\"dateModified\":\"2026-05-08T19:01:41+00:00\",\"description\":\"Die Active Extreme 2.0-Kollektion in der Herrenversion Brilliant hat eine bessere Passform beim Tragen.\",\"breadcrumb\":{\"@id\":\"https:\/\/www.miomiorun.com\/de\/produkt\/active-extreme-2-0-brillant-cn-ls-herren\/#breadcrumb\"},\"inLanguage\":\"de-DE\",\"potentialAction\":[{\"@type\":\"ReadAction\",\"target\":[\"https:\/\/www.miomiorun.com\/de\/produkt\/active-extreme-2-0-brillant-cn-ls-herren\/\"]}]},{\"@type\":\"ImageObject\",\"inLanguage\":\"de-DE\",\"@id\":\"https:\/\/www.miomiorun.com\/de\/produkt\/active-extreme-2-0-brillant-cn-ls-herren\/#primaryimage\",\"url\":\"https:\/\/www.miomiorun.com\/app\/uploads\/2021\/08\/craft-Active-extreme-2.0-brillant-CN-LS-1905081-2851.jpg\",\"contentUrl\":\"https:\/\/www.miomiorun.com\/app\/uploads\/2021\/08\/craft-Active-extreme-2.0-brillant-CN-LS-1905081-2851.jpg\",\"width\":600,\"height\":600,\"caption\":\"craft active extreme 2.0 brillant cn ls\"},{\"@type\":\"BreadcrumbList\",\"@id\":\"https:\/\/www.miomiorun.com\/de\/produkt\/active-extreme-2-0-brillant-cn-ls-herren\/#breadcrumb\",\"itemListElement\":[{\"@type\":\"ListItem\",\"position\":1,\"name\":\"Home\",\"item\":\"https:\/\/www.miomiorun.com\/de\/\"},{\"@type\":\"ListItem\",\"position\":2,\"name\":\"Shop\",\"item\":\"https:\/\/www.miomiorun.com\/shop\/\"},{\"@type\":\"ListItem\",\"position\":3,\"name\":\"Active Extreme 2.0 Brillant CN LS herren\"}]},{\"@type\":\"WebSite\",\"@id\":\"https:\/\/www.miomiorun.com\/de\/#website\",\"url\":\"https:\/\/www.miomiorun.com\/de\/\",\"name\":\"MioMioRun\",\"description\":\"100% Lauf- und Trailshop\",\"publisher\":{\"@id\":\"https:\/\/www.miomiorun.com\/de\/#organization\"},\"potentialAction\":[{\"@type\":\"SearchAction\",\"target\":{\"@type\":\"EntryPoint\",\"urlTemplate\":\"https:\/\/www.miomiorun.com\/de\/?s={search_term_string}\"},\"query-input\":{\"@type\":\"PropertyValueSpecification\",\"valueRequired\":true,\"valueName\":\"search_term_string\"}}],\"inLanguage\":\"de-DE\"},{\"@type\":\"Organization\",\"@id\":\"https:\/\/www.miomiorun.com\/de\/#organization\",\"name\":\"MioMio Run\",\"url\":\"https:\/\/www.miomiorun.com\/de\/\",\"logo\":{\"@type\":\"ImageObject\",\"inLanguage\":\"de-DE\",\"@id\":\"https:\/\/www.miomiorun.com\/de\/#\/schema\/logo\/image\/\",\"url\":\"https:\/\/www.miomiorun.com\/app\/uploads\/2019\/12\/logomio.png\",\"contentUrl\":\"https:\/\/www.miomiorun.com\/app\/uploads\/2019\/12\/logomio.png\",\"width\":115,\"height\":82,\"caption\":\"MioMio Run\"},\"image\":{\"@id\":\"https:\/\/www.miomiorun.com\/de\/#\/schema\/logo\/image\/\"},\"sameAs\":[\"https:\/\/www.facebook.com\/miomiorun\/\",\"https:\/\/www.instagram.com\/miomiorun\/\"]}]}<\/script>\n<!-- \/ Yoast SEO plugin. -->","yoast_head_json":{"title":"Craft Active Extreme 2.0 Brillant CN LS herren - Unterw\u00e4sche- MioMioRun.com","description":"Die Active Extreme 2.0-Kollektion in der Herrenversion Brilliant hat eine bessere Passform beim Tragen.","robots":{"index":"index","follow":"follow","max-snippet":"max-snippet:-1","max-image-preview":"max-image-preview:large","max-video-preview":"max-video-preview:-1"},"canonical":"https:\/\/www.miomiorun.com\/de\/produkt\/active-extreme-2-0-brillant-cn-ls-herren\/","og_locale":"de_DE","og_type":"article","og_title":"Craft Active Extreme 2.0 Brillant CN LS herren - Unterw\u00e4sche- MioMioRun.com","og_description":"Die Active Extreme 2.0-Kollektion in der Herrenversion Brilliant hat eine bessere Passform beim Tragen.","og_url":"https:\/\/www.miomiorun.com\/de\/produkt\/active-extreme-2-0-brillant-cn-ls-herren\/","og_site_name":"MioMioRun","article_publisher":"https:\/\/www.facebook.com\/miomiorun\/","article_modified_time":"2026-05-08T19:01:41+00:00","og_image":[{"width":600,"height":600,"url":"https:\/\/www.miomiorun.com\/app\/uploads\/2021\/08\/craft-Active-extreme-2.0-brillant-CN-LS-1905081-2851.jpg","type":"image\/jpeg"}],"twitter_card":"summary_large_image","twitter_misc":{"Est. reading time":"1 minute"},"schema":{"@context":"https:\/\/schema.org","@graph":[{"@type":"WebPage","@id":"https:\/\/www.miomiorun.com\/de\/produkt\/active-extreme-2-0-brillant-cn-ls-herren\/","url":"https:\/\/www.miomiorun.com\/de\/produkt\/active-extreme-2-0-brillant-cn-ls-herren\/","name":"Craft Active Extreme 2.0 Brillant CN LS herren - Unterw\u00e4sche- MioMioRun.com","isPartOf":{"@id":"https:\/\/www.miomiorun.com\/de\/#website"},"primaryImageOfPage":{"@id":"https:\/\/www.miomiorun.com\/de\/produkt\/active-extreme-2-0-brillant-cn-ls-herren\/#primaryimage"},"image":{"@id":"https:\/\/www.miomiorun.com\/de\/produkt\/active-extreme-2-0-brillant-cn-ls-herren\/#primaryimage"},"thumbnailUrl":"https:\/\/www.miomiorun.com\/app\/uploads\/2021\/08\/craft-Active-extreme-2.0-brillant-CN-LS-1905081-2851.jpg","datePublished":"2021-08-28T09:56:01+00:00","dateModified":"2026-05-08T19:01:41+00:00","description":"Die Active Extreme 2.0-Kollektion in der Herrenversion Brilliant hat eine bessere Passform beim Tragen.","breadcrumb":{"@id":"https:\/\/www.miomiorun.com\/de\/produkt\/active-extreme-2-0-brillant-cn-ls-herren\/#breadcrumb"},"inLanguage":"de-DE","potentialAction":[{"@type":"ReadAction","target":["https:\/\/www.miomiorun.com\/de\/produkt\/active-extreme-2-0-brillant-cn-ls-herren\/"]}]},{"@type":"ImageObject","inLanguage":"de-DE","@id":"https:\/\/www.miomiorun.com\/de\/produkt\/active-extreme-2-0-brillant-cn-ls-herren\/#primaryimage","url":"https:\/\/www.miomiorun.com\/app\/uploads\/2021\/08\/craft-Active-extreme-2.0-brillant-CN-LS-1905081-2851.jpg","contentUrl":"https:\/\/www.miomiorun.com\/app\/uploads\/2021\/08\/craft-Active-extreme-2.0-brillant-CN-LS-1905081-2851.jpg","width":600,"height":600,"caption":"craft active extreme 2.0 brillant cn ls"},{"@type":"BreadcrumbList","@id":"https:\/\/www.miomiorun.com\/de\/produkt\/active-extreme-2-0-brillant-cn-ls-herren\/#breadcrumb","itemListElement":[{"@type":"ListItem","position":1,"name":"Home","item":"https:\/\/www.miomiorun.com\/de\/"},{"@type":"ListItem","position":2,"name":"Shop","item":"https:\/\/www.miomiorun.com\/shop\/"},{"@type":"ListItem","position":3,"name":"Active Extreme 2.0 Brillant CN LS herren"}]},{"@type":"WebSite","@id":"https:\/\/www.miomiorun.com\/de\/#website","url":"https:\/\/www.miomiorun.com\/de\/","name":"MioMioRun","description":"100% Lauf- und Trailshop","publisher":{"@id":"https:\/\/www.miomiorun.com\/de\/#organization"},"potentialAction":[{"@type":"SearchAction","target":{"@type":"EntryPoint","urlTemplate":"https:\/\/www.miomiorun.com\/de\/?s={search_term_string}"},"query-input":{"@type":"PropertyValueSpecification","valueRequired":true,"valueName":"search_term_string"}}],"inLanguage":"de-DE"},{"@type":"Organization","@id":"https:\/\/www.miomiorun.com\/de\/#organization","name":"MioMio Run","url":"https:\/\/www.miomiorun.com\/de\/","logo":{"@type":"ImageObject","inLanguage":"de-DE","@id":"https:\/\/www.miomiorun.com\/de\/#\/schema\/logo\/image\/","url":"https:\/\/www.miomiorun.com\/app\/uploads\/2019\/12\/logomio.png","contentUrl":"https:\/\/www.miomiorun.com\/app\/uploads\/2019\/12\/logomio.png","width":115,"height":82,"caption":"MioMio Run"},"image":{"@id":"https:\/\/www.miomiorun.com\/de\/#\/schema\/logo\/image\/"},"sameAs":["https:\/\/www.facebook.com\/miomiorun\/","https:\/\/www.instagram.com\/miomiorun\/"]}]}},"_links":{"self":[{"href":"https:\/\/www.miomiorun.com\/de\/wp-json\/wp\/v2\/product\/177008","targetHints":{"allow":["GET"]}}],"collection":[{"href":"https:\/\/www.miomiorun.com\/de\/wp-json\/wp\/v2\/product"}],"about":[{"href":"https:\/\/www.miomiorun.com\/de\/wp-json\/wp\/v2\/types\/product"}],"wp:featuredmedia":[{"embeddable":true,"href":"https:\/\/www.miomiorun.com\/de\/wp-json\/wp\/v2\/media\/57838"}],"wp:attachment":[{"href":"https:\/\/www.miomiorun.com\/de\/wp-json\/wp\/v2\/media?parent=177008"}],"wp:term":[{"taxonomy":"product_brand","embeddable":true,"href":"https:\/\/www.miomiorun.com\/de\/wp-json\/wp\/v2\/product_brand?post=177008"},{"taxonomy":"product_cat","embeddable":true,"href":"https:\/\/www.miomiorun.com\/de\/wp-json\/wp\/v2\/product_cat?post=177008"},{"taxonomy":"product_tag","embeddable":true,"href":"https:\/\/www.miomiorun.com\/de\/wp-json\/wp\/v2\/product_tag?post=177008"}],"curies":[{"name":"wp","href":"https:\/\/api.w.org\/{rel}","templated":true}]}}