{"id":177006,"date":"2021-08-28T17:10:46","date_gmt":"2021-08-28T15:10:46","guid":{"rendered":"https:\/\/miomiorun.com\/prodotto\/craft-active-extreme-rn-ss-uomo\/"},"modified":"2026-05-08T21:08:09","modified_gmt":"2026-05-08T19:08:09","slug":"active-extreme-rn-ss-herren","status":"publish","type":"product","link":"https:\/\/www.miomiorun.com\/de\/produkt\/active-extreme-rn-ss-herren\/","title":{"rendered":"Active Extreme RN SS herren"},"content":{"rendered":"<p>Das <strong>Active Extreme RN SS<\/strong> ist ein hochfunktionelles Baselayer-Trikot f\u00fcr M\u00e4nner, das f\u00fcr hochintensive Wettk\u00e4mpfe und Trainingseinheiten bei milden bis kalten Winterbedingungen entwickelt wurde.<\/p>\n<p>Dieses hochleistungsf\u00e4hige Kleidungsst\u00fcck kombiniert leichtes SEAQUAL-Polyester, Coolmax Air-Technologie und recyceltes Polyester, um ein au\u00dfergew\u00f6hnliches K\u00f6rpertemperaturmanagement bei intensiven Aktivit\u00e4ten zu gew\u00e4hrleisten. Dar\u00fcber hinaus verf\u00fcgt das Kleidungsst\u00fcck \u00fcber ein Waffelstrick-Design, das die Atmungsaktivit\u00e4t und den Tragekomfort verbessert. Die hohe Elastizit\u00e4t und die ergonomische Passform sorgen f\u00fcr optimale Bewegungsfreiheit, w\u00e4hrend k\u00f6rpernahe Netzeins\u00e4tze dort f\u00fcr Bel\u00fcftung sorgen, wo sie am meisten ben\u00f6tigt wird. Ein bew\u00e4hrtes Kleidungsst\u00fcck f\u00fcr Spitzensportler und Alltagshelden.<\/p>\n<p>&nbsp;<\/p>\n<h3>SEAQUAL \u00d6ko-Stoff<\/h3>\n<p>Die SEAQUAL-Initiative k\u00e4mpft gegen die Plastikverschmutzung und tr\u00e4gt dazu bei, unsere Ozeane von Meeresm\u00fcll zu befreien und die Gesellschaft in Richtung Kreislaufwirtschaft zu f\u00fchren. Active Extreme X RN SS ist das Ergebnis unseres Bestrebens, die volle Verantwortung f\u00fcr die gesamte Wertsch\u00f6pfungskette zu \u00fcbernehmen. Es wird aus recyceltem Meereskunststoff hergestellt, einem zu 100 % recycelten Material. Das recycelte SEAQUAL-Gewebe ist nicht nur umweltfreundlich, sondern bietet auch einen hervorragenden Feuchtigkeitstransport und eine hervorragende Bel\u00fcftung.<\/p>\n<p>&nbsp;<\/p>\n<h3>Coolmax Air-Technologie<\/h3>\n<p>Coolmax Air Technology-Gewebe wurden entwickelt, um das nat\u00fcrliche Temperaturmanagement des K\u00f6rpers sowohl bei K\u00e4lte als auch bei Hitze zu optimieren. Das Gewebe besteht aus Polyesterfasern mit einem einzigartigen spiralf\u00f6rmigen Querschnitt und bietet eine hervorragende W\u00e4rmeregulierung f\u00fcr optimale Leistung. Tests haben gezeigt, dass Kleidungsst\u00fccke mit Coolmax Air Technologie ein hervorragendes K\u00f6rpertemperaturmanagement, hohen Tragekomfort und einen ausgezeichneten Schnelltrocknungseffekt bieten.<\/p>\n<p>&nbsp;<\/p>\n<p>&#8211; D\u00fcnner, leichter und elastischer Stoff<br \/>\n&#8211; SEAQUAL-Polyester, hergestellt aus recyceltem Kunststoff<br \/>\n&#8211; Coolmax Air-Technologie<br \/>\n&#8211; Wabendesign f\u00fcr maximalen Feuchtigkeitstransport und Komfort<br \/>\n&#8211; Mesh-Eins\u00e4tze an den Achseln f\u00fcr bessere Bel\u00fcftung<br \/>\n&#8211; Flatlock-N\u00e4hte, die den Bewegungen des K\u00f6rpers folgen<br \/>\n&#8211; Eng anliegend<br \/>\n&#8211; Feuchtigkeitstransport: 5 von 5<br \/>\n&#8211; Aktivit\u00e4tsgrad: 5 von 5<br \/>\n&#8211; Temperatur: -5 \u00baC bis +10 \u00baC<\/p>\n<h3>Material<\/h3>\n<p>40% SeaQual-Polyester 39% \u201eCoolmax\u201c-Polyester 21% recyceltes Polyester<\/p>\n<p>Maschinenwaschbar bei 40 Grad.<\/p>\n<p>&nbsp;<\/p>\n","protected":false},"excerpt":{"rendered":"<p>Das Active Extreme RN SS ist ein hochfunktionelles Baselayer-Trikot f\u00fcr M\u00e4nner, das f\u00fcr hochintensive Wettk\u00e4mpfe und Trainingseinheiten bei milden bis kalten Winterbedingungen entwickelt wurde. Dieses hochleistungsf\u00e4hige Kleidungsst\u00fcck kombiniert leichtes SEAQUAL-Polyester, Coolmax Air-Technologie und recyceltes Polyester, um ein au\u00dfergew\u00f6hnliches K\u00f6rpertemperaturmanagement bei intensiven Aktivit\u00e4ten zu gew\u00e4hrleisten. Dar\u00fcber hinaus verf\u00fcgt das Kleidungsst\u00fcck \u00fcber ein Waffelstrick-Design, das die Atmungsaktivit\u00e4t &hellip; <a href=\"https:\/\/www.miomiorun.com\/de\/produkt\/active-extreme-rn-ss-herren\/\">Continued<\/a><\/p>\n","protected":false},"featured_media":57860,"template":"","meta":{"_acf_changed":false,"inline_featured_image":false},"product_brand":[],"product_cat":[6515,6540,6511],"product_tag":[6304,6234],"class_list":{"0":"post-177006","1":"product","2":"type-product","3":"status-publish","4":"has-post-thumbnail","6":"product_cat-herren-de","7":"product_cat-herrenbekleidung","8":"product_cat-waesche","9":"product_tag-craft-de","10":"product_tag-craft-herren-de","11":"pa_attivita-gehen","12":"pa_attivita-outdoor-de","13":"pa_attivita-running-de","14":"pa_attivita-trail-de","15":"pa_marca-craft-de","16":"pa_sesso-herren","17":"pa_size-large-de","18":"pa_size-extra-large-de","20":"first","21":"instock","22":"sale","23":"taxable","24":"shipping-taxable","25":"purchasable","26":"product-type-variable","27":"wvs-archive-product-wrapper"},"acf":[],"yoast_head":"<!-- This site is optimized with the Yoast SEO plugin v26.8 - https:\/\/yoast.com\/product\/yoast-seo-wordpress\/ -->\n<title>CraftActive Extreme RN SS herren - Thermo-Unterw\u00e4sche - MioMioRun.com<\/title>\n<meta name=\"description\" content=\"Das Active Extreme RN SS ist ein hochfunktionelles Unterziehshirt f\u00fcr M\u00e4nner, das f\u00fcr Wettk\u00e4mpfe und hochintensives Training entwickelt wurde.\" \/>\n<meta name=\"robots\" content=\"index, follow, max-snippet:-1, max-image-preview:large, max-video-preview:-1\" \/>\n<link rel=\"canonical\" href=\"https:\/\/www.miomiorun.com\/de\/produkt\/active-extreme-rn-ss-herren\/\" \/>\n<meta property=\"og:locale\" content=\"de_DE\" \/>\n<meta property=\"og:type\" content=\"article\" \/>\n<meta property=\"og:title\" content=\"CraftActive Extreme RN SS herren - Thermo-Unterw\u00e4sche - MioMioRun.com\" \/>\n<meta property=\"og:description\" content=\"Das Active Extreme RN SS ist ein hochfunktionelles Unterziehshirt f\u00fcr M\u00e4nner, das f\u00fcr Wettk\u00e4mpfe und hochintensives Training entwickelt wurde.\" \/>\n<meta property=\"og:url\" content=\"https:\/\/www.miomiorun.com\/de\/produkt\/active-extreme-rn-ss-herren\/\" \/>\n<meta property=\"og:site_name\" content=\"MioMioRun\" \/>\n<meta property=\"article:publisher\" content=\"https:\/\/www.facebook.com\/miomiorun\/\" \/>\n<meta property=\"article:modified_time\" content=\"2026-05-08T19:08:09+00:00\" \/>\n<meta property=\"og:image\" content=\"https:\/\/www.miomiorun.com\/app\/uploads\/2021\/08\/craft-CRAFT-ACTIVE-EXTREME-RN-SS-1900732-9920.jpg\" \/>\n\t<meta property=\"og:image:width\" content=\"600\" \/>\n\t<meta property=\"og:image:height\" content=\"600\" \/>\n\t<meta property=\"og:image:type\" content=\"image\/jpeg\" \/>\n<meta name=\"twitter:card\" content=\"summary_large_image\" \/>\n<meta name=\"twitter:label1\" content=\"Est. reading time\" \/>\n\t<meta name=\"twitter:data1\" content=\"2 minutes\" \/>\n<script type=\"application\/ld+json\" class=\"yoast-schema-graph\">{\"@context\":\"https:\/\/schema.org\",\"@graph\":[{\"@type\":\"WebPage\",\"@id\":\"https:\/\/www.miomiorun.com\/de\/produkt\/active-extreme-rn-ss-herren\/\",\"url\":\"https:\/\/www.miomiorun.com\/de\/produkt\/active-extreme-rn-ss-herren\/\",\"name\":\"CraftActive Extreme RN SS herren - Thermo-Unterw\u00e4sche - MioMioRun.com\",\"isPartOf\":{\"@id\":\"https:\/\/www.miomiorun.com\/de\/#website\"},\"primaryImageOfPage\":{\"@id\":\"https:\/\/www.miomiorun.com\/de\/produkt\/active-extreme-rn-ss-herren\/#primaryimage\"},\"image\":{\"@id\":\"https:\/\/www.miomiorun.com\/de\/produkt\/active-extreme-rn-ss-herren\/#primaryimage\"},\"thumbnailUrl\":\"https:\/\/www.miomiorun.com\/app\/uploads\/2021\/08\/craft-CRAFT-ACTIVE-EXTREME-RN-SS-1900732-9920.jpg\",\"datePublished\":\"2021-08-28T15:10:46+00:00\",\"dateModified\":\"2026-05-08T19:08:09+00:00\",\"description\":\"Das Active Extreme RN SS ist ein hochfunktionelles Unterziehshirt f\u00fcr M\u00e4nner, das f\u00fcr Wettk\u00e4mpfe und hochintensives Training entwickelt wurde.\",\"breadcrumb\":{\"@id\":\"https:\/\/www.miomiorun.com\/de\/produkt\/active-extreme-rn-ss-herren\/#breadcrumb\"},\"inLanguage\":\"de-DE\",\"potentialAction\":[{\"@type\":\"ReadAction\",\"target\":[\"https:\/\/www.miomiorun.com\/de\/produkt\/active-extreme-rn-ss-herren\/\"]}]},{\"@type\":\"ImageObject\",\"inLanguage\":\"de-DE\",\"@id\":\"https:\/\/www.miomiorun.com\/de\/produkt\/active-extreme-rn-ss-herren\/#primaryimage\",\"url\":\"https:\/\/www.miomiorun.com\/app\/uploads\/2021\/08\/craft-CRAFT-ACTIVE-EXTREME-RN-SS-1900732-9920.jpg\",\"contentUrl\":\"https:\/\/www.miomiorun.com\/app\/uploads\/2021\/08\/craft-CRAFT-ACTIVE-EXTREME-RN-SS-1900732-9920.jpg\",\"width\":600,\"height\":600,\"caption\":\"craft active extreme rn ss\"},{\"@type\":\"BreadcrumbList\",\"@id\":\"https:\/\/www.miomiorun.com\/de\/produkt\/active-extreme-rn-ss-herren\/#breadcrumb\",\"itemListElement\":[{\"@type\":\"ListItem\",\"position\":1,\"name\":\"Home\",\"item\":\"https:\/\/www.miomiorun.com\/de\/\"},{\"@type\":\"ListItem\",\"position\":2,\"name\":\"Shop\",\"item\":\"https:\/\/www.miomiorun.com\/shop\/\"},{\"@type\":\"ListItem\",\"position\":3,\"name\":\"Active Extreme RN SS herren\"}]},{\"@type\":\"WebSite\",\"@id\":\"https:\/\/www.miomiorun.com\/de\/#website\",\"url\":\"https:\/\/www.miomiorun.com\/de\/\",\"name\":\"MioMioRun\",\"description\":\"100% Lauf- und Trailshop\",\"publisher\":{\"@id\":\"https:\/\/www.miomiorun.com\/de\/#organization\"},\"potentialAction\":[{\"@type\":\"SearchAction\",\"target\":{\"@type\":\"EntryPoint\",\"urlTemplate\":\"https:\/\/www.miomiorun.com\/de\/?s={search_term_string}\"},\"query-input\":{\"@type\":\"PropertyValueSpecification\",\"valueRequired\":true,\"valueName\":\"search_term_string\"}}],\"inLanguage\":\"de-DE\"},{\"@type\":\"Organization\",\"@id\":\"https:\/\/www.miomiorun.com\/de\/#organization\",\"name\":\"MioMio Run\",\"url\":\"https:\/\/www.miomiorun.com\/de\/\",\"logo\":{\"@type\":\"ImageObject\",\"inLanguage\":\"de-DE\",\"@id\":\"https:\/\/www.miomiorun.com\/de\/#\/schema\/logo\/image\/\",\"url\":\"https:\/\/www.miomiorun.com\/app\/uploads\/2019\/12\/logomio.png\",\"contentUrl\":\"https:\/\/www.miomiorun.com\/app\/uploads\/2019\/12\/logomio.png\",\"width\":115,\"height\":82,\"caption\":\"MioMio Run\"},\"image\":{\"@id\":\"https:\/\/www.miomiorun.com\/de\/#\/schema\/logo\/image\/\"},\"sameAs\":[\"https:\/\/www.facebook.com\/miomiorun\/\",\"https:\/\/www.instagram.com\/miomiorun\/\"]}]}<\/script>\n<!-- \/ Yoast SEO plugin. -->","yoast_head_json":{"title":"CraftActive Extreme RN SS herren - Thermo-Unterw\u00e4sche - MioMioRun.com","description":"Das Active Extreme RN SS ist ein hochfunktionelles Unterziehshirt f\u00fcr M\u00e4nner, das f\u00fcr Wettk\u00e4mpfe und hochintensives Training entwickelt wurde.","robots":{"index":"index","follow":"follow","max-snippet":"max-snippet:-1","max-image-preview":"max-image-preview:large","max-video-preview":"max-video-preview:-1"},"canonical":"https:\/\/www.miomiorun.com\/de\/produkt\/active-extreme-rn-ss-herren\/","og_locale":"de_DE","og_type":"article","og_title":"CraftActive Extreme RN SS herren - Thermo-Unterw\u00e4sche - MioMioRun.com","og_description":"Das Active Extreme RN SS ist ein hochfunktionelles Unterziehshirt f\u00fcr M\u00e4nner, das f\u00fcr Wettk\u00e4mpfe und hochintensives Training entwickelt wurde.","og_url":"https:\/\/www.miomiorun.com\/de\/produkt\/active-extreme-rn-ss-herren\/","og_site_name":"MioMioRun","article_publisher":"https:\/\/www.facebook.com\/miomiorun\/","article_modified_time":"2026-05-08T19:08:09+00:00","og_image":[{"width":600,"height":600,"url":"https:\/\/www.miomiorun.com\/app\/uploads\/2021\/08\/craft-CRAFT-ACTIVE-EXTREME-RN-SS-1900732-9920.jpg","type":"image\/jpeg"}],"twitter_card":"summary_large_image","twitter_misc":{"Est. reading time":"2 minutes"},"schema":{"@context":"https:\/\/schema.org","@graph":[{"@type":"WebPage","@id":"https:\/\/www.miomiorun.com\/de\/produkt\/active-extreme-rn-ss-herren\/","url":"https:\/\/www.miomiorun.com\/de\/produkt\/active-extreme-rn-ss-herren\/","name":"CraftActive Extreme RN SS herren - Thermo-Unterw\u00e4sche - MioMioRun.com","isPartOf":{"@id":"https:\/\/www.miomiorun.com\/de\/#website"},"primaryImageOfPage":{"@id":"https:\/\/www.miomiorun.com\/de\/produkt\/active-extreme-rn-ss-herren\/#primaryimage"},"image":{"@id":"https:\/\/www.miomiorun.com\/de\/produkt\/active-extreme-rn-ss-herren\/#primaryimage"},"thumbnailUrl":"https:\/\/www.miomiorun.com\/app\/uploads\/2021\/08\/craft-CRAFT-ACTIVE-EXTREME-RN-SS-1900732-9920.jpg","datePublished":"2021-08-28T15:10:46+00:00","dateModified":"2026-05-08T19:08:09+00:00","description":"Das Active Extreme RN SS ist ein hochfunktionelles Unterziehshirt f\u00fcr M\u00e4nner, das f\u00fcr Wettk\u00e4mpfe und hochintensives Training entwickelt wurde.","breadcrumb":{"@id":"https:\/\/www.miomiorun.com\/de\/produkt\/active-extreme-rn-ss-herren\/#breadcrumb"},"inLanguage":"de-DE","potentialAction":[{"@type":"ReadAction","target":["https:\/\/www.miomiorun.com\/de\/produkt\/active-extreme-rn-ss-herren\/"]}]},{"@type":"ImageObject","inLanguage":"de-DE","@id":"https:\/\/www.miomiorun.com\/de\/produkt\/active-extreme-rn-ss-herren\/#primaryimage","url":"https:\/\/www.miomiorun.com\/app\/uploads\/2021\/08\/craft-CRAFT-ACTIVE-EXTREME-RN-SS-1900732-9920.jpg","contentUrl":"https:\/\/www.miomiorun.com\/app\/uploads\/2021\/08\/craft-CRAFT-ACTIVE-EXTREME-RN-SS-1900732-9920.jpg","width":600,"height":600,"caption":"craft active extreme rn ss"},{"@type":"BreadcrumbList","@id":"https:\/\/www.miomiorun.com\/de\/produkt\/active-extreme-rn-ss-herren\/#breadcrumb","itemListElement":[{"@type":"ListItem","position":1,"name":"Home","item":"https:\/\/www.miomiorun.com\/de\/"},{"@type":"ListItem","position":2,"name":"Shop","item":"https:\/\/www.miomiorun.com\/shop\/"},{"@type":"ListItem","position":3,"name":"Active Extreme RN SS herren"}]},{"@type":"WebSite","@id":"https:\/\/www.miomiorun.com\/de\/#website","url":"https:\/\/www.miomiorun.com\/de\/","name":"MioMioRun","description":"100% Lauf- und Trailshop","publisher":{"@id":"https:\/\/www.miomiorun.com\/de\/#organization"},"potentialAction":[{"@type":"SearchAction","target":{"@type":"EntryPoint","urlTemplate":"https:\/\/www.miomiorun.com\/de\/?s={search_term_string}"},"query-input":{"@type":"PropertyValueSpecification","valueRequired":true,"valueName":"search_term_string"}}],"inLanguage":"de-DE"},{"@type":"Organization","@id":"https:\/\/www.miomiorun.com\/de\/#organization","name":"MioMio Run","url":"https:\/\/www.miomiorun.com\/de\/","logo":{"@type":"ImageObject","inLanguage":"de-DE","@id":"https:\/\/www.miomiorun.com\/de\/#\/schema\/logo\/image\/","url":"https:\/\/www.miomiorun.com\/app\/uploads\/2019\/12\/logomio.png","contentUrl":"https:\/\/www.miomiorun.com\/app\/uploads\/2019\/12\/logomio.png","width":115,"height":82,"caption":"MioMio Run"},"image":{"@id":"https:\/\/www.miomiorun.com\/de\/#\/schema\/logo\/image\/"},"sameAs":["https:\/\/www.facebook.com\/miomiorun\/","https:\/\/www.instagram.com\/miomiorun\/"]}]}},"_links":{"self":[{"href":"https:\/\/www.miomiorun.com\/de\/wp-json\/wp\/v2\/product\/177006","targetHints":{"allow":["GET"]}}],"collection":[{"href":"https:\/\/www.miomiorun.com\/de\/wp-json\/wp\/v2\/product"}],"about":[{"href":"https:\/\/www.miomiorun.com\/de\/wp-json\/wp\/v2\/types\/product"}],"wp:featuredmedia":[{"embeddable":true,"href":"https:\/\/www.miomiorun.com\/de\/wp-json\/wp\/v2\/media\/57860"}],"wp:attachment":[{"href":"https:\/\/www.miomiorun.com\/de\/wp-json\/wp\/v2\/media?parent=177006"}],"wp:term":[{"taxonomy":"product_brand","embeddable":true,"href":"https:\/\/www.miomiorun.com\/de\/wp-json\/wp\/v2\/product_brand?post=177006"},{"taxonomy":"product_cat","embeddable":true,"href":"https:\/\/www.miomiorun.com\/de\/wp-json\/wp\/v2\/product_cat?post=177006"},{"taxonomy":"product_tag","embeddable":true,"href":"https:\/\/www.miomiorun.com\/de\/wp-json\/wp\/v2\/product_tag?post=177006"}],"curies":[{"name":"wp","href":"https:\/\/api.w.org\/{rel}","templated":true}]}}