{"id":177000,"date":"2021-10-12T18:43:01","date_gmt":"2021-10-12T16:43:01","guid":{"rendered":"https:\/\/miomiorun.com\/prodotto\/uyn-energyon-uw-shirt-ls-uomo\/"},"modified":"2026-05-08T21:15:31","modified_gmt":"2026-05-08T19:15:31","slug":"energyon-uw-shirt-ls-herren","status":"publish","type":"product","link":"https:\/\/www.miomiorun.com\/de\/produkt\/energyon-uw-shirt-ls-herren\/","title":{"rendered":"Energyon UW shirt LS herren"},"content":{"rendered":"<p>Das <strong>Energyon UW<\/strong> f\u00fcr Herren ist ein thermisches Langarmtrikot, das sich perfekt f\u00fcr schwei\u00dftreibende Aktivit\u00e4ten eignet, die ein h\u00f6heres Ma\u00df an W\u00e4rme im Armbereich erfordern, wie z. B. Skilanglauf und Skibergsteigen.<br \/>\nDiese Version der Energyon-Weste kombiniert lange, anatomisch geformte und hochelastische \u00c4rmel mit der exklusiven Flowtunnels-Technologie f\u00fcr maximale Bel\u00fcftung.<br \/>\nIm Bereich der Achselh\u00f6hlen, der Brust und des R\u00fcckens sorgen Mikro\u00f6ffnungen in Kombination mit dreidimensionalen Kan\u00e4len f\u00fcr einen Luftstrom auf der Haut, der isoliert und k\u00fchlt.<\/p>\n<p>Auf diese Weise werden die K\u00f6rpertemperatur und das Wohlbefinden des Sportlers w\u00e4hrend der gesamten Dauer der Aktivit\u00e4t konstant gehalten.<\/p>\n<p><strong>Eigenschaften:<\/strong><\/p>\n<ul>\n<li>Hergestellt aus Natex, einer extra leichten und schnell trocknenden 100%igen Naturfaser.<\/li>\n<li>Gewebe aus organischem Material mit bakteriostatischer Wirkung.<\/li>\n<li>Hypermotion-Konstruktion: Das Kleidungsst\u00fcck ist aus einem einzigen St\u00fcck Stoff gefertigt, um N\u00e4hte und Unannehmlichkeiten zu minimieren.<\/li>\n<li>Flowtunnels-Technologie mit strategischer Perforation f\u00fcr maximale Bel\u00fcftung.<\/li>\n<li>Klassischer Rundhalsausschnitt mit extra weichem, verst\u00e4rktem Saum.<\/li>\n<li>Enge Passform f\u00fcr maximale Bewegungsfreiheit.<\/li>\n<li>Unverwechselbare kontrastierende UYN-Elemente.<\/li>\n<\/ul>\n<p>&nbsp;<\/p>\n<div role=\"tabpanel\"><\/div>\n","protected":false},"excerpt":{"rendered":"<p>Das Energyon UW f\u00fcr Herren ist ein thermisches Langarmtrikot, das sich perfekt f\u00fcr schwei\u00dftreibende Aktivit\u00e4ten eignet, die ein h\u00f6heres Ma\u00df an W\u00e4rme im Armbereich erfordern, wie z. B. Skilanglauf und Skibergsteigen. Diese Version der Energyon-Weste kombiniert lange, anatomisch geformte und hochelastische \u00c4rmel mit der exklusiven Flowtunnels-Technologie f\u00fcr maximale Bel\u00fcftung. Im Bereich der Achselh\u00f6hlen, der Brust &hellip; <a href=\"https:\/\/www.miomiorun.com\/de\/produkt\/energyon-uw-shirt-ls-herren\/\">Continued<\/a><\/p>\n","protected":false},"featured_media":58934,"template":"","meta":{"_acf_changed":false,"inline_featured_image":false},"product_brand":[],"product_cat":[6515,6540,6511],"product_tag":[6315,6296],"class_list":{"0":"post-177000","1":"product","2":"type-product","3":"status-publish","4":"has-post-thumbnail","6":"product_cat-herren-de","7":"product_cat-herrenbekleidung","8":"product_cat-waesche","9":"product_tag-uyn-de","10":"product_tag-uyn-herren-de","11":"pa_attivita-gehen","12":"pa_attivita-outdoor-de","13":"pa_attivita-running-de","14":"pa_attivita-trail-de","15":"pa_colore-energyon-uw-shirt-long-sl-m-white-de","16":"pa_marca-uyn-de","17":"pa_sesso-herren","18":"pa_size-l-xl-de","19":"pa_size-xxl-de","21":"first","22":"instock","23":"sale","24":"taxable","25":"shipping-taxable","26":"purchasable","27":"product-type-variable","28":"wvs-archive-product-wrapper"},"acf":[],"yoast_head":"<!-- This site is optimized with the Yoast SEO plugin v26.8 - https:\/\/yoast.com\/product\/yoast-seo-wordpress\/ -->\n<title>uynEnergyon UW shirt LS herren - Thermo-Unterw\u00e4sche - MioMioRun.com<\/title>\n<meta name=\"description\" content=\"Das Men&#039;s Energyon UW ist ein lang\u00e4rmeliges Thermoshirt, das sich perfekt f\u00fcr hochintensive Aktivit\u00e4ten und Schwitzen eignet.\" \/>\n<meta name=\"robots\" content=\"index, follow, max-snippet:-1, max-image-preview:large, max-video-preview:-1\" \/>\n<link rel=\"canonical\" href=\"https:\/\/www.miomiorun.com\/de\/produkt\/energyon-uw-shirt-ls-herren\/\" \/>\n<meta property=\"og:locale\" content=\"de_DE\" \/>\n<meta property=\"og:type\" content=\"article\" \/>\n<meta property=\"og:title\" content=\"uynEnergyon UW shirt LS herren - Thermo-Unterw\u00e4sche - MioMioRun.com\" \/>\n<meta property=\"og:description\" content=\"Das Men&#039;s Energyon UW ist ein lang\u00e4rmeliges Thermoshirt, das sich perfekt f\u00fcr hochintensive Aktivit\u00e4ten und Schwitzen eignet.\" \/>\n<meta property=\"og:url\" content=\"https:\/\/www.miomiorun.com\/de\/produkt\/energyon-uw-shirt-ls-herren\/\" \/>\n<meta property=\"og:site_name\" content=\"MioMioRun\" \/>\n<meta property=\"article:publisher\" content=\"https:\/\/www.facebook.com\/miomiorun\/\" \/>\n<meta property=\"article:modified_time\" content=\"2026-05-08T19:15:31+00:00\" \/>\n<meta property=\"og:image\" content=\"https:\/\/www.miomiorun.com\/app\/uploads\/2021\/10\/uyn-Energyon-UW-shirt-long-sl-U100218-W000.jpg\" \/>\n\t<meta property=\"og:image:width\" content=\"600\" \/>\n\t<meta property=\"og:image:height\" content=\"600\" \/>\n\t<meta property=\"og:image:type\" content=\"image\/jpeg\" \/>\n<meta name=\"twitter:card\" content=\"summary_large_image\" \/>\n<meta name=\"twitter:label1\" content=\"Est. reading time\" \/>\n\t<meta name=\"twitter:data1\" content=\"1 minute\" \/>\n<script type=\"application\/ld+json\" class=\"yoast-schema-graph\">{\"@context\":\"https:\/\/schema.org\",\"@graph\":[{\"@type\":\"WebPage\",\"@id\":\"https:\/\/www.miomiorun.com\/de\/produkt\/energyon-uw-shirt-ls-herren\/\",\"url\":\"https:\/\/www.miomiorun.com\/de\/produkt\/energyon-uw-shirt-ls-herren\/\",\"name\":\"uynEnergyon UW shirt LS herren - Thermo-Unterw\u00e4sche - MioMioRun.com\",\"isPartOf\":{\"@id\":\"https:\/\/www.miomiorun.com\/de\/#website\"},\"primaryImageOfPage\":{\"@id\":\"https:\/\/www.miomiorun.com\/de\/produkt\/energyon-uw-shirt-ls-herren\/#primaryimage\"},\"image\":{\"@id\":\"https:\/\/www.miomiorun.com\/de\/produkt\/energyon-uw-shirt-ls-herren\/#primaryimage\"},\"thumbnailUrl\":\"https:\/\/www.miomiorun.com\/app\/uploads\/2021\/10\/uyn-Energyon-UW-shirt-long-sl-U100218-W000.jpg\",\"datePublished\":\"2021-10-12T16:43:01+00:00\",\"dateModified\":\"2026-05-08T19:15:31+00:00\",\"description\":\"Das Men's Energyon UW ist ein lang\u00e4rmeliges Thermoshirt, das sich perfekt f\u00fcr hochintensive Aktivit\u00e4ten und Schwitzen eignet.\",\"breadcrumb\":{\"@id\":\"https:\/\/www.miomiorun.com\/de\/produkt\/energyon-uw-shirt-ls-herren\/#breadcrumb\"},\"inLanguage\":\"de-DE\",\"potentialAction\":[{\"@type\":\"ReadAction\",\"target\":[\"https:\/\/www.miomiorun.com\/de\/produkt\/energyon-uw-shirt-ls-herren\/\"]}]},{\"@type\":\"ImageObject\",\"inLanguage\":\"de-DE\",\"@id\":\"https:\/\/www.miomiorun.com\/de\/produkt\/energyon-uw-shirt-ls-herren\/#primaryimage\",\"url\":\"https:\/\/www.miomiorun.com\/app\/uploads\/2021\/10\/uyn-Energyon-UW-shirt-long-sl-U100218-W000.jpg\",\"contentUrl\":\"https:\/\/www.miomiorun.com\/app\/uploads\/2021\/10\/uyn-Energyon-UW-shirt-long-sl-U100218-W000.jpg\",\"width\":600,\"height\":600,\"caption\":\"uyn energyon uw shirt long sl fronte\"},{\"@type\":\"BreadcrumbList\",\"@id\":\"https:\/\/www.miomiorun.com\/de\/produkt\/energyon-uw-shirt-ls-herren\/#breadcrumb\",\"itemListElement\":[{\"@type\":\"ListItem\",\"position\":1,\"name\":\"Home\",\"item\":\"https:\/\/www.miomiorun.com\/de\/\"},{\"@type\":\"ListItem\",\"position\":2,\"name\":\"Shop\",\"item\":\"https:\/\/www.miomiorun.com\/shop\/\"},{\"@type\":\"ListItem\",\"position\":3,\"name\":\"Energyon UW shirt LS herren\"}]},{\"@type\":\"WebSite\",\"@id\":\"https:\/\/www.miomiorun.com\/de\/#website\",\"url\":\"https:\/\/www.miomiorun.com\/de\/\",\"name\":\"MioMioRun\",\"description\":\"100% Lauf- und Trailshop\",\"publisher\":{\"@id\":\"https:\/\/www.miomiorun.com\/de\/#organization\"},\"potentialAction\":[{\"@type\":\"SearchAction\",\"target\":{\"@type\":\"EntryPoint\",\"urlTemplate\":\"https:\/\/www.miomiorun.com\/de\/?s={search_term_string}\"},\"query-input\":{\"@type\":\"PropertyValueSpecification\",\"valueRequired\":true,\"valueName\":\"search_term_string\"}}],\"inLanguage\":\"de-DE\"},{\"@type\":\"Organization\",\"@id\":\"https:\/\/www.miomiorun.com\/de\/#organization\",\"name\":\"MioMio Run\",\"url\":\"https:\/\/www.miomiorun.com\/de\/\",\"logo\":{\"@type\":\"ImageObject\",\"inLanguage\":\"de-DE\",\"@id\":\"https:\/\/www.miomiorun.com\/de\/#\/schema\/logo\/image\/\",\"url\":\"https:\/\/www.miomiorun.com\/app\/uploads\/2019\/12\/logomio.png\",\"contentUrl\":\"https:\/\/www.miomiorun.com\/app\/uploads\/2019\/12\/logomio.png\",\"width\":115,\"height\":82,\"caption\":\"MioMio Run\"},\"image\":{\"@id\":\"https:\/\/www.miomiorun.com\/de\/#\/schema\/logo\/image\/\"},\"sameAs\":[\"https:\/\/www.facebook.com\/miomiorun\/\",\"https:\/\/www.instagram.com\/miomiorun\/\"]}]}<\/script>\n<!-- \/ Yoast SEO plugin. -->","yoast_head_json":{"title":"uynEnergyon UW shirt LS herren - Thermo-Unterw\u00e4sche - MioMioRun.com","description":"Das Men's Energyon UW ist ein lang\u00e4rmeliges Thermoshirt, das sich perfekt f\u00fcr hochintensive Aktivit\u00e4ten und Schwitzen eignet.","robots":{"index":"index","follow":"follow","max-snippet":"max-snippet:-1","max-image-preview":"max-image-preview:large","max-video-preview":"max-video-preview:-1"},"canonical":"https:\/\/www.miomiorun.com\/de\/produkt\/energyon-uw-shirt-ls-herren\/","og_locale":"de_DE","og_type":"article","og_title":"uynEnergyon UW shirt LS herren - Thermo-Unterw\u00e4sche - MioMioRun.com","og_description":"Das Men's Energyon UW ist ein lang\u00e4rmeliges Thermoshirt, das sich perfekt f\u00fcr hochintensive Aktivit\u00e4ten und Schwitzen eignet.","og_url":"https:\/\/www.miomiorun.com\/de\/produkt\/energyon-uw-shirt-ls-herren\/","og_site_name":"MioMioRun","article_publisher":"https:\/\/www.facebook.com\/miomiorun\/","article_modified_time":"2026-05-08T19:15:31+00:00","og_image":[{"width":600,"height":600,"url":"https:\/\/www.miomiorun.com\/app\/uploads\/2021\/10\/uyn-Energyon-UW-shirt-long-sl-U100218-W000.jpg","type":"image\/jpeg"}],"twitter_card":"summary_large_image","twitter_misc":{"Est. reading time":"1 minute"},"schema":{"@context":"https:\/\/schema.org","@graph":[{"@type":"WebPage","@id":"https:\/\/www.miomiorun.com\/de\/produkt\/energyon-uw-shirt-ls-herren\/","url":"https:\/\/www.miomiorun.com\/de\/produkt\/energyon-uw-shirt-ls-herren\/","name":"uynEnergyon UW shirt LS herren - Thermo-Unterw\u00e4sche - MioMioRun.com","isPartOf":{"@id":"https:\/\/www.miomiorun.com\/de\/#website"},"primaryImageOfPage":{"@id":"https:\/\/www.miomiorun.com\/de\/produkt\/energyon-uw-shirt-ls-herren\/#primaryimage"},"image":{"@id":"https:\/\/www.miomiorun.com\/de\/produkt\/energyon-uw-shirt-ls-herren\/#primaryimage"},"thumbnailUrl":"https:\/\/www.miomiorun.com\/app\/uploads\/2021\/10\/uyn-Energyon-UW-shirt-long-sl-U100218-W000.jpg","datePublished":"2021-10-12T16:43:01+00:00","dateModified":"2026-05-08T19:15:31+00:00","description":"Das Men's Energyon UW ist ein lang\u00e4rmeliges Thermoshirt, das sich perfekt f\u00fcr hochintensive Aktivit\u00e4ten und Schwitzen eignet.","breadcrumb":{"@id":"https:\/\/www.miomiorun.com\/de\/produkt\/energyon-uw-shirt-ls-herren\/#breadcrumb"},"inLanguage":"de-DE","potentialAction":[{"@type":"ReadAction","target":["https:\/\/www.miomiorun.com\/de\/produkt\/energyon-uw-shirt-ls-herren\/"]}]},{"@type":"ImageObject","inLanguage":"de-DE","@id":"https:\/\/www.miomiorun.com\/de\/produkt\/energyon-uw-shirt-ls-herren\/#primaryimage","url":"https:\/\/www.miomiorun.com\/app\/uploads\/2021\/10\/uyn-Energyon-UW-shirt-long-sl-U100218-W000.jpg","contentUrl":"https:\/\/www.miomiorun.com\/app\/uploads\/2021\/10\/uyn-Energyon-UW-shirt-long-sl-U100218-W000.jpg","width":600,"height":600,"caption":"uyn energyon uw shirt long sl fronte"},{"@type":"BreadcrumbList","@id":"https:\/\/www.miomiorun.com\/de\/produkt\/energyon-uw-shirt-ls-herren\/#breadcrumb","itemListElement":[{"@type":"ListItem","position":1,"name":"Home","item":"https:\/\/www.miomiorun.com\/de\/"},{"@type":"ListItem","position":2,"name":"Shop","item":"https:\/\/www.miomiorun.com\/shop\/"},{"@type":"ListItem","position":3,"name":"Energyon UW shirt LS herren"}]},{"@type":"WebSite","@id":"https:\/\/www.miomiorun.com\/de\/#website","url":"https:\/\/www.miomiorun.com\/de\/","name":"MioMioRun","description":"100% Lauf- und Trailshop","publisher":{"@id":"https:\/\/www.miomiorun.com\/de\/#organization"},"potentialAction":[{"@type":"SearchAction","target":{"@type":"EntryPoint","urlTemplate":"https:\/\/www.miomiorun.com\/de\/?s={search_term_string}"},"query-input":{"@type":"PropertyValueSpecification","valueRequired":true,"valueName":"search_term_string"}}],"inLanguage":"de-DE"},{"@type":"Organization","@id":"https:\/\/www.miomiorun.com\/de\/#organization","name":"MioMio Run","url":"https:\/\/www.miomiorun.com\/de\/","logo":{"@type":"ImageObject","inLanguage":"de-DE","@id":"https:\/\/www.miomiorun.com\/de\/#\/schema\/logo\/image\/","url":"https:\/\/www.miomiorun.com\/app\/uploads\/2019\/12\/logomio.png","contentUrl":"https:\/\/www.miomiorun.com\/app\/uploads\/2019\/12\/logomio.png","width":115,"height":82,"caption":"MioMio Run"},"image":{"@id":"https:\/\/www.miomiorun.com\/de\/#\/schema\/logo\/image\/"},"sameAs":["https:\/\/www.facebook.com\/miomiorun\/","https:\/\/www.instagram.com\/miomiorun\/"]}]}},"_links":{"self":[{"href":"https:\/\/www.miomiorun.com\/de\/wp-json\/wp\/v2\/product\/177000","targetHints":{"allow":["GET"]}}],"collection":[{"href":"https:\/\/www.miomiorun.com\/de\/wp-json\/wp\/v2\/product"}],"about":[{"href":"https:\/\/www.miomiorun.com\/de\/wp-json\/wp\/v2\/types\/product"}],"wp:featuredmedia":[{"embeddable":true,"href":"https:\/\/www.miomiorun.com\/de\/wp-json\/wp\/v2\/media\/58934"}],"wp:attachment":[{"href":"https:\/\/www.miomiorun.com\/de\/wp-json\/wp\/v2\/media?parent=177000"}],"wp:term":[{"taxonomy":"product_brand","embeddable":true,"href":"https:\/\/www.miomiorun.com\/de\/wp-json\/wp\/v2\/product_brand?post=177000"},{"taxonomy":"product_cat","embeddable":true,"href":"https:\/\/www.miomiorun.com\/de\/wp-json\/wp\/v2\/product_cat?post=177000"},{"taxonomy":"product_tag","embeddable":true,"href":"https:\/\/www.miomiorun.com\/de\/wp-json\/wp\/v2\/product_tag?post=177000"}],"curies":[{"name":"wp","href":"https:\/\/api.w.org\/{rel}","templated":true}]}}