{"id":176996,"date":"2021-10-20T10:12:02","date_gmt":"2021-10-20T08:12:02","guid":{"rendered":"https:\/\/miomiorun.com\/prodotto\/uyn-evolutyon-underwear-shirt-longsleeve-uomo\/"},"modified":"2026-05-08T21:13:25","modified_gmt":"2026-05-08T19:13:25","slug":"evolutyon-underwear-shirt-longsleeve-herren","status":"publish","type":"product","link":"https:\/\/www.miomiorun.com\/de\/produkt\/evolutyon-underwear-shirt-longsleeve-herren\/","title":{"rendered":"Evolutyon Underwear Shirt LongSleeve herren"},"content":{"rendered":"<p>Atmungsaktiv, ergonomisch, komfortabel: das sind die besonderen Eigenschaften der UYN\u00ae EVOLUTYON UNDERWEAR SHIRT LONGSLEEVE MELANGE Unterw\u00e4sche f\u00fcr M\u00e4nner aus Natex, einer 100% biologischen Nylonfaser, die eine ideale Thermoregulierung erm\u00f6glicht. Dank der Kanalisierung der Innenfl\u00e4che erm\u00f6glicht Coolvent eine konstante Luftzirkulation. Auf diese Weise absorbiert die Weste den Schwei\u00df und k\u00fchlt bei Bewegung ab. Mit ihrer innovativen einteiligen Konstruktion und damit nahtlos im Arm- und Schulterbereich garantiert Hypermotion zudem maximale Bewegungsfreiheit und erleichtert eine korrekte K\u00f6rperhaltung. Die lang\u00e4rmelige Unterw\u00e4sche ist ideal f\u00fcr intensive und anspruchsvolle Trainingseinheiten, besonders im Herbst und an warmen Wintertagen. Mit ihrer Melange-Optik \u00fcberzeugt sie auch in puncto Style voll und ganz.<\/p>\n<h2>Technologien:<\/h2>\n<h3>\nHYPERMOTION<\/h3>\n<p>Ein Trikot, eine Naht, keine Grenzen. Der Schulterbereich ist aus einem einzigen St\u00fcck Stoff gefertigt, ohne vertikale N\u00e4hte. Mehr Bewegungsfreiheit, mehr Unterst\u00fctzung f\u00fcr die Muskeln und die K\u00f6rperhaltung.<\/p>\n<h3>HEATMEMORY<\/h3>\n<div class=\"tab-custom-inner-max content-wysiwyg\">\n<div class=\"product-line\">Leistung und Komfort zu vereinen ist sicherlich kein einfaches Ziel &#8211; aber es ist machbar. Dank der HEATMEMORY-Isolierzellen ist Ihr K\u00f6rper stets vor K\u00e4lte gesch\u00fctzt.<\/div>\n<h3 class=\"product-line\">COOLVENT<\/h3>\n<div class=\"product-line\">Die kanalisierte Innenfl\u00e4che erzeugt einen konstanten Luftstrom. Sie nimmt den Schwei\u00df schnell auf, k\u00fchlt den K\u00f6rper bei Aktivit\u00e4t und h\u00e4lt die Haut trocken.<\/div>\n<h3 class=\"product-line\">DRYLIGHT<\/h3>\n<div class=\"product-line\">Transportiert den Schwei\u00df nach au\u00dfen durch eine leichtere, hochabsorbierende Stricktechnologie.<\/div>\n<h3 class=\"product-line\">FEELINES<\/h3>\n<div class=\"product-line\">Dynamische Konturlinien verbinden die einzelnen Funktionszonen perfekt miteinander und sorgen f\u00fcr h\u00f6chsten Komfort und mehr Bewegungsfreiheit.<\/div>\n<h3 class=\"product-line\">NATEX<\/h3>\n<div class=\"product-line\">Mit dem speziellen NATEX-Garn stellt UYN die Natur in den Dienst Ihres Wohlbefindens. NATEX ist besonders leicht und reduziert das Gewicht des Kleidungsst\u00fccks um 25%. Kleidungsst\u00fccke aus NATEX trocknen bis zu 50 % schneller als Kleidungsst\u00fccke des gleichen Typs aus Nylon. Die 100% nat\u00fcrliche Bio-Faser ist elastischer und die bakteriostatische Wirkung minimiert die Geruchsbildung.<\/div>\n<\/div>\n","protected":false},"excerpt":{"rendered":"<p>Atmungsaktiv, ergonomisch, komfortabel: das sind die besonderen Eigenschaften der UYN\u00ae EVOLUTYON UNDERWEAR SHIRT LONGSLEEVE MELANGE Unterw\u00e4sche f\u00fcr M\u00e4nner aus Natex, einer 100% biologischen Nylonfaser, die eine ideale Thermoregulierung erm\u00f6glicht. Dank der Kanalisierung der Innenfl\u00e4che erm\u00f6glicht Coolvent eine konstante Luftzirkulation. Auf diese Weise absorbiert die Weste den Schwei\u00df und k\u00fchlt bei Bewegung ab. Mit ihrer innovativen &hellip; <a href=\"https:\/\/www.miomiorun.com\/de\/produkt\/evolutyon-underwear-shirt-longsleeve-herren\/\">Continued<\/a><\/p>\n","protected":false},"featured_media":59476,"template":"","meta":{"_acf_changed":false,"inline_featured_image":false},"product_brand":[],"product_cat":[6515,6540,6511],"product_tag":[6315,6296],"class_list":{"0":"post-176996","1":"product","2":"type-product","3":"status-publish","4":"has-post-thumbnail","6":"product_cat-herren-de","7":"product_cat-herrenbekleidung","8":"product_cat-waesche","9":"product_tag-uyn-de","10":"product_tag-uyn-herren-de","11":"pa_attivita-gehen","12":"pa_attivita-outdoor-de","13":"pa_attivita-running-de","14":"pa_attivita-trail-de","15":"pa_colore-evolution-uw-shirt-lg_sl-blackboard-anth-de","16":"pa_marca-uyn-de","17":"pa_sesso-herren","18":"pa_size-l-xl-de","20":"first","21":"instock","22":"sale","23":"taxable","24":"shipping-taxable","25":"purchasable","26":"product-type-variable","27":"wvs-archive-product-wrapper"},"acf":[],"yoast_head":"<!-- This site is optimized with the Yoast SEO plugin v26.8 - https:\/\/yoast.com\/product\/yoast-seo-wordpress\/ -->\n<title>Uyn Evolutyon Underwear Shirt LongSleeve herren - Thermisches-<\/title>\n<meta name=\"description\" content=\"Atmungsaktiv, ergonomisch, bequem: das sind die besonderen Eigenschaften der UYN EVOLUTYON UNDERWEAR SHIRT LONGSLEEVE MELANGE Unterw\u00e4sche f\u00fcr Herren aus Natex.\" \/>\n<meta name=\"robots\" content=\"index, follow, max-snippet:-1, max-image-preview:large, max-video-preview:-1\" \/>\n<link rel=\"canonical\" href=\"https:\/\/www.miomiorun.com\/de\/produkt\/evolutyon-underwear-shirt-longsleeve-herren\/\" \/>\n<meta property=\"og:locale\" content=\"de_DE\" \/>\n<meta property=\"og:type\" content=\"article\" \/>\n<meta property=\"og:title\" content=\"Uyn Evolutyon Underwear Shirt LongSleeve herren - Thermisches-\" \/>\n<meta property=\"og:description\" content=\"Atmungsaktiv, ergonomisch, bequem: das sind die besonderen Eigenschaften der UYN EVOLUTYON UNDERWEAR SHIRT LONGSLEEVE MELANGE Unterw\u00e4sche f\u00fcr Herren aus Natex.\" \/>\n<meta property=\"og:url\" content=\"https:\/\/www.miomiorun.com\/de\/produkt\/evolutyon-underwear-shirt-longsleeve-herren\/\" \/>\n<meta property=\"og:site_name\" content=\"MioMioRun\" \/>\n<meta property=\"article:publisher\" content=\"https:\/\/www.facebook.com\/miomiorun\/\" \/>\n<meta property=\"article:modified_time\" content=\"2026-05-08T19:13:25+00:00\" \/>\n<meta property=\"og:image\" content=\"https:\/\/www.miomiorun.com\/app\/uploads\/2021\/11\/uyn-evolution-uw-shirt-lg_sl-U100006-93B472.jpg\" \/>\n\t<meta property=\"og:image:width\" content=\"600\" \/>\n\t<meta property=\"og:image:height\" content=\"600\" \/>\n\t<meta property=\"og:image:type\" content=\"image\/jpeg\" \/>\n<meta name=\"twitter:card\" content=\"summary_large_image\" \/>\n<meta name=\"twitter:label1\" content=\"Est. reading time\" \/>\n\t<meta name=\"twitter:data1\" content=\"1 minute\" \/>\n<script type=\"application\/ld+json\" class=\"yoast-schema-graph\">{\"@context\":\"https:\/\/schema.org\",\"@graph\":[{\"@type\":\"WebPage\",\"@id\":\"https:\/\/www.miomiorun.com\/de\/produkt\/evolutyon-underwear-shirt-longsleeve-herren\/\",\"url\":\"https:\/\/www.miomiorun.com\/de\/produkt\/evolutyon-underwear-shirt-longsleeve-herren\/\",\"name\":\"Uyn Evolutyon Underwear Shirt LongSleeve herren - Thermisches-\",\"isPartOf\":{\"@id\":\"https:\/\/www.miomiorun.com\/de\/#website\"},\"primaryImageOfPage\":{\"@id\":\"https:\/\/www.miomiorun.com\/de\/produkt\/evolutyon-underwear-shirt-longsleeve-herren\/#primaryimage\"},\"image\":{\"@id\":\"https:\/\/www.miomiorun.com\/de\/produkt\/evolutyon-underwear-shirt-longsleeve-herren\/#primaryimage\"},\"thumbnailUrl\":\"https:\/\/www.miomiorun.com\/app\/uploads\/2021\/11\/uyn-evolution-uw-shirt-lg_sl-U100006-93B472.jpg\",\"datePublished\":\"2021-10-20T08:12:02+00:00\",\"dateModified\":\"2026-05-08T19:13:25+00:00\",\"description\":\"Atmungsaktiv, ergonomisch, bequem: das sind die besonderen Eigenschaften der UYN EVOLUTYON UNDERWEAR SHIRT LONGSLEEVE MELANGE Unterw\u00e4sche f\u00fcr Herren aus Natex.\",\"breadcrumb\":{\"@id\":\"https:\/\/www.miomiorun.com\/de\/produkt\/evolutyon-underwear-shirt-longsleeve-herren\/#breadcrumb\"},\"inLanguage\":\"de-DE\",\"potentialAction\":[{\"@type\":\"ReadAction\",\"target\":[\"https:\/\/www.miomiorun.com\/de\/produkt\/evolutyon-underwear-shirt-longsleeve-herren\/\"]}]},{\"@type\":\"ImageObject\",\"inLanguage\":\"de-DE\",\"@id\":\"https:\/\/www.miomiorun.com\/de\/produkt\/evolutyon-underwear-shirt-longsleeve-herren\/#primaryimage\",\"url\":\"https:\/\/www.miomiorun.com\/app\/uploads\/2021\/11\/uyn-evolution-uw-shirt-lg_sl-U100006-93B472.jpg\",\"contentUrl\":\"https:\/\/www.miomiorun.com\/app\/uploads\/2021\/11\/uyn-evolution-uw-shirt-lg_sl-U100006-93B472.jpg\",\"width\":600,\"height\":600,\"caption\":\"uyn evolution uw shirt lg-sl\"},{\"@type\":\"BreadcrumbList\",\"@id\":\"https:\/\/www.miomiorun.com\/de\/produkt\/evolutyon-underwear-shirt-longsleeve-herren\/#breadcrumb\",\"itemListElement\":[{\"@type\":\"ListItem\",\"position\":1,\"name\":\"Home\",\"item\":\"https:\/\/www.miomiorun.com\/de\/\"},{\"@type\":\"ListItem\",\"position\":2,\"name\":\"Shop\",\"item\":\"https:\/\/www.miomiorun.com\/shop\/\"},{\"@type\":\"ListItem\",\"position\":3,\"name\":\"Evolutyon Underwear Shirt LongSleeve herren\"}]},{\"@type\":\"WebSite\",\"@id\":\"https:\/\/www.miomiorun.com\/de\/#website\",\"url\":\"https:\/\/www.miomiorun.com\/de\/\",\"name\":\"MioMioRun\",\"description\":\"100% Lauf- und Trailshop\",\"publisher\":{\"@id\":\"https:\/\/www.miomiorun.com\/de\/#organization\"},\"potentialAction\":[{\"@type\":\"SearchAction\",\"target\":{\"@type\":\"EntryPoint\",\"urlTemplate\":\"https:\/\/www.miomiorun.com\/de\/?s={search_term_string}\"},\"query-input\":{\"@type\":\"PropertyValueSpecification\",\"valueRequired\":true,\"valueName\":\"search_term_string\"}}],\"inLanguage\":\"de-DE\"},{\"@type\":\"Organization\",\"@id\":\"https:\/\/www.miomiorun.com\/de\/#organization\",\"name\":\"MioMio Run\",\"url\":\"https:\/\/www.miomiorun.com\/de\/\",\"logo\":{\"@type\":\"ImageObject\",\"inLanguage\":\"de-DE\",\"@id\":\"https:\/\/www.miomiorun.com\/de\/#\/schema\/logo\/image\/\",\"url\":\"https:\/\/www.miomiorun.com\/app\/uploads\/2019\/12\/logomio.png\",\"contentUrl\":\"https:\/\/www.miomiorun.com\/app\/uploads\/2019\/12\/logomio.png\",\"width\":115,\"height\":82,\"caption\":\"MioMio Run\"},\"image\":{\"@id\":\"https:\/\/www.miomiorun.com\/de\/#\/schema\/logo\/image\/\"},\"sameAs\":[\"https:\/\/www.facebook.com\/miomiorun\/\",\"https:\/\/www.instagram.com\/miomiorun\/\"]}]}<\/script>\n<!-- \/ Yoast SEO plugin. -->","yoast_head_json":{"title":"Uyn Evolutyon Underwear Shirt LongSleeve herren - Thermisches-","description":"Atmungsaktiv, ergonomisch, bequem: das sind die besonderen Eigenschaften der UYN EVOLUTYON UNDERWEAR SHIRT LONGSLEEVE MELANGE Unterw\u00e4sche f\u00fcr Herren aus Natex.","robots":{"index":"index","follow":"follow","max-snippet":"max-snippet:-1","max-image-preview":"max-image-preview:large","max-video-preview":"max-video-preview:-1"},"canonical":"https:\/\/www.miomiorun.com\/de\/produkt\/evolutyon-underwear-shirt-longsleeve-herren\/","og_locale":"de_DE","og_type":"article","og_title":"Uyn Evolutyon Underwear Shirt LongSleeve herren - Thermisches-","og_description":"Atmungsaktiv, ergonomisch, bequem: das sind die besonderen Eigenschaften der UYN EVOLUTYON UNDERWEAR SHIRT LONGSLEEVE MELANGE Unterw\u00e4sche f\u00fcr Herren aus Natex.","og_url":"https:\/\/www.miomiorun.com\/de\/produkt\/evolutyon-underwear-shirt-longsleeve-herren\/","og_site_name":"MioMioRun","article_publisher":"https:\/\/www.facebook.com\/miomiorun\/","article_modified_time":"2026-05-08T19:13:25+00:00","og_image":[{"width":600,"height":600,"url":"https:\/\/www.miomiorun.com\/app\/uploads\/2021\/11\/uyn-evolution-uw-shirt-lg_sl-U100006-93B472.jpg","type":"image\/jpeg"}],"twitter_card":"summary_large_image","twitter_misc":{"Est. reading time":"1 minute"},"schema":{"@context":"https:\/\/schema.org","@graph":[{"@type":"WebPage","@id":"https:\/\/www.miomiorun.com\/de\/produkt\/evolutyon-underwear-shirt-longsleeve-herren\/","url":"https:\/\/www.miomiorun.com\/de\/produkt\/evolutyon-underwear-shirt-longsleeve-herren\/","name":"Uyn Evolutyon Underwear Shirt LongSleeve herren - Thermisches-","isPartOf":{"@id":"https:\/\/www.miomiorun.com\/de\/#website"},"primaryImageOfPage":{"@id":"https:\/\/www.miomiorun.com\/de\/produkt\/evolutyon-underwear-shirt-longsleeve-herren\/#primaryimage"},"image":{"@id":"https:\/\/www.miomiorun.com\/de\/produkt\/evolutyon-underwear-shirt-longsleeve-herren\/#primaryimage"},"thumbnailUrl":"https:\/\/www.miomiorun.com\/app\/uploads\/2021\/11\/uyn-evolution-uw-shirt-lg_sl-U100006-93B472.jpg","datePublished":"2021-10-20T08:12:02+00:00","dateModified":"2026-05-08T19:13:25+00:00","description":"Atmungsaktiv, ergonomisch, bequem: das sind die besonderen Eigenschaften der UYN EVOLUTYON UNDERWEAR SHIRT LONGSLEEVE MELANGE Unterw\u00e4sche f\u00fcr Herren aus Natex.","breadcrumb":{"@id":"https:\/\/www.miomiorun.com\/de\/produkt\/evolutyon-underwear-shirt-longsleeve-herren\/#breadcrumb"},"inLanguage":"de-DE","potentialAction":[{"@type":"ReadAction","target":["https:\/\/www.miomiorun.com\/de\/produkt\/evolutyon-underwear-shirt-longsleeve-herren\/"]}]},{"@type":"ImageObject","inLanguage":"de-DE","@id":"https:\/\/www.miomiorun.com\/de\/produkt\/evolutyon-underwear-shirt-longsleeve-herren\/#primaryimage","url":"https:\/\/www.miomiorun.com\/app\/uploads\/2021\/11\/uyn-evolution-uw-shirt-lg_sl-U100006-93B472.jpg","contentUrl":"https:\/\/www.miomiorun.com\/app\/uploads\/2021\/11\/uyn-evolution-uw-shirt-lg_sl-U100006-93B472.jpg","width":600,"height":600,"caption":"uyn evolution uw shirt lg-sl"},{"@type":"BreadcrumbList","@id":"https:\/\/www.miomiorun.com\/de\/produkt\/evolutyon-underwear-shirt-longsleeve-herren\/#breadcrumb","itemListElement":[{"@type":"ListItem","position":1,"name":"Home","item":"https:\/\/www.miomiorun.com\/de\/"},{"@type":"ListItem","position":2,"name":"Shop","item":"https:\/\/www.miomiorun.com\/shop\/"},{"@type":"ListItem","position":3,"name":"Evolutyon Underwear Shirt LongSleeve herren"}]},{"@type":"WebSite","@id":"https:\/\/www.miomiorun.com\/de\/#website","url":"https:\/\/www.miomiorun.com\/de\/","name":"MioMioRun","description":"100% Lauf- und Trailshop","publisher":{"@id":"https:\/\/www.miomiorun.com\/de\/#organization"},"potentialAction":[{"@type":"SearchAction","target":{"@type":"EntryPoint","urlTemplate":"https:\/\/www.miomiorun.com\/de\/?s={search_term_string}"},"query-input":{"@type":"PropertyValueSpecification","valueRequired":true,"valueName":"search_term_string"}}],"inLanguage":"de-DE"},{"@type":"Organization","@id":"https:\/\/www.miomiorun.com\/de\/#organization","name":"MioMio Run","url":"https:\/\/www.miomiorun.com\/de\/","logo":{"@type":"ImageObject","inLanguage":"de-DE","@id":"https:\/\/www.miomiorun.com\/de\/#\/schema\/logo\/image\/","url":"https:\/\/www.miomiorun.com\/app\/uploads\/2019\/12\/logomio.png","contentUrl":"https:\/\/www.miomiorun.com\/app\/uploads\/2019\/12\/logomio.png","width":115,"height":82,"caption":"MioMio Run"},"image":{"@id":"https:\/\/www.miomiorun.com\/de\/#\/schema\/logo\/image\/"},"sameAs":["https:\/\/www.facebook.com\/miomiorun\/","https:\/\/www.instagram.com\/miomiorun\/"]}]}},"_links":{"self":[{"href":"https:\/\/www.miomiorun.com\/de\/wp-json\/wp\/v2\/product\/176996","targetHints":{"allow":["GET"]}}],"collection":[{"href":"https:\/\/www.miomiorun.com\/de\/wp-json\/wp\/v2\/product"}],"about":[{"href":"https:\/\/www.miomiorun.com\/de\/wp-json\/wp\/v2\/types\/product"}],"wp:featuredmedia":[{"embeddable":true,"href":"https:\/\/www.miomiorun.com\/de\/wp-json\/wp\/v2\/media\/59476"}],"wp:attachment":[{"href":"https:\/\/www.miomiorun.com\/de\/wp-json\/wp\/v2\/media?parent=176996"}],"wp:term":[{"taxonomy":"product_brand","embeddable":true,"href":"https:\/\/www.miomiorun.com\/de\/wp-json\/wp\/v2\/product_brand?post=176996"},{"taxonomy":"product_cat","embeddable":true,"href":"https:\/\/www.miomiorun.com\/de\/wp-json\/wp\/v2\/product_cat?post=176996"},{"taxonomy":"product_tag","embeddable":true,"href":"https:\/\/www.miomiorun.com\/de\/wp-json\/wp\/v2\/product_tag?post=176996"}],"curies":[{"name":"wp","href":"https:\/\/api.w.org\/{rel}","templated":true}]}}