{"id":176994,"date":"2021-12-17T11:04:13","date_gmt":"2021-12-17T10:04:13","guid":{"rendered":"https:\/\/miomiorun.com\/prodotto\/craft-pro-wool-extreme-x-ls-uomo\/"},"modified":"2024-06-08T17:43:23","modified_gmt":"2024-06-08T15:43:23","slug":"pro-wool-extreme-x-ls-herren","status":"publish","type":"product","link":"https:\/\/www.miomiorun.com\/de\/produkt\/pro-wool-extreme-x-ls-herren\/","title":{"rendered":"Pro Wool Extreme X LS herren"},"content":{"rendered":"<p>PRO<strong> Wool Extreme X LS<\/strong> f\u00fcr Herren ist ein eng anliegendes Langarmshirt in Profiqualit\u00e4t mit 20 % Wollanteil, das Sie bei hochintensivem Training unter kalten Bedingungen trocken und warm h\u00e4lt.<\/p>\n<p>Diese technisch fortschrittliche Basisschicht besteht aus einer weichen Mischung aus Polyamid und Merinowolle, die einen ausgezeichneten Feuchtigkeitstransport bietet und gleichzeitig genau die richtige Menge an W\u00e4rme f\u00fcr optimalen Komfort an kalten Wintertagen auf Langlaufloipen und \u00e4hnlichen Orten bereitstellt. Dar\u00fcber hinaus eignet sich das d\u00fcnne, funktionelle Gewebe des Kleidungsst\u00fccks auch hervorragend zum Wandern oder Trekking bei kalten Fr\u00fchlings- und Herbstausfl\u00fcgen.<\/p>\n<p><strong>Eigenschaften:<\/strong><\/p>\n<ul>\n<li>D\u00fcnnes, hochfunktionelles Polyamid-Wollgewebe.<\/li>\n<li>20% Merinowolle.<\/li>\n<li>Ohne Pantoletten.<\/li>\n<li>H\u00e4lt auch bei N\u00e4sse warm und trocken.<\/li>\n<li>Von Natur aus geruchsneutral.<\/li>\n<li>Eng anliegend.<\/li>\n<\/ul>\n<p>&nbsp;<\/p>\n<p>&nbsp;<\/p>\n<p>&nbsp;<\/p>\n<p>&nbsp;<\/p>\n","protected":false},"excerpt":{"rendered":"<p>PRO Wool Extreme X LS f\u00fcr Herren ist ein eng anliegendes Langarmshirt in Profiqualit\u00e4t mit 20 % Wollanteil, das Sie bei hochintensivem Training unter kalten Bedingungen trocken und warm h\u00e4lt. Diese technisch fortschrittliche Basisschicht besteht aus einer weichen Mischung aus Polyamid und Merinowolle, die einen ausgezeichneten Feuchtigkeitstransport bietet und gleichzeitig genau die richtige Menge an &hellip; <a href=\"https:\/\/www.miomiorun.com\/de\/produkt\/pro-wool-extreme-x-ls-herren\/\">Continued<\/a><\/p>\n","protected":false},"featured_media":59608,"template":"","meta":{"_acf_changed":false,"inline_featured_image":false},"product_brand":[],"product_cat":[6540,6511],"product_tag":[6304,6234],"class_list":{"0":"post-176994","1":"product","2":"type-product","3":"status-publish","4":"has-post-thumbnail","6":"product_cat-herrenbekleidung","7":"product_cat-waesche","8":"product_tag-craft-de","9":"product_tag-craft-herren-de","10":"pa_attivita-gehen","11":"pa_attivita-outdoor-de","12":"pa_attivita-running-de","13":"pa_attivita-trail-de","14":"pa_marca-craft-de","15":"pa_sesso-herren","16":"pa_size-small-de","17":"pa_size-medium-de","18":"pa_size-large-de","19":"pa_size-extra-large-de","21":"first","22":"instock","23":"sale","24":"taxable","25":"shipping-taxable","26":"purchasable","27":"product-type-variable","28":"wvs-archive-product-wrapper"},"acf":[],"yoast_head":"<!-- This site is optimized with the Yoast SEO plugin v26.8 - https:\/\/yoast.com\/product\/yoast-seo-wordpress\/ -->\n<title>Craft Pro Wool Extreme X LS herren - Thermisches Trikot - MioMioRun.com<\/title>\n<meta name=\"description\" content=\"PRO Wool Extreme X LS f\u00fcr Herren ist ein eng anliegendes Langarmhemd in Profiqualit\u00e4t mit 20% Wollanteil.\" \/>\n<meta name=\"robots\" content=\"index, follow, max-snippet:-1, max-image-preview:large, max-video-preview:-1\" \/>\n<link rel=\"canonical\" href=\"https:\/\/www.miomiorun.com\/de\/produkt\/pro-wool-extreme-x-ls-herren\/\" \/>\n<meta property=\"og:locale\" content=\"de_DE\" \/>\n<meta property=\"og:type\" content=\"article\" \/>\n<meta property=\"og:title\" content=\"Craft Pro Wool Extreme X LS herren - Thermisches Trikot - MioMioRun.com\" \/>\n<meta property=\"og:description\" content=\"PRO Wool Extreme X LS f\u00fcr Herren ist ein eng anliegendes Langarmhemd in Profiqualit\u00e4t mit 20% Wollanteil.\" \/>\n<meta property=\"og:url\" content=\"https:\/\/www.miomiorun.com\/de\/produkt\/pro-wool-extreme-x-ls-herren\/\" \/>\n<meta property=\"og:site_name\" content=\"MioMioRun\" \/>\n<meta property=\"article:publisher\" content=\"https:\/\/www.facebook.com\/miomiorun\/\" \/>\n<meta property=\"article:modified_time\" content=\"2024-06-08T15:43:23+00:00\" \/>\n<meta property=\"og:image\" content=\"https:\/\/www.miomiorun.com\/app\/uploads\/2021\/12\/craft-pro-wool-extreme-X-LS-1911151-999000.jpg\" \/>\n\t<meta property=\"og:image:width\" content=\"600\" \/>\n\t<meta property=\"og:image:height\" content=\"600\" \/>\n\t<meta property=\"og:image:type\" content=\"image\/jpeg\" \/>\n<meta name=\"twitter:card\" content=\"summary_large_image\" \/>\n<meta name=\"twitter:label1\" content=\"Est. reading time\" \/>\n\t<meta name=\"twitter:data1\" content=\"1 minute\" \/>\n<script type=\"application\/ld+json\" class=\"yoast-schema-graph\">{\"@context\":\"https:\/\/schema.org\",\"@graph\":[{\"@type\":\"WebPage\",\"@id\":\"https:\/\/www.miomiorun.com\/de\/produkt\/pro-wool-extreme-x-ls-herren\/\",\"url\":\"https:\/\/www.miomiorun.com\/de\/produkt\/pro-wool-extreme-x-ls-herren\/\",\"name\":\"Craft Pro Wool Extreme X LS herren - Thermisches Trikot - MioMioRun.com\",\"isPartOf\":{\"@id\":\"https:\/\/www.miomiorun.com\/de\/#website\"},\"primaryImageOfPage\":{\"@id\":\"https:\/\/www.miomiorun.com\/de\/produkt\/pro-wool-extreme-x-ls-herren\/#primaryimage\"},\"image\":{\"@id\":\"https:\/\/www.miomiorun.com\/de\/produkt\/pro-wool-extreme-x-ls-herren\/#primaryimage\"},\"thumbnailUrl\":\"https:\/\/www.miomiorun.com\/app\/uploads\/2021\/12\/craft-pro-wool-extreme-X-LS-1911151-999000.jpg\",\"datePublished\":\"2021-12-17T10:04:13+00:00\",\"dateModified\":\"2024-06-08T15:43:23+00:00\",\"description\":\"PRO Wool Extreme X LS f\u00fcr Herren ist ein eng anliegendes Langarmhemd in Profiqualit\u00e4t mit 20% Wollanteil.\",\"breadcrumb\":{\"@id\":\"https:\/\/www.miomiorun.com\/de\/produkt\/pro-wool-extreme-x-ls-herren\/#breadcrumb\"},\"inLanguage\":\"de-DE\",\"potentialAction\":[{\"@type\":\"ReadAction\",\"target\":[\"https:\/\/www.miomiorun.com\/de\/produkt\/pro-wool-extreme-x-ls-herren\/\"]}]},{\"@type\":\"ImageObject\",\"inLanguage\":\"de-DE\",\"@id\":\"https:\/\/www.miomiorun.com\/de\/produkt\/pro-wool-extreme-x-ls-herren\/#primaryimage\",\"url\":\"https:\/\/www.miomiorun.com\/app\/uploads\/2021\/12\/craft-pro-wool-extreme-X-LS-1911151-999000.jpg\",\"contentUrl\":\"https:\/\/www.miomiorun.com\/app\/uploads\/2021\/12\/craft-pro-wool-extreme-X-LS-1911151-999000.jpg\",\"width\":600,\"height\":600,\"caption\":\"craft-pro-wool-extreme-X-LS-1911151-999000\"},{\"@type\":\"BreadcrumbList\",\"@id\":\"https:\/\/www.miomiorun.com\/de\/produkt\/pro-wool-extreme-x-ls-herren\/#breadcrumb\",\"itemListElement\":[{\"@type\":\"ListItem\",\"position\":1,\"name\":\"Home\",\"item\":\"https:\/\/www.miomiorun.com\/de\/\"},{\"@type\":\"ListItem\",\"position\":2,\"name\":\"Shop\",\"item\":\"https:\/\/www.miomiorun.com\/shop\/\"},{\"@type\":\"ListItem\",\"position\":3,\"name\":\"Pro Wool Extreme X LS herren\"}]},{\"@type\":\"WebSite\",\"@id\":\"https:\/\/www.miomiorun.com\/de\/#website\",\"url\":\"https:\/\/www.miomiorun.com\/de\/\",\"name\":\"MioMioRun\",\"description\":\"100% Lauf- und Trailshop\",\"publisher\":{\"@id\":\"https:\/\/www.miomiorun.com\/de\/#organization\"},\"potentialAction\":[{\"@type\":\"SearchAction\",\"target\":{\"@type\":\"EntryPoint\",\"urlTemplate\":\"https:\/\/www.miomiorun.com\/de\/?s={search_term_string}\"},\"query-input\":{\"@type\":\"PropertyValueSpecification\",\"valueRequired\":true,\"valueName\":\"search_term_string\"}}],\"inLanguage\":\"de-DE\"},{\"@type\":\"Organization\",\"@id\":\"https:\/\/www.miomiorun.com\/de\/#organization\",\"name\":\"MioMio Run\",\"url\":\"https:\/\/www.miomiorun.com\/de\/\",\"logo\":{\"@type\":\"ImageObject\",\"inLanguage\":\"de-DE\",\"@id\":\"https:\/\/www.miomiorun.com\/de\/#\/schema\/logo\/image\/\",\"url\":\"https:\/\/www.miomiorun.com\/app\/uploads\/2019\/12\/logomio.png\",\"contentUrl\":\"https:\/\/www.miomiorun.com\/app\/uploads\/2019\/12\/logomio.png\",\"width\":115,\"height\":82,\"caption\":\"MioMio Run\"},\"image\":{\"@id\":\"https:\/\/www.miomiorun.com\/de\/#\/schema\/logo\/image\/\"},\"sameAs\":[\"https:\/\/www.facebook.com\/miomiorun\/\",\"https:\/\/www.instagram.com\/miomiorun\/\"]}]}<\/script>\n<!-- \/ Yoast SEO plugin. -->","yoast_head_json":{"title":"Craft Pro Wool Extreme X LS herren - Thermisches Trikot - MioMioRun.com","description":"PRO Wool Extreme X LS f\u00fcr Herren ist ein eng anliegendes Langarmhemd in Profiqualit\u00e4t mit 20% Wollanteil.","robots":{"index":"index","follow":"follow","max-snippet":"max-snippet:-1","max-image-preview":"max-image-preview:large","max-video-preview":"max-video-preview:-1"},"canonical":"https:\/\/www.miomiorun.com\/de\/produkt\/pro-wool-extreme-x-ls-herren\/","og_locale":"de_DE","og_type":"article","og_title":"Craft Pro Wool Extreme X LS herren - Thermisches Trikot - MioMioRun.com","og_description":"PRO Wool Extreme X LS f\u00fcr Herren ist ein eng anliegendes Langarmhemd in Profiqualit\u00e4t mit 20% Wollanteil.","og_url":"https:\/\/www.miomiorun.com\/de\/produkt\/pro-wool-extreme-x-ls-herren\/","og_site_name":"MioMioRun","article_publisher":"https:\/\/www.facebook.com\/miomiorun\/","article_modified_time":"2024-06-08T15:43:23+00:00","og_image":[{"width":600,"height":600,"url":"https:\/\/www.miomiorun.com\/app\/uploads\/2021\/12\/craft-pro-wool-extreme-X-LS-1911151-999000.jpg","type":"image\/jpeg"}],"twitter_card":"summary_large_image","twitter_misc":{"Est. reading time":"1 minute"},"schema":{"@context":"https:\/\/schema.org","@graph":[{"@type":"WebPage","@id":"https:\/\/www.miomiorun.com\/de\/produkt\/pro-wool-extreme-x-ls-herren\/","url":"https:\/\/www.miomiorun.com\/de\/produkt\/pro-wool-extreme-x-ls-herren\/","name":"Craft Pro Wool Extreme X LS herren - Thermisches Trikot - MioMioRun.com","isPartOf":{"@id":"https:\/\/www.miomiorun.com\/de\/#website"},"primaryImageOfPage":{"@id":"https:\/\/www.miomiorun.com\/de\/produkt\/pro-wool-extreme-x-ls-herren\/#primaryimage"},"image":{"@id":"https:\/\/www.miomiorun.com\/de\/produkt\/pro-wool-extreme-x-ls-herren\/#primaryimage"},"thumbnailUrl":"https:\/\/www.miomiorun.com\/app\/uploads\/2021\/12\/craft-pro-wool-extreme-X-LS-1911151-999000.jpg","datePublished":"2021-12-17T10:04:13+00:00","dateModified":"2024-06-08T15:43:23+00:00","description":"PRO Wool Extreme X LS f\u00fcr Herren ist ein eng anliegendes Langarmhemd in Profiqualit\u00e4t mit 20% Wollanteil.","breadcrumb":{"@id":"https:\/\/www.miomiorun.com\/de\/produkt\/pro-wool-extreme-x-ls-herren\/#breadcrumb"},"inLanguage":"de-DE","potentialAction":[{"@type":"ReadAction","target":["https:\/\/www.miomiorun.com\/de\/produkt\/pro-wool-extreme-x-ls-herren\/"]}]},{"@type":"ImageObject","inLanguage":"de-DE","@id":"https:\/\/www.miomiorun.com\/de\/produkt\/pro-wool-extreme-x-ls-herren\/#primaryimage","url":"https:\/\/www.miomiorun.com\/app\/uploads\/2021\/12\/craft-pro-wool-extreme-X-LS-1911151-999000.jpg","contentUrl":"https:\/\/www.miomiorun.com\/app\/uploads\/2021\/12\/craft-pro-wool-extreme-X-LS-1911151-999000.jpg","width":600,"height":600,"caption":"craft-pro-wool-extreme-X-LS-1911151-999000"},{"@type":"BreadcrumbList","@id":"https:\/\/www.miomiorun.com\/de\/produkt\/pro-wool-extreme-x-ls-herren\/#breadcrumb","itemListElement":[{"@type":"ListItem","position":1,"name":"Home","item":"https:\/\/www.miomiorun.com\/de\/"},{"@type":"ListItem","position":2,"name":"Shop","item":"https:\/\/www.miomiorun.com\/shop\/"},{"@type":"ListItem","position":3,"name":"Pro Wool Extreme X LS herren"}]},{"@type":"WebSite","@id":"https:\/\/www.miomiorun.com\/de\/#website","url":"https:\/\/www.miomiorun.com\/de\/","name":"MioMioRun","description":"100% Lauf- und Trailshop","publisher":{"@id":"https:\/\/www.miomiorun.com\/de\/#organization"},"potentialAction":[{"@type":"SearchAction","target":{"@type":"EntryPoint","urlTemplate":"https:\/\/www.miomiorun.com\/de\/?s={search_term_string}"},"query-input":{"@type":"PropertyValueSpecification","valueRequired":true,"valueName":"search_term_string"}}],"inLanguage":"de-DE"},{"@type":"Organization","@id":"https:\/\/www.miomiorun.com\/de\/#organization","name":"MioMio Run","url":"https:\/\/www.miomiorun.com\/de\/","logo":{"@type":"ImageObject","inLanguage":"de-DE","@id":"https:\/\/www.miomiorun.com\/de\/#\/schema\/logo\/image\/","url":"https:\/\/www.miomiorun.com\/app\/uploads\/2019\/12\/logomio.png","contentUrl":"https:\/\/www.miomiorun.com\/app\/uploads\/2019\/12\/logomio.png","width":115,"height":82,"caption":"MioMio Run"},"image":{"@id":"https:\/\/www.miomiorun.com\/de\/#\/schema\/logo\/image\/"},"sameAs":["https:\/\/www.facebook.com\/miomiorun\/","https:\/\/www.instagram.com\/miomiorun\/"]}]}},"_links":{"self":[{"href":"https:\/\/www.miomiorun.com\/de\/wp-json\/wp\/v2\/product\/176994","targetHints":{"allow":["GET"]}}],"collection":[{"href":"https:\/\/www.miomiorun.com\/de\/wp-json\/wp\/v2\/product"}],"about":[{"href":"https:\/\/www.miomiorun.com\/de\/wp-json\/wp\/v2\/types\/product"}],"wp:featuredmedia":[{"embeddable":true,"href":"https:\/\/www.miomiorun.com\/de\/wp-json\/wp\/v2\/media\/59608"}],"wp:attachment":[{"href":"https:\/\/www.miomiorun.com\/de\/wp-json\/wp\/v2\/media?parent=176994"}],"wp:term":[{"taxonomy":"product_brand","embeddable":true,"href":"https:\/\/www.miomiorun.com\/de\/wp-json\/wp\/v2\/product_brand?post=176994"},{"taxonomy":"product_cat","embeddable":true,"href":"https:\/\/www.miomiorun.com\/de\/wp-json\/wp\/v2\/product_cat?post=176994"},{"taxonomy":"product_tag","embeddable":true,"href":"https:\/\/www.miomiorun.com\/de\/wp-json\/wp\/v2\/product_tag?post=176994"}],"curies":[{"name":"wp","href":"https:\/\/api.w.org\/{rel}","templated":true}]}}