{"id":176992,"date":"2021-12-17T11:19:07","date_gmt":"2021-12-17T10:19:07","guid":{"rendered":"https:\/\/miomiorun.com\/prodotto\/craft-core-dry-active-comfort-ls-uomo\/"},"modified":"2024-06-08T17:45:13","modified_gmt":"2024-06-08T15:45:13","slug":"core-dry-active-comfort-ls-herren","status":"publish","type":"product","link":"https:\/\/www.miomiorun.com\/de\/produkt\/core-dry-active-comfort-ls-herren\/","title":{"rendered":"Core Dry Active Comfort LS herren"},"content":{"rendered":"<p>Das<strong> CORE Dry Active Comfort LS<\/strong> f\u00fcr Herren ist ein weiches und funktionelles Langarmtrikot, das sich f\u00fcr fast alle Aktivit\u00e4ten eignet, vom t\u00e4glichen Training bis zum alpinen Skifahren, Wandern und entspannten Apr\u00e8s-Ski.<\/p>\n<p>Dieses vielseitige und \u00e4u\u00dferst komfortable Baselayer besteht aus Polyester, recyceltem Polyamid und Polyamid, einer weichen und funktionellen Mischung, die W\u00e4rme und effizienten Feuchtigkeitstransport bietet. Dar\u00fcber hinaus hat das Kleidungsst\u00fcck nur wenige N\u00e4hte und eine Bodymap-Struktur f\u00fcr eine bessere W\u00e4rmeregulierung. Wenn du nur eine Basisschicht f\u00fcr all deine Workouts und k\u00f6rperlichen Aktivit\u00e4ten brauchst, dann ist dies die richtige.<\/p>\n<p><strong>Eigenschaften:<\/strong><\/p>\n<ul>\n<li>Weiches und funktionelles Gewebe, das teilweise aus recyceltem Polyamid besteht.<\/li>\n<li>Bodymapped-Struktur f\u00fcr verbesserte Thermoregulation.<\/li>\n<li>Wenige N\u00e4hte f\u00fcr optimalen Komfort.<\/li>\n<li>Flatlock-N\u00e4hte, die den Bewegungen des K\u00f6rpers folgen.<\/li>\n<\/ul>\n<p>Material: 30% recyceltes Polyamid 30% Polyamid 40% Polyester.<\/p>\n<p>&nbsp;<\/p>\n<p>&nbsp;<\/p>\n<p>&nbsp;<\/p>\n<p>&nbsp;<\/p>\n<p>&nbsp;<\/p>\n<p>&nbsp;<\/p>\n","protected":false},"excerpt":{"rendered":"<p>Das CORE Dry Active Comfort LS f\u00fcr Herren ist ein weiches und funktionelles Langarmtrikot, das sich f\u00fcr fast alle Aktivit\u00e4ten eignet, vom t\u00e4glichen Training bis zum alpinen Skifahren, Wandern und entspannten Apr\u00e8s-Ski. Dieses vielseitige und \u00e4u\u00dferst komfortable Baselayer besteht aus Polyester, recyceltem Polyamid und Polyamid, einer weichen und funktionellen Mischung, die W\u00e4rme und effizienten Feuchtigkeitstransport &hellip; <a href=\"https:\/\/www.miomiorun.com\/de\/produkt\/core-dry-active-comfort-ls-herren\/\">Continued<\/a><\/p>\n","protected":false},"featured_media":59620,"template":"","meta":{"_acf_changed":false,"inline_featured_image":false},"product_brand":[],"product_cat":[6515,6540,6511],"product_tag":[6304,6234],"class_list":{"0":"post-176992","1":"product","2":"type-product","3":"status-publish","4":"has-post-thumbnail","6":"product_cat-herren-de","7":"product_cat-herrenbekleidung","8":"product_cat-waesche","9":"product_tag-craft-de","10":"product_tag-craft-herren-de","11":"pa_attivita-gehen","12":"pa_attivita-outdoor-de","13":"pa_attivita-running-de","14":"pa_attivita-trail-de","15":"pa_colore-core-dry-active-comfort-ls-universe-de","16":"pa_colore-core-dry-active-comfort-ls-black-de","17":"pa_colore-core-dry-active-comfort-ls-blaze-de","18":"pa_marca-craft-de","19":"pa_sesso-herren","20":"pa_size-small-de","21":"pa_size-medium-de","22":"pa_size-large-de","23":"pa_size-extra-large-de","25":"first","26":"instock","27":"sale","28":"taxable","29":"shipping-taxable","30":"purchasable","31":"product-type-variable","32":"wvs-archive-product-wrapper"},"acf":[],"yoast_head":"<!-- This site is optimized with the Yoast SEO plugin v26.8 - https:\/\/yoast.com\/product\/yoast-seo-wordpress\/ -->\n<title>Craft Core Dry Active Comfort LS herren - Thermisches Trikot - MioMioRun<\/title>\n<meta name=\"description\" content=\"Das CORE Dry Active Comfort LS f\u00fcr Herren ist ein weiches und funktionelles Langarmtrikot, das sich hervorragend f\u00fcr fast alle Aktivit\u00e4ten eignet.\" \/>\n<meta name=\"robots\" content=\"index, follow, max-snippet:-1, max-image-preview:large, max-video-preview:-1\" \/>\n<link rel=\"canonical\" href=\"https:\/\/www.miomiorun.com\/de\/produkt\/core-dry-active-comfort-ls-herren\/\" \/>\n<meta property=\"og:locale\" content=\"de_DE\" \/>\n<meta property=\"og:type\" content=\"article\" \/>\n<meta property=\"og:title\" content=\"Craft Core Dry Active Comfort LS herren - Thermisches Trikot - MioMioRun\" \/>\n<meta property=\"og:description\" content=\"Das CORE Dry Active Comfort LS f\u00fcr Herren ist ein weiches und funktionelles Langarmtrikot, das sich hervorragend f\u00fcr fast alle Aktivit\u00e4ten eignet.\" \/>\n<meta property=\"og:url\" content=\"https:\/\/www.miomiorun.com\/de\/produkt\/core-dry-active-comfort-ls-herren\/\" \/>\n<meta property=\"og:site_name\" content=\"MioMioRun\" \/>\n<meta property=\"article:publisher\" content=\"https:\/\/www.facebook.com\/miomiorun\/\" \/>\n<meta property=\"article:modified_time\" content=\"2024-06-08T15:45:13+00:00\" \/>\n<meta property=\"og:image\" content=\"https:\/\/www.miomiorun.com\/app\/uploads\/2021\/12\/craft-core-dry-active-comfort-LS-1911157-B999000.jpg\" \/>\n\t<meta property=\"og:image:width\" content=\"600\" \/>\n\t<meta property=\"og:image:height\" content=\"600\" \/>\n\t<meta property=\"og:image:type\" content=\"image\/jpeg\" \/>\n<meta name=\"twitter:card\" content=\"summary_large_image\" \/>\n<meta name=\"twitter:label1\" content=\"Est. reading time\" \/>\n\t<meta name=\"twitter:data1\" content=\"1 minute\" \/>\n<script type=\"application\/ld+json\" class=\"yoast-schema-graph\">{\"@context\":\"https:\/\/schema.org\",\"@graph\":[{\"@type\":\"WebPage\",\"@id\":\"https:\/\/www.miomiorun.com\/de\/produkt\/core-dry-active-comfort-ls-herren\/\",\"url\":\"https:\/\/www.miomiorun.com\/de\/produkt\/core-dry-active-comfort-ls-herren\/\",\"name\":\"Craft Core Dry Active Comfort LS herren - Thermisches Trikot - MioMioRun\",\"isPartOf\":{\"@id\":\"https:\/\/www.miomiorun.com\/de\/#website\"},\"primaryImageOfPage\":{\"@id\":\"https:\/\/www.miomiorun.com\/de\/produkt\/core-dry-active-comfort-ls-herren\/#primaryimage\"},\"image\":{\"@id\":\"https:\/\/www.miomiorun.com\/de\/produkt\/core-dry-active-comfort-ls-herren\/#primaryimage\"},\"thumbnailUrl\":\"https:\/\/www.miomiorun.com\/app\/uploads\/2021\/12\/craft-core-dry-active-comfort-LS-1911157-B999000.jpg\",\"datePublished\":\"2021-12-17T10:19:07+00:00\",\"dateModified\":\"2024-06-08T15:45:13+00:00\",\"description\":\"Das CORE Dry Active Comfort LS f\u00fcr Herren ist ein weiches und funktionelles Langarmtrikot, das sich hervorragend f\u00fcr fast alle Aktivit\u00e4ten eignet.\",\"breadcrumb\":{\"@id\":\"https:\/\/www.miomiorun.com\/de\/produkt\/core-dry-active-comfort-ls-herren\/#breadcrumb\"},\"inLanguage\":\"de-DE\",\"potentialAction\":[{\"@type\":\"ReadAction\",\"target\":[\"https:\/\/www.miomiorun.com\/de\/produkt\/core-dry-active-comfort-ls-herren\/\"]}]},{\"@type\":\"ImageObject\",\"inLanguage\":\"de-DE\",\"@id\":\"https:\/\/www.miomiorun.com\/de\/produkt\/core-dry-active-comfort-ls-herren\/#primaryimage\",\"url\":\"https:\/\/www.miomiorun.com\/app\/uploads\/2021\/12\/craft-core-dry-active-comfort-LS-1911157-B999000.jpg\",\"contentUrl\":\"https:\/\/www.miomiorun.com\/app\/uploads\/2021\/12\/craft-core-dry-active-comfort-LS-1911157-B999000.jpg\",\"width\":600,\"height\":600,\"caption\":\"craft-core-dry-active-comfort-LS-1911157-B999000\"},{\"@type\":\"BreadcrumbList\",\"@id\":\"https:\/\/www.miomiorun.com\/de\/produkt\/core-dry-active-comfort-ls-herren\/#breadcrumb\",\"itemListElement\":[{\"@type\":\"ListItem\",\"position\":1,\"name\":\"Home\",\"item\":\"https:\/\/www.miomiorun.com\/de\/\"},{\"@type\":\"ListItem\",\"position\":2,\"name\":\"Shop\",\"item\":\"https:\/\/www.miomiorun.com\/shop\/\"},{\"@type\":\"ListItem\",\"position\":3,\"name\":\"Core Dry Active Comfort LS herren\"}]},{\"@type\":\"WebSite\",\"@id\":\"https:\/\/www.miomiorun.com\/de\/#website\",\"url\":\"https:\/\/www.miomiorun.com\/de\/\",\"name\":\"MioMioRun\",\"description\":\"100% Lauf- und Trailshop\",\"publisher\":{\"@id\":\"https:\/\/www.miomiorun.com\/de\/#organization\"},\"potentialAction\":[{\"@type\":\"SearchAction\",\"target\":{\"@type\":\"EntryPoint\",\"urlTemplate\":\"https:\/\/www.miomiorun.com\/de\/?s={search_term_string}\"},\"query-input\":{\"@type\":\"PropertyValueSpecification\",\"valueRequired\":true,\"valueName\":\"search_term_string\"}}],\"inLanguage\":\"de-DE\"},{\"@type\":\"Organization\",\"@id\":\"https:\/\/www.miomiorun.com\/de\/#organization\",\"name\":\"MioMio Run\",\"url\":\"https:\/\/www.miomiorun.com\/de\/\",\"logo\":{\"@type\":\"ImageObject\",\"inLanguage\":\"de-DE\",\"@id\":\"https:\/\/www.miomiorun.com\/de\/#\/schema\/logo\/image\/\",\"url\":\"https:\/\/www.miomiorun.com\/app\/uploads\/2019\/12\/logomio.png\",\"contentUrl\":\"https:\/\/www.miomiorun.com\/app\/uploads\/2019\/12\/logomio.png\",\"width\":115,\"height\":82,\"caption\":\"MioMio Run\"},\"image\":{\"@id\":\"https:\/\/www.miomiorun.com\/de\/#\/schema\/logo\/image\/\"},\"sameAs\":[\"https:\/\/www.facebook.com\/miomiorun\/\",\"https:\/\/www.instagram.com\/miomiorun\/\"]}]}<\/script>\n<!-- \/ Yoast SEO plugin. -->","yoast_head_json":{"title":"Craft Core Dry Active Comfort LS herren - Thermisches Trikot - MioMioRun","description":"Das CORE Dry Active Comfort LS f\u00fcr Herren ist ein weiches und funktionelles Langarmtrikot, das sich hervorragend f\u00fcr fast alle Aktivit\u00e4ten eignet.","robots":{"index":"index","follow":"follow","max-snippet":"max-snippet:-1","max-image-preview":"max-image-preview:large","max-video-preview":"max-video-preview:-1"},"canonical":"https:\/\/www.miomiorun.com\/de\/produkt\/core-dry-active-comfort-ls-herren\/","og_locale":"de_DE","og_type":"article","og_title":"Craft Core Dry Active Comfort LS herren - Thermisches Trikot - MioMioRun","og_description":"Das CORE Dry Active Comfort LS f\u00fcr Herren ist ein weiches und funktionelles Langarmtrikot, das sich hervorragend f\u00fcr fast alle Aktivit\u00e4ten eignet.","og_url":"https:\/\/www.miomiorun.com\/de\/produkt\/core-dry-active-comfort-ls-herren\/","og_site_name":"MioMioRun","article_publisher":"https:\/\/www.facebook.com\/miomiorun\/","article_modified_time":"2024-06-08T15:45:13+00:00","og_image":[{"width":600,"height":600,"url":"https:\/\/www.miomiorun.com\/app\/uploads\/2021\/12\/craft-core-dry-active-comfort-LS-1911157-B999000.jpg","type":"image\/jpeg"}],"twitter_card":"summary_large_image","twitter_misc":{"Est. reading time":"1 minute"},"schema":{"@context":"https:\/\/schema.org","@graph":[{"@type":"WebPage","@id":"https:\/\/www.miomiorun.com\/de\/produkt\/core-dry-active-comfort-ls-herren\/","url":"https:\/\/www.miomiorun.com\/de\/produkt\/core-dry-active-comfort-ls-herren\/","name":"Craft Core Dry Active Comfort LS herren - Thermisches Trikot - MioMioRun","isPartOf":{"@id":"https:\/\/www.miomiorun.com\/de\/#website"},"primaryImageOfPage":{"@id":"https:\/\/www.miomiorun.com\/de\/produkt\/core-dry-active-comfort-ls-herren\/#primaryimage"},"image":{"@id":"https:\/\/www.miomiorun.com\/de\/produkt\/core-dry-active-comfort-ls-herren\/#primaryimage"},"thumbnailUrl":"https:\/\/www.miomiorun.com\/app\/uploads\/2021\/12\/craft-core-dry-active-comfort-LS-1911157-B999000.jpg","datePublished":"2021-12-17T10:19:07+00:00","dateModified":"2024-06-08T15:45:13+00:00","description":"Das CORE Dry Active Comfort LS f\u00fcr Herren ist ein weiches und funktionelles Langarmtrikot, das sich hervorragend f\u00fcr fast alle Aktivit\u00e4ten eignet.","breadcrumb":{"@id":"https:\/\/www.miomiorun.com\/de\/produkt\/core-dry-active-comfort-ls-herren\/#breadcrumb"},"inLanguage":"de-DE","potentialAction":[{"@type":"ReadAction","target":["https:\/\/www.miomiorun.com\/de\/produkt\/core-dry-active-comfort-ls-herren\/"]}]},{"@type":"ImageObject","inLanguage":"de-DE","@id":"https:\/\/www.miomiorun.com\/de\/produkt\/core-dry-active-comfort-ls-herren\/#primaryimage","url":"https:\/\/www.miomiorun.com\/app\/uploads\/2021\/12\/craft-core-dry-active-comfort-LS-1911157-B999000.jpg","contentUrl":"https:\/\/www.miomiorun.com\/app\/uploads\/2021\/12\/craft-core-dry-active-comfort-LS-1911157-B999000.jpg","width":600,"height":600,"caption":"craft-core-dry-active-comfort-LS-1911157-B999000"},{"@type":"BreadcrumbList","@id":"https:\/\/www.miomiorun.com\/de\/produkt\/core-dry-active-comfort-ls-herren\/#breadcrumb","itemListElement":[{"@type":"ListItem","position":1,"name":"Home","item":"https:\/\/www.miomiorun.com\/de\/"},{"@type":"ListItem","position":2,"name":"Shop","item":"https:\/\/www.miomiorun.com\/shop\/"},{"@type":"ListItem","position":3,"name":"Core Dry Active Comfort LS herren"}]},{"@type":"WebSite","@id":"https:\/\/www.miomiorun.com\/de\/#website","url":"https:\/\/www.miomiorun.com\/de\/","name":"MioMioRun","description":"100% Lauf- und Trailshop","publisher":{"@id":"https:\/\/www.miomiorun.com\/de\/#organization"},"potentialAction":[{"@type":"SearchAction","target":{"@type":"EntryPoint","urlTemplate":"https:\/\/www.miomiorun.com\/de\/?s={search_term_string}"},"query-input":{"@type":"PropertyValueSpecification","valueRequired":true,"valueName":"search_term_string"}}],"inLanguage":"de-DE"},{"@type":"Organization","@id":"https:\/\/www.miomiorun.com\/de\/#organization","name":"MioMio Run","url":"https:\/\/www.miomiorun.com\/de\/","logo":{"@type":"ImageObject","inLanguage":"de-DE","@id":"https:\/\/www.miomiorun.com\/de\/#\/schema\/logo\/image\/","url":"https:\/\/www.miomiorun.com\/app\/uploads\/2019\/12\/logomio.png","contentUrl":"https:\/\/www.miomiorun.com\/app\/uploads\/2019\/12\/logomio.png","width":115,"height":82,"caption":"MioMio Run"},"image":{"@id":"https:\/\/www.miomiorun.com\/de\/#\/schema\/logo\/image\/"},"sameAs":["https:\/\/www.facebook.com\/miomiorun\/","https:\/\/www.instagram.com\/miomiorun\/"]}]}},"_links":{"self":[{"href":"https:\/\/www.miomiorun.com\/de\/wp-json\/wp\/v2\/product\/176992","targetHints":{"allow":["GET"]}}],"collection":[{"href":"https:\/\/www.miomiorun.com\/de\/wp-json\/wp\/v2\/product"}],"about":[{"href":"https:\/\/www.miomiorun.com\/de\/wp-json\/wp\/v2\/types\/product"}],"wp:featuredmedia":[{"embeddable":true,"href":"https:\/\/www.miomiorun.com\/de\/wp-json\/wp\/v2\/media\/59620"}],"wp:attachment":[{"href":"https:\/\/www.miomiorun.com\/de\/wp-json\/wp\/v2\/media?parent=176992"}],"wp:term":[{"taxonomy":"product_brand","embeddable":true,"href":"https:\/\/www.miomiorun.com\/de\/wp-json\/wp\/v2\/product_brand?post=176992"},{"taxonomy":"product_cat","embeddable":true,"href":"https:\/\/www.miomiorun.com\/de\/wp-json\/wp\/v2\/product_cat?post=176992"},{"taxonomy":"product_tag","embeddable":true,"href":"https:\/\/www.miomiorun.com\/de\/wp-json\/wp\/v2\/product_tag?post=176992"}],"curies":[{"name":"wp","href":"https:\/\/api.w.org\/{rel}","templated":true}]}}