{"id":176989,"date":"2023-10-26T14:52:35","date_gmt":"2023-10-26T12:52:35","guid":{"rendered":"https:\/\/miomiorun.com\/prodotto\/active-extreme-x-boxer-uomo\/"},"modified":"2024-06-08T19:00:17","modified_gmt":"2024-06-08T17:00:17","slug":"active-extreme-x-boxer-herren","status":"publish","type":"product","link":"https:\/\/www.miomiorun.com\/de\/produkt\/active-extreme-x-boxer-herren\/","title":{"rendered":"Active Extreme X Boxer herren"},"content":{"rendered":"<p>Die Active Extreme X Boxershorts sind fortschrittliche Boxershorts, die f\u00fcr hochintensive Wettk\u00e4mpfe und Training bei kalten Bedingungen entwickelt wurden.<\/p>\n<p>Dieses leistungsstarke Kleidungsst\u00fcck kombiniert leichtes SEAQUAL-Polyester, Coolmax Air-Technologie und recyceltes Polyester, um ein au\u00dfergew\u00f6hnliches K\u00f6rpertemperaturmanagement bei hochintensiven Aktivit\u00e4ten zu gew\u00e4hrleisten. Dar\u00fcber hinaus verf\u00fcgt das Kleidungsst\u00fcck \u00fcber ein Waffelstrick-Design, das den Feuchtigkeitstransport und den Tragekomfort verbessert. Die hohe Elastizit\u00e4t und die ergonomische Passform garantieren optimale Bewegungsfreiheit. Ein bew\u00e4hrtes Kleidungsst\u00fcck f\u00fcr Spitzensportler und Alltagshelden.<\/p>\n<h3>\u00d6kologischer SEAQUAL-Stoff<\/h3>\n<p>Die SEAQUAL-Initiative k\u00e4mpft gegen die Plastikverschmutzung und tr\u00e4gt dazu bei, die Ozeane von Meeresm\u00fcll zu befreien und die Gesellschaft in Richtung Kreislaufwirtschaft zu bewegen. Als Ergebnis unseres Bestrebens, die volle Verantwortung f\u00fcr die gesamte Wertsch\u00f6pfungskette zu \u00fcbernehmen, werden die Active Extreme X Wind Boxershorts aus recyceltem Meereskunststoff hergestellt, einem zu 100 % recycelten Material. Das recycelte SEAQUAL-Gewebe ist nicht nur umweltfreundlich, sondern bietet auch eine au\u00dfergew\u00f6hnliche Atmungsaktivit\u00e4t und Bel\u00fcftung.<\/p>\n<h3>Coolmax Air-Technologie<\/h3>\n<p>Coolmax Air Technology-Gewebe wurden entwickelt, um das nat\u00fcrliche Temperaturmanagement des K\u00f6rpers sowohl bei K\u00e4lte als auch bei Hitze zu optimieren. Dank der Polyesterfasern mit einem einzigartigen spiralf\u00f6rmigen Querschnitt bietet das Gewebe eine hervorragende W\u00e4rmeregulierung f\u00fcr optimale Leistung. Tests haben gezeigt, dass Kleidungsst\u00fccke mit Coolmax Air Technology ein hervorragendes K\u00f6rpertemperaturmanagement, hohen Tragekomfort und einen ausgezeichneten Schnelltrocknungseffekt bieten.<\/p>\n<p>&nbsp;<\/p>\n<p><strong>Eigenschaften:<\/strong><\/p>\n<ul>\n<li>D\u00fcnner, leichter und dehnbarer Stoff<\/li>\n<li>SEAQUAL-Polyester, hergestellt aus recyceltem Kunststoff<\/li>\n<li>Coolmax Air-Technologie<\/li>\n<li>Waffelstrick-Design f\u00fcr maximalen Feuchtigkeitstransport und Komfort<\/li>\n<li>Flatlock-N\u00e4hte, die den Bewegungen des K\u00f6rpers folgen<\/li>\n<li>Enge Passform<\/li>\n<li>Feuchtigkeitstransport: 5 von 5<\/li>\n<li>Aktivit\u00e4tsgrad: 5 von 5<\/li>\n<li>Temperatur: -5\u00baC bis +10\u00baC<\/li>\n<\/ul>\n<p>&nbsp;<\/p>\n<p>&nbsp;<\/p>\n<p>&nbsp;<\/p>\n","protected":false},"excerpt":{"rendered":"<ul>\n<li>ideale Unterw\u00e4sche f\u00fcr den Sport<\/li>\n<li>leicht und elastisch<\/li>\n<\/ul>\n","protected":false},"featured_media":148308,"template":"","meta":{"_acf_changed":false,"inline_featured_image":false},"product_brand":[],"product_cat":[6515,6540,6511],"product_tag":[6304,6234],"class_list":{"0":"post-176989","1":"product","2":"type-product","3":"status-publish","4":"has-post-thumbnail","6":"product_cat-herren-de","7":"product_cat-herrenbekleidung","8":"product_cat-waesche","9":"product_tag-craft-de","10":"product_tag-craft-herren-de","11":"pa_attivita-fitness-de","12":"pa_attivita-gehen","13":"pa_attivita-lifestyle-de","14":"pa_attivita-outdoor-de","15":"pa_attivita-running-de","16":"pa_attivita-trail-de","17":"pa_colore-active-extreme-x-boxer-black-de","18":"pa_marca-craft-de","19":"pa_sesso-herren","20":"pa_size-small-de","22":"first","23":"instock","24":"sale","25":"taxable","26":"shipping-taxable","27":"purchasable","28":"product-type-variable","29":"wvs-archive-product-wrapper"},"acf":[],"yoast_head":"<!-- This site is optimized with the Yoast SEO plugin v26.8 - https:\/\/yoast.com\/product\/yoast-seo-wordpress\/ -->\n<title>Craft Active Extreme X Boxer herren - Unterw\u00e4sche f\u00fcr M\u00e4nner - MioMioRun<\/title>\n<meta name=\"description\" content=\"Die Active Extreme X Boxershorts sind fortschrittliche Boxershorts, die f\u00fcr Wettk\u00e4mpfe und hochintensives Training bei kalten Bedingungen entwickelt wurden.\" \/>\n<meta name=\"robots\" content=\"index, follow, max-snippet:-1, max-image-preview:large, max-video-preview:-1\" \/>\n<link rel=\"canonical\" href=\"https:\/\/www.miomiorun.com\/de\/produkt\/active-extreme-x-boxer-herren\/\" \/>\n<meta property=\"og:locale\" content=\"de_DE\" \/>\n<meta property=\"og:type\" content=\"article\" \/>\n<meta property=\"og:title\" content=\"Craft Active Extreme X Boxer herren - Unterw\u00e4sche f\u00fcr M\u00e4nner - MioMioRun\" \/>\n<meta property=\"og:description\" content=\"Die Active Extreme X Boxershorts sind fortschrittliche Boxershorts, die f\u00fcr Wettk\u00e4mpfe und hochintensives Training bei kalten Bedingungen entwickelt wurden.\" \/>\n<meta property=\"og:url\" content=\"https:\/\/www.miomiorun.com\/de\/produkt\/active-extreme-x-boxer-herren\/\" \/>\n<meta property=\"og:site_name\" content=\"MioMioRun\" \/>\n<meta property=\"article:publisher\" content=\"https:\/\/www.facebook.com\/miomiorun\/\" \/>\n<meta property=\"article:modified_time\" content=\"2024-06-08T17:00:17+00:00\" \/>\n<meta property=\"og:image\" content=\"https:\/\/www.miomiorun.com\/app\/uploads\/2023\/11\/craft-Active-extreme-X-boxer-black-1909682-999000.jpg\" \/>\n\t<meta property=\"og:image:width\" content=\"600\" \/>\n\t<meta property=\"og:image:height\" content=\"600\" \/>\n\t<meta property=\"og:image:type\" content=\"image\/jpeg\" \/>\n<meta name=\"twitter:card\" content=\"summary_large_image\" \/>\n<meta name=\"twitter:label1\" content=\"Est. reading time\" \/>\n\t<meta name=\"twitter:data1\" content=\"1 minute\" \/>\n<script type=\"application\/ld+json\" class=\"yoast-schema-graph\">{\"@context\":\"https:\/\/schema.org\",\"@graph\":[{\"@type\":\"WebPage\",\"@id\":\"https:\/\/www.miomiorun.com\/de\/produkt\/active-extreme-x-boxer-herren\/\",\"url\":\"https:\/\/www.miomiorun.com\/de\/produkt\/active-extreme-x-boxer-herren\/\",\"name\":\"Craft Active Extreme X Boxer herren - Unterw\u00e4sche f\u00fcr M\u00e4nner - MioMioRun\",\"isPartOf\":{\"@id\":\"https:\/\/www.miomiorun.com\/de\/#website\"},\"primaryImageOfPage\":{\"@id\":\"https:\/\/www.miomiorun.com\/de\/produkt\/active-extreme-x-boxer-herren\/#primaryimage\"},\"image\":{\"@id\":\"https:\/\/www.miomiorun.com\/de\/produkt\/active-extreme-x-boxer-herren\/#primaryimage\"},\"thumbnailUrl\":\"https:\/\/www.miomiorun.com\/app\/uploads\/2023\/11\/craft-Active-extreme-X-boxer-black-1909682-999000.jpg\",\"datePublished\":\"2023-10-26T12:52:35+00:00\",\"dateModified\":\"2024-06-08T17:00:17+00:00\",\"description\":\"Die Active Extreme X Boxershorts sind fortschrittliche Boxershorts, die f\u00fcr Wettk\u00e4mpfe und hochintensives Training bei kalten Bedingungen entwickelt wurden.\",\"breadcrumb\":{\"@id\":\"https:\/\/www.miomiorun.com\/de\/produkt\/active-extreme-x-boxer-herren\/#breadcrumb\"},\"inLanguage\":\"de-DE\",\"potentialAction\":[{\"@type\":\"ReadAction\",\"target\":[\"https:\/\/www.miomiorun.com\/de\/produkt\/active-extreme-x-boxer-herren\/\"]}]},{\"@type\":\"ImageObject\",\"inLanguage\":\"de-DE\",\"@id\":\"https:\/\/www.miomiorun.com\/de\/produkt\/active-extreme-x-boxer-herren\/#primaryimage\",\"url\":\"https:\/\/www.miomiorun.com\/app\/uploads\/2023\/11\/craft-Active-extreme-X-boxer-black-1909682-999000.jpg\",\"contentUrl\":\"https:\/\/www.miomiorun.com\/app\/uploads\/2023\/11\/craft-Active-extreme-X-boxer-black-1909682-999000.jpg\",\"width\":600,\"height\":600,\"caption\":\"craft-Active-extreme-X-boxer-black-1909682-999000\"},{\"@type\":\"BreadcrumbList\",\"@id\":\"https:\/\/www.miomiorun.com\/de\/produkt\/active-extreme-x-boxer-herren\/#breadcrumb\",\"itemListElement\":[{\"@type\":\"ListItem\",\"position\":1,\"name\":\"Home\",\"item\":\"https:\/\/www.miomiorun.com\/de\/\"},{\"@type\":\"ListItem\",\"position\":2,\"name\":\"Shop\",\"item\":\"https:\/\/www.miomiorun.com\/shop\/\"},{\"@type\":\"ListItem\",\"position\":3,\"name\":\"Active Extreme X Boxer herren\"}]},{\"@type\":\"WebSite\",\"@id\":\"https:\/\/www.miomiorun.com\/de\/#website\",\"url\":\"https:\/\/www.miomiorun.com\/de\/\",\"name\":\"MioMioRun\",\"description\":\"100% Lauf- und Trailshop\",\"publisher\":{\"@id\":\"https:\/\/www.miomiorun.com\/de\/#organization\"},\"potentialAction\":[{\"@type\":\"SearchAction\",\"target\":{\"@type\":\"EntryPoint\",\"urlTemplate\":\"https:\/\/www.miomiorun.com\/de\/?s={search_term_string}\"},\"query-input\":{\"@type\":\"PropertyValueSpecification\",\"valueRequired\":true,\"valueName\":\"search_term_string\"}}],\"inLanguage\":\"de-DE\"},{\"@type\":\"Organization\",\"@id\":\"https:\/\/www.miomiorun.com\/de\/#organization\",\"name\":\"MioMio Run\",\"url\":\"https:\/\/www.miomiorun.com\/de\/\",\"logo\":{\"@type\":\"ImageObject\",\"inLanguage\":\"de-DE\",\"@id\":\"https:\/\/www.miomiorun.com\/de\/#\/schema\/logo\/image\/\",\"url\":\"https:\/\/www.miomiorun.com\/app\/uploads\/2019\/12\/logomio.png\",\"contentUrl\":\"https:\/\/www.miomiorun.com\/app\/uploads\/2019\/12\/logomio.png\",\"width\":115,\"height\":82,\"caption\":\"MioMio Run\"},\"image\":{\"@id\":\"https:\/\/www.miomiorun.com\/de\/#\/schema\/logo\/image\/\"},\"sameAs\":[\"https:\/\/www.facebook.com\/miomiorun\/\",\"https:\/\/www.instagram.com\/miomiorun\/\"]}]}<\/script>\n<!-- \/ Yoast SEO plugin. -->","yoast_head_json":{"title":"Craft Active Extreme X Boxer herren - Unterw\u00e4sche f\u00fcr M\u00e4nner - MioMioRun","description":"Die Active Extreme X Boxershorts sind fortschrittliche Boxershorts, die f\u00fcr Wettk\u00e4mpfe und hochintensives Training bei kalten Bedingungen entwickelt wurden.","robots":{"index":"index","follow":"follow","max-snippet":"max-snippet:-1","max-image-preview":"max-image-preview:large","max-video-preview":"max-video-preview:-1"},"canonical":"https:\/\/www.miomiorun.com\/de\/produkt\/active-extreme-x-boxer-herren\/","og_locale":"de_DE","og_type":"article","og_title":"Craft Active Extreme X Boxer herren - Unterw\u00e4sche f\u00fcr M\u00e4nner - MioMioRun","og_description":"Die Active Extreme X Boxershorts sind fortschrittliche Boxershorts, die f\u00fcr Wettk\u00e4mpfe und hochintensives Training bei kalten Bedingungen entwickelt wurden.","og_url":"https:\/\/www.miomiorun.com\/de\/produkt\/active-extreme-x-boxer-herren\/","og_site_name":"MioMioRun","article_publisher":"https:\/\/www.facebook.com\/miomiorun\/","article_modified_time":"2024-06-08T17:00:17+00:00","og_image":[{"width":600,"height":600,"url":"https:\/\/www.miomiorun.com\/app\/uploads\/2023\/11\/craft-Active-extreme-X-boxer-black-1909682-999000.jpg","type":"image\/jpeg"}],"twitter_card":"summary_large_image","twitter_misc":{"Est. reading time":"1 minute"},"schema":{"@context":"https:\/\/schema.org","@graph":[{"@type":"WebPage","@id":"https:\/\/www.miomiorun.com\/de\/produkt\/active-extreme-x-boxer-herren\/","url":"https:\/\/www.miomiorun.com\/de\/produkt\/active-extreme-x-boxer-herren\/","name":"Craft Active Extreme X Boxer herren - Unterw\u00e4sche f\u00fcr M\u00e4nner - MioMioRun","isPartOf":{"@id":"https:\/\/www.miomiorun.com\/de\/#website"},"primaryImageOfPage":{"@id":"https:\/\/www.miomiorun.com\/de\/produkt\/active-extreme-x-boxer-herren\/#primaryimage"},"image":{"@id":"https:\/\/www.miomiorun.com\/de\/produkt\/active-extreme-x-boxer-herren\/#primaryimage"},"thumbnailUrl":"https:\/\/www.miomiorun.com\/app\/uploads\/2023\/11\/craft-Active-extreme-X-boxer-black-1909682-999000.jpg","datePublished":"2023-10-26T12:52:35+00:00","dateModified":"2024-06-08T17:00:17+00:00","description":"Die Active Extreme X Boxershorts sind fortschrittliche Boxershorts, die f\u00fcr Wettk\u00e4mpfe und hochintensives Training bei kalten Bedingungen entwickelt wurden.","breadcrumb":{"@id":"https:\/\/www.miomiorun.com\/de\/produkt\/active-extreme-x-boxer-herren\/#breadcrumb"},"inLanguage":"de-DE","potentialAction":[{"@type":"ReadAction","target":["https:\/\/www.miomiorun.com\/de\/produkt\/active-extreme-x-boxer-herren\/"]}]},{"@type":"ImageObject","inLanguage":"de-DE","@id":"https:\/\/www.miomiorun.com\/de\/produkt\/active-extreme-x-boxer-herren\/#primaryimage","url":"https:\/\/www.miomiorun.com\/app\/uploads\/2023\/11\/craft-Active-extreme-X-boxer-black-1909682-999000.jpg","contentUrl":"https:\/\/www.miomiorun.com\/app\/uploads\/2023\/11\/craft-Active-extreme-X-boxer-black-1909682-999000.jpg","width":600,"height":600,"caption":"craft-Active-extreme-X-boxer-black-1909682-999000"},{"@type":"BreadcrumbList","@id":"https:\/\/www.miomiorun.com\/de\/produkt\/active-extreme-x-boxer-herren\/#breadcrumb","itemListElement":[{"@type":"ListItem","position":1,"name":"Home","item":"https:\/\/www.miomiorun.com\/de\/"},{"@type":"ListItem","position":2,"name":"Shop","item":"https:\/\/www.miomiorun.com\/shop\/"},{"@type":"ListItem","position":3,"name":"Active Extreme X Boxer herren"}]},{"@type":"WebSite","@id":"https:\/\/www.miomiorun.com\/de\/#website","url":"https:\/\/www.miomiorun.com\/de\/","name":"MioMioRun","description":"100% Lauf- und Trailshop","publisher":{"@id":"https:\/\/www.miomiorun.com\/de\/#organization"},"potentialAction":[{"@type":"SearchAction","target":{"@type":"EntryPoint","urlTemplate":"https:\/\/www.miomiorun.com\/de\/?s={search_term_string}"},"query-input":{"@type":"PropertyValueSpecification","valueRequired":true,"valueName":"search_term_string"}}],"inLanguage":"de-DE"},{"@type":"Organization","@id":"https:\/\/www.miomiorun.com\/de\/#organization","name":"MioMio Run","url":"https:\/\/www.miomiorun.com\/de\/","logo":{"@type":"ImageObject","inLanguage":"de-DE","@id":"https:\/\/www.miomiorun.com\/de\/#\/schema\/logo\/image\/","url":"https:\/\/www.miomiorun.com\/app\/uploads\/2019\/12\/logomio.png","contentUrl":"https:\/\/www.miomiorun.com\/app\/uploads\/2019\/12\/logomio.png","width":115,"height":82,"caption":"MioMio Run"},"image":{"@id":"https:\/\/www.miomiorun.com\/de\/#\/schema\/logo\/image\/"},"sameAs":["https:\/\/www.facebook.com\/miomiorun\/","https:\/\/www.instagram.com\/miomiorun\/"]}]}},"_links":{"self":[{"href":"https:\/\/www.miomiorun.com\/de\/wp-json\/wp\/v2\/product\/176989","targetHints":{"allow":["GET"]}}],"collection":[{"href":"https:\/\/www.miomiorun.com\/de\/wp-json\/wp\/v2\/product"}],"about":[{"href":"https:\/\/www.miomiorun.com\/de\/wp-json\/wp\/v2\/types\/product"}],"wp:featuredmedia":[{"embeddable":true,"href":"https:\/\/www.miomiorun.com\/de\/wp-json\/wp\/v2\/media\/148308"}],"wp:attachment":[{"href":"https:\/\/www.miomiorun.com\/de\/wp-json\/wp\/v2\/media?parent=176989"}],"wp:term":[{"taxonomy":"product_brand","embeddable":true,"href":"https:\/\/www.miomiorun.com\/de\/wp-json\/wp\/v2\/product_brand?post=176989"},{"taxonomy":"product_cat","embeddable":true,"href":"https:\/\/www.miomiorun.com\/de\/wp-json\/wp\/v2\/product_cat?post=176989"},{"taxonomy":"product_tag","embeddable":true,"href":"https:\/\/www.miomiorun.com\/de\/wp-json\/wp\/v2\/product_tag?post=176989"}],"curies":[{"name":"wp","href":"https:\/\/api.w.org\/{rel}","templated":true}]}}