{"id":176987,"date":"2023-10-26T15:02:47","date_gmt":"2023-10-26T13:02:47","guid":{"rendered":"https:\/\/miomiorun.com\/prodotto\/adv-wool-merino-rn-ls-uomo\/"},"modified":"2024-06-08T19:02:12","modified_gmt":"2024-06-08T17:02:12","slug":"adv-wool-merino-rn-ls-herren","status":"publish","type":"product","link":"https:\/\/www.miomiorun.com\/de\/produkt\/adv-wool-merino-rn-ls-herren\/","title":{"rendered":"ADV Wool Merino Rn Ls herren"},"content":{"rendered":"<p>Das <strong>ADV Wool Merino RN LS<\/strong> f\u00fcr Herren ist ein hochfunktionelles Baselayer-Shirt aus einer weichen Merinowollmischung, das dich den ganzen Tag \u00fcber trocken und warm h\u00e4lt.<\/p>\n<p>Dieses fortschrittliche Langarmshirt kombiniert weiche Merinowolle mit hochwertigem Polyester und Polyamid und bietet so eine hervorragende Thermoregulierung, einen effizienten Feuchtigkeitstransport, ausgezeichnete Haltbarkeit und eine optimale Passform. Die perfekte Wahl f\u00fcr niedrige und hohe Trainingsintensit\u00e4t bei kalten Bedingungen.<\/p>\n<p><strong>Eigenschaften:<\/strong><\/p>\n<ul>\n<li>Weiches und funktionelles Gewebe aus Polyester, Merinowolle und Polyamid<\/li>\n<li>Schimmelfreie Merinowolle<\/li>\n<li>Beh\u00e4lt die W\u00e4rme auch bei N\u00e4sse<\/li>\n<li>Von Natur aus geruchsneutral<\/li>\n<li>Normale Passform<\/li>\n<\/ul>\n<p>&nbsp;<\/p>\n<p>&nbsp;<\/p>\n<p>&nbsp;<\/p>\n<p>&nbsp;<\/p>\n<p>&nbsp;<\/p>\n","protected":false},"excerpt":{"rendered":"<ul>\n<li>Unterw\u00e4sche aus Wollstoff<\/li>\n<li>ideal f\u00fcr den Wintersport<\/li>\n<\/ul>\n","protected":false},"featured_media":148312,"template":"","meta":{"_acf_changed":false,"inline_featured_image":false},"product_brand":[],"product_cat":[6540,6511],"product_tag":[6304,6234],"class_list":{"0":"post-176987","1":"product","2":"type-product","3":"status-publish","4":"has-post-thumbnail","6":"product_cat-herrenbekleidung","7":"product_cat-waesche","8":"product_tag-craft-de","9":"product_tag-craft-herren-de","10":"pa_attivita-gehen","11":"pa_attivita-outdoor-de","12":"pa_attivita-running-de","13":"pa_attivita-trail-de","14":"pa_colore-adv-wool-merino-rn-ls-black-de","15":"pa_marca-craft-de","16":"pa_sesso-herren","17":"pa_size-small-de","18":"pa_size-large-de","19":"pa_size-extra-large-de","21":"first","22":"instock","23":"sale","24":"taxable","25":"shipping-taxable","26":"purchasable","27":"product-type-variable","28":"wvs-archive-product-wrapper"},"acf":[],"yoast_head":"<!-- This site is optimized with the Yoast SEO plugin v26.8 - https:\/\/yoast.com\/product\/yoast-seo-wordpress\/ -->\n<title>Craft ADV Wool Merino Rn Ls herren - Thermisches Trikot - MioMioRun.com<\/title>\n<meta name=\"description\" content=\"Das ADV Wool Merino RN LS f\u00fcr Herren ist ein hochfunktionelles Baselayer-Shirt aus einer weichen Merinowollmischung, das dich trocken h\u00e4lt\" \/>\n<meta name=\"robots\" content=\"index, follow, max-snippet:-1, max-image-preview:large, max-video-preview:-1\" \/>\n<link rel=\"canonical\" href=\"https:\/\/www.miomiorun.com\/de\/produkt\/adv-wool-merino-rn-ls-herren\/\" \/>\n<meta property=\"og:locale\" content=\"de_DE\" \/>\n<meta property=\"og:type\" content=\"article\" \/>\n<meta property=\"og:title\" content=\"Craft ADV Wool Merino Rn Ls herren - Thermisches Trikot - MioMioRun.com\" \/>\n<meta property=\"og:description\" content=\"Das ADV Wool Merino RN LS f\u00fcr Herren ist ein hochfunktionelles Baselayer-Shirt aus einer weichen Merinowollmischung, das dich trocken h\u00e4lt\" \/>\n<meta property=\"og:url\" content=\"https:\/\/www.miomiorun.com\/de\/produkt\/adv-wool-merino-rn-ls-herren\/\" \/>\n<meta property=\"og:site_name\" content=\"MioMioRun\" \/>\n<meta property=\"article:publisher\" content=\"https:\/\/www.facebook.com\/miomiorun\/\" \/>\n<meta property=\"article:modified_time\" content=\"2024-06-08T17:02:12+00:00\" \/>\n<meta property=\"og:image\" content=\"https:\/\/www.miomiorun.com\/app\/uploads\/2023\/11\/craft-ADV-wool-merino-RN-LS-black-1913755-999000.jpg\" \/>\n\t<meta property=\"og:image:width\" content=\"600\" \/>\n\t<meta property=\"og:image:height\" content=\"600\" \/>\n\t<meta property=\"og:image:type\" content=\"image\/jpeg\" \/>\n<meta name=\"twitter:card\" content=\"summary_large_image\" \/>\n<script type=\"application\/ld+json\" class=\"yoast-schema-graph\">{\"@context\":\"https:\/\/schema.org\",\"@graph\":[{\"@type\":\"WebPage\",\"@id\":\"https:\/\/www.miomiorun.com\/de\/produkt\/adv-wool-merino-rn-ls-herren\/\",\"url\":\"https:\/\/www.miomiorun.com\/de\/produkt\/adv-wool-merino-rn-ls-herren\/\",\"name\":\"Craft ADV Wool Merino Rn Ls herren - Thermisches Trikot - MioMioRun.com\",\"isPartOf\":{\"@id\":\"https:\/\/www.miomiorun.com\/de\/#website\"},\"primaryImageOfPage\":{\"@id\":\"https:\/\/www.miomiorun.com\/de\/produkt\/adv-wool-merino-rn-ls-herren\/#primaryimage\"},\"image\":{\"@id\":\"https:\/\/www.miomiorun.com\/de\/produkt\/adv-wool-merino-rn-ls-herren\/#primaryimage\"},\"thumbnailUrl\":\"https:\/\/www.miomiorun.com\/app\/uploads\/2023\/11\/craft-ADV-wool-merino-RN-LS-black-1913755-999000.jpg\",\"datePublished\":\"2023-10-26T13:02:47+00:00\",\"dateModified\":\"2024-06-08T17:02:12+00:00\",\"description\":\"Das ADV Wool Merino RN LS f\u00fcr Herren ist ein hochfunktionelles Baselayer-Shirt aus einer weichen Merinowollmischung, das dich trocken h\u00e4lt\",\"breadcrumb\":{\"@id\":\"https:\/\/www.miomiorun.com\/de\/produkt\/adv-wool-merino-rn-ls-herren\/#breadcrumb\"},\"inLanguage\":\"de-DE\",\"potentialAction\":[{\"@type\":\"ReadAction\",\"target\":[\"https:\/\/www.miomiorun.com\/de\/produkt\/adv-wool-merino-rn-ls-herren\/\"]}]},{\"@type\":\"ImageObject\",\"inLanguage\":\"de-DE\",\"@id\":\"https:\/\/www.miomiorun.com\/de\/produkt\/adv-wool-merino-rn-ls-herren\/#primaryimage\",\"url\":\"https:\/\/www.miomiorun.com\/app\/uploads\/2023\/11\/craft-ADV-wool-merino-RN-LS-black-1913755-999000.jpg\",\"contentUrl\":\"https:\/\/www.miomiorun.com\/app\/uploads\/2023\/11\/craft-ADV-wool-merino-RN-LS-black-1913755-999000.jpg\",\"width\":600,\"height\":600,\"caption\":\"craft-ADV-wool-merino-RN-LS-black-1913755-999000\"},{\"@type\":\"BreadcrumbList\",\"@id\":\"https:\/\/www.miomiorun.com\/de\/produkt\/adv-wool-merino-rn-ls-herren\/#breadcrumb\",\"itemListElement\":[{\"@type\":\"ListItem\",\"position\":1,\"name\":\"Home\",\"item\":\"https:\/\/www.miomiorun.com\/de\/\"},{\"@type\":\"ListItem\",\"position\":2,\"name\":\"Shop\",\"item\":\"https:\/\/www.miomiorun.com\/shop\/\"},{\"@type\":\"ListItem\",\"position\":3,\"name\":\"ADV Wool Merino Rn Ls herren\"}]},{\"@type\":\"WebSite\",\"@id\":\"https:\/\/www.miomiorun.com\/de\/#website\",\"url\":\"https:\/\/www.miomiorun.com\/de\/\",\"name\":\"MioMioRun\",\"description\":\"100% Lauf- und Trailshop\",\"publisher\":{\"@id\":\"https:\/\/www.miomiorun.com\/de\/#organization\"},\"potentialAction\":[{\"@type\":\"SearchAction\",\"target\":{\"@type\":\"EntryPoint\",\"urlTemplate\":\"https:\/\/www.miomiorun.com\/de\/?s={search_term_string}\"},\"query-input\":{\"@type\":\"PropertyValueSpecification\",\"valueRequired\":true,\"valueName\":\"search_term_string\"}}],\"inLanguage\":\"de-DE\"},{\"@type\":\"Organization\",\"@id\":\"https:\/\/www.miomiorun.com\/de\/#organization\",\"name\":\"MioMio Run\",\"url\":\"https:\/\/www.miomiorun.com\/de\/\",\"logo\":{\"@type\":\"ImageObject\",\"inLanguage\":\"de-DE\",\"@id\":\"https:\/\/www.miomiorun.com\/de\/#\/schema\/logo\/image\/\",\"url\":\"https:\/\/www.miomiorun.com\/app\/uploads\/2019\/12\/logomio.png\",\"contentUrl\":\"https:\/\/www.miomiorun.com\/app\/uploads\/2019\/12\/logomio.png\",\"width\":115,\"height\":82,\"caption\":\"MioMio Run\"},\"image\":{\"@id\":\"https:\/\/www.miomiorun.com\/de\/#\/schema\/logo\/image\/\"},\"sameAs\":[\"https:\/\/www.facebook.com\/miomiorun\/\",\"https:\/\/www.instagram.com\/miomiorun\/\"]}]}<\/script>\n<!-- \/ Yoast SEO plugin. -->","yoast_head_json":{"title":"Craft ADV Wool Merino Rn Ls herren - Thermisches Trikot - MioMioRun.com","description":"Das ADV Wool Merino RN LS f\u00fcr Herren ist ein hochfunktionelles Baselayer-Shirt aus einer weichen Merinowollmischung, das dich trocken h\u00e4lt","robots":{"index":"index","follow":"follow","max-snippet":"max-snippet:-1","max-image-preview":"max-image-preview:large","max-video-preview":"max-video-preview:-1"},"canonical":"https:\/\/www.miomiorun.com\/de\/produkt\/adv-wool-merino-rn-ls-herren\/","og_locale":"de_DE","og_type":"article","og_title":"Craft ADV Wool Merino Rn Ls herren - Thermisches Trikot - MioMioRun.com","og_description":"Das ADV Wool Merino RN LS f\u00fcr Herren ist ein hochfunktionelles Baselayer-Shirt aus einer weichen Merinowollmischung, das dich trocken h\u00e4lt","og_url":"https:\/\/www.miomiorun.com\/de\/produkt\/adv-wool-merino-rn-ls-herren\/","og_site_name":"MioMioRun","article_publisher":"https:\/\/www.facebook.com\/miomiorun\/","article_modified_time":"2024-06-08T17:02:12+00:00","og_image":[{"width":600,"height":600,"url":"https:\/\/www.miomiorun.com\/app\/uploads\/2023\/11\/craft-ADV-wool-merino-RN-LS-black-1913755-999000.jpg","type":"image\/jpeg"}],"twitter_card":"summary_large_image","schema":{"@context":"https:\/\/schema.org","@graph":[{"@type":"WebPage","@id":"https:\/\/www.miomiorun.com\/de\/produkt\/adv-wool-merino-rn-ls-herren\/","url":"https:\/\/www.miomiorun.com\/de\/produkt\/adv-wool-merino-rn-ls-herren\/","name":"Craft ADV Wool Merino Rn Ls herren - Thermisches Trikot - MioMioRun.com","isPartOf":{"@id":"https:\/\/www.miomiorun.com\/de\/#website"},"primaryImageOfPage":{"@id":"https:\/\/www.miomiorun.com\/de\/produkt\/adv-wool-merino-rn-ls-herren\/#primaryimage"},"image":{"@id":"https:\/\/www.miomiorun.com\/de\/produkt\/adv-wool-merino-rn-ls-herren\/#primaryimage"},"thumbnailUrl":"https:\/\/www.miomiorun.com\/app\/uploads\/2023\/11\/craft-ADV-wool-merino-RN-LS-black-1913755-999000.jpg","datePublished":"2023-10-26T13:02:47+00:00","dateModified":"2024-06-08T17:02:12+00:00","description":"Das ADV Wool Merino RN LS f\u00fcr Herren ist ein hochfunktionelles Baselayer-Shirt aus einer weichen Merinowollmischung, das dich trocken h\u00e4lt","breadcrumb":{"@id":"https:\/\/www.miomiorun.com\/de\/produkt\/adv-wool-merino-rn-ls-herren\/#breadcrumb"},"inLanguage":"de-DE","potentialAction":[{"@type":"ReadAction","target":["https:\/\/www.miomiorun.com\/de\/produkt\/adv-wool-merino-rn-ls-herren\/"]}]},{"@type":"ImageObject","inLanguage":"de-DE","@id":"https:\/\/www.miomiorun.com\/de\/produkt\/adv-wool-merino-rn-ls-herren\/#primaryimage","url":"https:\/\/www.miomiorun.com\/app\/uploads\/2023\/11\/craft-ADV-wool-merino-RN-LS-black-1913755-999000.jpg","contentUrl":"https:\/\/www.miomiorun.com\/app\/uploads\/2023\/11\/craft-ADV-wool-merino-RN-LS-black-1913755-999000.jpg","width":600,"height":600,"caption":"craft-ADV-wool-merino-RN-LS-black-1913755-999000"},{"@type":"BreadcrumbList","@id":"https:\/\/www.miomiorun.com\/de\/produkt\/adv-wool-merino-rn-ls-herren\/#breadcrumb","itemListElement":[{"@type":"ListItem","position":1,"name":"Home","item":"https:\/\/www.miomiorun.com\/de\/"},{"@type":"ListItem","position":2,"name":"Shop","item":"https:\/\/www.miomiorun.com\/shop\/"},{"@type":"ListItem","position":3,"name":"ADV Wool Merino Rn Ls herren"}]},{"@type":"WebSite","@id":"https:\/\/www.miomiorun.com\/de\/#website","url":"https:\/\/www.miomiorun.com\/de\/","name":"MioMioRun","description":"100% Lauf- und Trailshop","publisher":{"@id":"https:\/\/www.miomiorun.com\/de\/#organization"},"potentialAction":[{"@type":"SearchAction","target":{"@type":"EntryPoint","urlTemplate":"https:\/\/www.miomiorun.com\/de\/?s={search_term_string}"},"query-input":{"@type":"PropertyValueSpecification","valueRequired":true,"valueName":"search_term_string"}}],"inLanguage":"de-DE"},{"@type":"Organization","@id":"https:\/\/www.miomiorun.com\/de\/#organization","name":"MioMio Run","url":"https:\/\/www.miomiorun.com\/de\/","logo":{"@type":"ImageObject","inLanguage":"de-DE","@id":"https:\/\/www.miomiorun.com\/de\/#\/schema\/logo\/image\/","url":"https:\/\/www.miomiorun.com\/app\/uploads\/2019\/12\/logomio.png","contentUrl":"https:\/\/www.miomiorun.com\/app\/uploads\/2019\/12\/logomio.png","width":115,"height":82,"caption":"MioMio Run"},"image":{"@id":"https:\/\/www.miomiorun.com\/de\/#\/schema\/logo\/image\/"},"sameAs":["https:\/\/www.facebook.com\/miomiorun\/","https:\/\/www.instagram.com\/miomiorun\/"]}]}},"_links":{"self":[{"href":"https:\/\/www.miomiorun.com\/de\/wp-json\/wp\/v2\/product\/176987","targetHints":{"allow":["GET"]}}],"collection":[{"href":"https:\/\/www.miomiorun.com\/de\/wp-json\/wp\/v2\/product"}],"about":[{"href":"https:\/\/www.miomiorun.com\/de\/wp-json\/wp\/v2\/types\/product"}],"wp:featuredmedia":[{"embeddable":true,"href":"https:\/\/www.miomiorun.com\/de\/wp-json\/wp\/v2\/media\/148312"}],"wp:attachment":[{"href":"https:\/\/www.miomiorun.com\/de\/wp-json\/wp\/v2\/media?parent=176987"}],"wp:term":[{"taxonomy":"product_brand","embeddable":true,"href":"https:\/\/www.miomiorun.com\/de\/wp-json\/wp\/v2\/product_brand?post=176987"},{"taxonomy":"product_cat","embeddable":true,"href":"https:\/\/www.miomiorun.com\/de\/wp-json\/wp\/v2\/product_cat?post=176987"},{"taxonomy":"product_tag","embeddable":true,"href":"https:\/\/www.miomiorun.com\/de\/wp-json\/wp\/v2\/product_tag?post=176987"}],"curies":[{"name":"wp","href":"https:\/\/api.w.org\/{rel}","templated":true}]}}