{"id":176982,"date":"2023-11-02T15:04:02","date_gmt":"2023-11-02T14:04:02","guid":{"rendered":"https:\/\/miomiorun.com\/prodotto\/singlet-ultralight-cool-uomo\/"},"modified":"2024-06-11T17:31:45","modified_gmt":"2024-06-11T15:31:45","slug":"singlet-ultralight-cool-herren","status":"publish","type":"product","link":"https:\/\/www.miomiorun.com\/de\/produkt\/singlet-ultralight-cool-herren\/","title":{"rendered":"Singlet Ultralight Cool herren"},"content":{"rendered":"<p>Diese Funktionsunterw\u00e4sche wurde entwickelt, um Ihnen bei den h\u00e4rtesten Trainingseinheiten Energie zu sparen. Die Ultralight Cool Funktionsunterw\u00e4sche hilft dem K\u00f6rper, seine Temperatur niedrig zu halten, so dass Sie Ihre ganze Energie f\u00fcr den Sport einsetzen k\u00f6nnen. Das recycelte Polyamid leitet die Feuchtigkeit vom K\u00f6rper weg und trocknet schnell, so dass Sie sich jederzeit k\u00fchl, trocken und komfortabel f\u00fchlen. Dank der anatomischen Passform und der nahtlosen Stricktechnik passt sich die Unterw\u00e4sche perfekt dem K\u00f6rper an und bietet optimalen Halt beim Sport.<\/p>\n<p><strong>Eigenschaften:<\/strong><\/p>\n<ul>\n<li>Geeignet f\u00fcr warme bis sehr warme Temperaturen<\/li>\n<li>Extrem leicht: Gewicht weniger als 50 Gramm<\/li>\n<li>100% recyceltes Polyamid &#8211; eine bewusste Entscheidung ohne Kompromisse in Bezug auf Leichtigkeit, St\u00e4rke und Haltbarkeit<\/li>\n<li>Polyamid garantiert den Feuchtigkeitstransport<\/li>\n<li>Anatomisch gestrickt f\u00fcr maximale Bewegungsfreiheit beim Sport<\/li>\n<li>Geeignet f\u00fcr Aktivit\u00e4ten mit geringer und hoher Intensit\u00e4t<\/li>\n<li>Enge Passform<\/li>\n<\/ul>\n<h3>Funktionsweise:<\/h3>\n<p>&nbsp;<\/p>\n<ul class=\"product-functional-symbols-new\">\n<li class=\"product-functional-symbols-new__symbol\"><img loading=\"lazy\" decoding=\"async\" class=\"product-functional-symbols-new__image\" src=\"https:\/\/www.falke.com\/it_it\/b3b39c9b226f78e769a04f89f68a6ddf4576fbbb\/assets\/base\/staticImages\/functionalsymbols\/icon_schnellste_ruecktrocknung.svg\" alt=\"\" width=\"50\" height=\"50\" \/>\n<div class=\"product-functional-symbols-new__content\">\n<p><strong>Schnelleres Trocknen<\/strong><\/p>\n<p>schnelltrocknendes Material<\/p>\n<\/div>\n<\/li>\n<li class=\"product-functional-symbols-new__symbol\"><img loading=\"lazy\" decoding=\"async\" class=\"product-functional-symbols-new__image\" src=\"https:\/\/www.falke.com\/it_it\/b3b39c9b226f78e769a04f89f68a6ddf4576fbbb\/assets\/base\/staticImages\/functionalsymbols\/icon_cooling-effect.svg\" alt=\"\" width=\"50\" height=\"50\" \/>\n<div class=\"product-functional-symbols-new__content\">\n<p><strong>K\u00fchlende Wirkung<\/strong><\/p>\n<p>Sorgt f\u00fcr eine optimale Temperatur.<\/p>\n<\/div>\n<\/li>\n<li class=\"product-functional-symbols-new__symbol\"><img loading=\"lazy\" decoding=\"async\" class=\"product-functional-symbols-new__image\" src=\"https:\/\/www.falke.com\/it_it\/b3b39c9b226f78e769a04f89f68a6ddf4576fbbb\/assets\/base\/staticImages\/functionalsymbols\/icon_feuchtigkeitsregulierend.svg\" alt=\"\" width=\"50\" height=\"50\" \/>\n<div class=\"product-functional-symbols-new__content\">\n<p><strong>Reguliert die Feuchtigkeit<\/strong><\/p>\n<p>Ein einzigartiges, trockenes Gef\u00fchl auf der Haut dank seiner F\u00e4higkeit, Feuchtigkeit zu absorbieren.<\/p>\n<\/div>\n<\/li>\n<li class=\"product-functional-symbols-new__symbol\"><strong><img loading=\"lazy\" decoding=\"async\" class=\"product-functional-symbols-new__image\" src=\"https:\/\/www.falke.com\/it_it\/b3b39c9b226f78e769a04f89f68a6ddf4576fbbb\/assets\/base\/staticImages\/functionalsymbols\/icon_cool.svg\" alt=\"\" width=\"50\" height=\"50\" \/><\/strong>\n<div class=\"product-functional-symbols-new__content\">\n<p><strong>Schutz vor milden\/warmen Au\u00dfentemperaturen<\/strong><\/p>\n<p>Optimaler Feuchtigkeitstransport und K\u00fchleffekt.<\/p>\n<\/div>\n<\/li>\n<\/ul>\n","protected":false},"excerpt":{"rendered":"<ul class=\"product-features-new__list\">\n<li class=\"product-features-new__item\">Geeignet f\u00fcr hei\u00dfe bis sehr hei\u00dfe Temperaturen<\/li>\n<li class=\"product-features-new__item\">Extrem leicht<\/li>\n<\/ul>\n","protected":false},"featured_media":150390,"template":"","meta":{"_acf_changed":false,"inline_featured_image":false},"product_brand":[],"product_cat":[6515,6540,6511],"product_tag":[6245,6231],"class_list":{"0":"post-176982","1":"product","2":"type-product","3":"status-publish","4":"has-post-thumbnail","6":"product_cat-herren-de","7":"product_cat-herrenbekleidung","8":"product_cat-waesche","9":"product_tag-falke-de","10":"product_tag-falke-herren-de","11":"pa_attivita-gehen","12":"pa_attivita-outdoor-de","13":"pa_attivita-running-de","14":"pa_attivita-trail-de","15":"pa_colore-singlet-m-cool-white-de","16":"pa_colore-singlet-m-cool-yve-de","17":"pa_marca-falke-de","18":"pa_sesso-herren","19":"pa_size-small-de","20":"pa_size-medium-de","21":"pa_size-large-de","22":"pa_size-extra-large-de","24":"first","25":"instock","26":"sale","27":"taxable","28":"shipping-taxable","29":"purchasable","30":"product-type-variable","31":"wvs-archive-product-wrapper"},"acf":[],"yoast_head":"<!-- This site is optimized with the Yoast SEO plugin v26.8 - https:\/\/yoast.com\/product\/yoast-seo-wordpress\/ -->\n<title>FalkeSinglet Ultralight Cool herren - Unterw\u00e4sche - MioMioRun.comFalke<\/title>\n<meta name=\"description\" content=\"Ultralight Cool hilft dem K\u00f6rper, seine Temperatur niedrig zu halten, so dass Sie Ihre gesamte Energie f\u00fcr den Sport nutzen k\u00f6nnen.\" \/>\n<meta name=\"robots\" content=\"index, follow, max-snippet:-1, max-image-preview:large, max-video-preview:-1\" \/>\n<link rel=\"canonical\" href=\"https:\/\/www.miomiorun.com\/de\/produkt\/singlet-ultralight-cool-herren\/\" \/>\n<meta property=\"og:locale\" content=\"de_DE\" \/>\n<meta property=\"og:type\" content=\"article\" \/>\n<meta property=\"og:title\" content=\"FalkeSinglet Ultralight Cool herren - Unterw\u00e4sche - MioMioRun.comFalke\" \/>\n<meta property=\"og:description\" content=\"Ultralight Cool hilft dem K\u00f6rper, seine Temperatur niedrig zu halten, so dass Sie Ihre gesamte Energie f\u00fcr den Sport nutzen k\u00f6nnen.\" \/>\n<meta property=\"og:url\" content=\"https:\/\/www.miomiorun.com\/de\/produkt\/singlet-ultralight-cool-herren\/\" \/>\n<meta property=\"og:site_name\" content=\"MioMioRun\" \/>\n<meta property=\"article:publisher\" content=\"https:\/\/www.facebook.com\/miomiorun\/\" \/>\n<meta property=\"article:modified_time\" content=\"2024-06-11T15:31:45+00:00\" \/>\n<meta property=\"og:image\" content=\"https:\/\/www.miomiorun.com\/app\/uploads\/2023\/12\/falke-Singlet-M-cool-yve-22-33772-6714.jpg\" \/>\n\t<meta property=\"og:image:width\" content=\"600\" \/>\n\t<meta property=\"og:image:height\" content=\"600\" \/>\n\t<meta property=\"og:image:type\" content=\"image\/jpeg\" \/>\n<meta name=\"twitter:card\" content=\"summary_large_image\" \/>\n<meta name=\"twitter:label1\" content=\"Est. reading time\" \/>\n\t<meta name=\"twitter:data1\" content=\"1 minute\" \/>\n<script type=\"application\/ld+json\" class=\"yoast-schema-graph\">{\"@context\":\"https:\/\/schema.org\",\"@graph\":[{\"@type\":\"WebPage\",\"@id\":\"https:\/\/www.miomiorun.com\/de\/produkt\/singlet-ultralight-cool-herren\/\",\"url\":\"https:\/\/www.miomiorun.com\/de\/produkt\/singlet-ultralight-cool-herren\/\",\"name\":\"FalkeSinglet Ultralight Cool herren - Unterw\u00e4sche - MioMioRun.comFalke\",\"isPartOf\":{\"@id\":\"https:\/\/www.miomiorun.com\/de\/#website\"},\"primaryImageOfPage\":{\"@id\":\"https:\/\/www.miomiorun.com\/de\/produkt\/singlet-ultralight-cool-herren\/#primaryimage\"},\"image\":{\"@id\":\"https:\/\/www.miomiorun.com\/de\/produkt\/singlet-ultralight-cool-herren\/#primaryimage\"},\"thumbnailUrl\":\"https:\/\/www.miomiorun.com\/app\/uploads\/2023\/12\/falke-Singlet-M-cool-yve-22-33772-6714.jpg\",\"datePublished\":\"2023-11-02T14:04:02+00:00\",\"dateModified\":\"2024-06-11T15:31:45+00:00\",\"description\":\"Ultralight Cool hilft dem K\u00f6rper, seine Temperatur niedrig zu halten, so dass Sie Ihre gesamte Energie f\u00fcr den Sport nutzen k\u00f6nnen.\",\"breadcrumb\":{\"@id\":\"https:\/\/www.miomiorun.com\/de\/produkt\/singlet-ultralight-cool-herren\/#breadcrumb\"},\"inLanguage\":\"de-DE\",\"potentialAction\":[{\"@type\":\"ReadAction\",\"target\":[\"https:\/\/www.miomiorun.com\/de\/produkt\/singlet-ultralight-cool-herren\/\"]}]},{\"@type\":\"ImageObject\",\"inLanguage\":\"de-DE\",\"@id\":\"https:\/\/www.miomiorun.com\/de\/produkt\/singlet-ultralight-cool-herren\/#primaryimage\",\"url\":\"https:\/\/www.miomiorun.com\/app\/uploads\/2023\/12\/falke-Singlet-M-cool-yve-22-33772-6714.jpg\",\"contentUrl\":\"https:\/\/www.miomiorun.com\/app\/uploads\/2023\/12\/falke-Singlet-M-cool-yve-22-33772-6714.jpg\",\"width\":600,\"height\":600,\"caption\":\"falke-Singlet-M-cool-yve-22-33772-6714\"},{\"@type\":\"BreadcrumbList\",\"@id\":\"https:\/\/www.miomiorun.com\/de\/produkt\/singlet-ultralight-cool-herren\/#breadcrumb\",\"itemListElement\":[{\"@type\":\"ListItem\",\"position\":1,\"name\":\"Home\",\"item\":\"https:\/\/www.miomiorun.com\/de\/\"},{\"@type\":\"ListItem\",\"position\":2,\"name\":\"Shop\",\"item\":\"https:\/\/www.miomiorun.com\/shop\/\"},{\"@type\":\"ListItem\",\"position\":3,\"name\":\"Singlet Ultralight Cool herren\"}]},{\"@type\":\"WebSite\",\"@id\":\"https:\/\/www.miomiorun.com\/de\/#website\",\"url\":\"https:\/\/www.miomiorun.com\/de\/\",\"name\":\"MioMioRun\",\"description\":\"100% Lauf- und Trailshop\",\"publisher\":{\"@id\":\"https:\/\/www.miomiorun.com\/de\/#organization\"},\"potentialAction\":[{\"@type\":\"SearchAction\",\"target\":{\"@type\":\"EntryPoint\",\"urlTemplate\":\"https:\/\/www.miomiorun.com\/de\/?s={search_term_string}\"},\"query-input\":{\"@type\":\"PropertyValueSpecification\",\"valueRequired\":true,\"valueName\":\"search_term_string\"}}],\"inLanguage\":\"de-DE\"},{\"@type\":\"Organization\",\"@id\":\"https:\/\/www.miomiorun.com\/de\/#organization\",\"name\":\"MioMio Run\",\"url\":\"https:\/\/www.miomiorun.com\/de\/\",\"logo\":{\"@type\":\"ImageObject\",\"inLanguage\":\"de-DE\",\"@id\":\"https:\/\/www.miomiorun.com\/de\/#\/schema\/logo\/image\/\",\"url\":\"https:\/\/www.miomiorun.com\/app\/uploads\/2019\/12\/logomio.png\",\"contentUrl\":\"https:\/\/www.miomiorun.com\/app\/uploads\/2019\/12\/logomio.png\",\"width\":115,\"height\":82,\"caption\":\"MioMio Run\"},\"image\":{\"@id\":\"https:\/\/www.miomiorun.com\/de\/#\/schema\/logo\/image\/\"},\"sameAs\":[\"https:\/\/www.facebook.com\/miomiorun\/\",\"https:\/\/www.instagram.com\/miomiorun\/\"]}]}<\/script>\n<!-- \/ Yoast SEO plugin. -->","yoast_head_json":{"title":"FalkeSinglet Ultralight Cool herren - Unterw\u00e4sche - MioMioRun.comFalke","description":"Ultralight Cool hilft dem K\u00f6rper, seine Temperatur niedrig zu halten, so dass Sie Ihre gesamte Energie f\u00fcr den Sport nutzen k\u00f6nnen.","robots":{"index":"index","follow":"follow","max-snippet":"max-snippet:-1","max-image-preview":"max-image-preview:large","max-video-preview":"max-video-preview:-1"},"canonical":"https:\/\/www.miomiorun.com\/de\/produkt\/singlet-ultralight-cool-herren\/","og_locale":"de_DE","og_type":"article","og_title":"FalkeSinglet Ultralight Cool herren - Unterw\u00e4sche - MioMioRun.comFalke","og_description":"Ultralight Cool hilft dem K\u00f6rper, seine Temperatur niedrig zu halten, so dass Sie Ihre gesamte Energie f\u00fcr den Sport nutzen k\u00f6nnen.","og_url":"https:\/\/www.miomiorun.com\/de\/produkt\/singlet-ultralight-cool-herren\/","og_site_name":"MioMioRun","article_publisher":"https:\/\/www.facebook.com\/miomiorun\/","article_modified_time":"2024-06-11T15:31:45+00:00","og_image":[{"width":600,"height":600,"url":"https:\/\/www.miomiorun.com\/app\/uploads\/2023\/12\/falke-Singlet-M-cool-yve-22-33772-6714.jpg","type":"image\/jpeg"}],"twitter_card":"summary_large_image","twitter_misc":{"Est. reading time":"1 minute"},"schema":{"@context":"https:\/\/schema.org","@graph":[{"@type":"WebPage","@id":"https:\/\/www.miomiorun.com\/de\/produkt\/singlet-ultralight-cool-herren\/","url":"https:\/\/www.miomiorun.com\/de\/produkt\/singlet-ultralight-cool-herren\/","name":"FalkeSinglet Ultralight Cool herren - Unterw\u00e4sche - MioMioRun.comFalke","isPartOf":{"@id":"https:\/\/www.miomiorun.com\/de\/#website"},"primaryImageOfPage":{"@id":"https:\/\/www.miomiorun.com\/de\/produkt\/singlet-ultralight-cool-herren\/#primaryimage"},"image":{"@id":"https:\/\/www.miomiorun.com\/de\/produkt\/singlet-ultralight-cool-herren\/#primaryimage"},"thumbnailUrl":"https:\/\/www.miomiorun.com\/app\/uploads\/2023\/12\/falke-Singlet-M-cool-yve-22-33772-6714.jpg","datePublished":"2023-11-02T14:04:02+00:00","dateModified":"2024-06-11T15:31:45+00:00","description":"Ultralight Cool hilft dem K\u00f6rper, seine Temperatur niedrig zu halten, so dass Sie Ihre gesamte Energie f\u00fcr den Sport nutzen k\u00f6nnen.","breadcrumb":{"@id":"https:\/\/www.miomiorun.com\/de\/produkt\/singlet-ultralight-cool-herren\/#breadcrumb"},"inLanguage":"de-DE","potentialAction":[{"@type":"ReadAction","target":["https:\/\/www.miomiorun.com\/de\/produkt\/singlet-ultralight-cool-herren\/"]}]},{"@type":"ImageObject","inLanguage":"de-DE","@id":"https:\/\/www.miomiorun.com\/de\/produkt\/singlet-ultralight-cool-herren\/#primaryimage","url":"https:\/\/www.miomiorun.com\/app\/uploads\/2023\/12\/falke-Singlet-M-cool-yve-22-33772-6714.jpg","contentUrl":"https:\/\/www.miomiorun.com\/app\/uploads\/2023\/12\/falke-Singlet-M-cool-yve-22-33772-6714.jpg","width":600,"height":600,"caption":"falke-Singlet-M-cool-yve-22-33772-6714"},{"@type":"BreadcrumbList","@id":"https:\/\/www.miomiorun.com\/de\/produkt\/singlet-ultralight-cool-herren\/#breadcrumb","itemListElement":[{"@type":"ListItem","position":1,"name":"Home","item":"https:\/\/www.miomiorun.com\/de\/"},{"@type":"ListItem","position":2,"name":"Shop","item":"https:\/\/www.miomiorun.com\/shop\/"},{"@type":"ListItem","position":3,"name":"Singlet Ultralight Cool herren"}]},{"@type":"WebSite","@id":"https:\/\/www.miomiorun.com\/de\/#website","url":"https:\/\/www.miomiorun.com\/de\/","name":"MioMioRun","description":"100% Lauf- und Trailshop","publisher":{"@id":"https:\/\/www.miomiorun.com\/de\/#organization"},"potentialAction":[{"@type":"SearchAction","target":{"@type":"EntryPoint","urlTemplate":"https:\/\/www.miomiorun.com\/de\/?s={search_term_string}"},"query-input":{"@type":"PropertyValueSpecification","valueRequired":true,"valueName":"search_term_string"}}],"inLanguage":"de-DE"},{"@type":"Organization","@id":"https:\/\/www.miomiorun.com\/de\/#organization","name":"MioMio Run","url":"https:\/\/www.miomiorun.com\/de\/","logo":{"@type":"ImageObject","inLanguage":"de-DE","@id":"https:\/\/www.miomiorun.com\/de\/#\/schema\/logo\/image\/","url":"https:\/\/www.miomiorun.com\/app\/uploads\/2019\/12\/logomio.png","contentUrl":"https:\/\/www.miomiorun.com\/app\/uploads\/2019\/12\/logomio.png","width":115,"height":82,"caption":"MioMio Run"},"image":{"@id":"https:\/\/www.miomiorun.com\/de\/#\/schema\/logo\/image\/"},"sameAs":["https:\/\/www.facebook.com\/miomiorun\/","https:\/\/www.instagram.com\/miomiorun\/"]}]}},"_links":{"self":[{"href":"https:\/\/www.miomiorun.com\/de\/wp-json\/wp\/v2\/product\/176982","targetHints":{"allow":["GET"]}}],"collection":[{"href":"https:\/\/www.miomiorun.com\/de\/wp-json\/wp\/v2\/product"}],"about":[{"href":"https:\/\/www.miomiorun.com\/de\/wp-json\/wp\/v2\/types\/product"}],"wp:featuredmedia":[{"embeddable":true,"href":"https:\/\/www.miomiorun.com\/de\/wp-json\/wp\/v2\/media\/150390"}],"wp:attachment":[{"href":"https:\/\/www.miomiorun.com\/de\/wp-json\/wp\/v2\/media?parent=176982"}],"wp:term":[{"taxonomy":"product_brand","embeddable":true,"href":"https:\/\/www.miomiorun.com\/de\/wp-json\/wp\/v2\/product_brand?post=176982"},{"taxonomy":"product_cat","embeddable":true,"href":"https:\/\/www.miomiorun.com\/de\/wp-json\/wp\/v2\/product_cat?post=176982"},{"taxonomy":"product_tag","embeddable":true,"href":"https:\/\/www.miomiorun.com\/de\/wp-json\/wp\/v2\/product_tag?post=176982"}],"curies":[{"name":"wp","href":"https:\/\/api.w.org\/{rel}","templated":true}]}}