{"id":176968,"date":"2021-09-15T11:52:44","date_gmt":"2021-09-15T09:52:44","guid":{"rendered":"https:\/\/miomiorun.com\/prodotto\/craft-core-gain-midlayer-uomo\/"},"modified":"2026-02-13T11:37:14","modified_gmt":"2026-02-13T10:37:14","slug":"craft-core-gain-midlayer-herren","status":"publish","type":"product","link":"https:\/\/www.miomiorun.com\/de\/produkt\/craft-core-gain-midlayer-herren\/","title":{"rendered":"Core Gain Midlayer herren"},"content":{"rendered":"<p id=\"tw-target-text\" class=\"tw-data-text tw-text-large XcVN5d tw-ta\" dir=\"ltr\" data-placeholder=\"Traduzione\"><span class=\"Y2IQFc\" lang=\"it\"><strong>Core Gain Midlayer<\/strong> f\u00fcr Herren ist ein vielseitiges Midlayer-Shirt mit halbem Rei\u00dfverschluss aus weichem, elastischem und funktionellem Material mit leicht aufgerauter Innenseite f\u00fcr zus\u00e4tzliche W\u00e4rme und Komfort. <\/span><\/p>\n<p class=\"tw-data-text tw-text-large XcVN5d tw-ta\" dir=\"ltr\" data-placeholder=\"Traduzione\"><span class=\"Y2IQFc\" lang=\"it\">Es eignet sich perfekt als Au\u00dfenschicht an kalten Tagen oder als Midlayer bei sehr kalten Bedingungen. <\/span><\/p>\n<p class=\"tw-data-text tw-text-large XcVN5d tw-ta\" dir=\"ltr\" data-placeholder=\"Traduzione\"><strong><span class=\"Y2IQFc\" lang=\"it\">Eigenschaften:<\/span><\/strong><\/p>\n<ul>\n<li class=\"tw-data-text tw-text-large XcVN5d tw-ta\" dir=\"ltr\" data-placeholder=\"Traduzione\"><span class=\"Y2IQFc\" lang=\"it\">Weiches, elastisches und funktionelles Jersey-Material mit aufgerauter Innenseite. <\/span><\/li>\n<li class=\"tw-data-text tw-text-large XcVN5d tw-ta\" dir=\"ltr\" data-placeholder=\"Traduzione\"><span class=\"Y2IQFc\" lang=\"it\">Halber Rei\u00dfverschluss.<\/span><\/li>\n<li class=\"tw-data-text tw-text-large XcVN5d tw-ta\" dir=\"ltr\" data-placeholder=\"Traduzione\"><span class=\"Y2IQFc\" lang=\"it\">Handgefertigtes Logo auf der Brust.<\/span><\/li>\n<li class=\"tw-data-text tw-text-large XcVN5d tw-ta\" dir=\"ltr\" data-placeholder=\"Traduzione\"><span class=\"Y2IQFc\" lang=\"it\">Figurbetont.<\/span><\/li>\n<\/ul>\n<p>Material: 91 % Polyester, 9 % Elasthan<\/p>\n","protected":false},"excerpt":{"rendered":"<p>Core Gain Midlayer f\u00fcr Herren ist ein vielseitiges Midlayer-Shirt mit halbem Rei\u00dfverschluss aus weichem, elastischem und funktionellem Material mit leicht aufgerauter Innenseite f\u00fcr zus\u00e4tzliche W\u00e4rme und Komfort. Es eignet sich perfekt als Au\u00dfenschicht an kalten Tagen oder als Midlayer bei sehr kalten Bedingungen. Eigenschaften: Weiches, elastisches und funktionelles Jersey-Material mit aufgerauter Innenseite. Halber Rei\u00dfverschluss. Handgefertigtes &hellip; <a href=\"https:\/\/www.miomiorun.com\/de\/produkt\/craft-core-gain-midlayer-herren\/\">Continued<\/a><\/p>\n","protected":false},"featured_media":57926,"template":"","meta":{"_acf_changed":false,"inline_featured_image":false},"product_brand":[],"product_cat":[6540,6541],"product_tag":[6304,6234],"class_list":{"0":"post-176968","1":"product","2":"type-product","3":"status-publish","4":"has-post-thumbnail","6":"product_cat-herrenbekleidung","7":"product_cat-langarmshirt","8":"product_tag-craft-de","9":"product_tag-craft-herren-de","10":"pa_attivita-gehen","11":"pa_attivita-running-de","12":"pa_colore-core-gain-midlayer-m-green-de","13":"pa_colore-core-gain-midlayer-m-white-de","14":"pa_colore-core-gain-midlayer-m-scream-de-2","15":"pa_colore-core-gain-midlayer-trooper-de","16":"pa_colore-core-gain-midlayer-universe-de","17":"pa_marca-craft-de","18":"pa_sesso-herren","19":"pa_size-small-de","20":"pa_size-medium-de","21":"pa_size-large-de","22":"pa_size-extra-large-de","23":"pa_size-xxl-de","25":"first","26":"instock","27":"sale","28":"taxable","29":"shipping-taxable","30":"purchasable","31":"product-type-variable","32":"wvs-archive-product-wrapper"},"acf":[],"yoast_head":"<!-- This site is optimized with the Yoast SEO plugin v26.8 - https:\/\/yoast.com\/product\/yoast-seo-wordpress\/ -->\n<title>Craft Core Gain Midlayer herren - Laufshirt - MioMioRun<\/title>\n<meta name=\"description\" content=\"Der Core Gain Midlayer f\u00fcr Herren ist ein vielseitiges Midlayer-Shirt mit halbem Rei\u00dfverschluss aus weichem, elastischem und funktionellem Material.\" \/>\n<meta name=\"robots\" content=\"index, follow, max-snippet:-1, max-image-preview:large, max-video-preview:-1\" \/>\n<link rel=\"canonical\" href=\"https:\/\/www.miomiorun.com\/de\/produkt\/craft-core-gain-midlayer-herren\/\" \/>\n<meta property=\"og:locale\" content=\"de_DE\" \/>\n<meta property=\"og:type\" content=\"article\" \/>\n<meta property=\"og:title\" content=\"Craft Core Gain Midlayer herren - Laufshirt - MioMioRun\" \/>\n<meta property=\"og:description\" content=\"Der Core Gain Midlayer f\u00fcr Herren ist ein vielseitiges Midlayer-Shirt mit halbem Rei\u00dfverschluss aus weichem, elastischem und funktionellem Material.\" \/>\n<meta property=\"og:url\" content=\"https:\/\/www.miomiorun.com\/de\/produkt\/craft-core-gain-midlayer-herren\/\" \/>\n<meta property=\"og:site_name\" content=\"MioMioRun\" \/>\n<meta property=\"article:publisher\" content=\"https:\/\/www.facebook.com\/miomiorun\/\" \/>\n<meta property=\"article:modified_time\" content=\"2026-02-13T10:37:14+00:00\" \/>\n<meta property=\"og:image\" content=\"https:\/\/www.miomiorun.com\/app\/uploads\/2021\/09\/craft-Core-gain-midlayer-1909496-645000.jpg\" \/>\n\t<meta property=\"og:image:width\" content=\"600\" \/>\n\t<meta property=\"og:image:height\" content=\"600\" \/>\n\t<meta property=\"og:image:type\" content=\"image\/jpeg\" \/>\n<meta name=\"twitter:card\" content=\"summary_large_image\" \/>\n<script type=\"application\/ld+json\" class=\"yoast-schema-graph\">{\"@context\":\"https:\/\/schema.org\",\"@graph\":[{\"@type\":\"WebPage\",\"@id\":\"https:\/\/www.miomiorun.com\/de\/produkt\/craft-core-gain-midlayer-herren\/\",\"url\":\"https:\/\/www.miomiorun.com\/de\/produkt\/craft-core-gain-midlayer-herren\/\",\"name\":\"Craft Core Gain Midlayer herren - Laufshirt - MioMioRun\",\"isPartOf\":{\"@id\":\"https:\/\/www.miomiorun.com\/de\/#website\"},\"primaryImageOfPage\":{\"@id\":\"https:\/\/www.miomiorun.com\/de\/produkt\/craft-core-gain-midlayer-herren\/#primaryimage\"},\"image\":{\"@id\":\"https:\/\/www.miomiorun.com\/de\/produkt\/craft-core-gain-midlayer-herren\/#primaryimage\"},\"thumbnailUrl\":\"https:\/\/www.miomiorun.com\/app\/uploads\/2021\/09\/craft-Core-gain-midlayer-1909496-645000.jpg\",\"datePublished\":\"2021-09-15T09:52:44+00:00\",\"dateModified\":\"2026-02-13T10:37:14+00:00\",\"description\":\"Der Core Gain Midlayer f\u00fcr Herren ist ein vielseitiges Midlayer-Shirt mit halbem Rei\u00dfverschluss aus weichem, elastischem und funktionellem Material.\",\"breadcrumb\":{\"@id\":\"https:\/\/www.miomiorun.com\/de\/produkt\/craft-core-gain-midlayer-herren\/#breadcrumb\"},\"inLanguage\":\"de-DE\",\"potentialAction\":[{\"@type\":\"ReadAction\",\"target\":[\"https:\/\/www.miomiorun.com\/de\/produkt\/craft-core-gain-midlayer-herren\/\"]}]},{\"@type\":\"ImageObject\",\"inLanguage\":\"de-DE\",\"@id\":\"https:\/\/www.miomiorun.com\/de\/produkt\/craft-core-gain-midlayer-herren\/#primaryimage\",\"url\":\"https:\/\/www.miomiorun.com\/app\/uploads\/2021\/09\/craft-Core-gain-midlayer-1909496-645000.jpg\",\"contentUrl\":\"https:\/\/www.miomiorun.com\/app\/uploads\/2021\/09\/craft-Core-gain-midlayer-1909496-645000.jpg\",\"width\":600,\"height\":600,\"caption\":\"craft core gain midlayer\"},{\"@type\":\"BreadcrumbList\",\"@id\":\"https:\/\/www.miomiorun.com\/de\/produkt\/craft-core-gain-midlayer-herren\/#breadcrumb\",\"itemListElement\":[{\"@type\":\"ListItem\",\"position\":1,\"name\":\"Home\",\"item\":\"https:\/\/www.miomiorun.com\/de\/\"},{\"@type\":\"ListItem\",\"position\":2,\"name\":\"Shop\",\"item\":\"https:\/\/www.miomiorun.com\/shop\/\"},{\"@type\":\"ListItem\",\"position\":3,\"name\":\"Core Gain Midlayer herren\"}]},{\"@type\":\"WebSite\",\"@id\":\"https:\/\/www.miomiorun.com\/de\/#website\",\"url\":\"https:\/\/www.miomiorun.com\/de\/\",\"name\":\"MioMioRun\",\"description\":\"100% Lauf- und Trailshop\",\"publisher\":{\"@id\":\"https:\/\/www.miomiorun.com\/de\/#organization\"},\"potentialAction\":[{\"@type\":\"SearchAction\",\"target\":{\"@type\":\"EntryPoint\",\"urlTemplate\":\"https:\/\/www.miomiorun.com\/de\/?s={search_term_string}\"},\"query-input\":{\"@type\":\"PropertyValueSpecification\",\"valueRequired\":true,\"valueName\":\"search_term_string\"}}],\"inLanguage\":\"de-DE\"},{\"@type\":\"Organization\",\"@id\":\"https:\/\/www.miomiorun.com\/de\/#organization\",\"name\":\"MioMio Run\",\"url\":\"https:\/\/www.miomiorun.com\/de\/\",\"logo\":{\"@type\":\"ImageObject\",\"inLanguage\":\"de-DE\",\"@id\":\"https:\/\/www.miomiorun.com\/de\/#\/schema\/logo\/image\/\",\"url\":\"https:\/\/www.miomiorun.com\/app\/uploads\/2019\/12\/logomio.png\",\"contentUrl\":\"https:\/\/www.miomiorun.com\/app\/uploads\/2019\/12\/logomio.png\",\"width\":115,\"height\":82,\"caption\":\"MioMio Run\"},\"image\":{\"@id\":\"https:\/\/www.miomiorun.com\/de\/#\/schema\/logo\/image\/\"},\"sameAs\":[\"https:\/\/www.facebook.com\/miomiorun\/\",\"https:\/\/www.instagram.com\/miomiorun\/\"]}]}<\/script>\n<!-- \/ Yoast SEO plugin. -->","yoast_head_json":{"title":"Craft Core Gain Midlayer herren - Laufshirt - MioMioRun","description":"Der Core Gain Midlayer f\u00fcr Herren ist ein vielseitiges Midlayer-Shirt mit halbem Rei\u00dfverschluss aus weichem, elastischem und funktionellem Material.","robots":{"index":"index","follow":"follow","max-snippet":"max-snippet:-1","max-image-preview":"max-image-preview:large","max-video-preview":"max-video-preview:-1"},"canonical":"https:\/\/www.miomiorun.com\/de\/produkt\/craft-core-gain-midlayer-herren\/","og_locale":"de_DE","og_type":"article","og_title":"Craft Core Gain Midlayer herren - Laufshirt - MioMioRun","og_description":"Der Core Gain Midlayer f\u00fcr Herren ist ein vielseitiges Midlayer-Shirt mit halbem Rei\u00dfverschluss aus weichem, elastischem und funktionellem Material.","og_url":"https:\/\/www.miomiorun.com\/de\/produkt\/craft-core-gain-midlayer-herren\/","og_site_name":"MioMioRun","article_publisher":"https:\/\/www.facebook.com\/miomiorun\/","article_modified_time":"2026-02-13T10:37:14+00:00","og_image":[{"width":600,"height":600,"url":"https:\/\/www.miomiorun.com\/app\/uploads\/2021\/09\/craft-Core-gain-midlayer-1909496-645000.jpg","type":"image\/jpeg"}],"twitter_card":"summary_large_image","schema":{"@context":"https:\/\/schema.org","@graph":[{"@type":"WebPage","@id":"https:\/\/www.miomiorun.com\/de\/produkt\/craft-core-gain-midlayer-herren\/","url":"https:\/\/www.miomiorun.com\/de\/produkt\/craft-core-gain-midlayer-herren\/","name":"Craft Core Gain Midlayer herren - Laufshirt - MioMioRun","isPartOf":{"@id":"https:\/\/www.miomiorun.com\/de\/#website"},"primaryImageOfPage":{"@id":"https:\/\/www.miomiorun.com\/de\/produkt\/craft-core-gain-midlayer-herren\/#primaryimage"},"image":{"@id":"https:\/\/www.miomiorun.com\/de\/produkt\/craft-core-gain-midlayer-herren\/#primaryimage"},"thumbnailUrl":"https:\/\/www.miomiorun.com\/app\/uploads\/2021\/09\/craft-Core-gain-midlayer-1909496-645000.jpg","datePublished":"2021-09-15T09:52:44+00:00","dateModified":"2026-02-13T10:37:14+00:00","description":"Der Core Gain Midlayer f\u00fcr Herren ist ein vielseitiges Midlayer-Shirt mit halbem Rei\u00dfverschluss aus weichem, elastischem und funktionellem Material.","breadcrumb":{"@id":"https:\/\/www.miomiorun.com\/de\/produkt\/craft-core-gain-midlayer-herren\/#breadcrumb"},"inLanguage":"de-DE","potentialAction":[{"@type":"ReadAction","target":["https:\/\/www.miomiorun.com\/de\/produkt\/craft-core-gain-midlayer-herren\/"]}]},{"@type":"ImageObject","inLanguage":"de-DE","@id":"https:\/\/www.miomiorun.com\/de\/produkt\/craft-core-gain-midlayer-herren\/#primaryimage","url":"https:\/\/www.miomiorun.com\/app\/uploads\/2021\/09\/craft-Core-gain-midlayer-1909496-645000.jpg","contentUrl":"https:\/\/www.miomiorun.com\/app\/uploads\/2021\/09\/craft-Core-gain-midlayer-1909496-645000.jpg","width":600,"height":600,"caption":"craft core gain midlayer"},{"@type":"BreadcrumbList","@id":"https:\/\/www.miomiorun.com\/de\/produkt\/craft-core-gain-midlayer-herren\/#breadcrumb","itemListElement":[{"@type":"ListItem","position":1,"name":"Home","item":"https:\/\/www.miomiorun.com\/de\/"},{"@type":"ListItem","position":2,"name":"Shop","item":"https:\/\/www.miomiorun.com\/shop\/"},{"@type":"ListItem","position":3,"name":"Core Gain Midlayer herren"}]},{"@type":"WebSite","@id":"https:\/\/www.miomiorun.com\/de\/#website","url":"https:\/\/www.miomiorun.com\/de\/","name":"MioMioRun","description":"100% Lauf- und Trailshop","publisher":{"@id":"https:\/\/www.miomiorun.com\/de\/#organization"},"potentialAction":[{"@type":"SearchAction","target":{"@type":"EntryPoint","urlTemplate":"https:\/\/www.miomiorun.com\/de\/?s={search_term_string}"},"query-input":{"@type":"PropertyValueSpecification","valueRequired":true,"valueName":"search_term_string"}}],"inLanguage":"de-DE"},{"@type":"Organization","@id":"https:\/\/www.miomiorun.com\/de\/#organization","name":"MioMio Run","url":"https:\/\/www.miomiorun.com\/de\/","logo":{"@type":"ImageObject","inLanguage":"de-DE","@id":"https:\/\/www.miomiorun.com\/de\/#\/schema\/logo\/image\/","url":"https:\/\/www.miomiorun.com\/app\/uploads\/2019\/12\/logomio.png","contentUrl":"https:\/\/www.miomiorun.com\/app\/uploads\/2019\/12\/logomio.png","width":115,"height":82,"caption":"MioMio Run"},"image":{"@id":"https:\/\/www.miomiorun.com\/de\/#\/schema\/logo\/image\/"},"sameAs":["https:\/\/www.facebook.com\/miomiorun\/","https:\/\/www.instagram.com\/miomiorun\/"]}]}},"_links":{"self":[{"href":"https:\/\/www.miomiorun.com\/de\/wp-json\/wp\/v2\/product\/176968","targetHints":{"allow":["GET"]}}],"collection":[{"href":"https:\/\/www.miomiorun.com\/de\/wp-json\/wp\/v2\/product"}],"about":[{"href":"https:\/\/www.miomiorun.com\/de\/wp-json\/wp\/v2\/types\/product"}],"wp:featuredmedia":[{"embeddable":true,"href":"https:\/\/www.miomiorun.com\/de\/wp-json\/wp\/v2\/media\/57926"}],"wp:attachment":[{"href":"https:\/\/www.miomiorun.com\/de\/wp-json\/wp\/v2\/media?parent=176968"}],"wp:term":[{"taxonomy":"product_brand","embeddable":true,"href":"https:\/\/www.miomiorun.com\/de\/wp-json\/wp\/v2\/product_brand?post=176968"},{"taxonomy":"product_cat","embeddable":true,"href":"https:\/\/www.miomiorun.com\/de\/wp-json\/wp\/v2\/product_cat?post=176968"},{"taxonomy":"product_tag","embeddable":true,"href":"https:\/\/www.miomiorun.com\/de\/wp-json\/wp\/v2\/product_tag?post=176968"}],"curies":[{"name":"wp","href":"https:\/\/api.w.org\/{rel}","templated":true}]}}