{"id":176955,"date":"2022-10-27T10:43:04","date_gmt":"2022-10-27T08:43:04","guid":{"rendered":"https:\/\/miomiorun.com\/prodotto\/reflective-shirt-uomo\/"},"modified":"2024-06-13T19:15:22","modified_gmt":"2024-06-13T17:15:22","slug":"reflective-shirt-herren","status":"publish","type":"product","link":"https:\/\/www.miomiorun.com\/de\/produkt\/reflective-shirt-herren\/","title":{"rendered":"Reflective shirt herren"},"content":{"rendered":"<h2>Ideal, wenn es kalt und dunkel ist<\/h2>\n<p>Mit dem Men&#8217;s Reflective Shirt sind Sie beim Laufen in der Dunkelheit sicherer und gleichzeitig sch\u00fctzt es Sie vor K\u00e4lte und h\u00e4lt Sie angenehm warm.<\/p>\n<h3>Eigenschaften:<\/h3>\n<ul>\n<li>Die <strong>SMART REFLECTIVE Technologie<\/strong> des Allover-Blitzprints sorgt f\u00fcr mehr Sicherheit im Dunkeln dank voller Sichtbarkeit.<\/li>\n<li>Bei kaltem Wetter sch\u00fctzen Sie die hochwertigen Materialien mit hervorragender W\u00e4rme und Klimaregulierung.<\/li>\n<li>Das Fleece-Strickfutter sorgt f\u00fcr angenehme W\u00e4rme, w\u00e4hrend die SMART STRETCH Technologie daf\u00fcr sorgt, dass sich das lang\u00e4rmelige Lauftrikot wie eine zweite Haut anf\u00fchlt.<\/li>\n<\/ul>\n<p><strong>Laufen Sie mit mehr Sichtbarkeit und mehr Sicherheit<\/strong><\/p>\n<p>Ob Sie sich f\u00fcr einen Lauf auf dem Land, in der Stadt oder im Park entscheiden und ob Sie Autos, Radfahrern oder Fu\u00dfg\u00e4ngern begegnen, Sie sind f\u00fcr andere Verkehrsteilnehmer schon von weitem sichtbar, dank des blitzreflektierenden Aufdrucks mit SMART REFLECTIVE-Technologie. Laufen Sie sicher in der D\u00e4mmerung oder bei Nacht.<\/p>\n<p><strong>Enge Passform und Komfort<\/strong><\/p>\n<p>Ein dynamischer Look und ein hervorragender Tragekomfort sind in diesem lang\u00e4rmeligen Lauftrikot f\u00fcr Frauen vereint. Dank des hohen Elasthananteils liegt es eng an. Gleichzeitig sorgt das Fleece-Strickfutter f\u00fcr ein weiches und warmes Tragegef\u00fchl, ideal f\u00fcr L\u00e4ufe in der K\u00e4lte.<\/p>\n<p><strong>Ausgeglichenes Klima dank intelligenter Ausstattung<\/strong><\/p>\n<p>Die w\u00e4rmende Wirkung hochwertiger Funktionsfasern wird mit einer angenehmen Klimaregulierung kombiniert, die Feuchtigkeit im Handumdrehen abtransportiert und eine hervorragende Atmungsaktivit\u00e4t aufweist. Bei intensivem Training sp\u00fcren Sie keinen Hitzestau und k\u00f6nnen ein Gef\u00fchl der Freiheit genie\u00dfen.<\/p>\n<p>&nbsp;<\/p>\n","protected":false},"excerpt":{"rendered":"<ul class=\"selling-points\">\n<li>Die SMART REFLECTIVE Technologie des Allover-Blitz-Prints sorgt f\u00fcr mehr Sicherheit im Dunkeln durch Rundumsichtbarkeit.<\/li>\n<li>Bei kaltem Wetter sch\u00fctzen dich die hochwertigen Materialien mit hervorragender W\u00e4rme und Klimaregulierung.<\/li>\n<li>Das Fleece-Strickfutter sorgt f\u00fcr angenehme W\u00e4rme, w\u00e4hrend die SMART STRETCH Technologie daf\u00fcr sorgt, dass sich das<\/li>\n<li>Langarm-Lauftrikot wie eine zweite Haut anf\u00fchlt.<\/li>\n<\/ul>\n","protected":false},"featured_media":100880,"template":"","meta":{"_acf_changed":false,"inline_featured_image":false},"product_brand":[],"product_cat":[6511,6528,6523],"product_tag":[3408,6212],"class_list":{"0":"post-176955","1":"product","2":"type-product","3":"status-publish","4":"has-post-thumbnail","6":"product_cat-waesche","7":"product_cat-sale-bekleidung-herren-de","8":"product_cat-sale-langarmshirt-herren-de","9":"product_tag-cep-de","10":"product_tag-cep-herren-de","11":"pa_attivita-gehen","12":"pa_attivita-running-de","13":"pa_colore-reflective-shirt-green-de","14":"pa_marca-cep-de","15":"pa_sesso-herren","16":"pa_size-small-de","17":"pa_size-large-de","18":"pa_size-extra-large-de","20":"first","21":"instock","22":"sale","23":"taxable","24":"shipping-taxable","25":"purchasable","26":"product-type-variable","27":"wvs-archive-product-wrapper"},"acf":[],"yoast_head":"<!-- This site is optimized with the Yoast SEO plugin v26.8 - https:\/\/yoast.com\/product\/yoast-seo-wordpress\/ -->\n<title>CepReflective shirt herren - Thermo-Unterw\u00e4sche - MioMioRun.com<\/title>\n<meta name=\"description\" content=\"Ideal bei K\u00e4lte und DunkelheitMit dem Reflective Shirt f\u00fcr M\u00e4nner sind Sie beim Laufen im Dunkeln sicherer und gleichzeitig vor K\u00e4lte gesch\u00fctzt\" \/>\n<meta name=\"robots\" content=\"index, follow, max-snippet:-1, max-image-preview:large, max-video-preview:-1\" \/>\n<link rel=\"canonical\" href=\"https:\/\/www.miomiorun.com\/de\/produkt\/reflective-shirt-herren\/\" \/>\n<meta property=\"og:locale\" content=\"de_DE\" \/>\n<meta property=\"og:type\" content=\"article\" \/>\n<meta property=\"og:title\" content=\"CepReflective shirt herren - Thermo-Unterw\u00e4sche - MioMioRun.com\" \/>\n<meta property=\"og:description\" content=\"Ideal bei K\u00e4lte und DunkelheitMit dem Reflective Shirt f\u00fcr M\u00e4nner sind Sie beim Laufen im Dunkeln sicherer und gleichzeitig vor K\u00e4lte gesch\u00fctzt\" \/>\n<meta property=\"og:url\" content=\"https:\/\/www.miomiorun.com\/de\/produkt\/reflective-shirt-herren\/\" \/>\n<meta property=\"og:site_name\" content=\"MioMioRun\" \/>\n<meta property=\"article:publisher\" content=\"https:\/\/www.facebook.com\/miomiorun\/\" \/>\n<meta property=\"article:modified_time\" content=\"2024-06-13T17:15:22+00:00\" \/>\n<meta property=\"og:image\" content=\"https:\/\/www.miomiorun.com\/app\/uploads\/2022\/12\/cep-reflective-shirt-green-W213DN.jpg\" \/>\n\t<meta property=\"og:image:width\" content=\"600\" \/>\n\t<meta property=\"og:image:height\" content=\"600\" \/>\n\t<meta property=\"og:image:type\" content=\"image\/jpeg\" \/>\n<meta name=\"twitter:card\" content=\"summary_large_image\" \/>\n<meta name=\"twitter:label1\" content=\"Est. reading time\" \/>\n\t<meta name=\"twitter:data1\" content=\"1 minute\" \/>\n<script type=\"application\/ld+json\" class=\"yoast-schema-graph\">{\"@context\":\"https:\/\/schema.org\",\"@graph\":[{\"@type\":\"WebPage\",\"@id\":\"https:\/\/www.miomiorun.com\/de\/produkt\/reflective-shirt-herren\/\",\"url\":\"https:\/\/www.miomiorun.com\/de\/produkt\/reflective-shirt-herren\/\",\"name\":\"CepReflective shirt herren - Thermo-Unterw\u00e4sche - MioMioRun.com\",\"isPartOf\":{\"@id\":\"https:\/\/www.miomiorun.com\/de\/#website\"},\"primaryImageOfPage\":{\"@id\":\"https:\/\/www.miomiorun.com\/de\/produkt\/reflective-shirt-herren\/#primaryimage\"},\"image\":{\"@id\":\"https:\/\/www.miomiorun.com\/de\/produkt\/reflective-shirt-herren\/#primaryimage\"},\"thumbnailUrl\":\"https:\/\/www.miomiorun.com\/app\/uploads\/2022\/12\/cep-reflective-shirt-green-W213DN.jpg\",\"datePublished\":\"2022-10-27T08:43:04+00:00\",\"dateModified\":\"2024-06-13T17:15:22+00:00\",\"description\":\"Ideal bei K\u00e4lte und DunkelheitMit dem Reflective Shirt f\u00fcr M\u00e4nner sind Sie beim Laufen im Dunkeln sicherer und gleichzeitig vor K\u00e4lte gesch\u00fctzt\",\"breadcrumb\":{\"@id\":\"https:\/\/www.miomiorun.com\/de\/produkt\/reflective-shirt-herren\/#breadcrumb\"},\"inLanguage\":\"de-DE\",\"potentialAction\":[{\"@type\":\"ReadAction\",\"target\":[\"https:\/\/www.miomiorun.com\/de\/produkt\/reflective-shirt-herren\/\"]}]},{\"@type\":\"ImageObject\",\"inLanguage\":\"de-DE\",\"@id\":\"https:\/\/www.miomiorun.com\/de\/produkt\/reflective-shirt-herren\/#primaryimage\",\"url\":\"https:\/\/www.miomiorun.com\/app\/uploads\/2022\/12\/cep-reflective-shirt-green-W213DN.jpg\",\"contentUrl\":\"https:\/\/www.miomiorun.com\/app\/uploads\/2022\/12\/cep-reflective-shirt-green-W213DN.jpg\",\"width\":600,\"height\":600,\"caption\":\"cep-reflective-shirt-green-W213DN\"},{\"@type\":\"BreadcrumbList\",\"@id\":\"https:\/\/www.miomiorun.com\/de\/produkt\/reflective-shirt-herren\/#breadcrumb\",\"itemListElement\":[{\"@type\":\"ListItem\",\"position\":1,\"name\":\"Home\",\"item\":\"https:\/\/www.miomiorun.com\/de\/\"},{\"@type\":\"ListItem\",\"position\":2,\"name\":\"Shop\",\"item\":\"https:\/\/www.miomiorun.com\/shop\/\"},{\"@type\":\"ListItem\",\"position\":3,\"name\":\"Reflective shirt herren\"}]},{\"@type\":\"WebSite\",\"@id\":\"https:\/\/www.miomiorun.com\/de\/#website\",\"url\":\"https:\/\/www.miomiorun.com\/de\/\",\"name\":\"MioMioRun\",\"description\":\"100% Lauf- und Trailshop\",\"publisher\":{\"@id\":\"https:\/\/www.miomiorun.com\/de\/#organization\"},\"potentialAction\":[{\"@type\":\"SearchAction\",\"target\":{\"@type\":\"EntryPoint\",\"urlTemplate\":\"https:\/\/www.miomiorun.com\/de\/?s={search_term_string}\"},\"query-input\":{\"@type\":\"PropertyValueSpecification\",\"valueRequired\":true,\"valueName\":\"search_term_string\"}}],\"inLanguage\":\"de-DE\"},{\"@type\":\"Organization\",\"@id\":\"https:\/\/www.miomiorun.com\/de\/#organization\",\"name\":\"MioMio Run\",\"url\":\"https:\/\/www.miomiorun.com\/de\/\",\"logo\":{\"@type\":\"ImageObject\",\"inLanguage\":\"de-DE\",\"@id\":\"https:\/\/www.miomiorun.com\/de\/#\/schema\/logo\/image\/\",\"url\":\"https:\/\/www.miomiorun.com\/app\/uploads\/2019\/12\/logomio.png\",\"contentUrl\":\"https:\/\/www.miomiorun.com\/app\/uploads\/2019\/12\/logomio.png\",\"width\":115,\"height\":82,\"caption\":\"MioMio Run\"},\"image\":{\"@id\":\"https:\/\/www.miomiorun.com\/de\/#\/schema\/logo\/image\/\"},\"sameAs\":[\"https:\/\/www.facebook.com\/miomiorun\/\",\"https:\/\/www.instagram.com\/miomiorun\/\"]}]}<\/script>\n<!-- \/ Yoast SEO plugin. -->","yoast_head_json":{"title":"CepReflective shirt herren - Thermo-Unterw\u00e4sche - MioMioRun.com","description":"Ideal bei K\u00e4lte und DunkelheitMit dem Reflective Shirt f\u00fcr M\u00e4nner sind Sie beim Laufen im Dunkeln sicherer und gleichzeitig vor K\u00e4lte gesch\u00fctzt","robots":{"index":"index","follow":"follow","max-snippet":"max-snippet:-1","max-image-preview":"max-image-preview:large","max-video-preview":"max-video-preview:-1"},"canonical":"https:\/\/www.miomiorun.com\/de\/produkt\/reflective-shirt-herren\/","og_locale":"de_DE","og_type":"article","og_title":"CepReflective shirt herren - Thermo-Unterw\u00e4sche - MioMioRun.com","og_description":"Ideal bei K\u00e4lte und DunkelheitMit dem Reflective Shirt f\u00fcr M\u00e4nner sind Sie beim Laufen im Dunkeln sicherer und gleichzeitig vor K\u00e4lte gesch\u00fctzt","og_url":"https:\/\/www.miomiorun.com\/de\/produkt\/reflective-shirt-herren\/","og_site_name":"MioMioRun","article_publisher":"https:\/\/www.facebook.com\/miomiorun\/","article_modified_time":"2024-06-13T17:15:22+00:00","og_image":[{"width":600,"height":600,"url":"https:\/\/www.miomiorun.com\/app\/uploads\/2022\/12\/cep-reflective-shirt-green-W213DN.jpg","type":"image\/jpeg"}],"twitter_card":"summary_large_image","twitter_misc":{"Est. reading time":"1 minute"},"schema":{"@context":"https:\/\/schema.org","@graph":[{"@type":"WebPage","@id":"https:\/\/www.miomiorun.com\/de\/produkt\/reflective-shirt-herren\/","url":"https:\/\/www.miomiorun.com\/de\/produkt\/reflective-shirt-herren\/","name":"CepReflective shirt herren - Thermo-Unterw\u00e4sche - MioMioRun.com","isPartOf":{"@id":"https:\/\/www.miomiorun.com\/de\/#website"},"primaryImageOfPage":{"@id":"https:\/\/www.miomiorun.com\/de\/produkt\/reflective-shirt-herren\/#primaryimage"},"image":{"@id":"https:\/\/www.miomiorun.com\/de\/produkt\/reflective-shirt-herren\/#primaryimage"},"thumbnailUrl":"https:\/\/www.miomiorun.com\/app\/uploads\/2022\/12\/cep-reflective-shirt-green-W213DN.jpg","datePublished":"2022-10-27T08:43:04+00:00","dateModified":"2024-06-13T17:15:22+00:00","description":"Ideal bei K\u00e4lte und DunkelheitMit dem Reflective Shirt f\u00fcr M\u00e4nner sind Sie beim Laufen im Dunkeln sicherer und gleichzeitig vor K\u00e4lte gesch\u00fctzt","breadcrumb":{"@id":"https:\/\/www.miomiorun.com\/de\/produkt\/reflective-shirt-herren\/#breadcrumb"},"inLanguage":"de-DE","potentialAction":[{"@type":"ReadAction","target":["https:\/\/www.miomiorun.com\/de\/produkt\/reflective-shirt-herren\/"]}]},{"@type":"ImageObject","inLanguage":"de-DE","@id":"https:\/\/www.miomiorun.com\/de\/produkt\/reflective-shirt-herren\/#primaryimage","url":"https:\/\/www.miomiorun.com\/app\/uploads\/2022\/12\/cep-reflective-shirt-green-W213DN.jpg","contentUrl":"https:\/\/www.miomiorun.com\/app\/uploads\/2022\/12\/cep-reflective-shirt-green-W213DN.jpg","width":600,"height":600,"caption":"cep-reflective-shirt-green-W213DN"},{"@type":"BreadcrumbList","@id":"https:\/\/www.miomiorun.com\/de\/produkt\/reflective-shirt-herren\/#breadcrumb","itemListElement":[{"@type":"ListItem","position":1,"name":"Home","item":"https:\/\/www.miomiorun.com\/de\/"},{"@type":"ListItem","position":2,"name":"Shop","item":"https:\/\/www.miomiorun.com\/shop\/"},{"@type":"ListItem","position":3,"name":"Reflective shirt herren"}]},{"@type":"WebSite","@id":"https:\/\/www.miomiorun.com\/de\/#website","url":"https:\/\/www.miomiorun.com\/de\/","name":"MioMioRun","description":"100% Lauf- und Trailshop","publisher":{"@id":"https:\/\/www.miomiorun.com\/de\/#organization"},"potentialAction":[{"@type":"SearchAction","target":{"@type":"EntryPoint","urlTemplate":"https:\/\/www.miomiorun.com\/de\/?s={search_term_string}"},"query-input":{"@type":"PropertyValueSpecification","valueRequired":true,"valueName":"search_term_string"}}],"inLanguage":"de-DE"},{"@type":"Organization","@id":"https:\/\/www.miomiorun.com\/de\/#organization","name":"MioMio Run","url":"https:\/\/www.miomiorun.com\/de\/","logo":{"@type":"ImageObject","inLanguage":"de-DE","@id":"https:\/\/www.miomiorun.com\/de\/#\/schema\/logo\/image\/","url":"https:\/\/www.miomiorun.com\/app\/uploads\/2019\/12\/logomio.png","contentUrl":"https:\/\/www.miomiorun.com\/app\/uploads\/2019\/12\/logomio.png","width":115,"height":82,"caption":"MioMio Run"},"image":{"@id":"https:\/\/www.miomiorun.com\/de\/#\/schema\/logo\/image\/"},"sameAs":["https:\/\/www.facebook.com\/miomiorun\/","https:\/\/www.instagram.com\/miomiorun\/"]}]}},"_links":{"self":[{"href":"https:\/\/www.miomiorun.com\/de\/wp-json\/wp\/v2\/product\/176955","targetHints":{"allow":["GET"]}}],"collection":[{"href":"https:\/\/www.miomiorun.com\/de\/wp-json\/wp\/v2\/product"}],"about":[{"href":"https:\/\/www.miomiorun.com\/de\/wp-json\/wp\/v2\/types\/product"}],"wp:featuredmedia":[{"embeddable":true,"href":"https:\/\/www.miomiorun.com\/de\/wp-json\/wp\/v2\/media\/100880"}],"wp:attachment":[{"href":"https:\/\/www.miomiorun.com\/de\/wp-json\/wp\/v2\/media?parent=176955"}],"wp:term":[{"taxonomy":"product_brand","embeddable":true,"href":"https:\/\/www.miomiorun.com\/de\/wp-json\/wp\/v2\/product_brand?post=176955"},{"taxonomy":"product_cat","embeddable":true,"href":"https:\/\/www.miomiorun.com\/de\/wp-json\/wp\/v2\/product_cat?post=176955"},{"taxonomy":"product_tag","embeddable":true,"href":"https:\/\/www.miomiorun.com\/de\/wp-json\/wp\/v2\/product_tag?post=176955"}],"curies":[{"name":"wp","href":"https:\/\/api.w.org\/{rel}","templated":true}]}}