{"id":176940,"date":"2023-10-27T16:56:34","date_gmt":"2023-10-27T14:56:34","guid":{"rendered":"https:\/\/miomiorun.com\/prodotto\/adv-subz-ls-2-uomo\/"},"modified":"2024-06-11T17:40:03","modified_gmt":"2024-06-11T15:40:03","slug":"adv-subz-ls-2-herren","status":"publish","type":"product","link":"https:\/\/www.miomiorun.com\/de\/produkt\/adv-subz-ls-2-herren\/","title":{"rendered":"ADV SubZ LS 2 herren"},"content":{"rendered":"<p>Das<strong> ADV SubZ LS 2<\/strong> f\u00fcr Herren ist ein Trikot mit Klimazonen f\u00fcr optimale Thermoregulation. Das Trikot hat eine sportartspezifische 3D-Passform f\u00fcr maximalen Komfort. Das verwendete Garn ist leicht und w\u00e4rmend f\u00fcr eine optimale W\u00e4rmeregulierung.<\/p>\n<p><strong>Eigenschaften:<\/strong><\/p>\n<ul>\n<li>Trikot mit Rollkragen.<\/li>\n<li>Sportartspezifische 3D-Strickpassform f\u00fcr maximalen Komfort.<\/li>\n<li>Leichtes, w\u00e4rmendes Garn f\u00fcr optimale W\u00e4rmeregulierung.<\/li>\n<li>Nahtloser Torso.<\/li>\n<li>Daumenl\u00f6cher.<\/li>\n<\/ul>\n<p>&nbsp;<\/p>\n<p>&nbsp;<\/p>\n<p>&nbsp;<\/p>\n","protected":false},"excerpt":{"rendered":"<ul>\n<li class=\"product-features__list-item\">Hoher Hals<\/li>\n<li class=\"product-features__list-item\">Daumenl\u00f6cher<\/li>\n<li class=\"product-features__list-item\">Mesh-Eins\u00e4tze<\/li>\n<\/ul>\n","protected":false},"featured_media":148458,"template":"","meta":{"_acf_changed":false,"inline_featured_image":false},"product_brand":[],"product_cat":[6540,6541],"product_tag":[6304,6234],"class_list":{"0":"post-176940","1":"product","2":"type-product","3":"status-publish","4":"has-post-thumbnail","6":"product_cat-herrenbekleidung","7":"product_cat-langarmshirt","8":"product_tag-craft-de","9":"product_tag-craft-herren-de","10":"pa_attivita-gehen","11":"pa_attivita-running-de","12":"pa_colore-adv-subz-ls-2-flow-de","13":"pa_colore-adv-subz-ls-2-tofu-de","14":"pa_marca-craft-de","15":"pa_sesso-herren","16":"pa_size-small-de","17":"pa_size-large-de","18":"pa_size-extra-large-de","20":"first","21":"instock","22":"sale","23":"taxable","24":"shipping-taxable","25":"purchasable","26":"product-type-variable","27":"wvs-archive-product-wrapper"},"acf":[],"yoast_head":"<!-- This site is optimized with the Yoast SEO plugin v26.8 - https:\/\/yoast.com\/product\/yoast-seo-wordpress\/ -->\n<title>CraftADV SubZ LS 2 herren - Lauftrikot - MioMioRun<\/title>\n<meta name=\"description\" content=\"Das ADV SubZ LS 2 f\u00fcr Damen ist ein Bodymapping-Trikot mit Klimazonen f\u00fcr optimale Thermoregulierung. Das Trikot hat eine 3D-Passform\" \/>\n<meta name=\"robots\" content=\"index, follow, max-snippet:-1, max-image-preview:large, max-video-preview:-1\" \/>\n<link rel=\"canonical\" href=\"https:\/\/www.miomiorun.com\/de\/produkt\/adv-subz-ls-2-herren\/\" \/>\n<meta property=\"og:locale\" content=\"de_DE\" \/>\n<meta property=\"og:type\" content=\"article\" \/>\n<meta property=\"og:title\" content=\"CraftADV SubZ LS 2 herren - Lauftrikot - MioMioRun\" \/>\n<meta property=\"og:description\" content=\"Das ADV SubZ LS 2 f\u00fcr Damen ist ein Bodymapping-Trikot mit Klimazonen f\u00fcr optimale Thermoregulierung. Das Trikot hat eine 3D-Passform\" \/>\n<meta property=\"og:url\" content=\"https:\/\/www.miomiorun.com\/de\/produkt\/adv-subz-ls-2-herren\/\" \/>\n<meta property=\"og:site_name\" content=\"MioMioRun\" \/>\n<meta property=\"article:publisher\" content=\"https:\/\/www.facebook.com\/miomiorun\/\" \/>\n<meta property=\"article:modified_time\" content=\"2024-06-11T15:40:03+00:00\" \/>\n<meta property=\"og:image\" content=\"https:\/\/www.miomiorun.com\/app\/uploads\/2023\/11\/craft-ADV-subz-LS-2-flow-1913616-362000.jpg\" \/>\n\t<meta property=\"og:image:width\" content=\"600\" \/>\n\t<meta property=\"og:image:height\" content=\"600\" \/>\n\t<meta property=\"og:image:type\" content=\"image\/jpeg\" \/>\n<meta name=\"twitter:card\" content=\"summary_large_image\" \/>\n<script type=\"application\/ld+json\" class=\"yoast-schema-graph\">{\"@context\":\"https:\/\/schema.org\",\"@graph\":[{\"@type\":\"WebPage\",\"@id\":\"https:\/\/www.miomiorun.com\/de\/produkt\/adv-subz-ls-2-herren\/\",\"url\":\"https:\/\/www.miomiorun.com\/de\/produkt\/adv-subz-ls-2-herren\/\",\"name\":\"CraftADV SubZ LS 2 herren - Lauftrikot - MioMioRun\",\"isPartOf\":{\"@id\":\"https:\/\/www.miomiorun.com\/de\/#website\"},\"primaryImageOfPage\":{\"@id\":\"https:\/\/www.miomiorun.com\/de\/produkt\/adv-subz-ls-2-herren\/#primaryimage\"},\"image\":{\"@id\":\"https:\/\/www.miomiorun.com\/de\/produkt\/adv-subz-ls-2-herren\/#primaryimage\"},\"thumbnailUrl\":\"https:\/\/www.miomiorun.com\/app\/uploads\/2023\/11\/craft-ADV-subz-LS-2-flow-1913616-362000.jpg\",\"datePublished\":\"2023-10-27T14:56:34+00:00\",\"dateModified\":\"2024-06-11T15:40:03+00:00\",\"description\":\"Das ADV SubZ LS 2 f\u00fcr Damen ist ein Bodymapping-Trikot mit Klimazonen f\u00fcr optimale Thermoregulierung. Das Trikot hat eine 3D-Passform\",\"breadcrumb\":{\"@id\":\"https:\/\/www.miomiorun.com\/de\/produkt\/adv-subz-ls-2-herren\/#breadcrumb\"},\"inLanguage\":\"de-DE\",\"potentialAction\":[{\"@type\":\"ReadAction\",\"target\":[\"https:\/\/www.miomiorun.com\/de\/produkt\/adv-subz-ls-2-herren\/\"]}]},{\"@type\":\"ImageObject\",\"inLanguage\":\"de-DE\",\"@id\":\"https:\/\/www.miomiorun.com\/de\/produkt\/adv-subz-ls-2-herren\/#primaryimage\",\"url\":\"https:\/\/www.miomiorun.com\/app\/uploads\/2023\/11\/craft-ADV-subz-LS-2-flow-1913616-362000.jpg\",\"contentUrl\":\"https:\/\/www.miomiorun.com\/app\/uploads\/2023\/11\/craft-ADV-subz-LS-2-flow-1913616-362000.jpg\",\"width\":600,\"height\":600,\"caption\":\"craft-ADV-subz-LS-2-flow-1913616-362000\"},{\"@type\":\"BreadcrumbList\",\"@id\":\"https:\/\/www.miomiorun.com\/de\/produkt\/adv-subz-ls-2-herren\/#breadcrumb\",\"itemListElement\":[{\"@type\":\"ListItem\",\"position\":1,\"name\":\"Home\",\"item\":\"https:\/\/www.miomiorun.com\/de\/\"},{\"@type\":\"ListItem\",\"position\":2,\"name\":\"Shop\",\"item\":\"https:\/\/www.miomiorun.com\/shop\/\"},{\"@type\":\"ListItem\",\"position\":3,\"name\":\"ADV SubZ LS 2 herren\"}]},{\"@type\":\"WebSite\",\"@id\":\"https:\/\/www.miomiorun.com\/de\/#website\",\"url\":\"https:\/\/www.miomiorun.com\/de\/\",\"name\":\"MioMioRun\",\"description\":\"100% Lauf- und Trailshop\",\"publisher\":{\"@id\":\"https:\/\/www.miomiorun.com\/de\/#organization\"},\"potentialAction\":[{\"@type\":\"SearchAction\",\"target\":{\"@type\":\"EntryPoint\",\"urlTemplate\":\"https:\/\/www.miomiorun.com\/de\/?s={search_term_string}\"},\"query-input\":{\"@type\":\"PropertyValueSpecification\",\"valueRequired\":true,\"valueName\":\"search_term_string\"}}],\"inLanguage\":\"de-DE\"},{\"@type\":\"Organization\",\"@id\":\"https:\/\/www.miomiorun.com\/de\/#organization\",\"name\":\"MioMio Run\",\"url\":\"https:\/\/www.miomiorun.com\/de\/\",\"logo\":{\"@type\":\"ImageObject\",\"inLanguage\":\"de-DE\",\"@id\":\"https:\/\/www.miomiorun.com\/de\/#\/schema\/logo\/image\/\",\"url\":\"https:\/\/www.miomiorun.com\/app\/uploads\/2019\/12\/logomio.png\",\"contentUrl\":\"https:\/\/www.miomiorun.com\/app\/uploads\/2019\/12\/logomio.png\",\"width\":115,\"height\":82,\"caption\":\"MioMio Run\"},\"image\":{\"@id\":\"https:\/\/www.miomiorun.com\/de\/#\/schema\/logo\/image\/\"},\"sameAs\":[\"https:\/\/www.facebook.com\/miomiorun\/\",\"https:\/\/www.instagram.com\/miomiorun\/\"]}]}<\/script>\n<!-- \/ Yoast SEO plugin. -->","yoast_head_json":{"title":"CraftADV SubZ LS 2 herren - Lauftrikot - MioMioRun","description":"Das ADV SubZ LS 2 f\u00fcr Damen ist ein Bodymapping-Trikot mit Klimazonen f\u00fcr optimale Thermoregulierung. Das Trikot hat eine 3D-Passform","robots":{"index":"index","follow":"follow","max-snippet":"max-snippet:-1","max-image-preview":"max-image-preview:large","max-video-preview":"max-video-preview:-1"},"canonical":"https:\/\/www.miomiorun.com\/de\/produkt\/adv-subz-ls-2-herren\/","og_locale":"de_DE","og_type":"article","og_title":"CraftADV SubZ LS 2 herren - Lauftrikot - MioMioRun","og_description":"Das ADV SubZ LS 2 f\u00fcr Damen ist ein Bodymapping-Trikot mit Klimazonen f\u00fcr optimale Thermoregulierung. Das Trikot hat eine 3D-Passform","og_url":"https:\/\/www.miomiorun.com\/de\/produkt\/adv-subz-ls-2-herren\/","og_site_name":"MioMioRun","article_publisher":"https:\/\/www.facebook.com\/miomiorun\/","article_modified_time":"2024-06-11T15:40:03+00:00","og_image":[{"width":600,"height":600,"url":"https:\/\/www.miomiorun.com\/app\/uploads\/2023\/11\/craft-ADV-subz-LS-2-flow-1913616-362000.jpg","type":"image\/jpeg"}],"twitter_card":"summary_large_image","schema":{"@context":"https:\/\/schema.org","@graph":[{"@type":"WebPage","@id":"https:\/\/www.miomiorun.com\/de\/produkt\/adv-subz-ls-2-herren\/","url":"https:\/\/www.miomiorun.com\/de\/produkt\/adv-subz-ls-2-herren\/","name":"CraftADV SubZ LS 2 herren - Lauftrikot - MioMioRun","isPartOf":{"@id":"https:\/\/www.miomiorun.com\/de\/#website"},"primaryImageOfPage":{"@id":"https:\/\/www.miomiorun.com\/de\/produkt\/adv-subz-ls-2-herren\/#primaryimage"},"image":{"@id":"https:\/\/www.miomiorun.com\/de\/produkt\/adv-subz-ls-2-herren\/#primaryimage"},"thumbnailUrl":"https:\/\/www.miomiorun.com\/app\/uploads\/2023\/11\/craft-ADV-subz-LS-2-flow-1913616-362000.jpg","datePublished":"2023-10-27T14:56:34+00:00","dateModified":"2024-06-11T15:40:03+00:00","description":"Das ADV SubZ LS 2 f\u00fcr Damen ist ein Bodymapping-Trikot mit Klimazonen f\u00fcr optimale Thermoregulierung. Das Trikot hat eine 3D-Passform","breadcrumb":{"@id":"https:\/\/www.miomiorun.com\/de\/produkt\/adv-subz-ls-2-herren\/#breadcrumb"},"inLanguage":"de-DE","potentialAction":[{"@type":"ReadAction","target":["https:\/\/www.miomiorun.com\/de\/produkt\/adv-subz-ls-2-herren\/"]}]},{"@type":"ImageObject","inLanguage":"de-DE","@id":"https:\/\/www.miomiorun.com\/de\/produkt\/adv-subz-ls-2-herren\/#primaryimage","url":"https:\/\/www.miomiorun.com\/app\/uploads\/2023\/11\/craft-ADV-subz-LS-2-flow-1913616-362000.jpg","contentUrl":"https:\/\/www.miomiorun.com\/app\/uploads\/2023\/11\/craft-ADV-subz-LS-2-flow-1913616-362000.jpg","width":600,"height":600,"caption":"craft-ADV-subz-LS-2-flow-1913616-362000"},{"@type":"BreadcrumbList","@id":"https:\/\/www.miomiorun.com\/de\/produkt\/adv-subz-ls-2-herren\/#breadcrumb","itemListElement":[{"@type":"ListItem","position":1,"name":"Home","item":"https:\/\/www.miomiorun.com\/de\/"},{"@type":"ListItem","position":2,"name":"Shop","item":"https:\/\/www.miomiorun.com\/shop\/"},{"@type":"ListItem","position":3,"name":"ADV SubZ LS 2 herren"}]},{"@type":"WebSite","@id":"https:\/\/www.miomiorun.com\/de\/#website","url":"https:\/\/www.miomiorun.com\/de\/","name":"MioMioRun","description":"100% Lauf- und Trailshop","publisher":{"@id":"https:\/\/www.miomiorun.com\/de\/#organization"},"potentialAction":[{"@type":"SearchAction","target":{"@type":"EntryPoint","urlTemplate":"https:\/\/www.miomiorun.com\/de\/?s={search_term_string}"},"query-input":{"@type":"PropertyValueSpecification","valueRequired":true,"valueName":"search_term_string"}}],"inLanguage":"de-DE"},{"@type":"Organization","@id":"https:\/\/www.miomiorun.com\/de\/#organization","name":"MioMio Run","url":"https:\/\/www.miomiorun.com\/de\/","logo":{"@type":"ImageObject","inLanguage":"de-DE","@id":"https:\/\/www.miomiorun.com\/de\/#\/schema\/logo\/image\/","url":"https:\/\/www.miomiorun.com\/app\/uploads\/2019\/12\/logomio.png","contentUrl":"https:\/\/www.miomiorun.com\/app\/uploads\/2019\/12\/logomio.png","width":115,"height":82,"caption":"MioMio Run"},"image":{"@id":"https:\/\/www.miomiorun.com\/de\/#\/schema\/logo\/image\/"},"sameAs":["https:\/\/www.facebook.com\/miomiorun\/","https:\/\/www.instagram.com\/miomiorun\/"]}]}},"_links":{"self":[{"href":"https:\/\/www.miomiorun.com\/de\/wp-json\/wp\/v2\/product\/176940","targetHints":{"allow":["GET"]}}],"collection":[{"href":"https:\/\/www.miomiorun.com\/de\/wp-json\/wp\/v2\/product"}],"about":[{"href":"https:\/\/www.miomiorun.com\/de\/wp-json\/wp\/v2\/types\/product"}],"wp:featuredmedia":[{"embeddable":true,"href":"https:\/\/www.miomiorun.com\/de\/wp-json\/wp\/v2\/media\/148458"}],"wp:attachment":[{"href":"https:\/\/www.miomiorun.com\/de\/wp-json\/wp\/v2\/media?parent=176940"}],"wp:term":[{"taxonomy":"product_brand","embeddable":true,"href":"https:\/\/www.miomiorun.com\/de\/wp-json\/wp\/v2\/product_brand?post=176940"},{"taxonomy":"product_cat","embeddable":true,"href":"https:\/\/www.miomiorun.com\/de\/wp-json\/wp\/v2\/product_cat?post=176940"},{"taxonomy":"product_tag","embeddable":true,"href":"https:\/\/www.miomiorun.com\/de\/wp-json\/wp\/v2\/product_tag?post=176940"}],"curies":[{"name":"wp","href":"https:\/\/api.w.org\/{rel}","templated":true}]}}