{"id":176936,"date":"2023-12-15T16:46:43","date_gmt":"2023-12-15T15:46:43","guid":{"rendered":"https:\/\/miomiorun.com\/prodotto\/soundtrack-maglia-uomo\/"},"modified":"2024-06-11T19:05:37","modified_gmt":"2024-06-11T17:05:37","slug":"soundtrack-maglia-herren","status":"publish","type":"product","link":"https:\/\/www.miomiorun.com\/de\/produkt\/soundtrack-maglia-herren\/","title":{"rendered":"Soundtrack Maglia herren"},"content":{"rendered":"<div class=\"product-attribute product-attribute-passion\">\n<p>Men&#8217;s <strong>Soundtrack ist ein Trikot<\/strong>, das auch als Jacke verwendet werden kann, aus hoch atmungsaktivem, UV-gesch\u00fctztem Power-Stretch-Fleece-Gewebe auf der R\u00fcckseite, ein ideales Kleidungsst\u00fcck f\u00fcr verschiedene Outdoor- und Freizeitaktivit\u00e4ten.<\/p>\n<p><strong>Eigenschaften:<\/strong><\/p>\n<p>&#8211; Offenes Herrentrikot mit Kapuze<br \/>\n&#8211; Hoch atmungsaktives, UV-gesch\u00fctztes Power-Stretch-Fleece-Gewebe mit r\u00fcckseitiger Gaze<br \/>\n&#8211; Vorderseite mittig mit Rei\u00dfverschluss, offene Handtaschen<br \/>\n&#8211; Ideales Kleidungsst\u00fcck f\u00fcr Aerobic, Outdoor- und Freizeitaktivit\u00e4ten<\/p>\n<p><strong>Gewicht:<\/strong> 0,67 kg<\/p>\n<p>&nbsp;<\/p>\n<div class=\"product-attribute-passion\"><img decoding=\"async\" src=\"https:\/\/www.montura.it\/media\/amasty\/shopby\/option_images\/slider\/ICM94.svg\" alt=\"ICM94\" \/><\/div>\n<div class=\"product-info-main\">\n<div class=\"product-attribute product-attribute-passion\">\n<h3 class=\"attribute-label\"><img decoding=\"async\" src=\"https:\/\/www.montura.it\/media\/amasty\/shopby\/option_images\/slider\/climate.svg\" alt=\"Freddo\" \/> <img decoding=\"async\" src=\"https:\/\/www.montura.it\/media\/amasty\/shopby\/option_images\/slider\/breathable_1.svg\" alt=\"breathable\" \/><\/h3>\n<\/div>\n<\/div>\n<\/div>\n","protected":false},"excerpt":{"rendered":"<ul>\n<li>Wintertrikot f\u00fcr Outdoor-Aktivit\u00e4ten<\/li>\n<\/ul>\n","protected":false},"featured_media":152215,"template":"","meta":{"_acf_changed":false,"inline_featured_image":false},"product_brand":[],"product_cat":[6515,6540,6541],"product_tag":[3379,6270],"class_list":{"0":"post-176936","1":"product","2":"type-product","3":"status-publish","4":"has-post-thumbnail","6":"product_cat-herren-de","7":"product_cat-herrenbekleidung","8":"product_cat-langarmshirt","9":"product_tag-montura-de","10":"product_tag-montura-herren-de","11":"pa_attivita-gehen","12":"pa_attivita-outdoor-de","13":"pa_colore-soundtrack-maglia-deep-blue-de","14":"pa_marca-montura-de","15":"pa_sesso-herren","16":"pa_size-small-de","17":"pa_size-medium-de","18":"pa_size-large-de","20":"first","21":"instock","22":"taxable","23":"shipping-taxable","24":"purchasable","25":"product-type-variable","26":"wvs-archive-product-wrapper"},"acf":[],"yoast_head":"<!-- This site is optimized with the Yoast SEO plugin v26.8 - https:\/\/yoast.com\/product\/yoast-seo-wordpress\/ -->\n<title>Montura Soundtrack Maglia herren - Winter-Trikot - MioMioRun<\/title>\n<meta name=\"description\" content=\"Soundtrack f\u00fcr M\u00e4nner ist ein Trikot, das auch als Jacke verwendet werden kann, aus Power-Stretch-Fleece mit einer hoch atmungsaktiven, gazeartigen R\u00fcckseite\" \/>\n<meta name=\"robots\" content=\"index, follow, max-snippet:-1, max-image-preview:large, max-video-preview:-1\" \/>\n<link rel=\"canonical\" href=\"https:\/\/www.miomiorun.com\/de\/produkt\/soundtrack-maglia-herren\/\" \/>\n<meta property=\"og:locale\" content=\"de_DE\" \/>\n<meta property=\"og:type\" content=\"article\" \/>\n<meta property=\"og:title\" content=\"Montura Soundtrack Maglia herren - Winter-Trikot - MioMioRun\" \/>\n<meta property=\"og:description\" content=\"Soundtrack f\u00fcr M\u00e4nner ist ein Trikot, das auch als Jacke verwendet werden kann, aus Power-Stretch-Fleece mit einer hoch atmungsaktiven, gazeartigen R\u00fcckseite\" \/>\n<meta property=\"og:url\" content=\"https:\/\/www.miomiorun.com\/de\/produkt\/soundtrack-maglia-herren\/\" \/>\n<meta property=\"og:site_name\" content=\"MioMioRun\" \/>\n<meta property=\"article:publisher\" content=\"https:\/\/www.facebook.com\/miomiorun\/\" \/>\n<meta property=\"article:modified_time\" content=\"2024-06-11T17:05:37+00:00\" \/>\n<meta property=\"og:image\" content=\"https:\/\/www.miomiorun.com\/app\/uploads\/2023\/12\/montura-soundtrack-maglia-deep-blue-MMAP24X.87.jpg\" \/>\n\t<meta property=\"og:image:width\" content=\"600\" \/>\n\t<meta property=\"og:image:height\" content=\"600\" \/>\n\t<meta property=\"og:image:type\" content=\"image\/jpeg\" \/>\n<meta name=\"twitter:card\" content=\"summary_large_image\" \/>\n<script type=\"application\/ld+json\" class=\"yoast-schema-graph\">{\"@context\":\"https:\/\/schema.org\",\"@graph\":[{\"@type\":\"WebPage\",\"@id\":\"https:\/\/www.miomiorun.com\/de\/produkt\/soundtrack-maglia-herren\/\",\"url\":\"https:\/\/www.miomiorun.com\/de\/produkt\/soundtrack-maglia-herren\/\",\"name\":\"Montura Soundtrack Maglia herren - Winter-Trikot - MioMioRun\",\"isPartOf\":{\"@id\":\"https:\/\/www.miomiorun.com\/de\/#website\"},\"primaryImageOfPage\":{\"@id\":\"https:\/\/www.miomiorun.com\/de\/produkt\/soundtrack-maglia-herren\/#primaryimage\"},\"image\":{\"@id\":\"https:\/\/www.miomiorun.com\/de\/produkt\/soundtrack-maglia-herren\/#primaryimage\"},\"thumbnailUrl\":\"https:\/\/www.miomiorun.com\/app\/uploads\/2023\/12\/montura-soundtrack-maglia-deep-blue-MMAP24X.87.jpg\",\"datePublished\":\"2023-12-15T15:46:43+00:00\",\"dateModified\":\"2024-06-11T17:05:37+00:00\",\"description\":\"Soundtrack f\u00fcr M\u00e4nner ist ein Trikot, das auch als Jacke verwendet werden kann, aus Power-Stretch-Fleece mit einer hoch atmungsaktiven, gazeartigen R\u00fcckseite\",\"breadcrumb\":{\"@id\":\"https:\/\/www.miomiorun.com\/de\/produkt\/soundtrack-maglia-herren\/#breadcrumb\"},\"inLanguage\":\"de-DE\",\"potentialAction\":[{\"@type\":\"ReadAction\",\"target\":[\"https:\/\/www.miomiorun.com\/de\/produkt\/soundtrack-maglia-herren\/\"]}]},{\"@type\":\"ImageObject\",\"inLanguage\":\"de-DE\",\"@id\":\"https:\/\/www.miomiorun.com\/de\/produkt\/soundtrack-maglia-herren\/#primaryimage\",\"url\":\"https:\/\/www.miomiorun.com\/app\/uploads\/2023\/12\/montura-soundtrack-maglia-deep-blue-MMAP24X.87.jpg\",\"contentUrl\":\"https:\/\/www.miomiorun.com\/app\/uploads\/2023\/12\/montura-soundtrack-maglia-deep-blue-MMAP24X.87.jpg\",\"width\":600,\"height\":600,\"caption\":\"montura-soundtrack-maglia-deep-blue-MMAP24X.87\"},{\"@type\":\"BreadcrumbList\",\"@id\":\"https:\/\/www.miomiorun.com\/de\/produkt\/soundtrack-maglia-herren\/#breadcrumb\",\"itemListElement\":[{\"@type\":\"ListItem\",\"position\":1,\"name\":\"Home\",\"item\":\"https:\/\/www.miomiorun.com\/de\/\"},{\"@type\":\"ListItem\",\"position\":2,\"name\":\"Shop\",\"item\":\"https:\/\/www.miomiorun.com\/shop\/\"},{\"@type\":\"ListItem\",\"position\":3,\"name\":\"Soundtrack Maglia herren\"}]},{\"@type\":\"WebSite\",\"@id\":\"https:\/\/www.miomiorun.com\/de\/#website\",\"url\":\"https:\/\/www.miomiorun.com\/de\/\",\"name\":\"MioMioRun\",\"description\":\"100% Lauf- und Trailshop\",\"publisher\":{\"@id\":\"https:\/\/www.miomiorun.com\/de\/#organization\"},\"potentialAction\":[{\"@type\":\"SearchAction\",\"target\":{\"@type\":\"EntryPoint\",\"urlTemplate\":\"https:\/\/www.miomiorun.com\/de\/?s={search_term_string}\"},\"query-input\":{\"@type\":\"PropertyValueSpecification\",\"valueRequired\":true,\"valueName\":\"search_term_string\"}}],\"inLanguage\":\"de-DE\"},{\"@type\":\"Organization\",\"@id\":\"https:\/\/www.miomiorun.com\/de\/#organization\",\"name\":\"MioMio Run\",\"url\":\"https:\/\/www.miomiorun.com\/de\/\",\"logo\":{\"@type\":\"ImageObject\",\"inLanguage\":\"de-DE\",\"@id\":\"https:\/\/www.miomiorun.com\/de\/#\/schema\/logo\/image\/\",\"url\":\"https:\/\/www.miomiorun.com\/app\/uploads\/2019\/12\/logomio.png\",\"contentUrl\":\"https:\/\/www.miomiorun.com\/app\/uploads\/2019\/12\/logomio.png\",\"width\":115,\"height\":82,\"caption\":\"MioMio Run\"},\"image\":{\"@id\":\"https:\/\/www.miomiorun.com\/de\/#\/schema\/logo\/image\/\"},\"sameAs\":[\"https:\/\/www.facebook.com\/miomiorun\/\",\"https:\/\/www.instagram.com\/miomiorun\/\"]}]}<\/script>\n<!-- \/ Yoast SEO plugin. -->","yoast_head_json":{"title":"Montura Soundtrack Maglia herren - Winter-Trikot - MioMioRun","description":"Soundtrack f\u00fcr M\u00e4nner ist ein Trikot, das auch als Jacke verwendet werden kann, aus Power-Stretch-Fleece mit einer hoch atmungsaktiven, gazeartigen R\u00fcckseite","robots":{"index":"index","follow":"follow","max-snippet":"max-snippet:-1","max-image-preview":"max-image-preview:large","max-video-preview":"max-video-preview:-1"},"canonical":"https:\/\/www.miomiorun.com\/de\/produkt\/soundtrack-maglia-herren\/","og_locale":"de_DE","og_type":"article","og_title":"Montura Soundtrack Maglia herren - Winter-Trikot - MioMioRun","og_description":"Soundtrack f\u00fcr M\u00e4nner ist ein Trikot, das auch als Jacke verwendet werden kann, aus Power-Stretch-Fleece mit einer hoch atmungsaktiven, gazeartigen R\u00fcckseite","og_url":"https:\/\/www.miomiorun.com\/de\/produkt\/soundtrack-maglia-herren\/","og_site_name":"MioMioRun","article_publisher":"https:\/\/www.facebook.com\/miomiorun\/","article_modified_time":"2024-06-11T17:05:37+00:00","og_image":[{"width":600,"height":600,"url":"https:\/\/www.miomiorun.com\/app\/uploads\/2023\/12\/montura-soundtrack-maglia-deep-blue-MMAP24X.87.jpg","type":"image\/jpeg"}],"twitter_card":"summary_large_image","schema":{"@context":"https:\/\/schema.org","@graph":[{"@type":"WebPage","@id":"https:\/\/www.miomiorun.com\/de\/produkt\/soundtrack-maglia-herren\/","url":"https:\/\/www.miomiorun.com\/de\/produkt\/soundtrack-maglia-herren\/","name":"Montura Soundtrack Maglia herren - Winter-Trikot - MioMioRun","isPartOf":{"@id":"https:\/\/www.miomiorun.com\/de\/#website"},"primaryImageOfPage":{"@id":"https:\/\/www.miomiorun.com\/de\/produkt\/soundtrack-maglia-herren\/#primaryimage"},"image":{"@id":"https:\/\/www.miomiorun.com\/de\/produkt\/soundtrack-maglia-herren\/#primaryimage"},"thumbnailUrl":"https:\/\/www.miomiorun.com\/app\/uploads\/2023\/12\/montura-soundtrack-maglia-deep-blue-MMAP24X.87.jpg","datePublished":"2023-12-15T15:46:43+00:00","dateModified":"2024-06-11T17:05:37+00:00","description":"Soundtrack f\u00fcr M\u00e4nner ist ein Trikot, das auch als Jacke verwendet werden kann, aus Power-Stretch-Fleece mit einer hoch atmungsaktiven, gazeartigen R\u00fcckseite","breadcrumb":{"@id":"https:\/\/www.miomiorun.com\/de\/produkt\/soundtrack-maglia-herren\/#breadcrumb"},"inLanguage":"de-DE","potentialAction":[{"@type":"ReadAction","target":["https:\/\/www.miomiorun.com\/de\/produkt\/soundtrack-maglia-herren\/"]}]},{"@type":"ImageObject","inLanguage":"de-DE","@id":"https:\/\/www.miomiorun.com\/de\/produkt\/soundtrack-maglia-herren\/#primaryimage","url":"https:\/\/www.miomiorun.com\/app\/uploads\/2023\/12\/montura-soundtrack-maglia-deep-blue-MMAP24X.87.jpg","contentUrl":"https:\/\/www.miomiorun.com\/app\/uploads\/2023\/12\/montura-soundtrack-maglia-deep-blue-MMAP24X.87.jpg","width":600,"height":600,"caption":"montura-soundtrack-maglia-deep-blue-MMAP24X.87"},{"@type":"BreadcrumbList","@id":"https:\/\/www.miomiorun.com\/de\/produkt\/soundtrack-maglia-herren\/#breadcrumb","itemListElement":[{"@type":"ListItem","position":1,"name":"Home","item":"https:\/\/www.miomiorun.com\/de\/"},{"@type":"ListItem","position":2,"name":"Shop","item":"https:\/\/www.miomiorun.com\/shop\/"},{"@type":"ListItem","position":3,"name":"Soundtrack Maglia herren"}]},{"@type":"WebSite","@id":"https:\/\/www.miomiorun.com\/de\/#website","url":"https:\/\/www.miomiorun.com\/de\/","name":"MioMioRun","description":"100% Lauf- und Trailshop","publisher":{"@id":"https:\/\/www.miomiorun.com\/de\/#organization"},"potentialAction":[{"@type":"SearchAction","target":{"@type":"EntryPoint","urlTemplate":"https:\/\/www.miomiorun.com\/de\/?s={search_term_string}"},"query-input":{"@type":"PropertyValueSpecification","valueRequired":true,"valueName":"search_term_string"}}],"inLanguage":"de-DE"},{"@type":"Organization","@id":"https:\/\/www.miomiorun.com\/de\/#organization","name":"MioMio Run","url":"https:\/\/www.miomiorun.com\/de\/","logo":{"@type":"ImageObject","inLanguage":"de-DE","@id":"https:\/\/www.miomiorun.com\/de\/#\/schema\/logo\/image\/","url":"https:\/\/www.miomiorun.com\/app\/uploads\/2019\/12\/logomio.png","contentUrl":"https:\/\/www.miomiorun.com\/app\/uploads\/2019\/12\/logomio.png","width":115,"height":82,"caption":"MioMio Run"},"image":{"@id":"https:\/\/www.miomiorun.com\/de\/#\/schema\/logo\/image\/"},"sameAs":["https:\/\/www.facebook.com\/miomiorun\/","https:\/\/www.instagram.com\/miomiorun\/"]}]}},"_links":{"self":[{"href":"https:\/\/www.miomiorun.com\/de\/wp-json\/wp\/v2\/product\/176936","targetHints":{"allow":["GET"]}}],"collection":[{"href":"https:\/\/www.miomiorun.com\/de\/wp-json\/wp\/v2\/product"}],"about":[{"href":"https:\/\/www.miomiorun.com\/de\/wp-json\/wp\/v2\/types\/product"}],"wp:featuredmedia":[{"embeddable":true,"href":"https:\/\/www.miomiorun.com\/de\/wp-json\/wp\/v2\/media\/152215"}],"wp:attachment":[{"href":"https:\/\/www.miomiorun.com\/de\/wp-json\/wp\/v2\/media?parent=176936"}],"wp:term":[{"taxonomy":"product_brand","embeddable":true,"href":"https:\/\/www.miomiorun.com\/de\/wp-json\/wp\/v2\/product_brand?post=176936"},{"taxonomy":"product_cat","embeddable":true,"href":"https:\/\/www.miomiorun.com\/de\/wp-json\/wp\/v2\/product_cat?post=176936"},{"taxonomy":"product_tag","embeddable":true,"href":"https:\/\/www.miomiorun.com\/de\/wp-json\/wp\/v2\/product_tag?post=176936"}],"curies":[{"name":"wp","href":"https:\/\/api.w.org\/{rel}","templated":true}]}}