{"id":176885,"date":"2020-06-03T17:45:44","date_gmt":"2020-06-03T15:45:44","guid":{"rendered":"https:\/\/miomiorun.com\/prodotto\/la-sportiva-auster-short-uomo\/"},"modified":"2026-05-08T20:40:45","modified_gmt":"2026-05-08T18:40:45","slug":"auster-short-herren","status":"publish","type":"product","link":"https:\/\/www.miomiorun.com\/de\/produkt\/auster-short-herren\/","title":{"rendered":"Auster Short herren"},"content":{"rendered":"<p>Die Auster Short ist eine strapazierf\u00e4hige und leichte Laufshort, die speziell mit einer &#8220;Taillenkomfort&#8221;-Konstruktion entwickelt wurde, um eine bessere Passform und absolute Bewegungsfreiheit zu gew\u00e4hrleisten. Die Wahl von k\u00fchlen, dehnbaren und reibungsarmen Materialien erm\u00f6glicht optimale Atmungsaktivit\u00e4t und schnelles Trocknen auch beim Laufen. Die Auster Short ist au\u00dferdem mit Seitentaschen und einer zentralen Ges\u00e4\u00dftasche ausgestattet.<\/p>\n<p>+ Body-Mapping-Konstruktion<br \/>\n+ Weiche Taillenkonstruktion<br \/>\n+ Elastisches und reibungsarmes Gewebe<br \/>\n+ Sicherheitstasche auf der R\u00fcckseite<br \/>\n+ 2 aufgesetzte Seitentaschen f\u00fcr den Transport kleiner Gegenst\u00e4nde<br \/>\n+ Elastische Seiteneins\u00e4tze f\u00fcr volle Bewegungsfreiheit<\/p>\n<p><strong>Gewicht :<\/strong> 140 g (L)<br \/>\n<strong>Materialien :<\/strong> Hauptteil: (PW07) 86% PES, 14% EA Innenslip: (PN13) 96% PES, 4% EA<br \/>\n<strong>Passform :<\/strong> Regul\u00e4r<\/p>\n","protected":false},"excerpt":{"rendered":"<p>Die Auster Short ist eine strapazierf\u00e4hige und leichte Laufshort, die speziell mit einer &#8220;Taillenkomfort&#8221;-Konstruktion entwickelt wurde, um eine bessere Passform und absolute Bewegungsfreiheit zu gew\u00e4hrleisten. Die Wahl von k\u00fchlen, dehnbaren und reibungsarmen Materialien erm\u00f6glicht optimale Atmungsaktivit\u00e4t und schnelles Trocknen auch beim Laufen. Die Auster Short ist au\u00dferdem mit Seitentaschen und einer zentralen Ges\u00e4\u00dftasche ausgestattet. + &hellip; <a href=\"https:\/\/www.miomiorun.com\/de\/produkt\/auster-short-herren\/\">Continued<\/a><\/p>\n","protected":false},"featured_media":163564,"template":"","meta":{"_acf_changed":false,"inline_featured_image":false},"product_brand":[],"product_cat":[6515,6540,6510],"product_tag":[6248,6218],"class_list":{"0":"post-176885","1":"product","2":"type-product","3":"status-publish","4":"has-post-thumbnail","6":"product_cat-herren-de","7":"product_cat-herrenbekleidung","8":"product_cat-shorts","9":"product_tag-la-sportiva-de","10":"product_tag-la-sportiva-herren-de","11":"pa_attivita-trail-de","12":"pa_colore-auster-short-m-tropic-blue-cherry-tomato-de","13":"pa_marca-la-sportiva-de","14":"pa_sesso-herren","15":"pa_size-large-de","17":"first","18":"outofstock","19":"taxable","20":"shipping-taxable","21":"purchasable","22":"product-type-variable","23":"wvs-archive-product-wrapper"},"acf":[],"yoast_head":"<!-- This site is optimized with the Yoast SEO plugin v26.8 - https:\/\/yoast.com\/product\/yoast-seo-wordpress\/ -->\n<title>La Sportiva Auster Short herren - Herren-Shorts - MioMioRun<\/title>\n<meta name=\"description\" content=\"Die Auster Short f\u00fcr Herren: ein Muss f\u00fcr den Sommer. Sie ist aus hochwertigen Materialien gefertigt und garantiert Komfort und Stil. Entdecken\" \/>\n<meta name=\"robots\" content=\"index, follow, max-snippet:-1, max-image-preview:large, max-video-preview:-1\" \/>\n<link rel=\"canonical\" href=\"https:\/\/www.miomiorun.com\/de\/produkt\/auster-short-herren\/\" \/>\n<meta property=\"og:locale\" content=\"de_DE\" \/>\n<meta property=\"og:type\" content=\"article\" \/>\n<meta property=\"og:title\" content=\"La Sportiva Auster Short herren - Herren-Shorts - MioMioRun\" \/>\n<meta property=\"og:description\" content=\"Die Auster Short f\u00fcr Herren: ein Muss f\u00fcr den Sommer. Sie ist aus hochwertigen Materialien gefertigt und garantiert Komfort und Stil. Entdecken\" \/>\n<meta property=\"og:url\" content=\"https:\/\/www.miomiorun.com\/de\/produkt\/auster-short-herren\/\" \/>\n<meta property=\"og:site_name\" content=\"MioMioRun\" \/>\n<meta property=\"article:publisher\" content=\"https:\/\/www.facebook.com\/miomiorun\/\" \/>\n<meta property=\"article:modified_time\" content=\"2026-05-08T18:40:45+00:00\" \/>\n<meta property=\"og:image\" content=\"https:\/\/www.miomiorun.com\/app\/uploads\/2024\/03\/La-sporiva-Auster-short-M-deep-sea-tropic-blue-P78643614.webp\" \/>\n\t<meta property=\"og:image:width\" content=\"600\" \/>\n\t<meta property=\"og:image:height\" content=\"600\" \/>\n\t<meta property=\"og:image:type\" content=\"image\/webp\" \/>\n<meta name=\"twitter:card\" content=\"summary_large_image\" \/>\n<meta name=\"twitter:label1\" content=\"Est. reading time\" \/>\n\t<meta name=\"twitter:data1\" content=\"1 minute\" \/>\n<script type=\"application\/ld+json\" class=\"yoast-schema-graph\">{\"@context\":\"https:\/\/schema.org\",\"@graph\":[{\"@type\":\"WebPage\",\"@id\":\"https:\/\/www.miomiorun.com\/de\/produkt\/auster-short-herren\/\",\"url\":\"https:\/\/www.miomiorun.com\/de\/produkt\/auster-short-herren\/\",\"name\":\"La Sportiva Auster Short herren - Herren-Shorts - MioMioRun\",\"isPartOf\":{\"@id\":\"https:\/\/www.miomiorun.com\/de\/#website\"},\"primaryImageOfPage\":{\"@id\":\"https:\/\/www.miomiorun.com\/de\/produkt\/auster-short-herren\/#primaryimage\"},\"image\":{\"@id\":\"https:\/\/www.miomiorun.com\/de\/produkt\/auster-short-herren\/#primaryimage\"},\"thumbnailUrl\":\"https:\/\/www.miomiorun.com\/app\/uploads\/2024\/03\/La-sporiva-Auster-short-M-deep-sea-tropic-blue-P78643614.webp\",\"datePublished\":\"2020-06-03T15:45:44+00:00\",\"dateModified\":\"2026-05-08T18:40:45+00:00\",\"description\":\"Die Auster Short f\u00fcr Herren: ein Muss f\u00fcr den Sommer. Sie ist aus hochwertigen Materialien gefertigt und garantiert Komfort und Stil. Entdecken\",\"breadcrumb\":{\"@id\":\"https:\/\/www.miomiorun.com\/de\/produkt\/auster-short-herren\/#breadcrumb\"},\"inLanguage\":\"de-DE\",\"potentialAction\":[{\"@type\":\"ReadAction\",\"target\":[\"https:\/\/www.miomiorun.com\/de\/produkt\/auster-short-herren\/\"]}]},{\"@type\":\"ImageObject\",\"inLanguage\":\"de-DE\",\"@id\":\"https:\/\/www.miomiorun.com\/de\/produkt\/auster-short-herren\/#primaryimage\",\"url\":\"https:\/\/www.miomiorun.com\/app\/uploads\/2024\/03\/La-sporiva-Auster-short-M-deep-sea-tropic-blue-P78643614.webp\",\"contentUrl\":\"https:\/\/www.miomiorun.com\/app\/uploads\/2024\/03\/La-sporiva-Auster-short-M-deep-sea-tropic-blue-P78643614.webp\",\"width\":600,\"height\":600,\"caption\":\"La sporiva Auster short M deep sea tropic blue P78643614\"},{\"@type\":\"BreadcrumbList\",\"@id\":\"https:\/\/www.miomiorun.com\/de\/produkt\/auster-short-herren\/#breadcrumb\",\"itemListElement\":[{\"@type\":\"ListItem\",\"position\":1,\"name\":\"Home\",\"item\":\"https:\/\/www.miomiorun.com\/de\/home-page\/\"},{\"@type\":\"ListItem\",\"position\":2,\"name\":\"Shop\",\"item\":\"https:\/\/www.miomiorun.com\/shop\/\"},{\"@type\":\"ListItem\",\"position\":3,\"name\":\"Auster Short herren\"}]},{\"@type\":\"WebSite\",\"@id\":\"https:\/\/www.miomiorun.com\/de\/#website\",\"url\":\"https:\/\/www.miomiorun.com\/de\/\",\"name\":\"MioMioRun\",\"description\":\"100% Lauf- und Trailshop\",\"publisher\":{\"@id\":\"https:\/\/www.miomiorun.com\/de\/#organization\"},\"potentialAction\":[{\"@type\":\"SearchAction\",\"target\":{\"@type\":\"EntryPoint\",\"urlTemplate\":\"https:\/\/www.miomiorun.com\/de\/?s={search_term_string}\"},\"query-input\":{\"@type\":\"PropertyValueSpecification\",\"valueRequired\":true,\"valueName\":\"search_term_string\"}}],\"inLanguage\":\"de-DE\"},{\"@type\":\"Organization\",\"@id\":\"https:\/\/www.miomiorun.com\/de\/#organization\",\"name\":\"MioMio Run\",\"url\":\"https:\/\/www.miomiorun.com\/de\/\",\"logo\":{\"@type\":\"ImageObject\",\"inLanguage\":\"de-DE\",\"@id\":\"https:\/\/www.miomiorun.com\/de\/#\/schema\/logo\/image\/\",\"url\":\"https:\/\/www.miomiorun.com\/app\/uploads\/2019\/12\/logomio.png\",\"contentUrl\":\"https:\/\/www.miomiorun.com\/app\/uploads\/2019\/12\/logomio.png\",\"width\":115,\"height\":82,\"caption\":\"MioMio Run\"},\"image\":{\"@id\":\"https:\/\/www.miomiorun.com\/de\/#\/schema\/logo\/image\/\"},\"sameAs\":[\"https:\/\/www.facebook.com\/miomiorun\/\",\"https:\/\/www.instagram.com\/miomiorun\/\"]}]}<\/script>\n<!-- \/ Yoast SEO plugin. -->","yoast_head_json":{"title":"La Sportiva Auster Short herren - Herren-Shorts - MioMioRun","description":"Die Auster Short f\u00fcr Herren: ein Muss f\u00fcr den Sommer. Sie ist aus hochwertigen Materialien gefertigt und garantiert Komfort und Stil. Entdecken","robots":{"index":"index","follow":"follow","max-snippet":"max-snippet:-1","max-image-preview":"max-image-preview:large","max-video-preview":"max-video-preview:-1"},"canonical":"https:\/\/www.miomiorun.com\/de\/produkt\/auster-short-herren\/","og_locale":"de_DE","og_type":"article","og_title":"La Sportiva Auster Short herren - Herren-Shorts - MioMioRun","og_description":"Die Auster Short f\u00fcr Herren: ein Muss f\u00fcr den Sommer. Sie ist aus hochwertigen Materialien gefertigt und garantiert Komfort und Stil. Entdecken","og_url":"https:\/\/www.miomiorun.com\/de\/produkt\/auster-short-herren\/","og_site_name":"MioMioRun","article_publisher":"https:\/\/www.facebook.com\/miomiorun\/","article_modified_time":"2026-05-08T18:40:45+00:00","og_image":[{"width":600,"height":600,"url":"https:\/\/www.miomiorun.com\/app\/uploads\/2024\/03\/La-sporiva-Auster-short-M-deep-sea-tropic-blue-P78643614.webp","type":"image\/webp"}],"twitter_card":"summary_large_image","twitter_misc":{"Est. reading time":"1 minute"},"schema":{"@context":"https:\/\/schema.org","@graph":[{"@type":"WebPage","@id":"https:\/\/www.miomiorun.com\/de\/produkt\/auster-short-herren\/","url":"https:\/\/www.miomiorun.com\/de\/produkt\/auster-short-herren\/","name":"La Sportiva Auster Short herren - Herren-Shorts - MioMioRun","isPartOf":{"@id":"https:\/\/www.miomiorun.com\/de\/#website"},"primaryImageOfPage":{"@id":"https:\/\/www.miomiorun.com\/de\/produkt\/auster-short-herren\/#primaryimage"},"image":{"@id":"https:\/\/www.miomiorun.com\/de\/produkt\/auster-short-herren\/#primaryimage"},"thumbnailUrl":"https:\/\/www.miomiorun.com\/app\/uploads\/2024\/03\/La-sporiva-Auster-short-M-deep-sea-tropic-blue-P78643614.webp","datePublished":"2020-06-03T15:45:44+00:00","dateModified":"2026-05-08T18:40:45+00:00","description":"Die Auster Short f\u00fcr Herren: ein Muss f\u00fcr den Sommer. Sie ist aus hochwertigen Materialien gefertigt und garantiert Komfort und Stil. Entdecken","breadcrumb":{"@id":"https:\/\/www.miomiorun.com\/de\/produkt\/auster-short-herren\/#breadcrumb"},"inLanguage":"de-DE","potentialAction":[{"@type":"ReadAction","target":["https:\/\/www.miomiorun.com\/de\/produkt\/auster-short-herren\/"]}]},{"@type":"ImageObject","inLanguage":"de-DE","@id":"https:\/\/www.miomiorun.com\/de\/produkt\/auster-short-herren\/#primaryimage","url":"https:\/\/www.miomiorun.com\/app\/uploads\/2024\/03\/La-sporiva-Auster-short-M-deep-sea-tropic-blue-P78643614.webp","contentUrl":"https:\/\/www.miomiorun.com\/app\/uploads\/2024\/03\/La-sporiva-Auster-short-M-deep-sea-tropic-blue-P78643614.webp","width":600,"height":600,"caption":"La sporiva Auster short M deep sea tropic blue P78643614"},{"@type":"BreadcrumbList","@id":"https:\/\/www.miomiorun.com\/de\/produkt\/auster-short-herren\/#breadcrumb","itemListElement":[{"@type":"ListItem","position":1,"name":"Home","item":"https:\/\/www.miomiorun.com\/de\/home-page\/"},{"@type":"ListItem","position":2,"name":"Shop","item":"https:\/\/www.miomiorun.com\/shop\/"},{"@type":"ListItem","position":3,"name":"Auster Short herren"}]},{"@type":"WebSite","@id":"https:\/\/www.miomiorun.com\/de\/#website","url":"https:\/\/www.miomiorun.com\/de\/","name":"MioMioRun","description":"100% Lauf- und Trailshop","publisher":{"@id":"https:\/\/www.miomiorun.com\/de\/#organization"},"potentialAction":[{"@type":"SearchAction","target":{"@type":"EntryPoint","urlTemplate":"https:\/\/www.miomiorun.com\/de\/?s={search_term_string}"},"query-input":{"@type":"PropertyValueSpecification","valueRequired":true,"valueName":"search_term_string"}}],"inLanguage":"de-DE"},{"@type":"Organization","@id":"https:\/\/www.miomiorun.com\/de\/#organization","name":"MioMio Run","url":"https:\/\/www.miomiorun.com\/de\/","logo":{"@type":"ImageObject","inLanguage":"de-DE","@id":"https:\/\/www.miomiorun.com\/de\/#\/schema\/logo\/image\/","url":"https:\/\/www.miomiorun.com\/app\/uploads\/2019\/12\/logomio.png","contentUrl":"https:\/\/www.miomiorun.com\/app\/uploads\/2019\/12\/logomio.png","width":115,"height":82,"caption":"MioMio Run"},"image":{"@id":"https:\/\/www.miomiorun.com\/de\/#\/schema\/logo\/image\/"},"sameAs":["https:\/\/www.facebook.com\/miomiorun\/","https:\/\/www.instagram.com\/miomiorun\/"]}]}},"_links":{"self":[{"href":"https:\/\/www.miomiorun.com\/de\/wp-json\/wp\/v2\/product\/176885","targetHints":{"allow":["GET"]}}],"collection":[{"href":"https:\/\/www.miomiorun.com\/de\/wp-json\/wp\/v2\/product"}],"about":[{"href":"https:\/\/www.miomiorun.com\/de\/wp-json\/wp\/v2\/types\/product"}],"wp:featuredmedia":[{"embeddable":true,"href":"https:\/\/www.miomiorun.com\/de\/wp-json\/wp\/v2\/media\/163564"}],"wp:attachment":[{"href":"https:\/\/www.miomiorun.com\/de\/wp-json\/wp\/v2\/media?parent=176885"}],"wp:term":[{"taxonomy":"product_brand","embeddable":true,"href":"https:\/\/www.miomiorun.com\/de\/wp-json\/wp\/v2\/product_brand?post=176885"},{"taxonomy":"product_cat","embeddable":true,"href":"https:\/\/www.miomiorun.com\/de\/wp-json\/wp\/v2\/product_cat?post=176885"},{"taxonomy":"product_tag","embeddable":true,"href":"https:\/\/www.miomiorun.com\/de\/wp-json\/wp\/v2\/product_tag?post=176885"}],"curies":[{"name":"wp","href":"https:\/\/api.w.org\/{rel}","templated":true}]}}