{"id":176871,"date":"2021-04-17T18:00:20","date_gmt":"2021-04-17T16:00:20","guid":{"rendered":"https:\/\/miomiorun.com\/prodotto\/freccia-short-uomo\/"},"modified":"2024-06-15T10:10:06","modified_gmt":"2024-06-15T08:10:06","slug":"freccia-short-herren","status":"publish","type":"product","link":"https:\/\/www.miomiorun.com\/de\/produkt\/freccia-short-herren\/","title":{"rendered":"Freccia Short herren"},"content":{"rendered":"<p>Die <strong>Freccia Short<\/strong> in der Herrenversion ist eine Trailrunning-Short, die f\u00fcr die Welt der Rennen entwickelt wurde, ein leichtes und atmungsaktives Kleidungsst\u00fcck. Die minimale Konstruktion des Bundes zielt auf eine maximale Gewichtsreduzierung ab, w\u00e4hrend die reflektierenden Details die Sichtbarkeit auch bei nicht optimalen Lichtverh\u00e4ltnissen garantieren.<\/p>\n<p>Das leichte und dehnbare Material erm\u00f6glicht maximale Bewegungsfreiheit, und die Integration von zwei Mesh-Seitentaschen erm\u00f6glicht die richtige Gewichtsverteilung f\u00fcr Gels und kleine Gegenst\u00e4nde.<\/p>\n<p>&nbsp;<\/p>\n<h2>Technologien<\/h2>\n<p><img decoding=\"async\" src=\"https:\/\/www.lasportiva.com\/media\/techinfo_icons\/elasticita.png\" alt=\"La Sportiva\" \/><\/p>\n<p><strong>Elastizit\u00e4t: <\/strong>Bequeme und reaktionsschnelle Kleidungsst\u00fccke, die maximale Bewegungsfreiheit garantieren.<\/p>\n<div class=\"data item content\" role=\"tabpanel\" aria-labelledby=\"tab-label-techinfo\" data-role=\"content\" aria-hidden=\"false\">\n<div class=\"techinfo-container\">\n<div class=\"techinfo-icons\">\n<div class=\"techinfo-icon\"><\/div>\n<div class=\"techinfo-icon\"><a><img decoding=\"async\" src=\"https:\/\/www.lasportiva.com\/media\/techinfo_icons\/leggerezza.png\" alt=\"La Sportiva\" \/><\/a><\/div>\n<div><strong>Leichtigkeit:<\/strong> Produkte, die das Gewicht auf ein Minimum reduzieren<\/div>\n<div class=\"techinfo-icon\"><\/div>\n<div class=\"techinfo-icon\"><a><img decoding=\"async\" src=\"https:\/\/www.lasportiva.com\/media\/techinfo_icons\/L2.png\" alt=\"La Sportiva\" \/><\/a><\/div>\n<div><strong>L2 &#8211; MID LAYER &amp; THERMAL LAYER :<\/strong> Bietet zus\u00e4tzliche W\u00e4rmeisolierung und f\u00f6rdert die Transpiration durch hohe Atmungsaktivit\u00e4t.<\/div>\n<div class=\"techinfo-icon\"><\/div>\n<div class=\"techinfo-icon\"><a><img decoding=\"async\" src=\"https:\/\/www.lasportiva.com\/media\/techinfo_icons\/traspirabilita.png\" alt=\"La Sportiva\" \/><\/a><\/div>\n<div><strong>Atmungsaktivit\u00e4t:<\/strong> Hochgradig atmungsaktive Produkte f\u00fcr optimalen Klimakomfort.<\/div>\n<div class=\"techinfo-icon\"><\/div>\n<div class=\"techinfo-icon\"><a><img decoding=\"async\" src=\"https:\/\/www.lasportiva.com\/media\/techinfo_icons\/regular-fit.png\" alt=\"La Sportiva\" \/><\/a><\/div>\n<p><strong>Normale Passform :<\/strong> Technischer und bequemer Schnitt.<\/p>\n<p>&nbsp;<\/p>\n<p><strong>Materialien :<\/strong>Haupt: (MSH28) 75% PL recycelt &#8211; 25% PL<br \/>\n<strong>Gewicht :<\/strong> 110 g (M)<\/p>\n<\/div>\n<\/div>\n<\/div>\n","protected":false},"excerpt":{"rendered":"<ul>\n<li>Wettkampf-Shorts<\/li>\n<li>Superleicht und bequem f\u00fcr lange Strecken<\/li>\n<\/ul>\n","protected":false},"featured_media":55121,"template":"","meta":{"_acf_changed":false,"inline_featured_image":false},"product_brand":[],"product_cat":[6515,6540,6510],"product_tag":[6248,6218],"class_list":{"0":"post-176871","1":"product","2":"type-product","3":"status-publish","4":"has-post-thumbnail","6":"product_cat-herren-de","7":"product_cat-herrenbekleidung","8":"product_cat-shorts","9":"product_tag-la-sportiva-de","10":"product_tag-la-sportiva-herren-de","11":"pa_attivita-trail-de","12":"pa_colore-freccia-short-black-yellow-de","13":"pa_marca-la-sportiva-de","14":"pa_sesso-herren","15":"pa_size-small-de","17":"first","18":"instock","19":"sale","20":"taxable","21":"shipping-taxable","22":"purchasable","23":"product-type-variable","24":"wvs-archive-product-wrapper"},"acf":[],"yoast_head":"<!-- This site is optimized with the Yoast SEO plugin v26.8 - https:\/\/yoast.com\/product\/yoast-seo-wordpress\/ -->\n<title>La Sportiva Freccia Short herren -Herren-Shorts - MioMioRun<\/title>\n<meta name=\"description\" content=\"Die Freccia Short ist eine Trailrunning-Short, die f\u00fcr den Rennsport entwickelt wurde. Sie ist leicht und atmungsaktiv. Hergestellt aus leichtem Material.\" \/>\n<meta name=\"robots\" content=\"index, follow, max-snippet:-1, max-image-preview:large, max-video-preview:-1\" \/>\n<link rel=\"canonical\" href=\"https:\/\/www.miomiorun.com\/de\/produkt\/freccia-short-herren\/\" \/>\n<meta property=\"og:locale\" content=\"de_DE\" \/>\n<meta property=\"og:type\" content=\"article\" \/>\n<meta property=\"og:title\" content=\"La Sportiva Freccia Short herren -Herren-Shorts - MioMioRun\" \/>\n<meta property=\"og:description\" content=\"Die Freccia Short ist eine Trailrunning-Short, die f\u00fcr den Rennsport entwickelt wurde. Sie ist leicht und atmungsaktiv. Hergestellt aus leichtem Material.\" \/>\n<meta property=\"og:url\" content=\"https:\/\/www.miomiorun.com\/de\/produkt\/freccia-short-herren\/\" \/>\n<meta property=\"og:site_name\" content=\"MioMioRun\" \/>\n<meta property=\"article:publisher\" content=\"https:\/\/www.facebook.com\/miomiorun\/\" \/>\n<meta property=\"article:modified_time\" content=\"2024-06-15T08:10:06+00:00\" \/>\n<meta property=\"og:image\" content=\"https:\/\/www.miomiorun.com\/app\/uploads\/2021\/04\/la-sportiva-Freccia-Short-M-P26999907-retro.jpg\" \/>\n\t<meta property=\"og:image:width\" content=\"600\" \/>\n\t<meta property=\"og:image:height\" content=\"600\" \/>\n\t<meta property=\"og:image:type\" content=\"image\/jpeg\" \/>\n<meta name=\"twitter:card\" content=\"summary_large_image\" \/>\n<meta name=\"twitter:label1\" content=\"Est. reading time\" \/>\n\t<meta name=\"twitter:data1\" content=\"1 minute\" \/>\n<script type=\"application\/ld+json\" class=\"yoast-schema-graph\">{\"@context\":\"https:\/\/schema.org\",\"@graph\":[{\"@type\":\"WebPage\",\"@id\":\"https:\/\/www.miomiorun.com\/de\/produkt\/freccia-short-herren\/\",\"url\":\"https:\/\/www.miomiorun.com\/de\/produkt\/freccia-short-herren\/\",\"name\":\"La Sportiva Freccia Short herren -Herren-Shorts - MioMioRun\",\"isPartOf\":{\"@id\":\"https:\/\/www.miomiorun.com\/de\/#website\"},\"primaryImageOfPage\":{\"@id\":\"https:\/\/www.miomiorun.com\/de\/produkt\/freccia-short-herren\/#primaryimage\"},\"image\":{\"@id\":\"https:\/\/www.miomiorun.com\/de\/produkt\/freccia-short-herren\/#primaryimage\"},\"thumbnailUrl\":\"https:\/\/www.miomiorun.com\/app\/uploads\/2021\/04\/la-sportiva-Freccia-Short-M-P26999907-retro.jpg\",\"datePublished\":\"2021-04-17T16:00:20+00:00\",\"dateModified\":\"2024-06-15T08:10:06+00:00\",\"description\":\"Die Freccia Short ist eine Trailrunning-Short, die f\u00fcr den Rennsport entwickelt wurde. Sie ist leicht und atmungsaktiv. Hergestellt aus leichtem Material.\",\"breadcrumb\":{\"@id\":\"https:\/\/www.miomiorun.com\/de\/produkt\/freccia-short-herren\/#breadcrumb\"},\"inLanguage\":\"de-DE\",\"potentialAction\":[{\"@type\":\"ReadAction\",\"target\":[\"https:\/\/www.miomiorun.com\/de\/produkt\/freccia-short-herren\/\"]}]},{\"@type\":\"ImageObject\",\"inLanguage\":\"de-DE\",\"@id\":\"https:\/\/www.miomiorun.com\/de\/produkt\/freccia-short-herren\/#primaryimage\",\"url\":\"https:\/\/www.miomiorun.com\/app\/uploads\/2021\/04\/la-sportiva-Freccia-Short-M-P26999907-retro.jpg\",\"contentUrl\":\"https:\/\/www.miomiorun.com\/app\/uploads\/2021\/04\/la-sportiva-Freccia-Short-M-P26999907-retro.jpg\",\"width\":600,\"height\":600,\"caption\":\"la sportiva freccia short m\"},{\"@type\":\"BreadcrumbList\",\"@id\":\"https:\/\/www.miomiorun.com\/de\/produkt\/freccia-short-herren\/#breadcrumb\",\"itemListElement\":[{\"@type\":\"ListItem\",\"position\":1,\"name\":\"Home\",\"item\":\"https:\/\/www.miomiorun.com\/de\/\"},{\"@type\":\"ListItem\",\"position\":2,\"name\":\"Shop\",\"item\":\"https:\/\/www.miomiorun.com\/shop\/\"},{\"@type\":\"ListItem\",\"position\":3,\"name\":\"Freccia Short herren\"}]},{\"@type\":\"WebSite\",\"@id\":\"https:\/\/www.miomiorun.com\/de\/#website\",\"url\":\"https:\/\/www.miomiorun.com\/de\/\",\"name\":\"MioMioRun\",\"description\":\"100% Lauf- und Trailshop\",\"publisher\":{\"@id\":\"https:\/\/www.miomiorun.com\/de\/#organization\"},\"potentialAction\":[{\"@type\":\"SearchAction\",\"target\":{\"@type\":\"EntryPoint\",\"urlTemplate\":\"https:\/\/www.miomiorun.com\/de\/?s={search_term_string}\"},\"query-input\":{\"@type\":\"PropertyValueSpecification\",\"valueRequired\":true,\"valueName\":\"search_term_string\"}}],\"inLanguage\":\"de-DE\"},{\"@type\":\"Organization\",\"@id\":\"https:\/\/www.miomiorun.com\/de\/#organization\",\"name\":\"MioMio Run\",\"url\":\"https:\/\/www.miomiorun.com\/de\/\",\"logo\":{\"@type\":\"ImageObject\",\"inLanguage\":\"de-DE\",\"@id\":\"https:\/\/www.miomiorun.com\/de\/#\/schema\/logo\/image\/\",\"url\":\"https:\/\/www.miomiorun.com\/app\/uploads\/2019\/12\/logomio.png\",\"contentUrl\":\"https:\/\/www.miomiorun.com\/app\/uploads\/2019\/12\/logomio.png\",\"width\":115,\"height\":82,\"caption\":\"MioMio Run\"},\"image\":{\"@id\":\"https:\/\/www.miomiorun.com\/de\/#\/schema\/logo\/image\/\"},\"sameAs\":[\"https:\/\/www.facebook.com\/miomiorun\/\",\"https:\/\/www.instagram.com\/miomiorun\/\"]}]}<\/script>\n<!-- \/ Yoast SEO plugin. -->","yoast_head_json":{"title":"La Sportiva Freccia Short herren -Herren-Shorts - MioMioRun","description":"Die Freccia Short ist eine Trailrunning-Short, die f\u00fcr den Rennsport entwickelt wurde. Sie ist leicht und atmungsaktiv. Hergestellt aus leichtem Material.","robots":{"index":"index","follow":"follow","max-snippet":"max-snippet:-1","max-image-preview":"max-image-preview:large","max-video-preview":"max-video-preview:-1"},"canonical":"https:\/\/www.miomiorun.com\/de\/produkt\/freccia-short-herren\/","og_locale":"de_DE","og_type":"article","og_title":"La Sportiva Freccia Short herren -Herren-Shorts - MioMioRun","og_description":"Die Freccia Short ist eine Trailrunning-Short, die f\u00fcr den Rennsport entwickelt wurde. Sie ist leicht und atmungsaktiv. Hergestellt aus leichtem Material.","og_url":"https:\/\/www.miomiorun.com\/de\/produkt\/freccia-short-herren\/","og_site_name":"MioMioRun","article_publisher":"https:\/\/www.facebook.com\/miomiorun\/","article_modified_time":"2024-06-15T08:10:06+00:00","og_image":[{"width":600,"height":600,"url":"https:\/\/www.miomiorun.com\/app\/uploads\/2021\/04\/la-sportiva-Freccia-Short-M-P26999907-retro.jpg","type":"image\/jpeg"}],"twitter_card":"summary_large_image","twitter_misc":{"Est. reading time":"1 minute"},"schema":{"@context":"https:\/\/schema.org","@graph":[{"@type":"WebPage","@id":"https:\/\/www.miomiorun.com\/de\/produkt\/freccia-short-herren\/","url":"https:\/\/www.miomiorun.com\/de\/produkt\/freccia-short-herren\/","name":"La Sportiva Freccia Short herren -Herren-Shorts - MioMioRun","isPartOf":{"@id":"https:\/\/www.miomiorun.com\/de\/#website"},"primaryImageOfPage":{"@id":"https:\/\/www.miomiorun.com\/de\/produkt\/freccia-short-herren\/#primaryimage"},"image":{"@id":"https:\/\/www.miomiorun.com\/de\/produkt\/freccia-short-herren\/#primaryimage"},"thumbnailUrl":"https:\/\/www.miomiorun.com\/app\/uploads\/2021\/04\/la-sportiva-Freccia-Short-M-P26999907-retro.jpg","datePublished":"2021-04-17T16:00:20+00:00","dateModified":"2024-06-15T08:10:06+00:00","description":"Die Freccia Short ist eine Trailrunning-Short, die f\u00fcr den Rennsport entwickelt wurde. Sie ist leicht und atmungsaktiv. Hergestellt aus leichtem Material.","breadcrumb":{"@id":"https:\/\/www.miomiorun.com\/de\/produkt\/freccia-short-herren\/#breadcrumb"},"inLanguage":"de-DE","potentialAction":[{"@type":"ReadAction","target":["https:\/\/www.miomiorun.com\/de\/produkt\/freccia-short-herren\/"]}]},{"@type":"ImageObject","inLanguage":"de-DE","@id":"https:\/\/www.miomiorun.com\/de\/produkt\/freccia-short-herren\/#primaryimage","url":"https:\/\/www.miomiorun.com\/app\/uploads\/2021\/04\/la-sportiva-Freccia-Short-M-P26999907-retro.jpg","contentUrl":"https:\/\/www.miomiorun.com\/app\/uploads\/2021\/04\/la-sportiva-Freccia-Short-M-P26999907-retro.jpg","width":600,"height":600,"caption":"la sportiva freccia short m"},{"@type":"BreadcrumbList","@id":"https:\/\/www.miomiorun.com\/de\/produkt\/freccia-short-herren\/#breadcrumb","itemListElement":[{"@type":"ListItem","position":1,"name":"Home","item":"https:\/\/www.miomiorun.com\/de\/"},{"@type":"ListItem","position":2,"name":"Shop","item":"https:\/\/www.miomiorun.com\/shop\/"},{"@type":"ListItem","position":3,"name":"Freccia Short herren"}]},{"@type":"WebSite","@id":"https:\/\/www.miomiorun.com\/de\/#website","url":"https:\/\/www.miomiorun.com\/de\/","name":"MioMioRun","description":"100% Lauf- und Trailshop","publisher":{"@id":"https:\/\/www.miomiorun.com\/de\/#organization"},"potentialAction":[{"@type":"SearchAction","target":{"@type":"EntryPoint","urlTemplate":"https:\/\/www.miomiorun.com\/de\/?s={search_term_string}"},"query-input":{"@type":"PropertyValueSpecification","valueRequired":true,"valueName":"search_term_string"}}],"inLanguage":"de-DE"},{"@type":"Organization","@id":"https:\/\/www.miomiorun.com\/de\/#organization","name":"MioMio Run","url":"https:\/\/www.miomiorun.com\/de\/","logo":{"@type":"ImageObject","inLanguage":"de-DE","@id":"https:\/\/www.miomiorun.com\/de\/#\/schema\/logo\/image\/","url":"https:\/\/www.miomiorun.com\/app\/uploads\/2019\/12\/logomio.png","contentUrl":"https:\/\/www.miomiorun.com\/app\/uploads\/2019\/12\/logomio.png","width":115,"height":82,"caption":"MioMio Run"},"image":{"@id":"https:\/\/www.miomiorun.com\/de\/#\/schema\/logo\/image\/"},"sameAs":["https:\/\/www.facebook.com\/miomiorun\/","https:\/\/www.instagram.com\/miomiorun\/"]}]}},"_links":{"self":[{"href":"https:\/\/www.miomiorun.com\/de\/wp-json\/wp\/v2\/product\/176871","targetHints":{"allow":["GET"]}}],"collection":[{"href":"https:\/\/www.miomiorun.com\/de\/wp-json\/wp\/v2\/product"}],"about":[{"href":"https:\/\/www.miomiorun.com\/de\/wp-json\/wp\/v2\/types\/product"}],"wp:featuredmedia":[{"embeddable":true,"href":"https:\/\/www.miomiorun.com\/de\/wp-json\/wp\/v2\/media\/55121"}],"wp:attachment":[{"href":"https:\/\/www.miomiorun.com\/de\/wp-json\/wp\/v2\/media?parent=176871"}],"wp:term":[{"taxonomy":"product_brand","embeddable":true,"href":"https:\/\/www.miomiorun.com\/de\/wp-json\/wp\/v2\/product_brand?post=176871"},{"taxonomy":"product_cat","embeddable":true,"href":"https:\/\/www.miomiorun.com\/de\/wp-json\/wp\/v2\/product_cat?post=176871"},{"taxonomy":"product_tag","embeddable":true,"href":"https:\/\/www.miomiorun.com\/de\/wp-json\/wp\/v2\/product_tag?post=176871"}],"curies":[{"name":"wp","href":"https:\/\/api.w.org\/{rel}","templated":true}]}}