{"id":176865,"date":"2021-05-20T12:05:22","date_gmt":"2021-05-20T10:05:22","guid":{"rendered":"https:\/\/miomiorun.com\/prodotto\/craft-hypervent-split-shorts-uomo\/"},"modified":"2024-06-15T11:56:14","modified_gmt":"2024-06-15T09:56:14","slug":"hypervent-split-shorts-herren","status":"publish","type":"product","link":"https:\/\/www.miomiorun.com\/de\/produkt\/hypervent-split-shorts-herren\/","title":{"rendered":"Hypervent Split Shorts herren"},"content":{"rendered":"<p>Die Pro <strong>Hypervent Splits<\/strong> sind leichte und hoch bel\u00fcftete Profi-Laufshorts, die f\u00fcr intensives Training an hei\u00dfen Sommertagen entwickelt wurden.<\/p>\n<p>Diese technisch fortschrittliche Laufshorts besteht aus funktionellem Stretch-Polyester und verf\u00fcgt \u00fcber einen bel\u00fcfteten Innenslip aus Polyester-Mesh, der f\u00fcr hervorragende K\u00fchlung und Feuchtigkeitstransport sorgt. Dar\u00fcber hinaus verf\u00fcgt die Hose \u00fcber eine geteilte Seitennaht f\u00fcr mehr Bewegungsfreiheit, einen breiten Bund und einen verschwei\u00dften Saum f\u00fcr optimalen Komfort.<\/p>\n<p>Die Pro Hypervent ist ultraleicht und hyperatmungsaktiv, ideal f\u00fcr leistungsstarke und anspruchsvolle L\u00e4ufer. Das d\u00fcnne, superweiche und au\u00dfergew\u00f6hnlich leichte und atmungsaktive Material sorgt f\u00fcr hervorragende Funktionalit\u00e4t, Bel\u00fcftung und Komfort bei schnellen L\u00e4ufen und langen Strecken unter hei\u00dfen Bedingungen.<\/p>\n<p>&nbsp;<\/p>\n<h3>Produktmerkmale<\/h3>\n<p>&#8211; Obermaterial aus Stretch-Polyester<\/p>\n<p>&#8211; Innenslip aus Polyester-Mesh<\/p>\n<p>&#8211; Geteilte Seitennaht f\u00fcr mehr Bewegungsfreiheit<\/p>\n<p>&#8211; Geklebter Saum an der Beinunterseite zur Vermeidung von Scheuerstellen<\/p>\n<p>&#8211; Breiter Bund f\u00fcr einen bequemen Sitz<\/p>\n<p>&#8211; Netztasche in der hinteren Mitte des Bunds zur sicheren Aufbewahrung<\/p>\n<p>&#8211; Reflektierende Details<\/p>\n<p>&nbsp;<\/p>\n<p dir=\"ltr\" data-placeholder=\"Traduzione\"><img loading=\"lazy\" decoding=\"async\" class=\"\" src=\"https:\/\/www.craftsportswear.com\/static\/media\/stretch.b10adc40.svg?q=70&amp;fit=clip&amp;w=72&amp;fm=jpg&amp;auto=format\" alt=\"Stretch\" width=\"121\" height=\"121\" \/><\/p>\n<p dir=\"ltr\" data-placeholder=\"Traduzione\"><strong>\u00a0Ausziehbar<\/strong><\/p>\n<p dir=\"ltr\" data-placeholder=\"Traduzione\"><img loading=\"lazy\" decoding=\"async\" class=\"\" src=\"https:\/\/www.craftsportswear.com\/static\/media\/soft_touch.2b191977.svg?q=70&amp;fit=clip&amp;w=72&amp;fm=jpg&amp;auto=format\" alt=\"SoftTouch\" width=\"120\" height=\"120\" \/><\/p>\n<p dir=\"ltr\" data-placeholder=\"Traduzione\"><strong>\u00a0Leichte Ber\u00fchrung<\/strong><\/p>\n<h2><img loading=\"lazy\" decoding=\"async\" class=\"\" src=\"https:\/\/www.craftsportswear.com\/static\/media\/lightweight.6800ab4f.svg?q=70&amp;fit=clip&amp;w=72&amp;fm=jpg&amp;auto=format\" alt=\"Lightweight\" width=\"121\" height=\"121\" \/><\/h2>\n<p><strong>Leichtes Gewicht<\/strong><\/p>\n<p><strong>Material:<\/strong> 90% recyceltes Polyester 10% Elastan Futter: 90% Polyester 10% Elastan<\/p>\n<p>Maschinenwaschbar bei 40 Grad<\/p>\n<p>&nbsp;<\/p>\n","protected":false},"excerpt":{"rendered":"<p>Die Pro Hypervent Splits sind leichte und hoch bel\u00fcftete Profi-Laufshorts, die f\u00fcr intensives Training an hei\u00dfen Sommertagen entwickelt wurden. Diese technisch fortschrittliche Laufshorts besteht aus funktionellem Stretch-Polyester und verf\u00fcgt \u00fcber einen bel\u00fcfteten Innenslip aus Polyester-Mesh, der f\u00fcr hervorragende K\u00fchlung und Feuchtigkeitstransport sorgt. Dar\u00fcber hinaus verf\u00fcgt die Hose \u00fcber eine geteilte Seitennaht f\u00fcr mehr Bewegungsfreiheit, einen &hellip; <a href=\"https:\/\/www.miomiorun.com\/de\/produkt\/hypervent-split-shorts-herren\/\">Continued<\/a><\/p>\n","protected":false},"featured_media":55787,"template":"","meta":{"_acf_changed":false,"inline_featured_image":false},"product_brand":[],"product_cat":[6515,6540,6510],"product_tag":[6304,6234],"class_list":{"0":"post-176865","1":"product","2":"type-product","3":"status-publish","4":"has-post-thumbnail","6":"product_cat-herren-de","7":"product_cat-herrenbekleidung","8":"product_cat-shorts","9":"product_tag-craft-de","10":"product_tag-craft-herren-de","11":"pa_attivita-running-de","12":"pa_colore-pro-hypervent-split-shorts-m-black-de","13":"pa_marca-craft-de","14":"pa_sesso-herren","15":"pa_size-small-de","17":"first","18":"instock","19":"sale","20":"taxable","21":"shipping-taxable","22":"purchasable","23":"product-type-variable","24":"wvs-archive-product-wrapper"},"acf":[],"yoast_head":"<!-- This site is optimized with the Yoast SEO plugin v26.8 - https:\/\/yoast.com\/product\/yoast-seo-wordpress\/ -->\n<title>Craft Hypervent Split Shorts herren -Herren-Shorts- MioMioRun<\/title>\n<meta name=\"description\" content=\"Die Pro Hypervent Splits ist eine leichte und sehr gut bel\u00fcftete professionelle Laufshort f\u00fcr das Training.\" \/>\n<meta name=\"robots\" content=\"index, follow, max-snippet:-1, max-image-preview:large, max-video-preview:-1\" \/>\n<link rel=\"canonical\" href=\"https:\/\/www.miomiorun.com\/de\/produkt\/hypervent-split-shorts-herren\/\" \/>\n<meta property=\"og:locale\" content=\"de_DE\" \/>\n<meta property=\"og:type\" content=\"article\" \/>\n<meta property=\"og:title\" content=\"Craft Hypervent Split Shorts herren -Herren-Shorts- MioMioRun\" \/>\n<meta property=\"og:description\" content=\"Die Pro Hypervent Splits ist eine leichte und sehr gut bel\u00fcftete professionelle Laufshort f\u00fcr das Training.\" \/>\n<meta property=\"og:url\" content=\"https:\/\/www.miomiorun.com\/de\/produkt\/hypervent-split-shorts-herren\/\" \/>\n<meta property=\"og:site_name\" content=\"MioMioRun\" \/>\n<meta property=\"article:publisher\" content=\"https:\/\/www.facebook.com\/miomiorun\/\" \/>\n<meta property=\"article:modified_time\" content=\"2024-06-15T09:56:14+00:00\" \/>\n<meta property=\"og:image\" content=\"https:\/\/www.miomiorun.com\/app\/uploads\/2021\/05\/craft-pro-hypervent-split-shorts-1910413-999000.jpg\" \/>\n\t<meta property=\"og:image:width\" content=\"600\" \/>\n\t<meta property=\"og:image:height\" content=\"600\" \/>\n\t<meta property=\"og:image:type\" content=\"image\/jpeg\" \/>\n<meta name=\"twitter:card\" content=\"summary_large_image\" \/>\n<meta name=\"twitter:label1\" content=\"Est. reading time\" \/>\n\t<meta name=\"twitter:data1\" content=\"1 minute\" \/>\n<script type=\"application\/ld+json\" class=\"yoast-schema-graph\">{\"@context\":\"https:\/\/schema.org\",\"@graph\":[{\"@type\":\"WebPage\",\"@id\":\"https:\/\/www.miomiorun.com\/de\/produkt\/hypervent-split-shorts-herren\/\",\"url\":\"https:\/\/www.miomiorun.com\/de\/produkt\/hypervent-split-shorts-herren\/\",\"name\":\"Craft Hypervent Split Shorts herren -Herren-Shorts- MioMioRun\",\"isPartOf\":{\"@id\":\"https:\/\/www.miomiorun.com\/de\/#website\"},\"primaryImageOfPage\":{\"@id\":\"https:\/\/www.miomiorun.com\/de\/produkt\/hypervent-split-shorts-herren\/#primaryimage\"},\"image\":{\"@id\":\"https:\/\/www.miomiorun.com\/de\/produkt\/hypervent-split-shorts-herren\/#primaryimage\"},\"thumbnailUrl\":\"https:\/\/www.miomiorun.com\/app\/uploads\/2021\/05\/craft-pro-hypervent-split-shorts-1910413-999000.jpg\",\"datePublished\":\"2021-05-20T10:05:22+00:00\",\"dateModified\":\"2024-06-15T09:56:14+00:00\",\"description\":\"Die Pro Hypervent Splits ist eine leichte und sehr gut bel\u00fcftete professionelle Laufshort f\u00fcr das Training.\",\"breadcrumb\":{\"@id\":\"https:\/\/www.miomiorun.com\/de\/produkt\/hypervent-split-shorts-herren\/#breadcrumb\"},\"inLanguage\":\"de-DE\",\"potentialAction\":[{\"@type\":\"ReadAction\",\"target\":[\"https:\/\/www.miomiorun.com\/de\/produkt\/hypervent-split-shorts-herren\/\"]}]},{\"@type\":\"ImageObject\",\"inLanguage\":\"de-DE\",\"@id\":\"https:\/\/www.miomiorun.com\/de\/produkt\/hypervent-split-shorts-herren\/#primaryimage\",\"url\":\"https:\/\/www.miomiorun.com\/app\/uploads\/2021\/05\/craft-pro-hypervent-split-shorts-1910413-999000.jpg\",\"contentUrl\":\"https:\/\/www.miomiorun.com\/app\/uploads\/2021\/05\/craft-pro-hypervent-split-shorts-1910413-999000.jpg\",\"width\":600,\"height\":600,\"caption\":\"craft-pro-hypervent-split-shorts-1910413-999000\"},{\"@type\":\"BreadcrumbList\",\"@id\":\"https:\/\/www.miomiorun.com\/de\/produkt\/hypervent-split-shorts-herren\/#breadcrumb\",\"itemListElement\":[{\"@type\":\"ListItem\",\"position\":1,\"name\":\"Home\",\"item\":\"https:\/\/www.miomiorun.com\/de\/\"},{\"@type\":\"ListItem\",\"position\":2,\"name\":\"Shop\",\"item\":\"https:\/\/www.miomiorun.com\/shop\/\"},{\"@type\":\"ListItem\",\"position\":3,\"name\":\"Hypervent Split Shorts herren\"}]},{\"@type\":\"WebSite\",\"@id\":\"https:\/\/www.miomiorun.com\/de\/#website\",\"url\":\"https:\/\/www.miomiorun.com\/de\/\",\"name\":\"MioMioRun\",\"description\":\"100% Lauf- und Trailshop\",\"publisher\":{\"@id\":\"https:\/\/www.miomiorun.com\/de\/#organization\"},\"potentialAction\":[{\"@type\":\"SearchAction\",\"target\":{\"@type\":\"EntryPoint\",\"urlTemplate\":\"https:\/\/www.miomiorun.com\/de\/?s={search_term_string}\"},\"query-input\":{\"@type\":\"PropertyValueSpecification\",\"valueRequired\":true,\"valueName\":\"search_term_string\"}}],\"inLanguage\":\"de-DE\"},{\"@type\":\"Organization\",\"@id\":\"https:\/\/www.miomiorun.com\/de\/#organization\",\"name\":\"MioMio Run\",\"url\":\"https:\/\/www.miomiorun.com\/de\/\",\"logo\":{\"@type\":\"ImageObject\",\"inLanguage\":\"de-DE\",\"@id\":\"https:\/\/www.miomiorun.com\/de\/#\/schema\/logo\/image\/\",\"url\":\"https:\/\/www.miomiorun.com\/app\/uploads\/2019\/12\/logomio.png\",\"contentUrl\":\"https:\/\/www.miomiorun.com\/app\/uploads\/2019\/12\/logomio.png\",\"width\":115,\"height\":82,\"caption\":\"MioMio Run\"},\"image\":{\"@id\":\"https:\/\/www.miomiorun.com\/de\/#\/schema\/logo\/image\/\"},\"sameAs\":[\"https:\/\/www.facebook.com\/miomiorun\/\",\"https:\/\/www.instagram.com\/miomiorun\/\"]}]}<\/script>\n<!-- \/ Yoast SEO plugin. -->","yoast_head_json":{"title":"Craft Hypervent Split Shorts herren -Herren-Shorts- MioMioRun","description":"Die Pro Hypervent Splits ist eine leichte und sehr gut bel\u00fcftete professionelle Laufshort f\u00fcr das Training.","robots":{"index":"index","follow":"follow","max-snippet":"max-snippet:-1","max-image-preview":"max-image-preview:large","max-video-preview":"max-video-preview:-1"},"canonical":"https:\/\/www.miomiorun.com\/de\/produkt\/hypervent-split-shorts-herren\/","og_locale":"de_DE","og_type":"article","og_title":"Craft Hypervent Split Shorts herren -Herren-Shorts- MioMioRun","og_description":"Die Pro Hypervent Splits ist eine leichte und sehr gut bel\u00fcftete professionelle Laufshort f\u00fcr das Training.","og_url":"https:\/\/www.miomiorun.com\/de\/produkt\/hypervent-split-shorts-herren\/","og_site_name":"MioMioRun","article_publisher":"https:\/\/www.facebook.com\/miomiorun\/","article_modified_time":"2024-06-15T09:56:14+00:00","og_image":[{"width":600,"height":600,"url":"https:\/\/www.miomiorun.com\/app\/uploads\/2021\/05\/craft-pro-hypervent-split-shorts-1910413-999000.jpg","type":"image\/jpeg"}],"twitter_card":"summary_large_image","twitter_misc":{"Est. reading time":"1 minute"},"schema":{"@context":"https:\/\/schema.org","@graph":[{"@type":"WebPage","@id":"https:\/\/www.miomiorun.com\/de\/produkt\/hypervent-split-shorts-herren\/","url":"https:\/\/www.miomiorun.com\/de\/produkt\/hypervent-split-shorts-herren\/","name":"Craft Hypervent Split Shorts herren -Herren-Shorts- MioMioRun","isPartOf":{"@id":"https:\/\/www.miomiorun.com\/de\/#website"},"primaryImageOfPage":{"@id":"https:\/\/www.miomiorun.com\/de\/produkt\/hypervent-split-shorts-herren\/#primaryimage"},"image":{"@id":"https:\/\/www.miomiorun.com\/de\/produkt\/hypervent-split-shorts-herren\/#primaryimage"},"thumbnailUrl":"https:\/\/www.miomiorun.com\/app\/uploads\/2021\/05\/craft-pro-hypervent-split-shorts-1910413-999000.jpg","datePublished":"2021-05-20T10:05:22+00:00","dateModified":"2024-06-15T09:56:14+00:00","description":"Die Pro Hypervent Splits ist eine leichte und sehr gut bel\u00fcftete professionelle Laufshort f\u00fcr das Training.","breadcrumb":{"@id":"https:\/\/www.miomiorun.com\/de\/produkt\/hypervent-split-shorts-herren\/#breadcrumb"},"inLanguage":"de-DE","potentialAction":[{"@type":"ReadAction","target":["https:\/\/www.miomiorun.com\/de\/produkt\/hypervent-split-shorts-herren\/"]}]},{"@type":"ImageObject","inLanguage":"de-DE","@id":"https:\/\/www.miomiorun.com\/de\/produkt\/hypervent-split-shorts-herren\/#primaryimage","url":"https:\/\/www.miomiorun.com\/app\/uploads\/2021\/05\/craft-pro-hypervent-split-shorts-1910413-999000.jpg","contentUrl":"https:\/\/www.miomiorun.com\/app\/uploads\/2021\/05\/craft-pro-hypervent-split-shorts-1910413-999000.jpg","width":600,"height":600,"caption":"craft-pro-hypervent-split-shorts-1910413-999000"},{"@type":"BreadcrumbList","@id":"https:\/\/www.miomiorun.com\/de\/produkt\/hypervent-split-shorts-herren\/#breadcrumb","itemListElement":[{"@type":"ListItem","position":1,"name":"Home","item":"https:\/\/www.miomiorun.com\/de\/"},{"@type":"ListItem","position":2,"name":"Shop","item":"https:\/\/www.miomiorun.com\/shop\/"},{"@type":"ListItem","position":3,"name":"Hypervent Split Shorts herren"}]},{"@type":"WebSite","@id":"https:\/\/www.miomiorun.com\/de\/#website","url":"https:\/\/www.miomiorun.com\/de\/","name":"MioMioRun","description":"100% Lauf- und Trailshop","publisher":{"@id":"https:\/\/www.miomiorun.com\/de\/#organization"},"potentialAction":[{"@type":"SearchAction","target":{"@type":"EntryPoint","urlTemplate":"https:\/\/www.miomiorun.com\/de\/?s={search_term_string}"},"query-input":{"@type":"PropertyValueSpecification","valueRequired":true,"valueName":"search_term_string"}}],"inLanguage":"de-DE"},{"@type":"Organization","@id":"https:\/\/www.miomiorun.com\/de\/#organization","name":"MioMio Run","url":"https:\/\/www.miomiorun.com\/de\/","logo":{"@type":"ImageObject","inLanguage":"de-DE","@id":"https:\/\/www.miomiorun.com\/de\/#\/schema\/logo\/image\/","url":"https:\/\/www.miomiorun.com\/app\/uploads\/2019\/12\/logomio.png","contentUrl":"https:\/\/www.miomiorun.com\/app\/uploads\/2019\/12\/logomio.png","width":115,"height":82,"caption":"MioMio Run"},"image":{"@id":"https:\/\/www.miomiorun.com\/de\/#\/schema\/logo\/image\/"},"sameAs":["https:\/\/www.facebook.com\/miomiorun\/","https:\/\/www.instagram.com\/miomiorun\/"]}]}},"_links":{"self":[{"href":"https:\/\/www.miomiorun.com\/de\/wp-json\/wp\/v2\/product\/176865","targetHints":{"allow":["GET"]}}],"collection":[{"href":"https:\/\/www.miomiorun.com\/de\/wp-json\/wp\/v2\/product"}],"about":[{"href":"https:\/\/www.miomiorun.com\/de\/wp-json\/wp\/v2\/types\/product"}],"wp:featuredmedia":[{"embeddable":true,"href":"https:\/\/www.miomiorun.com\/de\/wp-json\/wp\/v2\/media\/55787"}],"wp:attachment":[{"href":"https:\/\/www.miomiorun.com\/de\/wp-json\/wp\/v2\/media?parent=176865"}],"wp:term":[{"taxonomy":"product_brand","embeddable":true,"href":"https:\/\/www.miomiorun.com\/de\/wp-json\/wp\/v2\/product_brand?post=176865"},{"taxonomy":"product_cat","embeddable":true,"href":"https:\/\/www.miomiorun.com\/de\/wp-json\/wp\/v2\/product_cat?post=176865"},{"taxonomy":"product_tag","embeddable":true,"href":"https:\/\/www.miomiorun.com\/de\/wp-json\/wp\/v2\/product_tag?post=176865"}],"curies":[{"name":"wp","href":"https:\/\/api.w.org\/{rel}","templated":true}]}}