{"id":176861,"date":"2021-11-02T17:58:08","date_gmt":"2021-11-02T16:58:08","guid":{"rendered":"https:\/\/miomiorun.com\/prodotto\/uyn-exceleration-wind-pants-uomo\/"},"modified":"2026-05-08T21:19:46","modified_gmt":"2026-05-08T19:19:46","slug":"exceleration-wind-pants-herren","status":"publish","type":"product","link":"https:\/\/www.miomiorun.com\/de\/produkt\/exceleration-wind-pants-herren\/","title":{"rendered":"Exceleration Wind Pants herren"},"content":{"rendered":"<p>Die <strong>Exceleration Wind Hose<\/strong> f\u00fcr Herren mit winddichtem Einsatz an der Vorderseite ist ideal zum Laufen und f\u00fcr Outdoor-Aktivit\u00e4ten an kalten Tagen. Die beiden Seitentaschen sind so optimiert, dass sie die Bewegungsfreiheit nicht einschr\u00e4nken. Der regul\u00e4re Schnitt mit flexiblen Rippb\u00fcndchen am Unterschenkel garantiert maximale Bewegungsfreiheit, ob beim intensiven Training oder bei Spazierg\u00e4ngen in der Natur. Die Hauptstruktur der Hose besteht aus einem leicht genetzten und atmungsaktiven Gewebe, das hilft, die ideale K\u00f6rpertemperatur zu halten. Im Wadenbereich hat UYN eine W\u00e4rmespeichertechnologie eingef\u00fchrt, die es den Muskeln erm\u00f6glicht, warm und leistungsf\u00e4hig zu bleiben.<\/p>\n<p><strong>Windschutz<\/strong><br \/>\nEine fortschrittliche Konstruktionstechnik erm\u00f6glicht es, winddichte Paneele in das Design des Kleidungsst\u00fccks zu integrieren. Dies bietet Schutz vor den Elementen und erh\u00f6ht gleichzeitig den Komfort. Die winddichte Oberfl\u00e4che in Kombination mit der ultra-stretchigen Membrain115-Membran ist flexibel und ergonomisch; es gibt kein Gef\u00fchl der Steifheit des Gewebes, das Ihr Lauferlebnis beeintr\u00e4chtigen k\u00f6nnte.<\/p>\n<p><strong>Membrane 115<\/strong><br \/>\nDank einer neuen Produktionsmethode ist eine revolution\u00e4re Hybridjacke entstanden. Ein neues, hochintelligentes Material: Es denkt mit Ihnen und f\u00fchlt mit Ihnen. Die mit der Trikotstruktur verbundene Membran ist extrem elastisch und passt sich der Elastizit\u00e4t des Trikots perfekt an. Dank dieser v\u00f6llig neuen Konstruktion ist die Membrain 115 ebenso wasserdicht wie atmungsaktiv, winddicht und nat\u00fcrlich extrem strapazierf\u00e4hig.<\/p>\n<p><strong>W\u00e4rmespeicher<\/strong><br \/>\nEs w\u00e4rmt, wenn Sie sich ausruhen. Die isolierenden Luftkammern der W\u00e4rmespeichertechnologie sch\u00fctzen den K\u00f6rper vor dem Ausk\u00fchlen. Das ist besonders wichtig, wenn die Muskeln nach dem Sport ausk\u00fchlen. So bleibt Ihr K\u00f6rper warm und leistungsf\u00e4hig.<\/p>\n<p><strong>Flexible Rippen<\/strong><br \/>\nDie parallelen dreidimensionalen Strukturen erh\u00f6hen die F\u00e4higkeit des Gewebes, sich zu dehnen und in seine urspr\u00fcngliche Form zur\u00fcckzukehren, und sorgen so f\u00fcr eine optimale Passform. Sie dienen auch als Abstandshalter, wenn eine zus\u00e4tzliche Schicht getragen wird, und erleichtern die Luftzirkulation zwischen den beiden Schichten.<\/p>\n<p><strong>Texlyte Nano<\/strong><br \/>\nUYN hat Texlyte Nano-Garn an strategischen Stellen eingesetzt, um den Schwei\u00df schnell nach au\u00dfen zu transportieren und ein lang anhaltendes Wohlbefinden zu gew\u00e4hrleisten. Texlyte Nano besteht aus Polypropylen, einer der leichtesten Synthetikfasern auf dem Markt: Sie ist 34% leichter als Polyester. Texlyte Nano ist au\u00dferdem vollst\u00e4ndig recycelbar und damit 34 % leichter als Polyester. Tex-lyte Nano ist au\u00dferdem vollst\u00e4ndig recycelbar und daher umweltfreundlich.<\/p>\n<p>&nbsp;<\/p>\n","protected":false},"excerpt":{"rendered":"<p>Die Exceleration Wind Hose f\u00fcr Herren mit winddichtem Einsatz an der Vorderseite ist ideal zum Laufen und f\u00fcr Outdoor-Aktivit\u00e4ten an kalten Tagen. Die beiden Seitentaschen sind so optimiert, dass sie die Bewegungsfreiheit nicht einschr\u00e4nken. Der regul\u00e4re Schnitt mit flexiblen Rippb\u00fcndchen am Unterschenkel garantiert maximale Bewegungsfreiheit, ob beim intensiven Training oder bei Spazierg\u00e4ngen in der Natur. &hellip; <a href=\"https:\/\/www.miomiorun.com\/de\/produkt\/exceleration-wind-pants-herren\/\">Continued<\/a><\/p>\n","protected":false},"featured_media":59456,"template":"","meta":{"_acf_changed":false,"inline_featured_image":false},"product_brand":[],"product_cat":[6515,6540,6510,6511],"product_tag":[6315,6296],"class_list":{"0":"post-176861","1":"product","2":"type-product","3":"status-publish","4":"has-post-thumbnail","6":"product_cat-herren-de","7":"product_cat-herrenbekleidung","8":"product_cat-shorts","9":"product_cat-waesche","10":"product_tag-uyn-de","11":"product_tag-uyn-herren-de","12":"pa_attivita-gehen","13":"pa_attivita-running-de","14":"pa_marca-uyn-de","15":"pa_sesso-herren","16":"pa_size-large-de","18":"first","19":"instock","20":"sale","21":"taxable","22":"shipping-taxable","23":"purchasable","24":"product-type-variable","25":"wvs-archive-product-wrapper"},"acf":[],"yoast_head":"<!-- This site is optimized with the Yoast SEO plugin v26.8 - https:\/\/yoast.com\/product\/yoast-seo-wordpress\/ -->\n<title>Uyn Exceleration Wind Pants herren - Thermohose - MioMioRun<\/title>\n<meta name=\"description\" content=\"Die Exceleration Wind Hose f\u00fcr Herren mit winddichtem Einsatz an der Vorderseite ist ideal zum Laufen und f\u00fcr Outdoor-Aktivit\u00e4ten.\" \/>\n<meta name=\"robots\" content=\"index, follow, max-snippet:-1, max-image-preview:large, max-video-preview:-1\" \/>\n<link rel=\"canonical\" href=\"https:\/\/www.miomiorun.com\/de\/produkt\/exceleration-wind-pants-herren\/\" \/>\n<meta property=\"og:locale\" content=\"de_DE\" \/>\n<meta property=\"og:type\" content=\"article\" \/>\n<meta property=\"og:title\" content=\"Uyn Exceleration Wind Pants herren - Thermohose - MioMioRun\" \/>\n<meta property=\"og:description\" content=\"Die Exceleration Wind Hose f\u00fcr Herren mit winddichtem Einsatz an der Vorderseite ist ideal zum Laufen und f\u00fcr Outdoor-Aktivit\u00e4ten.\" \/>\n<meta property=\"og:url\" content=\"https:\/\/www.miomiorun.com\/de\/produkt\/exceleration-wind-pants-herren\/\" \/>\n<meta property=\"og:site_name\" content=\"MioMioRun\" \/>\n<meta property=\"article:publisher\" content=\"https:\/\/www.facebook.com\/miomiorun\/\" \/>\n<meta property=\"article:modified_time\" content=\"2026-05-08T19:19:46+00:00\" \/>\n<meta property=\"og:image\" content=\"https:\/\/www.miomiorun.com\/app\/uploads\/2021\/11\/uyn-exceleration-wind-pants-O102170-93B646.jpg\" \/>\n\t<meta property=\"og:image:width\" content=\"600\" \/>\n\t<meta property=\"og:image:height\" content=\"600\" \/>\n\t<meta property=\"og:image:type\" content=\"image\/jpeg\" \/>\n<meta name=\"twitter:card\" content=\"summary_large_image\" \/>\n<meta name=\"twitter:label1\" content=\"Est. reading time\" \/>\n\t<meta name=\"twitter:data1\" content=\"2 minutes\" \/>\n<script type=\"application\/ld+json\" class=\"yoast-schema-graph\">{\"@context\":\"https:\/\/schema.org\",\"@graph\":[{\"@type\":\"WebPage\",\"@id\":\"https:\/\/www.miomiorun.com\/de\/produkt\/exceleration-wind-pants-herren\/\",\"url\":\"https:\/\/www.miomiorun.com\/de\/produkt\/exceleration-wind-pants-herren\/\",\"name\":\"Uyn Exceleration Wind Pants herren - Thermohose - MioMioRun\",\"isPartOf\":{\"@id\":\"https:\/\/www.miomiorun.com\/de\/#website\"},\"primaryImageOfPage\":{\"@id\":\"https:\/\/www.miomiorun.com\/de\/produkt\/exceleration-wind-pants-herren\/#primaryimage\"},\"image\":{\"@id\":\"https:\/\/www.miomiorun.com\/de\/produkt\/exceleration-wind-pants-herren\/#primaryimage\"},\"thumbnailUrl\":\"https:\/\/www.miomiorun.com\/app\/uploads\/2021\/11\/uyn-exceleration-wind-pants-O102170-93B646.jpg\",\"datePublished\":\"2021-11-02T16:58:08+00:00\",\"dateModified\":\"2026-05-08T19:19:46+00:00\",\"description\":\"Die Exceleration Wind Hose f\u00fcr Herren mit winddichtem Einsatz an der Vorderseite ist ideal zum Laufen und f\u00fcr Outdoor-Aktivit\u00e4ten.\",\"breadcrumb\":{\"@id\":\"https:\/\/www.miomiorun.com\/de\/produkt\/exceleration-wind-pants-herren\/#breadcrumb\"},\"inLanguage\":\"de-DE\",\"potentialAction\":[{\"@type\":\"ReadAction\",\"target\":[\"https:\/\/www.miomiorun.com\/de\/produkt\/exceleration-wind-pants-herren\/\"]}]},{\"@type\":\"ImageObject\",\"inLanguage\":\"de-DE\",\"@id\":\"https:\/\/www.miomiorun.com\/de\/produkt\/exceleration-wind-pants-herren\/#primaryimage\",\"url\":\"https:\/\/www.miomiorun.com\/app\/uploads\/2021\/11\/uyn-exceleration-wind-pants-O102170-93B646.jpg\",\"contentUrl\":\"https:\/\/www.miomiorun.com\/app\/uploads\/2021\/11\/uyn-exceleration-wind-pants-O102170-93B646.jpg\",\"width\":600,\"height\":600,\"caption\":\"uyn exceleration wind pants\"},{\"@type\":\"BreadcrumbList\",\"@id\":\"https:\/\/www.miomiorun.com\/de\/produkt\/exceleration-wind-pants-herren\/#breadcrumb\",\"itemListElement\":[{\"@type\":\"ListItem\",\"position\":1,\"name\":\"Home\",\"item\":\"https:\/\/www.miomiorun.com\/de\/\"},{\"@type\":\"ListItem\",\"position\":2,\"name\":\"Shop\",\"item\":\"https:\/\/www.miomiorun.com\/shop\/\"},{\"@type\":\"ListItem\",\"position\":3,\"name\":\"Exceleration Wind Pants herren\"}]},{\"@type\":\"WebSite\",\"@id\":\"https:\/\/www.miomiorun.com\/de\/#website\",\"url\":\"https:\/\/www.miomiorun.com\/de\/\",\"name\":\"MioMioRun\",\"description\":\"100% Lauf- und Trailshop\",\"publisher\":{\"@id\":\"https:\/\/www.miomiorun.com\/de\/#organization\"},\"potentialAction\":[{\"@type\":\"SearchAction\",\"target\":{\"@type\":\"EntryPoint\",\"urlTemplate\":\"https:\/\/www.miomiorun.com\/de\/?s={search_term_string}\"},\"query-input\":{\"@type\":\"PropertyValueSpecification\",\"valueRequired\":true,\"valueName\":\"search_term_string\"}}],\"inLanguage\":\"de-DE\"},{\"@type\":\"Organization\",\"@id\":\"https:\/\/www.miomiorun.com\/de\/#organization\",\"name\":\"MioMio Run\",\"url\":\"https:\/\/www.miomiorun.com\/de\/\",\"logo\":{\"@type\":\"ImageObject\",\"inLanguage\":\"de-DE\",\"@id\":\"https:\/\/www.miomiorun.com\/de\/#\/schema\/logo\/image\/\",\"url\":\"https:\/\/www.miomiorun.com\/app\/uploads\/2019\/12\/logomio.png\",\"contentUrl\":\"https:\/\/www.miomiorun.com\/app\/uploads\/2019\/12\/logomio.png\",\"width\":115,\"height\":82,\"caption\":\"MioMio Run\"},\"image\":{\"@id\":\"https:\/\/www.miomiorun.com\/de\/#\/schema\/logo\/image\/\"},\"sameAs\":[\"https:\/\/www.facebook.com\/miomiorun\/\",\"https:\/\/www.instagram.com\/miomiorun\/\"]}]}<\/script>\n<!-- \/ Yoast SEO plugin. -->","yoast_head_json":{"title":"Uyn Exceleration Wind Pants herren - Thermohose - MioMioRun","description":"Die Exceleration Wind Hose f\u00fcr Herren mit winddichtem Einsatz an der Vorderseite ist ideal zum Laufen und f\u00fcr Outdoor-Aktivit\u00e4ten.","robots":{"index":"index","follow":"follow","max-snippet":"max-snippet:-1","max-image-preview":"max-image-preview:large","max-video-preview":"max-video-preview:-1"},"canonical":"https:\/\/www.miomiorun.com\/de\/produkt\/exceleration-wind-pants-herren\/","og_locale":"de_DE","og_type":"article","og_title":"Uyn Exceleration Wind Pants herren - Thermohose - MioMioRun","og_description":"Die Exceleration Wind Hose f\u00fcr Herren mit winddichtem Einsatz an der Vorderseite ist ideal zum Laufen und f\u00fcr Outdoor-Aktivit\u00e4ten.","og_url":"https:\/\/www.miomiorun.com\/de\/produkt\/exceleration-wind-pants-herren\/","og_site_name":"MioMioRun","article_publisher":"https:\/\/www.facebook.com\/miomiorun\/","article_modified_time":"2026-05-08T19:19:46+00:00","og_image":[{"width":600,"height":600,"url":"https:\/\/www.miomiorun.com\/app\/uploads\/2021\/11\/uyn-exceleration-wind-pants-O102170-93B646.jpg","type":"image\/jpeg"}],"twitter_card":"summary_large_image","twitter_misc":{"Est. reading time":"2 minutes"},"schema":{"@context":"https:\/\/schema.org","@graph":[{"@type":"WebPage","@id":"https:\/\/www.miomiorun.com\/de\/produkt\/exceleration-wind-pants-herren\/","url":"https:\/\/www.miomiorun.com\/de\/produkt\/exceleration-wind-pants-herren\/","name":"Uyn Exceleration Wind Pants herren - Thermohose - MioMioRun","isPartOf":{"@id":"https:\/\/www.miomiorun.com\/de\/#website"},"primaryImageOfPage":{"@id":"https:\/\/www.miomiorun.com\/de\/produkt\/exceleration-wind-pants-herren\/#primaryimage"},"image":{"@id":"https:\/\/www.miomiorun.com\/de\/produkt\/exceleration-wind-pants-herren\/#primaryimage"},"thumbnailUrl":"https:\/\/www.miomiorun.com\/app\/uploads\/2021\/11\/uyn-exceleration-wind-pants-O102170-93B646.jpg","datePublished":"2021-11-02T16:58:08+00:00","dateModified":"2026-05-08T19:19:46+00:00","description":"Die Exceleration Wind Hose f\u00fcr Herren mit winddichtem Einsatz an der Vorderseite ist ideal zum Laufen und f\u00fcr Outdoor-Aktivit\u00e4ten.","breadcrumb":{"@id":"https:\/\/www.miomiorun.com\/de\/produkt\/exceleration-wind-pants-herren\/#breadcrumb"},"inLanguage":"de-DE","potentialAction":[{"@type":"ReadAction","target":["https:\/\/www.miomiorun.com\/de\/produkt\/exceleration-wind-pants-herren\/"]}]},{"@type":"ImageObject","inLanguage":"de-DE","@id":"https:\/\/www.miomiorun.com\/de\/produkt\/exceleration-wind-pants-herren\/#primaryimage","url":"https:\/\/www.miomiorun.com\/app\/uploads\/2021\/11\/uyn-exceleration-wind-pants-O102170-93B646.jpg","contentUrl":"https:\/\/www.miomiorun.com\/app\/uploads\/2021\/11\/uyn-exceleration-wind-pants-O102170-93B646.jpg","width":600,"height":600,"caption":"uyn exceleration wind pants"},{"@type":"BreadcrumbList","@id":"https:\/\/www.miomiorun.com\/de\/produkt\/exceleration-wind-pants-herren\/#breadcrumb","itemListElement":[{"@type":"ListItem","position":1,"name":"Home","item":"https:\/\/www.miomiorun.com\/de\/"},{"@type":"ListItem","position":2,"name":"Shop","item":"https:\/\/www.miomiorun.com\/shop\/"},{"@type":"ListItem","position":3,"name":"Exceleration Wind Pants herren"}]},{"@type":"WebSite","@id":"https:\/\/www.miomiorun.com\/de\/#website","url":"https:\/\/www.miomiorun.com\/de\/","name":"MioMioRun","description":"100% Lauf- und Trailshop","publisher":{"@id":"https:\/\/www.miomiorun.com\/de\/#organization"},"potentialAction":[{"@type":"SearchAction","target":{"@type":"EntryPoint","urlTemplate":"https:\/\/www.miomiorun.com\/de\/?s={search_term_string}"},"query-input":{"@type":"PropertyValueSpecification","valueRequired":true,"valueName":"search_term_string"}}],"inLanguage":"de-DE"},{"@type":"Organization","@id":"https:\/\/www.miomiorun.com\/de\/#organization","name":"MioMio Run","url":"https:\/\/www.miomiorun.com\/de\/","logo":{"@type":"ImageObject","inLanguage":"de-DE","@id":"https:\/\/www.miomiorun.com\/de\/#\/schema\/logo\/image\/","url":"https:\/\/www.miomiorun.com\/app\/uploads\/2019\/12\/logomio.png","contentUrl":"https:\/\/www.miomiorun.com\/app\/uploads\/2019\/12\/logomio.png","width":115,"height":82,"caption":"MioMio Run"},"image":{"@id":"https:\/\/www.miomiorun.com\/de\/#\/schema\/logo\/image\/"},"sameAs":["https:\/\/www.facebook.com\/miomiorun\/","https:\/\/www.instagram.com\/miomiorun\/"]}]}},"_links":{"self":[{"href":"https:\/\/www.miomiorun.com\/de\/wp-json\/wp\/v2\/product\/176861","targetHints":{"allow":["GET"]}}],"collection":[{"href":"https:\/\/www.miomiorun.com\/de\/wp-json\/wp\/v2\/product"}],"about":[{"href":"https:\/\/www.miomiorun.com\/de\/wp-json\/wp\/v2\/types\/product"}],"wp:featuredmedia":[{"embeddable":true,"href":"https:\/\/www.miomiorun.com\/de\/wp-json\/wp\/v2\/media\/59456"}],"wp:attachment":[{"href":"https:\/\/www.miomiorun.com\/de\/wp-json\/wp\/v2\/media?parent=176861"}],"wp:term":[{"taxonomy":"product_brand","embeddable":true,"href":"https:\/\/www.miomiorun.com\/de\/wp-json\/wp\/v2\/product_brand?post=176861"},{"taxonomy":"product_cat","embeddable":true,"href":"https:\/\/www.miomiorun.com\/de\/wp-json\/wp\/v2\/product_cat?post=176861"},{"taxonomy":"product_tag","embeddable":true,"href":"https:\/\/www.miomiorun.com\/de\/wp-json\/wp\/v2\/product_tag?post=176861"}],"curies":[{"name":"wp","href":"https:\/\/api.w.org\/{rel}","templated":true}]}}