{"id":176829,"date":"2024-04-10T19:09:09","date_gmt":"2024-04-10T17:09:09","guid":{"rendered":"https:\/\/miomiorun.com\/prodotto\/scout-short-uomo\/"},"modified":"2026-05-08T18:31:08","modified_gmt":"2026-05-08T16:31:08","slug":"scout-short-herren","status":"publish","type":"product","link":"https:\/\/www.miomiorun.com\/de\/produkt\/scout-short-herren\/","title":{"rendered":"Scout Short herren"},"content":{"rendered":"<p>Die <strong>Scout Shorts<\/strong> f\u00fcr Herren ist eine vielseitige und funktionelle Shorts dank der technischen Kombination von zwei Stoffen und zahlreichen Taschen. Gewidmet dem leidenschaftlichen und anspruchsvollen Wanderer, der Komfort, Unterst\u00fctzung und Schutz sucht.<\/p>\n<p><strong>Technologien:<\/strong><\/p>\n<p>&nbsp;<\/p>\n<p>&nbsp;<\/p>\n<p><img decoding=\"async\" src=\"https:\/\/www.lasportiva.com\/media\/techinfo_icons\/elasticita.png\" alt=\"La Sportiva\" \/><\/p>\n<p><strong>Elastizit\u00e4t:<\/strong><br \/>\nBequeme und reaktionsschnelle Kleidungsst\u00fccke, die maximale Bewegungsfreiheit garantieren.<\/p>\n<div class=\"data item content\" role=\"tabpanel\" aria-labelledby=\"tab-label-techinfo\" data-role=\"content\" aria-hidden=\"false\">\n<div class=\"techinfo-container\">\n<div class=\"techinfo-icons\">\n<div class=\"techinfo-icon\"><\/div>\n<div class=\"techinfo-icon\"><\/div>\n<div class=\"techinfo-icon\"><a><img decoding=\"async\" src=\"https:\/\/www.lasportiva.com\/media\/techinfo_icons\/leggerezza.png\" alt=\"La Sportiva\" \/><\/a><\/div>\n<div><strong>Leichtigkeit:<\/strong> Produkte, die das Gewicht auf ein Minimum reduzieren<\/div>\n<div><\/div>\n<div class=\"techinfo-icon\"><\/div>\n<div class=\"techinfo-icon\"><\/div>\n<div class=\"techinfo-icon\"><a><img decoding=\"async\" src=\"https:\/\/www.lasportiva.com\/media\/techinfo_icons\/traspirabilita.png\" alt=\"La Sportiva\" \/><\/a><\/div>\n<div><strong>Atmungsaktivit\u00e4t:<\/strong> Hochgradig atmungsaktive Produkte f\u00fcr optimalen Klimakomfort.<\/div>\n<\/div>\n<\/div>\n<\/div>\n<div><\/div>\n<div><\/div>\n<div><\/div>\n<div><\/div>\n<div class=\"data item content\" role=\"tabpanel\" aria-labelledby=\"tab-label-techinfo\" data-role=\"content\" aria-hidden=\"false\">\n<div class=\"techinfo-container\">\n<div class=\"techinfo-icons\">\n<div><a class=\"d-flex flex-column align-items-center text-center\"><img loading=\"lazy\" decoding=\"async\" class=\" lazyloaded\" src=\"https:\/\/www.lasportiva.com\/media\/techinfo_icons\/durabilita.png\" alt=\"La Sportiva\" width=\"75\" height=\"75\" data-src=\"https:\/\/www.lasportiva.com\/media\/techinfo_icons\/durabilita.png\" \/><\/a><\/div>\n<div><strong>Langlebigkeit:<\/strong><br \/>\n\u00c4u\u00dferst verschlei\u00dffeste Produkte.<\/div>\n<\/div>\n<\/div>\n<\/div>\n<div><\/div>\n<div><\/div>\n<div><\/div>\n<div><a class=\"d-flex flex-column align-items-center text-center\"> <img loading=\"lazy\" decoding=\"async\" class=\" lazyloaded\" src=\"https:\/\/www.lasportiva.com\/media\/techinfo_icons\/regular-fit.png\" alt=\"La Sportiva\" width=\"75\" height=\"75\" data-src=\"https:\/\/www.lasportiva.com\/media\/techinfo_icons\/regular-fit.png\" \/><\/a><\/div>\n<div><strong>Normale Passform:<\/strong><br \/>\nTechnischer und bequemer Schnitt.<\/div>\n<div><\/div>\n<div><\/div>\n<div><\/div>\n<div><\/div>\n<div><a class=\"d-flex flex-column align-items-center text-center\"> <img loading=\"lazy\" decoding=\"async\" class=\" lazyloaded\" src=\"https:\/\/www.lasportiva.com\/media\/techinfo_icons\/L2.png\" alt=\"La Sportiva\" width=\"75\" height=\"75\" data-src=\"https:\/\/www.lasportiva.com\/media\/techinfo_icons\/L2.png\" \/> <\/a><\/div>\n<div><strong>L2 &#8211; MITTLERE SCHICHT &amp; W\u00c4RMESCHICHT<\/strong><br \/>\nSorgt f\u00fcr zus\u00e4tzliche W\u00e4rmeisolierung und f\u00f6rdert die Transpiration durch hohe Atmungsaktivit\u00e4t.<\/div>\n<div><\/div>\n<div><\/div>\n<div><\/div>\n<div class=\"data item content\" role=\"tabpanel\" aria-labelledby=\"tab-label-techinfo\" data-role=\"content\" aria-hidden=\"false\">\n<div class=\"techinfo-container\">\n<div><\/div>\n<div class=\"techinfo-description\"><img decoding=\"async\" src=\"https:\/\/www.lasportiva.com\/media\/RECYCLEDfabric_Icone_75x75_1.png\" \/><\/div>\n<p>La Sportiva stellt seit 1928 am Fu\u00dfe der Dolomiten Produkte f\u00fcr die Berge her und achtet deshalb auf jedes Detail, das einen Unterschied f\u00fcr die Umwelt machen kann. Mit den Logos RECYCLED FABRIC &amp; INSULATIONS haben wir umweltvertr\u00e4gliche Produkte gekennzeichnet, bei denen dank unserer Herstellungs- und Konstruktionsentscheidungen Materialien verwendet werden, die aus der Wiederverwendung von Kunststoffen stammen, so dass der Verbraucher einen umweltbewussten und respektvollen Kauf t\u00e4tigen kann.<\/p>\n<p><strong>RECYCELTER STOFF<\/strong><br \/>\nPolyesterfasern, die aus recycelten Plastikflaschen und mit umweltfreundlichen Verfahren hergestellt werden.<br \/>\n&#8211; Kleidungsst\u00fccke aus RECYCLED FABRIC tragen zur Verringerung der Umweltbelastung bei<br \/>\n&#8211; Alle petrochemischen Stoffe wurden durch recycelte Plastikflaschen ersetzt.<br \/>\n&#8211; Der Produktionsprozess von recycelten Fasern reduziert die CO2-Emissionen in die Atmosph\u00e4re um ca. 54% &#8211; Langlebigkeit und Qualit\u00e4t garantiert<\/p>\n<p>&nbsp;<\/p>\n<p><strong>Merkmale:<\/strong><\/p>\n<ul>\n<li>Strukturierter elastischer, verstellbarer Bund mit leichten, aber starken G\u00fcrtelschlaufen<\/li>\n<li>2 Fronttaschen<\/li>\n<li>1 Ges\u00e4\u00dftasche mit Rei\u00dfverschluss, auch als Stautasche<\/li>\n<li>1 Oberschenkeltasche mit Rei\u00dfverschluss<\/li>\n<li>Beininnenl\u00e4nge 26 cm<\/li>\n<\/ul>\n<p><strong>Passform:<\/strong> Regular<br \/>\n<strong>Material:<\/strong> Hauptmaterial: (WSM11) 85% Recyceltes Polyamid, 15% Elastan &#8211; Einsatz: (WSM08) 85% Recyceltes Polyamid, 15% Elastan &#8211; Taschenbeutel: (MSL02) 100% Recyceltes Polyester<br \/>\n<strong>Gewicht:<\/strong> 226 g<\/p>\n<\/div>\n<\/div>\n","protected":false},"excerpt":{"rendered":"<ul>\n<li>Bequeme Hose<\/li>\n<li>Ideal zum Tragen in den Bergen.<\/li>\n<\/ul>\n","protected":false},"featured_media":165376,"template":"","meta":{"_acf_changed":false,"inline_featured_image":false},"product_brand":[],"product_cat":[6515,6540,6510],"product_tag":[6248,6218],"class_list":{"0":"post-176829","1":"product","2":"type-product","3":"status-publish","4":"has-post-thumbnail","6":"product_cat-herren-de","7":"product_cat-herrenbekleidung","8":"product_cat-shorts","9":"product_tag-la-sportiva-de","10":"product_tag-la-sportiva-herren-de","11":"pa_attivita-gehen","12":"pa_attivita-outdoor-de","13":"pa_colore-scout-short-m-deep-sea-de","14":"pa_marca-la-sportiva-de","15":"pa_sesso-herren","16":"pa_size-small-de","17":"pa_size-medium-de","18":"pa_size-large-de","19":"pa_size-extra-large-de","21":"first","22":"instock","23":"sale","24":"taxable","25":"shipping-taxable","26":"purchasable","27":"product-type-variable","28":"wvs-archive-product-wrapper"},"acf":[],"yoast_head":"<!-- This site is optimized with the Yoast SEO plugin v26.8 - https:\/\/yoast.com\/product\/yoast-seo-wordpress\/ -->\n<title>La sportivaScout Short herren - Short -<\/title>\n<meta name=\"description\" content=\"Die Scout Shorts f\u00fcr M\u00e4nner ist eine vielseitige und funktionelle Shorts dank der technischen Kombination von zwei Stoffen und zahlreichen Taschen.\" \/>\n<meta name=\"robots\" content=\"index, follow, max-snippet:-1, max-image-preview:large, max-video-preview:-1\" \/>\n<link rel=\"canonical\" href=\"https:\/\/www.miomiorun.com\/de\/produkt\/scout-short-herren\/\" \/>\n<meta property=\"og:locale\" content=\"de_DE\" \/>\n<meta property=\"og:type\" content=\"article\" \/>\n<meta property=\"og:title\" content=\"La sportivaScout Short herren - Short -\" \/>\n<meta property=\"og:description\" content=\"Die Scout Shorts f\u00fcr M\u00e4nner ist eine vielseitige und funktionelle Shorts dank der technischen Kombination von zwei Stoffen und zahlreichen Taschen.\" \/>\n<meta property=\"og:url\" content=\"https:\/\/www.miomiorun.com\/de\/produkt\/scout-short-herren\/\" \/>\n<meta property=\"og:site_name\" content=\"MioMioRun\" \/>\n<meta property=\"article:publisher\" content=\"https:\/\/www.facebook.com\/miomiorun\/\" \/>\n<meta property=\"article:modified_time\" content=\"2026-05-08T16:31:08+00:00\" \/>\n<meta property=\"og:image\" content=\"https:\/\/www.miomiorun.com\/app\/uploads\/2024\/04\/La-sportiva-Scout-short-M-deep-sea-P59643643.webp\" \/>\n\t<meta property=\"og:image:width\" content=\"600\" \/>\n\t<meta property=\"og:image:height\" content=\"600\" \/>\n\t<meta property=\"og:image:type\" content=\"image\/webp\" \/>\n<meta name=\"twitter:card\" content=\"summary_large_image\" \/>\n<meta name=\"twitter:label1\" content=\"Est. reading time\" \/>\n\t<meta name=\"twitter:data1\" content=\"1 minute\" \/>\n<script type=\"application\/ld+json\" class=\"yoast-schema-graph\">{\"@context\":\"https:\/\/schema.org\",\"@graph\":[{\"@type\":\"WebPage\",\"@id\":\"https:\/\/www.miomiorun.com\/de\/produkt\/scout-short-herren\/\",\"url\":\"https:\/\/www.miomiorun.com\/de\/produkt\/scout-short-herren\/\",\"name\":\"La sportivaScout Short herren - Short -\",\"isPartOf\":{\"@id\":\"https:\/\/www.miomiorun.com\/de\/#website\"},\"primaryImageOfPage\":{\"@id\":\"https:\/\/www.miomiorun.com\/de\/produkt\/scout-short-herren\/#primaryimage\"},\"image\":{\"@id\":\"https:\/\/www.miomiorun.com\/de\/produkt\/scout-short-herren\/#primaryimage\"},\"thumbnailUrl\":\"https:\/\/www.miomiorun.com\/app\/uploads\/2024\/04\/La-sportiva-Scout-short-M-deep-sea-P59643643.webp\",\"datePublished\":\"2024-04-10T17:09:09+00:00\",\"dateModified\":\"2026-05-08T16:31:08+00:00\",\"description\":\"Die Scout Shorts f\u00fcr M\u00e4nner ist eine vielseitige und funktionelle Shorts dank der technischen Kombination von zwei Stoffen und zahlreichen Taschen.\",\"breadcrumb\":{\"@id\":\"https:\/\/www.miomiorun.com\/de\/produkt\/scout-short-herren\/#breadcrumb\"},\"inLanguage\":\"de-DE\",\"potentialAction\":[{\"@type\":\"ReadAction\",\"target\":[\"https:\/\/www.miomiorun.com\/de\/produkt\/scout-short-herren\/\"]}]},{\"@type\":\"ImageObject\",\"inLanguage\":\"de-DE\",\"@id\":\"https:\/\/www.miomiorun.com\/de\/produkt\/scout-short-herren\/#primaryimage\",\"url\":\"https:\/\/www.miomiorun.com\/app\/uploads\/2024\/04\/La-sportiva-Scout-short-M-deep-sea-P59643643.webp\",\"contentUrl\":\"https:\/\/www.miomiorun.com\/app\/uploads\/2024\/04\/La-sportiva-Scout-short-M-deep-sea-P59643643.webp\",\"width\":600,\"height\":600,\"caption\":\"La sportiva Scout short M deep sea P59643643\"},{\"@type\":\"BreadcrumbList\",\"@id\":\"https:\/\/www.miomiorun.com\/de\/produkt\/scout-short-herren\/#breadcrumb\",\"itemListElement\":[{\"@type\":\"ListItem\",\"position\":1,\"name\":\"Home\",\"item\":\"https:\/\/www.miomiorun.com\/de\/\"},{\"@type\":\"ListItem\",\"position\":2,\"name\":\"Shop\",\"item\":\"https:\/\/www.miomiorun.com\/shop\/\"},{\"@type\":\"ListItem\",\"position\":3,\"name\":\"Scout Short herren\"}]},{\"@type\":\"WebSite\",\"@id\":\"https:\/\/www.miomiorun.com\/de\/#website\",\"url\":\"https:\/\/www.miomiorun.com\/de\/\",\"name\":\"MioMioRun\",\"description\":\"100% Lauf- und Trailshop\",\"publisher\":{\"@id\":\"https:\/\/www.miomiorun.com\/de\/#organization\"},\"potentialAction\":[{\"@type\":\"SearchAction\",\"target\":{\"@type\":\"EntryPoint\",\"urlTemplate\":\"https:\/\/www.miomiorun.com\/de\/?s={search_term_string}\"},\"query-input\":{\"@type\":\"PropertyValueSpecification\",\"valueRequired\":true,\"valueName\":\"search_term_string\"}}],\"inLanguage\":\"de-DE\"},{\"@type\":\"Organization\",\"@id\":\"https:\/\/www.miomiorun.com\/de\/#organization\",\"name\":\"MioMio Run\",\"url\":\"https:\/\/www.miomiorun.com\/de\/\",\"logo\":{\"@type\":\"ImageObject\",\"inLanguage\":\"de-DE\",\"@id\":\"https:\/\/www.miomiorun.com\/de\/#\/schema\/logo\/image\/\",\"url\":\"https:\/\/www.miomiorun.com\/app\/uploads\/2019\/12\/logomio.png\",\"contentUrl\":\"https:\/\/www.miomiorun.com\/app\/uploads\/2019\/12\/logomio.png\",\"width\":115,\"height\":82,\"caption\":\"MioMio Run\"},\"image\":{\"@id\":\"https:\/\/www.miomiorun.com\/de\/#\/schema\/logo\/image\/\"},\"sameAs\":[\"https:\/\/www.facebook.com\/miomiorun\/\",\"https:\/\/www.instagram.com\/miomiorun\/\"]}]}<\/script>\n<!-- \/ Yoast SEO plugin. -->","yoast_head_json":{"title":"La sportivaScout Short herren - Short -","description":"Die Scout Shorts f\u00fcr M\u00e4nner ist eine vielseitige und funktionelle Shorts dank der technischen Kombination von zwei Stoffen und zahlreichen Taschen.","robots":{"index":"index","follow":"follow","max-snippet":"max-snippet:-1","max-image-preview":"max-image-preview:large","max-video-preview":"max-video-preview:-1"},"canonical":"https:\/\/www.miomiorun.com\/de\/produkt\/scout-short-herren\/","og_locale":"de_DE","og_type":"article","og_title":"La sportivaScout Short herren - Short -","og_description":"Die Scout Shorts f\u00fcr M\u00e4nner ist eine vielseitige und funktionelle Shorts dank der technischen Kombination von zwei Stoffen und zahlreichen Taschen.","og_url":"https:\/\/www.miomiorun.com\/de\/produkt\/scout-short-herren\/","og_site_name":"MioMioRun","article_publisher":"https:\/\/www.facebook.com\/miomiorun\/","article_modified_time":"2026-05-08T16:31:08+00:00","og_image":[{"width":600,"height":600,"url":"https:\/\/www.miomiorun.com\/app\/uploads\/2024\/04\/La-sportiva-Scout-short-M-deep-sea-P59643643.webp","type":"image\/webp"}],"twitter_card":"summary_large_image","twitter_misc":{"Est. reading time":"1 minute"},"schema":{"@context":"https:\/\/schema.org","@graph":[{"@type":"WebPage","@id":"https:\/\/www.miomiorun.com\/de\/produkt\/scout-short-herren\/","url":"https:\/\/www.miomiorun.com\/de\/produkt\/scout-short-herren\/","name":"La sportivaScout Short herren - Short -","isPartOf":{"@id":"https:\/\/www.miomiorun.com\/de\/#website"},"primaryImageOfPage":{"@id":"https:\/\/www.miomiorun.com\/de\/produkt\/scout-short-herren\/#primaryimage"},"image":{"@id":"https:\/\/www.miomiorun.com\/de\/produkt\/scout-short-herren\/#primaryimage"},"thumbnailUrl":"https:\/\/www.miomiorun.com\/app\/uploads\/2024\/04\/La-sportiva-Scout-short-M-deep-sea-P59643643.webp","datePublished":"2024-04-10T17:09:09+00:00","dateModified":"2026-05-08T16:31:08+00:00","description":"Die Scout Shorts f\u00fcr M\u00e4nner ist eine vielseitige und funktionelle Shorts dank der technischen Kombination von zwei Stoffen und zahlreichen Taschen.","breadcrumb":{"@id":"https:\/\/www.miomiorun.com\/de\/produkt\/scout-short-herren\/#breadcrumb"},"inLanguage":"de-DE","potentialAction":[{"@type":"ReadAction","target":["https:\/\/www.miomiorun.com\/de\/produkt\/scout-short-herren\/"]}]},{"@type":"ImageObject","inLanguage":"de-DE","@id":"https:\/\/www.miomiorun.com\/de\/produkt\/scout-short-herren\/#primaryimage","url":"https:\/\/www.miomiorun.com\/app\/uploads\/2024\/04\/La-sportiva-Scout-short-M-deep-sea-P59643643.webp","contentUrl":"https:\/\/www.miomiorun.com\/app\/uploads\/2024\/04\/La-sportiva-Scout-short-M-deep-sea-P59643643.webp","width":600,"height":600,"caption":"La sportiva Scout short M deep sea P59643643"},{"@type":"BreadcrumbList","@id":"https:\/\/www.miomiorun.com\/de\/produkt\/scout-short-herren\/#breadcrumb","itemListElement":[{"@type":"ListItem","position":1,"name":"Home","item":"https:\/\/www.miomiorun.com\/de\/"},{"@type":"ListItem","position":2,"name":"Shop","item":"https:\/\/www.miomiorun.com\/shop\/"},{"@type":"ListItem","position":3,"name":"Scout Short herren"}]},{"@type":"WebSite","@id":"https:\/\/www.miomiorun.com\/de\/#website","url":"https:\/\/www.miomiorun.com\/de\/","name":"MioMioRun","description":"100% Lauf- und Trailshop","publisher":{"@id":"https:\/\/www.miomiorun.com\/de\/#organization"},"potentialAction":[{"@type":"SearchAction","target":{"@type":"EntryPoint","urlTemplate":"https:\/\/www.miomiorun.com\/de\/?s={search_term_string}"},"query-input":{"@type":"PropertyValueSpecification","valueRequired":true,"valueName":"search_term_string"}}],"inLanguage":"de-DE"},{"@type":"Organization","@id":"https:\/\/www.miomiorun.com\/de\/#organization","name":"MioMio Run","url":"https:\/\/www.miomiorun.com\/de\/","logo":{"@type":"ImageObject","inLanguage":"de-DE","@id":"https:\/\/www.miomiorun.com\/de\/#\/schema\/logo\/image\/","url":"https:\/\/www.miomiorun.com\/app\/uploads\/2019\/12\/logomio.png","contentUrl":"https:\/\/www.miomiorun.com\/app\/uploads\/2019\/12\/logomio.png","width":115,"height":82,"caption":"MioMio Run"},"image":{"@id":"https:\/\/www.miomiorun.com\/de\/#\/schema\/logo\/image\/"},"sameAs":["https:\/\/www.facebook.com\/miomiorun\/","https:\/\/www.instagram.com\/miomiorun\/"]}]}},"_links":{"self":[{"href":"https:\/\/www.miomiorun.com\/de\/wp-json\/wp\/v2\/product\/176829","targetHints":{"allow":["GET"]}}],"collection":[{"href":"https:\/\/www.miomiorun.com\/de\/wp-json\/wp\/v2\/product"}],"about":[{"href":"https:\/\/www.miomiorun.com\/de\/wp-json\/wp\/v2\/types\/product"}],"wp:featuredmedia":[{"embeddable":true,"href":"https:\/\/www.miomiorun.com\/de\/wp-json\/wp\/v2\/media\/165376"}],"wp:attachment":[{"href":"https:\/\/www.miomiorun.com\/de\/wp-json\/wp\/v2\/media?parent=176829"}],"wp:term":[{"taxonomy":"product_brand","embeddable":true,"href":"https:\/\/www.miomiorun.com\/de\/wp-json\/wp\/v2\/product_brand?post=176829"},{"taxonomy":"product_cat","embeddable":true,"href":"https:\/\/www.miomiorun.com\/de\/wp-json\/wp\/v2\/product_cat?post=176829"},{"taxonomy":"product_tag","embeddable":true,"href":"https:\/\/www.miomiorun.com\/de\/wp-json\/wp\/v2\/product_tag?post=176829"}],"curies":[{"name":"wp","href":"https:\/\/api.w.org\/{rel}","templated":true}]}}