{"id":176823,"date":"2020-03-29T11:55:42","date_gmt":"2020-03-29T09:55:42","guid":{"rendered":"https:\/\/miomiorun.com\/prodotto\/la-sportiva-radial-pant-uomo\/"},"modified":"2026-05-08T20:37:33","modified_gmt":"2026-05-08T18:37:33","slug":"radial-pant-herren","status":"publish","type":"product","link":"https:\/\/www.miomiorun.com\/de\/produkt\/radial-pant-herren\/","title":{"rendered":"Radial Pant herren"},"content":{"rendered":"<p>Eine lange Hose, die dem L\u00e4ufer gewidmet ist, der auch in den k\u00e4ltesten Monaten nicht aufh\u00f6rt. Die Radial Pant kann als Unterhose in Kombination mit einer Shorts oder allein verwendet werden.<br \/>\nSie ist bequem und dank ihrer flachen N\u00e4hte scheuerfrei und verf\u00fcgt \u00fcber reflektierende Details f\u00fcr bessere Sichtbarkeit bei Nachtl\u00e4ufen.<\/p>\n<p>+ Ergonomische Passform<br \/>\n+ Ges\u00e4\u00dftasche mit Rei\u00dfverschluss<br \/>\n+ Gro\u00dfe reflektierende Details f\u00fcr bessere Sichtbarkeit in der Nacht<br \/>\n+ Flachn\u00e4hte mit Scheuerschutz<br \/>\n+ Rei\u00dfverschluss am unteren Bein<br \/>\n+ Bequemer, elastischer Taillenbund<\/p>\n<p>&nbsp;<\/p>\n<p><strong>Passform :<\/strong> Schlank<br \/>\n<strong>Materialien :<\/strong> Hauptmaterial : [PN20] 80% Polyamid, 20% EA<br \/>\n<strong>Gewicht :<\/strong> 220g (L)<\/p>\n","protected":false},"excerpt":{"rendered":"<p>Sie ist bequem und dank der flachen N\u00e4hte scheuerfrei und verf\u00fcgt \u00fcber reflektierende Details f\u00fcr bessere Sichtbarkeit bei Nachtl\u00e4ufen.<\/p>\n","protected":false},"featured_media":51522,"template":"","meta":{"_acf_changed":false,"inline_featured_image":false},"product_brand":[],"product_cat":[6515,6540,6509],"product_tag":[6248,6218],"class_list":{"0":"post-176823","1":"product","2":"type-product","3":"status-publish","4":"has-post-thumbnail","6":"product_cat-herren-de","7":"product_cat-herrenbekleidung","8":"product_cat-lange-hosen","9":"product_tag-la-sportiva-de","10":"product_tag-la-sportiva-herren-de","11":"pa_attivita-outdoor-de","12":"pa_attivita-trail-de","13":"pa_colore-radial-pant-m-black-aquarius-de","14":"pa_colore-radial-pant-m-black-kiwi-de","15":"pa_marca-la-sportiva-de","16":"pa_sesso-herren","17":"pa_size-small-de","19":"first","20":"instock","21":"sale","22":"taxable","23":"shipping-taxable","24":"purchasable","25":"product-type-variable","26":"wvs-archive-product-wrapper"},"acf":[],"yoast_head":"<!-- This site is optimized with the Yoast SEO plugin v26.8 - https:\/\/yoast.com\/product\/yoast-seo-wordpress\/ -->\n<title>La SportivaRadial Pant herren - Hosen Herren- MioMioRun<\/title>\n<meta name=\"description\" content=\"Sie ist bequem und dank der flachen N\u00e4hte scheuerfrei und verf\u00fcgt \u00fcber reflektierende Details f\u00fcr bessere Sichtbarkeit bei Nachtl\u00e4ufen.\" \/>\n<meta name=\"robots\" content=\"index, follow, max-snippet:-1, max-image-preview:large, max-video-preview:-1\" \/>\n<link rel=\"canonical\" href=\"https:\/\/www.miomiorun.com\/de\/produkt\/radial-pant-herren\/\" \/>\n<meta property=\"og:locale\" content=\"de_DE\" \/>\n<meta property=\"og:type\" content=\"article\" \/>\n<meta property=\"og:title\" content=\"La SportivaRadial Pant herren - Hosen Herren- MioMioRun\" \/>\n<meta property=\"og:description\" content=\"Sie ist bequem und dank der flachen N\u00e4hte scheuerfrei und verf\u00fcgt \u00fcber reflektierende Details f\u00fcr bessere Sichtbarkeit bei Nachtl\u00e4ufen.\" \/>\n<meta property=\"og:url\" content=\"https:\/\/www.miomiorun.com\/de\/produkt\/radial-pant-herren\/\" \/>\n<meta property=\"og:site_name\" content=\"MioMioRun\" \/>\n<meta property=\"article:publisher\" content=\"https:\/\/www.facebook.com\/miomiorun\/\" \/>\n<meta property=\"article:modified_time\" content=\"2026-05-08T18:37:33+00:00\" \/>\n<meta property=\"og:image\" content=\"https:\/\/www.miomiorun.com\/app\/uploads\/2020\/03\/Radial-pant-M-black-kiwi.jpg\" \/>\n\t<meta property=\"og:image:width\" content=\"600\" \/>\n\t<meta property=\"og:image:height\" content=\"600\" \/>\n\t<meta property=\"og:image:type\" content=\"image\/jpeg\" \/>\n<meta name=\"twitter:card\" content=\"summary_large_image\" \/>\n<script type=\"application\/ld+json\" class=\"yoast-schema-graph\">{\"@context\":\"https:\/\/schema.org\",\"@graph\":[{\"@type\":\"WebPage\",\"@id\":\"https:\/\/www.miomiorun.com\/de\/produkt\/radial-pant-herren\/\",\"url\":\"https:\/\/www.miomiorun.com\/de\/produkt\/radial-pant-herren\/\",\"name\":\"La SportivaRadial Pant herren - Hosen Herren- MioMioRun\",\"isPartOf\":{\"@id\":\"https:\/\/www.miomiorun.com\/de\/#website\"},\"primaryImageOfPage\":{\"@id\":\"https:\/\/www.miomiorun.com\/de\/produkt\/radial-pant-herren\/#primaryimage\"},\"image\":{\"@id\":\"https:\/\/www.miomiorun.com\/de\/produkt\/radial-pant-herren\/#primaryimage\"},\"thumbnailUrl\":\"https:\/\/www.miomiorun.com\/app\/uploads\/2020\/03\/Radial-pant-M-black-kiwi.jpg\",\"datePublished\":\"2020-03-29T09:55:42+00:00\",\"dateModified\":\"2026-05-08T18:37:33+00:00\",\"description\":\"Sie ist bequem und dank der flachen N\u00e4hte scheuerfrei und verf\u00fcgt \u00fcber reflektierende Details f\u00fcr bessere Sichtbarkeit bei Nachtl\u00e4ufen.\",\"breadcrumb\":{\"@id\":\"https:\/\/www.miomiorun.com\/de\/produkt\/radial-pant-herren\/#breadcrumb\"},\"inLanguage\":\"de-DE\",\"potentialAction\":[{\"@type\":\"ReadAction\",\"target\":[\"https:\/\/www.miomiorun.com\/de\/produkt\/radial-pant-herren\/\"]}]},{\"@type\":\"ImageObject\",\"inLanguage\":\"de-DE\",\"@id\":\"https:\/\/www.miomiorun.com\/de\/produkt\/radial-pant-herren\/#primaryimage\",\"url\":\"https:\/\/www.miomiorun.com\/app\/uploads\/2020\/03\/Radial-pant-M-black-kiwi.jpg\",\"contentUrl\":\"https:\/\/www.miomiorun.com\/app\/uploads\/2020\/03\/Radial-pant-M-black-kiwi.jpg\",\"width\":600,\"height\":600,\"caption\":\"Radial-pant-M-black-kiwi\"},{\"@type\":\"BreadcrumbList\",\"@id\":\"https:\/\/www.miomiorun.com\/de\/produkt\/radial-pant-herren\/#breadcrumb\",\"itemListElement\":[{\"@type\":\"ListItem\",\"position\":1,\"name\":\"Home\",\"item\":\"https:\/\/www.miomiorun.com\/de\/\"},{\"@type\":\"ListItem\",\"position\":2,\"name\":\"Shop\",\"item\":\"https:\/\/www.miomiorun.com\/shop\/\"},{\"@type\":\"ListItem\",\"position\":3,\"name\":\"Radial Pant herren\"}]},{\"@type\":\"WebSite\",\"@id\":\"https:\/\/www.miomiorun.com\/de\/#website\",\"url\":\"https:\/\/www.miomiorun.com\/de\/\",\"name\":\"MioMioRun\",\"description\":\"100% Lauf- und Trailshop\",\"publisher\":{\"@id\":\"https:\/\/www.miomiorun.com\/de\/#organization\"},\"potentialAction\":[{\"@type\":\"SearchAction\",\"target\":{\"@type\":\"EntryPoint\",\"urlTemplate\":\"https:\/\/www.miomiorun.com\/de\/?s={search_term_string}\"},\"query-input\":{\"@type\":\"PropertyValueSpecification\",\"valueRequired\":true,\"valueName\":\"search_term_string\"}}],\"inLanguage\":\"de-DE\"},{\"@type\":\"Organization\",\"@id\":\"https:\/\/www.miomiorun.com\/de\/#organization\",\"name\":\"MioMio Run\",\"url\":\"https:\/\/www.miomiorun.com\/de\/\",\"logo\":{\"@type\":\"ImageObject\",\"inLanguage\":\"de-DE\",\"@id\":\"https:\/\/www.miomiorun.com\/de\/#\/schema\/logo\/image\/\",\"url\":\"https:\/\/www.miomiorun.com\/app\/uploads\/2019\/12\/logomio.png\",\"contentUrl\":\"https:\/\/www.miomiorun.com\/app\/uploads\/2019\/12\/logomio.png\",\"width\":115,\"height\":82,\"caption\":\"MioMio Run\"},\"image\":{\"@id\":\"https:\/\/www.miomiorun.com\/de\/#\/schema\/logo\/image\/\"},\"sameAs\":[\"https:\/\/www.facebook.com\/miomiorun\/\",\"https:\/\/www.instagram.com\/miomiorun\/\"]}]}<\/script>\n<!-- \/ Yoast SEO plugin. -->","yoast_head_json":{"title":"La SportivaRadial Pant herren - Hosen Herren- MioMioRun","description":"Sie ist bequem und dank der flachen N\u00e4hte scheuerfrei und verf\u00fcgt \u00fcber reflektierende Details f\u00fcr bessere Sichtbarkeit bei Nachtl\u00e4ufen.","robots":{"index":"index","follow":"follow","max-snippet":"max-snippet:-1","max-image-preview":"max-image-preview:large","max-video-preview":"max-video-preview:-1"},"canonical":"https:\/\/www.miomiorun.com\/de\/produkt\/radial-pant-herren\/","og_locale":"de_DE","og_type":"article","og_title":"La SportivaRadial Pant herren - Hosen Herren- MioMioRun","og_description":"Sie ist bequem und dank der flachen N\u00e4hte scheuerfrei und verf\u00fcgt \u00fcber reflektierende Details f\u00fcr bessere Sichtbarkeit bei Nachtl\u00e4ufen.","og_url":"https:\/\/www.miomiorun.com\/de\/produkt\/radial-pant-herren\/","og_site_name":"MioMioRun","article_publisher":"https:\/\/www.facebook.com\/miomiorun\/","article_modified_time":"2026-05-08T18:37:33+00:00","og_image":[{"width":600,"height":600,"url":"https:\/\/www.miomiorun.com\/app\/uploads\/2020\/03\/Radial-pant-M-black-kiwi.jpg","type":"image\/jpeg"}],"twitter_card":"summary_large_image","schema":{"@context":"https:\/\/schema.org","@graph":[{"@type":"WebPage","@id":"https:\/\/www.miomiorun.com\/de\/produkt\/radial-pant-herren\/","url":"https:\/\/www.miomiorun.com\/de\/produkt\/radial-pant-herren\/","name":"La SportivaRadial Pant herren - Hosen Herren- MioMioRun","isPartOf":{"@id":"https:\/\/www.miomiorun.com\/de\/#website"},"primaryImageOfPage":{"@id":"https:\/\/www.miomiorun.com\/de\/produkt\/radial-pant-herren\/#primaryimage"},"image":{"@id":"https:\/\/www.miomiorun.com\/de\/produkt\/radial-pant-herren\/#primaryimage"},"thumbnailUrl":"https:\/\/www.miomiorun.com\/app\/uploads\/2020\/03\/Radial-pant-M-black-kiwi.jpg","datePublished":"2020-03-29T09:55:42+00:00","dateModified":"2026-05-08T18:37:33+00:00","description":"Sie ist bequem und dank der flachen N\u00e4hte scheuerfrei und verf\u00fcgt \u00fcber reflektierende Details f\u00fcr bessere Sichtbarkeit bei Nachtl\u00e4ufen.","breadcrumb":{"@id":"https:\/\/www.miomiorun.com\/de\/produkt\/radial-pant-herren\/#breadcrumb"},"inLanguage":"de-DE","potentialAction":[{"@type":"ReadAction","target":["https:\/\/www.miomiorun.com\/de\/produkt\/radial-pant-herren\/"]}]},{"@type":"ImageObject","inLanguage":"de-DE","@id":"https:\/\/www.miomiorun.com\/de\/produkt\/radial-pant-herren\/#primaryimage","url":"https:\/\/www.miomiorun.com\/app\/uploads\/2020\/03\/Radial-pant-M-black-kiwi.jpg","contentUrl":"https:\/\/www.miomiorun.com\/app\/uploads\/2020\/03\/Radial-pant-M-black-kiwi.jpg","width":600,"height":600,"caption":"Radial-pant-M-black-kiwi"},{"@type":"BreadcrumbList","@id":"https:\/\/www.miomiorun.com\/de\/produkt\/radial-pant-herren\/#breadcrumb","itemListElement":[{"@type":"ListItem","position":1,"name":"Home","item":"https:\/\/www.miomiorun.com\/de\/"},{"@type":"ListItem","position":2,"name":"Shop","item":"https:\/\/www.miomiorun.com\/shop\/"},{"@type":"ListItem","position":3,"name":"Radial Pant herren"}]},{"@type":"WebSite","@id":"https:\/\/www.miomiorun.com\/de\/#website","url":"https:\/\/www.miomiorun.com\/de\/","name":"MioMioRun","description":"100% Lauf- und Trailshop","publisher":{"@id":"https:\/\/www.miomiorun.com\/de\/#organization"},"potentialAction":[{"@type":"SearchAction","target":{"@type":"EntryPoint","urlTemplate":"https:\/\/www.miomiorun.com\/de\/?s={search_term_string}"},"query-input":{"@type":"PropertyValueSpecification","valueRequired":true,"valueName":"search_term_string"}}],"inLanguage":"de-DE"},{"@type":"Organization","@id":"https:\/\/www.miomiorun.com\/de\/#organization","name":"MioMio Run","url":"https:\/\/www.miomiorun.com\/de\/","logo":{"@type":"ImageObject","inLanguage":"de-DE","@id":"https:\/\/www.miomiorun.com\/de\/#\/schema\/logo\/image\/","url":"https:\/\/www.miomiorun.com\/app\/uploads\/2019\/12\/logomio.png","contentUrl":"https:\/\/www.miomiorun.com\/app\/uploads\/2019\/12\/logomio.png","width":115,"height":82,"caption":"MioMio Run"},"image":{"@id":"https:\/\/www.miomiorun.com\/de\/#\/schema\/logo\/image\/"},"sameAs":["https:\/\/www.facebook.com\/miomiorun\/","https:\/\/www.instagram.com\/miomiorun\/"]}]}},"_links":{"self":[{"href":"https:\/\/www.miomiorun.com\/de\/wp-json\/wp\/v2\/product\/176823","targetHints":{"allow":["GET"]}}],"collection":[{"href":"https:\/\/www.miomiorun.com\/de\/wp-json\/wp\/v2\/product"}],"about":[{"href":"https:\/\/www.miomiorun.com\/de\/wp-json\/wp\/v2\/types\/product"}],"wp:featuredmedia":[{"embeddable":true,"href":"https:\/\/www.miomiorun.com\/de\/wp-json\/wp\/v2\/media\/51522"}],"wp:attachment":[{"href":"https:\/\/www.miomiorun.com\/de\/wp-json\/wp\/v2\/media?parent=176823"}],"wp:term":[{"taxonomy":"product_brand","embeddable":true,"href":"https:\/\/www.miomiorun.com\/de\/wp-json\/wp\/v2\/product_brand?post=176823"},{"taxonomy":"product_cat","embeddable":true,"href":"https:\/\/www.miomiorun.com\/de\/wp-json\/wp\/v2\/product_cat?post=176823"},{"taxonomy":"product_tag","embeddable":true,"href":"https:\/\/www.miomiorun.com\/de\/wp-json\/wp\/v2\/product_tag?post=176823"}],"curies":[{"name":"wp","href":"https:\/\/api.w.org\/{rel}","templated":true}]}}