{"id":176815,"date":"2020-11-06T18:29:37","date_gmt":"2020-11-06T17:29:37","guid":{"rendered":"https:\/\/miomiorun.com\/prodotto\/brooks-carbonite-tight-uomo-2\/"},"modified":"2026-05-08T20:46:14","modified_gmt":"2026-05-08T18:46:14","slug":"carbonite-tight-herren","status":"publish","type":"product","link":"https:\/\/www.miomiorun.com\/de\/produkt\/carbonite-tight-herren\/","title":{"rendered":"Carbonite Tight herren"},"content":{"rendered":"<p>Bleiben Sie bedeckt, k\u00fchl und sichtbar mit dieser leichten Laufleggings f\u00fcr M\u00e4nner. Die reflektierenden Details in den Bewegungszonen sorgen daf\u00fcr, dass du beim Laufen gesehen wirst.<\/p>\n<p><strong>FEATURES<\/strong><\/p>\n<p><strong>Passform :<\/strong> Eng anliegend<\/p>\n<p><strong>Material :<\/strong> DriLayer\u00ae 77% Nylon\/23% Elasthan<\/p>\n<p><strong>bluesigna\u00ae :<\/strong> ja<\/p>\n<p>&nbsp;<\/p>\n<p><strong>Zeigen Sie sich in der Dunkelheit<\/strong><\/p>\n<p>Reflektierende Eins\u00e4tze aus 3M\u2122 Scotchlite\u2122 Carbon Black Stretch sorgen daf\u00fcr, dass Sie beim Laufen f\u00fcr alle sichtbar sind.<\/p>\n<p><strong>Ihre pers\u00f6nlichen Gegenst\u00e4nde sind sicher<\/strong><\/p>\n<p>In der hinteren Rei\u00dfverschlusstasche sind Ihre Karten, Schl\u00fcssel und Ihr Handy sicher aufbewahrt.<\/p>\n<p><strong>\u00dcberlegenes Material<\/strong><\/p>\n<p>Au\u00dfergew\u00f6hnliche Atmungsaktivit\u00e4t und Stretch machen diese Hose zu einem Favoriten von Brooks-Athleten.<\/p>\n<p><strong>Zus\u00e4tzliche Vorteile<\/strong><\/p>\n<p>Elastischer Bund mit Kordelzug<\/p>\n<p>&nbsp;<\/p>\n","protected":false},"excerpt":{"rendered":"<p>Bleiben Sie bedeckt, k\u00fchl und sichtbar mit dieser leichten Laufleggings f\u00fcr M\u00e4nner. Die reflektierenden Details in den Bewegungszonen sorgen daf\u00fcr, dass du beim Laufen gesehen wirst. FEATURES Passform : Eng anliegend Material : DriLayer\u00ae 77% Nylon\/23% Elasthan bluesigna\u00ae : ja &nbsp; Zeigen Sie sich in der Dunkelheit Reflektierende Eins\u00e4tze aus 3M\u2122 Scotchlite\u2122 Carbon Black Stretch &hellip; <a href=\"https:\/\/www.miomiorun.com\/de\/produkt\/carbonite-tight-herren\/\">Continued<\/a><\/p>\n","protected":false},"featured_media":57732,"template":"","meta":{"_acf_changed":false,"inline_featured_image":false},"product_brand":[],"product_cat":[6515,6540,6509],"product_tag":[3362,6207],"class_list":{"0":"post-176815","1":"product","2":"type-product","3":"status-publish","4":"has-post-thumbnail","6":"product_cat-herren-de","7":"product_cat-herrenbekleidung","8":"product_cat-lange-hosen","9":"product_tag-brooks-de","10":"product_tag-brooks-herren-de","11":"pa_attivita-gehen","12":"pa_attivita-running-de","13":"pa_colore-carbonnite-tight-black-nightlife-de","14":"pa_marca-brooks-de","15":"pa_sesso-herren","16":"pa_size-small-de","18":"first","19":"instock","20":"sale","21":"taxable","22":"shipping-taxable","23":"purchasable","24":"product-type-variable","25":"wvs-archive-product-wrapper"},"acf":[],"yoast_head":"<!-- This site is optimized with the Yoast SEO plugin v26.8 - https:\/\/yoast.com\/product\/yoast-seo-wordpress\/ -->\n<title>Brooks Carbonite Tight herren - Hosen Herren - MioMioRun<\/title>\n<meta name=\"description\" content=\"Bleiben Sie bedeckt, k\u00fchl und sichtbar mit diesen leichten Laufleggings f\u00fcr M\u00e4nner. Reflektierende Details sorgen daf\u00fcr, dass du gesehen wirst.\" \/>\n<meta name=\"robots\" content=\"index, follow, max-snippet:-1, max-image-preview:large, max-video-preview:-1\" \/>\n<link rel=\"canonical\" href=\"https:\/\/www.miomiorun.com\/de\/produkt\/carbonite-tight-herren\/\" \/>\n<meta property=\"og:locale\" content=\"de_DE\" \/>\n<meta property=\"og:type\" content=\"article\" \/>\n<meta property=\"og:title\" content=\"Brooks Carbonite Tight herren - Hosen Herren - MioMioRun\" \/>\n<meta property=\"og:description\" content=\"Bleiben Sie bedeckt, k\u00fchl und sichtbar mit diesen leichten Laufleggings f\u00fcr M\u00e4nner. Reflektierende Details sorgen daf\u00fcr, dass du gesehen wirst.\" \/>\n<meta property=\"og:url\" content=\"https:\/\/www.miomiorun.com\/de\/produkt\/carbonite-tight-herren\/\" \/>\n<meta property=\"og:site_name\" content=\"MioMioRun\" \/>\n<meta property=\"article:publisher\" content=\"https:\/\/www.facebook.com\/miomiorun\/\" \/>\n<meta property=\"article:modified_time\" content=\"2026-05-08T18:46:14+00:00\" \/>\n<meta property=\"og:image\" content=\"https:\/\/www.miomiorun.com\/app\/uploads\/2021\/09\/brooks-carbonite-tight-211357-070.jpg\" \/>\n\t<meta property=\"og:image:width\" content=\"600\" \/>\n\t<meta property=\"og:image:height\" content=\"600\" \/>\n\t<meta property=\"og:image:type\" content=\"image\/jpeg\" \/>\n<meta name=\"twitter:card\" content=\"summary_large_image\" \/>\n<meta name=\"twitter:label1\" content=\"Est. reading time\" \/>\n\t<meta name=\"twitter:data1\" content=\"1 minute\" \/>\n<script type=\"application\/ld+json\" class=\"yoast-schema-graph\">{\"@context\":\"https:\/\/schema.org\",\"@graph\":[{\"@type\":\"WebPage\",\"@id\":\"https:\/\/www.miomiorun.com\/de\/produkt\/carbonite-tight-herren\/\",\"url\":\"https:\/\/www.miomiorun.com\/de\/produkt\/carbonite-tight-herren\/\",\"name\":\"Brooks Carbonite Tight herren - Hosen Herren - MioMioRun\",\"isPartOf\":{\"@id\":\"https:\/\/www.miomiorun.com\/de\/#website\"},\"primaryImageOfPage\":{\"@id\":\"https:\/\/www.miomiorun.com\/de\/produkt\/carbonite-tight-herren\/#primaryimage\"},\"image\":{\"@id\":\"https:\/\/www.miomiorun.com\/de\/produkt\/carbonite-tight-herren\/#primaryimage\"},\"thumbnailUrl\":\"https:\/\/www.miomiorun.com\/app\/uploads\/2021\/09\/brooks-carbonite-tight-211357-070.jpg\",\"datePublished\":\"2020-11-06T17:29:37+00:00\",\"dateModified\":\"2026-05-08T18:46:14+00:00\",\"description\":\"Bleiben Sie bedeckt, k\u00fchl und sichtbar mit diesen leichten Laufleggings f\u00fcr M\u00e4nner. Reflektierende Details sorgen daf\u00fcr, dass du gesehen wirst.\",\"breadcrumb\":{\"@id\":\"https:\/\/www.miomiorun.com\/de\/produkt\/carbonite-tight-herren\/#breadcrumb\"},\"inLanguage\":\"de-DE\",\"potentialAction\":[{\"@type\":\"ReadAction\",\"target\":[\"https:\/\/www.miomiorun.com\/de\/produkt\/carbonite-tight-herren\/\"]}]},{\"@type\":\"ImageObject\",\"inLanguage\":\"de-DE\",\"@id\":\"https:\/\/www.miomiorun.com\/de\/produkt\/carbonite-tight-herren\/#primaryimage\",\"url\":\"https:\/\/www.miomiorun.com\/app\/uploads\/2021\/09\/brooks-carbonite-tight-211357-070.jpg\",\"contentUrl\":\"https:\/\/www.miomiorun.com\/app\/uploads\/2021\/09\/brooks-carbonite-tight-211357-070.jpg\",\"width\":600,\"height\":600,\"caption\":\"brooks carbonite tight\"},{\"@type\":\"BreadcrumbList\",\"@id\":\"https:\/\/www.miomiorun.com\/de\/produkt\/carbonite-tight-herren\/#breadcrumb\",\"itemListElement\":[{\"@type\":\"ListItem\",\"position\":1,\"name\":\"Home\",\"item\":\"https:\/\/www.miomiorun.com\/de\/\"},{\"@type\":\"ListItem\",\"position\":2,\"name\":\"Shop\",\"item\":\"https:\/\/www.miomiorun.com\/shop\/\"},{\"@type\":\"ListItem\",\"position\":3,\"name\":\"Carbonite Tight herren\"}]},{\"@type\":\"WebSite\",\"@id\":\"https:\/\/www.miomiorun.com\/de\/#website\",\"url\":\"https:\/\/www.miomiorun.com\/de\/\",\"name\":\"MioMioRun\",\"description\":\"100% Lauf- und Trailshop\",\"publisher\":{\"@id\":\"https:\/\/www.miomiorun.com\/de\/#organization\"},\"potentialAction\":[{\"@type\":\"SearchAction\",\"target\":{\"@type\":\"EntryPoint\",\"urlTemplate\":\"https:\/\/www.miomiorun.com\/de\/?s={search_term_string}\"},\"query-input\":{\"@type\":\"PropertyValueSpecification\",\"valueRequired\":true,\"valueName\":\"search_term_string\"}}],\"inLanguage\":\"de-DE\"},{\"@type\":\"Organization\",\"@id\":\"https:\/\/www.miomiorun.com\/de\/#organization\",\"name\":\"MioMio Run\",\"url\":\"https:\/\/www.miomiorun.com\/de\/\",\"logo\":{\"@type\":\"ImageObject\",\"inLanguage\":\"de-DE\",\"@id\":\"https:\/\/www.miomiorun.com\/de\/#\/schema\/logo\/image\/\",\"url\":\"https:\/\/www.miomiorun.com\/app\/uploads\/2019\/12\/logomio.png\",\"contentUrl\":\"https:\/\/www.miomiorun.com\/app\/uploads\/2019\/12\/logomio.png\",\"width\":115,\"height\":82,\"caption\":\"MioMio Run\"},\"image\":{\"@id\":\"https:\/\/www.miomiorun.com\/de\/#\/schema\/logo\/image\/\"},\"sameAs\":[\"https:\/\/www.facebook.com\/miomiorun\/\",\"https:\/\/www.instagram.com\/miomiorun\/\"]}]}<\/script>\n<!-- \/ Yoast SEO plugin. -->","yoast_head_json":{"title":"Brooks Carbonite Tight herren - Hosen Herren - MioMioRun","description":"Bleiben Sie bedeckt, k\u00fchl und sichtbar mit diesen leichten Laufleggings f\u00fcr M\u00e4nner. Reflektierende Details sorgen daf\u00fcr, dass du gesehen wirst.","robots":{"index":"index","follow":"follow","max-snippet":"max-snippet:-1","max-image-preview":"max-image-preview:large","max-video-preview":"max-video-preview:-1"},"canonical":"https:\/\/www.miomiorun.com\/de\/produkt\/carbonite-tight-herren\/","og_locale":"de_DE","og_type":"article","og_title":"Brooks Carbonite Tight herren - Hosen Herren - MioMioRun","og_description":"Bleiben Sie bedeckt, k\u00fchl und sichtbar mit diesen leichten Laufleggings f\u00fcr M\u00e4nner. Reflektierende Details sorgen daf\u00fcr, dass du gesehen wirst.","og_url":"https:\/\/www.miomiorun.com\/de\/produkt\/carbonite-tight-herren\/","og_site_name":"MioMioRun","article_publisher":"https:\/\/www.facebook.com\/miomiorun\/","article_modified_time":"2026-05-08T18:46:14+00:00","og_image":[{"width":600,"height":600,"url":"https:\/\/www.miomiorun.com\/app\/uploads\/2021\/09\/brooks-carbonite-tight-211357-070.jpg","type":"image\/jpeg"}],"twitter_card":"summary_large_image","twitter_misc":{"Est. reading time":"1 minute"},"schema":{"@context":"https:\/\/schema.org","@graph":[{"@type":"WebPage","@id":"https:\/\/www.miomiorun.com\/de\/produkt\/carbonite-tight-herren\/","url":"https:\/\/www.miomiorun.com\/de\/produkt\/carbonite-tight-herren\/","name":"Brooks Carbonite Tight herren - Hosen Herren - MioMioRun","isPartOf":{"@id":"https:\/\/www.miomiorun.com\/de\/#website"},"primaryImageOfPage":{"@id":"https:\/\/www.miomiorun.com\/de\/produkt\/carbonite-tight-herren\/#primaryimage"},"image":{"@id":"https:\/\/www.miomiorun.com\/de\/produkt\/carbonite-tight-herren\/#primaryimage"},"thumbnailUrl":"https:\/\/www.miomiorun.com\/app\/uploads\/2021\/09\/brooks-carbonite-tight-211357-070.jpg","datePublished":"2020-11-06T17:29:37+00:00","dateModified":"2026-05-08T18:46:14+00:00","description":"Bleiben Sie bedeckt, k\u00fchl und sichtbar mit diesen leichten Laufleggings f\u00fcr M\u00e4nner. Reflektierende Details sorgen daf\u00fcr, dass du gesehen wirst.","breadcrumb":{"@id":"https:\/\/www.miomiorun.com\/de\/produkt\/carbonite-tight-herren\/#breadcrumb"},"inLanguage":"de-DE","potentialAction":[{"@type":"ReadAction","target":["https:\/\/www.miomiorun.com\/de\/produkt\/carbonite-tight-herren\/"]}]},{"@type":"ImageObject","inLanguage":"de-DE","@id":"https:\/\/www.miomiorun.com\/de\/produkt\/carbonite-tight-herren\/#primaryimage","url":"https:\/\/www.miomiorun.com\/app\/uploads\/2021\/09\/brooks-carbonite-tight-211357-070.jpg","contentUrl":"https:\/\/www.miomiorun.com\/app\/uploads\/2021\/09\/brooks-carbonite-tight-211357-070.jpg","width":600,"height":600,"caption":"brooks carbonite tight"},{"@type":"BreadcrumbList","@id":"https:\/\/www.miomiorun.com\/de\/produkt\/carbonite-tight-herren\/#breadcrumb","itemListElement":[{"@type":"ListItem","position":1,"name":"Home","item":"https:\/\/www.miomiorun.com\/de\/"},{"@type":"ListItem","position":2,"name":"Shop","item":"https:\/\/www.miomiorun.com\/shop\/"},{"@type":"ListItem","position":3,"name":"Carbonite Tight herren"}]},{"@type":"WebSite","@id":"https:\/\/www.miomiorun.com\/de\/#website","url":"https:\/\/www.miomiorun.com\/de\/","name":"MioMioRun","description":"100% Lauf- und Trailshop","publisher":{"@id":"https:\/\/www.miomiorun.com\/de\/#organization"},"potentialAction":[{"@type":"SearchAction","target":{"@type":"EntryPoint","urlTemplate":"https:\/\/www.miomiorun.com\/de\/?s={search_term_string}"},"query-input":{"@type":"PropertyValueSpecification","valueRequired":true,"valueName":"search_term_string"}}],"inLanguage":"de-DE"},{"@type":"Organization","@id":"https:\/\/www.miomiorun.com\/de\/#organization","name":"MioMio Run","url":"https:\/\/www.miomiorun.com\/de\/","logo":{"@type":"ImageObject","inLanguage":"de-DE","@id":"https:\/\/www.miomiorun.com\/de\/#\/schema\/logo\/image\/","url":"https:\/\/www.miomiorun.com\/app\/uploads\/2019\/12\/logomio.png","contentUrl":"https:\/\/www.miomiorun.com\/app\/uploads\/2019\/12\/logomio.png","width":115,"height":82,"caption":"MioMio Run"},"image":{"@id":"https:\/\/www.miomiorun.com\/de\/#\/schema\/logo\/image\/"},"sameAs":["https:\/\/www.facebook.com\/miomiorun\/","https:\/\/www.instagram.com\/miomiorun\/"]}]}},"_links":{"self":[{"href":"https:\/\/www.miomiorun.com\/de\/wp-json\/wp\/v2\/product\/176815","targetHints":{"allow":["GET"]}}],"collection":[{"href":"https:\/\/www.miomiorun.com\/de\/wp-json\/wp\/v2\/product"}],"about":[{"href":"https:\/\/www.miomiorun.com\/de\/wp-json\/wp\/v2\/types\/product"}],"wp:featuredmedia":[{"embeddable":true,"href":"https:\/\/www.miomiorun.com\/de\/wp-json\/wp\/v2\/media\/57732"}],"wp:attachment":[{"href":"https:\/\/www.miomiorun.com\/de\/wp-json\/wp\/v2\/media?parent=176815"}],"wp:term":[{"taxonomy":"product_brand","embeddable":true,"href":"https:\/\/www.miomiorun.com\/de\/wp-json\/wp\/v2\/product_brand?post=176815"},{"taxonomy":"product_cat","embeddable":true,"href":"https:\/\/www.miomiorun.com\/de\/wp-json\/wp\/v2\/product_cat?post=176815"},{"taxonomy":"product_tag","embeddable":true,"href":"https:\/\/www.miomiorun.com\/de\/wp-json\/wp\/v2\/product_tag?post=176815"}],"curies":[{"name":"wp","href":"https:\/\/api.w.org\/{rel}","templated":true}]}}