{"id":176807,"date":"2021-09-15T11:09:51","date_gmt":"2021-09-15T09:09:51","guid":{"rendered":"https:\/\/miomiorun.com\/prodotto\/craft-adv-essence-training-pants-uomo\/"},"modified":"2024-06-20T15:44:29","modified_gmt":"2024-06-20T13:44:29","slug":"adv-essence-training-pants-herren","status":"publish","type":"product","link":"https:\/\/www.miomiorun.com\/de\/produkt\/adv-essence-training-pants-herren\/","title":{"rendered":"ADV Essence Training Pants herren"},"content":{"rendered":"<div id=\"tw-target-text-container\" class=\"tw-ta-container F0azHf tw-nfl\" tabindex=\"0\">\n<p><strong>Fortschrittliche Trainingshose f\u00fcr hochintensives Training.<\/strong><\/p>\n<p>Die ADV Essence Herren-Trainingshose besteht aus recyceltem Polyester und bietet gro\u00dfe Elastizit\u00e4t und Funktionalit\u00e4t bei hochintensivem Training. Die dehnbare Trainingshose verf\u00fcgt \u00fcber ein konisch zulaufendes Bein, Stretch-Jersey im unteren Bereich f\u00fcr eine optimale Passform und zwei versteckte Seitentaschen.<\/p>\n<p><strong>Eigenschaften:<\/strong><\/p>\n<ul>\n<li>Stretchmaterial aus recyceltem Polyestergewebe.<\/li>\n<li>Elastisches Trikot am unteren Bein.<\/li>\n<li>Konisch zulaufendes Bein.<\/li>\n<li>Elastische Beinabschl\u00fcsse.<\/li>\n<li>Gummizug in der Taille.<\/li>\n<li>Zwei versteckte Seitentaschen mit Rei\u00dfverschluss.<\/li>\n<\/ul>\n<p><strong>Material:<\/strong> Oberteil; 88% Polyester recycelt 12% Elastan Unterteil; 92% Polyester recycelt 8% Elastan<\/p>\n<p>Maschinenwaschbar bei 40 Grad.<\/p>\n<\/div>\n<div id=\"tw-target-rmn-container\" class=\"tw-target-rmn tw-ta-container F0azHf tw-nfl\">\n<pre id=\"tw-target-rmn\" class=\"tw-data-placeholder tw-text-small tw-ta\" dir=\"ltr\" data-placeholder=\"\"><\/pre>\n<\/div>\n","protected":false},"excerpt":{"rendered":"<p>Fortschrittliche Trainingshose f\u00fcr hochintensives Training. Die ADV Essence Herren-Trainingshose besteht aus recyceltem Polyester und bietet gro\u00dfe Elastizit\u00e4t und Funktionalit\u00e4t bei hochintensivem Training. Die dehnbare Trainingshose verf\u00fcgt \u00fcber ein konisch zulaufendes Bein, Stretch-Jersey im unteren Bereich f\u00fcr eine optimale Passform und zwei versteckte Seitentaschen. Eigenschaften: Stretchmaterial aus recyceltem Polyestergewebe. Elastisches Trikot am unteren Bein. Konisch zulaufendes &hellip; <a href=\"https:\/\/www.miomiorun.com\/de\/produkt\/adv-essence-training-pants-herren\/\">Continued<\/a><\/p>\n","protected":false},"featured_media":57902,"template":"","meta":{"_acf_changed":false,"inline_featured_image":false},"product_brand":[],"product_cat":[6528,6521],"product_tag":[6304,6234],"class_list":{"0":"post-176807","1":"product","2":"type-product","3":"status-publish","4":"has-post-thumbnail","6":"product_cat-sale-bekleidung-herren-de","7":"product_cat-sale-hosen-herren-de","8":"product_tag-craft-de","9":"product_tag-craft-herren-de","10":"pa_attivita-gehen","11":"pa_attivita-running-de","12":"pa_marca-craft-de","13":"pa_sesso-herren","14":"pa_size-small-de","15":"pa_size-medium-de","16":"pa_size-large-de","17":"pa_size-extra-large-de","19":"first","20":"instock","21":"sale","22":"taxable","23":"shipping-taxable","24":"purchasable","25":"product-type-variable","26":"wvs-archive-product-wrapper"},"acf":[],"yoast_head":"<!-- This site is optimized with the Yoast SEO plugin v26.8 - https:\/\/yoast.com\/product\/yoast-seo-wordpress\/ -->\n<title>Craft ADV Essence Training Pants herren - Hosen Herren- MioMioRun<\/title>\n<meta name=\"description\" content=\"Die ADV Essence Herren-Trainingshose ist aus recyceltem Polyester hergestellt und bietet eine hohe Elastizit\u00e4t und Funktionalit\u00e4t.\" \/>\n<meta name=\"robots\" content=\"index, follow, max-snippet:-1, max-image-preview:large, max-video-preview:-1\" \/>\n<link rel=\"canonical\" href=\"https:\/\/www.miomiorun.com\/de\/produkt\/adv-essence-training-pants-herren\/\" \/>\n<meta property=\"og:locale\" content=\"de_DE\" \/>\n<meta property=\"og:type\" content=\"article\" \/>\n<meta property=\"og:title\" content=\"Craft ADV Essence Training Pants herren - Hosen Herren- MioMioRun\" \/>\n<meta property=\"og:description\" content=\"Die ADV Essence Herren-Trainingshose ist aus recyceltem Polyester hergestellt und bietet eine hohe Elastizit\u00e4t und Funktionalit\u00e4t.\" \/>\n<meta property=\"og:url\" content=\"https:\/\/www.miomiorun.com\/de\/produkt\/adv-essence-training-pants-herren\/\" \/>\n<meta property=\"og:site_name\" content=\"MioMioRun\" \/>\n<meta property=\"article:publisher\" content=\"https:\/\/www.facebook.com\/miomiorun\/\" \/>\n<meta property=\"article:modified_time\" content=\"2024-06-20T13:44:29+00:00\" \/>\n<meta property=\"og:image\" content=\"https:\/\/www.miomiorun.com\/app\/uploads\/2021\/09\/craft-ADV-essence-training-pants-1908716-999000.jpg\" \/>\n\t<meta property=\"og:image:width\" content=\"600\" \/>\n\t<meta property=\"og:image:height\" content=\"600\" \/>\n\t<meta property=\"og:image:type\" content=\"image\/jpeg\" \/>\n<meta name=\"twitter:card\" content=\"summary_large_image\" \/>\n<script type=\"application\/ld+json\" class=\"yoast-schema-graph\">{\"@context\":\"https:\/\/schema.org\",\"@graph\":[{\"@type\":\"WebPage\",\"@id\":\"https:\/\/www.miomiorun.com\/de\/produkt\/adv-essence-training-pants-herren\/\",\"url\":\"https:\/\/www.miomiorun.com\/de\/produkt\/adv-essence-training-pants-herren\/\",\"name\":\"Craft ADV Essence Training Pants herren - Hosen Herren- MioMioRun\",\"isPartOf\":{\"@id\":\"https:\/\/www.miomiorun.com\/de\/#website\"},\"primaryImageOfPage\":{\"@id\":\"https:\/\/www.miomiorun.com\/de\/produkt\/adv-essence-training-pants-herren\/#primaryimage\"},\"image\":{\"@id\":\"https:\/\/www.miomiorun.com\/de\/produkt\/adv-essence-training-pants-herren\/#primaryimage\"},\"thumbnailUrl\":\"https:\/\/www.miomiorun.com\/app\/uploads\/2021\/09\/craft-ADV-essence-training-pants-1908716-999000.jpg\",\"datePublished\":\"2021-09-15T09:09:51+00:00\",\"dateModified\":\"2024-06-20T13:44:29+00:00\",\"description\":\"Die ADV Essence Herren-Trainingshose ist aus recyceltem Polyester hergestellt und bietet eine hohe Elastizit\u00e4t und Funktionalit\u00e4t.\",\"breadcrumb\":{\"@id\":\"https:\/\/www.miomiorun.com\/de\/produkt\/adv-essence-training-pants-herren\/#breadcrumb\"},\"inLanguage\":\"de-DE\",\"potentialAction\":[{\"@type\":\"ReadAction\",\"target\":[\"https:\/\/www.miomiorun.com\/de\/produkt\/adv-essence-training-pants-herren\/\"]}]},{\"@type\":\"ImageObject\",\"inLanguage\":\"de-DE\",\"@id\":\"https:\/\/www.miomiorun.com\/de\/produkt\/adv-essence-training-pants-herren\/#primaryimage\",\"url\":\"https:\/\/www.miomiorun.com\/app\/uploads\/2021\/09\/craft-ADV-essence-training-pants-1908716-999000.jpg\",\"contentUrl\":\"https:\/\/www.miomiorun.com\/app\/uploads\/2021\/09\/craft-ADV-essence-training-pants-1908716-999000.jpg\",\"width\":600,\"height\":600,\"caption\":\"craft adv essence training pants\"},{\"@type\":\"BreadcrumbList\",\"@id\":\"https:\/\/www.miomiorun.com\/de\/produkt\/adv-essence-training-pants-herren\/#breadcrumb\",\"itemListElement\":[{\"@type\":\"ListItem\",\"position\":1,\"name\":\"Home\",\"item\":\"https:\/\/www.miomiorun.com\/de\/\"},{\"@type\":\"ListItem\",\"position\":2,\"name\":\"Shop\",\"item\":\"https:\/\/www.miomiorun.com\/shop\/\"},{\"@type\":\"ListItem\",\"position\":3,\"name\":\"ADV Essence Training Pants herren\"}]},{\"@type\":\"WebSite\",\"@id\":\"https:\/\/www.miomiorun.com\/de\/#website\",\"url\":\"https:\/\/www.miomiorun.com\/de\/\",\"name\":\"MioMioRun\",\"description\":\"100% Lauf- und Trailshop\",\"publisher\":{\"@id\":\"https:\/\/www.miomiorun.com\/de\/#organization\"},\"potentialAction\":[{\"@type\":\"SearchAction\",\"target\":{\"@type\":\"EntryPoint\",\"urlTemplate\":\"https:\/\/www.miomiorun.com\/de\/?s={search_term_string}\"},\"query-input\":{\"@type\":\"PropertyValueSpecification\",\"valueRequired\":true,\"valueName\":\"search_term_string\"}}],\"inLanguage\":\"de-DE\"},{\"@type\":\"Organization\",\"@id\":\"https:\/\/www.miomiorun.com\/de\/#organization\",\"name\":\"MioMio Run\",\"url\":\"https:\/\/www.miomiorun.com\/de\/\",\"logo\":{\"@type\":\"ImageObject\",\"inLanguage\":\"de-DE\",\"@id\":\"https:\/\/www.miomiorun.com\/de\/#\/schema\/logo\/image\/\",\"url\":\"https:\/\/www.miomiorun.com\/app\/uploads\/2019\/12\/logomio.png\",\"contentUrl\":\"https:\/\/www.miomiorun.com\/app\/uploads\/2019\/12\/logomio.png\",\"width\":115,\"height\":82,\"caption\":\"MioMio Run\"},\"image\":{\"@id\":\"https:\/\/www.miomiorun.com\/de\/#\/schema\/logo\/image\/\"},\"sameAs\":[\"https:\/\/www.facebook.com\/miomiorun\/\",\"https:\/\/www.instagram.com\/miomiorun\/\"]}]}<\/script>\n<!-- \/ Yoast SEO plugin. -->","yoast_head_json":{"title":"Craft ADV Essence Training Pants herren - Hosen Herren- MioMioRun","description":"Die ADV Essence Herren-Trainingshose ist aus recyceltem Polyester hergestellt und bietet eine hohe Elastizit\u00e4t und Funktionalit\u00e4t.","robots":{"index":"index","follow":"follow","max-snippet":"max-snippet:-1","max-image-preview":"max-image-preview:large","max-video-preview":"max-video-preview:-1"},"canonical":"https:\/\/www.miomiorun.com\/de\/produkt\/adv-essence-training-pants-herren\/","og_locale":"de_DE","og_type":"article","og_title":"Craft ADV Essence Training Pants herren - Hosen Herren- MioMioRun","og_description":"Die ADV Essence Herren-Trainingshose ist aus recyceltem Polyester hergestellt und bietet eine hohe Elastizit\u00e4t und Funktionalit\u00e4t.","og_url":"https:\/\/www.miomiorun.com\/de\/produkt\/adv-essence-training-pants-herren\/","og_site_name":"MioMioRun","article_publisher":"https:\/\/www.facebook.com\/miomiorun\/","article_modified_time":"2024-06-20T13:44:29+00:00","og_image":[{"width":600,"height":600,"url":"https:\/\/www.miomiorun.com\/app\/uploads\/2021\/09\/craft-ADV-essence-training-pants-1908716-999000.jpg","type":"image\/jpeg"}],"twitter_card":"summary_large_image","schema":{"@context":"https:\/\/schema.org","@graph":[{"@type":"WebPage","@id":"https:\/\/www.miomiorun.com\/de\/produkt\/adv-essence-training-pants-herren\/","url":"https:\/\/www.miomiorun.com\/de\/produkt\/adv-essence-training-pants-herren\/","name":"Craft ADV Essence Training Pants herren - Hosen Herren- MioMioRun","isPartOf":{"@id":"https:\/\/www.miomiorun.com\/de\/#website"},"primaryImageOfPage":{"@id":"https:\/\/www.miomiorun.com\/de\/produkt\/adv-essence-training-pants-herren\/#primaryimage"},"image":{"@id":"https:\/\/www.miomiorun.com\/de\/produkt\/adv-essence-training-pants-herren\/#primaryimage"},"thumbnailUrl":"https:\/\/www.miomiorun.com\/app\/uploads\/2021\/09\/craft-ADV-essence-training-pants-1908716-999000.jpg","datePublished":"2021-09-15T09:09:51+00:00","dateModified":"2024-06-20T13:44:29+00:00","description":"Die ADV Essence Herren-Trainingshose ist aus recyceltem Polyester hergestellt und bietet eine hohe Elastizit\u00e4t und Funktionalit\u00e4t.","breadcrumb":{"@id":"https:\/\/www.miomiorun.com\/de\/produkt\/adv-essence-training-pants-herren\/#breadcrumb"},"inLanguage":"de-DE","potentialAction":[{"@type":"ReadAction","target":["https:\/\/www.miomiorun.com\/de\/produkt\/adv-essence-training-pants-herren\/"]}]},{"@type":"ImageObject","inLanguage":"de-DE","@id":"https:\/\/www.miomiorun.com\/de\/produkt\/adv-essence-training-pants-herren\/#primaryimage","url":"https:\/\/www.miomiorun.com\/app\/uploads\/2021\/09\/craft-ADV-essence-training-pants-1908716-999000.jpg","contentUrl":"https:\/\/www.miomiorun.com\/app\/uploads\/2021\/09\/craft-ADV-essence-training-pants-1908716-999000.jpg","width":600,"height":600,"caption":"craft adv essence training pants"},{"@type":"BreadcrumbList","@id":"https:\/\/www.miomiorun.com\/de\/produkt\/adv-essence-training-pants-herren\/#breadcrumb","itemListElement":[{"@type":"ListItem","position":1,"name":"Home","item":"https:\/\/www.miomiorun.com\/de\/"},{"@type":"ListItem","position":2,"name":"Shop","item":"https:\/\/www.miomiorun.com\/shop\/"},{"@type":"ListItem","position":3,"name":"ADV Essence Training Pants herren"}]},{"@type":"WebSite","@id":"https:\/\/www.miomiorun.com\/de\/#website","url":"https:\/\/www.miomiorun.com\/de\/","name":"MioMioRun","description":"100% Lauf- und Trailshop","publisher":{"@id":"https:\/\/www.miomiorun.com\/de\/#organization"},"potentialAction":[{"@type":"SearchAction","target":{"@type":"EntryPoint","urlTemplate":"https:\/\/www.miomiorun.com\/de\/?s={search_term_string}"},"query-input":{"@type":"PropertyValueSpecification","valueRequired":true,"valueName":"search_term_string"}}],"inLanguage":"de-DE"},{"@type":"Organization","@id":"https:\/\/www.miomiorun.com\/de\/#organization","name":"MioMio Run","url":"https:\/\/www.miomiorun.com\/de\/","logo":{"@type":"ImageObject","inLanguage":"de-DE","@id":"https:\/\/www.miomiorun.com\/de\/#\/schema\/logo\/image\/","url":"https:\/\/www.miomiorun.com\/app\/uploads\/2019\/12\/logomio.png","contentUrl":"https:\/\/www.miomiorun.com\/app\/uploads\/2019\/12\/logomio.png","width":115,"height":82,"caption":"MioMio Run"},"image":{"@id":"https:\/\/www.miomiorun.com\/de\/#\/schema\/logo\/image\/"},"sameAs":["https:\/\/www.facebook.com\/miomiorun\/","https:\/\/www.instagram.com\/miomiorun\/"]}]}},"_links":{"self":[{"href":"https:\/\/www.miomiorun.com\/de\/wp-json\/wp\/v2\/product\/176807","targetHints":{"allow":["GET"]}}],"collection":[{"href":"https:\/\/www.miomiorun.com\/de\/wp-json\/wp\/v2\/product"}],"about":[{"href":"https:\/\/www.miomiorun.com\/de\/wp-json\/wp\/v2\/types\/product"}],"wp:featuredmedia":[{"embeddable":true,"href":"https:\/\/www.miomiorun.com\/de\/wp-json\/wp\/v2\/media\/57902"}],"wp:attachment":[{"href":"https:\/\/www.miomiorun.com\/de\/wp-json\/wp\/v2\/media?parent=176807"}],"wp:term":[{"taxonomy":"product_brand","embeddable":true,"href":"https:\/\/www.miomiorun.com\/de\/wp-json\/wp\/v2\/product_brand?post=176807"},{"taxonomy":"product_cat","embeddable":true,"href":"https:\/\/www.miomiorun.com\/de\/wp-json\/wp\/v2\/product_cat?post=176807"},{"taxonomy":"product_tag","embeddable":true,"href":"https:\/\/www.miomiorun.com\/de\/wp-json\/wp\/v2\/product_tag?post=176807"}],"curies":[{"name":"wp","href":"https:\/\/api.w.org\/{rel}","templated":true}]}}