{"id":176797,"date":"2021-11-02T17:17:50","date_gmt":"2021-11-02T16:17:50","guid":{"rendered":"https:\/\/miomiorun.com\/prodotto\/uyn-exceleretion-pants-long-uomo\/"},"modified":"2026-05-08T21:19:26","modified_gmt":"2026-05-08T19:19:26","slug":"exceleretion-pants-long-herren","status":"publish","type":"product","link":"https:\/\/www.miomiorun.com\/de\/produkt\/exceleretion-pants-long-herren\/","title":{"rendered":"Exceleretion Pants Long herren"},"content":{"rendered":"<p>Die<strong> Exceleration Long Leggings von UYN<\/strong> f\u00fcr Herren sind minimalistisch im Design, aber reich an Funktionalit\u00e4t.<\/p>\n<p>Der elastische, atmungsaktive Stoff, der auf der Innenseite sanft genetzt ist, tr\u00e4gt zu einer perfekten Temperaturregulierung beim Training in den kalten Monaten bei. Die Heatmemory-Technologie erh\u00f6ht die Isolationsf\u00e4higkeit und sorgt daf\u00fcr, dass die Oberschenkel- und Wadenmuskeln warm und leistungsf\u00e4hig bleiben. Der hochelastische Bund ist so konzipiert, dass er der UYN Exceleration Leggings Stabilit\u00e4t verleiht, ohne einzuengen.<\/p>\n<p>Dank der Heatmemory-Isolationskammer wird Ihr K\u00f6rper vor K\u00e4lte gesch\u00fctzt.<\/p>\n<p>&nbsp;<\/p>\n<p><strong>Eigenschaften:<\/strong><\/p>\n<ul>\n<li>Die parallelen dreidimensionalen Strukturen erh\u00f6hen die F\u00e4higkeit des Gewebes, sich zu dehnen und in seine urspr\u00fcngliche Form zur\u00fcckzukehren, um eine optimale Passform zu gew\u00e4hrleisten.<\/li>\n<li>Sie fungieren auch als Abstandshalter, wenn eine zus\u00e4tzliche Schicht getragen wird, und erleichtern die Luftzirkulation zwischen den beiden Schichten.<\/li>\n<li>Texlyte Nano: Damit die Kleidungsst\u00fccke den Schwei\u00df schnell nach au\u00dfen transportieren und f\u00fcr ein lang anhaltendes Wohlgef\u00fchl sorgen, wurde an strategischen Stellen Texlyte Nano-<\/li>\n<li>Garn eingesetzt.<\/li>\n<li>Texlyte Nano besteht aus Polypropylen, einer der leichtesten Kunstfasern auf dem Markt.<\/li>\n<li>Sie ist 34 % leichter als Polyester. Texlyte Nano ist au\u00dferdem vollst\u00e4ndig recycelbar und daher umweltfreundlich.<\/li>\n<\/ul>\n<p>&nbsp;<\/p>\n","protected":false},"excerpt":{"rendered":"<p>Die Exceleration Long Leggings von UYN f\u00fcr Herren sind minimalistisch im Design, aber reich an Funktionalit\u00e4t. Der elastische, atmungsaktive Stoff, der auf der Innenseite sanft genetzt ist, tr\u00e4gt zu einer perfekten Temperaturregulierung beim Training in den kalten Monaten bei. Die Heatmemory-Technologie erh\u00f6ht die Isolationsf\u00e4higkeit und sorgt daf\u00fcr, dass die Oberschenkel- und Wadenmuskeln warm und leistungsf\u00e4hig &hellip; <a href=\"https:\/\/www.miomiorun.com\/de\/produkt\/exceleretion-pants-long-herren\/\">Continued<\/a><\/p>\n","protected":false},"featured_media":59464,"template":"","meta":{"_acf_changed":false,"inline_featured_image":false},"product_brand":[],"product_cat":[6515,6540,6509],"product_tag":[6315,6296],"class_list":{"0":"post-176797","1":"product","2":"type-product","3":"status-publish","4":"has-post-thumbnail","6":"product_cat-herren-de","7":"product_cat-herrenbekleidung","8":"product_cat-lange-hosen","9":"product_tag-uyn-de","10":"product_tag-uyn-herren-de","11":"pa_attivita-gehen","12":"pa_attivita-running-de","13":"pa_marca-uyn-de","14":"pa_sesso-herren","15":"pa_size-medium-de","16":"pa_size-large-de","18":"first","19":"instock","20":"sale","21":"taxable","22":"shipping-taxable","23":"purchasable","24":"product-type-variable","25":"wvs-archive-product-wrapper"},"acf":[],"yoast_head":"<!-- This site is optimized with the Yoast SEO plugin v26.8 - https:\/\/yoast.com\/product\/yoast-seo-wordpress\/ -->\n<title>Uyn Exceleretion Pants Long herren - Thermohose - MioMioRun<\/title>\n<meta name=\"description\" content=\"Die Exceleration Long Leggings von UYN f\u00fcr M\u00e4nner sind minimal im Design, aber reich an Funktionalit\u00e4t. Das Material ist dehnbar und atmungsaktiv.\" \/>\n<meta name=\"robots\" content=\"index, follow, max-snippet:-1, max-image-preview:large, max-video-preview:-1\" \/>\n<link rel=\"canonical\" href=\"https:\/\/www.miomiorun.com\/de\/produkt\/exceleretion-pants-long-herren\/\" \/>\n<meta property=\"og:locale\" content=\"de_DE\" \/>\n<meta property=\"og:type\" content=\"article\" \/>\n<meta property=\"og:title\" content=\"Uyn Exceleretion Pants Long herren - Thermohose - MioMioRun\" \/>\n<meta property=\"og:description\" content=\"Die Exceleration Long Leggings von UYN f\u00fcr M\u00e4nner sind minimal im Design, aber reich an Funktionalit\u00e4t. Das Material ist dehnbar und atmungsaktiv.\" \/>\n<meta property=\"og:url\" content=\"https:\/\/www.miomiorun.com\/de\/produkt\/exceleretion-pants-long-herren\/\" \/>\n<meta property=\"og:site_name\" content=\"MioMioRun\" \/>\n<meta property=\"article:publisher\" content=\"https:\/\/www.facebook.com\/miomiorun\/\" \/>\n<meta property=\"article:modified_time\" content=\"2026-05-08T19:19:26+00:00\" \/>\n<meta property=\"og:image\" content=\"https:\/\/www.miomiorun.com\/app\/uploads\/2021\/11\/uyn-exceleraton-pants-long-O102143-93B646.jpg\" \/>\n\t<meta property=\"og:image:width\" content=\"600\" \/>\n\t<meta property=\"og:image:height\" content=\"600\" \/>\n\t<meta property=\"og:image:type\" content=\"image\/jpeg\" \/>\n<meta name=\"twitter:card\" content=\"summary_large_image\" \/>\n<meta name=\"twitter:label1\" content=\"Est. reading time\" \/>\n\t<meta name=\"twitter:data1\" content=\"1 minute\" \/>\n<script type=\"application\/ld+json\" class=\"yoast-schema-graph\">{\"@context\":\"https:\/\/schema.org\",\"@graph\":[{\"@type\":\"WebPage\",\"@id\":\"https:\/\/www.miomiorun.com\/de\/produkt\/exceleretion-pants-long-herren\/\",\"url\":\"https:\/\/www.miomiorun.com\/de\/produkt\/exceleretion-pants-long-herren\/\",\"name\":\"Uyn Exceleretion Pants Long herren - Thermohose - MioMioRun\",\"isPartOf\":{\"@id\":\"https:\/\/www.miomiorun.com\/de\/#website\"},\"primaryImageOfPage\":{\"@id\":\"https:\/\/www.miomiorun.com\/de\/produkt\/exceleretion-pants-long-herren\/#primaryimage\"},\"image\":{\"@id\":\"https:\/\/www.miomiorun.com\/de\/produkt\/exceleretion-pants-long-herren\/#primaryimage\"},\"thumbnailUrl\":\"https:\/\/www.miomiorun.com\/app\/uploads\/2021\/11\/uyn-exceleraton-pants-long-O102143-93B646.jpg\",\"datePublished\":\"2021-11-02T16:17:50+00:00\",\"dateModified\":\"2026-05-08T19:19:26+00:00\",\"description\":\"Die Exceleration Long Leggings von UYN f\u00fcr M\u00e4nner sind minimal im Design, aber reich an Funktionalit\u00e4t. Das Material ist dehnbar und atmungsaktiv.\",\"breadcrumb\":{\"@id\":\"https:\/\/www.miomiorun.com\/de\/produkt\/exceleretion-pants-long-herren\/#breadcrumb\"},\"inLanguage\":\"de-DE\",\"potentialAction\":[{\"@type\":\"ReadAction\",\"target\":[\"https:\/\/www.miomiorun.com\/de\/produkt\/exceleretion-pants-long-herren\/\"]}]},{\"@type\":\"ImageObject\",\"inLanguage\":\"de-DE\",\"@id\":\"https:\/\/www.miomiorun.com\/de\/produkt\/exceleretion-pants-long-herren\/#primaryimage\",\"url\":\"https:\/\/www.miomiorun.com\/app\/uploads\/2021\/11\/uyn-exceleraton-pants-long-O102143-93B646.jpg\",\"contentUrl\":\"https:\/\/www.miomiorun.com\/app\/uploads\/2021\/11\/uyn-exceleraton-pants-long-O102143-93B646.jpg\",\"width\":600,\"height\":600,\"caption\":\"uyn exceleraton pants long\"},{\"@type\":\"BreadcrumbList\",\"@id\":\"https:\/\/www.miomiorun.com\/de\/produkt\/exceleretion-pants-long-herren\/#breadcrumb\",\"itemListElement\":[{\"@type\":\"ListItem\",\"position\":1,\"name\":\"Home\",\"item\":\"https:\/\/www.miomiorun.com\/de\/\"},{\"@type\":\"ListItem\",\"position\":2,\"name\":\"Shop\",\"item\":\"https:\/\/www.miomiorun.com\/shop\/\"},{\"@type\":\"ListItem\",\"position\":3,\"name\":\"Exceleretion Pants Long herren\"}]},{\"@type\":\"WebSite\",\"@id\":\"https:\/\/www.miomiorun.com\/de\/#website\",\"url\":\"https:\/\/www.miomiorun.com\/de\/\",\"name\":\"MioMioRun\",\"description\":\"100% Lauf- und Trailshop\",\"publisher\":{\"@id\":\"https:\/\/www.miomiorun.com\/de\/#organization\"},\"potentialAction\":[{\"@type\":\"SearchAction\",\"target\":{\"@type\":\"EntryPoint\",\"urlTemplate\":\"https:\/\/www.miomiorun.com\/de\/?s={search_term_string}\"},\"query-input\":{\"@type\":\"PropertyValueSpecification\",\"valueRequired\":true,\"valueName\":\"search_term_string\"}}],\"inLanguage\":\"de-DE\"},{\"@type\":\"Organization\",\"@id\":\"https:\/\/www.miomiorun.com\/de\/#organization\",\"name\":\"MioMio Run\",\"url\":\"https:\/\/www.miomiorun.com\/de\/\",\"logo\":{\"@type\":\"ImageObject\",\"inLanguage\":\"de-DE\",\"@id\":\"https:\/\/www.miomiorun.com\/de\/#\/schema\/logo\/image\/\",\"url\":\"https:\/\/www.miomiorun.com\/app\/uploads\/2019\/12\/logomio.png\",\"contentUrl\":\"https:\/\/www.miomiorun.com\/app\/uploads\/2019\/12\/logomio.png\",\"width\":115,\"height\":82,\"caption\":\"MioMio Run\"},\"image\":{\"@id\":\"https:\/\/www.miomiorun.com\/de\/#\/schema\/logo\/image\/\"},\"sameAs\":[\"https:\/\/www.facebook.com\/miomiorun\/\",\"https:\/\/www.instagram.com\/miomiorun\/\"]}]}<\/script>\n<!-- \/ Yoast SEO plugin. -->","yoast_head_json":{"title":"Uyn Exceleretion Pants Long herren - Thermohose - MioMioRun","description":"Die Exceleration Long Leggings von UYN f\u00fcr M\u00e4nner sind minimal im Design, aber reich an Funktionalit\u00e4t. Das Material ist dehnbar und atmungsaktiv.","robots":{"index":"index","follow":"follow","max-snippet":"max-snippet:-1","max-image-preview":"max-image-preview:large","max-video-preview":"max-video-preview:-1"},"canonical":"https:\/\/www.miomiorun.com\/de\/produkt\/exceleretion-pants-long-herren\/","og_locale":"de_DE","og_type":"article","og_title":"Uyn Exceleretion Pants Long herren - Thermohose - MioMioRun","og_description":"Die Exceleration Long Leggings von UYN f\u00fcr M\u00e4nner sind minimal im Design, aber reich an Funktionalit\u00e4t. Das Material ist dehnbar und atmungsaktiv.","og_url":"https:\/\/www.miomiorun.com\/de\/produkt\/exceleretion-pants-long-herren\/","og_site_name":"MioMioRun","article_publisher":"https:\/\/www.facebook.com\/miomiorun\/","article_modified_time":"2026-05-08T19:19:26+00:00","og_image":[{"width":600,"height":600,"url":"https:\/\/www.miomiorun.com\/app\/uploads\/2021\/11\/uyn-exceleraton-pants-long-O102143-93B646.jpg","type":"image\/jpeg"}],"twitter_card":"summary_large_image","twitter_misc":{"Est. reading time":"1 minute"},"schema":{"@context":"https:\/\/schema.org","@graph":[{"@type":"WebPage","@id":"https:\/\/www.miomiorun.com\/de\/produkt\/exceleretion-pants-long-herren\/","url":"https:\/\/www.miomiorun.com\/de\/produkt\/exceleretion-pants-long-herren\/","name":"Uyn Exceleretion Pants Long herren - Thermohose - MioMioRun","isPartOf":{"@id":"https:\/\/www.miomiorun.com\/de\/#website"},"primaryImageOfPage":{"@id":"https:\/\/www.miomiorun.com\/de\/produkt\/exceleretion-pants-long-herren\/#primaryimage"},"image":{"@id":"https:\/\/www.miomiorun.com\/de\/produkt\/exceleretion-pants-long-herren\/#primaryimage"},"thumbnailUrl":"https:\/\/www.miomiorun.com\/app\/uploads\/2021\/11\/uyn-exceleraton-pants-long-O102143-93B646.jpg","datePublished":"2021-11-02T16:17:50+00:00","dateModified":"2026-05-08T19:19:26+00:00","description":"Die Exceleration Long Leggings von UYN f\u00fcr M\u00e4nner sind minimal im Design, aber reich an Funktionalit\u00e4t. Das Material ist dehnbar und atmungsaktiv.","breadcrumb":{"@id":"https:\/\/www.miomiorun.com\/de\/produkt\/exceleretion-pants-long-herren\/#breadcrumb"},"inLanguage":"de-DE","potentialAction":[{"@type":"ReadAction","target":["https:\/\/www.miomiorun.com\/de\/produkt\/exceleretion-pants-long-herren\/"]}]},{"@type":"ImageObject","inLanguage":"de-DE","@id":"https:\/\/www.miomiorun.com\/de\/produkt\/exceleretion-pants-long-herren\/#primaryimage","url":"https:\/\/www.miomiorun.com\/app\/uploads\/2021\/11\/uyn-exceleraton-pants-long-O102143-93B646.jpg","contentUrl":"https:\/\/www.miomiorun.com\/app\/uploads\/2021\/11\/uyn-exceleraton-pants-long-O102143-93B646.jpg","width":600,"height":600,"caption":"uyn exceleraton pants long"},{"@type":"BreadcrumbList","@id":"https:\/\/www.miomiorun.com\/de\/produkt\/exceleretion-pants-long-herren\/#breadcrumb","itemListElement":[{"@type":"ListItem","position":1,"name":"Home","item":"https:\/\/www.miomiorun.com\/de\/"},{"@type":"ListItem","position":2,"name":"Shop","item":"https:\/\/www.miomiorun.com\/shop\/"},{"@type":"ListItem","position":3,"name":"Exceleretion Pants Long herren"}]},{"@type":"WebSite","@id":"https:\/\/www.miomiorun.com\/de\/#website","url":"https:\/\/www.miomiorun.com\/de\/","name":"MioMioRun","description":"100% Lauf- und Trailshop","publisher":{"@id":"https:\/\/www.miomiorun.com\/de\/#organization"},"potentialAction":[{"@type":"SearchAction","target":{"@type":"EntryPoint","urlTemplate":"https:\/\/www.miomiorun.com\/de\/?s={search_term_string}"},"query-input":{"@type":"PropertyValueSpecification","valueRequired":true,"valueName":"search_term_string"}}],"inLanguage":"de-DE"},{"@type":"Organization","@id":"https:\/\/www.miomiorun.com\/de\/#organization","name":"MioMio Run","url":"https:\/\/www.miomiorun.com\/de\/","logo":{"@type":"ImageObject","inLanguage":"de-DE","@id":"https:\/\/www.miomiorun.com\/de\/#\/schema\/logo\/image\/","url":"https:\/\/www.miomiorun.com\/app\/uploads\/2019\/12\/logomio.png","contentUrl":"https:\/\/www.miomiorun.com\/app\/uploads\/2019\/12\/logomio.png","width":115,"height":82,"caption":"MioMio Run"},"image":{"@id":"https:\/\/www.miomiorun.com\/de\/#\/schema\/logo\/image\/"},"sameAs":["https:\/\/www.facebook.com\/miomiorun\/","https:\/\/www.instagram.com\/miomiorun\/"]}]}},"_links":{"self":[{"href":"https:\/\/www.miomiorun.com\/de\/wp-json\/wp\/v2\/product\/176797","targetHints":{"allow":["GET"]}}],"collection":[{"href":"https:\/\/www.miomiorun.com\/de\/wp-json\/wp\/v2\/product"}],"about":[{"href":"https:\/\/www.miomiorun.com\/de\/wp-json\/wp\/v2\/types\/product"}],"wp:featuredmedia":[{"embeddable":true,"href":"https:\/\/www.miomiorun.com\/de\/wp-json\/wp\/v2\/media\/59464"}],"wp:attachment":[{"href":"https:\/\/www.miomiorun.com\/de\/wp-json\/wp\/v2\/media?parent=176797"}],"wp:term":[{"taxonomy":"product_brand","embeddable":true,"href":"https:\/\/www.miomiorun.com\/de\/wp-json\/wp\/v2\/product_brand?post=176797"},{"taxonomy":"product_cat","embeddable":true,"href":"https:\/\/www.miomiorun.com\/de\/wp-json\/wp\/v2\/product_cat?post=176797"},{"taxonomy":"product_tag","embeddable":true,"href":"https:\/\/www.miomiorun.com\/de\/wp-json\/wp\/v2\/product_tag?post=176797"}],"curies":[{"name":"wp","href":"https:\/\/api.w.org\/{rel}","templated":true}]}}