{"id":176771,"date":"2020-11-24T19:11:11","date_gmt":"2020-11-24T18:11:11","guid":{"rendered":"https:\/\/miomiorun.com\/prodotto\/la-sportiva-wave-t-shirt-uomo\/"},"modified":"2024-06-27T14:02:20","modified_gmt":"2024-06-27T12:02:20","slug":"wave-t-shirt-herren","status":"publish","type":"product","link":"https:\/\/www.miomiorun.com\/de\/produkt\/wave-t-shirt-herren\/","title":{"rendered":"Wave t-shirt herren"},"content":{"rendered":"<p>Mit seiner neuen, auff\u00e4lligen Grafik steckt das <strong>Wave T-Shirt<\/strong> voller Energie. Das leichte und atmungsaktive Gewebe mit antibakterieller und geruchshemmender Behandlung (Polygiene\u00ae) erm\u00f6glicht maximalen Komfort auch bei intensivsten sportlichen Aktivit\u00e4ten.<\/p>\n<p>+ Reflektierende Details<br \/>\n+ Atmungsaktives Netzgewebe<br \/>\n+ Geruchshemmend und antibakteriell (Polygiene\u00ae)<br \/>\n+ Anti-scheuernde Flachn\u00e4hte<\/p>\n<p>&nbsp;<\/p>\n<p><strong>Leichtigkeit :<\/strong> Produkte, die das Gewicht auf ein Minimum reduzieren<\/p>\n<p><strong>Atmungsaktivit\u00e4t:<\/strong> Hochgradig atmungsaktive Produkte f\u00fcr optimalen Klimakomfort.<\/p>\n<p>Antibakterielle und geruchshemmende Polygiene\u00ae Technologie ist eine dauerhafte, wirksame und nachhaltige Behandlung, die Silbersalze verwendet, um die Bildung von geruchsverursachenden Bakterien zu verhindern. Das Ergebnis? Die Kleidungsst\u00fccke k\u00f6nnen l\u00e4nger ohne Waschen getragen werden.<\/p>\n<p><strong>Elastizit\u00e4t:<\/strong> bequeme und reaktionsfreudige Kleidungsst\u00fccke, die maximale Bewegungsfreiheit garantieren.<\/p>\n<p>&nbsp;<\/p>\n<p><strong>L1 &#8211; BASISSCHICHT<\/strong><br \/>\nSchicht in direktem Kontakt mit der Haut. F\u00f6rdert den Schwei\u00dftransport f\u00fcr besseren Klimakomfort bei k\u00f6rperlicher Bet\u00e4tigung.<\/p>\n<p><strong>Regular fit :<\/strong> Technischer und bequemer Schnitt.<\/p>\n<p><strong>Materialien :<\/strong> Hauptteil: (PN13) 92% Polyester, 8% Elastan Einsatz: (MSH24) 100% Polyester<br \/>\n<strong>Gewicht :<\/strong> 100 g (M)<\/p>\n<p>&nbsp;<\/p>\n<p>&nbsp;<\/p>\n","protected":false},"excerpt":{"rendered":"<p>Mit seiner neuen, auff\u00e4lligen Grafik steckt das Wave T-Shirt voller Energie. Das leichte und atmungsaktive Gewebe mit antibakterieller und geruchshemmender Behandlung (Polygiene\u00ae) erm\u00f6glicht maximalen Komfort auch bei intensivsten sportlichen Aktivit\u00e4ten. + Reflektierende Details + Atmungsaktives Netzgewebe + Geruchshemmend und antibakteriell (Polygiene\u00ae) + Anti-scheuernde Flachn\u00e4hte &nbsp; Leichtigkeit : Produkte, die das Gewicht auf ein Minimum reduzieren &hellip; <a href=\"https:\/\/www.miomiorun.com\/de\/produkt\/wave-t-shirt-herren\/\">Continued<\/a><\/p>\n","protected":false},"featured_media":164936,"template":"","meta":{"_acf_changed":false,"inline_featured_image":false},"product_brand":[],"product_cat":[6515,6540,6508],"product_tag":[6248,6218],"class_list":{"0":"post-176771","1":"product","2":"type-product","3":"status-publish","4":"has-post-thumbnail","6":"product_cat-herren-de","7":"product_cat-herrenbekleidung","8":"product_cat-herrent-shirt","9":"product_tag-la-sportiva-de","10":"product_tag-la-sportiva-herren-de","11":"pa_attivita-outdoor-de","12":"pa_attivita-trail-de","13":"pa_colore-wave-t-shirt-m-white-black-de","14":"pa_marca-la-sportiva-de","15":"pa_sesso-herren","16":"pa_size-small-de","17":"pa_size-medium-de","18":"pa_size-extra-large-de","20":"first","21":"instock","22":"sale","23":"taxable","24":"shipping-taxable","25":"purchasable","26":"product-type-variable","27":"wvs-archive-product-wrapper"},"acf":[],"yoast_head":"<!-- This site is optimized with the Yoast SEO plugin v26.8 - https:\/\/yoast.com\/product\/yoast-seo-wordpress\/ -->\n<title>La Sportiva Wave t-shirt herren - l\u00e4uft - MioMioRun.com<\/title>\n<meta name=\"description\" content=\"Das Wave-T-Shirt aus leichtem, atmungsaktivem Gewebe mit antibakterieller und geruchshemmender Behandlung bietet maximalen Komfort\" \/>\n<meta name=\"robots\" content=\"index, follow, max-snippet:-1, max-image-preview:large, max-video-preview:-1\" \/>\n<link rel=\"canonical\" href=\"https:\/\/www.miomiorun.com\/de\/produkt\/wave-t-shirt-herren\/\" \/>\n<meta property=\"og:locale\" content=\"de_DE\" \/>\n<meta property=\"og:type\" content=\"article\" \/>\n<meta property=\"og:title\" content=\"La Sportiva Wave t-shirt herren - l\u00e4uft - MioMioRun.com\" \/>\n<meta property=\"og:description\" content=\"Das Wave-T-Shirt aus leichtem, atmungsaktivem Gewebe mit antibakterieller und geruchshemmender Behandlung bietet maximalen Komfort\" \/>\n<meta property=\"og:url\" content=\"https:\/\/www.miomiorun.com\/de\/produkt\/wave-t-shirt-herren\/\" \/>\n<meta property=\"og:site_name\" content=\"MioMioRun\" \/>\n<meta property=\"article:publisher\" content=\"https:\/\/www.facebook.com\/miomiorun\/\" \/>\n<meta property=\"article:modified_time\" content=\"2024-06-27T12:02:20+00:00\" \/>\n<meta property=\"og:image\" content=\"https:\/\/www.miomiorun.com\/app\/uploads\/2024\/04\/La-sportiva-Wave-t-shirt-M-white-black-P85000999.webp\" \/>\n\t<meta property=\"og:image:width\" content=\"600\" \/>\n\t<meta property=\"og:image:height\" content=\"600\" \/>\n\t<meta property=\"og:image:type\" content=\"image\/webp\" \/>\n<meta name=\"twitter:card\" content=\"summary_large_image\" \/>\n<meta name=\"twitter:label1\" content=\"Est. reading time\" \/>\n\t<meta name=\"twitter:data1\" content=\"1 minute\" \/>\n<script type=\"application\/ld+json\" class=\"yoast-schema-graph\">{\"@context\":\"https:\/\/schema.org\",\"@graph\":[{\"@type\":\"WebPage\",\"@id\":\"https:\/\/www.miomiorun.com\/de\/produkt\/wave-t-shirt-herren\/\",\"url\":\"https:\/\/www.miomiorun.com\/de\/produkt\/wave-t-shirt-herren\/\",\"name\":\"La Sportiva Wave t-shirt herren - l\u00e4uft - MioMioRun.com\",\"isPartOf\":{\"@id\":\"https:\/\/www.miomiorun.com\/de\/#website\"},\"primaryImageOfPage\":{\"@id\":\"https:\/\/www.miomiorun.com\/de\/produkt\/wave-t-shirt-herren\/#primaryimage\"},\"image\":{\"@id\":\"https:\/\/www.miomiorun.com\/de\/produkt\/wave-t-shirt-herren\/#primaryimage\"},\"thumbnailUrl\":\"https:\/\/www.miomiorun.com\/app\/uploads\/2024\/04\/La-sportiva-Wave-t-shirt-M-white-black-P85000999.webp\",\"datePublished\":\"2020-11-24T18:11:11+00:00\",\"dateModified\":\"2024-06-27T12:02:20+00:00\",\"description\":\"Das Wave-T-Shirt aus leichtem, atmungsaktivem Gewebe mit antibakterieller und geruchshemmender Behandlung bietet maximalen Komfort\",\"breadcrumb\":{\"@id\":\"https:\/\/www.miomiorun.com\/de\/produkt\/wave-t-shirt-herren\/#breadcrumb\"},\"inLanguage\":\"de-DE\",\"potentialAction\":[{\"@type\":\"ReadAction\",\"target\":[\"https:\/\/www.miomiorun.com\/de\/produkt\/wave-t-shirt-herren\/\"]}]},{\"@type\":\"ImageObject\",\"inLanguage\":\"de-DE\",\"@id\":\"https:\/\/www.miomiorun.com\/de\/produkt\/wave-t-shirt-herren\/#primaryimage\",\"url\":\"https:\/\/www.miomiorun.com\/app\/uploads\/2024\/04\/La-sportiva-Wave-t-shirt-M-white-black-P85000999.webp\",\"contentUrl\":\"https:\/\/www.miomiorun.com\/app\/uploads\/2024\/04\/La-sportiva-Wave-t-shirt-M-white-black-P85000999.webp\",\"width\":600,\"height\":600,\"caption\":\"La sportiva Wave t-shirt M white black P85000999\"},{\"@type\":\"BreadcrumbList\",\"@id\":\"https:\/\/www.miomiorun.com\/de\/produkt\/wave-t-shirt-herren\/#breadcrumb\",\"itemListElement\":[{\"@type\":\"ListItem\",\"position\":1,\"name\":\"Home\",\"item\":\"https:\/\/www.miomiorun.com\/de\/\"},{\"@type\":\"ListItem\",\"position\":2,\"name\":\"Shop\",\"item\":\"https:\/\/www.miomiorun.com\/shop\/\"},{\"@type\":\"ListItem\",\"position\":3,\"name\":\"Wave t-shirt herren\"}]},{\"@type\":\"WebSite\",\"@id\":\"https:\/\/www.miomiorun.com\/de\/#website\",\"url\":\"https:\/\/www.miomiorun.com\/de\/\",\"name\":\"MioMioRun\",\"description\":\"100% Lauf- und Trailshop\",\"publisher\":{\"@id\":\"https:\/\/www.miomiorun.com\/de\/#organization\"},\"potentialAction\":[{\"@type\":\"SearchAction\",\"target\":{\"@type\":\"EntryPoint\",\"urlTemplate\":\"https:\/\/www.miomiorun.com\/de\/?s={search_term_string}\"},\"query-input\":{\"@type\":\"PropertyValueSpecification\",\"valueRequired\":true,\"valueName\":\"search_term_string\"}}],\"inLanguage\":\"de-DE\"},{\"@type\":\"Organization\",\"@id\":\"https:\/\/www.miomiorun.com\/de\/#organization\",\"name\":\"MioMio Run\",\"url\":\"https:\/\/www.miomiorun.com\/de\/\",\"logo\":{\"@type\":\"ImageObject\",\"inLanguage\":\"de-DE\",\"@id\":\"https:\/\/www.miomiorun.com\/de\/#\/schema\/logo\/image\/\",\"url\":\"https:\/\/www.miomiorun.com\/app\/uploads\/2019\/12\/logomio.png\",\"contentUrl\":\"https:\/\/www.miomiorun.com\/app\/uploads\/2019\/12\/logomio.png\",\"width\":115,\"height\":82,\"caption\":\"MioMio Run\"},\"image\":{\"@id\":\"https:\/\/www.miomiorun.com\/de\/#\/schema\/logo\/image\/\"},\"sameAs\":[\"https:\/\/www.facebook.com\/miomiorun\/\",\"https:\/\/www.instagram.com\/miomiorun\/\"]}]}<\/script>\n<!-- \/ Yoast SEO plugin. -->","yoast_head_json":{"title":"La Sportiva Wave t-shirt herren - l\u00e4uft - MioMioRun.com","description":"Das Wave-T-Shirt aus leichtem, atmungsaktivem Gewebe mit antibakterieller und geruchshemmender Behandlung bietet maximalen Komfort","robots":{"index":"index","follow":"follow","max-snippet":"max-snippet:-1","max-image-preview":"max-image-preview:large","max-video-preview":"max-video-preview:-1"},"canonical":"https:\/\/www.miomiorun.com\/de\/produkt\/wave-t-shirt-herren\/","og_locale":"de_DE","og_type":"article","og_title":"La Sportiva Wave t-shirt herren - l\u00e4uft - MioMioRun.com","og_description":"Das Wave-T-Shirt aus leichtem, atmungsaktivem Gewebe mit antibakterieller und geruchshemmender Behandlung bietet maximalen Komfort","og_url":"https:\/\/www.miomiorun.com\/de\/produkt\/wave-t-shirt-herren\/","og_site_name":"MioMioRun","article_publisher":"https:\/\/www.facebook.com\/miomiorun\/","article_modified_time":"2024-06-27T12:02:20+00:00","og_image":[{"width":600,"height":600,"url":"https:\/\/www.miomiorun.com\/app\/uploads\/2024\/04\/La-sportiva-Wave-t-shirt-M-white-black-P85000999.webp","type":"image\/webp"}],"twitter_card":"summary_large_image","twitter_misc":{"Est. reading time":"1 minute"},"schema":{"@context":"https:\/\/schema.org","@graph":[{"@type":"WebPage","@id":"https:\/\/www.miomiorun.com\/de\/produkt\/wave-t-shirt-herren\/","url":"https:\/\/www.miomiorun.com\/de\/produkt\/wave-t-shirt-herren\/","name":"La Sportiva Wave t-shirt herren - l\u00e4uft - MioMioRun.com","isPartOf":{"@id":"https:\/\/www.miomiorun.com\/de\/#website"},"primaryImageOfPage":{"@id":"https:\/\/www.miomiorun.com\/de\/produkt\/wave-t-shirt-herren\/#primaryimage"},"image":{"@id":"https:\/\/www.miomiorun.com\/de\/produkt\/wave-t-shirt-herren\/#primaryimage"},"thumbnailUrl":"https:\/\/www.miomiorun.com\/app\/uploads\/2024\/04\/La-sportiva-Wave-t-shirt-M-white-black-P85000999.webp","datePublished":"2020-11-24T18:11:11+00:00","dateModified":"2024-06-27T12:02:20+00:00","description":"Das Wave-T-Shirt aus leichtem, atmungsaktivem Gewebe mit antibakterieller und geruchshemmender Behandlung bietet maximalen Komfort","breadcrumb":{"@id":"https:\/\/www.miomiorun.com\/de\/produkt\/wave-t-shirt-herren\/#breadcrumb"},"inLanguage":"de-DE","potentialAction":[{"@type":"ReadAction","target":["https:\/\/www.miomiorun.com\/de\/produkt\/wave-t-shirt-herren\/"]}]},{"@type":"ImageObject","inLanguage":"de-DE","@id":"https:\/\/www.miomiorun.com\/de\/produkt\/wave-t-shirt-herren\/#primaryimage","url":"https:\/\/www.miomiorun.com\/app\/uploads\/2024\/04\/La-sportiva-Wave-t-shirt-M-white-black-P85000999.webp","contentUrl":"https:\/\/www.miomiorun.com\/app\/uploads\/2024\/04\/La-sportiva-Wave-t-shirt-M-white-black-P85000999.webp","width":600,"height":600,"caption":"La sportiva Wave t-shirt M white black P85000999"},{"@type":"BreadcrumbList","@id":"https:\/\/www.miomiorun.com\/de\/produkt\/wave-t-shirt-herren\/#breadcrumb","itemListElement":[{"@type":"ListItem","position":1,"name":"Home","item":"https:\/\/www.miomiorun.com\/de\/"},{"@type":"ListItem","position":2,"name":"Shop","item":"https:\/\/www.miomiorun.com\/shop\/"},{"@type":"ListItem","position":3,"name":"Wave t-shirt herren"}]},{"@type":"WebSite","@id":"https:\/\/www.miomiorun.com\/de\/#website","url":"https:\/\/www.miomiorun.com\/de\/","name":"MioMioRun","description":"100% Lauf- und Trailshop","publisher":{"@id":"https:\/\/www.miomiorun.com\/de\/#organization"},"potentialAction":[{"@type":"SearchAction","target":{"@type":"EntryPoint","urlTemplate":"https:\/\/www.miomiorun.com\/de\/?s={search_term_string}"},"query-input":{"@type":"PropertyValueSpecification","valueRequired":true,"valueName":"search_term_string"}}],"inLanguage":"de-DE"},{"@type":"Organization","@id":"https:\/\/www.miomiorun.com\/de\/#organization","name":"MioMio Run","url":"https:\/\/www.miomiorun.com\/de\/","logo":{"@type":"ImageObject","inLanguage":"de-DE","@id":"https:\/\/www.miomiorun.com\/de\/#\/schema\/logo\/image\/","url":"https:\/\/www.miomiorun.com\/app\/uploads\/2019\/12\/logomio.png","contentUrl":"https:\/\/www.miomiorun.com\/app\/uploads\/2019\/12\/logomio.png","width":115,"height":82,"caption":"MioMio Run"},"image":{"@id":"https:\/\/www.miomiorun.com\/de\/#\/schema\/logo\/image\/"},"sameAs":["https:\/\/www.facebook.com\/miomiorun\/","https:\/\/www.instagram.com\/miomiorun\/"]}]}},"_links":{"self":[{"href":"https:\/\/www.miomiorun.com\/de\/wp-json\/wp\/v2\/product\/176771","targetHints":{"allow":["GET"]}}],"collection":[{"href":"https:\/\/www.miomiorun.com\/de\/wp-json\/wp\/v2\/product"}],"about":[{"href":"https:\/\/www.miomiorun.com\/de\/wp-json\/wp\/v2\/types\/product"}],"wp:featuredmedia":[{"embeddable":true,"href":"https:\/\/www.miomiorun.com\/de\/wp-json\/wp\/v2\/media\/164936"}],"wp:attachment":[{"href":"https:\/\/www.miomiorun.com\/de\/wp-json\/wp\/v2\/media?parent=176771"}],"wp:term":[{"taxonomy":"product_brand","embeddable":true,"href":"https:\/\/www.miomiorun.com\/de\/wp-json\/wp\/v2\/product_brand?post=176771"},{"taxonomy":"product_cat","embeddable":true,"href":"https:\/\/www.miomiorun.com\/de\/wp-json\/wp\/v2\/product_cat?post=176771"},{"taxonomy":"product_tag","embeddable":true,"href":"https:\/\/www.miomiorun.com\/de\/wp-json\/wp\/v2\/product_tag?post=176771"}],"curies":[{"name":"wp","href":"https:\/\/api.w.org\/{rel}","templated":true}]}}