{"id":176644,"date":"2020-03-16T14:40:04","date_gmt":"2020-03-16T13:40:04","guid":{"rendered":"https:\/\/miomiorun.com\/prodotto\/cep-low-cut-socks-3-0-donna\/"},"modified":"2026-05-08T20:33:25","modified_gmt":"2026-05-08T18:33:25","slug":"low-cut-socks-3-0-damen","status":"publish","type":"product","link":"https:\/\/www.miomiorun.com\/de\/produkt\/low-cut-socks-3-0-damen\/","title":{"rendered":"Low cut socks 3.0 damen"},"content":{"rendered":"<p>Die <strong>CEP Compression Low Cut 3.0<\/strong> Damensocke bietet Kompression im Fu\u00df- und Kn\u00f6chelbereich und h\u00e4lt die F\u00fc\u00dfe k\u00fchl und frisch. Unsere bew\u00e4hrte Materialmischung beugt Blasen vor und sorgt f\u00fcr eine komfortable Passform. Unsere Sportkompressionssocken bieten eine eng anliegende, nahtlose Passform, die konsequent auf maximalen Komfort und Leistung ausgelegt ist. Erg\u00e4nzt durch hervorragende feuchtigkeitstransportierende Fasern finden Sie keine bessere Kompressionssocke f\u00fcr Sportler.<\/p>\n<p>Gezielte Kompression lindert Schwellungen und Schmerzen Dickes Polster entlang des Fu\u00dfbetts beugt Blasenbildung vor HEIQ-Klimamanagement k\u00fchlt die Haut w\u00e4hrend der Aktivit\u00e4t Kn\u00f6chelhoch; perfekt f\u00fcr alle Sportarten und Aktivit\u00e4ten Atmungsaktive Garne sind robust und langlebig Sportkompression lindert Schmerzen bei Plantarfasziitis<\/p>\n<p><strong>Material:<\/strong> 80% Polyamid, 20% Spandex<\/p>\n","protected":false},"excerpt":{"rendered":"<p><span style=\"font-weight: 400;\">Die CEP Compression Low Cut 3.0 Socken f\u00fcr Damen bieten Kompression an Fu\u00df und Kn\u00f6chel, um die F\u00fc\u00dfe k\u00fchl und vital zu halten. Unsere bew\u00e4hrte Materialmischung beugt Blasenbildung vor und bietet eine gute Passform.<\/span><\/p>\n","protected":false},"featured_media":51074,"template":"","meta":{"_acf_changed":false,"inline_featured_image":false},"product_brand":[],"product_cat":[6400,6401,6402],"product_tag":[3408,6210],"class_list":{"0":"post-176644","1":"product","2":"type-product","3":"status-publish","4":"has-post-thumbnail","6":"product_cat-damen","7":"product_cat-damenbekleidung","8":"product_cat-damensocken-de","9":"product_tag-cep-de","10":"product_tag-cep-damen-de","11":"pa_attivita-fitness-de","12":"pa_attivita-gehen","13":"pa_attivita-running-de","14":"pa_colore-low-cut-socks-3-0-w-rose-light-de","15":"pa_colore-low-cut-socks-w-mint-grey-de","16":"pa_marca-cep-de","17":"pa_sesso-damen","18":"pa_size-34-37-de","19":"pa_size-37-40-de","20":"pa_size-40-43-de","22":"first","23":"instock","24":"sale","25":"taxable","26":"shipping-taxable","27":"purchasable","28":"product-type-variable","29":"wvs-archive-product-wrapper"},"acf":[],"yoast_head":"<!-- This site is optimized with the Yoast SEO plugin v26.8 - https:\/\/yoast.com\/product\/yoast-seo-wordpress\/ -->\n<title>CepLow cut socks 3.0 damen - Laufsocken - MioMioRun.com<\/title>\n<meta name=\"description\" content=\"Die CEP Compression Low Cut 3.0 Socken f\u00fcr Frauen bieten Kompression an Fu\u00df und Kn\u00f6chel, um die F\u00fc\u00dfe k\u00fchl und leistungsf\u00e4hig zu halten.\" \/>\n<meta name=\"robots\" content=\"index, follow, max-snippet:-1, max-image-preview:large, max-video-preview:-1\" \/>\n<link rel=\"canonical\" href=\"https:\/\/www.miomiorun.com\/de\/produkt\/low-cut-socks-3-0-damen\/\" \/>\n<meta property=\"og:locale\" content=\"de_DE\" \/>\n<meta property=\"og:type\" content=\"article\" \/>\n<meta property=\"og:title\" content=\"CepLow cut socks 3.0 damen - Laufsocken - MioMioRun.com\" \/>\n<meta property=\"og:description\" content=\"Die CEP Compression Low Cut 3.0 Socken f\u00fcr Frauen bieten Kompression an Fu\u00df und Kn\u00f6chel, um die F\u00fc\u00dfe k\u00fchl und leistungsf\u00e4hig zu halten.\" \/>\n<meta property=\"og:url\" content=\"https:\/\/www.miomiorun.com\/de\/produkt\/low-cut-socks-3-0-damen\/\" \/>\n<meta property=\"og:site_name\" content=\"MioMioRun\" \/>\n<meta property=\"article:publisher\" content=\"https:\/\/www.facebook.com\/miomiorun\/\" \/>\n<meta property=\"article:modified_time\" content=\"2026-05-08T18:33:25+00:00\" \/>\n<meta property=\"og:image\" content=\"https:\/\/www.miomiorun.com\/app\/uploads\/2020\/03\/Low-cut-socks-3.0-M-ice-grey.jpg\" \/>\n\t<meta property=\"og:image:width\" content=\"600\" \/>\n\t<meta property=\"og:image:height\" content=\"600\" \/>\n\t<meta property=\"og:image:type\" content=\"image\/jpeg\" \/>\n<meta name=\"twitter:card\" content=\"summary_large_image\" \/>\n<meta name=\"twitter:label1\" content=\"Est. reading time\" \/>\n\t<meta name=\"twitter:data1\" content=\"1 minute\" \/>\n<script type=\"application\/ld+json\" class=\"yoast-schema-graph\">{\"@context\":\"https:\/\/schema.org\",\"@graph\":[{\"@type\":\"WebPage\",\"@id\":\"https:\/\/www.miomiorun.com\/de\/produkt\/low-cut-socks-3-0-damen\/\",\"url\":\"https:\/\/www.miomiorun.com\/de\/produkt\/low-cut-socks-3-0-damen\/\",\"name\":\"CepLow cut socks 3.0 damen - Laufsocken - MioMioRun.com\",\"isPartOf\":{\"@id\":\"https:\/\/www.miomiorun.com\/de\/#website\"},\"primaryImageOfPage\":{\"@id\":\"https:\/\/www.miomiorun.com\/de\/produkt\/low-cut-socks-3-0-damen\/#primaryimage\"},\"image\":{\"@id\":\"https:\/\/www.miomiorun.com\/de\/produkt\/low-cut-socks-3-0-damen\/#primaryimage\"},\"thumbnailUrl\":\"https:\/\/www.miomiorun.com\/app\/uploads\/2020\/03\/Low-cut-socks-3.0-M-ice-grey.jpg\",\"datePublished\":\"2020-03-16T13:40:04+00:00\",\"dateModified\":\"2026-05-08T18:33:25+00:00\",\"description\":\"Die CEP Compression Low Cut 3.0 Socken f\u00fcr Frauen bieten Kompression an Fu\u00df und Kn\u00f6chel, um die F\u00fc\u00dfe k\u00fchl und leistungsf\u00e4hig zu halten.\",\"breadcrumb\":{\"@id\":\"https:\/\/www.miomiorun.com\/de\/produkt\/low-cut-socks-3-0-damen\/#breadcrumb\"},\"inLanguage\":\"de-DE\",\"potentialAction\":[{\"@type\":\"ReadAction\",\"target\":[\"https:\/\/www.miomiorun.com\/de\/produkt\/low-cut-socks-3-0-damen\/\"]}]},{\"@type\":\"ImageObject\",\"inLanguage\":\"de-DE\",\"@id\":\"https:\/\/www.miomiorun.com\/de\/produkt\/low-cut-socks-3-0-damen\/#primaryimage\",\"url\":\"https:\/\/www.miomiorun.com\/app\/uploads\/2020\/03\/Low-cut-socks-3.0-M-ice-grey.jpg\",\"contentUrl\":\"https:\/\/www.miomiorun.com\/app\/uploads\/2020\/03\/Low-cut-socks-3.0-M-ice-grey.jpg\",\"width\":600,\"height\":600,\"caption\":\"Low-cut-socks-3.0-M-ice-grey\"},{\"@type\":\"BreadcrumbList\",\"@id\":\"https:\/\/www.miomiorun.com\/de\/produkt\/low-cut-socks-3-0-damen\/#breadcrumb\",\"itemListElement\":[{\"@type\":\"ListItem\",\"position\":1,\"name\":\"Home\",\"item\":\"https:\/\/www.miomiorun.com\/de\/\"},{\"@type\":\"ListItem\",\"position\":2,\"name\":\"Shop\",\"item\":\"https:\/\/www.miomiorun.com\/shop\/\"},{\"@type\":\"ListItem\",\"position\":3,\"name\":\"Low cut socks 3.0 damen\"}]},{\"@type\":\"WebSite\",\"@id\":\"https:\/\/www.miomiorun.com\/de\/#website\",\"url\":\"https:\/\/www.miomiorun.com\/de\/\",\"name\":\"MioMioRun\",\"description\":\"100% Lauf- und Trailshop\",\"publisher\":{\"@id\":\"https:\/\/www.miomiorun.com\/de\/#organization\"},\"potentialAction\":[{\"@type\":\"SearchAction\",\"target\":{\"@type\":\"EntryPoint\",\"urlTemplate\":\"https:\/\/www.miomiorun.com\/de\/?s={search_term_string}\"},\"query-input\":{\"@type\":\"PropertyValueSpecification\",\"valueRequired\":true,\"valueName\":\"search_term_string\"}}],\"inLanguage\":\"de-DE\"},{\"@type\":\"Organization\",\"@id\":\"https:\/\/www.miomiorun.com\/de\/#organization\",\"name\":\"MioMio Run\",\"url\":\"https:\/\/www.miomiorun.com\/de\/\",\"logo\":{\"@type\":\"ImageObject\",\"inLanguage\":\"de-DE\",\"@id\":\"https:\/\/www.miomiorun.com\/de\/#\/schema\/logo\/image\/\",\"url\":\"https:\/\/www.miomiorun.com\/app\/uploads\/2019\/12\/logomio.png\",\"contentUrl\":\"https:\/\/www.miomiorun.com\/app\/uploads\/2019\/12\/logomio.png\",\"width\":115,\"height\":82,\"caption\":\"MioMio Run\"},\"image\":{\"@id\":\"https:\/\/www.miomiorun.com\/de\/#\/schema\/logo\/image\/\"},\"sameAs\":[\"https:\/\/www.facebook.com\/miomiorun\/\",\"https:\/\/www.instagram.com\/miomiorun\/\"]}]}<\/script>\n<!-- \/ Yoast SEO plugin. -->","yoast_head_json":{"title":"CepLow cut socks 3.0 damen - Laufsocken - MioMioRun.com","description":"Die CEP Compression Low Cut 3.0 Socken f\u00fcr Frauen bieten Kompression an Fu\u00df und Kn\u00f6chel, um die F\u00fc\u00dfe k\u00fchl und leistungsf\u00e4hig zu halten.","robots":{"index":"index","follow":"follow","max-snippet":"max-snippet:-1","max-image-preview":"max-image-preview:large","max-video-preview":"max-video-preview:-1"},"canonical":"https:\/\/www.miomiorun.com\/de\/produkt\/low-cut-socks-3-0-damen\/","og_locale":"de_DE","og_type":"article","og_title":"CepLow cut socks 3.0 damen - Laufsocken - MioMioRun.com","og_description":"Die CEP Compression Low Cut 3.0 Socken f\u00fcr Frauen bieten Kompression an Fu\u00df und Kn\u00f6chel, um die F\u00fc\u00dfe k\u00fchl und leistungsf\u00e4hig zu halten.","og_url":"https:\/\/www.miomiorun.com\/de\/produkt\/low-cut-socks-3-0-damen\/","og_site_name":"MioMioRun","article_publisher":"https:\/\/www.facebook.com\/miomiorun\/","article_modified_time":"2026-05-08T18:33:25+00:00","og_image":[{"width":600,"height":600,"url":"https:\/\/www.miomiorun.com\/app\/uploads\/2020\/03\/Low-cut-socks-3.0-M-ice-grey.jpg","type":"image\/jpeg"}],"twitter_card":"summary_large_image","twitter_misc":{"Est. reading time":"1 minute"},"schema":{"@context":"https:\/\/schema.org","@graph":[{"@type":"WebPage","@id":"https:\/\/www.miomiorun.com\/de\/produkt\/low-cut-socks-3-0-damen\/","url":"https:\/\/www.miomiorun.com\/de\/produkt\/low-cut-socks-3-0-damen\/","name":"CepLow cut socks 3.0 damen - Laufsocken - MioMioRun.com","isPartOf":{"@id":"https:\/\/www.miomiorun.com\/de\/#website"},"primaryImageOfPage":{"@id":"https:\/\/www.miomiorun.com\/de\/produkt\/low-cut-socks-3-0-damen\/#primaryimage"},"image":{"@id":"https:\/\/www.miomiorun.com\/de\/produkt\/low-cut-socks-3-0-damen\/#primaryimage"},"thumbnailUrl":"https:\/\/www.miomiorun.com\/app\/uploads\/2020\/03\/Low-cut-socks-3.0-M-ice-grey.jpg","datePublished":"2020-03-16T13:40:04+00:00","dateModified":"2026-05-08T18:33:25+00:00","description":"Die CEP Compression Low Cut 3.0 Socken f\u00fcr Frauen bieten Kompression an Fu\u00df und Kn\u00f6chel, um die F\u00fc\u00dfe k\u00fchl und leistungsf\u00e4hig zu halten.","breadcrumb":{"@id":"https:\/\/www.miomiorun.com\/de\/produkt\/low-cut-socks-3-0-damen\/#breadcrumb"},"inLanguage":"de-DE","potentialAction":[{"@type":"ReadAction","target":["https:\/\/www.miomiorun.com\/de\/produkt\/low-cut-socks-3-0-damen\/"]}]},{"@type":"ImageObject","inLanguage":"de-DE","@id":"https:\/\/www.miomiorun.com\/de\/produkt\/low-cut-socks-3-0-damen\/#primaryimage","url":"https:\/\/www.miomiorun.com\/app\/uploads\/2020\/03\/Low-cut-socks-3.0-M-ice-grey.jpg","contentUrl":"https:\/\/www.miomiorun.com\/app\/uploads\/2020\/03\/Low-cut-socks-3.0-M-ice-grey.jpg","width":600,"height":600,"caption":"Low-cut-socks-3.0-M-ice-grey"},{"@type":"BreadcrumbList","@id":"https:\/\/www.miomiorun.com\/de\/produkt\/low-cut-socks-3-0-damen\/#breadcrumb","itemListElement":[{"@type":"ListItem","position":1,"name":"Home","item":"https:\/\/www.miomiorun.com\/de\/"},{"@type":"ListItem","position":2,"name":"Shop","item":"https:\/\/www.miomiorun.com\/shop\/"},{"@type":"ListItem","position":3,"name":"Low cut socks 3.0 damen"}]},{"@type":"WebSite","@id":"https:\/\/www.miomiorun.com\/de\/#website","url":"https:\/\/www.miomiorun.com\/de\/","name":"MioMioRun","description":"100% Lauf- und Trailshop","publisher":{"@id":"https:\/\/www.miomiorun.com\/de\/#organization"},"potentialAction":[{"@type":"SearchAction","target":{"@type":"EntryPoint","urlTemplate":"https:\/\/www.miomiorun.com\/de\/?s={search_term_string}"},"query-input":{"@type":"PropertyValueSpecification","valueRequired":true,"valueName":"search_term_string"}}],"inLanguage":"de-DE"},{"@type":"Organization","@id":"https:\/\/www.miomiorun.com\/de\/#organization","name":"MioMio Run","url":"https:\/\/www.miomiorun.com\/de\/","logo":{"@type":"ImageObject","inLanguage":"de-DE","@id":"https:\/\/www.miomiorun.com\/de\/#\/schema\/logo\/image\/","url":"https:\/\/www.miomiorun.com\/app\/uploads\/2019\/12\/logomio.png","contentUrl":"https:\/\/www.miomiorun.com\/app\/uploads\/2019\/12\/logomio.png","width":115,"height":82,"caption":"MioMio Run"},"image":{"@id":"https:\/\/www.miomiorun.com\/de\/#\/schema\/logo\/image\/"},"sameAs":["https:\/\/www.facebook.com\/miomiorun\/","https:\/\/www.instagram.com\/miomiorun\/"]}]}},"_links":{"self":[{"href":"https:\/\/www.miomiorun.com\/de\/wp-json\/wp\/v2\/product\/176644","targetHints":{"allow":["GET"]}}],"collection":[{"href":"https:\/\/www.miomiorun.com\/de\/wp-json\/wp\/v2\/product"}],"about":[{"href":"https:\/\/www.miomiorun.com\/de\/wp-json\/wp\/v2\/types\/product"}],"wp:featuredmedia":[{"embeddable":true,"href":"https:\/\/www.miomiorun.com\/de\/wp-json\/wp\/v2\/media\/51074"}],"wp:attachment":[{"href":"https:\/\/www.miomiorun.com\/de\/wp-json\/wp\/v2\/media?parent=176644"}],"wp:term":[{"taxonomy":"product_brand","embeddable":true,"href":"https:\/\/www.miomiorun.com\/de\/wp-json\/wp\/v2\/product_brand?post=176644"},{"taxonomy":"product_cat","embeddable":true,"href":"https:\/\/www.miomiorun.com\/de\/wp-json\/wp\/v2\/product_cat?post=176644"},{"taxonomy":"product_tag","embeddable":true,"href":"https:\/\/www.miomiorun.com\/de\/wp-json\/wp\/v2\/product_tag?post=176644"}],"curies":[{"name":"wp","href":"https:\/\/api.w.org\/{rel}","templated":true}]}}