{"id":176637,"date":"2020-03-17T11:40:22","date_gmt":"2020-03-17T10:40:22","guid":{"rendered":"https:\/\/miomiorun.com\/prodotto\/cep-run-socks-3-0-donna\/"},"modified":"2024-06-20T14:49:37","modified_gmt":"2024-06-20T12:49:37","slug":"cep-run-socks-3-0-donna","status":"publish","type":"product","link":"https:\/\/www.miomiorun.com\/de\/produkt\/cep-run-socks-3-0-donna\/","title":{"rendered":"Run socks 3.0 damen"},"content":{"rendered":"<p>Die CEP Compression 3.0 Herrensocken bieten ein medizinisch optimiertes sportliches Kompressionsprofil, das seinesgleichen sucht. Erleben Sie Energier\u00fcckgabe in einer Socke, die Sie beim Training unterst\u00fctzt. Laufen, springen und hocken Sie in einer atmungsaktiven, feuchtigkeitsableitenden Socke, die f\u00fcr ambitionierte Sportler wie Sie entwickelt wurde. Perfekt zum Laufen, f\u00fcr Marathons, Basketball, Fu\u00dfball, Wandern, Reisen und mehr.<\/p>\n<p>Abgestufte Kompression 20-30mmHg<br \/>\nHEIQ-Klimamanagement k\u00fchlt die Haut<br \/>\nErholt die Waden schneller als je zuvor<br \/>\nBeschleunigter Milchs\u00e4ureabbau, Erholung w\u00e4hrend des Trainings<br \/>\n\u00dcberlegene feuchtigkeitsabsorbierende Fasern halten die Haut k\u00fchl<br \/>\nLindert Schmerzen bei Plantarfasziitis, Schienbeinkantensyndrom und Achillessehne<\/p>\n<p><strong>Kompressionsst\u00e4rke:<\/strong> 20-30 mmHg<\/p>\n<p><strong>Material:<\/strong> 85% Polyamid, 15% Elasthan<\/p>\n<p>&nbsp;<\/p>\n","protected":false},"excerpt":{"rendered":"<p><span style=\"font-weight: 400;\">Die CEP Compression 3.0 Herrenstr\u00fcmpfe bieten ein medizinisch optimiertes sportliches Kompressionsprofil, das seinesgleichen sucht.<\/span><\/p>\n","protected":false},"featured_media":51090,"template":"","meta":{"_acf_changed":false,"inline_featured_image":false},"product_brand":[],"product_cat":[6400,6401,6402],"product_tag":[3408,6210],"class_list":{"0":"post-176637","1":"product","2":"type-product","3":"status-publish","4":"has-post-thumbnail","6":"product_cat-damen","7":"product_cat-damenbekleidung","8":"product_cat-damensocken-de","9":"product_tag-cep-de","10":"product_tag-cep-damen-de","11":"pa_attivita-running-de","12":"pa_attivita-trail-de","13":"pa_circonferenza-polpaccio-24-30-de","14":"pa_colore-run-socks-3-0-w-balck-dark-grey-de","15":"pa_marca-cep-de","16":"pa_sesso-damen","18":"first","19":"instock","20":"sale","21":"taxable","22":"shipping-taxable","23":"purchasable","24":"product-type-variable","25":"wvs-archive-product-wrapper"},"acf":[],"yoast_head":"<!-- This site is optimized with the Yoast SEO plugin v26.8 - https:\/\/yoast.com\/product\/yoast-seo-wordpress\/ -->\n<title>Run socks 3.0 damen - Calzini Running - MioMioRun.com<\/title>\n<meta name=\"description\" content=\"I calzini alti CEP run Compression socks 3.0 da donna offrono una compressione ottimizzata, per un ottimo sostegno e un recupero veloce.\" \/>\n<meta name=\"robots\" content=\"index, follow, max-snippet:-1, max-image-preview:large, max-video-preview:-1\" \/>\n<link rel=\"canonical\" href=\"https:\/\/www.miomiorun.com\/de\/produkt\/cep-run-socks-3-0-donna\/\" \/>\n<meta property=\"og:locale\" content=\"de_DE\" \/>\n<meta property=\"og:type\" content=\"article\" \/>\n<meta property=\"og:title\" content=\"Run socks 3.0 damen - Calzini Running - MioMioRun.com\" \/>\n<meta property=\"og:description\" content=\"I calzini alti CEP run Compression socks 3.0 da donna offrono una compressione ottimizzata, per un ottimo sostegno e un recupero veloce.\" \/>\n<meta property=\"og:url\" content=\"https:\/\/www.miomiorun.com\/de\/produkt\/cep-run-socks-3-0-donna\/\" \/>\n<meta property=\"og:site_name\" content=\"MioMioRun\" \/>\n<meta property=\"article:publisher\" content=\"https:\/\/www.facebook.com\/miomiorun\/\" \/>\n<meta property=\"article:modified_time\" content=\"2024-06-20T12:49:37+00:00\" \/>\n<meta property=\"og:image\" content=\"https:\/\/www.miomiorun.com\/app\/uploads\/2020\/03\/Run-socks-3.0-W-rose-light.jpg\" \/>\n\t<meta property=\"og:image:width\" content=\"600\" \/>\n\t<meta property=\"og:image:height\" content=\"600\" \/>\n\t<meta property=\"og:image:type\" content=\"image\/jpeg\" \/>\n<meta name=\"twitter:card\" content=\"summary_large_image\" \/>\n<meta name=\"twitter:label1\" content=\"Est. reading time\" \/>\n\t<meta name=\"twitter:data1\" content=\"1 minute\" \/>\n<script type=\"application\/ld+json\" class=\"yoast-schema-graph\">{\"@context\":\"https:\/\/schema.org\",\"@graph\":[{\"@type\":\"WebPage\",\"@id\":\"https:\/\/www.miomiorun.com\/de\/produkt\/cep-run-socks-3-0-donna\/\",\"url\":\"https:\/\/www.miomiorun.com\/de\/produkt\/cep-run-socks-3-0-donna\/\",\"name\":\"Run socks 3.0 damen - Calzini Running - MioMioRun.com\",\"isPartOf\":{\"@id\":\"https:\/\/www.miomiorun.com\/de\/#website\"},\"primaryImageOfPage\":{\"@id\":\"https:\/\/www.miomiorun.com\/de\/produkt\/cep-run-socks-3-0-donna\/#primaryimage\"},\"image\":{\"@id\":\"https:\/\/www.miomiorun.com\/de\/produkt\/cep-run-socks-3-0-donna\/#primaryimage\"},\"thumbnailUrl\":\"https:\/\/www.miomiorun.com\/app\/uploads\/2020\/03\/Run-socks-3.0-W-rose-light.jpg\",\"datePublished\":\"2020-03-17T10:40:22+00:00\",\"dateModified\":\"2024-06-20T12:49:37+00:00\",\"description\":\"I calzini alti CEP run Compression socks 3.0 da donna offrono una compressione ottimizzata, per un ottimo sostegno e un recupero veloce.\",\"breadcrumb\":{\"@id\":\"https:\/\/www.miomiorun.com\/de\/produkt\/cep-run-socks-3-0-donna\/#breadcrumb\"},\"inLanguage\":\"de-DE\",\"potentialAction\":[{\"@type\":\"ReadAction\",\"target\":[\"https:\/\/www.miomiorun.com\/de\/produkt\/cep-run-socks-3-0-donna\/\"]}]},{\"@type\":\"ImageObject\",\"inLanguage\":\"de-DE\",\"@id\":\"https:\/\/www.miomiorun.com\/de\/produkt\/cep-run-socks-3-0-donna\/#primaryimage\",\"url\":\"https:\/\/www.miomiorun.com\/app\/uploads\/2020\/03\/Run-socks-3.0-W-rose-light.jpg\",\"contentUrl\":\"https:\/\/www.miomiorun.com\/app\/uploads\/2020\/03\/Run-socks-3.0-W-rose-light.jpg\",\"width\":600,\"height\":600,\"caption\":\"Run-socks-3.0-W-rose-light\"},{\"@type\":\"BreadcrumbList\",\"@id\":\"https:\/\/www.miomiorun.com\/de\/produkt\/cep-run-socks-3-0-donna\/#breadcrumb\",\"itemListElement\":[{\"@type\":\"ListItem\",\"position\":1,\"name\":\"Home\",\"item\":\"https:\/\/www.miomiorun.com\/de\/\"},{\"@type\":\"ListItem\",\"position\":2,\"name\":\"Shop\",\"item\":\"https:\/\/www.miomiorun.com\/shop\/\"},{\"@type\":\"ListItem\",\"position\":3,\"name\":\"Run socks 3.0 damen\"}]},{\"@type\":\"WebSite\",\"@id\":\"https:\/\/www.miomiorun.com\/de\/#website\",\"url\":\"https:\/\/www.miomiorun.com\/de\/\",\"name\":\"MioMioRun\",\"description\":\"100% Lauf- und Trailshop\",\"publisher\":{\"@id\":\"https:\/\/www.miomiorun.com\/de\/#organization\"},\"potentialAction\":[{\"@type\":\"SearchAction\",\"target\":{\"@type\":\"EntryPoint\",\"urlTemplate\":\"https:\/\/www.miomiorun.com\/de\/?s={search_term_string}\"},\"query-input\":{\"@type\":\"PropertyValueSpecification\",\"valueRequired\":true,\"valueName\":\"search_term_string\"}}],\"inLanguage\":\"de-DE\"},{\"@type\":\"Organization\",\"@id\":\"https:\/\/www.miomiorun.com\/de\/#organization\",\"name\":\"MioMio Run\",\"url\":\"https:\/\/www.miomiorun.com\/de\/\",\"logo\":{\"@type\":\"ImageObject\",\"inLanguage\":\"de-DE\",\"@id\":\"https:\/\/www.miomiorun.com\/de\/#\/schema\/logo\/image\/\",\"url\":\"https:\/\/www.miomiorun.com\/app\/uploads\/2019\/12\/logomio.png\",\"contentUrl\":\"https:\/\/www.miomiorun.com\/app\/uploads\/2019\/12\/logomio.png\",\"width\":115,\"height\":82,\"caption\":\"MioMio Run\"},\"image\":{\"@id\":\"https:\/\/www.miomiorun.com\/de\/#\/schema\/logo\/image\/\"},\"sameAs\":[\"https:\/\/www.facebook.com\/miomiorun\/\",\"https:\/\/www.instagram.com\/miomiorun\/\"]}]}<\/script>\n<!-- \/ Yoast SEO plugin. -->","yoast_head_json":{"title":"Run socks 3.0 damen - Calzini Running - MioMioRun.com","description":"I calzini alti CEP run Compression socks 3.0 da donna offrono una compressione ottimizzata, per un ottimo sostegno e un recupero veloce.","robots":{"index":"index","follow":"follow","max-snippet":"max-snippet:-1","max-image-preview":"max-image-preview:large","max-video-preview":"max-video-preview:-1"},"canonical":"https:\/\/www.miomiorun.com\/de\/produkt\/cep-run-socks-3-0-donna\/","og_locale":"de_DE","og_type":"article","og_title":"Run socks 3.0 damen - Calzini Running - MioMioRun.com","og_description":"I calzini alti CEP run Compression socks 3.0 da donna offrono una compressione ottimizzata, per un ottimo sostegno e un recupero veloce.","og_url":"https:\/\/www.miomiorun.com\/de\/produkt\/cep-run-socks-3-0-donna\/","og_site_name":"MioMioRun","article_publisher":"https:\/\/www.facebook.com\/miomiorun\/","article_modified_time":"2024-06-20T12:49:37+00:00","og_image":[{"width":600,"height":600,"url":"https:\/\/www.miomiorun.com\/app\/uploads\/2020\/03\/Run-socks-3.0-W-rose-light.jpg","type":"image\/jpeg"}],"twitter_card":"summary_large_image","twitter_misc":{"Est. reading time":"1 minute"},"schema":{"@context":"https:\/\/schema.org","@graph":[{"@type":"WebPage","@id":"https:\/\/www.miomiorun.com\/de\/produkt\/cep-run-socks-3-0-donna\/","url":"https:\/\/www.miomiorun.com\/de\/produkt\/cep-run-socks-3-0-donna\/","name":"Run socks 3.0 damen - Calzini Running - MioMioRun.com","isPartOf":{"@id":"https:\/\/www.miomiorun.com\/de\/#website"},"primaryImageOfPage":{"@id":"https:\/\/www.miomiorun.com\/de\/produkt\/cep-run-socks-3-0-donna\/#primaryimage"},"image":{"@id":"https:\/\/www.miomiorun.com\/de\/produkt\/cep-run-socks-3-0-donna\/#primaryimage"},"thumbnailUrl":"https:\/\/www.miomiorun.com\/app\/uploads\/2020\/03\/Run-socks-3.0-W-rose-light.jpg","datePublished":"2020-03-17T10:40:22+00:00","dateModified":"2024-06-20T12:49:37+00:00","description":"I calzini alti CEP run Compression socks 3.0 da donna offrono una compressione ottimizzata, per un ottimo sostegno e un recupero veloce.","breadcrumb":{"@id":"https:\/\/www.miomiorun.com\/de\/produkt\/cep-run-socks-3-0-donna\/#breadcrumb"},"inLanguage":"de-DE","potentialAction":[{"@type":"ReadAction","target":["https:\/\/www.miomiorun.com\/de\/produkt\/cep-run-socks-3-0-donna\/"]}]},{"@type":"ImageObject","inLanguage":"de-DE","@id":"https:\/\/www.miomiorun.com\/de\/produkt\/cep-run-socks-3-0-donna\/#primaryimage","url":"https:\/\/www.miomiorun.com\/app\/uploads\/2020\/03\/Run-socks-3.0-W-rose-light.jpg","contentUrl":"https:\/\/www.miomiorun.com\/app\/uploads\/2020\/03\/Run-socks-3.0-W-rose-light.jpg","width":600,"height":600,"caption":"Run-socks-3.0-W-rose-light"},{"@type":"BreadcrumbList","@id":"https:\/\/www.miomiorun.com\/de\/produkt\/cep-run-socks-3-0-donna\/#breadcrumb","itemListElement":[{"@type":"ListItem","position":1,"name":"Home","item":"https:\/\/www.miomiorun.com\/de\/"},{"@type":"ListItem","position":2,"name":"Shop","item":"https:\/\/www.miomiorun.com\/shop\/"},{"@type":"ListItem","position":3,"name":"Run socks 3.0 damen"}]},{"@type":"WebSite","@id":"https:\/\/www.miomiorun.com\/de\/#website","url":"https:\/\/www.miomiorun.com\/de\/","name":"MioMioRun","description":"100% Lauf- und Trailshop","publisher":{"@id":"https:\/\/www.miomiorun.com\/de\/#organization"},"potentialAction":[{"@type":"SearchAction","target":{"@type":"EntryPoint","urlTemplate":"https:\/\/www.miomiorun.com\/de\/?s={search_term_string}"},"query-input":{"@type":"PropertyValueSpecification","valueRequired":true,"valueName":"search_term_string"}}],"inLanguage":"de-DE"},{"@type":"Organization","@id":"https:\/\/www.miomiorun.com\/de\/#organization","name":"MioMio Run","url":"https:\/\/www.miomiorun.com\/de\/","logo":{"@type":"ImageObject","inLanguage":"de-DE","@id":"https:\/\/www.miomiorun.com\/de\/#\/schema\/logo\/image\/","url":"https:\/\/www.miomiorun.com\/app\/uploads\/2019\/12\/logomio.png","contentUrl":"https:\/\/www.miomiorun.com\/app\/uploads\/2019\/12\/logomio.png","width":115,"height":82,"caption":"MioMio Run"},"image":{"@id":"https:\/\/www.miomiorun.com\/de\/#\/schema\/logo\/image\/"},"sameAs":["https:\/\/www.facebook.com\/miomiorun\/","https:\/\/www.instagram.com\/miomiorun\/"]}]}},"_links":{"self":[{"href":"https:\/\/www.miomiorun.com\/de\/wp-json\/wp\/v2\/product\/176637","targetHints":{"allow":["GET"]}}],"collection":[{"href":"https:\/\/www.miomiorun.com\/de\/wp-json\/wp\/v2\/product"}],"about":[{"href":"https:\/\/www.miomiorun.com\/de\/wp-json\/wp\/v2\/types\/product"}],"wp:featuredmedia":[{"embeddable":true,"href":"https:\/\/www.miomiorun.com\/de\/wp-json\/wp\/v2\/media\/51090"}],"wp:attachment":[{"href":"https:\/\/www.miomiorun.com\/de\/wp-json\/wp\/v2\/media?parent=176637"}],"wp:term":[{"taxonomy":"product_brand","embeddable":true,"href":"https:\/\/www.miomiorun.com\/de\/wp-json\/wp\/v2\/product_brand?post=176637"},{"taxonomy":"product_cat","embeddable":true,"href":"https:\/\/www.miomiorun.com\/de\/wp-json\/wp\/v2\/product_cat?post=176637"},{"taxonomy":"product_tag","embeddable":true,"href":"https:\/\/www.miomiorun.com\/de\/wp-json\/wp\/v2\/product_tag?post=176637"}],"curies":[{"name":"wp","href":"https:\/\/api.w.org\/{rel}","templated":true}]}}