{"id":176635,"date":"2020-03-21T11:28:54","date_gmt":"2020-03-21T10:28:54","guid":{"rendered":"https:\/\/miomiorun.com\/prodotto\/cep-ultralight-no-show-socks-donna\/"},"modified":"2024-06-27T14:20:53","modified_gmt":"2024-06-27T12:20:53","slug":"ultralight-no-show-socks-damen","status":"publish","type":"product","link":"https:\/\/www.miomiorun.com\/de\/produkt\/ultralight-no-show-socks-damen\/","title":{"rendered":"Ultralight No Show Socks damen"},"content":{"rendered":"<p>Hauchd\u00fcnn, leicht und strapazierf\u00e4hig &#8211; mit den Sommersocken aktivieren <strong>Ausdauersportler ihre H\u00f6chstleistung<\/strong>. Tragen Sie die Women&#8217;s No Show Socks made in Germany in Ihren eng anliegenden Turnschuhen.<\/p>\n<h3>Atmungsaktiver Materialmix f\u00fcr Komfort an hei\u00dfen Sommertagen<\/h3>\n<p>Der bew\u00e4hrte Materialmix transportiert die Feuchtigkeit nach au\u00dfen, verbessert das Wohlbefinden und unterst\u00fctzt die Entfaltung der Leistungsf\u00e4higkeit. Die ultraleichten und d\u00fcnnen Sommersocken helfen dir, deine Rekorde zu erreichen.<\/p>\n<p>&nbsp;<\/p>\n<h3>Smart Carbon h\u00e4lt Ihre F\u00fc\u00dfe k\u00fchl<\/h3>\n<p>Die No Show Socks f\u00fcr Damen sind ultraleicht, dank Carbonfasern, die die Festigkeit und Elastizit\u00e4t der Socken verbessern. Tragen Sie die Sommersocken mit Smart Carbon an hei\u00dfen Tagen, um Ihre F\u00fc\u00dfe k\u00fchl zu halten.<\/p>\n<h2>Enger Sitz und perfekte Passform<\/h2>\n<p>Genie\u00dfen Sie ein \u00e4u\u00dferst angenehmes Tragegef\u00fchl in eng anliegenden, rutschfreien Turnschuhen mit optimaler Kontrolle. Die asymmetrische Zehenbox tr\u00e4gt zum Komfort und Wohlbefinden Ihrer F\u00fc\u00dfe bei.<\/p>\n<p>&nbsp;<\/p>\n<p><strong>Mehr gezielte Kompression f\u00fcr mehr Leistung<\/strong><\/p>\n<p>Die Verwendung einer noch st\u00e4rkeren mittleren Kompression beschleunigt die Zufuhr wertvoller N\u00e4hrstoffe zu Ihrer Fu\u00dfmuskulatur. Der verbesserte Abtransport von Milchs\u00e4ure unterst\u00fctzt Ihre Regeneration, damit Sie schneller wieder in Form kommen.<\/p>\n<p>Die ultrad\u00fcnnen und strapazierf\u00e4higen Women&#8217;s Ultralight Compression No Show Socks sind ideal f\u00fcr intensive Workouts, die Sie an Ihre Grenzen bringen. Ehrgeizige Athleten aktivieren ihr volles Potenzial beim Training und bei Wettk\u00e4mpfen. Kaufen Sie die atmungsaktiven Socken in den Farben Ihrer Wahl jetzt online!<\/p>\n<p>&nbsp;<\/p>\n<p><strong>Material<\/strong><\/p>\n<p>88% Polyamid (Nylon), 12% Elasthan<\/p>\n<p>&nbsp;<\/p>\n","protected":false},"excerpt":{"rendered":"<p><span style=\"font-weight: 400;\">Atmungsaktivit\u00e4t, Stil und Kompressionstechnologie kommen in dieser Socke zusammen. Diese Kompressionssocken sind gebaut, um Ihre Grenzen zu testen.<\/span><\/p>\n","protected":false},"featured_media":51146,"template":"","meta":{"_acf_changed":false,"inline_featured_image":false},"product_brand":[],"product_cat":[6400,6401,6402],"product_tag":[3408,6210],"class_list":{"0":"post-176635","1":"product","2":"type-product","3":"status-publish","4":"has-post-thumbnail","6":"product_cat-damen","7":"product_cat-damenbekleidung","8":"product_cat-damensocken-de","9":"product_tag-cep-de","10":"product_tag-cep-damen-de","11":"pa_attivita-fitness-de","12":"pa_attivita-gehen","13":"pa_attivita-running-de","14":"pa_colore-ultralight-compr-socks-no-show-coral-w-de","15":"pa_marca-cep-de","16":"pa_sesso-damen","17":"pa_size-37-40-de","19":"first","20":"instock","21":"sale","22":"taxable","23":"shipping-taxable","24":"purchasable","25":"product-type-variable","26":"wvs-archive-product-wrapper"},"acf":[],"yoast_head":"<!-- This site is optimized with the Yoast SEO plugin v26.8 - https:\/\/yoast.com\/product\/yoast-seo-wordpress\/ -->\n<title>CepUltralight No Show Socks damen - MioMioRun<\/title>\n<meta name=\"description\" content=\"Atmungsaktivit\u00e4t, Stil und Kompressionstechnologie kommen in dieser Socke zusammen. Diese Kompressionssocken sind gebaut, um Ihre Grenzen zu testen.\" \/>\n<meta name=\"robots\" content=\"index, follow, max-snippet:-1, max-image-preview:large, max-video-preview:-1\" \/>\n<link rel=\"canonical\" href=\"https:\/\/www.miomiorun.com\/de\/produkt\/ultralight-no-show-socks-damen\/\" \/>\n<meta property=\"og:locale\" content=\"de_DE\" \/>\n<meta property=\"og:type\" content=\"article\" \/>\n<meta property=\"og:title\" content=\"CepUltralight No Show Socks damen - MioMioRun\" \/>\n<meta property=\"og:description\" content=\"Atmungsaktivit\u00e4t, Stil und Kompressionstechnologie kommen in dieser Socke zusammen. Diese Kompressionssocken sind gebaut, um Ihre Grenzen zu testen.\" \/>\n<meta property=\"og:url\" content=\"https:\/\/www.miomiorun.com\/de\/produkt\/ultralight-no-show-socks-damen\/\" \/>\n<meta property=\"og:site_name\" content=\"MioMioRun\" \/>\n<meta property=\"article:publisher\" content=\"https:\/\/www.facebook.com\/miomiorun\/\" \/>\n<meta property=\"article:modified_time\" content=\"2024-06-27T12:20:53+00:00\" \/>\n<meta property=\"og:image\" content=\"https:\/\/www.miomiorun.com\/app\/uploads\/2020\/03\/Ultralight-no-show-socks-W-white-grey.jpg\" \/>\n\t<meta property=\"og:image:width\" content=\"600\" \/>\n\t<meta property=\"og:image:height\" content=\"600\" \/>\n\t<meta property=\"og:image:type\" content=\"image\/jpeg\" \/>\n<meta name=\"twitter:card\" content=\"summary_large_image\" \/>\n<meta name=\"twitter:label1\" content=\"Est. reading time\" \/>\n\t<meta name=\"twitter:data1\" content=\"1 minute\" \/>\n<script type=\"application\/ld+json\" class=\"yoast-schema-graph\">{\"@context\":\"https:\/\/schema.org\",\"@graph\":[{\"@type\":\"WebPage\",\"@id\":\"https:\/\/www.miomiorun.com\/de\/produkt\/ultralight-no-show-socks-damen\/\",\"url\":\"https:\/\/www.miomiorun.com\/de\/produkt\/ultralight-no-show-socks-damen\/\",\"name\":\"CepUltralight No Show Socks damen - MioMioRun\",\"isPartOf\":{\"@id\":\"https:\/\/www.miomiorun.com\/de\/#website\"},\"primaryImageOfPage\":{\"@id\":\"https:\/\/www.miomiorun.com\/de\/produkt\/ultralight-no-show-socks-damen\/#primaryimage\"},\"image\":{\"@id\":\"https:\/\/www.miomiorun.com\/de\/produkt\/ultralight-no-show-socks-damen\/#primaryimage\"},\"thumbnailUrl\":\"https:\/\/www.miomiorun.com\/app\/uploads\/2020\/03\/Ultralight-no-show-socks-W-white-grey.jpg\",\"datePublished\":\"2020-03-21T10:28:54+00:00\",\"dateModified\":\"2024-06-27T12:20:53+00:00\",\"description\":\"Atmungsaktivit\u00e4t, Stil und Kompressionstechnologie kommen in dieser Socke zusammen. Diese Kompressionssocken sind gebaut, um Ihre Grenzen zu testen.\",\"breadcrumb\":{\"@id\":\"https:\/\/www.miomiorun.com\/de\/produkt\/ultralight-no-show-socks-damen\/#breadcrumb\"},\"inLanguage\":\"de-DE\",\"potentialAction\":[{\"@type\":\"ReadAction\",\"target\":[\"https:\/\/www.miomiorun.com\/de\/produkt\/ultralight-no-show-socks-damen\/\"]}]},{\"@type\":\"ImageObject\",\"inLanguage\":\"de-DE\",\"@id\":\"https:\/\/www.miomiorun.com\/de\/produkt\/ultralight-no-show-socks-damen\/#primaryimage\",\"url\":\"https:\/\/www.miomiorun.com\/app\/uploads\/2020\/03\/Ultralight-no-show-socks-W-white-grey.jpg\",\"contentUrl\":\"https:\/\/www.miomiorun.com\/app\/uploads\/2020\/03\/Ultralight-no-show-socks-W-white-grey.jpg\",\"width\":600,\"height\":600,\"caption\":\"Ultralight-no-show-socks-W-white-grey\"},{\"@type\":\"BreadcrumbList\",\"@id\":\"https:\/\/www.miomiorun.com\/de\/produkt\/ultralight-no-show-socks-damen\/#breadcrumb\",\"itemListElement\":[{\"@type\":\"ListItem\",\"position\":1,\"name\":\"Home\",\"item\":\"https:\/\/www.miomiorun.com\/de\/\"},{\"@type\":\"ListItem\",\"position\":2,\"name\":\"Shop\",\"item\":\"https:\/\/www.miomiorun.com\/shop\/\"},{\"@type\":\"ListItem\",\"position\":3,\"name\":\"Ultralight No Show Socks damen\"}]},{\"@type\":\"WebSite\",\"@id\":\"https:\/\/www.miomiorun.com\/de\/#website\",\"url\":\"https:\/\/www.miomiorun.com\/de\/\",\"name\":\"MioMioRun\",\"description\":\"100% Lauf- und Trailshop\",\"publisher\":{\"@id\":\"https:\/\/www.miomiorun.com\/de\/#organization\"},\"potentialAction\":[{\"@type\":\"SearchAction\",\"target\":{\"@type\":\"EntryPoint\",\"urlTemplate\":\"https:\/\/www.miomiorun.com\/de\/?s={search_term_string}\"},\"query-input\":{\"@type\":\"PropertyValueSpecification\",\"valueRequired\":true,\"valueName\":\"search_term_string\"}}],\"inLanguage\":\"de-DE\"},{\"@type\":\"Organization\",\"@id\":\"https:\/\/www.miomiorun.com\/de\/#organization\",\"name\":\"MioMio Run\",\"url\":\"https:\/\/www.miomiorun.com\/de\/\",\"logo\":{\"@type\":\"ImageObject\",\"inLanguage\":\"de-DE\",\"@id\":\"https:\/\/www.miomiorun.com\/de\/#\/schema\/logo\/image\/\",\"url\":\"https:\/\/www.miomiorun.com\/app\/uploads\/2019\/12\/logomio.png\",\"contentUrl\":\"https:\/\/www.miomiorun.com\/app\/uploads\/2019\/12\/logomio.png\",\"width\":115,\"height\":82,\"caption\":\"MioMio Run\"},\"image\":{\"@id\":\"https:\/\/www.miomiorun.com\/de\/#\/schema\/logo\/image\/\"},\"sameAs\":[\"https:\/\/www.facebook.com\/miomiorun\/\",\"https:\/\/www.instagram.com\/miomiorun\/\"]}]}<\/script>\n<!-- \/ Yoast SEO plugin. -->","yoast_head_json":{"title":"CepUltralight No Show Socks damen - MioMioRun","description":"Atmungsaktivit\u00e4t, Stil und Kompressionstechnologie kommen in dieser Socke zusammen. Diese Kompressionssocken sind gebaut, um Ihre Grenzen zu testen.","robots":{"index":"index","follow":"follow","max-snippet":"max-snippet:-1","max-image-preview":"max-image-preview:large","max-video-preview":"max-video-preview:-1"},"canonical":"https:\/\/www.miomiorun.com\/de\/produkt\/ultralight-no-show-socks-damen\/","og_locale":"de_DE","og_type":"article","og_title":"CepUltralight No Show Socks damen - MioMioRun","og_description":"Atmungsaktivit\u00e4t, Stil und Kompressionstechnologie kommen in dieser Socke zusammen. Diese Kompressionssocken sind gebaut, um Ihre Grenzen zu testen.","og_url":"https:\/\/www.miomiorun.com\/de\/produkt\/ultralight-no-show-socks-damen\/","og_site_name":"MioMioRun","article_publisher":"https:\/\/www.facebook.com\/miomiorun\/","article_modified_time":"2024-06-27T12:20:53+00:00","og_image":[{"width":600,"height":600,"url":"https:\/\/www.miomiorun.com\/app\/uploads\/2020\/03\/Ultralight-no-show-socks-W-white-grey.jpg","type":"image\/jpeg"}],"twitter_card":"summary_large_image","twitter_misc":{"Est. reading time":"1 minute"},"schema":{"@context":"https:\/\/schema.org","@graph":[{"@type":"WebPage","@id":"https:\/\/www.miomiorun.com\/de\/produkt\/ultralight-no-show-socks-damen\/","url":"https:\/\/www.miomiorun.com\/de\/produkt\/ultralight-no-show-socks-damen\/","name":"CepUltralight No Show Socks damen - MioMioRun","isPartOf":{"@id":"https:\/\/www.miomiorun.com\/de\/#website"},"primaryImageOfPage":{"@id":"https:\/\/www.miomiorun.com\/de\/produkt\/ultralight-no-show-socks-damen\/#primaryimage"},"image":{"@id":"https:\/\/www.miomiorun.com\/de\/produkt\/ultralight-no-show-socks-damen\/#primaryimage"},"thumbnailUrl":"https:\/\/www.miomiorun.com\/app\/uploads\/2020\/03\/Ultralight-no-show-socks-W-white-grey.jpg","datePublished":"2020-03-21T10:28:54+00:00","dateModified":"2024-06-27T12:20:53+00:00","description":"Atmungsaktivit\u00e4t, Stil und Kompressionstechnologie kommen in dieser Socke zusammen. Diese Kompressionssocken sind gebaut, um Ihre Grenzen zu testen.","breadcrumb":{"@id":"https:\/\/www.miomiorun.com\/de\/produkt\/ultralight-no-show-socks-damen\/#breadcrumb"},"inLanguage":"de-DE","potentialAction":[{"@type":"ReadAction","target":["https:\/\/www.miomiorun.com\/de\/produkt\/ultralight-no-show-socks-damen\/"]}]},{"@type":"ImageObject","inLanguage":"de-DE","@id":"https:\/\/www.miomiorun.com\/de\/produkt\/ultralight-no-show-socks-damen\/#primaryimage","url":"https:\/\/www.miomiorun.com\/app\/uploads\/2020\/03\/Ultralight-no-show-socks-W-white-grey.jpg","contentUrl":"https:\/\/www.miomiorun.com\/app\/uploads\/2020\/03\/Ultralight-no-show-socks-W-white-grey.jpg","width":600,"height":600,"caption":"Ultralight-no-show-socks-W-white-grey"},{"@type":"BreadcrumbList","@id":"https:\/\/www.miomiorun.com\/de\/produkt\/ultralight-no-show-socks-damen\/#breadcrumb","itemListElement":[{"@type":"ListItem","position":1,"name":"Home","item":"https:\/\/www.miomiorun.com\/de\/"},{"@type":"ListItem","position":2,"name":"Shop","item":"https:\/\/www.miomiorun.com\/shop\/"},{"@type":"ListItem","position":3,"name":"Ultralight No Show Socks damen"}]},{"@type":"WebSite","@id":"https:\/\/www.miomiorun.com\/de\/#website","url":"https:\/\/www.miomiorun.com\/de\/","name":"MioMioRun","description":"100% Lauf- und Trailshop","publisher":{"@id":"https:\/\/www.miomiorun.com\/de\/#organization"},"potentialAction":[{"@type":"SearchAction","target":{"@type":"EntryPoint","urlTemplate":"https:\/\/www.miomiorun.com\/de\/?s={search_term_string}"},"query-input":{"@type":"PropertyValueSpecification","valueRequired":true,"valueName":"search_term_string"}}],"inLanguage":"de-DE"},{"@type":"Organization","@id":"https:\/\/www.miomiorun.com\/de\/#organization","name":"MioMio Run","url":"https:\/\/www.miomiorun.com\/de\/","logo":{"@type":"ImageObject","inLanguage":"de-DE","@id":"https:\/\/www.miomiorun.com\/de\/#\/schema\/logo\/image\/","url":"https:\/\/www.miomiorun.com\/app\/uploads\/2019\/12\/logomio.png","contentUrl":"https:\/\/www.miomiorun.com\/app\/uploads\/2019\/12\/logomio.png","width":115,"height":82,"caption":"MioMio Run"},"image":{"@id":"https:\/\/www.miomiorun.com\/de\/#\/schema\/logo\/image\/"},"sameAs":["https:\/\/www.facebook.com\/miomiorun\/","https:\/\/www.instagram.com\/miomiorun\/"]}]}},"_links":{"self":[{"href":"https:\/\/www.miomiorun.com\/de\/wp-json\/wp\/v2\/product\/176635","targetHints":{"allow":["GET"]}}],"collection":[{"href":"https:\/\/www.miomiorun.com\/de\/wp-json\/wp\/v2\/product"}],"about":[{"href":"https:\/\/www.miomiorun.com\/de\/wp-json\/wp\/v2\/types\/product"}],"wp:featuredmedia":[{"embeddable":true,"href":"https:\/\/www.miomiorun.com\/de\/wp-json\/wp\/v2\/media\/51146"}],"wp:attachment":[{"href":"https:\/\/www.miomiorun.com\/de\/wp-json\/wp\/v2\/media?parent=176635"}],"wp:term":[{"taxonomy":"product_brand","embeddable":true,"href":"https:\/\/www.miomiorun.com\/de\/wp-json\/wp\/v2\/product_brand?post=176635"},{"taxonomy":"product_cat","embeddable":true,"href":"https:\/\/www.miomiorun.com\/de\/wp-json\/wp\/v2\/product_cat?post=176635"},{"taxonomy":"product_tag","embeddable":true,"href":"https:\/\/www.miomiorun.com\/de\/wp-json\/wp\/v2\/product_tag?post=176635"}],"curies":[{"name":"wp","href":"https:\/\/api.w.org\/{rel}","templated":true}]}}