{"id":176633,"date":"2020-03-22T11:40:13","date_gmt":"2020-03-22T10:40:13","guid":{"rendered":"https:\/\/miomiorun.com\/prodotto\/cep-calf-sleeves-3-0-donna\/"},"modified":"2024-06-27T15:22:33","modified_gmt":"2024-06-27T13:22:33","slug":"calf-sleeves-3-0-damen","status":"publish","type":"product","link":"https:\/\/www.miomiorun.com\/de\/produkt\/calf-sleeves-3-0-damen\/","title":{"rendered":"Calf Sleeves 3.0 damen"},"content":{"rendered":"<p>Die Cep Compression Calf Sleeves 3.0 Boosters f\u00fcr Frauen bieten ein sportliches Kompressionsprofil vom Kn\u00f6chel bis zur Wade. Erh\u00f6hte Durchblutung mit stabilisierender Kompression an der Wade hilft, Schienbeinschmerz zu lindern, Kr\u00e4mpfe zu verhindern und M\u00fcdigkeit zu beseitigen. Erleben Sie die &#8220;gute Wirkung&#8221; von CEP mit einer Beinkompressionsmanschette, die f\u00fcr maximalen Komfort und Leistung entwickelt wurde. Perfekt f\u00fcr Laufen, Crossfit, Fu\u00dfball, Basketball, Sport, Wandern und mehr.<\/p>\n<p>20-30mmHg abgestufte Kompression<br \/>\nHEIQ-Klimamanagement k\u00fchlt die Haut<br \/>\nErholt die Waden schneller als je zuvor<br \/>\nBeschleunigter Milchs\u00e4ureabbau, Erholung w\u00e4hrend des Trainings<br \/>\n\u00dcberlegene feuchtigkeitsabsorbierende Fasern halten die Haut k\u00fchl<br \/>\nLindert Schienbeinschmerzen, Wadenkr\u00e4mpfe und M\u00fcdigkeit<\/p>\n<p>Kompressionsst\u00e4rke: 20-30 mmHg<\/p>\n<p>Material: 80% Polyamid, 20% Elasthan<\/p>\n","protected":false},"excerpt":{"rendered":"<p><span style=\"font-weight: 400;\">Die Cep Compression Calf Sleeves 3.0 Boosters f\u00fcr M\u00e4nner bieten ein sportliches Kompressionsprofil vom Kn\u00f6chel bis zur Wade.<\/span><\/p>\n","protected":false},"featured_media":51170,"template":"","meta":{"_acf_changed":false,"inline_featured_image":false},"product_brand":[],"product_cat":[6400,6401,6402],"product_tag":[3408,6210],"class_list":{"0":"post-176633","1":"product","2":"type-product","3":"status-publish","4":"has-post-thumbnail","6":"product_cat-damen","7":"product_cat-damenbekleidung","8":"product_cat-damensocken-de","9":"product_tag-cep-de","10":"product_tag-cep-damen-de","11":"pa_attivita-running-de","12":"pa_attivita-trail-de","13":"pa_circonferenza-polpaccio-24-31-de","14":"pa_marca-cep-de","15":"pa_sesso-damen","17":"first","18":"instock","19":"sale","20":"taxable","21":"shipping-taxable","22":"purchasable","23":"product-type-variable","24":"wvs-archive-product-wrapper"},"acf":[],"yoast_head":"<!-- This site is optimized with the Yoast SEO plugin v26.8 - https:\/\/yoast.com\/product\/yoast-seo-wordpress\/ -->\n<title>CepCalf Sleeves 3.0 damen - Booster- MioMioRun.com<\/title>\n<meta name=\"description\" content=\"Die Cep Compression Calf Sleeves 3.0 boosters f\u00fcr Frauen bieten ein sportliches Kompressionsprofil vom Kn\u00f6chel bis zur Wade.\" \/>\n<meta name=\"robots\" content=\"index, follow, max-snippet:-1, max-image-preview:large, max-video-preview:-1\" \/>\n<link rel=\"canonical\" href=\"https:\/\/www.miomiorun.com\/de\/produkt\/calf-sleeves-3-0-damen\/\" \/>\n<meta property=\"og:locale\" content=\"de_DE\" \/>\n<meta property=\"og:type\" content=\"article\" \/>\n<meta property=\"og:title\" content=\"CepCalf Sleeves 3.0 damen - Booster- MioMioRun.com\" \/>\n<meta property=\"og:description\" content=\"Die Cep Compression Calf Sleeves 3.0 boosters f\u00fcr Frauen bieten ein sportliches Kompressionsprofil vom Kn\u00f6chel bis zur Wade.\" \/>\n<meta property=\"og:url\" content=\"https:\/\/www.miomiorun.com\/de\/produkt\/calf-sleeves-3-0-damen\/\" \/>\n<meta property=\"og:site_name\" content=\"MioMioRun\" \/>\n<meta property=\"article:publisher\" content=\"https:\/\/www.facebook.com\/miomiorun\/\" \/>\n<meta property=\"article:modified_time\" content=\"2024-06-27T13:22:33+00:00\" \/>\n<meta property=\"og:image\" content=\"https:\/\/www.miomiorun.com\/app\/uploads\/2020\/03\/Calf-sleeves-3.0-W-black-dark.jpg\" \/>\n\t<meta property=\"og:image:width\" content=\"600\" \/>\n\t<meta property=\"og:image:height\" content=\"600\" \/>\n\t<meta property=\"og:image:type\" content=\"image\/jpeg\" \/>\n<meta name=\"twitter:card\" content=\"summary_large_image\" \/>\n<meta name=\"twitter:label1\" content=\"Est. reading time\" \/>\n\t<meta name=\"twitter:data1\" content=\"1 minute\" \/>\n<script type=\"application\/ld+json\" class=\"yoast-schema-graph\">{\"@context\":\"https:\/\/schema.org\",\"@graph\":[{\"@type\":\"WebPage\",\"@id\":\"https:\/\/www.miomiorun.com\/de\/produkt\/calf-sleeves-3-0-damen\/\",\"url\":\"https:\/\/www.miomiorun.com\/de\/produkt\/calf-sleeves-3-0-damen\/\",\"name\":\"CepCalf Sleeves 3.0 damen - Booster- MioMioRun.com\",\"isPartOf\":{\"@id\":\"https:\/\/www.miomiorun.com\/de\/#website\"},\"primaryImageOfPage\":{\"@id\":\"https:\/\/www.miomiorun.com\/de\/produkt\/calf-sleeves-3-0-damen\/#primaryimage\"},\"image\":{\"@id\":\"https:\/\/www.miomiorun.com\/de\/produkt\/calf-sleeves-3-0-damen\/#primaryimage\"},\"thumbnailUrl\":\"https:\/\/www.miomiorun.com\/app\/uploads\/2020\/03\/Calf-sleeves-3.0-W-black-dark.jpg\",\"datePublished\":\"2020-03-22T10:40:13+00:00\",\"dateModified\":\"2024-06-27T13:22:33+00:00\",\"description\":\"Die Cep Compression Calf Sleeves 3.0 boosters f\u00fcr Frauen bieten ein sportliches Kompressionsprofil vom Kn\u00f6chel bis zur Wade.\",\"breadcrumb\":{\"@id\":\"https:\/\/www.miomiorun.com\/de\/produkt\/calf-sleeves-3-0-damen\/#breadcrumb\"},\"inLanguage\":\"de-DE\",\"potentialAction\":[{\"@type\":\"ReadAction\",\"target\":[\"https:\/\/www.miomiorun.com\/de\/produkt\/calf-sleeves-3-0-damen\/\"]}]},{\"@type\":\"ImageObject\",\"inLanguage\":\"de-DE\",\"@id\":\"https:\/\/www.miomiorun.com\/de\/produkt\/calf-sleeves-3-0-damen\/#primaryimage\",\"url\":\"https:\/\/www.miomiorun.com\/app\/uploads\/2020\/03\/Calf-sleeves-3.0-W-black-dark.jpg\",\"contentUrl\":\"https:\/\/www.miomiorun.com\/app\/uploads\/2020\/03\/Calf-sleeves-3.0-W-black-dark.jpg\",\"width\":600,\"height\":600,\"caption\":\"Calf-sleeves-3.0-W-black-dark\"},{\"@type\":\"BreadcrumbList\",\"@id\":\"https:\/\/www.miomiorun.com\/de\/produkt\/calf-sleeves-3-0-damen\/#breadcrumb\",\"itemListElement\":[{\"@type\":\"ListItem\",\"position\":1,\"name\":\"Home\",\"item\":\"https:\/\/www.miomiorun.com\/de\/\"},{\"@type\":\"ListItem\",\"position\":2,\"name\":\"Shop\",\"item\":\"https:\/\/www.miomiorun.com\/shop\/\"},{\"@type\":\"ListItem\",\"position\":3,\"name\":\"Calf Sleeves 3.0 damen\"}]},{\"@type\":\"WebSite\",\"@id\":\"https:\/\/www.miomiorun.com\/de\/#website\",\"url\":\"https:\/\/www.miomiorun.com\/de\/\",\"name\":\"MioMioRun\",\"description\":\"100% Lauf- und Trailshop\",\"publisher\":{\"@id\":\"https:\/\/www.miomiorun.com\/de\/#organization\"},\"potentialAction\":[{\"@type\":\"SearchAction\",\"target\":{\"@type\":\"EntryPoint\",\"urlTemplate\":\"https:\/\/www.miomiorun.com\/de\/?s={search_term_string}\"},\"query-input\":{\"@type\":\"PropertyValueSpecification\",\"valueRequired\":true,\"valueName\":\"search_term_string\"}}],\"inLanguage\":\"de-DE\"},{\"@type\":\"Organization\",\"@id\":\"https:\/\/www.miomiorun.com\/de\/#organization\",\"name\":\"MioMio Run\",\"url\":\"https:\/\/www.miomiorun.com\/de\/\",\"logo\":{\"@type\":\"ImageObject\",\"inLanguage\":\"de-DE\",\"@id\":\"https:\/\/www.miomiorun.com\/de\/#\/schema\/logo\/image\/\",\"url\":\"https:\/\/www.miomiorun.com\/app\/uploads\/2019\/12\/logomio.png\",\"contentUrl\":\"https:\/\/www.miomiorun.com\/app\/uploads\/2019\/12\/logomio.png\",\"width\":115,\"height\":82,\"caption\":\"MioMio Run\"},\"image\":{\"@id\":\"https:\/\/www.miomiorun.com\/de\/#\/schema\/logo\/image\/\"},\"sameAs\":[\"https:\/\/www.facebook.com\/miomiorun\/\",\"https:\/\/www.instagram.com\/miomiorun\/\"]}]}<\/script>\n<!-- \/ Yoast SEO plugin. -->","yoast_head_json":{"title":"CepCalf Sleeves 3.0 damen - Booster- MioMioRun.com","description":"Die Cep Compression Calf Sleeves 3.0 boosters f\u00fcr Frauen bieten ein sportliches Kompressionsprofil vom Kn\u00f6chel bis zur Wade.","robots":{"index":"index","follow":"follow","max-snippet":"max-snippet:-1","max-image-preview":"max-image-preview:large","max-video-preview":"max-video-preview:-1"},"canonical":"https:\/\/www.miomiorun.com\/de\/produkt\/calf-sleeves-3-0-damen\/","og_locale":"de_DE","og_type":"article","og_title":"CepCalf Sleeves 3.0 damen - Booster- MioMioRun.com","og_description":"Die Cep Compression Calf Sleeves 3.0 boosters f\u00fcr Frauen bieten ein sportliches Kompressionsprofil vom Kn\u00f6chel bis zur Wade.","og_url":"https:\/\/www.miomiorun.com\/de\/produkt\/calf-sleeves-3-0-damen\/","og_site_name":"MioMioRun","article_publisher":"https:\/\/www.facebook.com\/miomiorun\/","article_modified_time":"2024-06-27T13:22:33+00:00","og_image":[{"width":600,"height":600,"url":"https:\/\/www.miomiorun.com\/app\/uploads\/2020\/03\/Calf-sleeves-3.0-W-black-dark.jpg","type":"image\/jpeg"}],"twitter_card":"summary_large_image","twitter_misc":{"Est. reading time":"1 minute"},"schema":{"@context":"https:\/\/schema.org","@graph":[{"@type":"WebPage","@id":"https:\/\/www.miomiorun.com\/de\/produkt\/calf-sleeves-3-0-damen\/","url":"https:\/\/www.miomiorun.com\/de\/produkt\/calf-sleeves-3-0-damen\/","name":"CepCalf Sleeves 3.0 damen - Booster- MioMioRun.com","isPartOf":{"@id":"https:\/\/www.miomiorun.com\/de\/#website"},"primaryImageOfPage":{"@id":"https:\/\/www.miomiorun.com\/de\/produkt\/calf-sleeves-3-0-damen\/#primaryimage"},"image":{"@id":"https:\/\/www.miomiorun.com\/de\/produkt\/calf-sleeves-3-0-damen\/#primaryimage"},"thumbnailUrl":"https:\/\/www.miomiorun.com\/app\/uploads\/2020\/03\/Calf-sleeves-3.0-W-black-dark.jpg","datePublished":"2020-03-22T10:40:13+00:00","dateModified":"2024-06-27T13:22:33+00:00","description":"Die Cep Compression Calf Sleeves 3.0 boosters f\u00fcr Frauen bieten ein sportliches Kompressionsprofil vom Kn\u00f6chel bis zur Wade.","breadcrumb":{"@id":"https:\/\/www.miomiorun.com\/de\/produkt\/calf-sleeves-3-0-damen\/#breadcrumb"},"inLanguage":"de-DE","potentialAction":[{"@type":"ReadAction","target":["https:\/\/www.miomiorun.com\/de\/produkt\/calf-sleeves-3-0-damen\/"]}]},{"@type":"ImageObject","inLanguage":"de-DE","@id":"https:\/\/www.miomiorun.com\/de\/produkt\/calf-sleeves-3-0-damen\/#primaryimage","url":"https:\/\/www.miomiorun.com\/app\/uploads\/2020\/03\/Calf-sleeves-3.0-W-black-dark.jpg","contentUrl":"https:\/\/www.miomiorun.com\/app\/uploads\/2020\/03\/Calf-sleeves-3.0-W-black-dark.jpg","width":600,"height":600,"caption":"Calf-sleeves-3.0-W-black-dark"},{"@type":"BreadcrumbList","@id":"https:\/\/www.miomiorun.com\/de\/produkt\/calf-sleeves-3-0-damen\/#breadcrumb","itemListElement":[{"@type":"ListItem","position":1,"name":"Home","item":"https:\/\/www.miomiorun.com\/de\/"},{"@type":"ListItem","position":2,"name":"Shop","item":"https:\/\/www.miomiorun.com\/shop\/"},{"@type":"ListItem","position":3,"name":"Calf Sleeves 3.0 damen"}]},{"@type":"WebSite","@id":"https:\/\/www.miomiorun.com\/de\/#website","url":"https:\/\/www.miomiorun.com\/de\/","name":"MioMioRun","description":"100% Lauf- und Trailshop","publisher":{"@id":"https:\/\/www.miomiorun.com\/de\/#organization"},"potentialAction":[{"@type":"SearchAction","target":{"@type":"EntryPoint","urlTemplate":"https:\/\/www.miomiorun.com\/de\/?s={search_term_string}"},"query-input":{"@type":"PropertyValueSpecification","valueRequired":true,"valueName":"search_term_string"}}],"inLanguage":"de-DE"},{"@type":"Organization","@id":"https:\/\/www.miomiorun.com\/de\/#organization","name":"MioMio Run","url":"https:\/\/www.miomiorun.com\/de\/","logo":{"@type":"ImageObject","inLanguage":"de-DE","@id":"https:\/\/www.miomiorun.com\/de\/#\/schema\/logo\/image\/","url":"https:\/\/www.miomiorun.com\/app\/uploads\/2019\/12\/logomio.png","contentUrl":"https:\/\/www.miomiorun.com\/app\/uploads\/2019\/12\/logomio.png","width":115,"height":82,"caption":"MioMio Run"},"image":{"@id":"https:\/\/www.miomiorun.com\/de\/#\/schema\/logo\/image\/"},"sameAs":["https:\/\/www.facebook.com\/miomiorun\/","https:\/\/www.instagram.com\/miomiorun\/"]}]}},"_links":{"self":[{"href":"https:\/\/www.miomiorun.com\/de\/wp-json\/wp\/v2\/product\/176633","targetHints":{"allow":["GET"]}}],"collection":[{"href":"https:\/\/www.miomiorun.com\/de\/wp-json\/wp\/v2\/product"}],"about":[{"href":"https:\/\/www.miomiorun.com\/de\/wp-json\/wp\/v2\/types\/product"}],"wp:featuredmedia":[{"embeddable":true,"href":"https:\/\/www.miomiorun.com\/de\/wp-json\/wp\/v2\/media\/51170"}],"wp:attachment":[{"href":"https:\/\/www.miomiorun.com\/de\/wp-json\/wp\/v2\/media?parent=176633"}],"wp:term":[{"taxonomy":"product_brand","embeddable":true,"href":"https:\/\/www.miomiorun.com\/de\/wp-json\/wp\/v2\/product_brand?post=176633"},{"taxonomy":"product_cat","embeddable":true,"href":"https:\/\/www.miomiorun.com\/de\/wp-json\/wp\/v2\/product_cat?post=176633"},{"taxonomy":"product_tag","embeddable":true,"href":"https:\/\/www.miomiorun.com\/de\/wp-json\/wp\/v2\/product_tag?post=176633"}],"curies":[{"name":"wp","href":"https:\/\/api.w.org\/{rel}","templated":true}]}}