{"id":176631,"date":"2020-03-23T10:21:15","date_gmt":"2020-03-23T09:21:15","guid":{"rendered":"https:\/\/miomiorun.com\/prodotto\/cep-ultralight-calf-sleeves-donna\/"},"modified":"2024-06-27T14:35:20","modified_gmt":"2024-06-27T12:35:20","slug":"ultralight-calf-sleeves-damen","status":"publish","type":"product","link":"https:\/\/www.miomiorun.com\/de\/produkt\/ultralight-calf-sleeves-damen\/","title":{"rendered":"Ultralight Calf Sleeves damen"},"content":{"rendered":"<p>Neue Rekorde erzielen, sich wohlf\u00fchlen und passen mit den <strong>Ultralight Compression Sleeves<\/strong> f\u00fcr Frauen. Die Leggings \u00fcberzeugen auch bei hohen Temperaturen, dank des d\u00fcnnen, ultraleichten und atmungsaktiven Materials. Genie\u00dfen Sie die Vorteile der Kompression f\u00fcr einen bequemen und leichten Sommerlauf.<\/p>\n<p>Leistungsf\u00e4higere Muskeln dank verbesserter Durchblutung<\/p>\n<p>Optimale Leistung erfordert eine ausreichende Versorgung der Muskeln mit N\u00e4hrstoffen und einen schnellen Abtransport von Milchs\u00e4ure. Die Women&#8217;s Ultralight Compression Sleeves mit mittlerer Kompression verbessern die Durchblutung und erh\u00f6hen Ihr Potenzial, in entscheidenden Situationen mehr Kraft und Ausdauer zu nutzen.<\/p>\n<p>&nbsp;<\/p>\n<p><strong>Reduktion von Muskelvibrationen f\u00fcr mehr Kraft<\/strong><\/p>\n<p>Ein weiterer positiver Effekt der Ultralight Compression Sleeves f\u00fcr Frauen ist die Reduktion von Muskelvibrationen, die Energie entziehen. Das Ergebnis: Sie haben mehr Kraft f\u00fcr die Bewegung zur Verf\u00fcgung und k\u00f6nnen ungehindert Ihre neuen pers\u00f6nlichen Bestleistungen erreichen. Der Kompressionseffekt vermittelt ein angenehmes Gef\u00fchl, das die Motivation und die Lust am Sport steigert.<\/p>\n<p><strong>Wohlf\u00fchlen und Leistung steigern bei sommerlichen Temperaturen<\/strong><\/p>\n<p>Das ultrad\u00fcnne, leichte und atmungsaktive Material erg\u00e4nzt das Design der Sportsocken und tr\u00e4gt zu einem perfekten Tragekomfort bei hohen Temperaturen bei. Auch die Stabilit\u00e4t kommt nicht zu kurz: Karbonfasern machen das Gewebe langlebig.<\/p>\n<p><strong>Steigern Sie Ihre Leistung mit den Ultralight Compression Sleeves f\u00fcr Damen und genie\u00dfen Sie ihren hervorragenden Komfort im Sommer!<\/strong><\/p>\n<p>&nbsp;<\/p>\n<p><strong>Produktmerkmale:<\/strong><\/p>\n<ul>\n<li>Sanfter Druck stimuliert in der Tiefe, um die Wadenmuskulatur zu stabilisieren und bei Bedarf eine optimale Leistung zu erzielen.<\/li>\n<li>Die medi compression reduziert Muskelvibrationen, die Energie entziehen, f\u00fcr mehr Power beim Laufen und ein besseres Gef\u00fchl.<\/li>\n<li>Mehr Leistung mit Feel-Good-Effekt: Die Ultralight Compression Sleeves f\u00fcr Frauen mit modernem Design verbessern dank der Kompressionswirkung die N\u00e4hrstoffversorgung der<\/li>\n<li>Muskeln.<\/li>\n<li>Umschlie\u00dft Ihre Muskeln mit einer mehr als 300-fachen abgestuften Kompression<\/li>\n<li>25% weniger Volumen als CEP 2.0 Wadenstr\u00fcmpfe<\/li>\n<li>Das hohe Halo-Band h\u00e4lt die Wadenstr\u00fcmpfe unterhalb des Knies in Position<\/li>\n<li>Ultraleichtes Design und hydrophobe Materialien verbessern die Atmungsaktivit\u00e4t<\/li>\n<li>Abgestufte Kompression 20-30 mmHg<\/li>\n<li>Pflegeleichte Eigenschaften: maschinenwaschbar und trocken<\/li>\n<\/ul>\n<p>&nbsp;<\/p>\n<p><strong>Materialien:<\/strong> 77 % Polyamid, 23 % Elasthan<\/p>\n","protected":false},"excerpt":{"rendered":"<p><span style=\"font-weight: 400;\">Diese Kompressionsverst\u00e4rker bieten eine hervorragende Atmungsaktivit\u00e4t und helfen, die Leistung zu verbessern und Verletzungen vorzubeugen.<\/span><\/p>\n","protected":false},"featured_media":51190,"template":"","meta":{"_acf_changed":false,"inline_featured_image":false},"product_brand":[],"product_cat":[6400,6401,6402],"product_tag":[3408,6210],"class_list":{"0":"post-176631","1":"product","2":"type-product","3":"status-publish","4":"has-post-thumbnail","6":"product_cat-damen","7":"product_cat-damenbekleidung","8":"product_cat-damensocken-de","9":"product_tag-cep-de","10":"product_tag-cep-damen-de","11":"pa_attivita-running-de","12":"pa_attivita-trail-de","13":"pa_circonferenza-polpaccio-24-31-de","14":"pa_circonferenza-polpaccio-32-38-de","15":"pa_circonferenza-polpaccio-39-44-de","16":"pa_colore-sleeves-ultalight-w-pink-de","17":"pa_colore-sleeves-ultralight-w-black-de","18":"pa_colore-sleeves-ultralight-w-grey-de","19":"pa_marca-cep-de","20":"pa_sesso-damen","22":"first","23":"instock","24":"sale","25":"taxable","26":"shipping-taxable","27":"purchasable","28":"product-type-variable","29":"wvs-archive-product-wrapper"},"acf":[],"yoast_head":"<!-- This site is optimized with the Yoast SEO plugin v26.8 - https:\/\/yoast.com\/product\/yoast-seo-wordpress\/ -->\n<title>CepUltralight Calf Sleeves damen - MioMioRun.com<\/title>\n<meta name=\"description\" content=\"Diese Kompressionsverst\u00e4rker bieten eine hervorragende Atmungsaktivit\u00e4t, verbessern die Leistung und beugen Verletzungen vor.\" \/>\n<meta name=\"robots\" content=\"index, follow, max-snippet:-1, max-image-preview:large, max-video-preview:-1\" \/>\n<link rel=\"canonical\" href=\"https:\/\/www.miomiorun.com\/de\/produkt\/ultralight-calf-sleeves-damen\/\" \/>\n<meta property=\"og:locale\" content=\"de_DE\" \/>\n<meta property=\"og:type\" content=\"article\" \/>\n<meta property=\"og:title\" content=\"CepUltralight Calf Sleeves damen - MioMioRun.com\" \/>\n<meta property=\"og:description\" content=\"Diese Kompressionsverst\u00e4rker bieten eine hervorragende Atmungsaktivit\u00e4t, verbessern die Leistung und beugen Verletzungen vor.\" \/>\n<meta property=\"og:url\" content=\"https:\/\/www.miomiorun.com\/de\/produkt\/ultralight-calf-sleeves-damen\/\" \/>\n<meta property=\"og:site_name\" content=\"MioMioRun\" \/>\n<meta property=\"article:publisher\" content=\"https:\/\/www.facebook.com\/miomiorun\/\" \/>\n<meta property=\"article:modified_time\" content=\"2024-06-27T12:35:20+00:00\" \/>\n<meta property=\"og:image\" content=\"https:\/\/www.miomiorun.com\/app\/uploads\/2020\/03\/Ultralight-calf-sleeve-W-black-grey.jpg\" \/>\n\t<meta property=\"og:image:width\" content=\"600\" \/>\n\t<meta property=\"og:image:height\" content=\"600\" \/>\n\t<meta property=\"og:image:type\" content=\"image\/jpeg\" \/>\n<meta name=\"twitter:card\" content=\"summary_large_image\" \/>\n<meta name=\"twitter:label1\" content=\"Est. reading time\" \/>\n\t<meta name=\"twitter:data1\" content=\"2 minutes\" \/>\n<script type=\"application\/ld+json\" class=\"yoast-schema-graph\">{\"@context\":\"https:\/\/schema.org\",\"@graph\":[{\"@type\":\"WebPage\",\"@id\":\"https:\/\/www.miomiorun.com\/de\/produkt\/ultralight-calf-sleeves-damen\/\",\"url\":\"https:\/\/www.miomiorun.com\/de\/produkt\/ultralight-calf-sleeves-damen\/\",\"name\":\"CepUltralight Calf Sleeves damen - MioMioRun.com\",\"isPartOf\":{\"@id\":\"https:\/\/www.miomiorun.com\/de\/#website\"},\"primaryImageOfPage\":{\"@id\":\"https:\/\/www.miomiorun.com\/de\/produkt\/ultralight-calf-sleeves-damen\/#primaryimage\"},\"image\":{\"@id\":\"https:\/\/www.miomiorun.com\/de\/produkt\/ultralight-calf-sleeves-damen\/#primaryimage\"},\"thumbnailUrl\":\"https:\/\/www.miomiorun.com\/app\/uploads\/2020\/03\/Ultralight-calf-sleeve-W-black-grey.jpg\",\"datePublished\":\"2020-03-23T09:21:15+00:00\",\"dateModified\":\"2024-06-27T12:35:20+00:00\",\"description\":\"Diese Kompressionsverst\u00e4rker bieten eine hervorragende Atmungsaktivit\u00e4t, verbessern die Leistung und beugen Verletzungen vor.\",\"breadcrumb\":{\"@id\":\"https:\/\/www.miomiorun.com\/de\/produkt\/ultralight-calf-sleeves-damen\/#breadcrumb\"},\"inLanguage\":\"de-DE\",\"potentialAction\":[{\"@type\":\"ReadAction\",\"target\":[\"https:\/\/www.miomiorun.com\/de\/produkt\/ultralight-calf-sleeves-damen\/\"]}]},{\"@type\":\"ImageObject\",\"inLanguage\":\"de-DE\",\"@id\":\"https:\/\/www.miomiorun.com\/de\/produkt\/ultralight-calf-sleeves-damen\/#primaryimage\",\"url\":\"https:\/\/www.miomiorun.com\/app\/uploads\/2020\/03\/Ultralight-calf-sleeve-W-black-grey.jpg\",\"contentUrl\":\"https:\/\/www.miomiorun.com\/app\/uploads\/2020\/03\/Ultralight-calf-sleeve-W-black-grey.jpg\",\"width\":600,\"height\":600,\"caption\":\"Ultralight-calf-sleeve-W-black-grey\"},{\"@type\":\"BreadcrumbList\",\"@id\":\"https:\/\/www.miomiorun.com\/de\/produkt\/ultralight-calf-sleeves-damen\/#breadcrumb\",\"itemListElement\":[{\"@type\":\"ListItem\",\"position\":1,\"name\":\"Home\",\"item\":\"https:\/\/www.miomiorun.com\/de\/\"},{\"@type\":\"ListItem\",\"position\":2,\"name\":\"Shop\",\"item\":\"https:\/\/www.miomiorun.com\/shop\/\"},{\"@type\":\"ListItem\",\"position\":3,\"name\":\"Ultralight Calf Sleeves damen\"}]},{\"@type\":\"WebSite\",\"@id\":\"https:\/\/www.miomiorun.com\/de\/#website\",\"url\":\"https:\/\/www.miomiorun.com\/de\/\",\"name\":\"MioMioRun\",\"description\":\"100% Lauf- und Trailshop\",\"publisher\":{\"@id\":\"https:\/\/www.miomiorun.com\/de\/#organization\"},\"potentialAction\":[{\"@type\":\"SearchAction\",\"target\":{\"@type\":\"EntryPoint\",\"urlTemplate\":\"https:\/\/www.miomiorun.com\/de\/?s={search_term_string}\"},\"query-input\":{\"@type\":\"PropertyValueSpecification\",\"valueRequired\":true,\"valueName\":\"search_term_string\"}}],\"inLanguage\":\"de-DE\"},{\"@type\":\"Organization\",\"@id\":\"https:\/\/www.miomiorun.com\/de\/#organization\",\"name\":\"MioMio Run\",\"url\":\"https:\/\/www.miomiorun.com\/de\/\",\"logo\":{\"@type\":\"ImageObject\",\"inLanguage\":\"de-DE\",\"@id\":\"https:\/\/www.miomiorun.com\/de\/#\/schema\/logo\/image\/\",\"url\":\"https:\/\/www.miomiorun.com\/app\/uploads\/2019\/12\/logomio.png\",\"contentUrl\":\"https:\/\/www.miomiorun.com\/app\/uploads\/2019\/12\/logomio.png\",\"width\":115,\"height\":82,\"caption\":\"MioMio Run\"},\"image\":{\"@id\":\"https:\/\/www.miomiorun.com\/de\/#\/schema\/logo\/image\/\"},\"sameAs\":[\"https:\/\/www.facebook.com\/miomiorun\/\",\"https:\/\/www.instagram.com\/miomiorun\/\"]}]}<\/script>\n<!-- \/ Yoast SEO plugin. -->","yoast_head_json":{"title":"CepUltralight Calf Sleeves damen - MioMioRun.com","description":"Diese Kompressionsverst\u00e4rker bieten eine hervorragende Atmungsaktivit\u00e4t, verbessern die Leistung und beugen Verletzungen vor.","robots":{"index":"index","follow":"follow","max-snippet":"max-snippet:-1","max-image-preview":"max-image-preview:large","max-video-preview":"max-video-preview:-1"},"canonical":"https:\/\/www.miomiorun.com\/de\/produkt\/ultralight-calf-sleeves-damen\/","og_locale":"de_DE","og_type":"article","og_title":"CepUltralight Calf Sleeves damen - MioMioRun.com","og_description":"Diese Kompressionsverst\u00e4rker bieten eine hervorragende Atmungsaktivit\u00e4t, verbessern die Leistung und beugen Verletzungen vor.","og_url":"https:\/\/www.miomiorun.com\/de\/produkt\/ultralight-calf-sleeves-damen\/","og_site_name":"MioMioRun","article_publisher":"https:\/\/www.facebook.com\/miomiorun\/","article_modified_time":"2024-06-27T12:35:20+00:00","og_image":[{"width":600,"height":600,"url":"https:\/\/www.miomiorun.com\/app\/uploads\/2020\/03\/Ultralight-calf-sleeve-W-black-grey.jpg","type":"image\/jpeg"}],"twitter_card":"summary_large_image","twitter_misc":{"Est. reading time":"2 minutes"},"schema":{"@context":"https:\/\/schema.org","@graph":[{"@type":"WebPage","@id":"https:\/\/www.miomiorun.com\/de\/produkt\/ultralight-calf-sleeves-damen\/","url":"https:\/\/www.miomiorun.com\/de\/produkt\/ultralight-calf-sleeves-damen\/","name":"CepUltralight Calf Sleeves damen - MioMioRun.com","isPartOf":{"@id":"https:\/\/www.miomiorun.com\/de\/#website"},"primaryImageOfPage":{"@id":"https:\/\/www.miomiorun.com\/de\/produkt\/ultralight-calf-sleeves-damen\/#primaryimage"},"image":{"@id":"https:\/\/www.miomiorun.com\/de\/produkt\/ultralight-calf-sleeves-damen\/#primaryimage"},"thumbnailUrl":"https:\/\/www.miomiorun.com\/app\/uploads\/2020\/03\/Ultralight-calf-sleeve-W-black-grey.jpg","datePublished":"2020-03-23T09:21:15+00:00","dateModified":"2024-06-27T12:35:20+00:00","description":"Diese Kompressionsverst\u00e4rker bieten eine hervorragende Atmungsaktivit\u00e4t, verbessern die Leistung und beugen Verletzungen vor.","breadcrumb":{"@id":"https:\/\/www.miomiorun.com\/de\/produkt\/ultralight-calf-sleeves-damen\/#breadcrumb"},"inLanguage":"de-DE","potentialAction":[{"@type":"ReadAction","target":["https:\/\/www.miomiorun.com\/de\/produkt\/ultralight-calf-sleeves-damen\/"]}]},{"@type":"ImageObject","inLanguage":"de-DE","@id":"https:\/\/www.miomiorun.com\/de\/produkt\/ultralight-calf-sleeves-damen\/#primaryimage","url":"https:\/\/www.miomiorun.com\/app\/uploads\/2020\/03\/Ultralight-calf-sleeve-W-black-grey.jpg","contentUrl":"https:\/\/www.miomiorun.com\/app\/uploads\/2020\/03\/Ultralight-calf-sleeve-W-black-grey.jpg","width":600,"height":600,"caption":"Ultralight-calf-sleeve-W-black-grey"},{"@type":"BreadcrumbList","@id":"https:\/\/www.miomiorun.com\/de\/produkt\/ultralight-calf-sleeves-damen\/#breadcrumb","itemListElement":[{"@type":"ListItem","position":1,"name":"Home","item":"https:\/\/www.miomiorun.com\/de\/"},{"@type":"ListItem","position":2,"name":"Shop","item":"https:\/\/www.miomiorun.com\/shop\/"},{"@type":"ListItem","position":3,"name":"Ultralight Calf Sleeves damen"}]},{"@type":"WebSite","@id":"https:\/\/www.miomiorun.com\/de\/#website","url":"https:\/\/www.miomiorun.com\/de\/","name":"MioMioRun","description":"100% Lauf- und Trailshop","publisher":{"@id":"https:\/\/www.miomiorun.com\/de\/#organization"},"potentialAction":[{"@type":"SearchAction","target":{"@type":"EntryPoint","urlTemplate":"https:\/\/www.miomiorun.com\/de\/?s={search_term_string}"},"query-input":{"@type":"PropertyValueSpecification","valueRequired":true,"valueName":"search_term_string"}}],"inLanguage":"de-DE"},{"@type":"Organization","@id":"https:\/\/www.miomiorun.com\/de\/#organization","name":"MioMio Run","url":"https:\/\/www.miomiorun.com\/de\/","logo":{"@type":"ImageObject","inLanguage":"de-DE","@id":"https:\/\/www.miomiorun.com\/de\/#\/schema\/logo\/image\/","url":"https:\/\/www.miomiorun.com\/app\/uploads\/2019\/12\/logomio.png","contentUrl":"https:\/\/www.miomiorun.com\/app\/uploads\/2019\/12\/logomio.png","width":115,"height":82,"caption":"MioMio Run"},"image":{"@id":"https:\/\/www.miomiorun.com\/de\/#\/schema\/logo\/image\/"},"sameAs":["https:\/\/www.facebook.com\/miomiorun\/","https:\/\/www.instagram.com\/miomiorun\/"]}]}},"_links":{"self":[{"href":"https:\/\/www.miomiorun.com\/de\/wp-json\/wp\/v2\/product\/176631","targetHints":{"allow":["GET"]}}],"collection":[{"href":"https:\/\/www.miomiorun.com\/de\/wp-json\/wp\/v2\/product"}],"about":[{"href":"https:\/\/www.miomiorun.com\/de\/wp-json\/wp\/v2\/types\/product"}],"wp:featuredmedia":[{"embeddable":true,"href":"https:\/\/www.miomiorun.com\/de\/wp-json\/wp\/v2\/media\/51190"}],"wp:attachment":[{"href":"https:\/\/www.miomiorun.com\/de\/wp-json\/wp\/v2\/media?parent=176631"}],"wp:term":[{"taxonomy":"product_brand","embeddable":true,"href":"https:\/\/www.miomiorun.com\/de\/wp-json\/wp\/v2\/product_brand?post=176631"},{"taxonomy":"product_cat","embeddable":true,"href":"https:\/\/www.miomiorun.com\/de\/wp-json\/wp\/v2\/product_cat?post=176631"},{"taxonomy":"product_tag","embeddable":true,"href":"https:\/\/www.miomiorun.com\/de\/wp-json\/wp\/v2\/product_tag?post=176631"}],"curies":[{"name":"wp","href":"https:\/\/api.w.org\/{rel}","templated":true}]}}