{"id":176619,"date":"2020-10-28T11:08:29","date_gmt":"2020-10-28T10:08:29","guid":{"rendered":"https:\/\/miomiorun.com\/prodotto\/cep-reflective-calf-sleeves-donna\/"},"modified":"2024-06-27T14:50:19","modified_gmt":"2024-06-27T12:50:19","slug":"reflective-calf-sleeves-damen","status":"publish","type":"product","link":"https:\/\/www.miomiorun.com\/de\/produkt\/reflective-calf-sleeves-damen\/","title":{"rendered":"Reflective Calf Sleeves damen"},"content":{"rendered":"<p>Mit den reflektierenden Wadenkompressions\u00e4rmeln f\u00fcr Frauen von CEP trifft Stil auf Funktionalit\u00e4t. Das innovative reflektierende Garn sorgt f\u00fcr 360-Grad-Sichtbarkeit, damit du vor Sonnenaufgang und nach Sonnenuntergang sicher bist. Die mittelstarke, abgestufte Kompression stabilisiert die Muskeln, verbessert die Ausdauer und beseitigt Schienbeinschmerzen bei jedem Lauf oder Training. Diese \u00c4rmel lassen sich perfekt mit Ihren Lieblingssocken oder Low Cut kombinieren. Athleten lassen sich nicht von der Tageszeit beeinflussen, sondern bleiben von der D\u00e4mmerung bis zum Morgengrauen stark und sicher in diesen leistungsstarken Wadensch\u00fctzern.<\/p>\n<p>SMART Reflective Technologie &#8211; Innovatives 360-Grad-Reflexionsgarn f\u00fcr Sichtbarkeit und Sicherheit bei Nacht<br \/>\nAbgestufte Kompression 20-30 mmHg<br \/>\nDie Muskelstabilisierung hilft, Waden- und Schienbeinkr\u00e4mpfe zu vermeiden<br \/>\nHEIQ-Klimamanagement k\u00fchlt die Haut<br \/>\n\u00dcberlegene atmungsaktive, feuchtigkeitsableitende Fasern halten die Haut trocken<\/p>\n<p>Material: 79% Polyamid, 21% Elastan<\/p>\n","protected":false},"excerpt":{"rendered":"<p>Mit den reflektierenden Wadenkompressions\u00e4rmeln f\u00fcr Frauen von CEP trifft Stil auf Funktionalit\u00e4t. Das innovative reflektierende Garn sorgt f\u00fcr 360-Grad-Sichtbarkeit, damit du vor Sonnenaufgang und nach Sonnenuntergang sicher bist. Die mittelstarke, abgestufte Kompression stabilisiert die Muskeln, verbessert die Ausdauer und beseitigt Schienbeinschmerzen bei jedem Lauf oder Training. Diese \u00c4rmel lassen sich perfekt mit Ihren Lieblingssocken oder &hellip; <a href=\"https:\/\/www.miomiorun.com\/de\/produkt\/reflective-calf-sleeves-damen\/\">Continued<\/a><\/p>\n","protected":false},"featured_media":53572,"template":"","meta":{"_acf_changed":false,"inline_featured_image":false},"product_brand":[],"product_cat":[6400,6401,6402],"product_tag":[3408,6210],"class_list":{"0":"post-176619","1":"product","2":"type-product","3":"status-publish","4":"has-post-thumbnail","6":"product_cat-damen","7":"product_cat-damenbekleidung","8":"product_cat-damensocken-de","9":"product_tag-cep-de","10":"product_tag-cep-damen-de","11":"pa_attivita-outdoor-de","12":"pa_attivita-running-de","13":"pa_attivita-trail-de","14":"pa_circonferenza-polpaccio-24-31-de","15":"pa_circonferenza-polpaccio-32-38-de","16":"pa_circonferenza-polpaccio-39-44-de","17":"pa_colore-reflective-calf-sleeves-w-black-de","18":"pa_colore-reflective-compression-calf-sleeves-light-rose-de","19":"pa_marca-cep-de","20":"pa_sesso-damen","22":"first","23":"instock","24":"sale","25":"taxable","26":"shipping-taxable","27":"purchasable","28":"product-type-variable","29":"wvs-archive-product-wrapper"},"acf":[],"yoast_head":"<!-- This site is optimized with the Yoast SEO plugin v26.8 - https:\/\/yoast.com\/product\/yoast-seo-wordpress\/ -->\n<title>Reflective Calf Sleeves damen - Laufende Socken - MioMioRun<\/title>\n<meta name=\"description\" content=\"Reflektierende Kompressionsverst\u00e4rker f\u00fcr Frauen. Reflektierendes Garn f\u00fcr Rundumsichtbarkeit. Stabilisiert die Muskeln, verbessert die Ausdauer\" \/>\n<meta name=\"robots\" content=\"index, follow, max-snippet:-1, max-image-preview:large, max-video-preview:-1\" \/>\n<link rel=\"canonical\" href=\"https:\/\/www.miomiorun.com\/de\/produkt\/reflective-calf-sleeves-damen\/\" \/>\n<meta property=\"og:locale\" content=\"de_DE\" \/>\n<meta property=\"og:type\" content=\"article\" \/>\n<meta property=\"og:title\" content=\"Reflective Calf Sleeves damen - Laufende Socken - MioMioRun\" \/>\n<meta property=\"og:description\" content=\"Reflektierende Kompressionsverst\u00e4rker f\u00fcr Frauen. Reflektierendes Garn f\u00fcr Rundumsichtbarkeit. Stabilisiert die Muskeln, verbessert die Ausdauer\" \/>\n<meta property=\"og:url\" content=\"https:\/\/www.miomiorun.com\/de\/produkt\/reflective-calf-sleeves-damen\/\" \/>\n<meta property=\"og:site_name\" content=\"MioMioRun\" \/>\n<meta property=\"article:publisher\" content=\"https:\/\/www.facebook.com\/miomiorun\/\" \/>\n<meta property=\"article:modified_time\" content=\"2024-06-27T12:50:19+00:00\" \/>\n<meta property=\"og:image\" content=\"https:\/\/www.miomiorun.com\/app\/uploads\/2020\/10\/cep-Reflective-Compression-Calf-Sleeves-WS401Z.jpg\" \/>\n\t<meta property=\"og:image:width\" content=\"600\" \/>\n\t<meta property=\"og:image:height\" content=\"600\" \/>\n\t<meta property=\"og:image:type\" content=\"image\/jpeg\" \/>\n<meta name=\"twitter:card\" content=\"summary_large_image\" \/>\n<meta name=\"twitter:label1\" content=\"Est. reading time\" \/>\n\t<meta name=\"twitter:data1\" content=\"1 minute\" \/>\n<script type=\"application\/ld+json\" class=\"yoast-schema-graph\">{\"@context\":\"https:\/\/schema.org\",\"@graph\":[{\"@type\":\"WebPage\",\"@id\":\"https:\/\/www.miomiorun.com\/de\/produkt\/reflective-calf-sleeves-damen\/\",\"url\":\"https:\/\/www.miomiorun.com\/de\/produkt\/reflective-calf-sleeves-damen\/\",\"name\":\"Reflective Calf Sleeves damen - Laufende Socken - MioMioRun\",\"isPartOf\":{\"@id\":\"https:\/\/www.miomiorun.com\/de\/#website\"},\"primaryImageOfPage\":{\"@id\":\"https:\/\/www.miomiorun.com\/de\/produkt\/reflective-calf-sleeves-damen\/#primaryimage\"},\"image\":{\"@id\":\"https:\/\/www.miomiorun.com\/de\/produkt\/reflective-calf-sleeves-damen\/#primaryimage\"},\"thumbnailUrl\":\"https:\/\/www.miomiorun.com\/app\/uploads\/2020\/10\/cep-Reflective-Compression-Calf-Sleeves-WS401Z.jpg\",\"datePublished\":\"2020-10-28T10:08:29+00:00\",\"dateModified\":\"2024-06-27T12:50:19+00:00\",\"description\":\"Reflektierende Kompressionsverst\u00e4rker f\u00fcr Frauen. Reflektierendes Garn f\u00fcr Rundumsichtbarkeit. Stabilisiert die Muskeln, verbessert die Ausdauer\",\"breadcrumb\":{\"@id\":\"https:\/\/www.miomiorun.com\/de\/produkt\/reflective-calf-sleeves-damen\/#breadcrumb\"},\"inLanguage\":\"de-DE\",\"potentialAction\":[{\"@type\":\"ReadAction\",\"target\":[\"https:\/\/www.miomiorun.com\/de\/produkt\/reflective-calf-sleeves-damen\/\"]}]},{\"@type\":\"ImageObject\",\"inLanguage\":\"de-DE\",\"@id\":\"https:\/\/www.miomiorun.com\/de\/produkt\/reflective-calf-sleeves-damen\/#primaryimage\",\"url\":\"https:\/\/www.miomiorun.com\/app\/uploads\/2020\/10\/cep-Reflective-Compression-Calf-Sleeves-WS401Z.jpg\",\"contentUrl\":\"https:\/\/www.miomiorun.com\/app\/uploads\/2020\/10\/cep-Reflective-Compression-Calf-Sleeves-WS401Z.jpg\",\"width\":600,\"height\":600,\"caption\":\"cep reflctive compression calf sleeves\"},{\"@type\":\"BreadcrumbList\",\"@id\":\"https:\/\/www.miomiorun.com\/de\/produkt\/reflective-calf-sleeves-damen\/#breadcrumb\",\"itemListElement\":[{\"@type\":\"ListItem\",\"position\":1,\"name\":\"Home\",\"item\":\"https:\/\/www.miomiorun.com\/de\/\"},{\"@type\":\"ListItem\",\"position\":2,\"name\":\"Shop\",\"item\":\"https:\/\/www.miomiorun.com\/shop\/\"},{\"@type\":\"ListItem\",\"position\":3,\"name\":\"Reflective Calf Sleeves damen\"}]},{\"@type\":\"WebSite\",\"@id\":\"https:\/\/www.miomiorun.com\/de\/#website\",\"url\":\"https:\/\/www.miomiorun.com\/de\/\",\"name\":\"MioMioRun\",\"description\":\"100% Lauf- und Trailshop\",\"publisher\":{\"@id\":\"https:\/\/www.miomiorun.com\/de\/#organization\"},\"potentialAction\":[{\"@type\":\"SearchAction\",\"target\":{\"@type\":\"EntryPoint\",\"urlTemplate\":\"https:\/\/www.miomiorun.com\/de\/?s={search_term_string}\"},\"query-input\":{\"@type\":\"PropertyValueSpecification\",\"valueRequired\":true,\"valueName\":\"search_term_string\"}}],\"inLanguage\":\"de-DE\"},{\"@type\":\"Organization\",\"@id\":\"https:\/\/www.miomiorun.com\/de\/#organization\",\"name\":\"MioMio Run\",\"url\":\"https:\/\/www.miomiorun.com\/de\/\",\"logo\":{\"@type\":\"ImageObject\",\"inLanguage\":\"de-DE\",\"@id\":\"https:\/\/www.miomiorun.com\/de\/#\/schema\/logo\/image\/\",\"url\":\"https:\/\/www.miomiorun.com\/app\/uploads\/2019\/12\/logomio.png\",\"contentUrl\":\"https:\/\/www.miomiorun.com\/app\/uploads\/2019\/12\/logomio.png\",\"width\":115,\"height\":82,\"caption\":\"MioMio Run\"},\"image\":{\"@id\":\"https:\/\/www.miomiorun.com\/de\/#\/schema\/logo\/image\/\"},\"sameAs\":[\"https:\/\/www.facebook.com\/miomiorun\/\",\"https:\/\/www.instagram.com\/miomiorun\/\"]}]}<\/script>\n<!-- \/ Yoast SEO plugin. -->","yoast_head_json":{"title":"Reflective Calf Sleeves damen - Laufende Socken - MioMioRun","description":"Reflektierende Kompressionsverst\u00e4rker f\u00fcr Frauen. Reflektierendes Garn f\u00fcr Rundumsichtbarkeit. Stabilisiert die Muskeln, verbessert die Ausdauer","robots":{"index":"index","follow":"follow","max-snippet":"max-snippet:-1","max-image-preview":"max-image-preview:large","max-video-preview":"max-video-preview:-1"},"canonical":"https:\/\/www.miomiorun.com\/de\/produkt\/reflective-calf-sleeves-damen\/","og_locale":"de_DE","og_type":"article","og_title":"Reflective Calf Sleeves damen - Laufende Socken - MioMioRun","og_description":"Reflektierende Kompressionsverst\u00e4rker f\u00fcr Frauen. Reflektierendes Garn f\u00fcr Rundumsichtbarkeit. Stabilisiert die Muskeln, verbessert die Ausdauer","og_url":"https:\/\/www.miomiorun.com\/de\/produkt\/reflective-calf-sleeves-damen\/","og_site_name":"MioMioRun","article_publisher":"https:\/\/www.facebook.com\/miomiorun\/","article_modified_time":"2024-06-27T12:50:19+00:00","og_image":[{"width":600,"height":600,"url":"https:\/\/www.miomiorun.com\/app\/uploads\/2020\/10\/cep-Reflective-Compression-Calf-Sleeves-WS401Z.jpg","type":"image\/jpeg"}],"twitter_card":"summary_large_image","twitter_misc":{"Est. reading time":"1 minute"},"schema":{"@context":"https:\/\/schema.org","@graph":[{"@type":"WebPage","@id":"https:\/\/www.miomiorun.com\/de\/produkt\/reflective-calf-sleeves-damen\/","url":"https:\/\/www.miomiorun.com\/de\/produkt\/reflective-calf-sleeves-damen\/","name":"Reflective Calf Sleeves damen - Laufende Socken - MioMioRun","isPartOf":{"@id":"https:\/\/www.miomiorun.com\/de\/#website"},"primaryImageOfPage":{"@id":"https:\/\/www.miomiorun.com\/de\/produkt\/reflective-calf-sleeves-damen\/#primaryimage"},"image":{"@id":"https:\/\/www.miomiorun.com\/de\/produkt\/reflective-calf-sleeves-damen\/#primaryimage"},"thumbnailUrl":"https:\/\/www.miomiorun.com\/app\/uploads\/2020\/10\/cep-Reflective-Compression-Calf-Sleeves-WS401Z.jpg","datePublished":"2020-10-28T10:08:29+00:00","dateModified":"2024-06-27T12:50:19+00:00","description":"Reflektierende Kompressionsverst\u00e4rker f\u00fcr Frauen. Reflektierendes Garn f\u00fcr Rundumsichtbarkeit. Stabilisiert die Muskeln, verbessert die Ausdauer","breadcrumb":{"@id":"https:\/\/www.miomiorun.com\/de\/produkt\/reflective-calf-sleeves-damen\/#breadcrumb"},"inLanguage":"de-DE","potentialAction":[{"@type":"ReadAction","target":["https:\/\/www.miomiorun.com\/de\/produkt\/reflective-calf-sleeves-damen\/"]}]},{"@type":"ImageObject","inLanguage":"de-DE","@id":"https:\/\/www.miomiorun.com\/de\/produkt\/reflective-calf-sleeves-damen\/#primaryimage","url":"https:\/\/www.miomiorun.com\/app\/uploads\/2020\/10\/cep-Reflective-Compression-Calf-Sleeves-WS401Z.jpg","contentUrl":"https:\/\/www.miomiorun.com\/app\/uploads\/2020\/10\/cep-Reflective-Compression-Calf-Sleeves-WS401Z.jpg","width":600,"height":600,"caption":"cep reflctive compression calf sleeves"},{"@type":"BreadcrumbList","@id":"https:\/\/www.miomiorun.com\/de\/produkt\/reflective-calf-sleeves-damen\/#breadcrumb","itemListElement":[{"@type":"ListItem","position":1,"name":"Home","item":"https:\/\/www.miomiorun.com\/de\/"},{"@type":"ListItem","position":2,"name":"Shop","item":"https:\/\/www.miomiorun.com\/shop\/"},{"@type":"ListItem","position":3,"name":"Reflective Calf Sleeves damen"}]},{"@type":"WebSite","@id":"https:\/\/www.miomiorun.com\/de\/#website","url":"https:\/\/www.miomiorun.com\/de\/","name":"MioMioRun","description":"100% Lauf- und Trailshop","publisher":{"@id":"https:\/\/www.miomiorun.com\/de\/#organization"},"potentialAction":[{"@type":"SearchAction","target":{"@type":"EntryPoint","urlTemplate":"https:\/\/www.miomiorun.com\/de\/?s={search_term_string}"},"query-input":{"@type":"PropertyValueSpecification","valueRequired":true,"valueName":"search_term_string"}}],"inLanguage":"de-DE"},{"@type":"Organization","@id":"https:\/\/www.miomiorun.com\/de\/#organization","name":"MioMio Run","url":"https:\/\/www.miomiorun.com\/de\/","logo":{"@type":"ImageObject","inLanguage":"de-DE","@id":"https:\/\/www.miomiorun.com\/de\/#\/schema\/logo\/image\/","url":"https:\/\/www.miomiorun.com\/app\/uploads\/2019\/12\/logomio.png","contentUrl":"https:\/\/www.miomiorun.com\/app\/uploads\/2019\/12\/logomio.png","width":115,"height":82,"caption":"MioMio Run"},"image":{"@id":"https:\/\/www.miomiorun.com\/de\/#\/schema\/logo\/image\/"},"sameAs":["https:\/\/www.facebook.com\/miomiorun\/","https:\/\/www.instagram.com\/miomiorun\/"]}]}},"_links":{"self":[{"href":"https:\/\/www.miomiorun.com\/de\/wp-json\/wp\/v2\/product\/176619","targetHints":{"allow":["GET"]}}],"collection":[{"href":"https:\/\/www.miomiorun.com\/de\/wp-json\/wp\/v2\/product"}],"about":[{"href":"https:\/\/www.miomiorun.com\/de\/wp-json\/wp\/v2\/types\/product"}],"wp:featuredmedia":[{"embeddable":true,"href":"https:\/\/www.miomiorun.com\/de\/wp-json\/wp\/v2\/media\/53572"}],"wp:attachment":[{"href":"https:\/\/www.miomiorun.com\/de\/wp-json\/wp\/v2\/media?parent=176619"}],"wp:term":[{"taxonomy":"product_brand","embeddable":true,"href":"https:\/\/www.miomiorun.com\/de\/wp-json\/wp\/v2\/product_brand?post=176619"},{"taxonomy":"product_cat","embeddable":true,"href":"https:\/\/www.miomiorun.com\/de\/wp-json\/wp\/v2\/product_cat?post=176619"},{"taxonomy":"product_tag","embeddable":true,"href":"https:\/\/www.miomiorun.com\/de\/wp-json\/wp\/v2\/product_tag?post=176619"}],"curies":[{"name":"wp","href":"https:\/\/api.w.org\/{rel}","templated":true}]}}