{"id":176606,"date":"2021-05-15T09:44:58","date_gmt":"2021-05-15T07:44:58","guid":{"rendered":"https:\/\/miomiorun.com\/prodotto\/compressport-r2-oxygen-calf-sleeves\/"},"modified":"2024-06-29T10:15:32","modified_gmt":"2024-06-29T08:15:32","slug":"compressport-r2-oxygen-calf-sleeves","status":"publish","type":"product","link":"https:\/\/www.miomiorun.com\/de\/produkt\/compressport-r2-oxygen-calf-sleeves\/","title":{"rendered":"R2 Oxygen calf sleeves"},"content":{"rendered":"<h3>Schwarze Zweite-Haut-Kniestr\u00fcmpfe, die besten im Sortiment, f\u00fcr maximale Bel\u00fcftung und die beste Muskelunterst\u00fctzung w\u00e4hrend der h\u00e4rtesten Rennen.<\/h3>\n<p>Die Legende besagt, dass Fred Van Lierde nach dem Schwimmen in Kona, Hawaii, nur acht Sekunden brauchte, um diese Compressport R2-Kniestr\u00fcmpfe anzuziehen. Der leistungsst\u00e4rkste unserer Kniestr\u00fcmpfe wurde speziell f\u00fcr schnelle Rennen unter extremsten Bedingungen entwickelt. \u00dcber das Referenzmodell R2V2 hinaus waren unsere Designer auf der Suche nach einem ultraweichen und beruhigend leichten Second-Skin-Gef\u00fchl. Mit strategisch platzierten, schnell trocknenden Mesh-Eins\u00e4tzen, die f\u00fcr eine 360\u00b0-Bel\u00fcftung sorgen, sind die R2 Oxygen die leichtesten Kompressions-Kniestr\u00fcmpfe auf dem Markt und wiegen nur 11 g. Die extrem feinen Fasern behalten jedoch nachweislich alle Eigenschaften und Vorteile der Kompression bei und bieten maximale Unterst\u00fctzung und Schutz f\u00fcr die Wade und das untere Knie, w\u00e4hrend sie gleichzeitig Vibrationen und Muskelverletzungen einschr\u00e4nken. Die aktualisierte Version 2020 bietet mehr horizontale und vertikale Dehnbarkeit f\u00fcr eine noch bessere Passform und mehr Komfort. Ein minimalistisches schwarzes Design erg\u00e4nzt den eleganten und stilvollen Track-Look. Ob auf dem hei\u00dfen Asphalt von Hawaii oder im brennenden Sand der Sahara, der leichte R2 Oxygen wird Ihr treuer Begleiter sein.<\/p>\n<p>&nbsp;<\/p>\n<section class=\"product-additional-info pt-4 pb-4\">\n<div class=\"d-flex mt-5 pt-4 pb-md-4 pb-3 text-center box-additional-info align-items-center flex-wrap\">\n<div class=\"col-lg-3 col-md-6 col-12 data-sheet\">\n<h2>Nettogewicht des Produkts<\/h2>\n<p>30.00 g<\/p>\n<h3>Zusammensetzungen<\/h3>\n<p>78%PA 22%EA<\/p>\n<h3>Wasch- und Pflegehinweise<\/h3>\n<p><img decoding=\"async\" class=\"img-fluid\" src=\"https:\/\/www.compressport.com\/img\/cms\/icons\/picto_wash.png\" \/><\/p>\n<\/div>\n<div class=\"col-lg-3 col-md-6 col-12 data-sheet data-sheet-developed\"><img decoding=\"async\" class=\"img-fluid\" src=\"https:\/\/www.compressport.com\/img\/cms\/icons\/developed_swiss.png\" \/><\/div>\n<\/div>\n<\/section>\n<div><\/div>\n<h2>Gr\u00f6\u00dfentabelle (Wadenumfang)<\/h2>\n<div class=\"chart-tabs-container\">\n<div class=\"tab-content clearfix keep-it-tight\">\n<div id=\"11_chart_productTab\" class=\"chart_productTab\">\n<div id=\"single_chart_table_popup\">\n<div class=\"row\">\n<div class=\"col-md-2\"><span class=\"img-w-comment d-block d-md-block text-center text-md-left\"> <img loading=\"lazy\" decoding=\"async\" class=\"chart-table-img img-fluid alignleft\" src=\"https:\/\/www.compressport.com\/inter\/modules\/sizeconversion\/views\/img\/Guide-sizing_Calf-sleeves.jpg\" width=\"203\" height=\"304\" \/> <\/span><\/div>\n<div class=\"col-md-10\">\n<div class=\"table-responsive-md\">\n<table id=\"chart_table_11\" class=\"table table-striped table-bordered text-center chart-table\" style=\"height: 171px;\" width=\"209\">\n<thead class=\"thead-default\">\n<tr class=\"\">\n<th><\/th>\n<th id=\"conversion_group_65\">CM<\/th>\n<th id=\"conversion_group_66\">INCH<\/th>\n<\/tr>\n<\/thead>\n<tbody>\n<tr class=\"chart-table-row\">\n<th class=\"cc-name\">T1<\/th>\n<td>30-34<\/td>\n<td>12-13,5<\/td>\n<\/tr>\n<tr class=\"chart-table-row\">\n<th class=\"cc-name\">T2<\/th>\n<td>34-38<\/td>\n<td>13,5-15<\/td>\n<\/tr>\n<tr class=\"chart-table-row\">\n<th class=\"cc-name\">T3<\/th>\n<td>38-42<\/td>\n<td>15-16,5<\/td>\n<\/tr>\n<tr class=\"chart-table-row\">\n<th class=\"cc-name\">T4<\/th>\n<td>42-46<\/td>\n<td>16,5-18<\/td>\n<\/tr>\n<\/tbody>\n<\/table>\n<\/div>\n<\/div>\n<\/div>\n<\/div>\n<\/div>\n<\/div>\n<\/div>\n","protected":false},"excerpt":{"rendered":"<p>Schwarze Zweite-Haut-Kniestr\u00fcmpfe, die besten im Sortiment, f\u00fcr maximale Bel\u00fcftung und die beste Muskelunterst\u00fctzung w\u00e4hrend der h\u00e4rtesten Rennen. Die Legende besagt, dass Fred Van Lierde nach dem Schwimmen in Kona, Hawaii, nur acht Sekunden brauchte, um diese Compressport R2-Kniestr\u00fcmpfe anzuziehen. Der leistungsst\u00e4rkste unserer Kniestr\u00fcmpfe wurde speziell f\u00fcr schnelle Rennen unter extremsten Bedingungen entwickelt. \u00dcber das Referenzmodell &hellip; <a href=\"https:\/\/www.miomiorun.com\/de\/produkt\/compressport-r2-oxygen-calf-sleeves\/\">Continued<\/a><\/p>\n","protected":false},"featured_media":55649,"template":"","meta":{"_acf_changed":false,"inline_featured_image":false},"product_brand":[],"product_cat":[6515,6540,6514,6400,6401,6402],"product_tag":[3367,6215,6216],"class_list":{"0":"post-176606","1":"product","2":"type-product","3":"status-publish","4":"has-post-thumbnail","6":"product_cat-herren-de","7":"product_cat-herrenbekleidung","8":"product_cat-socken","9":"product_cat-damen","10":"product_cat-damenbekleidung","11":"product_cat-damensocken-de","12":"product_tag-compressport-de","13":"product_tag-compressport-damen-de","14":"product_tag-compressport-herren-de","15":"pa_attivita-running-de","16":"pa_attivita-trail-de","17":"pa_circonferenza-polpaccio-30-34-de","18":"pa_colore-r2-oxygen-calf-sleeves-black-de","19":"pa_marca-compressport-de","20":"pa_sesso-damen","21":"pa_sesso-herren","23":"first","24":"instock","25":"sale","26":"taxable","27":"shipping-taxable","28":"purchasable","29":"product-type-variable","30":"wvs-archive-product-wrapper"},"acf":[],"yoast_head":"<!-- This site is optimized with the Yoast SEO plugin v26.8 - https:\/\/yoast.com\/product\/yoast-seo-wordpress\/ -->\n<title>R2 Oxygen calf sleeves - Booster Laufen - MioMioRun<\/title>\n<meta name=\"description\" content=\"Schwarze Kniestr\u00fcmpfe aus zweiter Haut, Spitzenmodell, f\u00fcr maximale Bel\u00fcftung und beste Muskelunterst\u00fctzung bei den h\u00e4rtesten Rennen.\" \/>\n<meta name=\"robots\" content=\"index, follow, max-snippet:-1, max-image-preview:large, max-video-preview:-1\" \/>\n<link rel=\"canonical\" href=\"https:\/\/www.miomiorun.com\/de\/produkt\/compressport-r2-oxygen-calf-sleeves\/\" \/>\n<meta property=\"og:locale\" content=\"de_DE\" \/>\n<meta property=\"og:type\" content=\"article\" \/>\n<meta property=\"og:title\" content=\"R2 Oxygen calf sleeves - Booster Laufen - MioMioRun\" \/>\n<meta property=\"og:description\" content=\"Schwarze Kniestr\u00fcmpfe aus zweiter Haut, Spitzenmodell, f\u00fcr maximale Bel\u00fcftung und beste Muskelunterst\u00fctzung bei den h\u00e4rtesten Rennen.\" \/>\n<meta property=\"og:url\" content=\"https:\/\/www.miomiorun.com\/de\/produkt\/compressport-r2-oxygen-calf-sleeves\/\" \/>\n<meta property=\"og:site_name\" content=\"MioMioRun\" \/>\n<meta property=\"article:publisher\" content=\"https:\/\/www.facebook.com\/miomiorun\/\" \/>\n<meta property=\"article:modified_time\" content=\"2024-06-29T08:15:32+00:00\" \/>\n<meta property=\"og:image\" content=\"https:\/\/www.miomiorun.com\/app\/uploads\/2021\/05\/compressport-R2-Oxygen-calf-sleeves-SU00003B-black.jpg\" \/>\n\t<meta property=\"og:image:width\" content=\"600\" \/>\n\t<meta property=\"og:image:height\" content=\"600\" \/>\n\t<meta property=\"og:image:type\" content=\"image\/jpeg\" \/>\n<meta name=\"twitter:card\" content=\"summary_large_image\" \/>\n<meta name=\"twitter:label1\" content=\"Est. reading time\" \/>\n\t<meta name=\"twitter:data1\" content=\"1 minute\" \/>\n<script type=\"application\/ld+json\" class=\"yoast-schema-graph\">{\"@context\":\"https:\/\/schema.org\",\"@graph\":[{\"@type\":\"WebPage\",\"@id\":\"https:\/\/www.miomiorun.com\/de\/produkt\/compressport-r2-oxygen-calf-sleeves\/\",\"url\":\"https:\/\/www.miomiorun.com\/de\/produkt\/compressport-r2-oxygen-calf-sleeves\/\",\"name\":\"R2 Oxygen calf sleeves - Booster Laufen - MioMioRun\",\"isPartOf\":{\"@id\":\"https:\/\/www.miomiorun.com\/de\/#website\"},\"primaryImageOfPage\":{\"@id\":\"https:\/\/www.miomiorun.com\/de\/produkt\/compressport-r2-oxygen-calf-sleeves\/#primaryimage\"},\"image\":{\"@id\":\"https:\/\/www.miomiorun.com\/de\/produkt\/compressport-r2-oxygen-calf-sleeves\/#primaryimage\"},\"thumbnailUrl\":\"https:\/\/www.miomiorun.com\/app\/uploads\/2021\/05\/compressport-R2-Oxygen-calf-sleeves-SU00003B-black.jpg\",\"datePublished\":\"2021-05-15T07:44:58+00:00\",\"dateModified\":\"2024-06-29T08:15:32+00:00\",\"description\":\"Schwarze Kniestr\u00fcmpfe aus zweiter Haut, Spitzenmodell, f\u00fcr maximale Bel\u00fcftung und beste Muskelunterst\u00fctzung bei den h\u00e4rtesten Rennen.\",\"breadcrumb\":{\"@id\":\"https:\/\/www.miomiorun.com\/de\/produkt\/compressport-r2-oxygen-calf-sleeves\/#breadcrumb\"},\"inLanguage\":\"de-DE\",\"potentialAction\":[{\"@type\":\"ReadAction\",\"target\":[\"https:\/\/www.miomiorun.com\/de\/produkt\/compressport-r2-oxygen-calf-sleeves\/\"]}]},{\"@type\":\"ImageObject\",\"inLanguage\":\"de-DE\",\"@id\":\"https:\/\/www.miomiorun.com\/de\/produkt\/compressport-r2-oxygen-calf-sleeves\/#primaryimage\",\"url\":\"https:\/\/www.miomiorun.com\/app\/uploads\/2021\/05\/compressport-R2-Oxygen-calf-sleeves-SU00003B-black.jpg\",\"contentUrl\":\"https:\/\/www.miomiorun.com\/app\/uploads\/2021\/05\/compressport-R2-Oxygen-calf-sleeves-SU00003B-black.jpg\",\"width\":600,\"height\":600,\"caption\":\"compressport r2 oxygen calf sleeves\"},{\"@type\":\"BreadcrumbList\",\"@id\":\"https:\/\/www.miomiorun.com\/de\/produkt\/compressport-r2-oxygen-calf-sleeves\/#breadcrumb\",\"itemListElement\":[{\"@type\":\"ListItem\",\"position\":1,\"name\":\"Home\",\"item\":\"https:\/\/www.miomiorun.com\/de\/\"},{\"@type\":\"ListItem\",\"position\":2,\"name\":\"Shop\",\"item\":\"https:\/\/www.miomiorun.com\/shop\/\"},{\"@type\":\"ListItem\",\"position\":3,\"name\":\"R2 Oxygen calf sleeves\"}]},{\"@type\":\"WebSite\",\"@id\":\"https:\/\/www.miomiorun.com\/de\/#website\",\"url\":\"https:\/\/www.miomiorun.com\/de\/\",\"name\":\"MioMioRun\",\"description\":\"100% Lauf- und Trailshop\",\"publisher\":{\"@id\":\"https:\/\/www.miomiorun.com\/de\/#organization\"},\"potentialAction\":[{\"@type\":\"SearchAction\",\"target\":{\"@type\":\"EntryPoint\",\"urlTemplate\":\"https:\/\/www.miomiorun.com\/de\/?s={search_term_string}\"},\"query-input\":{\"@type\":\"PropertyValueSpecification\",\"valueRequired\":true,\"valueName\":\"search_term_string\"}}],\"inLanguage\":\"de-DE\"},{\"@type\":\"Organization\",\"@id\":\"https:\/\/www.miomiorun.com\/de\/#organization\",\"name\":\"MioMio Run\",\"url\":\"https:\/\/www.miomiorun.com\/de\/\",\"logo\":{\"@type\":\"ImageObject\",\"inLanguage\":\"de-DE\",\"@id\":\"https:\/\/www.miomiorun.com\/de\/#\/schema\/logo\/image\/\",\"url\":\"https:\/\/www.miomiorun.com\/app\/uploads\/2019\/12\/logomio.png\",\"contentUrl\":\"https:\/\/www.miomiorun.com\/app\/uploads\/2019\/12\/logomio.png\",\"width\":115,\"height\":82,\"caption\":\"MioMio Run\"},\"image\":{\"@id\":\"https:\/\/www.miomiorun.com\/de\/#\/schema\/logo\/image\/\"},\"sameAs\":[\"https:\/\/www.facebook.com\/miomiorun\/\",\"https:\/\/www.instagram.com\/miomiorun\/\"]}]}<\/script>\n<!-- \/ Yoast SEO plugin. -->","yoast_head_json":{"title":"R2 Oxygen calf sleeves - Booster Laufen - MioMioRun","description":"Schwarze Kniestr\u00fcmpfe aus zweiter Haut, Spitzenmodell, f\u00fcr maximale Bel\u00fcftung und beste Muskelunterst\u00fctzung bei den h\u00e4rtesten Rennen.","robots":{"index":"index","follow":"follow","max-snippet":"max-snippet:-1","max-image-preview":"max-image-preview:large","max-video-preview":"max-video-preview:-1"},"canonical":"https:\/\/www.miomiorun.com\/de\/produkt\/compressport-r2-oxygen-calf-sleeves\/","og_locale":"de_DE","og_type":"article","og_title":"R2 Oxygen calf sleeves - Booster Laufen - MioMioRun","og_description":"Schwarze Kniestr\u00fcmpfe aus zweiter Haut, Spitzenmodell, f\u00fcr maximale Bel\u00fcftung und beste Muskelunterst\u00fctzung bei den h\u00e4rtesten Rennen.","og_url":"https:\/\/www.miomiorun.com\/de\/produkt\/compressport-r2-oxygen-calf-sleeves\/","og_site_name":"MioMioRun","article_publisher":"https:\/\/www.facebook.com\/miomiorun\/","article_modified_time":"2024-06-29T08:15:32+00:00","og_image":[{"width":600,"height":600,"url":"https:\/\/www.miomiorun.com\/app\/uploads\/2021\/05\/compressport-R2-Oxygen-calf-sleeves-SU00003B-black.jpg","type":"image\/jpeg"}],"twitter_card":"summary_large_image","twitter_misc":{"Est. reading time":"1 minute"},"schema":{"@context":"https:\/\/schema.org","@graph":[{"@type":"WebPage","@id":"https:\/\/www.miomiorun.com\/de\/produkt\/compressport-r2-oxygen-calf-sleeves\/","url":"https:\/\/www.miomiorun.com\/de\/produkt\/compressport-r2-oxygen-calf-sleeves\/","name":"R2 Oxygen calf sleeves - Booster Laufen - MioMioRun","isPartOf":{"@id":"https:\/\/www.miomiorun.com\/de\/#website"},"primaryImageOfPage":{"@id":"https:\/\/www.miomiorun.com\/de\/produkt\/compressport-r2-oxygen-calf-sleeves\/#primaryimage"},"image":{"@id":"https:\/\/www.miomiorun.com\/de\/produkt\/compressport-r2-oxygen-calf-sleeves\/#primaryimage"},"thumbnailUrl":"https:\/\/www.miomiorun.com\/app\/uploads\/2021\/05\/compressport-R2-Oxygen-calf-sleeves-SU00003B-black.jpg","datePublished":"2021-05-15T07:44:58+00:00","dateModified":"2024-06-29T08:15:32+00:00","description":"Schwarze Kniestr\u00fcmpfe aus zweiter Haut, Spitzenmodell, f\u00fcr maximale Bel\u00fcftung und beste Muskelunterst\u00fctzung bei den h\u00e4rtesten Rennen.","breadcrumb":{"@id":"https:\/\/www.miomiorun.com\/de\/produkt\/compressport-r2-oxygen-calf-sleeves\/#breadcrumb"},"inLanguage":"de-DE","potentialAction":[{"@type":"ReadAction","target":["https:\/\/www.miomiorun.com\/de\/produkt\/compressport-r2-oxygen-calf-sleeves\/"]}]},{"@type":"ImageObject","inLanguage":"de-DE","@id":"https:\/\/www.miomiorun.com\/de\/produkt\/compressport-r2-oxygen-calf-sleeves\/#primaryimage","url":"https:\/\/www.miomiorun.com\/app\/uploads\/2021\/05\/compressport-R2-Oxygen-calf-sleeves-SU00003B-black.jpg","contentUrl":"https:\/\/www.miomiorun.com\/app\/uploads\/2021\/05\/compressport-R2-Oxygen-calf-sleeves-SU00003B-black.jpg","width":600,"height":600,"caption":"compressport r2 oxygen calf sleeves"},{"@type":"BreadcrumbList","@id":"https:\/\/www.miomiorun.com\/de\/produkt\/compressport-r2-oxygen-calf-sleeves\/#breadcrumb","itemListElement":[{"@type":"ListItem","position":1,"name":"Home","item":"https:\/\/www.miomiorun.com\/de\/"},{"@type":"ListItem","position":2,"name":"Shop","item":"https:\/\/www.miomiorun.com\/shop\/"},{"@type":"ListItem","position":3,"name":"R2 Oxygen calf sleeves"}]},{"@type":"WebSite","@id":"https:\/\/www.miomiorun.com\/de\/#website","url":"https:\/\/www.miomiorun.com\/de\/","name":"MioMioRun","description":"100% Lauf- und Trailshop","publisher":{"@id":"https:\/\/www.miomiorun.com\/de\/#organization"},"potentialAction":[{"@type":"SearchAction","target":{"@type":"EntryPoint","urlTemplate":"https:\/\/www.miomiorun.com\/de\/?s={search_term_string}"},"query-input":{"@type":"PropertyValueSpecification","valueRequired":true,"valueName":"search_term_string"}}],"inLanguage":"de-DE"},{"@type":"Organization","@id":"https:\/\/www.miomiorun.com\/de\/#organization","name":"MioMio Run","url":"https:\/\/www.miomiorun.com\/de\/","logo":{"@type":"ImageObject","inLanguage":"de-DE","@id":"https:\/\/www.miomiorun.com\/de\/#\/schema\/logo\/image\/","url":"https:\/\/www.miomiorun.com\/app\/uploads\/2019\/12\/logomio.png","contentUrl":"https:\/\/www.miomiorun.com\/app\/uploads\/2019\/12\/logomio.png","width":115,"height":82,"caption":"MioMio Run"},"image":{"@id":"https:\/\/www.miomiorun.com\/de\/#\/schema\/logo\/image\/"},"sameAs":["https:\/\/www.facebook.com\/miomiorun\/","https:\/\/www.instagram.com\/miomiorun\/"]}]}},"_links":{"self":[{"href":"https:\/\/www.miomiorun.com\/de\/wp-json\/wp\/v2\/product\/176606","targetHints":{"allow":["GET"]}}],"collection":[{"href":"https:\/\/www.miomiorun.com\/de\/wp-json\/wp\/v2\/product"}],"about":[{"href":"https:\/\/www.miomiorun.com\/de\/wp-json\/wp\/v2\/types\/product"}],"wp:featuredmedia":[{"embeddable":true,"href":"https:\/\/www.miomiorun.com\/de\/wp-json\/wp\/v2\/media\/55649"}],"wp:attachment":[{"href":"https:\/\/www.miomiorun.com\/de\/wp-json\/wp\/v2\/media?parent=176606"}],"wp:term":[{"taxonomy":"product_brand","embeddable":true,"href":"https:\/\/www.miomiorun.com\/de\/wp-json\/wp\/v2\/product_brand?post=176606"},{"taxonomy":"product_cat","embeddable":true,"href":"https:\/\/www.miomiorun.com\/de\/wp-json\/wp\/v2\/product_cat?post=176606"},{"taxonomy":"product_tag","embeddable":true,"href":"https:\/\/www.miomiorun.com\/de\/wp-json\/wp\/v2\/product_tag?post=176606"}],"curies":[{"name":"wp","href":"https:\/\/api.w.org\/{rel}","templated":true}]}}