{"id":176601,"date":"2021-05-22T18:55:50","date_gmt":"2021-05-22T16:55:50","guid":{"rendered":"https:\/\/miomiorun.com\/prodotto\/cep-neon-mid-cut-socks-donna\/"},"modified":"2024-06-29T11:24:48","modified_gmt":"2024-06-29T09:24:48","slug":"neon-mid-cut-socks-damen","status":"publish","type":"product","link":"https:\/\/www.miomiorun.com\/de\/produkt\/neon-mid-cut-socks-damen\/","title":{"rendered":"Neon Mid Cut socks damen"},"content":{"rendered":"<p>Trendige Mid-Cut-L\u00e4nge, fluoreszierende Farben und die aktivierende Wirkung einer mittleren Kompression: Genie\u00dfen Sie den hohen Komfort der Neon Compression Mid Cut Socks mit ihrer stabilisierenden Wirkung! Nicht weniger beeindruckend sind die Details dieser Kompressionssocken. Neben dem innovativen Materialmix \u00fcberzeugen sie durch ihre optimale Passform und die integrierten D\u00e4mpfungszonen.<\/p>\n<p><strong>Tiefenstimulation f\u00fcr mehr Stabilit\u00e4t<\/strong><\/p>\n<p>Der Fu\u00df- und Kn\u00f6chelbereich von L\u00e4ufern ist eine Schwachstelle, die besonders verletzungsanf\u00e4llig ist. Die Kompression geht auf dieses Problem effektiv ein, indem sie die Gelenke in der Tiefe stimuliert und stabilisiert. Dadurch sinkt das Verletzungsrisiko und damit auch die Wahrscheinlichkeit, dass das Training abgebrochen werden muss.<\/p>\n<p>&nbsp;<\/p>\n<p><strong>Hightech-Material und gute Passform gegen Blasenbildung<\/strong><\/p>\n<p>Die eng anliegende Passform der Neon Compression Mid Cut Socks und das elastische Material bieten einen weiteren positiven Vorteil: L\u00e4stige Reibung und das Auftreten von Blasen werden reduziert, hohe Atmungsaktivit\u00e4t und ein hervorragendes Klimamanagement runden das Angebot ab. F\u00fcr Komfort sorgen d\u00e4mpfende, gepolsterte Zonen, die der Anatomie des Fu\u00dfes folgen.<\/p>\n<p>&nbsp;<\/p>\n<p><strong>Fluoreszierende Farben f\u00fcr einen trendigen Look<\/strong><\/p>\n<p>&nbsp;<\/p>\n<p>Und last but not least: Herren-Kompressionssocken bestechen neben ihrer Funktionalit\u00e4t auch durch ihr Design und bieten den aktuellen Sportswear-Look in Neonfarben als Blickfang. W\u00e4hlen Sie aus einer Reihe von leuchtenden Farben.<\/p>\n<p><strong>Profitieren Sie jetzt von den funktionellen Vorteilen der Neon Compression Mid Cut Socks und frischen Sie Ihren Look mit neonfarbenen Akzenten auf!<\/strong><\/p>\n<h2>Produktmerkmale:<\/h2>\n<p>Der Mid-Compression-Effekt stabilisiert die Gelenke und reduziert das Verletzungsrisiko bei intensiven Trainingseinheiten.<br \/>\nDie enge anatomische Passform und der sichere Sitz reduzieren das Auftreten von Blasen.<br \/>\nGepolsterte Zonen im Fu\u00dfbereich erh\u00f6hen die D\u00e4mpfung an anatomisch wichtigen Stellen.<\/p>\n<p><strong>Materialien:<\/strong> 86 % Polyamid, 14 % Elasthan<\/p>\n<p>&nbsp;<\/p>\n","protected":false},"excerpt":{"rendered":"<p><span style=\"font-weight: 400;\">Optimierte Kn\u00f6chelstabilit\u00e4t. SMART DRY Garn sorgt f\u00fcr ein verbessertes Feuchtigkeits- und Temperaturmanagement.<\/span><\/p>\n","protected":false},"featured_media":55813,"template":"","meta":{"_acf_changed":false,"inline_featured_image":false},"product_brand":[],"product_cat":[6401,6402],"product_tag":[3408,6210],"class_list":{"0":"post-176601","1":"product","2":"type-product","3":"status-publish","4":"has-post-thumbnail","6":"product_cat-damenbekleidung","7":"product_cat-damensocken-de","8":"product_tag-cep-de","9":"product_tag-cep-damen-de","10":"pa_attivita-gehen","11":"pa_attivita-running-de","12":"pa_colore-neon-compres-mid-cut-w-pink-de","13":"pa_colore-neon-compres-mid-cut-w-white-pink-de","14":"pa_marca-cep-de","15":"pa_sesso-damen","16":"pa_size-37-40-de","17":"pa_size-40-43-de","19":"first","20":"instock","21":"taxable","22":"shipping-taxable","23":"purchasable","24":"product-type-variable","25":"wvs-archive-product-wrapper"},"acf":[],"yoast_head":"<!-- This site is optimized with the Yoast SEO plugin v26.8 - https:\/\/yoast.com\/product\/yoast-seo-wordpress\/ -->\n<title>Neon Mid Cut socks damen - Laufende Socken - MioMioRun.com<\/title>\n<meta name=\"description\" content=\"Compression Mid Cut Socks mit ihrer stabilisierenden Wirkung! Die Details dieser Kompressionssocken sind nicht weniger beeindruckend.\" \/>\n<meta name=\"robots\" content=\"index, follow, max-snippet:-1, max-image-preview:large, max-video-preview:-1\" \/>\n<link rel=\"canonical\" href=\"https:\/\/www.miomiorun.com\/de\/produkt\/neon-mid-cut-socks-damen\/\" \/>\n<meta property=\"og:locale\" content=\"de_DE\" \/>\n<meta property=\"og:type\" content=\"article\" \/>\n<meta property=\"og:title\" content=\"Neon Mid Cut socks damen - Laufende Socken - MioMioRun.com\" \/>\n<meta property=\"og:description\" content=\"Compression Mid Cut Socks mit ihrer stabilisierenden Wirkung! Die Details dieser Kompressionssocken sind nicht weniger beeindruckend.\" \/>\n<meta property=\"og:url\" content=\"https:\/\/www.miomiorun.com\/de\/produkt\/neon-mid-cut-socks-damen\/\" \/>\n<meta property=\"og:site_name\" content=\"MioMioRun\" \/>\n<meta property=\"article:publisher\" content=\"https:\/\/www.facebook.com\/miomiorun\/\" \/>\n<meta property=\"article:modified_time\" content=\"2024-06-29T09:24:48+00:00\" \/>\n<meta property=\"og:image\" content=\"https:\/\/www.miomiorun.com\/app\/uploads\/2021\/05\/cep-neon-compres.-mid-cut-W-WP2CCG.jpg\" \/>\n\t<meta property=\"og:image:width\" content=\"600\" \/>\n\t<meta property=\"og:image:height\" content=\"600\" \/>\n\t<meta property=\"og:image:type\" content=\"image\/jpeg\" \/>\n<meta name=\"twitter:card\" content=\"summary_large_image\" \/>\n<meta name=\"twitter:label1\" content=\"Est. reading time\" \/>\n\t<meta name=\"twitter:data1\" content=\"1 minute\" \/>\n<script type=\"application\/ld+json\" class=\"yoast-schema-graph\">{\"@context\":\"https:\/\/schema.org\",\"@graph\":[{\"@type\":\"WebPage\",\"@id\":\"https:\/\/www.miomiorun.com\/de\/produkt\/neon-mid-cut-socks-damen\/\",\"url\":\"https:\/\/www.miomiorun.com\/de\/produkt\/neon-mid-cut-socks-damen\/\",\"name\":\"Neon Mid Cut socks damen - Laufende Socken - MioMioRun.com\",\"isPartOf\":{\"@id\":\"https:\/\/www.miomiorun.com\/de\/#website\"},\"primaryImageOfPage\":{\"@id\":\"https:\/\/www.miomiorun.com\/de\/produkt\/neon-mid-cut-socks-damen\/#primaryimage\"},\"image\":{\"@id\":\"https:\/\/www.miomiorun.com\/de\/produkt\/neon-mid-cut-socks-damen\/#primaryimage\"},\"thumbnailUrl\":\"https:\/\/www.miomiorun.com\/app\/uploads\/2021\/05\/cep-neon-compres.-mid-cut-W-WP2CCG.jpg\",\"datePublished\":\"2021-05-22T16:55:50+00:00\",\"dateModified\":\"2024-06-29T09:24:48+00:00\",\"description\":\"Compression Mid Cut Socks mit ihrer stabilisierenden Wirkung! Die Details dieser Kompressionssocken sind nicht weniger beeindruckend.\",\"breadcrumb\":{\"@id\":\"https:\/\/www.miomiorun.com\/de\/produkt\/neon-mid-cut-socks-damen\/#breadcrumb\"},\"inLanguage\":\"de-DE\",\"potentialAction\":[{\"@type\":\"ReadAction\",\"target\":[\"https:\/\/www.miomiorun.com\/de\/produkt\/neon-mid-cut-socks-damen\/\"]}]},{\"@type\":\"ImageObject\",\"inLanguage\":\"de-DE\",\"@id\":\"https:\/\/www.miomiorun.com\/de\/produkt\/neon-mid-cut-socks-damen\/#primaryimage\",\"url\":\"https:\/\/www.miomiorun.com\/app\/uploads\/2021\/05\/cep-neon-compres.-mid-cut-W-WP2CCG.jpg\",\"contentUrl\":\"https:\/\/www.miomiorun.com\/app\/uploads\/2021\/05\/cep-neon-compres.-mid-cut-W-WP2CCG.jpg\",\"width\":600,\"height\":600,\"caption\":\"cep-neon-compres.-mid-cut-W-WP2CCG\"},{\"@type\":\"BreadcrumbList\",\"@id\":\"https:\/\/www.miomiorun.com\/de\/produkt\/neon-mid-cut-socks-damen\/#breadcrumb\",\"itemListElement\":[{\"@type\":\"ListItem\",\"position\":1,\"name\":\"Home\",\"item\":\"https:\/\/www.miomiorun.com\/de\/\"},{\"@type\":\"ListItem\",\"position\":2,\"name\":\"Shop\",\"item\":\"https:\/\/www.miomiorun.com\/shop\/\"},{\"@type\":\"ListItem\",\"position\":3,\"name\":\"Neon Mid Cut socks damen\"}]},{\"@type\":\"WebSite\",\"@id\":\"https:\/\/www.miomiorun.com\/de\/#website\",\"url\":\"https:\/\/www.miomiorun.com\/de\/\",\"name\":\"MioMioRun\",\"description\":\"100% Lauf- und Trailshop\",\"publisher\":{\"@id\":\"https:\/\/www.miomiorun.com\/de\/#organization\"},\"potentialAction\":[{\"@type\":\"SearchAction\",\"target\":{\"@type\":\"EntryPoint\",\"urlTemplate\":\"https:\/\/www.miomiorun.com\/de\/?s={search_term_string}\"},\"query-input\":{\"@type\":\"PropertyValueSpecification\",\"valueRequired\":true,\"valueName\":\"search_term_string\"}}],\"inLanguage\":\"de-DE\"},{\"@type\":\"Organization\",\"@id\":\"https:\/\/www.miomiorun.com\/de\/#organization\",\"name\":\"MioMio Run\",\"url\":\"https:\/\/www.miomiorun.com\/de\/\",\"logo\":{\"@type\":\"ImageObject\",\"inLanguage\":\"de-DE\",\"@id\":\"https:\/\/www.miomiorun.com\/de\/#\/schema\/logo\/image\/\",\"url\":\"https:\/\/www.miomiorun.com\/app\/uploads\/2019\/12\/logomio.png\",\"contentUrl\":\"https:\/\/www.miomiorun.com\/app\/uploads\/2019\/12\/logomio.png\",\"width\":115,\"height\":82,\"caption\":\"MioMio Run\"},\"image\":{\"@id\":\"https:\/\/www.miomiorun.com\/de\/#\/schema\/logo\/image\/\"},\"sameAs\":[\"https:\/\/www.facebook.com\/miomiorun\/\",\"https:\/\/www.instagram.com\/miomiorun\/\"]}]}<\/script>\n<!-- \/ Yoast SEO plugin. -->","yoast_head_json":{"title":"Neon Mid Cut socks damen - Laufende Socken - MioMioRun.com","description":"Compression Mid Cut Socks mit ihrer stabilisierenden Wirkung! Die Details dieser Kompressionssocken sind nicht weniger beeindruckend.","robots":{"index":"index","follow":"follow","max-snippet":"max-snippet:-1","max-image-preview":"max-image-preview:large","max-video-preview":"max-video-preview:-1"},"canonical":"https:\/\/www.miomiorun.com\/de\/produkt\/neon-mid-cut-socks-damen\/","og_locale":"de_DE","og_type":"article","og_title":"Neon Mid Cut socks damen - Laufende Socken - MioMioRun.com","og_description":"Compression Mid Cut Socks mit ihrer stabilisierenden Wirkung! Die Details dieser Kompressionssocken sind nicht weniger beeindruckend.","og_url":"https:\/\/www.miomiorun.com\/de\/produkt\/neon-mid-cut-socks-damen\/","og_site_name":"MioMioRun","article_publisher":"https:\/\/www.facebook.com\/miomiorun\/","article_modified_time":"2024-06-29T09:24:48+00:00","og_image":[{"width":600,"height":600,"url":"https:\/\/www.miomiorun.com\/app\/uploads\/2021\/05\/cep-neon-compres.-mid-cut-W-WP2CCG.jpg","type":"image\/jpeg"}],"twitter_card":"summary_large_image","twitter_misc":{"Est. reading time":"1 minute"},"schema":{"@context":"https:\/\/schema.org","@graph":[{"@type":"WebPage","@id":"https:\/\/www.miomiorun.com\/de\/produkt\/neon-mid-cut-socks-damen\/","url":"https:\/\/www.miomiorun.com\/de\/produkt\/neon-mid-cut-socks-damen\/","name":"Neon Mid Cut socks damen - Laufende Socken - MioMioRun.com","isPartOf":{"@id":"https:\/\/www.miomiorun.com\/de\/#website"},"primaryImageOfPage":{"@id":"https:\/\/www.miomiorun.com\/de\/produkt\/neon-mid-cut-socks-damen\/#primaryimage"},"image":{"@id":"https:\/\/www.miomiorun.com\/de\/produkt\/neon-mid-cut-socks-damen\/#primaryimage"},"thumbnailUrl":"https:\/\/www.miomiorun.com\/app\/uploads\/2021\/05\/cep-neon-compres.-mid-cut-W-WP2CCG.jpg","datePublished":"2021-05-22T16:55:50+00:00","dateModified":"2024-06-29T09:24:48+00:00","description":"Compression Mid Cut Socks mit ihrer stabilisierenden Wirkung! Die Details dieser Kompressionssocken sind nicht weniger beeindruckend.","breadcrumb":{"@id":"https:\/\/www.miomiorun.com\/de\/produkt\/neon-mid-cut-socks-damen\/#breadcrumb"},"inLanguage":"de-DE","potentialAction":[{"@type":"ReadAction","target":["https:\/\/www.miomiorun.com\/de\/produkt\/neon-mid-cut-socks-damen\/"]}]},{"@type":"ImageObject","inLanguage":"de-DE","@id":"https:\/\/www.miomiorun.com\/de\/produkt\/neon-mid-cut-socks-damen\/#primaryimage","url":"https:\/\/www.miomiorun.com\/app\/uploads\/2021\/05\/cep-neon-compres.-mid-cut-W-WP2CCG.jpg","contentUrl":"https:\/\/www.miomiorun.com\/app\/uploads\/2021\/05\/cep-neon-compres.-mid-cut-W-WP2CCG.jpg","width":600,"height":600,"caption":"cep-neon-compres.-mid-cut-W-WP2CCG"},{"@type":"BreadcrumbList","@id":"https:\/\/www.miomiorun.com\/de\/produkt\/neon-mid-cut-socks-damen\/#breadcrumb","itemListElement":[{"@type":"ListItem","position":1,"name":"Home","item":"https:\/\/www.miomiorun.com\/de\/"},{"@type":"ListItem","position":2,"name":"Shop","item":"https:\/\/www.miomiorun.com\/shop\/"},{"@type":"ListItem","position":3,"name":"Neon Mid Cut socks damen"}]},{"@type":"WebSite","@id":"https:\/\/www.miomiorun.com\/de\/#website","url":"https:\/\/www.miomiorun.com\/de\/","name":"MioMioRun","description":"100% Lauf- und Trailshop","publisher":{"@id":"https:\/\/www.miomiorun.com\/de\/#organization"},"potentialAction":[{"@type":"SearchAction","target":{"@type":"EntryPoint","urlTemplate":"https:\/\/www.miomiorun.com\/de\/?s={search_term_string}"},"query-input":{"@type":"PropertyValueSpecification","valueRequired":true,"valueName":"search_term_string"}}],"inLanguage":"de-DE"},{"@type":"Organization","@id":"https:\/\/www.miomiorun.com\/de\/#organization","name":"MioMio Run","url":"https:\/\/www.miomiorun.com\/de\/","logo":{"@type":"ImageObject","inLanguage":"de-DE","@id":"https:\/\/www.miomiorun.com\/de\/#\/schema\/logo\/image\/","url":"https:\/\/www.miomiorun.com\/app\/uploads\/2019\/12\/logomio.png","contentUrl":"https:\/\/www.miomiorun.com\/app\/uploads\/2019\/12\/logomio.png","width":115,"height":82,"caption":"MioMio Run"},"image":{"@id":"https:\/\/www.miomiorun.com\/de\/#\/schema\/logo\/image\/"},"sameAs":["https:\/\/www.facebook.com\/miomiorun\/","https:\/\/www.instagram.com\/miomiorun\/"]}]}},"_links":{"self":[{"href":"https:\/\/www.miomiorun.com\/de\/wp-json\/wp\/v2\/product\/176601","targetHints":{"allow":["GET"]}}],"collection":[{"href":"https:\/\/www.miomiorun.com\/de\/wp-json\/wp\/v2\/product"}],"about":[{"href":"https:\/\/www.miomiorun.com\/de\/wp-json\/wp\/v2\/types\/product"}],"wp:featuredmedia":[{"embeddable":true,"href":"https:\/\/www.miomiorun.com\/de\/wp-json\/wp\/v2\/media\/55813"}],"wp:attachment":[{"href":"https:\/\/www.miomiorun.com\/de\/wp-json\/wp\/v2\/media?parent=176601"}],"wp:term":[{"taxonomy":"product_brand","embeddable":true,"href":"https:\/\/www.miomiorun.com\/de\/wp-json\/wp\/v2\/product_brand?post=176601"},{"taxonomy":"product_cat","embeddable":true,"href":"https:\/\/www.miomiorun.com\/de\/wp-json\/wp\/v2\/product_cat?post=176601"},{"taxonomy":"product_tag","embeddable":true,"href":"https:\/\/www.miomiorun.com\/de\/wp-json\/wp\/v2\/product_tag?post=176601"}],"curies":[{"name":"wp","href":"https:\/\/api.w.org\/{rel}","templated":true}]}}