{"id":176599,"date":"2021-05-22T19:25:47","date_gmt":"2021-05-22T17:25:47","guid":{"rendered":"https:\/\/miomiorun.com\/prodotto\/cep-business-socks-donna\/"},"modified":"2024-06-29T11:30:41","modified_gmt":"2024-06-29T09:30:41","slug":"business-socks-damen","status":"publish","type":"product","link":"https:\/\/www.miomiorun.com\/de\/produkt\/business-socks-damen\/","title":{"rendered":"Business Socks damen"},"content":{"rendered":"<p>Die Women&#8217;s <strong>Business Compression<\/strong> Socks regen die Durchblutung an und sorgen daf\u00fcr, dass Ihre m\u00fcden Muskeln mit nahrhaftem Blut versorgt werden. Langes Sitzen verst\u00e4rkt das Gef\u00fchl von m\u00fcden Beinen und die Compression Socks helfen Ihnen dabei. Deshalb passen die Socken sehr gut zu Ihrem Arbeitsoutfit.<\/p>\n<p><strong>Optimal eingesetzte Kompressionstechnologie f\u00fcr Fu\u00dffrische<\/strong><\/p>\n<p>Das bekannte Compression Medium der Damensocken wirkt entlang der F\u00fc\u00dfe und Waden. Der von den Kompressionssocken ausge\u00fcbte Druck f\u00f6rdert die Kapillarzirkulation, den Sauerstofftransport und den N\u00e4hrstoffaustausch. Mit den Business Socks f\u00fchlen sich Ihre Beine den ganzen Tag \u00fcber frisch und leicht an.<\/p>\n<p>&nbsp;<\/p>\n<p><strong>D\u00fcnner Stoff f\u00fcr maximalen Komfort ohne l\u00e4stiges Verrutschen<\/strong><\/p>\n<p>Der Mix aus hochwertigen Materialien sorgt f\u00fcr maximalen Komfort: Die Arbeitssocken verrutschen nicht und werfen keine Falten. So k\u00f6nnen sich keine Blasen bilden und Ihre F\u00fc\u00dfe f\u00fchlen sich dank der anatomischen Passform wohl.<\/p>\n<p><strong>Atmungsaktive Baumwolle zur Regulierung des Fu\u00dfklimas<\/strong><\/p>\n<p>Atmungsaktive Baumwolle erm\u00f6glicht eine optimale Regulierung des Fu\u00dfklimas: Ihre F\u00fc\u00dfe bleiben trocken und schwitzen nicht.<\/p>\n<p>Mit den CEP Business Compression Socks unterst\u00fctzen Sie Ihre F\u00fc\u00dfe beim Regenerationsprozess. Die Socken sind ideal f\u00fcr Frauen, die bei der Arbeit lange sitzen oder stehen. Entscheiden Sie sich f\u00fcr die stylischen Business-Socken mit innovativen Features!<\/p>\n<p>&nbsp;<\/p>\n<p><strong>PRODUKTMERKMALE:<\/strong><\/p>\n<ul>\n<li>Der Mix aus hochwertigen Materialien in Verbindung mit der anatomischen Passform maximiert den Komfort im Arbeitsalltag, auf Reisen und beim Sport.<\/li>\n<li>Durch die verst\u00e4rkte Ausleitung von Giftstoffen macht medi compression Ihre Muskeln bei der Regeneration nach der Anstrengung aktiv.<\/li>\n<li>Die gezielte Kompressionstechnologie aktiviert die Durchblutung und Sauerstoffversorgung der Beinmuskulatur &#8211; f\u00fcr ein angenehm k\u00fchles Gef\u00fchl den ganzen Tag lang.<\/li>\n<\/ul>\n<p><strong>Materialien:<\/strong> 78 % Polyamid, 13 % Elasthan, 9 % Baumwolle<\/p>\n<p>&nbsp;<\/p>\n","protected":false},"excerpt":{"rendered":"<p><span style=\"font-weight: 400;\">Optimierte Kn\u00f6chelstabilit\u00e4t. SMART DRY Garn sorgt f\u00fcr ein verbessertes Feuchtigkeits- und Temperaturmanagement.<\/span><\/p>\n","protected":false},"featured_media":55823,"template":"","meta":{"_acf_changed":false,"inline_featured_image":false},"product_brand":[],"product_cat":[6400,6401,6402],"product_tag":[3408,6210],"class_list":{"0":"post-176599","1":"product","2":"type-product","3":"status-publish","4":"has-post-thumbnail","6":"product_cat-damen","7":"product_cat-damenbekleidung","8":"product_cat-damensocken-de","9":"product_tag-cep-de","10":"product_tag-cep-damen-de","11":"pa_attivita-gehen","12":"pa_attivita-lifestyle-de","13":"pa_circonferenza-polpaccio-32-38-de","14":"pa_circonferenza-polpaccio-39-44-de","15":"pa_marca-cep-de","16":"pa_sesso-damen","18":"first","19":"instock","20":"sale","21":"taxable","22":"shipping-taxable","23":"purchasable","24":"product-type-variable","25":"wvs-archive-product-wrapper"},"acf":[],"yoast_head":"<!-- This site is optimized with the Yoast SEO plugin v26.8 - https:\/\/yoast.com\/product\/yoast-seo-wordpress\/ -->\n<title>Business Socks damen - Laufende Socken - MioMioRun.com<\/title>\n<meta name=\"description\" content=\"Die Women&#039;s Business Compression Socks regen die Durchblutung an und sorgen effektiv f\u00fcr eine n\u00e4hrstoffreiche Blutversorgung.\" \/>\n<meta name=\"robots\" content=\"index, follow, max-snippet:-1, max-image-preview:large, max-video-preview:-1\" \/>\n<link rel=\"canonical\" href=\"https:\/\/www.miomiorun.com\/de\/produkt\/business-socks-damen\/\" \/>\n<meta property=\"og:locale\" content=\"de_DE\" \/>\n<meta property=\"og:type\" content=\"article\" \/>\n<meta property=\"og:title\" content=\"Business Socks damen - Laufende Socken - MioMioRun.com\" \/>\n<meta property=\"og:description\" content=\"Die Women&#039;s Business Compression Socks regen die Durchblutung an und sorgen effektiv f\u00fcr eine n\u00e4hrstoffreiche Blutversorgung.\" \/>\n<meta property=\"og:url\" content=\"https:\/\/www.miomiorun.com\/de\/produkt\/business-socks-damen\/\" \/>\n<meta property=\"og:site_name\" content=\"MioMioRun\" \/>\n<meta property=\"article:publisher\" content=\"https:\/\/www.facebook.com\/miomiorun\/\" \/>\n<meta property=\"article:modified_time\" content=\"2024-06-29T09:30:41+00:00\" \/>\n<meta property=\"og:image\" content=\"https:\/\/www.miomiorun.com\/app\/uploads\/2021\/05\/cep-business-socks-WP405E.jpg\" \/>\n\t<meta property=\"og:image:width\" content=\"600\" \/>\n\t<meta property=\"og:image:height\" content=\"600\" \/>\n\t<meta property=\"og:image:type\" content=\"image\/jpeg\" \/>\n<meta name=\"twitter:card\" content=\"summary_large_image\" \/>\n<meta name=\"twitter:label1\" content=\"Est. reading time\" \/>\n\t<meta name=\"twitter:data1\" content=\"1 minute\" \/>\n<script type=\"application\/ld+json\" class=\"yoast-schema-graph\">{\"@context\":\"https:\/\/schema.org\",\"@graph\":[{\"@type\":\"WebPage\",\"@id\":\"https:\/\/www.miomiorun.com\/de\/produkt\/business-socks-damen\/\",\"url\":\"https:\/\/www.miomiorun.com\/de\/produkt\/business-socks-damen\/\",\"name\":\"Business Socks damen - Laufende Socken - MioMioRun.com\",\"isPartOf\":{\"@id\":\"https:\/\/www.miomiorun.com\/de\/#website\"},\"primaryImageOfPage\":{\"@id\":\"https:\/\/www.miomiorun.com\/de\/produkt\/business-socks-damen\/#primaryimage\"},\"image\":{\"@id\":\"https:\/\/www.miomiorun.com\/de\/produkt\/business-socks-damen\/#primaryimage\"},\"thumbnailUrl\":\"https:\/\/www.miomiorun.com\/app\/uploads\/2021\/05\/cep-business-socks-WP405E.jpg\",\"datePublished\":\"2021-05-22T17:25:47+00:00\",\"dateModified\":\"2024-06-29T09:30:41+00:00\",\"description\":\"Die Women's Business Compression Socks regen die Durchblutung an und sorgen effektiv f\u00fcr eine n\u00e4hrstoffreiche Blutversorgung.\",\"breadcrumb\":{\"@id\":\"https:\/\/www.miomiorun.com\/de\/produkt\/business-socks-damen\/#breadcrumb\"},\"inLanguage\":\"de-DE\",\"potentialAction\":[{\"@type\":\"ReadAction\",\"target\":[\"https:\/\/www.miomiorun.com\/de\/produkt\/business-socks-damen\/\"]}]},{\"@type\":\"ImageObject\",\"inLanguage\":\"de-DE\",\"@id\":\"https:\/\/www.miomiorun.com\/de\/produkt\/business-socks-damen\/#primaryimage\",\"url\":\"https:\/\/www.miomiorun.com\/app\/uploads\/2021\/05\/cep-business-socks-WP405E.jpg\",\"contentUrl\":\"https:\/\/www.miomiorun.com\/app\/uploads\/2021\/05\/cep-business-socks-WP405E.jpg\",\"width\":600,\"height\":600,\"caption\":\"cep-business-socks-WP405E\"},{\"@type\":\"BreadcrumbList\",\"@id\":\"https:\/\/www.miomiorun.com\/de\/produkt\/business-socks-damen\/#breadcrumb\",\"itemListElement\":[{\"@type\":\"ListItem\",\"position\":1,\"name\":\"Home\",\"item\":\"https:\/\/www.miomiorun.com\/de\/\"},{\"@type\":\"ListItem\",\"position\":2,\"name\":\"Shop\",\"item\":\"https:\/\/www.miomiorun.com\/shop\/\"},{\"@type\":\"ListItem\",\"position\":3,\"name\":\"Business Socks damen\"}]},{\"@type\":\"WebSite\",\"@id\":\"https:\/\/www.miomiorun.com\/de\/#website\",\"url\":\"https:\/\/www.miomiorun.com\/de\/\",\"name\":\"MioMioRun\",\"description\":\"100% Lauf- und Trailshop\",\"publisher\":{\"@id\":\"https:\/\/www.miomiorun.com\/de\/#organization\"},\"potentialAction\":[{\"@type\":\"SearchAction\",\"target\":{\"@type\":\"EntryPoint\",\"urlTemplate\":\"https:\/\/www.miomiorun.com\/de\/?s={search_term_string}\"},\"query-input\":{\"@type\":\"PropertyValueSpecification\",\"valueRequired\":true,\"valueName\":\"search_term_string\"}}],\"inLanguage\":\"de-DE\"},{\"@type\":\"Organization\",\"@id\":\"https:\/\/www.miomiorun.com\/de\/#organization\",\"name\":\"MioMio Run\",\"url\":\"https:\/\/www.miomiorun.com\/de\/\",\"logo\":{\"@type\":\"ImageObject\",\"inLanguage\":\"de-DE\",\"@id\":\"https:\/\/www.miomiorun.com\/de\/#\/schema\/logo\/image\/\",\"url\":\"https:\/\/www.miomiorun.com\/app\/uploads\/2019\/12\/logomio.png\",\"contentUrl\":\"https:\/\/www.miomiorun.com\/app\/uploads\/2019\/12\/logomio.png\",\"width\":115,\"height\":82,\"caption\":\"MioMio Run\"},\"image\":{\"@id\":\"https:\/\/www.miomiorun.com\/de\/#\/schema\/logo\/image\/\"},\"sameAs\":[\"https:\/\/www.facebook.com\/miomiorun\/\",\"https:\/\/www.instagram.com\/miomiorun\/\"]}]}<\/script>\n<!-- \/ Yoast SEO plugin. -->","yoast_head_json":{"title":"Business Socks damen - Laufende Socken - MioMioRun.com","description":"Die Women's Business Compression Socks regen die Durchblutung an und sorgen effektiv f\u00fcr eine n\u00e4hrstoffreiche Blutversorgung.","robots":{"index":"index","follow":"follow","max-snippet":"max-snippet:-1","max-image-preview":"max-image-preview:large","max-video-preview":"max-video-preview:-1"},"canonical":"https:\/\/www.miomiorun.com\/de\/produkt\/business-socks-damen\/","og_locale":"de_DE","og_type":"article","og_title":"Business Socks damen - Laufende Socken - MioMioRun.com","og_description":"Die Women's Business Compression Socks regen die Durchblutung an und sorgen effektiv f\u00fcr eine n\u00e4hrstoffreiche Blutversorgung.","og_url":"https:\/\/www.miomiorun.com\/de\/produkt\/business-socks-damen\/","og_site_name":"MioMioRun","article_publisher":"https:\/\/www.facebook.com\/miomiorun\/","article_modified_time":"2024-06-29T09:30:41+00:00","og_image":[{"width":600,"height":600,"url":"https:\/\/www.miomiorun.com\/app\/uploads\/2021\/05\/cep-business-socks-WP405E.jpg","type":"image\/jpeg"}],"twitter_card":"summary_large_image","twitter_misc":{"Est. reading time":"1 minute"},"schema":{"@context":"https:\/\/schema.org","@graph":[{"@type":"WebPage","@id":"https:\/\/www.miomiorun.com\/de\/produkt\/business-socks-damen\/","url":"https:\/\/www.miomiorun.com\/de\/produkt\/business-socks-damen\/","name":"Business Socks damen - Laufende Socken - MioMioRun.com","isPartOf":{"@id":"https:\/\/www.miomiorun.com\/de\/#website"},"primaryImageOfPage":{"@id":"https:\/\/www.miomiorun.com\/de\/produkt\/business-socks-damen\/#primaryimage"},"image":{"@id":"https:\/\/www.miomiorun.com\/de\/produkt\/business-socks-damen\/#primaryimage"},"thumbnailUrl":"https:\/\/www.miomiorun.com\/app\/uploads\/2021\/05\/cep-business-socks-WP405E.jpg","datePublished":"2021-05-22T17:25:47+00:00","dateModified":"2024-06-29T09:30:41+00:00","description":"Die Women's Business Compression Socks regen die Durchblutung an und sorgen effektiv f\u00fcr eine n\u00e4hrstoffreiche Blutversorgung.","breadcrumb":{"@id":"https:\/\/www.miomiorun.com\/de\/produkt\/business-socks-damen\/#breadcrumb"},"inLanguage":"de-DE","potentialAction":[{"@type":"ReadAction","target":["https:\/\/www.miomiorun.com\/de\/produkt\/business-socks-damen\/"]}]},{"@type":"ImageObject","inLanguage":"de-DE","@id":"https:\/\/www.miomiorun.com\/de\/produkt\/business-socks-damen\/#primaryimage","url":"https:\/\/www.miomiorun.com\/app\/uploads\/2021\/05\/cep-business-socks-WP405E.jpg","contentUrl":"https:\/\/www.miomiorun.com\/app\/uploads\/2021\/05\/cep-business-socks-WP405E.jpg","width":600,"height":600,"caption":"cep-business-socks-WP405E"},{"@type":"BreadcrumbList","@id":"https:\/\/www.miomiorun.com\/de\/produkt\/business-socks-damen\/#breadcrumb","itemListElement":[{"@type":"ListItem","position":1,"name":"Home","item":"https:\/\/www.miomiorun.com\/de\/"},{"@type":"ListItem","position":2,"name":"Shop","item":"https:\/\/www.miomiorun.com\/shop\/"},{"@type":"ListItem","position":3,"name":"Business Socks damen"}]},{"@type":"WebSite","@id":"https:\/\/www.miomiorun.com\/de\/#website","url":"https:\/\/www.miomiorun.com\/de\/","name":"MioMioRun","description":"100% Lauf- und Trailshop","publisher":{"@id":"https:\/\/www.miomiorun.com\/de\/#organization"},"potentialAction":[{"@type":"SearchAction","target":{"@type":"EntryPoint","urlTemplate":"https:\/\/www.miomiorun.com\/de\/?s={search_term_string}"},"query-input":{"@type":"PropertyValueSpecification","valueRequired":true,"valueName":"search_term_string"}}],"inLanguage":"de-DE"},{"@type":"Organization","@id":"https:\/\/www.miomiorun.com\/de\/#organization","name":"MioMio Run","url":"https:\/\/www.miomiorun.com\/de\/","logo":{"@type":"ImageObject","inLanguage":"de-DE","@id":"https:\/\/www.miomiorun.com\/de\/#\/schema\/logo\/image\/","url":"https:\/\/www.miomiorun.com\/app\/uploads\/2019\/12\/logomio.png","contentUrl":"https:\/\/www.miomiorun.com\/app\/uploads\/2019\/12\/logomio.png","width":115,"height":82,"caption":"MioMio Run"},"image":{"@id":"https:\/\/www.miomiorun.com\/de\/#\/schema\/logo\/image\/"},"sameAs":["https:\/\/www.facebook.com\/miomiorun\/","https:\/\/www.instagram.com\/miomiorun\/"]}]}},"_links":{"self":[{"href":"https:\/\/www.miomiorun.com\/de\/wp-json\/wp\/v2\/product\/176599","targetHints":{"allow":["GET"]}}],"collection":[{"href":"https:\/\/www.miomiorun.com\/de\/wp-json\/wp\/v2\/product"}],"about":[{"href":"https:\/\/www.miomiorun.com\/de\/wp-json\/wp\/v2\/types\/product"}],"wp:featuredmedia":[{"embeddable":true,"href":"https:\/\/www.miomiorun.com\/de\/wp-json\/wp\/v2\/media\/55823"}],"wp:attachment":[{"href":"https:\/\/www.miomiorun.com\/de\/wp-json\/wp\/v2\/media?parent=176599"}],"wp:term":[{"taxonomy":"product_brand","embeddable":true,"href":"https:\/\/www.miomiorun.com\/de\/wp-json\/wp\/v2\/product_brand?post=176599"},{"taxonomy":"product_cat","embeddable":true,"href":"https:\/\/www.miomiorun.com\/de\/wp-json\/wp\/v2\/product_cat?post=176599"},{"taxonomy":"product_tag","embeddable":true,"href":"https:\/\/www.miomiorun.com\/de\/wp-json\/wp\/v2\/product_tag?post=176599"}],"curies":[{"name":"wp","href":"https:\/\/api.w.org\/{rel}","templated":true}]}}