{"id":176597,"date":"2021-05-25T12:21:32","date_gmt":"2021-05-25T10:21:32","guid":{"rendered":"https:\/\/miomiorun.com\/prodotto\/cep-recovery-pro-socks-donna\/"},"modified":"2024-06-29T11:35:43","modified_gmt":"2024-06-29T09:35:43","slug":"recovery-pro-socks-damen","status":"publish","type":"product","link":"https:\/\/www.miomiorun.com\/de\/produkt\/recovery-pro-socks-damen\/","title":{"rendered":"Recovery Pro Socks damen"},"content":{"rendered":"<p>Mit den <strong>Recovery Pro Compression<\/strong> Socks gehen Sie beim Training an Ihre Grenzen. Die gezielte medi compression optimiert Ihre Leistung und sorgt f\u00fcr eine schnellere Erholung. So k\u00f6nnen Sie nach dem Training bequem einen Shopping-Nachmittag oder einen Abend in der Disco in Angriff nehmen. Der innovative Materialmix sorgt f\u00fcr ein hervorragendes Tragegef\u00fchl und eine perfekte Passform, die Sie auch in Ihrer Freizeit sp\u00fcren, wenn Sie nicht trainieren.<\/p>\n<p><strong>Gezielte Kompression f\u00fcr bessere Durchblutung<\/strong><\/p>\n<p>Die Recovery Pro Compression Socks f\u00fcr Frauen \u00fcben dank des eng anliegenden Schnitts mit leichter Kompression gezielten Druck aus, der den Sauerstofftransport und die Durchblutung anregt. Ihre Muskeln werden optimal mit N\u00e4hrstoffen versorgt und Sie halten bei sportlichen Herausforderungen und im Alltag l\u00e4nger durch. Auch auf Reisen sind die Recovery Pro Compression Socks ein idealer Partner, der die Beine auch auf Langstreckenfl\u00fcgen frisch und leicht h\u00e4lt.<\/p>\n<p>&nbsp;<\/p>\n<h2>Innovative Materialien f\u00fcr mehr Komfort<\/h2>\n<p>Der Mix aus Polyamid und einem hohen Elasthananteil sorgt f\u00fcr k\u00fchle, angenehme F\u00fc\u00dfe auch an langen Tagen und bei intensiven Trainingseinheiten. Die Socken schmiegen sich wie eine zweite Haut um Ihre F\u00fc\u00dfe und Beine. Blasen und Druckstellen ade!<\/p>\n<p>Leichte Erholung &#8211; mit den Recovery Pro Compression Socks f\u00fcr Frauen<\/p>\n<p>Nach einem intensiven Training brauchen Sie eine Pause. Die mittlere Kompression verk\u00fcrzt die Erholungszeit durch eine verbesserte N\u00e4hrstoffversorgung und unterst\u00fctzt den Erholungsprozess bereits w\u00e4hrend des Trainings. Das n\u00e4chste Workout steht vor der T\u00fcr!<\/p>\n<p>Mit den Recovery Pro Compression Socks f\u00fcr Frauen gehen Sie auf Wolken: mit ultraleichten F\u00fc\u00dfen und frischen Beinen.<\/p>\n<p>&nbsp;<\/p>\n<p><strong>Produktmerkmale:<\/strong><\/p>\n<ul>\n<li>Erholen Sie sich schneller nach intensiver Anstrengung durch verst\u00e4rkte Ausscheidung von Giftstoffen.<\/li>\n<li>Genie\u00dfen Sie hohen Komfort durch die anatomische Passform und den hochwertigen Materialmix.<\/li>\n<li>Der sanfte Druck verbessert die Durchblutung und sorgt f\u00fcr stets frische Beine.<\/li>\n<\/ul>\n<p><strong>Material:<\/strong> 63 % Polyamid, 37 % Elasthan<\/p>\n<p>&nbsp;<\/p>\n","protected":false},"excerpt":{"rendered":"<p>Mit den Recovery Pro Compression Socks gehen Sie beim Training an Ihre Grenzen. Die gezielte medi compression optimiert Ihre Leistung und sorgt f\u00fcr eine schnellere Erholung. So k\u00f6nnen Sie nach dem Training bequem einen Shopping-Nachmittag oder einen Abend in der Disco in Angriff nehmen. Der innovative Materialmix sorgt f\u00fcr ein hervorragendes Tragegef\u00fchl und eine perfekte &hellip; <a href=\"https:\/\/www.miomiorun.com\/de\/produkt\/recovery-pro-socks-damen\/\">Continued<\/a><\/p>\n","protected":false},"featured_media":55825,"template":"","meta":{"_acf_changed":false,"inline_featured_image":false},"product_brand":[],"product_cat":[6400,6401,6402],"product_tag":[3408,6210],"class_list":{"0":"post-176597","1":"product","2":"type-product","3":"status-publish","4":"has-post-thumbnail","6":"product_cat-damen","7":"product_cat-damenbekleidung","8":"product_cat-damensocken-de","9":"product_tag-cep-de","10":"product_tag-cep-damen-de","11":"pa_attivita-gehen","12":"pa_attivita-lifestyle-de","13":"pa_circonferenza-polpaccio-32-38-de","14":"pa_circonferenza-polpaccio-39-44-de","15":"pa_marca-cep-de","16":"pa_sesso-damen","18":"first","19":"instock","20":"sale","21":"taxable","22":"shipping-taxable","23":"purchasable","24":"product-type-variable","25":"wvs-archive-product-wrapper"},"acf":[],"yoast_head":"<!-- This site is optimized with the Yoast SEO plugin v26.8 - https:\/\/yoast.com\/product\/yoast-seo-wordpress\/ -->\n<title>CepRecovery Pro Socks damen - Lauf-Socken - MioMioRun<\/title>\n<meta name=\"description\" content=\"Mit den Recovery Pro Compression Socks k\u00f6nnen Sie beim Training an Ihre Grenzen gehen. Sie erm\u00f6glichen es Ihnen, Ihre Leistung zu verbessern.\" \/>\n<meta name=\"robots\" content=\"index, follow, max-snippet:-1, max-image-preview:large, max-video-preview:-1\" \/>\n<link rel=\"canonical\" href=\"https:\/\/www.miomiorun.com\/de\/produkt\/recovery-pro-socks-damen\/\" \/>\n<meta property=\"og:locale\" content=\"de_DE\" \/>\n<meta property=\"og:type\" content=\"article\" \/>\n<meta property=\"og:title\" content=\"CepRecovery Pro Socks damen - Lauf-Socken - MioMioRun\" \/>\n<meta property=\"og:description\" content=\"Mit den Recovery Pro Compression Socks k\u00f6nnen Sie beim Training an Ihre Grenzen gehen. Sie erm\u00f6glichen es Ihnen, Ihre Leistung zu verbessern.\" \/>\n<meta property=\"og:url\" content=\"https:\/\/www.miomiorun.com\/de\/produkt\/recovery-pro-socks-damen\/\" \/>\n<meta property=\"og:site_name\" content=\"MioMioRun\" \/>\n<meta property=\"article:publisher\" content=\"https:\/\/www.facebook.com\/miomiorun\/\" \/>\n<meta property=\"article:modified_time\" content=\"2024-06-29T09:35:43+00:00\" \/>\n<meta property=\"og:image\" content=\"https:\/\/www.miomiorun.com\/app\/uploads\/2021\/05\/cep-socks-for-recovery-pro-WP405T.jpg\" \/>\n\t<meta property=\"og:image:width\" content=\"600\" \/>\n\t<meta property=\"og:image:height\" content=\"600\" \/>\n\t<meta property=\"og:image:type\" content=\"image\/jpeg\" \/>\n<meta name=\"twitter:card\" content=\"summary_large_image\" \/>\n<meta name=\"twitter:label1\" content=\"Est. reading time\" \/>\n\t<meta name=\"twitter:data1\" content=\"2 minutes\" \/>\n<script type=\"application\/ld+json\" class=\"yoast-schema-graph\">{\"@context\":\"https:\/\/schema.org\",\"@graph\":[{\"@type\":\"WebPage\",\"@id\":\"https:\/\/www.miomiorun.com\/de\/produkt\/recovery-pro-socks-damen\/\",\"url\":\"https:\/\/www.miomiorun.com\/de\/produkt\/recovery-pro-socks-damen\/\",\"name\":\"CepRecovery Pro Socks damen - Lauf-Socken - MioMioRun\",\"isPartOf\":{\"@id\":\"https:\/\/www.miomiorun.com\/de\/#website\"},\"primaryImageOfPage\":{\"@id\":\"https:\/\/www.miomiorun.com\/de\/produkt\/recovery-pro-socks-damen\/#primaryimage\"},\"image\":{\"@id\":\"https:\/\/www.miomiorun.com\/de\/produkt\/recovery-pro-socks-damen\/#primaryimage\"},\"thumbnailUrl\":\"https:\/\/www.miomiorun.com\/app\/uploads\/2021\/05\/cep-socks-for-recovery-pro-WP405T.jpg\",\"datePublished\":\"2021-05-25T10:21:32+00:00\",\"dateModified\":\"2024-06-29T09:35:43+00:00\",\"description\":\"Mit den Recovery Pro Compression Socks k\u00f6nnen Sie beim Training an Ihre Grenzen gehen. Sie erm\u00f6glichen es Ihnen, Ihre Leistung zu verbessern.\",\"breadcrumb\":{\"@id\":\"https:\/\/www.miomiorun.com\/de\/produkt\/recovery-pro-socks-damen\/#breadcrumb\"},\"inLanguage\":\"de-DE\",\"potentialAction\":[{\"@type\":\"ReadAction\",\"target\":[\"https:\/\/www.miomiorun.com\/de\/produkt\/recovery-pro-socks-damen\/\"]}]},{\"@type\":\"ImageObject\",\"inLanguage\":\"de-DE\",\"@id\":\"https:\/\/www.miomiorun.com\/de\/produkt\/recovery-pro-socks-damen\/#primaryimage\",\"url\":\"https:\/\/www.miomiorun.com\/app\/uploads\/2021\/05\/cep-socks-for-recovery-pro-WP405T.jpg\",\"contentUrl\":\"https:\/\/www.miomiorun.com\/app\/uploads\/2021\/05\/cep-socks-for-recovery-pro-WP405T.jpg\",\"width\":600,\"height\":600,\"caption\":\"cep-socks-for-recovery-pro-WP405T\"},{\"@type\":\"BreadcrumbList\",\"@id\":\"https:\/\/www.miomiorun.com\/de\/produkt\/recovery-pro-socks-damen\/#breadcrumb\",\"itemListElement\":[{\"@type\":\"ListItem\",\"position\":1,\"name\":\"Home\",\"item\":\"https:\/\/www.miomiorun.com\/de\/\"},{\"@type\":\"ListItem\",\"position\":2,\"name\":\"Shop\",\"item\":\"https:\/\/www.miomiorun.com\/shop\/\"},{\"@type\":\"ListItem\",\"position\":3,\"name\":\"Recovery Pro Socks damen\"}]},{\"@type\":\"WebSite\",\"@id\":\"https:\/\/www.miomiorun.com\/de\/#website\",\"url\":\"https:\/\/www.miomiorun.com\/de\/\",\"name\":\"MioMioRun\",\"description\":\"100% Lauf- und Trailshop\",\"publisher\":{\"@id\":\"https:\/\/www.miomiorun.com\/de\/#organization\"},\"potentialAction\":[{\"@type\":\"SearchAction\",\"target\":{\"@type\":\"EntryPoint\",\"urlTemplate\":\"https:\/\/www.miomiorun.com\/de\/?s={search_term_string}\"},\"query-input\":{\"@type\":\"PropertyValueSpecification\",\"valueRequired\":true,\"valueName\":\"search_term_string\"}}],\"inLanguage\":\"de-DE\"},{\"@type\":\"Organization\",\"@id\":\"https:\/\/www.miomiorun.com\/de\/#organization\",\"name\":\"MioMio Run\",\"url\":\"https:\/\/www.miomiorun.com\/de\/\",\"logo\":{\"@type\":\"ImageObject\",\"inLanguage\":\"de-DE\",\"@id\":\"https:\/\/www.miomiorun.com\/de\/#\/schema\/logo\/image\/\",\"url\":\"https:\/\/www.miomiorun.com\/app\/uploads\/2019\/12\/logomio.png\",\"contentUrl\":\"https:\/\/www.miomiorun.com\/app\/uploads\/2019\/12\/logomio.png\",\"width\":115,\"height\":82,\"caption\":\"MioMio Run\"},\"image\":{\"@id\":\"https:\/\/www.miomiorun.com\/de\/#\/schema\/logo\/image\/\"},\"sameAs\":[\"https:\/\/www.facebook.com\/miomiorun\/\",\"https:\/\/www.instagram.com\/miomiorun\/\"]}]}<\/script>\n<!-- \/ Yoast SEO plugin. -->","yoast_head_json":{"title":"CepRecovery Pro Socks damen - Lauf-Socken - MioMioRun","description":"Mit den Recovery Pro Compression Socks k\u00f6nnen Sie beim Training an Ihre Grenzen gehen. Sie erm\u00f6glichen es Ihnen, Ihre Leistung zu verbessern.","robots":{"index":"index","follow":"follow","max-snippet":"max-snippet:-1","max-image-preview":"max-image-preview:large","max-video-preview":"max-video-preview:-1"},"canonical":"https:\/\/www.miomiorun.com\/de\/produkt\/recovery-pro-socks-damen\/","og_locale":"de_DE","og_type":"article","og_title":"CepRecovery Pro Socks damen - Lauf-Socken - MioMioRun","og_description":"Mit den Recovery Pro Compression Socks k\u00f6nnen Sie beim Training an Ihre Grenzen gehen. Sie erm\u00f6glichen es Ihnen, Ihre Leistung zu verbessern.","og_url":"https:\/\/www.miomiorun.com\/de\/produkt\/recovery-pro-socks-damen\/","og_site_name":"MioMioRun","article_publisher":"https:\/\/www.facebook.com\/miomiorun\/","article_modified_time":"2024-06-29T09:35:43+00:00","og_image":[{"width":600,"height":600,"url":"https:\/\/www.miomiorun.com\/app\/uploads\/2021\/05\/cep-socks-for-recovery-pro-WP405T.jpg","type":"image\/jpeg"}],"twitter_card":"summary_large_image","twitter_misc":{"Est. reading time":"2 minutes"},"schema":{"@context":"https:\/\/schema.org","@graph":[{"@type":"WebPage","@id":"https:\/\/www.miomiorun.com\/de\/produkt\/recovery-pro-socks-damen\/","url":"https:\/\/www.miomiorun.com\/de\/produkt\/recovery-pro-socks-damen\/","name":"CepRecovery Pro Socks damen - Lauf-Socken - MioMioRun","isPartOf":{"@id":"https:\/\/www.miomiorun.com\/de\/#website"},"primaryImageOfPage":{"@id":"https:\/\/www.miomiorun.com\/de\/produkt\/recovery-pro-socks-damen\/#primaryimage"},"image":{"@id":"https:\/\/www.miomiorun.com\/de\/produkt\/recovery-pro-socks-damen\/#primaryimage"},"thumbnailUrl":"https:\/\/www.miomiorun.com\/app\/uploads\/2021\/05\/cep-socks-for-recovery-pro-WP405T.jpg","datePublished":"2021-05-25T10:21:32+00:00","dateModified":"2024-06-29T09:35:43+00:00","description":"Mit den Recovery Pro Compression Socks k\u00f6nnen Sie beim Training an Ihre Grenzen gehen. Sie erm\u00f6glichen es Ihnen, Ihre Leistung zu verbessern.","breadcrumb":{"@id":"https:\/\/www.miomiorun.com\/de\/produkt\/recovery-pro-socks-damen\/#breadcrumb"},"inLanguage":"de-DE","potentialAction":[{"@type":"ReadAction","target":["https:\/\/www.miomiorun.com\/de\/produkt\/recovery-pro-socks-damen\/"]}]},{"@type":"ImageObject","inLanguage":"de-DE","@id":"https:\/\/www.miomiorun.com\/de\/produkt\/recovery-pro-socks-damen\/#primaryimage","url":"https:\/\/www.miomiorun.com\/app\/uploads\/2021\/05\/cep-socks-for-recovery-pro-WP405T.jpg","contentUrl":"https:\/\/www.miomiorun.com\/app\/uploads\/2021\/05\/cep-socks-for-recovery-pro-WP405T.jpg","width":600,"height":600,"caption":"cep-socks-for-recovery-pro-WP405T"},{"@type":"BreadcrumbList","@id":"https:\/\/www.miomiorun.com\/de\/produkt\/recovery-pro-socks-damen\/#breadcrumb","itemListElement":[{"@type":"ListItem","position":1,"name":"Home","item":"https:\/\/www.miomiorun.com\/de\/"},{"@type":"ListItem","position":2,"name":"Shop","item":"https:\/\/www.miomiorun.com\/shop\/"},{"@type":"ListItem","position":3,"name":"Recovery Pro Socks damen"}]},{"@type":"WebSite","@id":"https:\/\/www.miomiorun.com\/de\/#website","url":"https:\/\/www.miomiorun.com\/de\/","name":"MioMioRun","description":"100% Lauf- und Trailshop","publisher":{"@id":"https:\/\/www.miomiorun.com\/de\/#organization"},"potentialAction":[{"@type":"SearchAction","target":{"@type":"EntryPoint","urlTemplate":"https:\/\/www.miomiorun.com\/de\/?s={search_term_string}"},"query-input":{"@type":"PropertyValueSpecification","valueRequired":true,"valueName":"search_term_string"}}],"inLanguage":"de-DE"},{"@type":"Organization","@id":"https:\/\/www.miomiorun.com\/de\/#organization","name":"MioMio Run","url":"https:\/\/www.miomiorun.com\/de\/","logo":{"@type":"ImageObject","inLanguage":"de-DE","@id":"https:\/\/www.miomiorun.com\/de\/#\/schema\/logo\/image\/","url":"https:\/\/www.miomiorun.com\/app\/uploads\/2019\/12\/logomio.png","contentUrl":"https:\/\/www.miomiorun.com\/app\/uploads\/2019\/12\/logomio.png","width":115,"height":82,"caption":"MioMio Run"},"image":{"@id":"https:\/\/www.miomiorun.com\/de\/#\/schema\/logo\/image\/"},"sameAs":["https:\/\/www.facebook.com\/miomiorun\/","https:\/\/www.instagram.com\/miomiorun\/"]}]}},"_links":{"self":[{"href":"https:\/\/www.miomiorun.com\/de\/wp-json\/wp\/v2\/product\/176597","targetHints":{"allow":["GET"]}}],"collection":[{"href":"https:\/\/www.miomiorun.com\/de\/wp-json\/wp\/v2\/product"}],"about":[{"href":"https:\/\/www.miomiorun.com\/de\/wp-json\/wp\/v2\/types\/product"}],"wp:featuredmedia":[{"embeddable":true,"href":"https:\/\/www.miomiorun.com\/de\/wp-json\/wp\/v2\/media\/55825"}],"wp:attachment":[{"href":"https:\/\/www.miomiorun.com\/de\/wp-json\/wp\/v2\/media?parent=176597"}],"wp:term":[{"taxonomy":"product_brand","embeddable":true,"href":"https:\/\/www.miomiorun.com\/de\/wp-json\/wp\/v2\/product_brand?post=176597"},{"taxonomy":"product_cat","embeddable":true,"href":"https:\/\/www.miomiorun.com\/de\/wp-json\/wp\/v2\/product_cat?post=176597"},{"taxonomy":"product_tag","embeddable":true,"href":"https:\/\/www.miomiorun.com\/de\/wp-json\/wp\/v2\/product_tag?post=176597"}],"curies":[{"name":"wp","href":"https:\/\/api.w.org\/{rel}","templated":true}]}}