{"id":176590,"date":"2021-06-08T15:58:15","date_gmt":"2021-06-08T13:58:15","guid":{"rendered":"https:\/\/miomiorun.com\/prodotto\/cep-low-cut-ultralight-pro-donna\/"},"modified":"2024-06-29T11:57:40","modified_gmt":"2024-06-29T09:57:40","slug":"low-cut-ultralight-pro-damen","status":"publish","type":"product","link":"https:\/\/www.miomiorun.com\/de\/produkt\/low-cut-ultralight-pro-damen\/","title":{"rendered":"Low Cut Ultralight Pro damen"},"content":{"rendered":"<p><strong>Ideal f\u00fcr Athleten in der Leichtathletik und im Ausdauersport.<\/strong><\/p>\n<p>Ultraleichter Materialmix f\u00fcr Komfort bei intensiver Anstrengung<\/p>\n<p>Die Low Cut Ultralight Socken f\u00fcr Frauen bestehen aus einem ultrad\u00fcnnen, atmungsaktiven Material, das auch bei L\u00e4ufen bei hohen Temperaturen ein angenehmes Tragegef\u00fchl vermittelt. Die Verwendung von Karbon erh\u00f6ht ihre Haltbarkeit und tr\u00e4gt zu ihrer Leichtigkeit bei. Die Ultralight Pro Low Cut Socks f\u00fcr Frauen sitzen wie eine zweite Haut.<\/p>\n<p><strong>Smart-Grip-Futter f\u00fcr maximale Kontrolle<\/strong><\/p>\n<p>Das d\u00fcnne, flexible Sohlenfutter verbessert den Grip im Inneren des Sneakers, der mit Ihren F\u00fc\u00dfen eins wird. Nichts verrutscht und Sie haben maximale Kontrolle, um Ihre Geschwindigkeit auf anspruchsvollen Trails zu erh\u00f6hen.<\/p>\n<p>&nbsp;<\/p>\n<h3>Herrlicher Komfort bei langen L\u00e4ufen<\/h3>\n<p>Die Sommersocken sitzen dank der asymmetrischen Zehenbox noch besser. Sie bilden keine Falten und Ihre F\u00fc\u00dfe genie\u00dfen auch nach langen Anstrengungen einen h\u00f6heren Komfort.<\/p>\n<h3>Noch mehr mittlere Kompression f\u00fcr mehr Energie<\/h3>\n<p>Dank der Verwendung von noch mehr mittlerer Kompression verbessern die Ultralight Pro Low Cut Socks f\u00fcr Frauen die N\u00e4hrstoffversorgung der Muskeln und den Abtransport von Milchs\u00e4ure. Sie k\u00f6nnen l\u00e4nger Spitzenleistungen erbringen und sich schneller erholen. Smart Carbon erh\u00f6ht die Ausdauer und h\u00e4lt die F\u00fc\u00dfe angenehm k\u00fchl. Die Sommersocken sind die ideale Unterst\u00fctzung f\u00fcr intensive Trainingseinheiten.<\/p>\n<p>&nbsp;<\/p>\n<h3><strong>Eigenschaften<\/strong><\/h3>\n<ul>\n<li>Die ultraleichten Socken f\u00fcr den Sommer stimulieren die Gelenke in der Tiefe und profitieren von erh\u00f6hter Stabilit\u00e4t und Schutz vor Verletzungen.<\/li>\n<li>Perfekter Halt, der dank anatomischer Passform und hohem Grip nicht verrutscht.<\/li>\n<li>Der bew\u00e4hrte Materialmix reduziert das Auftreten von Blasen bei intensivem Training.<\/li>\n<\/ul>\n<p><strong>Materialien:<\/strong> 88 % Polyamid, 12 % Elasthan<\/p>\n<p>&nbsp;<\/p>\n","protected":false},"excerpt":{"rendered":"<p>Ideal f\u00fcr Athleten in der Leichtathletik und im Ausdauersport. Ultraleichter Materialmix f\u00fcr Komfort bei intensiver Anstrengung Die Low Cut Ultralight Socken f\u00fcr Frauen bestehen aus einem ultrad\u00fcnnen, atmungsaktiven Material, das auch bei L\u00e4ufen bei hohen Temperaturen ein angenehmes Tragegef\u00fchl vermittelt. Die Verwendung von Karbon erh\u00f6ht ihre Haltbarkeit und tr\u00e4gt zu ihrer Leichtigkeit bei. Die Ultralight &hellip; <a href=\"https:\/\/www.miomiorun.com\/de\/produkt\/low-cut-ultralight-pro-damen\/\">Continued<\/a><\/p>\n","protected":false},"featured_media":56021,"template":"","meta":{"_acf_changed":false,"inline_featured_image":false},"product_brand":[],"product_cat":[6400,6401,6402],"product_tag":[3408,6210],"class_list":{"0":"post-176590","1":"product","2":"type-product","3":"status-publish","4":"has-post-thumbnail","6":"product_cat-damen","7":"product_cat-damenbekleidung","8":"product_cat-damensocken-de","9":"product_tag-cep-de","10":"product_tag-cep-damen-de","11":"pa_marca-cep-de","12":"pa_sesso-damen","13":"pa_size-34-37-de","15":"first","16":"instock","17":"sale","18":"taxable","19":"shipping-taxable","20":"purchasable","21":"product-type-variable","22":"wvs-archive-product-wrapper"},"acf":[],"yoast_head":"<!-- This site is optimized with the Yoast SEO plugin v26.8 - https:\/\/yoast.com\/product\/yoast-seo-wordpress\/ -->\n<title>Cep Low Cut Ultralight Pro damen - Lauf-Socken - MioMioRun<\/title>\n<meta name=\"description\" content=\"Die Low Cut Ultralight Women&#039;s Socks bestehen aus einem ultrad\u00fcnnen, atmungsaktiven Material, das f\u00fcr einen &quot;Wohlf\u00fchleffekt&quot; sorgt.\" \/>\n<meta name=\"robots\" content=\"index, follow, max-snippet:-1, max-image-preview:large, max-video-preview:-1\" \/>\n<link rel=\"canonical\" href=\"https:\/\/www.miomiorun.com\/de\/produkt\/low-cut-ultralight-pro-damen\/\" \/>\n<meta property=\"og:locale\" content=\"de_DE\" \/>\n<meta property=\"og:type\" content=\"article\" \/>\n<meta property=\"og:title\" content=\"Cep Low Cut Ultralight Pro damen - Lauf-Socken - MioMioRun\" \/>\n<meta property=\"og:description\" content=\"Die Low Cut Ultralight Women&#039;s Socks bestehen aus einem ultrad\u00fcnnen, atmungsaktiven Material, das f\u00fcr einen &quot;Wohlf\u00fchleffekt&quot; sorgt.\" \/>\n<meta property=\"og:url\" content=\"https:\/\/www.miomiorun.com\/de\/produkt\/low-cut-ultralight-pro-damen\/\" \/>\n<meta property=\"og:site_name\" content=\"MioMioRun\" \/>\n<meta property=\"article:publisher\" content=\"https:\/\/www.facebook.com\/miomiorun\/\" \/>\n<meta property=\"article:modified_time\" content=\"2024-06-29T09:57:40+00:00\" \/>\n<meta property=\"og:image\" content=\"https:\/\/www.miomiorun.com\/app\/uploads\/2021\/06\/cep-Low-cut-ultralight-pro-WP4AIQ.jpg\" \/>\n\t<meta property=\"og:image:width\" content=\"600\" \/>\n\t<meta property=\"og:image:height\" content=\"600\" \/>\n\t<meta property=\"og:image:type\" content=\"image\/jpeg\" \/>\n<meta name=\"twitter:card\" content=\"summary_large_image\" \/>\n<meta name=\"twitter:label1\" content=\"Est. reading time\" \/>\n\t<meta name=\"twitter:data1\" content=\"1 minute\" \/>\n<script type=\"application\/ld+json\" class=\"yoast-schema-graph\">{\"@context\":\"https:\/\/schema.org\",\"@graph\":[{\"@type\":\"WebPage\",\"@id\":\"https:\/\/www.miomiorun.com\/de\/produkt\/low-cut-ultralight-pro-damen\/\",\"url\":\"https:\/\/www.miomiorun.com\/de\/produkt\/low-cut-ultralight-pro-damen\/\",\"name\":\"Cep Low Cut Ultralight Pro damen - Lauf-Socken - MioMioRun\",\"isPartOf\":{\"@id\":\"https:\/\/www.miomiorun.com\/de\/#website\"},\"primaryImageOfPage\":{\"@id\":\"https:\/\/www.miomiorun.com\/de\/produkt\/low-cut-ultralight-pro-damen\/#primaryimage\"},\"image\":{\"@id\":\"https:\/\/www.miomiorun.com\/de\/produkt\/low-cut-ultralight-pro-damen\/#primaryimage\"},\"thumbnailUrl\":\"https:\/\/www.miomiorun.com\/app\/uploads\/2021\/06\/cep-Low-cut-ultralight-pro-WP4AIQ.jpg\",\"datePublished\":\"2021-06-08T13:58:15+00:00\",\"dateModified\":\"2024-06-29T09:57:40+00:00\",\"description\":\"Die Low Cut Ultralight Women's Socks bestehen aus einem ultrad\u00fcnnen, atmungsaktiven Material, das f\u00fcr einen \\\"Wohlf\u00fchleffekt\\\" sorgt.\",\"breadcrumb\":{\"@id\":\"https:\/\/www.miomiorun.com\/de\/produkt\/low-cut-ultralight-pro-damen\/#breadcrumb\"},\"inLanguage\":\"de-DE\",\"potentialAction\":[{\"@type\":\"ReadAction\",\"target\":[\"https:\/\/www.miomiorun.com\/de\/produkt\/low-cut-ultralight-pro-damen\/\"]}]},{\"@type\":\"ImageObject\",\"inLanguage\":\"de-DE\",\"@id\":\"https:\/\/www.miomiorun.com\/de\/produkt\/low-cut-ultralight-pro-damen\/#primaryimage\",\"url\":\"https:\/\/www.miomiorun.com\/app\/uploads\/2021\/06\/cep-Low-cut-ultralight-pro-WP4AIQ.jpg\",\"contentUrl\":\"https:\/\/www.miomiorun.com\/app\/uploads\/2021\/06\/cep-Low-cut-ultralight-pro-WP4AIQ.jpg\",\"width\":600,\"height\":600,\"caption\":\"cep low cut ultralight pro\"},{\"@type\":\"BreadcrumbList\",\"@id\":\"https:\/\/www.miomiorun.com\/de\/produkt\/low-cut-ultralight-pro-damen\/#breadcrumb\",\"itemListElement\":[{\"@type\":\"ListItem\",\"position\":1,\"name\":\"Home\",\"item\":\"https:\/\/www.miomiorun.com\/de\/\"},{\"@type\":\"ListItem\",\"position\":2,\"name\":\"Shop\",\"item\":\"https:\/\/www.miomiorun.com\/shop\/\"},{\"@type\":\"ListItem\",\"position\":3,\"name\":\"Low Cut Ultralight Pro damen\"}]},{\"@type\":\"WebSite\",\"@id\":\"https:\/\/www.miomiorun.com\/de\/#website\",\"url\":\"https:\/\/www.miomiorun.com\/de\/\",\"name\":\"MioMioRun\",\"description\":\"100% Lauf- und Trailshop\",\"publisher\":{\"@id\":\"https:\/\/www.miomiorun.com\/de\/#organization\"},\"potentialAction\":[{\"@type\":\"SearchAction\",\"target\":{\"@type\":\"EntryPoint\",\"urlTemplate\":\"https:\/\/www.miomiorun.com\/de\/?s={search_term_string}\"},\"query-input\":{\"@type\":\"PropertyValueSpecification\",\"valueRequired\":true,\"valueName\":\"search_term_string\"}}],\"inLanguage\":\"de-DE\"},{\"@type\":\"Organization\",\"@id\":\"https:\/\/www.miomiorun.com\/de\/#organization\",\"name\":\"MioMio Run\",\"url\":\"https:\/\/www.miomiorun.com\/de\/\",\"logo\":{\"@type\":\"ImageObject\",\"inLanguage\":\"de-DE\",\"@id\":\"https:\/\/www.miomiorun.com\/de\/#\/schema\/logo\/image\/\",\"url\":\"https:\/\/www.miomiorun.com\/app\/uploads\/2019\/12\/logomio.png\",\"contentUrl\":\"https:\/\/www.miomiorun.com\/app\/uploads\/2019\/12\/logomio.png\",\"width\":115,\"height\":82,\"caption\":\"MioMio Run\"},\"image\":{\"@id\":\"https:\/\/www.miomiorun.com\/de\/#\/schema\/logo\/image\/\"},\"sameAs\":[\"https:\/\/www.facebook.com\/miomiorun\/\",\"https:\/\/www.instagram.com\/miomiorun\/\"]}]}<\/script>\n<!-- \/ Yoast SEO plugin. -->","yoast_head_json":{"title":"Cep Low Cut Ultralight Pro damen - Lauf-Socken - MioMioRun","description":"Die Low Cut Ultralight Women's Socks bestehen aus einem ultrad\u00fcnnen, atmungsaktiven Material, das f\u00fcr einen \"Wohlf\u00fchleffekt\" sorgt.","robots":{"index":"index","follow":"follow","max-snippet":"max-snippet:-1","max-image-preview":"max-image-preview:large","max-video-preview":"max-video-preview:-1"},"canonical":"https:\/\/www.miomiorun.com\/de\/produkt\/low-cut-ultralight-pro-damen\/","og_locale":"de_DE","og_type":"article","og_title":"Cep Low Cut Ultralight Pro damen - Lauf-Socken - MioMioRun","og_description":"Die Low Cut Ultralight Women's Socks bestehen aus einem ultrad\u00fcnnen, atmungsaktiven Material, das f\u00fcr einen \"Wohlf\u00fchleffekt\" sorgt.","og_url":"https:\/\/www.miomiorun.com\/de\/produkt\/low-cut-ultralight-pro-damen\/","og_site_name":"MioMioRun","article_publisher":"https:\/\/www.facebook.com\/miomiorun\/","article_modified_time":"2024-06-29T09:57:40+00:00","og_image":[{"width":600,"height":600,"url":"https:\/\/www.miomiorun.com\/app\/uploads\/2021\/06\/cep-Low-cut-ultralight-pro-WP4AIQ.jpg","type":"image\/jpeg"}],"twitter_card":"summary_large_image","twitter_misc":{"Est. reading time":"1 minute"},"schema":{"@context":"https:\/\/schema.org","@graph":[{"@type":"WebPage","@id":"https:\/\/www.miomiorun.com\/de\/produkt\/low-cut-ultralight-pro-damen\/","url":"https:\/\/www.miomiorun.com\/de\/produkt\/low-cut-ultralight-pro-damen\/","name":"Cep Low Cut Ultralight Pro damen - Lauf-Socken - MioMioRun","isPartOf":{"@id":"https:\/\/www.miomiorun.com\/de\/#website"},"primaryImageOfPage":{"@id":"https:\/\/www.miomiorun.com\/de\/produkt\/low-cut-ultralight-pro-damen\/#primaryimage"},"image":{"@id":"https:\/\/www.miomiorun.com\/de\/produkt\/low-cut-ultralight-pro-damen\/#primaryimage"},"thumbnailUrl":"https:\/\/www.miomiorun.com\/app\/uploads\/2021\/06\/cep-Low-cut-ultralight-pro-WP4AIQ.jpg","datePublished":"2021-06-08T13:58:15+00:00","dateModified":"2024-06-29T09:57:40+00:00","description":"Die Low Cut Ultralight Women's Socks bestehen aus einem ultrad\u00fcnnen, atmungsaktiven Material, das f\u00fcr einen \"Wohlf\u00fchleffekt\" sorgt.","breadcrumb":{"@id":"https:\/\/www.miomiorun.com\/de\/produkt\/low-cut-ultralight-pro-damen\/#breadcrumb"},"inLanguage":"de-DE","potentialAction":[{"@type":"ReadAction","target":["https:\/\/www.miomiorun.com\/de\/produkt\/low-cut-ultralight-pro-damen\/"]}]},{"@type":"ImageObject","inLanguage":"de-DE","@id":"https:\/\/www.miomiorun.com\/de\/produkt\/low-cut-ultralight-pro-damen\/#primaryimage","url":"https:\/\/www.miomiorun.com\/app\/uploads\/2021\/06\/cep-Low-cut-ultralight-pro-WP4AIQ.jpg","contentUrl":"https:\/\/www.miomiorun.com\/app\/uploads\/2021\/06\/cep-Low-cut-ultralight-pro-WP4AIQ.jpg","width":600,"height":600,"caption":"cep low cut ultralight pro"},{"@type":"BreadcrumbList","@id":"https:\/\/www.miomiorun.com\/de\/produkt\/low-cut-ultralight-pro-damen\/#breadcrumb","itemListElement":[{"@type":"ListItem","position":1,"name":"Home","item":"https:\/\/www.miomiorun.com\/de\/"},{"@type":"ListItem","position":2,"name":"Shop","item":"https:\/\/www.miomiorun.com\/shop\/"},{"@type":"ListItem","position":3,"name":"Low Cut Ultralight Pro damen"}]},{"@type":"WebSite","@id":"https:\/\/www.miomiorun.com\/de\/#website","url":"https:\/\/www.miomiorun.com\/de\/","name":"MioMioRun","description":"100% Lauf- und Trailshop","publisher":{"@id":"https:\/\/www.miomiorun.com\/de\/#organization"},"potentialAction":[{"@type":"SearchAction","target":{"@type":"EntryPoint","urlTemplate":"https:\/\/www.miomiorun.com\/de\/?s={search_term_string}"},"query-input":{"@type":"PropertyValueSpecification","valueRequired":true,"valueName":"search_term_string"}}],"inLanguage":"de-DE"},{"@type":"Organization","@id":"https:\/\/www.miomiorun.com\/de\/#organization","name":"MioMio Run","url":"https:\/\/www.miomiorun.com\/de\/","logo":{"@type":"ImageObject","inLanguage":"de-DE","@id":"https:\/\/www.miomiorun.com\/de\/#\/schema\/logo\/image\/","url":"https:\/\/www.miomiorun.com\/app\/uploads\/2019\/12\/logomio.png","contentUrl":"https:\/\/www.miomiorun.com\/app\/uploads\/2019\/12\/logomio.png","width":115,"height":82,"caption":"MioMio Run"},"image":{"@id":"https:\/\/www.miomiorun.com\/de\/#\/schema\/logo\/image\/"},"sameAs":["https:\/\/www.facebook.com\/miomiorun\/","https:\/\/www.instagram.com\/miomiorun\/"]}]}},"_links":{"self":[{"href":"https:\/\/www.miomiorun.com\/de\/wp-json\/wp\/v2\/product\/176590","targetHints":{"allow":["GET"]}}],"collection":[{"href":"https:\/\/www.miomiorun.com\/de\/wp-json\/wp\/v2\/product"}],"about":[{"href":"https:\/\/www.miomiorun.com\/de\/wp-json\/wp\/v2\/types\/product"}],"wp:featuredmedia":[{"embeddable":true,"href":"https:\/\/www.miomiorun.com\/de\/wp-json\/wp\/v2\/media\/56021"}],"wp:attachment":[{"href":"https:\/\/www.miomiorun.com\/de\/wp-json\/wp\/v2\/media?parent=176590"}],"wp:term":[{"taxonomy":"product_brand","embeddable":true,"href":"https:\/\/www.miomiorun.com\/de\/wp-json\/wp\/v2\/product_brand?post=176590"},{"taxonomy":"product_cat","embeddable":true,"href":"https:\/\/www.miomiorun.com\/de\/wp-json\/wp\/v2\/product_cat?post=176590"},{"taxonomy":"product_tag","embeddable":true,"href":"https:\/\/www.miomiorun.com\/de\/wp-json\/wp\/v2\/product_tag?post=176590"}],"curies":[{"name":"wp","href":"https:\/\/api.w.org\/{rel}","templated":true}]}}