{"id":176588,"date":"2021-06-08T16:18:06","date_gmt":"2021-06-08T14:18:06","guid":{"rendered":"https:\/\/miomiorun.com\/prodotto\/cep-sleeves-ultralight-pro-donna\/"},"modified":"2024-06-29T15:51:30","modified_gmt":"2024-06-29T13:51:30","slug":"sleeves-ultralight-pro-damen","status":"publish","type":"product","link":"https:\/\/www.miomiorun.com\/de\/produkt\/sleeves-ultralight-pro-damen\/","title":{"rendered":"Sleeves Ultralight Pro damen"},"content":{"rendered":"<p>Die perfekte Leggings f\u00fcrs Trailrunning: Die Ultralight Pro Compression Sleeves f\u00fcr Damen verf\u00fcgen \u00fcber einen hochwertigen Carbon Print, der die Schienbeine vor dem Kontakt mit Str\u00e4uchern sch\u00fctzt. Diese Socken sind aus einem extrem d\u00fcnnen und leichten Material gefertigt, das in Kombination mit den Carbonfasern ihre Haltbarkeit erh\u00f6ht.<\/p>\n<p><strong>Women&#8217;s Pro Sleeves mit Carbon Print f\u00fcr Trailrunning.<\/strong><\/p>\n<p>Beim Laufen auf schmalen Pfaden und in Gel\u00e4nde mit dichter Vegetation wird das Material abgenutzt, aber die Carbonschicht sch\u00fctzt Ihre Schienbeine und Leggings vor dem Kontakt mit Str\u00e4uchern. Das d\u00fcnne, leichte und atmungsaktive Material bietet eine hervorragende Unterst\u00fctzung bei Ihren Sommerl\u00e4ufen.<\/p>\n<p><strong>Sommer-Leggings f\u00fcr Leichtigkeit, Komfort und St\u00e4rke<\/strong><\/p>\n<p>Die Sleeves verrutschen dank des ultraleichten Materialmixes nicht und sind angenehm auf der Haut. Women&#8217;s Sleeves reduzieren Muskelvibrationen, aktivieren Ihre Wadenmuskulatur und verbessern Ihre Leistung.<\/p>\n<p>&nbsp;<\/p>\n<p><strong>Verbesserte N\u00e4hrstoffversorgung f\u00fcr mehr Kraft mit Feel-Good-Effekt.<\/strong><\/p>\n<p>Dank noch mehr Kompressionsmaterial profitieren Ihre Beine im Sommer von einer optimierten N\u00e4hrstoffversorgung. Der Sauerstoff gelangt schneller in die Zellen, Ihre Beine genie\u00dfen mehr Frische und mehr Energie. Sanfter Druck auf die Muskulatur f\u00fchrt zu einer tiefen Stabilisierung. Die Women&#8217;s Ultralight Pro Sleeves sind ideal f\u00fcr ambitionierte Traill\u00e4uferinnen.<\/p>\n<p>&nbsp;<\/p>\n<p><strong>Eigenschaften:<\/strong><\/p>\n<ul>\n<li>Die Women&#8217;s Ultralight Pro Compression Calf Sleeves reduzieren Muskelvibrationen, die Energie rauben. Ihr Lauf wird von Beinen voller Kraft profitieren!<\/li>\n<li>Die medi compression stimuliert Ihre Wadenmuskulatur mit gezieltem Druck bis in die Tiefe und sorgt f\u00fcr die n\u00f6tige Stabilit\u00e4t.<\/li>\n<li>Die optimierte N\u00e4hrstoffversorgung beschert Ihnen angenehm leichte Beine mit Feel-Good-Effekt!<\/li>\n<\/ul>\n<p><strong>Materialien:<\/strong> 77 % Polyamid, 23 % Elasthan<\/p>\n<p>&nbsp;<\/p>\n","protected":false},"excerpt":{"rendered":"<p>Die perfekte Leggings f\u00fcrs Trailrunning: Die Ultralight Pro Compression Sleeves f\u00fcr Damen verf\u00fcgen \u00fcber einen hochwertigen Carbon Print, der die Schienbeine vor dem Kontakt mit Str\u00e4uchern sch\u00fctzt. Diese Socken sind aus einem extrem d\u00fcnnen und leichten Material gefertigt, das in Kombination mit den Carbonfasern ihre Haltbarkeit erh\u00f6ht. Women&#8217;s Pro Sleeves mit Carbon Print f\u00fcr Trailrunning. &hellip; <a href=\"https:\/\/www.miomiorun.com\/de\/produkt\/sleeves-ultralight-pro-damen\/\">Continued<\/a><\/p>\n","protected":false},"featured_media":56043,"template":"","meta":{"_acf_changed":false,"inline_featured_image":false},"product_brand":[],"product_cat":[6400,6401,6402],"product_tag":[3408,6210],"class_list":{"0":"post-176588","1":"product","2":"type-product","3":"status-publish","4":"has-post-thumbnail","6":"product_cat-damen","7":"product_cat-damenbekleidung","8":"product_cat-damensocken-de","9":"product_tag-cep-de","10":"product_tag-cep-damen-de","11":"pa_attivita-running-de","12":"pa_attivita-trail-de","13":"pa_circonferenza-polpaccio-24-31-de","14":"pa_circonferenza-polpaccio-32-38-de","15":"pa_marca-cep-de","16":"pa_sesso-damen","18":"first","19":"instock","20":"sale","21":"taxable","22":"shipping-taxable","23":"purchasable","24":"product-type-variable","25":"wvs-archive-product-wrapper"},"acf":[],"yoast_head":"<!-- This site is optimized with the Yoast SEO plugin v26.8 - https:\/\/yoast.com\/product\/yoast-seo-wordpress\/ -->\n<title>Cep Sleeves Ultralight Pro damen - Lauf-Socken - MioMioRun<\/title>\n<meta name=\"description\" content=\"Die perfekte Leggings f\u00fcr das Trailrunning: Die Ultralight Pro Compression Sleeves f\u00fcr Frauen \u00fcberzeugen mit einem hochwertigen Carbon Print, der die\" \/>\n<meta name=\"robots\" content=\"index, follow, max-snippet:-1, max-image-preview:large, max-video-preview:-1\" \/>\n<link rel=\"canonical\" href=\"https:\/\/www.miomiorun.com\/de\/produkt\/sleeves-ultralight-pro-damen\/\" \/>\n<meta property=\"og:locale\" content=\"de_DE\" \/>\n<meta property=\"og:type\" content=\"article\" \/>\n<meta property=\"og:title\" content=\"Cep Sleeves Ultralight Pro damen - Lauf-Socken - MioMioRun\" \/>\n<meta property=\"og:description\" content=\"Die perfekte Leggings f\u00fcr das Trailrunning: Die Ultralight Pro Compression Sleeves f\u00fcr Frauen \u00fcberzeugen mit einem hochwertigen Carbon Print, der die\" \/>\n<meta property=\"og:url\" content=\"https:\/\/www.miomiorun.com\/de\/produkt\/sleeves-ultralight-pro-damen\/\" \/>\n<meta property=\"og:site_name\" content=\"MioMioRun\" \/>\n<meta property=\"article:publisher\" content=\"https:\/\/www.facebook.com\/miomiorun\/\" \/>\n<meta property=\"article:modified_time\" content=\"2024-06-29T13:51:30+00:00\" \/>\n<meta property=\"og:image\" content=\"https:\/\/www.miomiorun.com\/app\/uploads\/2021\/06\/cep-Sleeves-ultralight-Pro-WS40IQ.jpg\" \/>\n\t<meta property=\"og:image:width\" content=\"600\" \/>\n\t<meta property=\"og:image:height\" content=\"600\" \/>\n\t<meta property=\"og:image:type\" content=\"image\/jpeg\" \/>\n<meta name=\"twitter:card\" content=\"summary_large_image\" \/>\n<meta name=\"twitter:label1\" content=\"Est. reading time\" \/>\n\t<meta name=\"twitter:data1\" content=\"1 minute\" \/>\n<script type=\"application\/ld+json\" class=\"yoast-schema-graph\">{\"@context\":\"https:\/\/schema.org\",\"@graph\":[{\"@type\":\"WebPage\",\"@id\":\"https:\/\/www.miomiorun.com\/de\/produkt\/sleeves-ultralight-pro-damen\/\",\"url\":\"https:\/\/www.miomiorun.com\/de\/produkt\/sleeves-ultralight-pro-damen\/\",\"name\":\"Cep Sleeves Ultralight Pro damen - Lauf-Socken - MioMioRun\",\"isPartOf\":{\"@id\":\"https:\/\/www.miomiorun.com\/de\/#website\"},\"primaryImageOfPage\":{\"@id\":\"https:\/\/www.miomiorun.com\/de\/produkt\/sleeves-ultralight-pro-damen\/#primaryimage\"},\"image\":{\"@id\":\"https:\/\/www.miomiorun.com\/de\/produkt\/sleeves-ultralight-pro-damen\/#primaryimage\"},\"thumbnailUrl\":\"https:\/\/www.miomiorun.com\/app\/uploads\/2021\/06\/cep-Sleeves-ultralight-Pro-WS40IQ.jpg\",\"datePublished\":\"2021-06-08T14:18:06+00:00\",\"dateModified\":\"2024-06-29T13:51:30+00:00\",\"description\":\"Die perfekte Leggings f\u00fcr das Trailrunning: Die Ultralight Pro Compression Sleeves f\u00fcr Frauen \u00fcberzeugen mit einem hochwertigen Carbon Print, der die\",\"breadcrumb\":{\"@id\":\"https:\/\/www.miomiorun.com\/de\/produkt\/sleeves-ultralight-pro-damen\/#breadcrumb\"},\"inLanguage\":\"de-DE\",\"potentialAction\":[{\"@type\":\"ReadAction\",\"target\":[\"https:\/\/www.miomiorun.com\/de\/produkt\/sleeves-ultralight-pro-damen\/\"]}]},{\"@type\":\"ImageObject\",\"inLanguage\":\"de-DE\",\"@id\":\"https:\/\/www.miomiorun.com\/de\/produkt\/sleeves-ultralight-pro-damen\/#primaryimage\",\"url\":\"https:\/\/www.miomiorun.com\/app\/uploads\/2021\/06\/cep-Sleeves-ultralight-Pro-WS40IQ.jpg\",\"contentUrl\":\"https:\/\/www.miomiorun.com\/app\/uploads\/2021\/06\/cep-Sleeves-ultralight-Pro-WS40IQ.jpg\",\"width\":600,\"height\":600,\"caption\":\"cep sleeves ultralight pro donna\"},{\"@type\":\"BreadcrumbList\",\"@id\":\"https:\/\/www.miomiorun.com\/de\/produkt\/sleeves-ultralight-pro-damen\/#breadcrumb\",\"itemListElement\":[{\"@type\":\"ListItem\",\"position\":1,\"name\":\"Home\",\"item\":\"https:\/\/www.miomiorun.com\/de\/\"},{\"@type\":\"ListItem\",\"position\":2,\"name\":\"Shop\",\"item\":\"https:\/\/www.miomiorun.com\/shop\/\"},{\"@type\":\"ListItem\",\"position\":3,\"name\":\"Sleeves Ultralight Pro damen\"}]},{\"@type\":\"WebSite\",\"@id\":\"https:\/\/www.miomiorun.com\/de\/#website\",\"url\":\"https:\/\/www.miomiorun.com\/de\/\",\"name\":\"MioMioRun\",\"description\":\"100% Lauf- und Trailshop\",\"publisher\":{\"@id\":\"https:\/\/www.miomiorun.com\/de\/#organization\"},\"potentialAction\":[{\"@type\":\"SearchAction\",\"target\":{\"@type\":\"EntryPoint\",\"urlTemplate\":\"https:\/\/www.miomiorun.com\/de\/?s={search_term_string}\"},\"query-input\":{\"@type\":\"PropertyValueSpecification\",\"valueRequired\":true,\"valueName\":\"search_term_string\"}}],\"inLanguage\":\"de-DE\"},{\"@type\":\"Organization\",\"@id\":\"https:\/\/www.miomiorun.com\/de\/#organization\",\"name\":\"MioMio Run\",\"url\":\"https:\/\/www.miomiorun.com\/de\/\",\"logo\":{\"@type\":\"ImageObject\",\"inLanguage\":\"de-DE\",\"@id\":\"https:\/\/www.miomiorun.com\/de\/#\/schema\/logo\/image\/\",\"url\":\"https:\/\/www.miomiorun.com\/app\/uploads\/2019\/12\/logomio.png\",\"contentUrl\":\"https:\/\/www.miomiorun.com\/app\/uploads\/2019\/12\/logomio.png\",\"width\":115,\"height\":82,\"caption\":\"MioMio Run\"},\"image\":{\"@id\":\"https:\/\/www.miomiorun.com\/de\/#\/schema\/logo\/image\/\"},\"sameAs\":[\"https:\/\/www.facebook.com\/miomiorun\/\",\"https:\/\/www.instagram.com\/miomiorun\/\"]}]}<\/script>\n<!-- \/ Yoast SEO plugin. -->","yoast_head_json":{"title":"Cep Sleeves Ultralight Pro damen - Lauf-Socken - MioMioRun","description":"Die perfekte Leggings f\u00fcr das Trailrunning: Die Ultralight Pro Compression Sleeves f\u00fcr Frauen \u00fcberzeugen mit einem hochwertigen Carbon Print, der die","robots":{"index":"index","follow":"follow","max-snippet":"max-snippet:-1","max-image-preview":"max-image-preview:large","max-video-preview":"max-video-preview:-1"},"canonical":"https:\/\/www.miomiorun.com\/de\/produkt\/sleeves-ultralight-pro-damen\/","og_locale":"de_DE","og_type":"article","og_title":"Cep Sleeves Ultralight Pro damen - Lauf-Socken - MioMioRun","og_description":"Die perfekte Leggings f\u00fcr das Trailrunning: Die Ultralight Pro Compression Sleeves f\u00fcr Frauen \u00fcberzeugen mit einem hochwertigen Carbon Print, der die","og_url":"https:\/\/www.miomiorun.com\/de\/produkt\/sleeves-ultralight-pro-damen\/","og_site_name":"MioMioRun","article_publisher":"https:\/\/www.facebook.com\/miomiorun\/","article_modified_time":"2024-06-29T13:51:30+00:00","og_image":[{"width":600,"height":600,"url":"https:\/\/www.miomiorun.com\/app\/uploads\/2021\/06\/cep-Sleeves-ultralight-Pro-WS40IQ.jpg","type":"image\/jpeg"}],"twitter_card":"summary_large_image","twitter_misc":{"Est. reading time":"1 minute"},"schema":{"@context":"https:\/\/schema.org","@graph":[{"@type":"WebPage","@id":"https:\/\/www.miomiorun.com\/de\/produkt\/sleeves-ultralight-pro-damen\/","url":"https:\/\/www.miomiorun.com\/de\/produkt\/sleeves-ultralight-pro-damen\/","name":"Cep Sleeves Ultralight Pro damen - Lauf-Socken - MioMioRun","isPartOf":{"@id":"https:\/\/www.miomiorun.com\/de\/#website"},"primaryImageOfPage":{"@id":"https:\/\/www.miomiorun.com\/de\/produkt\/sleeves-ultralight-pro-damen\/#primaryimage"},"image":{"@id":"https:\/\/www.miomiorun.com\/de\/produkt\/sleeves-ultralight-pro-damen\/#primaryimage"},"thumbnailUrl":"https:\/\/www.miomiorun.com\/app\/uploads\/2021\/06\/cep-Sleeves-ultralight-Pro-WS40IQ.jpg","datePublished":"2021-06-08T14:18:06+00:00","dateModified":"2024-06-29T13:51:30+00:00","description":"Die perfekte Leggings f\u00fcr das Trailrunning: Die Ultralight Pro Compression Sleeves f\u00fcr Frauen \u00fcberzeugen mit einem hochwertigen Carbon Print, der die","breadcrumb":{"@id":"https:\/\/www.miomiorun.com\/de\/produkt\/sleeves-ultralight-pro-damen\/#breadcrumb"},"inLanguage":"de-DE","potentialAction":[{"@type":"ReadAction","target":["https:\/\/www.miomiorun.com\/de\/produkt\/sleeves-ultralight-pro-damen\/"]}]},{"@type":"ImageObject","inLanguage":"de-DE","@id":"https:\/\/www.miomiorun.com\/de\/produkt\/sleeves-ultralight-pro-damen\/#primaryimage","url":"https:\/\/www.miomiorun.com\/app\/uploads\/2021\/06\/cep-Sleeves-ultralight-Pro-WS40IQ.jpg","contentUrl":"https:\/\/www.miomiorun.com\/app\/uploads\/2021\/06\/cep-Sleeves-ultralight-Pro-WS40IQ.jpg","width":600,"height":600,"caption":"cep sleeves ultralight pro donna"},{"@type":"BreadcrumbList","@id":"https:\/\/www.miomiorun.com\/de\/produkt\/sleeves-ultralight-pro-damen\/#breadcrumb","itemListElement":[{"@type":"ListItem","position":1,"name":"Home","item":"https:\/\/www.miomiorun.com\/de\/"},{"@type":"ListItem","position":2,"name":"Shop","item":"https:\/\/www.miomiorun.com\/shop\/"},{"@type":"ListItem","position":3,"name":"Sleeves Ultralight Pro damen"}]},{"@type":"WebSite","@id":"https:\/\/www.miomiorun.com\/de\/#website","url":"https:\/\/www.miomiorun.com\/de\/","name":"MioMioRun","description":"100% Lauf- und Trailshop","publisher":{"@id":"https:\/\/www.miomiorun.com\/de\/#organization"},"potentialAction":[{"@type":"SearchAction","target":{"@type":"EntryPoint","urlTemplate":"https:\/\/www.miomiorun.com\/de\/?s={search_term_string}"},"query-input":{"@type":"PropertyValueSpecification","valueRequired":true,"valueName":"search_term_string"}}],"inLanguage":"de-DE"},{"@type":"Organization","@id":"https:\/\/www.miomiorun.com\/de\/#organization","name":"MioMio Run","url":"https:\/\/www.miomiorun.com\/de\/","logo":{"@type":"ImageObject","inLanguage":"de-DE","@id":"https:\/\/www.miomiorun.com\/de\/#\/schema\/logo\/image\/","url":"https:\/\/www.miomiorun.com\/app\/uploads\/2019\/12\/logomio.png","contentUrl":"https:\/\/www.miomiorun.com\/app\/uploads\/2019\/12\/logomio.png","width":115,"height":82,"caption":"MioMio Run"},"image":{"@id":"https:\/\/www.miomiorun.com\/de\/#\/schema\/logo\/image\/"},"sameAs":["https:\/\/www.facebook.com\/miomiorun\/","https:\/\/www.instagram.com\/miomiorun\/"]}]}},"_links":{"self":[{"href":"https:\/\/www.miomiorun.com\/de\/wp-json\/wp\/v2\/product\/176588","targetHints":{"allow":["GET"]}}],"collection":[{"href":"https:\/\/www.miomiorun.com\/de\/wp-json\/wp\/v2\/product"}],"about":[{"href":"https:\/\/www.miomiorun.com\/de\/wp-json\/wp\/v2\/types\/product"}],"wp:featuredmedia":[{"embeddable":true,"href":"https:\/\/www.miomiorun.com\/de\/wp-json\/wp\/v2\/media\/56043"}],"wp:attachment":[{"href":"https:\/\/www.miomiorun.com\/de\/wp-json\/wp\/v2\/media?parent=176588"}],"wp:term":[{"taxonomy":"product_brand","embeddable":true,"href":"https:\/\/www.miomiorun.com\/de\/wp-json\/wp\/v2\/product_brand?post=176588"},{"taxonomy":"product_cat","embeddable":true,"href":"https:\/\/www.miomiorun.com\/de\/wp-json\/wp\/v2\/product_cat?post=176588"},{"taxonomy":"product_tag","embeddable":true,"href":"https:\/\/www.miomiorun.com\/de\/wp-json\/wp\/v2\/product_tag?post=176588"}],"curies":[{"name":"wp","href":"https:\/\/api.w.org\/{rel}","templated":true}]}}