{"id":176586,"date":"2021-06-11T10:27:05","date_gmt":"2021-06-11T08:27:05","guid":{"rendered":"https:\/\/miomiorun.com\/prodotto\/cep-short-socks-ultralight-donna\/"},"modified":"2024-06-29T15:55:39","modified_gmt":"2024-06-29T13:55:39","slug":"short-socks-ultralight-damen","status":"publish","type":"product","link":"https:\/\/www.miomiorun.com\/de\/produkt\/short-socks-ultralight-damen\/","title":{"rendered":"Short Socks Ultralight damen"},"content":{"rendered":"<p>Warum sollten Sie an hei\u00dfen Tagen auf die Vorteile von Kompressionssocken verzichten? Die Ultralight Short Socks f\u00fcr Herren bieten dir innovative Technologie und \u00fcberzeugen durch perfekten Tragekomfort. Auf der Jagd nach neuen pers\u00f6nlichen Rekorden profitierst du von der aktivierenden und stabilisierenden medi compression und genie\u00dft gleichzeitig ein sommerliches Tragegef\u00fchl durch das extrem leichte und atmungsaktive Material des kurzen Modells.<\/p>\n<p><strong>Mehr Leistung und weniger Verletzungsrisiko dank medi compression<\/strong><\/p>\n<p>Ob beim Laufen, Radfahren oder anderen sportlichen Aktivit\u00e4ten: Die Ultralight Short Socks f\u00fcr M\u00e4nner unterst\u00fctzen Sie dabei, Ihr volles Potenzial auszusch\u00f6pfen. Mit der innovativen medi compression entfalten Sie das Potenzial Ihres Fu\u00dfes optimal und steigern Leistung und Ausdauer. Die Kompressionswirkung reduziert das Verletzungsrisiko durch Stabilisierung des Fu\u00df- und Kn\u00f6chelbereichs.<\/p>\n<p>&nbsp;<\/p>\n<p><strong>Pr\u00e4zise, eng anliegende Passform reduziert Reibung und das Auftreten von Blasen<\/strong><\/p>\n<p>Zu locker sitzende Sportsocken f\u00fchren zu Reibung und Blasenbildung &#8211; aber nicht die Ultralight Short Socks! Ihre Wirksamkeit verdanken sie dem speziellen, ultraleichten Materialmix in Kombination mit der eng anliegenden Passform. Die Socken bleiben in jeder Situation eng anliegend: unfreiwillige Pausen aufgrund von Blasen sind pass\u00e9.<\/p>\n<p><strong>Angenehme D\u00e4mpfung dank optimierter Polsterung<\/strong><\/p>\n<p>Mit diesen kurzen Kompressionssocken f\u00fcr M\u00e4nner, die \u00fcber integrierte Polsterzonen verf\u00fcgen, kommt der Komfort nicht zu kurz. Die Polsterung folgt der Anatomie des Fu\u00dfes und verbessert die Passform zwischen Fu\u00df und Schuh.<\/p>\n<p>&nbsp;<\/p>\n<p><strong>Produktmerkmale:<\/strong><\/p>\n<ul>\n<li>Die Kompression der Ultralight Short Socks stimuliert die Gelenke tief und gibt so Stabilit\u00e4t. Das Verletzungsrisiko wird reduziert.<\/li>\n<li>Die ausgekl\u00fcgelte Materialmischung in Kombination mit der eng anliegenden Passform sorgt f\u00fcr einen kompakten und sicheren Sitz, wodurch Reibung und das Auftreten von Blasen reduziert werden.<\/li>\n<li>Die Socken verf\u00fcgen \u00fcber gepolsterte Zonen, die der Anatomie des Fu\u00dfes folgen und eine komfortable D\u00e4mpfung gew\u00e4hrleisten.<\/li>\n<\/ul>\n<p><strong>Materialien:<\/strong> 85 % Polyamid, 15 % Elasthan<\/p>\n<p>&nbsp;<\/p>\n","protected":false},"excerpt":{"rendered":"<p>Warum sollten Sie an hei\u00dfen Tagen auf die Vorteile von Kompressionssocken verzichten? Die Ultralight Short Socks f\u00fcr Herren bieten dir innovative Technologie und \u00fcberzeugen durch perfekten Tragekomfort. Auf der Jagd nach neuen pers\u00f6nlichen Rekorden profitierst du von der aktivierenden und stabilisierenden medi compression und genie\u00dft gleichzeitig ein sommerliches Tragegef\u00fchl durch das extrem leichte und atmungsaktive &hellip; <a href=\"https:\/\/www.miomiorun.com\/de\/produkt\/short-socks-ultralight-damen\/\">Continued<\/a><\/p>\n","protected":false},"featured_media":56053,"template":"","meta":{"_acf_changed":false,"inline_featured_image":false},"product_brand":[],"product_cat":[6400,6401,6402],"product_tag":[3408,6210],"class_list":{"0":"post-176586","1":"product","2":"type-product","3":"status-publish","4":"has-post-thumbnail","6":"product_cat-damen","7":"product_cat-damenbekleidung","8":"product_cat-damensocken-de","9":"product_tag-cep-de","10":"product_tag-cep-damen-de","11":"pa_attivita-gehen","12":"pa_attivita-running-de","13":"pa_colore-short-socks-ultralight-w-black-grey-de","14":"pa_colore-short-socks-ultralight-w-pink-grey-de","15":"pa_marca-cep-de","16":"pa_sesso-damen","17":"pa_size-34-37-de","18":"pa_size-40-43-de","20":"first","21":"instock","22":"sale","23":"taxable","24":"shipping-taxable","25":"purchasable","26":"product-type-variable","27":"wvs-archive-product-wrapper"},"acf":[],"yoast_head":"<!-- This site is optimized with the Yoast SEO plugin v26.8 - https:\/\/yoast.com\/product\/yoast-seo-wordpress\/ -->\n<title>Short Socks Ultralight damen - Frauen-Laufsocken - MioMioRun<\/title>\n<meta name=\"description\" content=\"Ob beim Laufen, Radfahren oder anderen sportlichen Aktivit\u00e4ten: Die Ultralight Short Socks f\u00fcr Frauen unterst\u00fctzen Sie mit innovativer medi compression.\" \/>\n<meta name=\"robots\" content=\"index, follow, max-snippet:-1, max-image-preview:large, max-video-preview:-1\" \/>\n<link rel=\"canonical\" href=\"https:\/\/www.miomiorun.com\/de\/produkt\/short-socks-ultralight-damen\/\" \/>\n<meta property=\"og:locale\" content=\"de_DE\" \/>\n<meta property=\"og:type\" content=\"article\" \/>\n<meta property=\"og:title\" content=\"Short Socks Ultralight damen - Frauen-Laufsocken - MioMioRun\" \/>\n<meta property=\"og:description\" content=\"Ob beim Laufen, Radfahren oder anderen sportlichen Aktivit\u00e4ten: Die Ultralight Short Socks f\u00fcr Frauen unterst\u00fctzen Sie mit innovativer medi compression.\" \/>\n<meta property=\"og:url\" content=\"https:\/\/www.miomiorun.com\/de\/produkt\/short-socks-ultralight-damen\/\" \/>\n<meta property=\"og:site_name\" content=\"MioMioRun\" \/>\n<meta property=\"article:publisher\" content=\"https:\/\/www.facebook.com\/miomiorun\/\" \/>\n<meta property=\"article:modified_time\" content=\"2024-06-29T13:55:39+00:00\" \/>\n<meta property=\"og:image\" content=\"https:\/\/www.miomiorun.com\/app\/uploads\/2021\/06\/cep-Short-socks-ultralight-WP4BLY.jpg\" \/>\n\t<meta property=\"og:image:width\" content=\"600\" \/>\n\t<meta property=\"og:image:height\" content=\"600\" \/>\n\t<meta property=\"og:image:type\" content=\"image\/jpeg\" \/>\n<meta name=\"twitter:card\" content=\"summary_large_image\" \/>\n<meta name=\"twitter:label1\" content=\"Est. reading time\" \/>\n\t<meta name=\"twitter:data1\" content=\"2 minutes\" \/>\n<script type=\"application\/ld+json\" class=\"yoast-schema-graph\">{\"@context\":\"https:\/\/schema.org\",\"@graph\":[{\"@type\":\"WebPage\",\"@id\":\"https:\/\/www.miomiorun.com\/de\/produkt\/short-socks-ultralight-damen\/\",\"url\":\"https:\/\/www.miomiorun.com\/de\/produkt\/short-socks-ultralight-damen\/\",\"name\":\"Short Socks Ultralight damen - Frauen-Laufsocken - MioMioRun\",\"isPartOf\":{\"@id\":\"https:\/\/www.miomiorun.com\/de\/#website\"},\"primaryImageOfPage\":{\"@id\":\"https:\/\/www.miomiorun.com\/de\/produkt\/short-socks-ultralight-damen\/#primaryimage\"},\"image\":{\"@id\":\"https:\/\/www.miomiorun.com\/de\/produkt\/short-socks-ultralight-damen\/#primaryimage\"},\"thumbnailUrl\":\"https:\/\/www.miomiorun.com\/app\/uploads\/2021\/06\/cep-Short-socks-ultralight-WP4BLY.jpg\",\"datePublished\":\"2021-06-11T08:27:05+00:00\",\"dateModified\":\"2024-06-29T13:55:39+00:00\",\"description\":\"Ob beim Laufen, Radfahren oder anderen sportlichen Aktivit\u00e4ten: Die Ultralight Short Socks f\u00fcr Frauen unterst\u00fctzen Sie mit innovativer medi compression.\",\"breadcrumb\":{\"@id\":\"https:\/\/www.miomiorun.com\/de\/produkt\/short-socks-ultralight-damen\/#breadcrumb\"},\"inLanguage\":\"de-DE\",\"potentialAction\":[{\"@type\":\"ReadAction\",\"target\":[\"https:\/\/www.miomiorun.com\/de\/produkt\/short-socks-ultralight-damen\/\"]}]},{\"@type\":\"ImageObject\",\"inLanguage\":\"de-DE\",\"@id\":\"https:\/\/www.miomiorun.com\/de\/produkt\/short-socks-ultralight-damen\/#primaryimage\",\"url\":\"https:\/\/www.miomiorun.com\/app\/uploads\/2021\/06\/cep-Short-socks-ultralight-WP4BLY.jpg\",\"contentUrl\":\"https:\/\/www.miomiorun.com\/app\/uploads\/2021\/06\/cep-Short-socks-ultralight-WP4BLY.jpg\",\"width\":600,\"height\":600,\"caption\":\"cep short socks ultralight\"},{\"@type\":\"BreadcrumbList\",\"@id\":\"https:\/\/www.miomiorun.com\/de\/produkt\/short-socks-ultralight-damen\/#breadcrumb\",\"itemListElement\":[{\"@type\":\"ListItem\",\"position\":1,\"name\":\"Home\",\"item\":\"https:\/\/www.miomiorun.com\/de\/\"},{\"@type\":\"ListItem\",\"position\":2,\"name\":\"Shop\",\"item\":\"https:\/\/www.miomiorun.com\/shop\/\"},{\"@type\":\"ListItem\",\"position\":3,\"name\":\"Short Socks Ultralight damen\"}]},{\"@type\":\"WebSite\",\"@id\":\"https:\/\/www.miomiorun.com\/de\/#website\",\"url\":\"https:\/\/www.miomiorun.com\/de\/\",\"name\":\"MioMioRun\",\"description\":\"100% Lauf- und Trailshop\",\"publisher\":{\"@id\":\"https:\/\/www.miomiorun.com\/de\/#organization\"},\"potentialAction\":[{\"@type\":\"SearchAction\",\"target\":{\"@type\":\"EntryPoint\",\"urlTemplate\":\"https:\/\/www.miomiorun.com\/de\/?s={search_term_string}\"},\"query-input\":{\"@type\":\"PropertyValueSpecification\",\"valueRequired\":true,\"valueName\":\"search_term_string\"}}],\"inLanguage\":\"de-DE\"},{\"@type\":\"Organization\",\"@id\":\"https:\/\/www.miomiorun.com\/de\/#organization\",\"name\":\"MioMio Run\",\"url\":\"https:\/\/www.miomiorun.com\/de\/\",\"logo\":{\"@type\":\"ImageObject\",\"inLanguage\":\"de-DE\",\"@id\":\"https:\/\/www.miomiorun.com\/de\/#\/schema\/logo\/image\/\",\"url\":\"https:\/\/www.miomiorun.com\/app\/uploads\/2019\/12\/logomio.png\",\"contentUrl\":\"https:\/\/www.miomiorun.com\/app\/uploads\/2019\/12\/logomio.png\",\"width\":115,\"height\":82,\"caption\":\"MioMio Run\"},\"image\":{\"@id\":\"https:\/\/www.miomiorun.com\/de\/#\/schema\/logo\/image\/\"},\"sameAs\":[\"https:\/\/www.facebook.com\/miomiorun\/\",\"https:\/\/www.instagram.com\/miomiorun\/\"]}]}<\/script>\n<!-- \/ Yoast SEO plugin. -->","yoast_head_json":{"title":"Short Socks Ultralight damen - Frauen-Laufsocken - MioMioRun","description":"Ob beim Laufen, Radfahren oder anderen sportlichen Aktivit\u00e4ten: Die Ultralight Short Socks f\u00fcr Frauen unterst\u00fctzen Sie mit innovativer medi compression.","robots":{"index":"index","follow":"follow","max-snippet":"max-snippet:-1","max-image-preview":"max-image-preview:large","max-video-preview":"max-video-preview:-1"},"canonical":"https:\/\/www.miomiorun.com\/de\/produkt\/short-socks-ultralight-damen\/","og_locale":"de_DE","og_type":"article","og_title":"Short Socks Ultralight damen - Frauen-Laufsocken - MioMioRun","og_description":"Ob beim Laufen, Radfahren oder anderen sportlichen Aktivit\u00e4ten: Die Ultralight Short Socks f\u00fcr Frauen unterst\u00fctzen Sie mit innovativer medi compression.","og_url":"https:\/\/www.miomiorun.com\/de\/produkt\/short-socks-ultralight-damen\/","og_site_name":"MioMioRun","article_publisher":"https:\/\/www.facebook.com\/miomiorun\/","article_modified_time":"2024-06-29T13:55:39+00:00","og_image":[{"width":600,"height":600,"url":"https:\/\/www.miomiorun.com\/app\/uploads\/2021\/06\/cep-Short-socks-ultralight-WP4BLY.jpg","type":"image\/jpeg"}],"twitter_card":"summary_large_image","twitter_misc":{"Est. reading time":"2 minutes"},"schema":{"@context":"https:\/\/schema.org","@graph":[{"@type":"WebPage","@id":"https:\/\/www.miomiorun.com\/de\/produkt\/short-socks-ultralight-damen\/","url":"https:\/\/www.miomiorun.com\/de\/produkt\/short-socks-ultralight-damen\/","name":"Short Socks Ultralight damen - Frauen-Laufsocken - MioMioRun","isPartOf":{"@id":"https:\/\/www.miomiorun.com\/de\/#website"},"primaryImageOfPage":{"@id":"https:\/\/www.miomiorun.com\/de\/produkt\/short-socks-ultralight-damen\/#primaryimage"},"image":{"@id":"https:\/\/www.miomiorun.com\/de\/produkt\/short-socks-ultralight-damen\/#primaryimage"},"thumbnailUrl":"https:\/\/www.miomiorun.com\/app\/uploads\/2021\/06\/cep-Short-socks-ultralight-WP4BLY.jpg","datePublished":"2021-06-11T08:27:05+00:00","dateModified":"2024-06-29T13:55:39+00:00","description":"Ob beim Laufen, Radfahren oder anderen sportlichen Aktivit\u00e4ten: Die Ultralight Short Socks f\u00fcr Frauen unterst\u00fctzen Sie mit innovativer medi compression.","breadcrumb":{"@id":"https:\/\/www.miomiorun.com\/de\/produkt\/short-socks-ultralight-damen\/#breadcrumb"},"inLanguage":"de-DE","potentialAction":[{"@type":"ReadAction","target":["https:\/\/www.miomiorun.com\/de\/produkt\/short-socks-ultralight-damen\/"]}]},{"@type":"ImageObject","inLanguage":"de-DE","@id":"https:\/\/www.miomiorun.com\/de\/produkt\/short-socks-ultralight-damen\/#primaryimage","url":"https:\/\/www.miomiorun.com\/app\/uploads\/2021\/06\/cep-Short-socks-ultralight-WP4BLY.jpg","contentUrl":"https:\/\/www.miomiorun.com\/app\/uploads\/2021\/06\/cep-Short-socks-ultralight-WP4BLY.jpg","width":600,"height":600,"caption":"cep short socks ultralight"},{"@type":"BreadcrumbList","@id":"https:\/\/www.miomiorun.com\/de\/produkt\/short-socks-ultralight-damen\/#breadcrumb","itemListElement":[{"@type":"ListItem","position":1,"name":"Home","item":"https:\/\/www.miomiorun.com\/de\/"},{"@type":"ListItem","position":2,"name":"Shop","item":"https:\/\/www.miomiorun.com\/shop\/"},{"@type":"ListItem","position":3,"name":"Short Socks Ultralight damen"}]},{"@type":"WebSite","@id":"https:\/\/www.miomiorun.com\/de\/#website","url":"https:\/\/www.miomiorun.com\/de\/","name":"MioMioRun","description":"100% Lauf- und Trailshop","publisher":{"@id":"https:\/\/www.miomiorun.com\/de\/#organization"},"potentialAction":[{"@type":"SearchAction","target":{"@type":"EntryPoint","urlTemplate":"https:\/\/www.miomiorun.com\/de\/?s={search_term_string}"},"query-input":{"@type":"PropertyValueSpecification","valueRequired":true,"valueName":"search_term_string"}}],"inLanguage":"de-DE"},{"@type":"Organization","@id":"https:\/\/www.miomiorun.com\/de\/#organization","name":"MioMio Run","url":"https:\/\/www.miomiorun.com\/de\/","logo":{"@type":"ImageObject","inLanguage":"de-DE","@id":"https:\/\/www.miomiorun.com\/de\/#\/schema\/logo\/image\/","url":"https:\/\/www.miomiorun.com\/app\/uploads\/2019\/12\/logomio.png","contentUrl":"https:\/\/www.miomiorun.com\/app\/uploads\/2019\/12\/logomio.png","width":115,"height":82,"caption":"MioMio Run"},"image":{"@id":"https:\/\/www.miomiorun.com\/de\/#\/schema\/logo\/image\/"},"sameAs":["https:\/\/www.facebook.com\/miomiorun\/","https:\/\/www.instagram.com\/miomiorun\/"]}]}},"_links":{"self":[{"href":"https:\/\/www.miomiorun.com\/de\/wp-json\/wp\/v2\/product\/176586","targetHints":{"allow":["GET"]}}],"collection":[{"href":"https:\/\/www.miomiorun.com\/de\/wp-json\/wp\/v2\/product"}],"about":[{"href":"https:\/\/www.miomiorun.com\/de\/wp-json\/wp\/v2\/types\/product"}],"wp:featuredmedia":[{"embeddable":true,"href":"https:\/\/www.miomiorun.com\/de\/wp-json\/wp\/v2\/media\/56053"}],"wp:attachment":[{"href":"https:\/\/www.miomiorun.com\/de\/wp-json\/wp\/v2\/media?parent=176586"}],"wp:term":[{"taxonomy":"product_brand","embeddable":true,"href":"https:\/\/www.miomiorun.com\/de\/wp-json\/wp\/v2\/product_brand?post=176586"},{"taxonomy":"product_cat","embeddable":true,"href":"https:\/\/www.miomiorun.com\/de\/wp-json\/wp\/v2\/product_cat?post=176586"},{"taxonomy":"product_tag","embeddable":true,"href":"https:\/\/www.miomiorun.com\/de\/wp-json\/wp\/v2\/product_tag?post=176586"}],"curies":[{"name":"wp","href":"https:\/\/api.w.org\/{rel}","templated":true}]}}