{"id":176574,"date":"2021-10-02T09:53:43","date_gmt":"2021-10-02T07:53:43","guid":{"rendered":"https:\/\/miomiorun.com\/prodotto\/cep-animal-mid-cut-donna\/"},"modified":"2024-06-29T17:41:58","modified_gmt":"2024-06-29T15:41:58","slug":"animal-mid-cut-damen","status":"publish","type":"product","link":"https:\/\/www.miomiorun.com\/de\/produkt\/animal-mid-cut-damen\/","title":{"rendered":"Animal Mid Cut damen"},"content":{"rendered":"<p>Erreichen Sie Ihre Laufziele mit der Flexibilit\u00e4t einer Katze! Mit der modernen Technologie der Animal Compression Mid Cut Socks f\u00fcr Damen sind Ihre neuen pers\u00f6nlichen Bestleistungen zum Greifen nah. Die aktivierende Wirkung der Kompression verbindet sich mit einer hervorragenden Passform in jeder Situation. Sie k\u00f6nnen ein angenehmes Gef\u00fchl genie\u00dfen und Ihre Leistung verbessern. Die Kompressionssocken bestechen durch das trendige Tiger-Design, das nicht unbemerkt bleibt.<\/p>\n<p><strong>Unerw\u00fcnschte Stopps durch Blasen geh\u00f6ren der Vergangenheit an<\/strong><\/p>\n<p>&nbsp;<\/p>\n<p>Mussten Sie schon einmal wegen Blasen auf das Training verzichten? Mit diesen Kompressionsstr\u00fcmpfen f\u00fcr Damen wird Ihnen das nicht noch einmal passieren. Dank der passgenauen Passform und dem bekannten Materialmix haben sie einen rutschfesten Halt am Fu\u00df. Dies wirkt Blasen entgegen, da diese vor allem durch Reibung entstehen.<\/p>\n<p><strong>Reduziertes Verletzungsrisiko durch Tiefenstimulation<\/strong><\/p>\n<p>Die medi Kompression sorgt f\u00fcr eine Tiefenstimulation und stabilisiert die Gelenke. Gleichzeitig steigert es Ihre Propriozeption bei Bewegung. Deshalb tragen die Animal Compression Mid Cut Socks f\u00fcr Damen zu einem sichereren Training bei: Die Wahrscheinlichkeit von Verstauchungen und Verletzungen wird reduziert.<\/p>\n<p><strong>Genie\u00dfen Sie maximalen Komfort dank zus\u00e4tzlicher Polsterung<\/strong><\/p>\n<p>Kompressionssocken f\u00fcr Damen optimieren die D\u00e4mpfung Ihrer Laufschuhe. Deshalb verf\u00fcgen sie \u00fcber in den Fu\u00dfbereich integrierte Polsterbereiche und sind ph\u00e4nomenal: Sie sch\u00fctzen Ihren Bewegungsapparat und optimieren den Sitz des Fu\u00dfes im Laufschuh.<\/p>\n<p>&nbsp;<\/p>\n","protected":false},"excerpt":{"rendered":"<p>Erreichen Sie Ihre Laufziele mit der Flexibilit\u00e4t einer Katze! Mit der modernen Technologie der Animal Compression Mid Cut Socks f\u00fcr Damen sind Ihre neuen pers\u00f6nlichen Bestleistungen zum Greifen nah. Die aktivierende Wirkung der Kompression verbindet sich mit einer hervorragenden Passform in jeder Situation. Sie k\u00f6nnen ein angenehmes Gef\u00fchl genie\u00dfen und Ihre Leistung verbessern. Die Kompressionssocken &hellip; <a href=\"https:\/\/www.miomiorun.com\/de\/produkt\/animal-mid-cut-damen\/\">Continued<\/a><\/p>\n","protected":false},"featured_media":58518,"template":"","meta":{"_acf_changed":false,"inline_featured_image":false},"product_brand":[],"product_cat":[6400,6401,6402],"product_tag":[3408,6210],"class_list":{"0":"post-176574","1":"product","2":"type-product","3":"status-publish","4":"has-post-thumbnail","6":"product_cat-damen","7":"product_cat-damenbekleidung","8":"product_cat-damensocken-de","9":"product_tag-cep-de","10":"product_tag-cep-damen-de","11":"pa_attivita-gehen","12":"pa_attivita-running-de","13":"pa_colore-animal-mid-cut-w-black-white-de","14":"pa_marca-cep-de","15":"pa_sesso-damen","16":"pa_size-34-37-de","17":"pa_size-37-40-de","19":"first","20":"instock","21":"sale","22":"taxable","23":"shipping-taxable","24":"purchasable","25":"product-type-variable","26":"wvs-archive-product-wrapper"},"acf":[],"yoast_head":"<!-- This site is optimized with the Yoast SEO plugin v26.8 - https:\/\/yoast.com\/product\/yoast-seo-wordpress\/ -->\n<title>Animal Mid Cut damen - Laufsocken - MioMioRun.com<\/title>\n<meta name=\"description\" content=\"Mit der modernen Technologie der Animal Compression Mid Cut Socks f\u00fcr Damen sind Ihre neuen pers\u00f6nlichen Bestleistungen zum Greifen nah.\" \/>\n<meta name=\"robots\" content=\"index, follow, max-snippet:-1, max-image-preview:large, max-video-preview:-1\" \/>\n<link rel=\"canonical\" href=\"https:\/\/www.miomiorun.com\/de\/produkt\/animal-mid-cut-damen\/\" \/>\n<meta property=\"og:locale\" content=\"de_DE\" \/>\n<meta property=\"og:type\" content=\"article\" \/>\n<meta property=\"og:title\" content=\"Animal Mid Cut damen - Laufsocken - MioMioRun.com\" \/>\n<meta property=\"og:description\" content=\"Mit der modernen Technologie der Animal Compression Mid Cut Socks f\u00fcr Damen sind Ihre neuen pers\u00f6nlichen Bestleistungen zum Greifen nah.\" \/>\n<meta property=\"og:url\" content=\"https:\/\/www.miomiorun.com\/de\/produkt\/animal-mid-cut-damen\/\" \/>\n<meta property=\"og:site_name\" content=\"MioMioRun\" \/>\n<meta property=\"article:publisher\" content=\"https:\/\/www.facebook.com\/miomiorun\/\" \/>\n<meta property=\"article:modified_time\" content=\"2024-06-29T15:41:58+00:00\" \/>\n<meta property=\"og:image\" content=\"https:\/\/www.miomiorun.com\/app\/uploads\/2021\/10\/cep-Animal-mid-cut-WP2CBD.jpg\" \/>\n\t<meta property=\"og:image:width\" content=\"600\" \/>\n\t<meta property=\"og:image:height\" content=\"600\" \/>\n\t<meta property=\"og:image:type\" content=\"image\/jpeg\" \/>\n<meta name=\"twitter:card\" content=\"summary_large_image\" \/>\n<meta name=\"twitter:label1\" content=\"Est. reading time\" \/>\n\t<meta name=\"twitter:data1\" content=\"1 minute\" \/>\n<script type=\"application\/ld+json\" class=\"yoast-schema-graph\">{\"@context\":\"https:\/\/schema.org\",\"@graph\":[{\"@type\":\"WebPage\",\"@id\":\"https:\/\/www.miomiorun.com\/de\/produkt\/animal-mid-cut-damen\/\",\"url\":\"https:\/\/www.miomiorun.com\/de\/produkt\/animal-mid-cut-damen\/\",\"name\":\"Animal Mid Cut damen - Laufsocken - MioMioRun.com\",\"isPartOf\":{\"@id\":\"https:\/\/www.miomiorun.com\/de\/#website\"},\"primaryImageOfPage\":{\"@id\":\"https:\/\/www.miomiorun.com\/de\/produkt\/animal-mid-cut-damen\/#primaryimage\"},\"image\":{\"@id\":\"https:\/\/www.miomiorun.com\/de\/produkt\/animal-mid-cut-damen\/#primaryimage\"},\"thumbnailUrl\":\"https:\/\/www.miomiorun.com\/app\/uploads\/2021\/10\/cep-Animal-mid-cut-WP2CBD.jpg\",\"datePublished\":\"2021-10-02T07:53:43+00:00\",\"dateModified\":\"2024-06-29T15:41:58+00:00\",\"description\":\"Mit der modernen Technologie der Animal Compression Mid Cut Socks f\u00fcr Damen sind Ihre neuen pers\u00f6nlichen Bestleistungen zum Greifen nah.\",\"breadcrumb\":{\"@id\":\"https:\/\/www.miomiorun.com\/de\/produkt\/animal-mid-cut-damen\/#breadcrumb\"},\"inLanguage\":\"de-DE\",\"potentialAction\":[{\"@type\":\"ReadAction\",\"target\":[\"https:\/\/www.miomiorun.com\/de\/produkt\/animal-mid-cut-damen\/\"]}]},{\"@type\":\"ImageObject\",\"inLanguage\":\"de-DE\",\"@id\":\"https:\/\/www.miomiorun.com\/de\/produkt\/animal-mid-cut-damen\/#primaryimage\",\"url\":\"https:\/\/www.miomiorun.com\/app\/uploads\/2021\/10\/cep-Animal-mid-cut-WP2CBD.jpg\",\"contentUrl\":\"https:\/\/www.miomiorun.com\/app\/uploads\/2021\/10\/cep-Animal-mid-cut-WP2CBD.jpg\",\"width\":600,\"height\":600,\"caption\":\"cep-Animal-mid-cut-WP2CBD\"},{\"@type\":\"BreadcrumbList\",\"@id\":\"https:\/\/www.miomiorun.com\/de\/produkt\/animal-mid-cut-damen\/#breadcrumb\",\"itemListElement\":[{\"@type\":\"ListItem\",\"position\":1,\"name\":\"Home\",\"item\":\"https:\/\/www.miomiorun.com\/de\/\"},{\"@type\":\"ListItem\",\"position\":2,\"name\":\"Shop\",\"item\":\"https:\/\/www.miomiorun.com\/shop\/\"},{\"@type\":\"ListItem\",\"position\":3,\"name\":\"Animal Mid Cut damen\"}]},{\"@type\":\"WebSite\",\"@id\":\"https:\/\/www.miomiorun.com\/de\/#website\",\"url\":\"https:\/\/www.miomiorun.com\/de\/\",\"name\":\"MioMioRun\",\"description\":\"100% Lauf- und Trailshop\",\"publisher\":{\"@id\":\"https:\/\/www.miomiorun.com\/de\/#organization\"},\"potentialAction\":[{\"@type\":\"SearchAction\",\"target\":{\"@type\":\"EntryPoint\",\"urlTemplate\":\"https:\/\/www.miomiorun.com\/de\/?s={search_term_string}\"},\"query-input\":{\"@type\":\"PropertyValueSpecification\",\"valueRequired\":true,\"valueName\":\"search_term_string\"}}],\"inLanguage\":\"de-DE\"},{\"@type\":\"Organization\",\"@id\":\"https:\/\/www.miomiorun.com\/de\/#organization\",\"name\":\"MioMio Run\",\"url\":\"https:\/\/www.miomiorun.com\/de\/\",\"logo\":{\"@type\":\"ImageObject\",\"inLanguage\":\"de-DE\",\"@id\":\"https:\/\/www.miomiorun.com\/de\/#\/schema\/logo\/image\/\",\"url\":\"https:\/\/www.miomiorun.com\/app\/uploads\/2019\/12\/logomio.png\",\"contentUrl\":\"https:\/\/www.miomiorun.com\/app\/uploads\/2019\/12\/logomio.png\",\"width\":115,\"height\":82,\"caption\":\"MioMio Run\"},\"image\":{\"@id\":\"https:\/\/www.miomiorun.com\/de\/#\/schema\/logo\/image\/\"},\"sameAs\":[\"https:\/\/www.facebook.com\/miomiorun\/\",\"https:\/\/www.instagram.com\/miomiorun\/\"]}]}<\/script>\n<!-- \/ Yoast SEO plugin. -->","yoast_head_json":{"title":"Animal Mid Cut damen - Laufsocken - MioMioRun.com","description":"Mit der modernen Technologie der Animal Compression Mid Cut Socks f\u00fcr Damen sind Ihre neuen pers\u00f6nlichen Bestleistungen zum Greifen nah.","robots":{"index":"index","follow":"follow","max-snippet":"max-snippet:-1","max-image-preview":"max-image-preview:large","max-video-preview":"max-video-preview:-1"},"canonical":"https:\/\/www.miomiorun.com\/de\/produkt\/animal-mid-cut-damen\/","og_locale":"de_DE","og_type":"article","og_title":"Animal Mid Cut damen - Laufsocken - MioMioRun.com","og_description":"Mit der modernen Technologie der Animal Compression Mid Cut Socks f\u00fcr Damen sind Ihre neuen pers\u00f6nlichen Bestleistungen zum Greifen nah.","og_url":"https:\/\/www.miomiorun.com\/de\/produkt\/animal-mid-cut-damen\/","og_site_name":"MioMioRun","article_publisher":"https:\/\/www.facebook.com\/miomiorun\/","article_modified_time":"2024-06-29T15:41:58+00:00","og_image":[{"width":600,"height":600,"url":"https:\/\/www.miomiorun.com\/app\/uploads\/2021\/10\/cep-Animal-mid-cut-WP2CBD.jpg","type":"image\/jpeg"}],"twitter_card":"summary_large_image","twitter_misc":{"Est. reading time":"1 minute"},"schema":{"@context":"https:\/\/schema.org","@graph":[{"@type":"WebPage","@id":"https:\/\/www.miomiorun.com\/de\/produkt\/animal-mid-cut-damen\/","url":"https:\/\/www.miomiorun.com\/de\/produkt\/animal-mid-cut-damen\/","name":"Animal Mid Cut damen - Laufsocken - MioMioRun.com","isPartOf":{"@id":"https:\/\/www.miomiorun.com\/de\/#website"},"primaryImageOfPage":{"@id":"https:\/\/www.miomiorun.com\/de\/produkt\/animal-mid-cut-damen\/#primaryimage"},"image":{"@id":"https:\/\/www.miomiorun.com\/de\/produkt\/animal-mid-cut-damen\/#primaryimage"},"thumbnailUrl":"https:\/\/www.miomiorun.com\/app\/uploads\/2021\/10\/cep-Animal-mid-cut-WP2CBD.jpg","datePublished":"2021-10-02T07:53:43+00:00","dateModified":"2024-06-29T15:41:58+00:00","description":"Mit der modernen Technologie der Animal Compression Mid Cut Socks f\u00fcr Damen sind Ihre neuen pers\u00f6nlichen Bestleistungen zum Greifen nah.","breadcrumb":{"@id":"https:\/\/www.miomiorun.com\/de\/produkt\/animal-mid-cut-damen\/#breadcrumb"},"inLanguage":"de-DE","potentialAction":[{"@type":"ReadAction","target":["https:\/\/www.miomiorun.com\/de\/produkt\/animal-mid-cut-damen\/"]}]},{"@type":"ImageObject","inLanguage":"de-DE","@id":"https:\/\/www.miomiorun.com\/de\/produkt\/animal-mid-cut-damen\/#primaryimage","url":"https:\/\/www.miomiorun.com\/app\/uploads\/2021\/10\/cep-Animal-mid-cut-WP2CBD.jpg","contentUrl":"https:\/\/www.miomiorun.com\/app\/uploads\/2021\/10\/cep-Animal-mid-cut-WP2CBD.jpg","width":600,"height":600,"caption":"cep-Animal-mid-cut-WP2CBD"},{"@type":"BreadcrumbList","@id":"https:\/\/www.miomiorun.com\/de\/produkt\/animal-mid-cut-damen\/#breadcrumb","itemListElement":[{"@type":"ListItem","position":1,"name":"Home","item":"https:\/\/www.miomiorun.com\/de\/"},{"@type":"ListItem","position":2,"name":"Shop","item":"https:\/\/www.miomiorun.com\/shop\/"},{"@type":"ListItem","position":3,"name":"Animal Mid Cut damen"}]},{"@type":"WebSite","@id":"https:\/\/www.miomiorun.com\/de\/#website","url":"https:\/\/www.miomiorun.com\/de\/","name":"MioMioRun","description":"100% Lauf- und Trailshop","publisher":{"@id":"https:\/\/www.miomiorun.com\/de\/#organization"},"potentialAction":[{"@type":"SearchAction","target":{"@type":"EntryPoint","urlTemplate":"https:\/\/www.miomiorun.com\/de\/?s={search_term_string}"},"query-input":{"@type":"PropertyValueSpecification","valueRequired":true,"valueName":"search_term_string"}}],"inLanguage":"de-DE"},{"@type":"Organization","@id":"https:\/\/www.miomiorun.com\/de\/#organization","name":"MioMio Run","url":"https:\/\/www.miomiorun.com\/de\/","logo":{"@type":"ImageObject","inLanguage":"de-DE","@id":"https:\/\/www.miomiorun.com\/de\/#\/schema\/logo\/image\/","url":"https:\/\/www.miomiorun.com\/app\/uploads\/2019\/12\/logomio.png","contentUrl":"https:\/\/www.miomiorun.com\/app\/uploads\/2019\/12\/logomio.png","width":115,"height":82,"caption":"MioMio Run"},"image":{"@id":"https:\/\/www.miomiorun.com\/de\/#\/schema\/logo\/image\/"},"sameAs":["https:\/\/www.facebook.com\/miomiorun\/","https:\/\/www.instagram.com\/miomiorun\/"]}]}},"_links":{"self":[{"href":"https:\/\/www.miomiorun.com\/de\/wp-json\/wp\/v2\/product\/176574","targetHints":{"allow":["GET"]}}],"collection":[{"href":"https:\/\/www.miomiorun.com\/de\/wp-json\/wp\/v2\/product"}],"about":[{"href":"https:\/\/www.miomiorun.com\/de\/wp-json\/wp\/v2\/types\/product"}],"wp:featuredmedia":[{"embeddable":true,"href":"https:\/\/www.miomiorun.com\/de\/wp-json\/wp\/v2\/media\/58518"}],"wp:attachment":[{"href":"https:\/\/www.miomiorun.com\/de\/wp-json\/wp\/v2\/media?parent=176574"}],"wp:term":[{"taxonomy":"product_brand","embeddable":true,"href":"https:\/\/www.miomiorun.com\/de\/wp-json\/wp\/v2\/product_brand?post=176574"},{"taxonomy":"product_cat","embeddable":true,"href":"https:\/\/www.miomiorun.com\/de\/wp-json\/wp\/v2\/product_cat?post=176574"},{"taxonomy":"product_tag","embeddable":true,"href":"https:\/\/www.miomiorun.com\/de\/wp-json\/wp\/v2\/product_tag?post=176574"}],"curies":[{"name":"wp","href":"https:\/\/api.w.org\/{rel}","templated":true}]}}