{"id":176572,"date":"2021-10-04T17:02:36","date_gmt":"2021-10-04T15:02:36","guid":{"rendered":"https:\/\/miomiorun.com\/prodotto\/cep-hiking-light-merino-mid-cut-donna\/"},"modified":"2026-05-08T21:11:19","modified_gmt":"2026-05-08T19:11:19","slug":"hiking-light-merino-mid-cut-damen","status":"publish","type":"product","link":"https:\/\/www.miomiorun.com\/de\/produkt\/hiking-light-merino-mid-cut-damen\/","title":{"rendered":"Hiking Light Merino Mid Cut damen"},"content":{"rendered":"<p>Genie\u00dfen Sie Ihre Sommerwanderungen mit den Hiking Light Merino Mid Cut Socken von CEP Sportswear! Die mittlere L\u00e4nge ist ideal f\u00fcr warme Temperaturen und bietet Ihnen zahlreiche Vorteile mit anregender Wirkung. Hervorragender Tragekomfort, den man sp\u00fcrt, aber nicht sieht: Die leichten Damen-Trekkingsocken \u00fcberzeugen durch hochwertige Materialien und eine optimierte Passform.<\/p>\n<p><strong>Trekking mit Motivation \u2013 die perfekte Kombination aus Merinowolle und aktiver Kompression<\/strong><\/p>\n<p>Merinowolle ist die perfekte Funktionskomponente f\u00fcr d\u00fcnne Damen-Trekkingsocken: Das nat\u00fcrliche Material spendet Frische und nimmt viel Feuchtigkeit auf, sodass Ihre F\u00fc\u00dfe sp\u00fcrbar trockener bleiben. In Kombination mit der guten Passform werden Scheuerstellen und die Gefahr von Blasenbildung reduziert. Die Hiking Light Merino Mid Cut Socken stellen die perfekte Basis f\u00fcr trockene, fitte und wohltemperierte F\u00fc\u00dfe dar.<\/p>\n<p><strong>Mehr Trittsicherheit durch die Innovation der Mid-Compression<\/strong><\/p>\n<p>Durch die Kompression werden Ihre Muskeln aktiviert und Ihre Gelenke stabilisiert. In diesem Fall erfolgt die Stabilisierung durch eine bessere Propriozeption der Kn\u00f6chel, was wiederum zu einer h\u00f6heren Trittsicherheit f\u00fchrt, was insbesondere in anspruchsvollem Gel\u00e4nde n\u00fctzlich ist.<\/p>\n<p><strong>Anatomische Fu\u00dfpolsterung f\u00fcr mehr Komfort<\/strong><\/p>\n<p>Diese d\u00fcnnen Wandersocken f\u00fcr Damen verf\u00fcgen \u00fcber eine integrierte Polsterung an strategischen Stellen. Einerseits sorgen sie f\u00fcr eine ausreichende D\u00e4mpfung, andererseits sorgen sie f\u00fcr eine bessere Passform der Stiefel und geben genau an den richtigen Stellen Halt.<\/p>\n<p>Gehen Sie bei Ihrer n\u00e4chsten Wanderung keine Kompromisse ein: Entscheiden Sie sich f\u00fcr den hervorragenden Komfort der Hiking Light Merino Mid Cut Socken f\u00fcr Damen!<\/p>\n<p>&nbsp;<\/p>\n","protected":false},"excerpt":{"rendered":"<p>Genie\u00dfen Sie Ihre Sommerwanderungen mit den Hiking Light Merino Mid Cut Socken von CEP Sportswear! Die mittlere L\u00e4nge ist ideal f\u00fcr warme Temperaturen und bietet Ihnen zahlreiche Vorteile mit anregender Wirkung. Hervorragender Tragekomfort, den man sp\u00fcrt, aber nicht sieht: Die leichten Damen-Trekkingsocken \u00fcberzeugen durch hochwertige Materialien und eine optimierte Passform. Trekking mit Motivation \u2013 die &hellip; <a href=\"https:\/\/www.miomiorun.com\/de\/produkt\/hiking-light-merino-mid-cut-damen\/\">Continued<\/a><\/p>\n","protected":false},"featured_media":58572,"template":"","meta":{"_acf_changed":false,"inline_featured_image":false},"product_brand":[],"product_cat":[6401,6402],"product_tag":[3408,6210],"class_list":{"0":"post-176572","1":"product","2":"type-product","3":"status-publish","4":"has-post-thumbnail","6":"product_cat-damenbekleidung","7":"product_cat-damensocken-de","8":"product_tag-cep-de","9":"product_tag-cep-damen-de","10":"pa_attivita-gehen","11":"pa_attivita-outdoor-de","12":"pa_colore-outd-light-mer-midcut-w-berry-grey-de","13":"pa_colore-outd-light-mer-midcut-w-stone-grey-de","14":"pa_marca-cep-de","15":"pa_sesso-damen","16":"pa_size-34-37-de","17":"pa_size-37-40-de","18":"pa_size-40-43-de","20":"first","21":"instock","22":"sale","23":"taxable","24":"shipping-taxable","25":"purchasable","26":"product-type-variable","27":"wvs-archive-product-wrapper"},"acf":[],"yoast_head":"<!-- This site is optimized with the Yoast SEO plugin v26.8 - https:\/\/yoast.com\/product\/yoast-seo-wordpress\/ -->\n<title>Cep Hiking Light Merino Mid Cut damen -Laufsocken- MioMioRun<\/title>\n<meta name=\"description\" content=\"Wandersocken aus leichter Merinowolle mit mittlerem Schnitt. Hervorragender sp\u00fcrbarer Komfort, leichte, hochwertige Materialien und eine optimierte Passform.\" \/>\n<meta name=\"robots\" content=\"index, follow, max-snippet:-1, max-image-preview:large, max-video-preview:-1\" \/>\n<link rel=\"canonical\" href=\"https:\/\/www.miomiorun.com\/de\/produkt\/hiking-light-merino-mid-cut-damen\/\" \/>\n<meta property=\"og:locale\" content=\"de_DE\" \/>\n<meta property=\"og:type\" content=\"article\" \/>\n<meta property=\"og:title\" content=\"Cep Hiking Light Merino Mid Cut damen -Laufsocken- MioMioRun\" \/>\n<meta property=\"og:description\" content=\"Wandersocken aus leichter Merinowolle mit mittlerem Schnitt. Hervorragender sp\u00fcrbarer Komfort, leichte, hochwertige Materialien und eine optimierte Passform.\" \/>\n<meta property=\"og:url\" content=\"https:\/\/www.miomiorun.com\/de\/produkt\/hiking-light-merino-mid-cut-damen\/\" \/>\n<meta property=\"og:site_name\" content=\"MioMioRun\" \/>\n<meta property=\"article:publisher\" content=\"https:\/\/www.facebook.com\/miomiorun\/\" \/>\n<meta property=\"article:modified_time\" content=\"2026-05-08T19:11:19+00:00\" \/>\n<meta property=\"og:image\" content=\"https:\/\/www.miomiorun.com\/app\/uploads\/2021\/10\/cep-outd-light-mer-midcut-WP2CA5.jpg\" \/>\n\t<meta property=\"og:image:width\" content=\"600\" \/>\n\t<meta property=\"og:image:height\" content=\"600\" \/>\n\t<meta property=\"og:image:type\" content=\"image\/jpeg\" \/>\n<meta name=\"twitter:card\" content=\"summary_large_image\" \/>\n<meta name=\"twitter:label1\" content=\"Est. reading time\" \/>\n\t<meta name=\"twitter:data1\" content=\"1 minute\" \/>\n<script type=\"application\/ld+json\" class=\"yoast-schema-graph\">{\"@context\":\"https:\/\/schema.org\",\"@graph\":[{\"@type\":\"WebPage\",\"@id\":\"https:\/\/www.miomiorun.com\/de\/produkt\/hiking-light-merino-mid-cut-damen\/\",\"url\":\"https:\/\/www.miomiorun.com\/de\/produkt\/hiking-light-merino-mid-cut-damen\/\",\"name\":\"Cep Hiking Light Merino Mid Cut damen -Laufsocken- MioMioRun\",\"isPartOf\":{\"@id\":\"https:\/\/www.miomiorun.com\/de\/#website\"},\"primaryImageOfPage\":{\"@id\":\"https:\/\/www.miomiorun.com\/de\/produkt\/hiking-light-merino-mid-cut-damen\/#primaryimage\"},\"image\":{\"@id\":\"https:\/\/www.miomiorun.com\/de\/produkt\/hiking-light-merino-mid-cut-damen\/#primaryimage\"},\"thumbnailUrl\":\"https:\/\/www.miomiorun.com\/app\/uploads\/2021\/10\/cep-outd-light-mer-midcut-WP2CA5.jpg\",\"datePublished\":\"2021-10-04T15:02:36+00:00\",\"dateModified\":\"2026-05-08T19:11:19+00:00\",\"description\":\"Wandersocken aus leichter Merinowolle mit mittlerem Schnitt. Hervorragender sp\u00fcrbarer Komfort, leichte, hochwertige Materialien und eine optimierte Passform.\",\"breadcrumb\":{\"@id\":\"https:\/\/www.miomiorun.com\/de\/produkt\/hiking-light-merino-mid-cut-damen\/#breadcrumb\"},\"inLanguage\":\"de-DE\",\"potentialAction\":[{\"@type\":\"ReadAction\",\"target\":[\"https:\/\/www.miomiorun.com\/de\/produkt\/hiking-light-merino-mid-cut-damen\/\"]}]},{\"@type\":\"ImageObject\",\"inLanguage\":\"de-DE\",\"@id\":\"https:\/\/www.miomiorun.com\/de\/produkt\/hiking-light-merino-mid-cut-damen\/#primaryimage\",\"url\":\"https:\/\/www.miomiorun.com\/app\/uploads\/2021\/10\/cep-outd-light-mer-midcut-WP2CA5.jpg\",\"contentUrl\":\"https:\/\/www.miomiorun.com\/app\/uploads\/2021\/10\/cep-outd-light-mer-midcut-WP2CA5.jpg\",\"width\":600,\"height\":600,\"caption\":\"cep-outd-light-mer-midcut-WP2CA5\"},{\"@type\":\"BreadcrumbList\",\"@id\":\"https:\/\/www.miomiorun.com\/de\/produkt\/hiking-light-merino-mid-cut-damen\/#breadcrumb\",\"itemListElement\":[{\"@type\":\"ListItem\",\"position\":1,\"name\":\"Home\",\"item\":\"https:\/\/www.miomiorun.com\/de\/\"},{\"@type\":\"ListItem\",\"position\":2,\"name\":\"Shop\",\"item\":\"https:\/\/www.miomiorun.com\/shop\/\"},{\"@type\":\"ListItem\",\"position\":3,\"name\":\"Hiking Light Merino Mid Cut damen\"}]},{\"@type\":\"WebSite\",\"@id\":\"https:\/\/www.miomiorun.com\/de\/#website\",\"url\":\"https:\/\/www.miomiorun.com\/de\/\",\"name\":\"MioMioRun\",\"description\":\"100% Lauf- und Trailshop\",\"publisher\":{\"@id\":\"https:\/\/www.miomiorun.com\/de\/#organization\"},\"potentialAction\":[{\"@type\":\"SearchAction\",\"target\":{\"@type\":\"EntryPoint\",\"urlTemplate\":\"https:\/\/www.miomiorun.com\/de\/?s={search_term_string}\"},\"query-input\":{\"@type\":\"PropertyValueSpecification\",\"valueRequired\":true,\"valueName\":\"search_term_string\"}}],\"inLanguage\":\"de-DE\"},{\"@type\":\"Organization\",\"@id\":\"https:\/\/www.miomiorun.com\/de\/#organization\",\"name\":\"MioMio Run\",\"url\":\"https:\/\/www.miomiorun.com\/de\/\",\"logo\":{\"@type\":\"ImageObject\",\"inLanguage\":\"de-DE\",\"@id\":\"https:\/\/www.miomiorun.com\/de\/#\/schema\/logo\/image\/\",\"url\":\"https:\/\/www.miomiorun.com\/app\/uploads\/2019\/12\/logomio.png\",\"contentUrl\":\"https:\/\/www.miomiorun.com\/app\/uploads\/2019\/12\/logomio.png\",\"width\":115,\"height\":82,\"caption\":\"MioMio Run\"},\"image\":{\"@id\":\"https:\/\/www.miomiorun.com\/de\/#\/schema\/logo\/image\/\"},\"sameAs\":[\"https:\/\/www.facebook.com\/miomiorun\/\",\"https:\/\/www.instagram.com\/miomiorun\/\"]}]}<\/script>\n<!-- \/ Yoast SEO plugin. -->","yoast_head_json":{"title":"Cep Hiking Light Merino Mid Cut damen -Laufsocken- MioMioRun","description":"Wandersocken aus leichter Merinowolle mit mittlerem Schnitt. Hervorragender sp\u00fcrbarer Komfort, leichte, hochwertige Materialien und eine optimierte Passform.","robots":{"index":"index","follow":"follow","max-snippet":"max-snippet:-1","max-image-preview":"max-image-preview:large","max-video-preview":"max-video-preview:-1"},"canonical":"https:\/\/www.miomiorun.com\/de\/produkt\/hiking-light-merino-mid-cut-damen\/","og_locale":"de_DE","og_type":"article","og_title":"Cep Hiking Light Merino Mid Cut damen -Laufsocken- MioMioRun","og_description":"Wandersocken aus leichter Merinowolle mit mittlerem Schnitt. Hervorragender sp\u00fcrbarer Komfort, leichte, hochwertige Materialien und eine optimierte Passform.","og_url":"https:\/\/www.miomiorun.com\/de\/produkt\/hiking-light-merino-mid-cut-damen\/","og_site_name":"MioMioRun","article_publisher":"https:\/\/www.facebook.com\/miomiorun\/","article_modified_time":"2026-05-08T19:11:19+00:00","og_image":[{"width":600,"height":600,"url":"https:\/\/www.miomiorun.com\/app\/uploads\/2021\/10\/cep-outd-light-mer-midcut-WP2CA5.jpg","type":"image\/jpeg"}],"twitter_card":"summary_large_image","twitter_misc":{"Est. reading time":"1 minute"},"schema":{"@context":"https:\/\/schema.org","@graph":[{"@type":"WebPage","@id":"https:\/\/www.miomiorun.com\/de\/produkt\/hiking-light-merino-mid-cut-damen\/","url":"https:\/\/www.miomiorun.com\/de\/produkt\/hiking-light-merino-mid-cut-damen\/","name":"Cep Hiking Light Merino Mid Cut damen -Laufsocken- MioMioRun","isPartOf":{"@id":"https:\/\/www.miomiorun.com\/de\/#website"},"primaryImageOfPage":{"@id":"https:\/\/www.miomiorun.com\/de\/produkt\/hiking-light-merino-mid-cut-damen\/#primaryimage"},"image":{"@id":"https:\/\/www.miomiorun.com\/de\/produkt\/hiking-light-merino-mid-cut-damen\/#primaryimage"},"thumbnailUrl":"https:\/\/www.miomiorun.com\/app\/uploads\/2021\/10\/cep-outd-light-mer-midcut-WP2CA5.jpg","datePublished":"2021-10-04T15:02:36+00:00","dateModified":"2026-05-08T19:11:19+00:00","description":"Wandersocken aus leichter Merinowolle mit mittlerem Schnitt. Hervorragender sp\u00fcrbarer Komfort, leichte, hochwertige Materialien und eine optimierte Passform.","breadcrumb":{"@id":"https:\/\/www.miomiorun.com\/de\/produkt\/hiking-light-merino-mid-cut-damen\/#breadcrumb"},"inLanguage":"de-DE","potentialAction":[{"@type":"ReadAction","target":["https:\/\/www.miomiorun.com\/de\/produkt\/hiking-light-merino-mid-cut-damen\/"]}]},{"@type":"ImageObject","inLanguage":"de-DE","@id":"https:\/\/www.miomiorun.com\/de\/produkt\/hiking-light-merino-mid-cut-damen\/#primaryimage","url":"https:\/\/www.miomiorun.com\/app\/uploads\/2021\/10\/cep-outd-light-mer-midcut-WP2CA5.jpg","contentUrl":"https:\/\/www.miomiorun.com\/app\/uploads\/2021\/10\/cep-outd-light-mer-midcut-WP2CA5.jpg","width":600,"height":600,"caption":"cep-outd-light-mer-midcut-WP2CA5"},{"@type":"BreadcrumbList","@id":"https:\/\/www.miomiorun.com\/de\/produkt\/hiking-light-merino-mid-cut-damen\/#breadcrumb","itemListElement":[{"@type":"ListItem","position":1,"name":"Home","item":"https:\/\/www.miomiorun.com\/de\/"},{"@type":"ListItem","position":2,"name":"Shop","item":"https:\/\/www.miomiorun.com\/shop\/"},{"@type":"ListItem","position":3,"name":"Hiking Light Merino Mid Cut damen"}]},{"@type":"WebSite","@id":"https:\/\/www.miomiorun.com\/de\/#website","url":"https:\/\/www.miomiorun.com\/de\/","name":"MioMioRun","description":"100% Lauf- und Trailshop","publisher":{"@id":"https:\/\/www.miomiorun.com\/de\/#organization"},"potentialAction":[{"@type":"SearchAction","target":{"@type":"EntryPoint","urlTemplate":"https:\/\/www.miomiorun.com\/de\/?s={search_term_string}"},"query-input":{"@type":"PropertyValueSpecification","valueRequired":true,"valueName":"search_term_string"}}],"inLanguage":"de-DE"},{"@type":"Organization","@id":"https:\/\/www.miomiorun.com\/de\/#organization","name":"MioMio Run","url":"https:\/\/www.miomiorun.com\/de\/","logo":{"@type":"ImageObject","inLanguage":"de-DE","@id":"https:\/\/www.miomiorun.com\/de\/#\/schema\/logo\/image\/","url":"https:\/\/www.miomiorun.com\/app\/uploads\/2019\/12\/logomio.png","contentUrl":"https:\/\/www.miomiorun.com\/app\/uploads\/2019\/12\/logomio.png","width":115,"height":82,"caption":"MioMio Run"},"image":{"@id":"https:\/\/www.miomiorun.com\/de\/#\/schema\/logo\/image\/"},"sameAs":["https:\/\/www.facebook.com\/miomiorun\/","https:\/\/www.instagram.com\/miomiorun\/"]}]}},"_links":{"self":[{"href":"https:\/\/www.miomiorun.com\/de\/wp-json\/wp\/v2\/product\/176572","targetHints":{"allow":["GET"]}}],"collection":[{"href":"https:\/\/www.miomiorun.com\/de\/wp-json\/wp\/v2\/product"}],"about":[{"href":"https:\/\/www.miomiorun.com\/de\/wp-json\/wp\/v2\/types\/product"}],"wp:featuredmedia":[{"embeddable":true,"href":"https:\/\/www.miomiorun.com\/de\/wp-json\/wp\/v2\/media\/58572"}],"wp:attachment":[{"href":"https:\/\/www.miomiorun.com\/de\/wp-json\/wp\/v2\/media?parent=176572"}],"wp:term":[{"taxonomy":"product_brand","embeddable":true,"href":"https:\/\/www.miomiorun.com\/de\/wp-json\/wp\/v2\/product_brand?post=176572"},{"taxonomy":"product_cat","embeddable":true,"href":"https:\/\/www.miomiorun.com\/de\/wp-json\/wp\/v2\/product_cat?post=176572"},{"taxonomy":"product_tag","embeddable":true,"href":"https:\/\/www.miomiorun.com\/de\/wp-json\/wp\/v2\/product_tag?post=176572"}],"curies":[{"name":"wp","href":"https:\/\/api.w.org\/{rel}","templated":true}]}}