{"id":176570,"date":"2021-10-04T17:17:46","date_gmt":"2021-10-04T15:17:46","guid":{"rendered":"https:\/\/miomiorun.com\/prodotto\/cep-heartbeat-mid-cut-donna\/"},"modified":"2024-06-29T17:52:38","modified_gmt":"2024-06-29T15:52:38","slug":"heartbeat-mid-cut-damen","status":"publish","type":"product","link":"https:\/\/www.miomiorun.com\/de\/produkt\/heartbeat-mid-cut-damen\/","title":{"rendered":"Heartbeat Mid Cut damen"},"content":{"rendered":"<p>Nutzen Sie die Vorteile der Kompression und starten Sie mit dem neuen Design von CEP Sportswear los: Die Heartbeat Mid Cut Socken f\u00fcr Damen schenken Ihnen mehr Energie auf langen Strecken und einen ruhigen Lauf, dank der bekannten medi Kompression! Ihr Herzschlag stimmt mit Ihren Schritten \u00fcberein \u2013 Sie passen sich dem Rhythmus an und erreichen die Euphorie des Laufens mit voller Konzentration. Die kurzen Kompressionssocken f\u00fcr Damen steigern aktiv deine Leistung und bieten dir mehr Stabilit\u00e4t und angenehme D\u00e4mpfung beim Laufen. Sie schaffen somit die idealen Voraussetzungen f\u00fcr ein effektives Training.<\/p>\n<p><strong>Sicheres Laufen dank Gelenkstabilisierung<\/strong><\/p>\n<p>Die Heartbeat Mid Cut Socken stimulieren Ihre Gelenke dank Kompression tiefgreifend. Dadurch wird das Verletzungsrisiko beim Laufen verringert. Das Bewusstsein f\u00fcr die Stellung Ihrer Gelenke verbessert sich und damit auch die Sicherheit Ihres Schrittes. Das Ergebnis: Sie k\u00f6nnen sich voll und ganz auf das Atmen und Laufen konzentrieren und Ihre Leistung ohne Ablenkungen steigern.<\/p>\n<p>&nbsp;<\/p>\n<p><strong>Laufen Sie sorgenfrei und ohne Blasen<\/strong><\/p>\n<p>Die k\u00f6rpernahe, rutschfeste Passform und der innovative Materialmix der Damen-Kompressionsshorts sorgen f\u00fcr ein reibungsfreies Laufgef\u00fchl und verhindern die Bildung von Blasen. Machen Sie sich keine Sorgen \u00fcber unfreiwillige Pausen: Mit den Heartbeat Mid Cut Socks k\u00f6nnen Sie lange Distanzen ohne Unterbrechung bew\u00e4ltigen und das Hochgef\u00fchl des Laufens in vollen Z\u00fcgen genie\u00dfen.<\/p>\n<p><strong>Komfortabel laufen dank smarter Vorteile<\/strong><\/p>\n<p>Asymmetrische Zehen und anatomische Polsterung sind ein weiterer Vorteil der kurzen Kompressionsstr\u00fcmpfe f\u00fcr Damen. Die Polsterung d\u00e4mpft, reduziert anstrengende Muskelvibrationen und erh\u00f6ht den Laufkomfort bei jedem Schritt. Dank der optimalen Passform bleiben die Socken genau dort, wo sie wirken.<\/p>\n<p>Kaufen Sie jetzt die Heartbeat Mid Cut Socken und stellen Sie sich Training und Wettk\u00e4mpfen zielstrebig!<\/p>\n<p><strong>Materialien<\/strong><\/p>\n<p>86 % Polyamid, 14 % Elasthan<\/p>\n<p>&nbsp;<\/p>\n","protected":false},"excerpt":{"rendered":"<p>Nutzen Sie die Vorteile der Kompression und starten Sie mit dem neuen Design von CEP Sportswear los: Die Heartbeat Mid Cut Socken f\u00fcr Damen schenken Ihnen mehr Energie auf langen Strecken und einen ruhigen Lauf, dank der bekannten medi Kompression! Ihr Herzschlag stimmt mit Ihren Schritten \u00fcberein \u2013 Sie passen sich dem Rhythmus an und &hellip; <a href=\"https:\/\/www.miomiorun.com\/de\/produkt\/heartbeat-mid-cut-damen\/\">Continued<\/a><\/p>\n","protected":false},"featured_media":58578,"template":"","meta":{"_acf_changed":false,"inline_featured_image":false},"product_brand":[],"product_cat":[6400,6401,6402],"product_tag":[3408,6210],"class_list":{"0":"post-176570","1":"product","2":"type-product","3":"status-publish","4":"has-post-thumbnail","6":"product_cat-damen","7":"product_cat-damenbekleidung","8":"product_cat-damensocken-de","9":"product_tag-cep-de","10":"product_tag-cep-damen-de","11":"pa_attivita-gehen","12":"pa_attivita-running-de","13":"pa_colore-heartbeat-compr-mid-cut-w-vulcan-de","14":"pa_marca-cep-de","15":"pa_sesso-damen","16":"pa_size-37-40-de","18":"first","19":"instock","20":"sale","21":"taxable","22":"shipping-taxable","23":"purchasable","24":"product-type-variable","25":"wvs-archive-product-wrapper"},"acf":[],"yoast_head":"<!-- This site is optimized with the Yoast SEO plugin v26.8 - https:\/\/yoast.com\/product\/yoast-seo-wordpress\/ -->\n<title>CepHeartbeat Mid Cut damen -Laufsocken - MioMioRun.com<\/title>\n<meta name=\"description\" content=\"Die Heartbeat Mid Cut Socken f\u00fcr Damen sorgen dank der bekannten medi-Kompression f\u00fcr mehr Energie auf langen Distanzen und einen ruhigen Lauf!\" \/>\n<meta name=\"robots\" content=\"index, follow, max-snippet:-1, max-image-preview:large, max-video-preview:-1\" \/>\n<link rel=\"canonical\" href=\"https:\/\/www.miomiorun.com\/de\/produkt\/heartbeat-mid-cut-damen\/\" \/>\n<meta property=\"og:locale\" content=\"de_DE\" \/>\n<meta property=\"og:type\" content=\"article\" \/>\n<meta property=\"og:title\" content=\"CepHeartbeat Mid Cut damen -Laufsocken - MioMioRun.com\" \/>\n<meta property=\"og:description\" content=\"Die Heartbeat Mid Cut Socken f\u00fcr Damen sorgen dank der bekannten medi-Kompression f\u00fcr mehr Energie auf langen Distanzen und einen ruhigen Lauf!\" \/>\n<meta property=\"og:url\" content=\"https:\/\/www.miomiorun.com\/de\/produkt\/heartbeat-mid-cut-damen\/\" \/>\n<meta property=\"og:site_name\" content=\"MioMioRun\" \/>\n<meta property=\"article:publisher\" content=\"https:\/\/www.facebook.com\/miomiorun\/\" \/>\n<meta property=\"article:modified_time\" content=\"2024-06-29T15:52:38+00:00\" \/>\n<meta property=\"og:image\" content=\"https:\/\/www.miomiorun.com\/app\/uploads\/2021\/10\/cep-Heartbeat-mid-cut-WP2CMC.jpg\" \/>\n\t<meta property=\"og:image:width\" content=\"600\" \/>\n\t<meta property=\"og:image:height\" content=\"600\" \/>\n\t<meta property=\"og:image:type\" content=\"image\/jpeg\" \/>\n<meta name=\"twitter:card\" content=\"summary_large_image\" \/>\n<meta name=\"twitter:label1\" content=\"Est. reading time\" \/>\n\t<meta name=\"twitter:data1\" content=\"1 minute\" \/>\n<script type=\"application\/ld+json\" class=\"yoast-schema-graph\">{\"@context\":\"https:\/\/schema.org\",\"@graph\":[{\"@type\":\"WebPage\",\"@id\":\"https:\/\/www.miomiorun.com\/de\/produkt\/heartbeat-mid-cut-damen\/\",\"url\":\"https:\/\/www.miomiorun.com\/de\/produkt\/heartbeat-mid-cut-damen\/\",\"name\":\"CepHeartbeat Mid Cut damen -Laufsocken - MioMioRun.com\",\"isPartOf\":{\"@id\":\"https:\/\/www.miomiorun.com\/de\/#website\"},\"primaryImageOfPage\":{\"@id\":\"https:\/\/www.miomiorun.com\/de\/produkt\/heartbeat-mid-cut-damen\/#primaryimage\"},\"image\":{\"@id\":\"https:\/\/www.miomiorun.com\/de\/produkt\/heartbeat-mid-cut-damen\/#primaryimage\"},\"thumbnailUrl\":\"https:\/\/www.miomiorun.com\/app\/uploads\/2021\/10\/cep-Heartbeat-mid-cut-WP2CMC.jpg\",\"datePublished\":\"2021-10-04T15:17:46+00:00\",\"dateModified\":\"2024-06-29T15:52:38+00:00\",\"description\":\"Die Heartbeat Mid Cut Socken f\u00fcr Damen sorgen dank der bekannten medi-Kompression f\u00fcr mehr Energie auf langen Distanzen und einen ruhigen Lauf!\",\"breadcrumb\":{\"@id\":\"https:\/\/www.miomiorun.com\/de\/produkt\/heartbeat-mid-cut-damen\/#breadcrumb\"},\"inLanguage\":\"de-DE\",\"potentialAction\":[{\"@type\":\"ReadAction\",\"target\":[\"https:\/\/www.miomiorun.com\/de\/produkt\/heartbeat-mid-cut-damen\/\"]}]},{\"@type\":\"ImageObject\",\"inLanguage\":\"de-DE\",\"@id\":\"https:\/\/www.miomiorun.com\/de\/produkt\/heartbeat-mid-cut-damen\/#primaryimage\",\"url\":\"https:\/\/www.miomiorun.com\/app\/uploads\/2021\/10\/cep-Heartbeat-mid-cut-WP2CMC.jpg\",\"contentUrl\":\"https:\/\/www.miomiorun.com\/app\/uploads\/2021\/10\/cep-Heartbeat-mid-cut-WP2CMC.jpg\",\"width\":600,\"height\":600,\"caption\":\"cep-Heartbeat-mid-cut-WP2CMC\"},{\"@type\":\"BreadcrumbList\",\"@id\":\"https:\/\/www.miomiorun.com\/de\/produkt\/heartbeat-mid-cut-damen\/#breadcrumb\",\"itemListElement\":[{\"@type\":\"ListItem\",\"position\":1,\"name\":\"Home\",\"item\":\"https:\/\/www.miomiorun.com\/de\/\"},{\"@type\":\"ListItem\",\"position\":2,\"name\":\"Shop\",\"item\":\"https:\/\/www.miomiorun.com\/shop\/\"},{\"@type\":\"ListItem\",\"position\":3,\"name\":\"Heartbeat Mid Cut damen\"}]},{\"@type\":\"WebSite\",\"@id\":\"https:\/\/www.miomiorun.com\/de\/#website\",\"url\":\"https:\/\/www.miomiorun.com\/de\/\",\"name\":\"MioMioRun\",\"description\":\"100% Lauf- und Trailshop\",\"publisher\":{\"@id\":\"https:\/\/www.miomiorun.com\/de\/#organization\"},\"potentialAction\":[{\"@type\":\"SearchAction\",\"target\":{\"@type\":\"EntryPoint\",\"urlTemplate\":\"https:\/\/www.miomiorun.com\/de\/?s={search_term_string}\"},\"query-input\":{\"@type\":\"PropertyValueSpecification\",\"valueRequired\":true,\"valueName\":\"search_term_string\"}}],\"inLanguage\":\"de-DE\"},{\"@type\":\"Organization\",\"@id\":\"https:\/\/www.miomiorun.com\/de\/#organization\",\"name\":\"MioMio Run\",\"url\":\"https:\/\/www.miomiorun.com\/de\/\",\"logo\":{\"@type\":\"ImageObject\",\"inLanguage\":\"de-DE\",\"@id\":\"https:\/\/www.miomiorun.com\/de\/#\/schema\/logo\/image\/\",\"url\":\"https:\/\/www.miomiorun.com\/app\/uploads\/2019\/12\/logomio.png\",\"contentUrl\":\"https:\/\/www.miomiorun.com\/app\/uploads\/2019\/12\/logomio.png\",\"width\":115,\"height\":82,\"caption\":\"MioMio Run\"},\"image\":{\"@id\":\"https:\/\/www.miomiorun.com\/de\/#\/schema\/logo\/image\/\"},\"sameAs\":[\"https:\/\/www.facebook.com\/miomiorun\/\",\"https:\/\/www.instagram.com\/miomiorun\/\"]}]}<\/script>\n<!-- \/ Yoast SEO plugin. -->","yoast_head_json":{"title":"CepHeartbeat Mid Cut damen -Laufsocken - MioMioRun.com","description":"Die Heartbeat Mid Cut Socken f\u00fcr Damen sorgen dank der bekannten medi-Kompression f\u00fcr mehr Energie auf langen Distanzen und einen ruhigen Lauf!","robots":{"index":"index","follow":"follow","max-snippet":"max-snippet:-1","max-image-preview":"max-image-preview:large","max-video-preview":"max-video-preview:-1"},"canonical":"https:\/\/www.miomiorun.com\/de\/produkt\/heartbeat-mid-cut-damen\/","og_locale":"de_DE","og_type":"article","og_title":"CepHeartbeat Mid Cut damen -Laufsocken - MioMioRun.com","og_description":"Die Heartbeat Mid Cut Socken f\u00fcr Damen sorgen dank der bekannten medi-Kompression f\u00fcr mehr Energie auf langen Distanzen und einen ruhigen Lauf!","og_url":"https:\/\/www.miomiorun.com\/de\/produkt\/heartbeat-mid-cut-damen\/","og_site_name":"MioMioRun","article_publisher":"https:\/\/www.facebook.com\/miomiorun\/","article_modified_time":"2024-06-29T15:52:38+00:00","og_image":[{"width":600,"height":600,"url":"https:\/\/www.miomiorun.com\/app\/uploads\/2021\/10\/cep-Heartbeat-mid-cut-WP2CMC.jpg","type":"image\/jpeg"}],"twitter_card":"summary_large_image","twitter_misc":{"Est. reading time":"1 minute"},"schema":{"@context":"https:\/\/schema.org","@graph":[{"@type":"WebPage","@id":"https:\/\/www.miomiorun.com\/de\/produkt\/heartbeat-mid-cut-damen\/","url":"https:\/\/www.miomiorun.com\/de\/produkt\/heartbeat-mid-cut-damen\/","name":"CepHeartbeat Mid Cut damen -Laufsocken - MioMioRun.com","isPartOf":{"@id":"https:\/\/www.miomiorun.com\/de\/#website"},"primaryImageOfPage":{"@id":"https:\/\/www.miomiorun.com\/de\/produkt\/heartbeat-mid-cut-damen\/#primaryimage"},"image":{"@id":"https:\/\/www.miomiorun.com\/de\/produkt\/heartbeat-mid-cut-damen\/#primaryimage"},"thumbnailUrl":"https:\/\/www.miomiorun.com\/app\/uploads\/2021\/10\/cep-Heartbeat-mid-cut-WP2CMC.jpg","datePublished":"2021-10-04T15:17:46+00:00","dateModified":"2024-06-29T15:52:38+00:00","description":"Die Heartbeat Mid Cut Socken f\u00fcr Damen sorgen dank der bekannten medi-Kompression f\u00fcr mehr Energie auf langen Distanzen und einen ruhigen Lauf!","breadcrumb":{"@id":"https:\/\/www.miomiorun.com\/de\/produkt\/heartbeat-mid-cut-damen\/#breadcrumb"},"inLanguage":"de-DE","potentialAction":[{"@type":"ReadAction","target":["https:\/\/www.miomiorun.com\/de\/produkt\/heartbeat-mid-cut-damen\/"]}]},{"@type":"ImageObject","inLanguage":"de-DE","@id":"https:\/\/www.miomiorun.com\/de\/produkt\/heartbeat-mid-cut-damen\/#primaryimage","url":"https:\/\/www.miomiorun.com\/app\/uploads\/2021\/10\/cep-Heartbeat-mid-cut-WP2CMC.jpg","contentUrl":"https:\/\/www.miomiorun.com\/app\/uploads\/2021\/10\/cep-Heartbeat-mid-cut-WP2CMC.jpg","width":600,"height":600,"caption":"cep-Heartbeat-mid-cut-WP2CMC"},{"@type":"BreadcrumbList","@id":"https:\/\/www.miomiorun.com\/de\/produkt\/heartbeat-mid-cut-damen\/#breadcrumb","itemListElement":[{"@type":"ListItem","position":1,"name":"Home","item":"https:\/\/www.miomiorun.com\/de\/"},{"@type":"ListItem","position":2,"name":"Shop","item":"https:\/\/www.miomiorun.com\/shop\/"},{"@type":"ListItem","position":3,"name":"Heartbeat Mid Cut damen"}]},{"@type":"WebSite","@id":"https:\/\/www.miomiorun.com\/de\/#website","url":"https:\/\/www.miomiorun.com\/de\/","name":"MioMioRun","description":"100% Lauf- und Trailshop","publisher":{"@id":"https:\/\/www.miomiorun.com\/de\/#organization"},"potentialAction":[{"@type":"SearchAction","target":{"@type":"EntryPoint","urlTemplate":"https:\/\/www.miomiorun.com\/de\/?s={search_term_string}"},"query-input":{"@type":"PropertyValueSpecification","valueRequired":true,"valueName":"search_term_string"}}],"inLanguage":"de-DE"},{"@type":"Organization","@id":"https:\/\/www.miomiorun.com\/de\/#organization","name":"MioMio Run","url":"https:\/\/www.miomiorun.com\/de\/","logo":{"@type":"ImageObject","inLanguage":"de-DE","@id":"https:\/\/www.miomiorun.com\/de\/#\/schema\/logo\/image\/","url":"https:\/\/www.miomiorun.com\/app\/uploads\/2019\/12\/logomio.png","contentUrl":"https:\/\/www.miomiorun.com\/app\/uploads\/2019\/12\/logomio.png","width":115,"height":82,"caption":"MioMio Run"},"image":{"@id":"https:\/\/www.miomiorun.com\/de\/#\/schema\/logo\/image\/"},"sameAs":["https:\/\/www.facebook.com\/miomiorun\/","https:\/\/www.instagram.com\/miomiorun\/"]}]}},"_links":{"self":[{"href":"https:\/\/www.miomiorun.com\/de\/wp-json\/wp\/v2\/product\/176570","targetHints":{"allow":["GET"]}}],"collection":[{"href":"https:\/\/www.miomiorun.com\/de\/wp-json\/wp\/v2\/product"}],"about":[{"href":"https:\/\/www.miomiorun.com\/de\/wp-json\/wp\/v2\/types\/product"}],"wp:featuredmedia":[{"embeddable":true,"href":"https:\/\/www.miomiorun.com\/de\/wp-json\/wp\/v2\/media\/58578"}],"wp:attachment":[{"href":"https:\/\/www.miomiorun.com\/de\/wp-json\/wp\/v2\/media?parent=176570"}],"wp:term":[{"taxonomy":"product_brand","embeddable":true,"href":"https:\/\/www.miomiorun.com\/de\/wp-json\/wp\/v2\/product_brand?post=176570"},{"taxonomy":"product_cat","embeddable":true,"href":"https:\/\/www.miomiorun.com\/de\/wp-json\/wp\/v2\/product_cat?post=176570"},{"taxonomy":"product_tag","embeddable":true,"href":"https:\/\/www.miomiorun.com\/de\/wp-json\/wp\/v2\/product_tag?post=176570"}],"curies":[{"name":"wp","href":"https:\/\/api.w.org\/{rel}","templated":true}]}}