{"id":176568,"date":"2021-10-11T18:45:19","date_gmt":"2021-10-11T16:45:19","guid":{"rendered":"https:\/\/miomiorun.com\/prodotto\/cep-reflective-socks-donna\/"},"modified":"2024-06-29T17:54:40","modified_gmt":"2024-06-29T15:54:40","slug":"reflective-socks-damen","status":"publish","type":"product","link":"https:\/\/www.miomiorun.com\/de\/produkt\/reflective-socks-damen\/","title":{"rendered":"Reflective Socks damen"},"content":{"rendered":"<div class=\"tab-description\">\n<p>Laufen Sie, um Ihre neuen pers\u00f6nlichen Bestleistungen zu erreichen, mit 360-Grad-Sicherheit! Die reflektierenden Kompressionssocken von CEP sind sowohl hinsichtlich der Leistung als auch hinsichtlich ihres Designs gut. Zur kompressiven Wirkung kommt ein Pluspunkt f\u00fcr die Sicherheit hinzu: das innovative und reflektierende Garn, einzigartig.<\/p>\n<p><strong>Mehr Sicherheit durch innovative reflektierende Details<\/strong><\/p>\n<p>360-Grad-Sichtbarkeit f\u00fcr kraftvolle Nachtl\u00e4ufe. Das innovative Garnring-Reflexdesign mit SMART REFLECTIVE-Technologie bietet absolute Sicherheit auch bei schlechten Lichtverh\u00e4ltnissen.<\/p>\n<p><strong>Optimierte N\u00e4hrstoffzufuhr f\u00fcr mehr Leistung<\/strong><\/p>\n<p>Waden und F\u00fc\u00dfe sind bei intensivem Training und Wettk\u00e4mpfen hohen Belastungen ausgesetzt. Reflektierende Kompressionssocken bieten die L\u00f6sung: medi compression erh\u00f6ht die Durchblutung und Sauerstoff gelangt schneller in den Muskel, w\u00e4hrend Milchs\u00e4ure ausgeschieden wird. Dar\u00fcber hinaus werden anstrengende Muskelvibrationen reduziert. Das Ergebnis: Ihre Beine genie\u00dfen ein angenehmes Gef\u00fchl und Sie profitieren von mehr Energie f\u00fcr mehr Geschwindigkeit und lange Distanzen.<\/p>\n<p><strong>Verarbeitung zur Reduzierung des Auftretens von Blasen<\/strong><\/p>\n<p>Die k\u00f6rpernahe Passform der Laufsocken sorgt f\u00fcr rutschfesten Halt, w\u00e4hrend der Mix aus Hightech-Materialien die Feuchtigkeit nach au\u00dfen transportiert. Dadurch wird das Auftreten von durch Reibung verursachten Blasen verringert. Dabei kommt es nicht nur auf den Komfort an, auch das Risiko, auf das Training verzichten zu m\u00fcssen, wird verringert.<\/p>\n<p>Profitieren Sie von den Kompressionsvorteilen der reflektierenden Kompressionssocken f\u00fcr Damen und genie\u00dfen Sie mehr Selbstvertrauen bei Ihren Nachtl\u00e4ufen!<\/p>\n<\/div>\n<p>&nbsp;<\/p>\n<p><strong>Produktmerkmale:<\/strong><\/p>\n<ul>\n<li>Das innovative reflektierende Garn mit SMART REFLECTIVE-Technologie sorgt f\u00fcr hervorragende Sichtbarkeit bei schlechten Lichtverh\u00e4ltnissen.<\/li>\n<li>Die medi compression zeichnet sich durch den Feel-Good-Effekt aus, der durch eine bessere N\u00e4hrstoffversorgung Ihrer Muskulatur entsteht.<\/li>\n<li>Dank des bew\u00e4hrten Materialmixes und der k\u00f6rpernahen Passform geh\u00f6ren Blasen der Vergangenheit an.<\/li>\n<\/ul>\n<p><strong>Materialien:<\/strong>83 % Polyamid, 17 % Elasthan<\/p>\n<p>&nbsp;<\/p>\n","protected":false},"excerpt":{"rendered":"<p>Laufen Sie, um Ihre neuen pers\u00f6nlichen Bestleistungen zu erreichen, mit 360-Grad-Sicherheit! Die reflektierenden Kompressionssocken von CEP sind sowohl hinsichtlich der Leistung als auch hinsichtlich ihres Designs gut. Zur kompressiven Wirkung kommt ein Pluspunkt f\u00fcr die Sicherheit hinzu: das innovative und reflektierende Garn, einzigartig. Mehr Sicherheit durch innovative reflektierende Details 360-Grad-Sichtbarkeit f\u00fcr kraftvolle Nachtl\u00e4ufe. Das innovative &hellip; <a href=\"https:\/\/www.miomiorun.com\/de\/produkt\/reflective-socks-damen\/\">Continued<\/a><\/p>\n","protected":false},"featured_media":58816,"template":"","meta":{"_acf_changed":false,"inline_featured_image":false},"product_brand":[],"product_cat":[6400,6401,6402],"product_tag":[3408,6212],"class_list":{"0":"post-176568","1":"product","2":"type-product","3":"status-publish","4":"has-post-thumbnail","6":"product_cat-damen","7":"product_cat-damenbekleidung","8":"product_cat-damensocken-de","9":"product_tag-cep-de","10":"product_tag-cep-herren-de","11":"pa_attivita-gehen","12":"pa_attivita-running-de","13":"pa_circonferenza-polpaccio-24-31-de","14":"pa_circonferenza-polpaccio-32-38-de","15":"pa_circonferenza-polpaccio-39-44-de","16":"pa_colore-reflective-compres-socks-w-rose-de","17":"pa_colore-reflective-socks-w-black-de","18":"pa_marca-cep-de","19":"pa_sesso-damen","21":"first","22":"instock","23":"sale","24":"taxable","25":"shipping-taxable","26":"purchasable","27":"product-type-variable","28":"wvs-archive-product-wrapper"},"acf":[],"yoast_head":"<!-- This site is optimized with the Yoast SEO plugin v26.8 - https:\/\/yoast.com\/product\/yoast-seo-wordpress\/ -->\n<title>Reflective Socks damen - Laufsocken f\u00fcr Herren - MioMioRun .com<\/title>\n<meta name=\"description\" content=\"Die reflektierenden Kompressionssocken von CEP \u00fcberzeugen durch Leistung und Sicherheit mit einem innovativen und reflektierenden Garn\" \/>\n<meta name=\"robots\" content=\"index, follow, max-snippet:-1, max-image-preview:large, max-video-preview:-1\" \/>\n<link rel=\"canonical\" href=\"https:\/\/www.miomiorun.com\/de\/produkt\/reflective-socks-damen\/\" \/>\n<meta property=\"og:locale\" content=\"de_DE\" \/>\n<meta property=\"og:type\" content=\"article\" \/>\n<meta property=\"og:title\" content=\"Reflective Socks damen - Laufsocken f\u00fcr Herren - MioMioRun .com\" \/>\n<meta property=\"og:description\" content=\"Die reflektierenden Kompressionssocken von CEP \u00fcberzeugen durch Leistung und Sicherheit mit einem innovativen und reflektierenden Garn\" \/>\n<meta property=\"og:url\" content=\"https:\/\/www.miomiorun.com\/de\/produkt\/reflective-socks-damen\/\" \/>\n<meta property=\"og:site_name\" content=\"MioMioRun\" \/>\n<meta property=\"article:publisher\" content=\"https:\/\/www.facebook.com\/miomiorun\/\" \/>\n<meta property=\"article:modified_time\" content=\"2024-06-29T15:54:40+00:00\" \/>\n<meta property=\"og:image\" content=\"https:\/\/www.miomiorun.com\/app\/uploads\/2021\/10\/cep-reflective-comp-socks-WP401Z.jpg\" \/>\n\t<meta property=\"og:image:width\" content=\"600\" \/>\n\t<meta property=\"og:image:height\" content=\"600\" \/>\n\t<meta property=\"og:image:type\" content=\"image\/jpeg\" \/>\n<meta name=\"twitter:card\" content=\"summary_large_image\" \/>\n<meta name=\"twitter:label1\" content=\"Est. reading time\" \/>\n\t<meta name=\"twitter:data1\" content=\"1 minute\" \/>\n<script type=\"application\/ld+json\" class=\"yoast-schema-graph\">{\"@context\":\"https:\/\/schema.org\",\"@graph\":[{\"@type\":\"WebPage\",\"@id\":\"https:\/\/www.miomiorun.com\/de\/produkt\/reflective-socks-damen\/\",\"url\":\"https:\/\/www.miomiorun.com\/de\/produkt\/reflective-socks-damen\/\",\"name\":\"Reflective Socks damen - Laufsocken f\u00fcr Herren - MioMioRun .com\",\"isPartOf\":{\"@id\":\"https:\/\/www.miomiorun.com\/de\/#website\"},\"primaryImageOfPage\":{\"@id\":\"https:\/\/www.miomiorun.com\/de\/produkt\/reflective-socks-damen\/#primaryimage\"},\"image\":{\"@id\":\"https:\/\/www.miomiorun.com\/de\/produkt\/reflective-socks-damen\/#primaryimage\"},\"thumbnailUrl\":\"https:\/\/www.miomiorun.com\/app\/uploads\/2021\/10\/cep-reflective-comp-socks-WP401Z.jpg\",\"datePublished\":\"2021-10-11T16:45:19+00:00\",\"dateModified\":\"2024-06-29T15:54:40+00:00\",\"description\":\"Die reflektierenden Kompressionssocken von CEP \u00fcberzeugen durch Leistung und Sicherheit mit einem innovativen und reflektierenden Garn\",\"breadcrumb\":{\"@id\":\"https:\/\/www.miomiorun.com\/de\/produkt\/reflective-socks-damen\/#breadcrumb\"},\"inLanguage\":\"de-DE\",\"potentialAction\":[{\"@type\":\"ReadAction\",\"target\":[\"https:\/\/www.miomiorun.com\/de\/produkt\/reflective-socks-damen\/\"]}]},{\"@type\":\"ImageObject\",\"inLanguage\":\"de-DE\",\"@id\":\"https:\/\/www.miomiorun.com\/de\/produkt\/reflective-socks-damen\/#primaryimage\",\"url\":\"https:\/\/www.miomiorun.com\/app\/uploads\/2021\/10\/cep-reflective-comp-socks-WP401Z.jpg\",\"contentUrl\":\"https:\/\/www.miomiorun.com\/app\/uploads\/2021\/10\/cep-reflective-comp-socks-WP401Z.jpg\",\"width\":600,\"height\":600,\"caption\":\"cep reflective comp socks\"},{\"@type\":\"BreadcrumbList\",\"@id\":\"https:\/\/www.miomiorun.com\/de\/produkt\/reflective-socks-damen\/#breadcrumb\",\"itemListElement\":[{\"@type\":\"ListItem\",\"position\":1,\"name\":\"Home\",\"item\":\"https:\/\/www.miomiorun.com\/de\/\"},{\"@type\":\"ListItem\",\"position\":2,\"name\":\"Shop\",\"item\":\"https:\/\/www.miomiorun.com\/shop\/\"},{\"@type\":\"ListItem\",\"position\":3,\"name\":\"Reflective Socks damen\"}]},{\"@type\":\"WebSite\",\"@id\":\"https:\/\/www.miomiorun.com\/de\/#website\",\"url\":\"https:\/\/www.miomiorun.com\/de\/\",\"name\":\"MioMioRun\",\"description\":\"100% Lauf- und Trailshop\",\"publisher\":{\"@id\":\"https:\/\/www.miomiorun.com\/de\/#organization\"},\"potentialAction\":[{\"@type\":\"SearchAction\",\"target\":{\"@type\":\"EntryPoint\",\"urlTemplate\":\"https:\/\/www.miomiorun.com\/de\/?s={search_term_string}\"},\"query-input\":{\"@type\":\"PropertyValueSpecification\",\"valueRequired\":true,\"valueName\":\"search_term_string\"}}],\"inLanguage\":\"de-DE\"},{\"@type\":\"Organization\",\"@id\":\"https:\/\/www.miomiorun.com\/de\/#organization\",\"name\":\"MioMio Run\",\"url\":\"https:\/\/www.miomiorun.com\/de\/\",\"logo\":{\"@type\":\"ImageObject\",\"inLanguage\":\"de-DE\",\"@id\":\"https:\/\/www.miomiorun.com\/de\/#\/schema\/logo\/image\/\",\"url\":\"https:\/\/www.miomiorun.com\/app\/uploads\/2019\/12\/logomio.png\",\"contentUrl\":\"https:\/\/www.miomiorun.com\/app\/uploads\/2019\/12\/logomio.png\",\"width\":115,\"height\":82,\"caption\":\"MioMio Run\"},\"image\":{\"@id\":\"https:\/\/www.miomiorun.com\/de\/#\/schema\/logo\/image\/\"},\"sameAs\":[\"https:\/\/www.facebook.com\/miomiorun\/\",\"https:\/\/www.instagram.com\/miomiorun\/\"]}]}<\/script>\n<!-- \/ Yoast SEO plugin. -->","yoast_head_json":{"title":"Reflective Socks damen - Laufsocken f\u00fcr Herren - MioMioRun .com","description":"Die reflektierenden Kompressionssocken von CEP \u00fcberzeugen durch Leistung und Sicherheit mit einem innovativen und reflektierenden Garn","robots":{"index":"index","follow":"follow","max-snippet":"max-snippet:-1","max-image-preview":"max-image-preview:large","max-video-preview":"max-video-preview:-1"},"canonical":"https:\/\/www.miomiorun.com\/de\/produkt\/reflective-socks-damen\/","og_locale":"de_DE","og_type":"article","og_title":"Reflective Socks damen - Laufsocken f\u00fcr Herren - MioMioRun .com","og_description":"Die reflektierenden Kompressionssocken von CEP \u00fcberzeugen durch Leistung und Sicherheit mit einem innovativen und reflektierenden Garn","og_url":"https:\/\/www.miomiorun.com\/de\/produkt\/reflective-socks-damen\/","og_site_name":"MioMioRun","article_publisher":"https:\/\/www.facebook.com\/miomiorun\/","article_modified_time":"2024-06-29T15:54:40+00:00","og_image":[{"width":600,"height":600,"url":"https:\/\/www.miomiorun.com\/app\/uploads\/2021\/10\/cep-reflective-comp-socks-WP401Z.jpg","type":"image\/jpeg"}],"twitter_card":"summary_large_image","twitter_misc":{"Est. reading time":"1 minute"},"schema":{"@context":"https:\/\/schema.org","@graph":[{"@type":"WebPage","@id":"https:\/\/www.miomiorun.com\/de\/produkt\/reflective-socks-damen\/","url":"https:\/\/www.miomiorun.com\/de\/produkt\/reflective-socks-damen\/","name":"Reflective Socks damen - Laufsocken f\u00fcr Herren - MioMioRun .com","isPartOf":{"@id":"https:\/\/www.miomiorun.com\/de\/#website"},"primaryImageOfPage":{"@id":"https:\/\/www.miomiorun.com\/de\/produkt\/reflective-socks-damen\/#primaryimage"},"image":{"@id":"https:\/\/www.miomiorun.com\/de\/produkt\/reflective-socks-damen\/#primaryimage"},"thumbnailUrl":"https:\/\/www.miomiorun.com\/app\/uploads\/2021\/10\/cep-reflective-comp-socks-WP401Z.jpg","datePublished":"2021-10-11T16:45:19+00:00","dateModified":"2024-06-29T15:54:40+00:00","description":"Die reflektierenden Kompressionssocken von CEP \u00fcberzeugen durch Leistung und Sicherheit mit einem innovativen und reflektierenden Garn","breadcrumb":{"@id":"https:\/\/www.miomiorun.com\/de\/produkt\/reflective-socks-damen\/#breadcrumb"},"inLanguage":"de-DE","potentialAction":[{"@type":"ReadAction","target":["https:\/\/www.miomiorun.com\/de\/produkt\/reflective-socks-damen\/"]}]},{"@type":"ImageObject","inLanguage":"de-DE","@id":"https:\/\/www.miomiorun.com\/de\/produkt\/reflective-socks-damen\/#primaryimage","url":"https:\/\/www.miomiorun.com\/app\/uploads\/2021\/10\/cep-reflective-comp-socks-WP401Z.jpg","contentUrl":"https:\/\/www.miomiorun.com\/app\/uploads\/2021\/10\/cep-reflective-comp-socks-WP401Z.jpg","width":600,"height":600,"caption":"cep reflective comp socks"},{"@type":"BreadcrumbList","@id":"https:\/\/www.miomiorun.com\/de\/produkt\/reflective-socks-damen\/#breadcrumb","itemListElement":[{"@type":"ListItem","position":1,"name":"Home","item":"https:\/\/www.miomiorun.com\/de\/"},{"@type":"ListItem","position":2,"name":"Shop","item":"https:\/\/www.miomiorun.com\/shop\/"},{"@type":"ListItem","position":3,"name":"Reflective Socks damen"}]},{"@type":"WebSite","@id":"https:\/\/www.miomiorun.com\/de\/#website","url":"https:\/\/www.miomiorun.com\/de\/","name":"MioMioRun","description":"100% Lauf- und Trailshop","publisher":{"@id":"https:\/\/www.miomiorun.com\/de\/#organization"},"potentialAction":[{"@type":"SearchAction","target":{"@type":"EntryPoint","urlTemplate":"https:\/\/www.miomiorun.com\/de\/?s={search_term_string}"},"query-input":{"@type":"PropertyValueSpecification","valueRequired":true,"valueName":"search_term_string"}}],"inLanguage":"de-DE"},{"@type":"Organization","@id":"https:\/\/www.miomiorun.com\/de\/#organization","name":"MioMio Run","url":"https:\/\/www.miomiorun.com\/de\/","logo":{"@type":"ImageObject","inLanguage":"de-DE","@id":"https:\/\/www.miomiorun.com\/de\/#\/schema\/logo\/image\/","url":"https:\/\/www.miomiorun.com\/app\/uploads\/2019\/12\/logomio.png","contentUrl":"https:\/\/www.miomiorun.com\/app\/uploads\/2019\/12\/logomio.png","width":115,"height":82,"caption":"MioMio Run"},"image":{"@id":"https:\/\/www.miomiorun.com\/de\/#\/schema\/logo\/image\/"},"sameAs":["https:\/\/www.facebook.com\/miomiorun\/","https:\/\/www.instagram.com\/miomiorun\/"]}]}},"_links":{"self":[{"href":"https:\/\/www.miomiorun.com\/de\/wp-json\/wp\/v2\/product\/176568","targetHints":{"allow":["GET"]}}],"collection":[{"href":"https:\/\/www.miomiorun.com\/de\/wp-json\/wp\/v2\/product"}],"about":[{"href":"https:\/\/www.miomiorun.com\/de\/wp-json\/wp\/v2\/types\/product"}],"wp:featuredmedia":[{"embeddable":true,"href":"https:\/\/www.miomiorun.com\/de\/wp-json\/wp\/v2\/media\/58816"}],"wp:attachment":[{"href":"https:\/\/www.miomiorun.com\/de\/wp-json\/wp\/v2\/media?parent=176568"}],"wp:term":[{"taxonomy":"product_brand","embeddable":true,"href":"https:\/\/www.miomiorun.com\/de\/wp-json\/wp\/v2\/product_brand?post=176568"},{"taxonomy":"product_cat","embeddable":true,"href":"https:\/\/www.miomiorun.com\/de\/wp-json\/wp\/v2\/product_cat?post=176568"},{"taxonomy":"product_tag","embeddable":true,"href":"https:\/\/www.miomiorun.com\/de\/wp-json\/wp\/v2\/product_tag?post=176568"}],"curies":[{"name":"wp","href":"https:\/\/api.w.org\/{rel}","templated":true}]}}