{"id":176563,"date":"2021-10-13T12:23:07","date_gmt":"2021-10-13T10:23:07","guid":{"rendered":"https:\/\/miomiorun.com\/prodotto\/falke-ru4-short-donna\/"},"modified":"2025-05-01T13:23:17","modified_gmt":"2025-05-01T11:23:17","slug":"ru4-short-damen","status":"publish","type":"product","link":"https:\/\/www.miomiorun.com\/de\/produkt\/ru4-short-damen\/","title":{"rendered":"RU4 Short damen"},"content":{"rendered":"<p><div class=\"vc-row container\"><div class=\"vc-column\"><div class=\"vc-column-text\"><\/p>\n<p>Dank ihrer mittleren Polsterung ist die RU4 Short f\u00fcr Damen unsere vielseitige Kn\u00f6chelsocke und garantiert ausreichenden Schutz bei mittlerer Polsterung und gutem Kontakt zum Schuh. Dar\u00fcber hinaus verhindert die Polsterung die Entstehung von Blasen, da sie Druckstellen reduziert. Der effiziente Feuchtigkeitstransport und die perfekte Passform garantieren angenehme sportliche Momente beim Joggen.<\/p>\n<h3>Eigenschaften:<\/h3>\n<ul>\n<li>Die vielseitige Laufsocke mit mittlerer Polsterung f\u00fcr ausreichenden Schutz und direkte Energie\u00fcbertragung.<\/li>\n<li>Mittlere D\u00e4mpfung und guter Kontakt zum Schuh.<\/li>\n<li>Feuchtigkeitstransport und schnellere Trocknung durch dreischichtigen Aufbau mit Baumwolle.<\/li>\n<li>Schutz vor Blasen durch reduzierende Druckzonen.<\/li>\n<li>Perfekte Passform durch die beidseitige Polsterung und die Formung der Finger.<\/li>\n<\/ul>\n<p>&nbsp;<\/p>\n<p><strong>Information<\/strong><\/p>\n<p>RU4 \u2013 Die vielseitige Laufsocke mit mittlerer Polsterung f\u00fcr ausreichenden Schutz und direkte Energie\u00fcbertragung.<\/p>\n<p>&nbsp;<\/p>\n<p><span class=\"asymetric-images__extra-text | html-teaser\"><br \/>\n<\/span><\/div><\/div><\/div><div class=\"vc-row container\"><div class=\"vc-column\"><div class=\"vc-column-text\"><\/p>\n<div class=\"product-functional-symbols__image-container\"><img decoding=\"async\" class=\"product-functional-symbols__image aligncenter\" src=\"https:\/\/www.falke.com\/it_it\/9dd393d722265eb755772abd698b837041098075\/assets\/base\/staticImages\/functionalsymbols\/icon_feuchtigkeitsregulierend.svg\" \/><\/div>\n<div class=\"product-functional-symbols__name\" style=\"text-align: center;\">Reguliert die Luftfeuchtigkeit<\/div>\n<p><\/div><\/div><div class=\"vc-column\"><div class=\"vc-column-text\"><\/p>\n<p>&nbsp;<\/p>\n<p><img decoding=\"async\" class=\"product-functional-symbols__image aligncenter\" src=\"https:\/\/www.falke.com\/it_it\/c5c163f4c436a6d5cac26cfd6ed02ad465473f2a\/assets\/base\/staticImages\/functionalsymbols\/icon_daempfende-wirkung.svg\" \/><\/p>\n<p style=\"text-align: center;\">D\u00e4mpfungseffekt<\/p>\n<p><\/div><\/div><div class=\"vc-column\"><div class=\"vc-column-text\"><\/p>\n<div class=\"product-functional-symbols__image-container\"><img decoding=\"async\" class=\"product-functional-symbols__image aligncenter\" src=\"https:\/\/www.falke.com\/it_it\/9dd393d722265eb755772abd698b837041098075\/assets\/base\/staticImages\/functionalsymbols\/icon_schnellste_ruecktrocknung.svg\" \/><\/div>\n<div class=\"product-functional-symbols__name\" style=\"text-align: center;\">Schnelleres Trocknen<\/div>\n<p><\/div><\/div><div class=\"vc-column\"><div class=\"vc-column-text\"><\/p>\n<p><strong>Material:<\/strong> 56 % Lyocell, 24 % Polyester, 19 % Polyamid, 1 % Elastan<\/p>\n<p><strong>Oberl\u00e4nge:<\/strong> Kn\u00f6chel<\/p>\n<p><strong>Polsterung:<\/strong> Mittel<\/p>\n<p><strong>Passform:<\/strong> Anatomisch<\/p>\n<p><strong>Sohle:<\/strong> Thermoregulierend<\/p>\n<p><strong>Aussehen:<\/strong> Sportlich<\/p>\n<p>&nbsp;<\/p>\n<p><\/div><\/div><\/div><\/p>\n","protected":false},"excerpt":{"rendered":"","protected":false},"featured_media":59092,"template":"","meta":{"_acf_changed":false,"inline_featured_image":false},"product_brand":[],"product_cat":[6400,6401,6402],"product_tag":[6245,6246],"class_list":{"0":"post-176563","1":"product","2":"type-product","3":"status-publish","4":"has-post-thumbnail","6":"product_cat-damen","7":"product_cat-damenbekleidung","8":"product_cat-damensocken-de","9":"product_tag-falke-de","10":"product_tag-falke-damen-de","11":"pa_attivita-fitness-de","12":"pa_attivita-gehen","13":"pa_attivita-lifestyle-de","14":"pa_attivita-running-de","15":"pa_colore-ru4-endur-short-w-fiji","16":"pa_colore-ru4-short-w-black-orange-de","17":"pa_colore-ru4-short-w-black-pink-de","18":"pa_colore-ru4-short-w-ff-mat-8565-de","19":"pa_colore-ru4-short-w-white-rot-de","20":"pa_colore-ru4-w-short-white-mix-de","21":"pa_colore-ru4-short-w-black-de-2","22":"pa_colore-ru4-short-w-deep-sea-de","23":"pa_colore-ru4-short-w-melange-de","24":"pa_colore-ru4-short-w-mint-de","25":"pa_colore-ru4-short-w-neo-mint-de","26":"pa_colore-ru4-short-w-red-de","27":"pa_colore-ru4-short-w-rose-de","28":"pa_colore-ru4-short-w-yellow-de","29":"pa_marca-falke-de","30":"pa_sesso-damen","31":"pa_size-35-36-de","32":"pa_size-37-38-de","33":"pa_size-39-40-de","34":"pa_size-41-42-de","36":"first","37":"instock","38":"sale","39":"taxable","40":"shipping-taxable","41":"purchasable","42":"product-type-variable","43":"wvs-archive-product-wrapper"},"acf":[],"yoast_head":"<!-- This site is optimized with the Yoast SEO plugin v26.8 - https:\/\/yoast.com\/product\/yoast-seo-wordpress\/ -->\n<title>Falke RU4 Short damen - Laufsocken - MioMioRun.com<\/title>\n<meta name=\"description\" content=\"Dank ihrer mittleren Polsterung ist die RU4 Short f\u00fcr Damen unsere vielseitige Kn\u00f6chelsocke und garantiert ausreichend Schutz.\" \/>\n<meta name=\"robots\" content=\"index, follow, max-snippet:-1, max-image-preview:large, max-video-preview:-1\" \/>\n<link rel=\"canonical\" href=\"https:\/\/www.miomiorun.com\/de\/produkt\/ru4-short-damen\/\" \/>\n<meta property=\"og:locale\" content=\"de_DE\" \/>\n<meta property=\"og:type\" content=\"article\" \/>\n<meta property=\"og:title\" content=\"Falke RU4 Short damen - Laufsocken - MioMioRun.com\" \/>\n<meta property=\"og:description\" content=\"Dank ihrer mittleren Polsterung ist die RU4 Short f\u00fcr Damen unsere vielseitige Kn\u00f6chelsocke und garantiert ausreichend Schutz.\" \/>\n<meta property=\"og:url\" content=\"https:\/\/www.miomiorun.com\/de\/produkt\/ru4-short-damen\/\" \/>\n<meta property=\"og:site_name\" content=\"MioMioRun\" \/>\n<meta property=\"article:publisher\" content=\"https:\/\/www.facebook.com\/miomiorun\/\" \/>\n<meta property=\"article:modified_time\" content=\"2025-05-01T11:23:17+00:00\" \/>\n<meta property=\"og:image\" content=\"https:\/\/www.miomiorun.com\/app\/uploads\/2021\/10\/Falke-RU4-Short-W-16706-8564.jpg\" \/>\n\t<meta property=\"og:image:width\" content=\"600\" \/>\n\t<meta property=\"og:image:height\" content=\"600\" \/>\n\t<meta property=\"og:image:type\" content=\"image\/jpeg\" \/>\n<meta name=\"twitter:card\" content=\"summary_large_image\" \/>\n<meta name=\"twitter:label1\" content=\"Est. reading time\" \/>\n\t<meta name=\"twitter:data1\" content=\"1 minute\" \/>\n<script type=\"application\/ld+json\" class=\"yoast-schema-graph\">{\"@context\":\"https:\/\/schema.org\",\"@graph\":[{\"@type\":\"WebPage\",\"@id\":\"https:\/\/www.miomiorun.com\/de\/produkt\/ru4-short-damen\/\",\"url\":\"https:\/\/www.miomiorun.com\/de\/produkt\/ru4-short-damen\/\",\"name\":\"Falke RU4 Short damen - Laufsocken - MioMioRun.com\",\"isPartOf\":{\"@id\":\"https:\/\/www.miomiorun.com\/de\/#website\"},\"primaryImageOfPage\":{\"@id\":\"https:\/\/www.miomiorun.com\/de\/produkt\/ru4-short-damen\/#primaryimage\"},\"image\":{\"@id\":\"https:\/\/www.miomiorun.com\/de\/produkt\/ru4-short-damen\/#primaryimage\"},\"thumbnailUrl\":\"https:\/\/www.miomiorun.com\/app\/uploads\/2021\/10\/Falke-RU4-Short-W-16706-8564.jpg\",\"datePublished\":\"2021-10-13T10:23:07+00:00\",\"dateModified\":\"2025-05-01T11:23:17+00:00\",\"description\":\"Dank ihrer mittleren Polsterung ist die RU4 Short f\u00fcr Damen unsere vielseitige Kn\u00f6chelsocke und garantiert ausreichend Schutz.\",\"breadcrumb\":{\"@id\":\"https:\/\/www.miomiorun.com\/de\/produkt\/ru4-short-damen\/#breadcrumb\"},\"inLanguage\":\"de-DE\",\"potentialAction\":[{\"@type\":\"ReadAction\",\"target\":[\"https:\/\/www.miomiorun.com\/de\/produkt\/ru4-short-damen\/\"]}]},{\"@type\":\"ImageObject\",\"inLanguage\":\"de-DE\",\"@id\":\"https:\/\/www.miomiorun.com\/de\/produkt\/ru4-short-damen\/#primaryimage\",\"url\":\"https:\/\/www.miomiorun.com\/app\/uploads\/2021\/10\/Falke-RU4-Short-W-16706-8564.jpg\",\"contentUrl\":\"https:\/\/www.miomiorun.com\/app\/uploads\/2021\/10\/Falke-RU4-Short-W-16706-8564.jpg\",\"width\":600,\"height\":600,\"caption\":\"falke ru4 short\"},{\"@type\":\"BreadcrumbList\",\"@id\":\"https:\/\/www.miomiorun.com\/de\/produkt\/ru4-short-damen\/#breadcrumb\",\"itemListElement\":[{\"@type\":\"ListItem\",\"position\":1,\"name\":\"Home\",\"item\":\"https:\/\/www.miomiorun.com\/de\/\"},{\"@type\":\"ListItem\",\"position\":2,\"name\":\"Shop\",\"item\":\"https:\/\/www.miomiorun.com\/shop\/\"},{\"@type\":\"ListItem\",\"position\":3,\"name\":\"RU4 Short damen\"}]},{\"@type\":\"WebSite\",\"@id\":\"https:\/\/www.miomiorun.com\/de\/#website\",\"url\":\"https:\/\/www.miomiorun.com\/de\/\",\"name\":\"MioMioRun\",\"description\":\"100% Lauf- und Trailshop\",\"publisher\":{\"@id\":\"https:\/\/www.miomiorun.com\/de\/#organization\"},\"potentialAction\":[{\"@type\":\"SearchAction\",\"target\":{\"@type\":\"EntryPoint\",\"urlTemplate\":\"https:\/\/www.miomiorun.com\/de\/?s={search_term_string}\"},\"query-input\":{\"@type\":\"PropertyValueSpecification\",\"valueRequired\":true,\"valueName\":\"search_term_string\"}}],\"inLanguage\":\"de-DE\"},{\"@type\":\"Organization\",\"@id\":\"https:\/\/www.miomiorun.com\/de\/#organization\",\"name\":\"MioMio Run\",\"url\":\"https:\/\/www.miomiorun.com\/de\/\",\"logo\":{\"@type\":\"ImageObject\",\"inLanguage\":\"de-DE\",\"@id\":\"https:\/\/www.miomiorun.com\/de\/#\/schema\/logo\/image\/\",\"url\":\"https:\/\/www.miomiorun.com\/app\/uploads\/2019\/12\/logomio.png\",\"contentUrl\":\"https:\/\/www.miomiorun.com\/app\/uploads\/2019\/12\/logomio.png\",\"width\":115,\"height\":82,\"caption\":\"MioMio Run\"},\"image\":{\"@id\":\"https:\/\/www.miomiorun.com\/de\/#\/schema\/logo\/image\/\"},\"sameAs\":[\"https:\/\/www.facebook.com\/miomiorun\/\",\"https:\/\/www.instagram.com\/miomiorun\/\"]}]}<\/script>\n<!-- \/ Yoast SEO plugin. -->","yoast_head_json":{"title":"Falke RU4 Short damen - Laufsocken - MioMioRun.com","description":"Dank ihrer mittleren Polsterung ist die RU4 Short f\u00fcr Damen unsere vielseitige Kn\u00f6chelsocke und garantiert ausreichend Schutz.","robots":{"index":"index","follow":"follow","max-snippet":"max-snippet:-1","max-image-preview":"max-image-preview:large","max-video-preview":"max-video-preview:-1"},"canonical":"https:\/\/www.miomiorun.com\/de\/produkt\/ru4-short-damen\/","og_locale":"de_DE","og_type":"article","og_title":"Falke RU4 Short damen - Laufsocken - MioMioRun.com","og_description":"Dank ihrer mittleren Polsterung ist die RU4 Short f\u00fcr Damen unsere vielseitige Kn\u00f6chelsocke und garantiert ausreichend Schutz.","og_url":"https:\/\/www.miomiorun.com\/de\/produkt\/ru4-short-damen\/","og_site_name":"MioMioRun","article_publisher":"https:\/\/www.facebook.com\/miomiorun\/","article_modified_time":"2025-05-01T11:23:17+00:00","og_image":[{"width":600,"height":600,"url":"https:\/\/www.miomiorun.com\/app\/uploads\/2021\/10\/Falke-RU4-Short-W-16706-8564.jpg","type":"image\/jpeg"}],"twitter_card":"summary_large_image","twitter_misc":{"Est. reading time":"1 minute"},"schema":{"@context":"https:\/\/schema.org","@graph":[{"@type":"WebPage","@id":"https:\/\/www.miomiorun.com\/de\/produkt\/ru4-short-damen\/","url":"https:\/\/www.miomiorun.com\/de\/produkt\/ru4-short-damen\/","name":"Falke RU4 Short damen - Laufsocken - MioMioRun.com","isPartOf":{"@id":"https:\/\/www.miomiorun.com\/de\/#website"},"primaryImageOfPage":{"@id":"https:\/\/www.miomiorun.com\/de\/produkt\/ru4-short-damen\/#primaryimage"},"image":{"@id":"https:\/\/www.miomiorun.com\/de\/produkt\/ru4-short-damen\/#primaryimage"},"thumbnailUrl":"https:\/\/www.miomiorun.com\/app\/uploads\/2021\/10\/Falke-RU4-Short-W-16706-8564.jpg","datePublished":"2021-10-13T10:23:07+00:00","dateModified":"2025-05-01T11:23:17+00:00","description":"Dank ihrer mittleren Polsterung ist die RU4 Short f\u00fcr Damen unsere vielseitige Kn\u00f6chelsocke und garantiert ausreichend Schutz.","breadcrumb":{"@id":"https:\/\/www.miomiorun.com\/de\/produkt\/ru4-short-damen\/#breadcrumb"},"inLanguage":"de-DE","potentialAction":[{"@type":"ReadAction","target":["https:\/\/www.miomiorun.com\/de\/produkt\/ru4-short-damen\/"]}]},{"@type":"ImageObject","inLanguage":"de-DE","@id":"https:\/\/www.miomiorun.com\/de\/produkt\/ru4-short-damen\/#primaryimage","url":"https:\/\/www.miomiorun.com\/app\/uploads\/2021\/10\/Falke-RU4-Short-W-16706-8564.jpg","contentUrl":"https:\/\/www.miomiorun.com\/app\/uploads\/2021\/10\/Falke-RU4-Short-W-16706-8564.jpg","width":600,"height":600,"caption":"falke ru4 short"},{"@type":"BreadcrumbList","@id":"https:\/\/www.miomiorun.com\/de\/produkt\/ru4-short-damen\/#breadcrumb","itemListElement":[{"@type":"ListItem","position":1,"name":"Home","item":"https:\/\/www.miomiorun.com\/de\/"},{"@type":"ListItem","position":2,"name":"Shop","item":"https:\/\/www.miomiorun.com\/shop\/"},{"@type":"ListItem","position":3,"name":"RU4 Short damen"}]},{"@type":"WebSite","@id":"https:\/\/www.miomiorun.com\/de\/#website","url":"https:\/\/www.miomiorun.com\/de\/","name":"MioMioRun","description":"100% Lauf- und Trailshop","publisher":{"@id":"https:\/\/www.miomiorun.com\/de\/#organization"},"potentialAction":[{"@type":"SearchAction","target":{"@type":"EntryPoint","urlTemplate":"https:\/\/www.miomiorun.com\/de\/?s={search_term_string}"},"query-input":{"@type":"PropertyValueSpecification","valueRequired":true,"valueName":"search_term_string"}}],"inLanguage":"de-DE"},{"@type":"Organization","@id":"https:\/\/www.miomiorun.com\/de\/#organization","name":"MioMio Run","url":"https:\/\/www.miomiorun.com\/de\/","logo":{"@type":"ImageObject","inLanguage":"de-DE","@id":"https:\/\/www.miomiorun.com\/de\/#\/schema\/logo\/image\/","url":"https:\/\/www.miomiorun.com\/app\/uploads\/2019\/12\/logomio.png","contentUrl":"https:\/\/www.miomiorun.com\/app\/uploads\/2019\/12\/logomio.png","width":115,"height":82,"caption":"MioMio Run"},"image":{"@id":"https:\/\/www.miomiorun.com\/de\/#\/schema\/logo\/image\/"},"sameAs":["https:\/\/www.facebook.com\/miomiorun\/","https:\/\/www.instagram.com\/miomiorun\/"]}]}},"_links":{"self":[{"href":"https:\/\/www.miomiorun.com\/de\/wp-json\/wp\/v2\/product\/176563","targetHints":{"allow":["GET"]}}],"collection":[{"href":"https:\/\/www.miomiorun.com\/de\/wp-json\/wp\/v2\/product"}],"about":[{"href":"https:\/\/www.miomiorun.com\/de\/wp-json\/wp\/v2\/types\/product"}],"wp:featuredmedia":[{"embeddable":true,"href":"https:\/\/www.miomiorun.com\/de\/wp-json\/wp\/v2\/media\/59092"}],"wp:attachment":[{"href":"https:\/\/www.miomiorun.com\/de\/wp-json\/wp\/v2\/media?parent=176563"}],"wp:term":[{"taxonomy":"product_brand","embeddable":true,"href":"https:\/\/www.miomiorun.com\/de\/wp-json\/wp\/v2\/product_brand?post=176563"},{"taxonomy":"product_cat","embeddable":true,"href":"https:\/\/www.miomiorun.com\/de\/wp-json\/wp\/v2\/product_cat?post=176563"},{"taxonomy":"product_tag","embeddable":true,"href":"https:\/\/www.miomiorun.com\/de\/wp-json\/wp\/v2\/product_tag?post=176563"}],"curies":[{"name":"wp","href":"https:\/\/api.w.org\/{rel}","templated":true}]}}